{"id":6668,"date":"1970-01-01T00:00:00","date_gmt":"1970-01-01T00:00:00","guid":{"rendered":"https:\/\/elfsight.com\/it\/?page_id=6668"},"modified":"2024-11-12T13:15:08","modified_gmt":"2024-11-12T13:15:08","slug":"shopify","status":"publish","type":"page","link":"https:\/\/elfsight.com\/it\/whatsapp-chat-widget\/shopify\/","title":{"rendered":"Whatsapp Chat &#8211; Shopify"},"content":{"rendered":"<div class=\"application-platform-content-item-description application-platform-content-item\" id=\"description\" data-nav-section=\"description\"> <h2>Incorpora la chat di WhatsApp con il widget Elfsight<\/h2> <p>L&#8217;app WhatsApp di Elfsight \u00e8 lo strumento pi\u00f9 semplice per consentire ai visitatori del tuo sito web di inviare un messaggio a te e otterrai la risposta alle loro domande. Rimani a disposizione dei visitatori senza sosta in uno dei messenger pi\u00f9 comodi. Incorpora la chat nel tuo sito e scegli di farla apparire su pagine specifiche o per gruppi selezionati di utenti; impostare i trigger di avvio della chat; scrivi il tuo messaggio di benvenuto unico; scegli le icone e molto altro ancora. Usando la chat di Shopify rimarrai in contatto con i tuoi clienti a qualsiasi ora e ovunque. <\/p> <\/div> <div class=\"application-platform-content-item-features application-platform-content-item\" id=\"features\" data-nav-section=\"features\"> <h2>Caratteristiche principali dell&#8217;app di chat di WhatsApp<\/h2> <p>Abbiamo progettato il nostro WhatsApp per Shopify per soddisfare le esigenze aziendali in modo intuitivo. Per comprendere meglio, visualizza l&#8217;elenco delle funzionalit\u00e0 pi\u00f9 importanti della nostra chat online di Shopify. Lo rendono incredibilmente vantaggioso per il tuo negozio:<\/p> <ul><li>Aggiungi WhatsApp Messenger sul tuo sito per rimanere sempre disponibile per le persone; <\/li><li>Continua a chattare direttamente dal tuo account WhatsApp; <\/li><li>Seleziona uno dei tre tipi di posizione della chat: come bolla mobile, come bolla incorporata e come finestra di chat incorporata; <\/li><li> Seleziona la variante dell&#8217;icona a forma di bolla dalla nostra collezione; <\/li><li>Testo a fumetto modificabile.<\/li><\/ul><p><a href=\"#demo\">La nostra demo ti riveler\u00e0 pi\u00f9 funzionalit\u00e0<\/a><\/p> <\/div> <div class=\"application-platform-content-item-installation application-platform-content-item\" id=\"installation\" data-nav-section=\"installation\"> <h2>Come aggiungere l&#8217;app Live Chat al tuo sito web Shopify<\/h2><div class=\"video-container\"><iframe width=\"720\" Height=\"405\" src=\"https:\/\/www.youtube.com\/embed\/jwkk4sS8hjI\"><\/iframe><\/div><p>Le seguenti azioni sono l&#8217;unica cosa che devi fare per avere successo integrazione. <\/p> <ol><li><b>Utilizza il nostro editor gratuito e inizia a creare la tua app personalizzata. <\/b><br> Determina la disposizione e la funzionalit\u00e0 preferibili dell&#8217;app e applica tutte le modifiche. <\/li> <li><b>Ottieni il codice personale che appare nel riquadro su Elfsight Apps. <\/b><br> Non appena terminata la generazione della tua app personale, copia il codice individuale nel box emerso e salvalo per un utilizzo futuro. <\/li> <li><b>Inizia a utilizzare l&#8217;app sul tuo sito web Shopify. <\/b><br> Inserisci il codice che hai copiato di recente nella tua pagina web e applica i miglioramenti. <\/li> <li><b>Il gioco \u00e8 fatto! L&#8217;incorporamento \u00e8 completamente completato. <\/b><br> Vai alla tua pagina web per vedere come funziona l&#8217;app. <\/li><\/ol><p>Non riesci ancora a prendere una decisione? Oppure hai domande sul nostro WhatsApp per Shopify e sulla sua integrazione? Basta inviare una richiesta al nostro supporto clienti per aiutarti con ogni questione. Altrimenti, puoi leggere un articolo su <a href=\"https:\/\/elfsight.com\/blog\/how-to-add-whatsapp-chat-to-shopify-for-free\/\" target=\"_blank\" rel=\"noopener\">aggiungere la chat di WhatsApp a Shopify<\/a>.<\/p> <\/div><div class=\"faq\" data-component=\"FAQ\"> <div class=\"faq-item\">\r\n\t\t\t\t\t<div class=\"faq-item-question\">\r\n\t\t\t\t\t\t<h3 class=\"faq-item-question-text\">Dove posso pubblicare il widget<\/h3>\r\n\r\n\t\t\t\t\t\t<div class=\"faq-item-question-icon\"><\/div>\r\n\t\t\t\t\t<\/div>\r\n\r\n\t\t\t\t\t<div class=\"faq-item-answer\">\r\n\t\t\t\t\t\t<div class=\"faq-item-answer-text\"> <p>Il widget pu\u00f2 essere incollato su tutte le pagine di il tuo sito web o solo alle pagine che scegli. Puoi anche escludere determinate pagine se le desideri senza la chat dal vivo. <\/p> <\/div>\r\n\t\t\t\t\t<\/div>\r\n\t\t\t\t<\/div> <div class=\"faq-item\">\r\n\t\t\t\t\t<div class=\"faq-item-question\">\r\n\t\t\t\t\t\t<h3 class=\"faq-item-question-text\">Quali vantaggi mi dar\u00e0 per i clienti?<\/h3>\r\n\r\n\t\t\t\t\t\t<div class=\"faq-item-question-icon\"><\/div>\r\n\t\t\t\t\t<\/div>\r\n\r\n\t\t\t\t\t<div class=\"faq-item-answer\">\r\n\t\t\t\t\t\t<div class=\"faq-item-answer-text\"> <p>Il widget aiuter\u00e0 pi\u00f9 clienti a indirizzarti con le loro domande, richieste o problemi. Ci\u00f2 pu\u00f2 contribuire ad aumentare il numero di lead e acquisti. Inoltre, la risposta rapida e l&#8217;approccio personale aumenteranno il livello del tuo supporto clienti. <\/p> <\/div>\r\n\t\t\t\t\t<\/div>\r\n\t\t\t\t<\/div> <div class=\"faq-item\">\r\n\t\t\t\t\t<div class=\"faq-item-question\">\r\n\t\t\t\t\t\t<h3 class=\"faq-item-question-text\">In che modo il widget pu\u00f2 influenzare le tariffe del mio sito web?<\/h3>\r\n\r\n\t\t\t\t\t\t<div class=\"faq-item-question-icon\"><\/div>\r\n\t\t\t\t\t<\/div>\r\n\r\n\t\t\t\t\t<div class=\"faq-item-answer\">\r\n\t\t\t\t\t\t<div class=\"faq-item-answer-text\"> <p>Se scegli di aggiungere un pulsante WhatsApp al tuo sito web Shopify, questa azione pu\u00f2 migliorare le prestazioni del tuo sito web in breve tempo tempo. La nostra integrazione Shopify WhatsApp \u00e8 l\u00ec per apportare cambiamenti positivi al tuo lavoro con il pubblico. Dopo aver aggiunto il pulsante WhatsApp al tuo sito web, potrai scegliere chi lo vedr\u00e0. E utilizzandolo, fornirai facilmente qualsiasi tipo di aiuto ai visitatori del tuo sito web, dall&#8217;assistenza clienti alle conversazioni ordinarie. Con il pulsante chat di WhatsApp sul tuo sito web Shopify, avrai sicuramente l&#8217;opportunit\u00e0 di incrementare immediatamente il tuo business.<\/p> <\/div>\r\n\t\t\t\t\t<\/div>\r\n\t\t\t\t<\/div> <div class=\"faq-item\">\r\n\t\t\t\t\t<div class=\"faq-item-question\">\r\n\t\t\t\t\t\t<h3 class=\"faq-item-question-text\">Quanto \u00e8 difficile personalizzare il widget e adattarlo alle mie esigenze ?<\/h3>\r\n\r\n\t\t\t\t\t\t<div class=\"faq-item-question-icon\"><\/div>\r\n\t\t\t\t\t<\/div>\r\n\r\n\t\t\t\t\t<div class=\"faq-item-answer\">\r\n\t\t\t\t\t\t<div class=\"faq-item-answer-text\"> <p>La nostra app di chat Shopify \u00e8 facile da personalizzare, il che \u00e8 una buona notizia per la tua attivit\u00e0. Ci\u00f2 significa che puoi facilmente creare l&#8217;app adatta a te in termini di stile. Tenendo presente che puoi reinventare completamente l&#8217;aspetto del plugin Shopify WhatsApp, diventer\u00e0 sicuramente una parte inseparabile del design generale del tuo sito web. Tutto ci\u00f2 che ti resta \u00e8 iniziare a costruire il tuo plugin e vedrai come diventer\u00e0 una parte essenziale della tua attivit\u00e0. E tantissime altre opzioni possono aiutarti a adattarlo solo ai tuoi obiettivi di business, senza compromettere le funzionalit\u00e0 di cui non hai effettivamente bisogno.<\/p><\/div>\r\n\t\t\t\t\t<\/div>\r\n\t\t\t\t<\/div><\/div>","protected":false},"excerpt":{"rendered":"","protected":false},"author":9,"featured_media":0,"parent":967,"menu_order":0,"comment_status":"closed","ping_status":"closed","template":"templates\/template-application-platform.php","meta":{"publish_to_discourse":"","publish_post_category":"","wpdc_auto_publish_overridden":"","wpdc_topic_tags":"","wpdc_pin_topic":"","wpdc_pin_until":"","discourse_post_id":"","discourse_permalink":"","wpdc_publishing_response":"","wpdc_publishing_error":"","footnotes":""},"class_list":["post-6668","page","type-page","status-publish","hentry"],"yoast_head":"<!-- This site is optimized with the Yoast SEO plugin v25.3.1 - https:\/\/yoast.com\/wordpress\/plugins\/seo\/ -->\n<title>Shopify Whatsapp Chat - Aggiungi Whatsapp al sito web Shopify [2026]<\/title>\n<meta name=\"description\" content=\"Aggiungi Whatsapp al sito web Shopify gratuitamente. Esplora il miglior widget di chat per una facile integrazione di WhatsApp con Shopify.\" \/>\n<meta name=\"robots\" content=\"index, follow, max-snippet:-1, max-image-preview:large, max-video-preview:-1\" \/>\n<link rel=\"canonical\" href=\"https:\/\/elfsight.com\/it\/whatsapp-chat-widget\/shopify\/\" \/>\n<meta property=\"og:locale\" content=\"it_IT\" \/>\n<meta property=\"og:type\" content=\"article\" \/>\n<meta property=\"og:title\" content=\"Shopify Whatsapp Chat - Aggiungi Whatsapp al sito web Shopify [2026]\" \/>\n<meta property=\"og:description\" content=\"Aggiungi Whatsapp al sito web Shopify gratuitamente. Esplora il miglior widget di chat per una facile integrazione di WhatsApp con Shopify.\" \/>\n<meta property=\"og:url\" content=\"https:\/\/elfsight.com\/it\/whatsapp-chat-widget\/shopify\/\" \/>\n<meta property=\"og:site_name\" content=\"Elfsight IT\" \/>\n<meta property=\"article:modified_time\" content=\"2024-11-12T13:15:08+00:00\" \/>\n<meta name=\"twitter:card\" content=\"summary_large_image\" \/>\n<meta name=\"twitter:label1\" content=\"Tempo di lettura stimato\" \/>\n\t<meta name=\"twitter:data1\" content=\"4 minuti\" \/>\n<!-- \/ Yoast SEO plugin. -->","yoast_head_json":{"title":"Shopify Whatsapp Chat - Aggiungi Whatsapp al sito web Shopify [2026]","description":"Aggiungi Whatsapp al sito web Shopify gratuitamente. Esplora il miglior widget di chat per una facile integrazione di WhatsApp con Shopify.","robots":{"index":"index","follow":"follow","max-snippet":"max-snippet:-1","max-image-preview":"max-image-preview:large","max-video-preview":"max-video-preview:-1"},"canonical":"https:\/\/elfsight.com\/it\/whatsapp-chat-widget\/shopify\/","og_locale":"it_IT","og_type":"article","og_title":"Shopify Whatsapp Chat - Aggiungi Whatsapp al sito web Shopify [2026]","og_description":"Aggiungi Whatsapp al sito web Shopify gratuitamente. Esplora il miglior widget di chat per una facile integrazione di WhatsApp con Shopify.","og_url":"https:\/\/elfsight.com\/it\/whatsapp-chat-widget\/shopify\/","og_site_name":"Elfsight IT","article_modified_time":"2024-11-12T13:15:08+00:00","twitter_card":"summary_large_image","twitter_misc":{"Tempo di lettura stimato":"4 minuti"},"schema":{"@context":"https:\/\/schema.org","@graph":[{"@type":"WebPage","@id":"https:\/\/elfsight.com\/it\/whatsapp-chat-widget\/shopify\/","url":"https:\/\/elfsight.com\/it\/whatsapp-chat-widget\/shopify\/","name":"Shopify Whatsapp Chat - Aggiungi Whatsapp al sito web Shopify [2026]","isPartOf":{"@id":"https:\/\/elfsight.com\/it\/#website"},"datePublished":"1970-01-01T00:00:00+00:00","dateModified":"2024-11-12T13:15:08+00:00","description":"Aggiungi Whatsapp al sito web Shopify gratuitamente. Esplora il miglior widget di chat per una facile integrazione di WhatsApp con Shopify.","breadcrumb":{"@id":"https:\/\/elfsight.com\/it\/whatsapp-chat-widget\/shopify\/#breadcrumb"},"inLanguage":"it-IT","potentialAction":[{"@type":"ReadAction","target":["https:\/\/elfsight.com\/it\/whatsapp-chat-widget\/shopify\/"]}]},{"@type":"BreadcrumbList","@id":"https:\/\/elfsight.com\/it\/whatsapp-chat-widget\/shopify\/#breadcrumb","itemListElement":[{"@type":"ListItem","position":1,"name":"Home","item":"https:\/\/elfsight.com\/it\/"},{"@type":"ListItem","position":2,"name":"WhatsApp Chat","item":"https:\/\/elfsight.com\/it\/whatsapp-chat-widget\/"},{"@type":"ListItem","position":3,"name":"Whatsapp Chat &#8211; Shopify"}]},{"@type":"WebSite","@id":"https:\/\/elfsight.com\/it\/#website","url":"https:\/\/elfsight.com\/it\/","name":"Elfsight IT","description":"Just another Elfsight Sites site","potentialAction":[{"@type":"SearchAction","target":{"@type":"EntryPoint","urlTemplate":"https:\/\/elfsight.com\/it\/?s={search_term_string}"},"query-input":{"@type":"PropertyValueSpecification","valueRequired":true,"valueName":"search_term_string"}}],"inLanguage":"it-IT"}]}},"meta_box":{"industry":"","seo_heading":"","heading":"","description":"","cta_heading":"","cta_description":"","application":"960","h1":"Applicazione di chat dal vivo di Shopify Whatsapp","h1_caption":"Offri agli utenti l'opportunit\u00e0 di contattarti su Whatsapp, garantendo l'interazione pi\u00f9 rapida e conveniente per i visitatori del tuo sito Web nel tuo sito Web Shopify senza sforzo.","application_category":[],"applications_title":"","applications_request_title":"","applications_request_button_text":"","hero_text":"","hero_video":"","hero_video_schema_markup":"","selling_points_title":"","selling_points_caption":"","selling_points":[],"selling_points_cta_text":"","features_title":"","features":"","ed_cta_examples_text":"","ed_cta_examples_hidden":"","ed_cta_demo_text":"","ed_cta_demo_hidden":"","why_caption":"","why_editor_title":"","why_editor_text":"","why_team_title":"","why_team_text":"","why_service_title":"","why_service_text":"","template_catalog_visible":"0","template_catalog_title":"","template_catalog_text":"","template_catalog_categories_visible":"","demo_title":"Crea la tua app di chat Whatsapp","demo_caption":"Configura la tua chat Whatsapp e aggiungila gratuitamente al tuo sito Shopify!","default_faq_hidden":"","app_template_category":[],"platform":"42","template_public_id":"","codecanyon_url":"","codecanyon_item_id":"","codecanyon_price":"","pricing_caption":"","pricing_elfsight_apps_hide_column":"","pricing_elfsight_apps_url":"","pricing_codecanyon_price_caption":"","integration_category":[],"integration_request_title":"","integration_request_cta":"","integration_platform":"","integrations":[],"platform_category":[],"video_schema_markup":"","price":"da $ 0 al mese","trial":"","benefits":[{"text":"Servizio di installazione gratuito"},{"text":"Supporto premium"},{"text":"Garanzia di rimborso di 14 giorni"},{"text":"Aggiornamenti gratuiti continui"}],"button_url":"#demo","button_target_blank":"0","button_nofollow":"0","attributes":[{"name":"Installazioni"},{"name":"Reattivo"},{"name":"Browser compatibili"}],"tags":[],"tags_disable_links":"0","hide_more_platforms":"","video_object":"","demo_hide_cta":"0","demo_hide_cloud_options":"0","pricing_title":"","pricing":[{"pricing_icon":"cloud","pricing_title":"Elfsight Apps","pricing_title_caption":"Versione multipiattaforma che funziona su qualsiasi sito web","pricing_price":"da $ 0 \/ mese","pricing_price_caption":"inizia con il piano gratuito","pricing_benefits":[{"text":"Siti web illimitati"},{"text":"Supporto premium"},{"text":"Servizio di installazione gratuito"},{"text":"Offerta speciale per pi\u00f9 app"}],"pricing_button_text":"Aggiungi al sito web","pricing_button_url":"#demo"}],"related_apps_title":"","related_apps_hidden":"0","author":"","image":[],"title":"","job":"","social_networks":[]},"_links":{"self":[{"href":"https:\/\/elfsight.com\/it\/wp-json\/wp\/v2\/pages\/6668","targetHints":{"allow":["GET"]}}],"collection":[{"href":"https:\/\/elfsight.com\/it\/wp-json\/wp\/v2\/pages"}],"about":[{"href":"https:\/\/elfsight.com\/it\/wp-json\/wp\/v2\/types\/page"}],"author":[{"embeddable":true,"href":"https:\/\/elfsight.com\/it\/wp-json\/wp\/v2\/users\/9"}],"replies":[{"embeddable":true,"href":"https:\/\/elfsight.com\/it\/wp-json\/wp\/v2\/comments?post=6668"}],"version-history":[{"count":3,"href":"https:\/\/elfsight.com\/it\/wp-json\/wp\/v2\/pages\/6668\/revisions"}],"predecessor-version":[{"id":7522,"href":"https:\/\/elfsight.com\/it\/wp-json\/wp\/v2\/pages\/6668\/revisions\/7522"}],"up":[{"embeddable":true,"href":"https:\/\/elfsight.com\/it\/wp-json\/wp\/v2\/pages\/967"}],"wp:attachment":[{"href":"https:\/\/elfsight.com\/it\/wp-json\/wp\/v2\/media?parent=6668"}],"curies":[{"name":"wp","href":"https:\/\/api.w.org\/{rel}","templated":true}]}}