{"id":6667,"date":"1970-01-01T00:00:00","date_gmt":"1970-01-01T00:00:00","guid":{"rendered":"https:\/\/elfsight.com\/it\/?page_id=6667"},"modified":"2025-12-25T12:39:17","modified_gmt":"2025-12-25T12:39:17","slug":"wordpress","status":"publish","type":"page","link":"https:\/\/elfsight.com\/it\/whatsapp-chat-widget\/wordpress\/","title":{"rendered":"Whatsapp Chat &#8211; WordPress"},"content":{"rendered":"\n<div class=\"application-platform-content-item-description application-platform-content-item\" id=\"description\" data-nav-section=\"description\"> <h2>Incorpora la chat di WhatsApp con il widget Elfsight<\/h2> <p>Il plug-in WhatsApp di Elfsight \u00e8 una variante semplice con cui i visitatori del tuo sito web possono rimanere in contatto e riceverai la risposta alle loro domande. Sii disponibile per i clienti nell&#8217;amato messenger senza sosta. Posiziona la chat sulla tua pagina web e selezionala per apparire sulle pagine scelte o per un determinato tipo di visitatori; scegli i trigger di avvio della chat; componi il tuo messaggio di benvenuto personalizzato; scegli le icone e applica altre funzionalit\u00e0 di personalizzazione. Con l&#8217;aiuto di <a href=\"https:\/\/elfsight.com\/blog\/whatsapp-live-chat-plugin-for-wordpress\/\" target=\"_blank\" rel=\"noopener\">Chat WhatsApp per WordPress sul tuo sito web <\/a>, rimarrai in contatto con la tua gente in ogni momento e da qualsiasi luogo. <\/p> <\/div> <div class=\"application-platform-content-item-features application-platform-content-item\" id=\"features\" data-nav-section=\"features\"> <h2> Caratteristiche principali del plug-in chat di WhatsApp<\/h2> <p>Il plug-in WhatsApp di WordPress non \u00e8 solo una soluzione gratuita senza codice. Abbiamo fornito a questo plugin wp funzionalit\u00e0 utili che contribuiscono alla tua esperienza web. Alcuni di essi sono realizzati per migliorare i parametri di progettazione e layout, mentre altri si concentrano sulla facilit\u00e0 d&#8217;uso. Per comprendere meglio il plug-in Whatsapp, ecco l&#8217;elenco delle sue funzionalit\u00e0 pi\u00f9 importanti. Rendono il widget incredibilmente efficiente per il tuo negozio: <\/p> <ul><li>Introduci WhatsApp Messenger nel tuo negozio per connetterti con il pubblico; <\/li><li>Continua a chattare direttamente dalla tua pagina WhatsApp; <\/li><li> Tre opzioni di posizione della chat: come bolla mobile, bolla incorporata e finestra di chat incorporata; <\/li><li>Esplora una raccolta di icone a bolle tra cui scegliere; <\/li><li>Testo fumetto modificabile. <\/li><\/ul><p><a href=\"#demo\">Per scoprire altre funzionalit\u00e0, guarda la nostra demo dal vivo<\/a><\/p> <\/div> <div class=\"application-platform-content-item-installation application-platform-content-item\" id=\"installation\" data-nav-section=\"installation\"> <h2>Come aggiungere il plug-in Whatsapp Chat al tuo sito Web WordPress<\/h2><div class=\"video-container\">\n    <iframe allowfullscreen=\"\" frameborder=\"0\" height=\"405\" src=\"https:\/\/www.youtube.com\/embed\/l58PNuv-0NI?si=_e4Oh6XWu28BqAKk\" width=\"720\"><\/iframe>\n<\/div><p>Il nostro plugin WordPress pu\u00f2 essere facilmente gestito e incorporato da qualsiasi utente. Funziona come un inserto HTML che puoi aggiungere alla pagina desiderata. Segui semplicemente le istruzioni seguenti per integrare il plug-in su WordPress.<\/p> <ol><li><b>Gestisci la nostra demo gratuita e inizia a creare il tuo widget personalizzato. <\/b><br> Trova il layout e i parametri preferibili dello strumento e salva le modifiche. <\/li> <li><b>Ricevi il tuo codice individuale spuntando nella casella sulle app Elfsight. <\/b><br> Inserisci il codice copiato di recente nel tuo sito web e salva le modifiche. <\/li> <li><b>Il gioco \u00e8 fatto! L&#8217;incorporamento \u00e8 stato completamente eseguito. <\/b><br> Visita il tuo sito per verificare come funziona il widget. <\/li><\/ol> <p>Non riesci ancora a prendere una decisione? Oppure hai problemi? Basta una sola richiesta al nostro servizio clienti per risolvere qualsiasi tipo di problema. Inoltre, possiamo consigliarti sui nostri plugin WordPress che possono migliorare le prestazioni del tuo sito web e aiutarti nello sviluppo del business.<\/p> <\/div><div class=\"faq\" data-component=\"FAQ\"><div class=\"faq-item\">\r\n\t\t\t\t\t<div class=\"faq-item-question\">\r\n\t\t\t\t\t\t<h3 class=\"faq-item-question-text\">Come aggiungere il pulsante Chat di WhatsApp a WordPress?<\/h3>\r\n\r\n\t\t\t\t\t\t<div class=\"faq-item-question-icon\"><\/div>\r\n\t\t\t\t\t<\/div>\r\n\r\n\t\t\t\t\t<div class=\"faq-item-answer\">\r\n\t\t\t\t\t\t<div class=\"faq-item-answer-text\"><p>L&#8217;aggiunta di un plugin di chat al sito web richiede alcuni secondi. Inoltre, non \u00e8 necessario avere conoscenze di programmazione web.<\/p><p>Modifica il widget per WordPress nel configuratore gratuito live, copia il codice di installazione e inseriscilo nella posizione richiesta nel backend del sito web.<\/p><p> p&gt;<p>Ecco fatto! L&#8217;installazione del plug-in della chat di WhatsApp su WordPress \u00e8 completata!<\/p><p>Hai problemi con l&#8217;incorporamento del plug-in o la configurazione? Potresti leggere la guida completa <a href=\"https:\/\/elfsight.com\/tutorials\/how-to-add-whatsapp-chat-widget-to-website\/#how-to-add-whatsapp-to-wordpress\">sull&#8217;aggiunta di WhatsApp a WordPress<\/a>. <\/p><\/div>\r\n\t\t\t\t\t<\/div>\r\n\t\t\t\t<\/div><div class=\"faq-item\">\r\n\t\t\t\t\t<div class=\"faq-item-question\">\r\n\t\t\t\t\t\t<h3 class=\"faq-item-question-text\">C'\u00e8 la possibilit\u00e0 di vedere come apparir\u00e0 il widget sul mio sito web?<\/h3>\r\n\r\n\t\t\t\t\t\t<div class=\"faq-item-question-icon\"><\/div>\r\n\t\t\t\t\t<\/div>\r\n\r\n\t\t\t\t\t<div class=\"faq-item-answer\">\r\n\t\t\t\t\t\t<div class=\"faq-item-answer-text\"><p>S\u00ec, c&#8217;\u00e8! Durante la creazione del plug-in di chat di WordPress <a href=\"https:\/\/elfsight.com\/whatsapp-chat-widget\/create\">nel costruttore online<\/a>, prenderai in considerazione tutte le revisioni sulla destra. La tua casella di chat sar\u00e0 esattamente come quella che avrai su un sito WordPress. Quando finisci di creare il tuo plugin WordPress, riceverai un codice che mantiene tutte le impostazioni.<\/p><\/div>\r\n\t\t\t\t\t<\/div>\r\n\t\t\t\t<\/div><div class=\"faq-item\">\r\n\t\t\t\t\t<div class=\"faq-item-question\">\r\n\t\t\t\t\t\t<h3 class=\"faq-item-question-text\">Quali altri widget sono indispensabili per un sito WordPress?<\/h3>\r\n\r\n\t\t\t\t\t\t<div class=\"faq-item-question-icon\"><\/div>\r\n\t\t\t\t\t<\/div>\r\n\r\n\t\t\t\t\t<div class=\"faq-item-answer\">\r\n\t\t\t\t\t\t<div class=\"faq-item-answer-text\"> <p>WordPress fornisce un gran numero di plugin vantaggiosi per qualsiasi tipo di sito web: dai blog agli enormi mercati online. Puoi ottenere ancora pi\u00f9 plugin di grande qualit\u00e0 da Elfsight.<\/p><p>Ad esempio, puoi utilizzare <a href=\"https:\/\/elfsight.com\/telegram-chat-widget\/wordpress\/\" target=\" _blank\" rel=\"noopener\">Chat di Telegram<\/a>, <a href=\"https:\/\/elfsight.com\/facebook-chat-widget\/wordpress\/\" target=\"_blank\" rel=\"noopener\">Chat di Facebook <\/a> o <a href=\"https:\/\/elfsight.com\/viber-chat-widget\/wordpress\/\" target=\"_blank\" rel=\"noopener\">Viber Chat<\/a> per contattare i visitatori del sito web tramite il loro messaggero preferito. Puoi anche aggiungere il dispositivo di scorrimento delle recensioni e delle testimonianze di Google al sito Web per dimostrare le testimonianze pi\u00f9 straordinarie della tua azienda. Per aumentare la diversit\u00e0 dei contenuti del tuo sito web con i video, aggiungi una Galleria YouTube.<\/p><\/div>\r\n\t\t\t\t\t<\/div>\r\n\t\t\t\t<\/div><\/div>\n","protected":false},"excerpt":{"rendered":"","protected":false},"author":9,"featured_media":0,"parent":967,"menu_order":0,"comment_status":"closed","ping_status":"closed","template":"templates\/template-application-platform.php","meta":{"publish_to_discourse":"","publish_post_category":"","wpdc_auto_publish_overridden":"","wpdc_topic_tags":"","wpdc_pin_topic":"","wpdc_pin_until":"","discourse_post_id":"","discourse_permalink":"","wpdc_publishing_response":"","wpdc_publishing_error":"","footnotes":""},"class_list":["post-6667","page","type-page","status-publish","hentry"],"yoast_head":"<!-- This site is optimized with the Yoast SEO plugin v25.3.1 - https:\/\/yoast.com\/wordpress\/plugins\/seo\/ -->\n<title>Plug-in chat Whatsapp per Wordpress - Aggiungi Whatsapp a Wordpress [ 2025 ]<\/title>\n<meta name=\"description\" content=\"Aggiungi il plug-in Whatsapp Chat al sito Web WordPress solo in 2 minuti. Esplora tutte le caratteristiche principali del miglior widget di chat in una demo gratuita.\" \/>\n<meta name=\"robots\" content=\"index, follow, max-snippet:-1, max-image-preview:large, max-video-preview:-1\" \/>\n<link rel=\"canonical\" href=\"https:\/\/elfsight.com\/it\/whatsapp-chat-widget\/wordpress\/\" \/>\n<meta property=\"og:locale\" content=\"it_IT\" \/>\n<meta property=\"og:type\" content=\"article\" \/>\n<meta property=\"og:title\" content=\"Plug-in chat Whatsapp per Wordpress - Aggiungi Whatsapp a Wordpress [ 2025 ]\" \/>\n<meta property=\"og:description\" content=\"Aggiungi il plug-in Whatsapp Chat al sito Web WordPress solo in 2 minuti. Esplora tutte le caratteristiche principali del miglior widget di chat in una demo gratuita.\" \/>\n<meta property=\"og:url\" content=\"https:\/\/elfsight.com\/it\/whatsapp-chat-widget\/wordpress\/\" \/>\n<meta property=\"og:site_name\" content=\"Elfsight IT\" \/>\n<meta property=\"article:modified_time\" content=\"2025-12-25T12:39:17+00:00\" \/>\n<meta name=\"twitter:card\" content=\"summary_large_image\" \/>\n<meta name=\"twitter:label1\" content=\"Tempo di lettura stimato\" \/>\n\t<meta name=\"twitter:data1\" content=\"4 minuti\" \/>\n<!-- \/ Yoast SEO plugin. -->","yoast_head_json":{"title":"Plug-in chat Whatsapp per Wordpress - Aggiungi Whatsapp a Wordpress [ 2025 ]","description":"Aggiungi il plug-in Whatsapp Chat al sito Web WordPress solo in 2 minuti. Esplora tutte le caratteristiche principali del miglior widget di chat in una demo gratuita.","robots":{"index":"index","follow":"follow","max-snippet":"max-snippet:-1","max-image-preview":"max-image-preview:large","max-video-preview":"max-video-preview:-1"},"canonical":"https:\/\/elfsight.com\/it\/whatsapp-chat-widget\/wordpress\/","og_locale":"it_IT","og_type":"article","og_title":"Plug-in chat Whatsapp per Wordpress - Aggiungi Whatsapp a Wordpress [ 2025 ]","og_description":"Aggiungi il plug-in Whatsapp Chat al sito Web WordPress solo in 2 minuti. Esplora tutte le caratteristiche principali del miglior widget di chat in una demo gratuita.","og_url":"https:\/\/elfsight.com\/it\/whatsapp-chat-widget\/wordpress\/","og_site_name":"Elfsight IT","article_modified_time":"2025-12-25T12:39:17+00:00","twitter_card":"summary_large_image","twitter_misc":{"Tempo di lettura stimato":"4 minuti"},"schema":{"@context":"https:\/\/schema.org","@graph":[{"@type":"WebPage","@id":"https:\/\/elfsight.com\/it\/whatsapp-chat-widget\/wordpress\/","url":"https:\/\/elfsight.com\/it\/whatsapp-chat-widget\/wordpress\/","name":"Plug-in chat Whatsapp per Wordpress - Aggiungi Whatsapp a Wordpress [ 2025 ]","isPartOf":{"@id":"https:\/\/elfsight.com\/it\/#website"},"datePublished":"1970-01-01T00:00:00+00:00","dateModified":"2025-12-25T12:39:17+00:00","description":"Aggiungi il plug-in Whatsapp Chat al sito Web WordPress solo in 2 minuti. Esplora tutte le caratteristiche principali del miglior widget di chat in una demo gratuita.","breadcrumb":{"@id":"https:\/\/elfsight.com\/it\/whatsapp-chat-widget\/wordpress\/#breadcrumb"},"inLanguage":"it-IT","potentialAction":[{"@type":"ReadAction","target":["https:\/\/elfsight.com\/it\/whatsapp-chat-widget\/wordpress\/"]}]},{"@type":"BreadcrumbList","@id":"https:\/\/elfsight.com\/it\/whatsapp-chat-widget\/wordpress\/#breadcrumb","itemListElement":[{"@type":"ListItem","position":1,"name":"Home","item":"https:\/\/elfsight.com\/it\/"},{"@type":"ListItem","position":2,"name":"WhatsApp Chat","item":"https:\/\/elfsight.com\/it\/whatsapp-chat-widget\/"},{"@type":"ListItem","position":3,"name":"Whatsapp Chat &#8211; WordPress"}]},{"@type":"WebSite","@id":"https:\/\/elfsight.com\/it\/#website","url":"https:\/\/elfsight.com\/it\/","name":"Elfsight IT","description":"Just another Elfsight Sites site","potentialAction":[{"@type":"SearchAction","target":{"@type":"EntryPoint","urlTemplate":"https:\/\/elfsight.com\/it\/?s={search_term_string}"},"query-input":{"@type":"PropertyValueSpecification","valueRequired":true,"valueName":"search_term_string"}}],"inLanguage":"it-IT"}]}},"meta_box":{"industry":"","seo_heading":"","heading":"","description":"","cta_heading":"","cta_description":"","application":"960","h1":"Plug-in per chat Whatsapp WordPress","h1_caption":"Il canale di comunicazione pi\u00f9 pratico per i clienti del tuo sito web","application_category":[],"applications_title":"","applications_request_title":"","applications_request_button_text":"","hero_text":"","hero_video":"","hero_video_schema_markup":"","selling_points_title":"","selling_points_caption":"","selling_points":[],"selling_points_cta_text":"","features_title":"","features":"","ed_cta_examples_text":"","ed_cta_examples_hidden":"","ed_cta_demo_text":"","ed_cta_demo_hidden":"","why_caption":"","why_editor_title":"","why_editor_text":"","why_team_title":"","why_team_text":"","why_service_title":"","why_service_text":"","template_catalog_visible":"0","template_catalog_title":"","template_catalog_text":"","template_catalog_categories_visible":"","demo_title":"Crea il tuo plugin per la chat di Whatsapp","demo_caption":"Configura la tua chat Whatsapp e aggiungila gratuitamente al tuo sito WordPress!","default_faq_hidden":"","app_template_category":[],"platform":"28","template_public_id":"","codecanyon_url":"","codecanyon_item_id":"","codecanyon_price":"","pricing_caption":"","pricing_elfsight_apps_hide_column":"","pricing_elfsight_apps_url":"","pricing_codecanyon_price_caption":"","integration_category":[],"integration_request_title":"","integration_request_cta":"","integration_platform":"","integrations":[],"platform_category":[],"video_schema_markup":"","price":"da $ 0 al mese","trial":"","benefits":[{"text":"Aiuto per l'installazione gratuito"},{"text":"Supporto eccezionale"},{"text":"Garanzia di rimborso di 14 giorni"},{"text":"Aggiornamenti gratuiti continui"}],"button_url":"#demo","button_target_blank":"0","button_nofollow":"0","attributes":[{"name":"Installazioni"},{"name":"Reattivo"},{"name":"Browser compatibili"}],"tags":[],"tags_disable_links":"0","hide_more_platforms":"0","video_object":"","demo_hide_cta":"0","demo_hide_cloud_options":"0","pricing_title":"","pricing":[{"pricing_icon":"platform","pricing_title":"Elfsight Apps","pricing_title_caption":"Soluzione multipiattaforma","pricing_price":"da $ 0 \/ mese","pricing_price_caption":"inizia con il piano gratuito","pricing_benefits":[{"text":"Domini illimitati"},{"text":"Supporto premium e ben documentato"},{"text":"Supporto per l'installazione senza costi"},{"text":"Ottimo affare per pi\u00f9 app"}],"pricing_button_text":"Aggiungi al sito web","pricing_button_url":"#demo"}],"related_apps_title":"","related_apps_hidden":"0","author":"","image":[],"title":"","job":"","social_networks":[]},"_links":{"self":[{"href":"https:\/\/elfsight.com\/it\/wp-json\/wp\/v2\/pages\/6667","targetHints":{"allow":["GET"]}}],"collection":[{"href":"https:\/\/elfsight.com\/it\/wp-json\/wp\/v2\/pages"}],"about":[{"href":"https:\/\/elfsight.com\/it\/wp-json\/wp\/v2\/types\/page"}],"author":[{"embeddable":true,"href":"https:\/\/elfsight.com\/it\/wp-json\/wp\/v2\/users\/9"}],"replies":[{"embeddable":true,"href":"https:\/\/elfsight.com\/it\/wp-json\/wp\/v2\/comments?post=6667"}],"version-history":[{"count":5,"href":"https:\/\/elfsight.com\/it\/wp-json\/wp\/v2\/pages\/6667\/revisions"}],"predecessor-version":[{"id":10575,"href":"https:\/\/elfsight.com\/it\/wp-json\/wp\/v2\/pages\/6667\/revisions\/10575"}],"up":[{"embeddable":true,"href":"https:\/\/elfsight.com\/it\/wp-json\/wp\/v2\/pages\/967"}],"wp:attachment":[{"href":"https:\/\/elfsight.com\/it\/wp-json\/wp\/v2\/media?parent=6667"}],"curies":[{"name":"wp","href":"https:\/\/api.w.org\/{rel}","templated":true}]}}