{"id":6666,"date":"1970-01-01T00:00:00","date_gmt":"1970-01-01T00:00:00","guid":{"rendered":"https:\/\/elfsight.com\/it\/?page_id=6666"},"modified":"2025-11-01T10:09:09","modified_gmt":"2025-11-01T10:09:09","slug":"wix","status":"publish","type":"page","link":"https:\/\/elfsight.com\/it\/whatsapp-chat-widget\/wix\/","title":{"rendered":"Whatsapp Chat &#8211; Wix"},"content":{"rendered":"<div class=\"application-platform-content-item-description application-platform-content-item\" id=\"description\" data-nav-section=\"description\"> <h2>Incorpora la chat di WhatsApp con il widget Elfsight<\/h2> <p>L&#8217;app WhatsApp di Elfsight \u00e8 lo strumento pi\u00f9 semplice con cui i clienti del tuo sito web possono rimanere in contatto e ascoltare le risposte alle loro domande e richieste. Sii disponibile online per gli spettatori nel messenger pi\u00f9 popolare 24 ore su 24, 7 giorni su 7. Inserisci la chat nello store e lasciala apparire su pagine scelte o per particolari gruppi di utenti, scegli i trigger di avvio della chat, dimostra il tuo messaggio di benvenuto, imposta le icone e applica altre personalizzazioni. Con la chat di WhatsApp installata sul sito, rimarrai disponibile per i tuoi visitatori in qualsiasi momento e da qualsiasi luogo.<\/p><\/div> <div class=\"application-platform-content-item-features application-platform-content-item\" id=\"features\" data-nav-section=\"features\"> <h2>Caratteristiche principali del plugin di chat di WhatsApp<\/h2> <p>Per avere una migliore percezione del pulsante Whatsapp Live Chat, ecco l&#8217;elenco delle funzionalit\u00e0 pi\u00f9 utili. Rendono questo widget estremamente vantaggioso per te: <\/p> <ul><li>Incolla WhatsApp Messenger sulla tua pagina web per rimanere sempre disponibile per i clienti; <\/li><li>Fornisci risposta direttamente dal tuo account WhatsApp; <\/li><li>Seleziona uno dei tre tipi di layout della chat: come bolla mobile, bolla incorporata e finestra di chat incorporata; <\/li><li>Scopri una serie di icone di fumetti tra cui scegliere <\/li><li>Modifica il testo del fumetto della chat. <\/li><\/ul><p><a href=\"#demo\">La demo dal vivo ti riveler\u00e0 un elenco completo di funzionalit\u00e0<\/a><\/p> <\/div> <div class=\"application-platform-content-item-installation application-platform-content-item\" id=\"installation\" data-nav-section=\"installation\"> <h2>Come aggiungere l&#8217;app Live Chat sulla tua pagina Wix<\/h2>  <div><iframe width=\"720\" height=\"405\" src=\"https:\/\/www.youtube.com\/embed\/WGcyfGyfAdw?si=7eiEZD0WBk8rXO8q\" frameborder=\"0\" allowfullscreen=\"\"><\/iframe><\/div> <p>I seguenti passaggi sono l&#8217;unica cosa necessaria per visualizzare il widget Whatsapp e completare l&#8217;integrazione del pulsante.<\/p> <ul><li><b>Progetta la tua app WhatsApp Chat personalizzata<\/b><br> Gestisci la nostra demo gratuita, ottieni un plugin con la composizione e le caratteristiche funzionali preferite. <\/li><li><b>Copia il codice individuale per installare l&#8217;app<\/b><br> Dopo aver creato il tuo plugin, riceverai il codice univoco dalla notifica popup su Elfsight Apps. Copia il codice. <\/li> <li><b>Visualizza l&#8217;app sul tuo sito Wix<\/b><br> Trova la posizione in cui desideri incorporare il plug-in e aggiungi l\u00ec il codice salvato. Pubblica le modifiche. <\/li> <li><b>Hai completato completamente l&#8217;installazione<\/b><br> Vai al tuo sito, per controllare il tuo lavoro. <\/li> <\/ul><p>Non riesci ancora a decidere? O riscontri problemi? Scrivi semplicemente una richiesta al nostro dipartimento di assistenza clienti e risolveranno qualsiasi domanda. <\/p> <\/div><div class=\"faq\" data-component=\"FAQ\"><div class=\"faq-item\">\r\n\t\t\t\t\t<div class=\"faq-item-question\">\r\n\t\t\t\t\t\t<h3 class=\"faq-item-question-text\">Come aggiungere il widget della chat di WhatsApp a un sito Web Wix?<\/h3>\r\n\r\n\t\t\t\t\t\t<div class=\"faq-item-question-icon\"><\/div>\r\n\t\t\t\t\t<\/div>\r\n\r\n\t\t\t\t\t<div class=\"faq-item-answer\">\r\n\t\t\t\t\t\t<div class=\"faq-item-answer-text\"><p>L&#8217;installazione richieder\u00e0 circa un minuto e met\u00e0. Inoltre, non \u00e8 necessario avere alcuna capacit\u00e0 di programmazione. <\/p><ol><li>Personalizza il widget nel configuratore live gratuito. <\/li> <li>Copia il tuo codice di installazione. <\/li> <li>Inserisci il codice nel punto necessario nel modello del sito. <\/li> <li>Ecco fatto! L&#8217;incorporamento del pulsante chat su Wix \u00e8 completato! <\/li><\/ol><p>Hai problemi con l&#8217;inserimento del plugin su Wix o la sua formattazione? Potresti leggere la guida dettagliata su <a href=\"https:\/\/elfsight.com\/blog\/how-to-add-whatsapp-chat-to-wix-for-free\/\">aggiungere la chat di WhatsApp a Wix<\/a>.<\/p><\/div>\r\n\t\t\t\t\t<\/div>\r\n\t\t\t\t<\/div><div class=\"faq-item\">\r\n\t\t\t\t\t<div class=\"faq-item-question\">\r\n\t\t\t\t\t\t<h3 class=\"faq-item-question-text\">C'\u00e8 la possibilit\u00e0 di vedere come apparir\u00e0 il widget su un sito?<\/h3>\r\n\r\n\t\t\t\t\t\t<div class=\"faq-item-question-icon\"><\/div>\r\n\t\t\t\t\t<\/div>\r\n\r\n\t\t\t\t\t<div class=\"faq-item-answer\">\r\n\t\t\t\t\t\t<div class=\"faq-item-answer-text\"><p>S\u00ec, puoi! Nel processo di sviluppo del widget Chat WhatsApp per Wix <a href=\"https:\/\/elfsight.com\/whatsapp-chat-widget\/create\/\">nel builder online gratuito<\/a>, considererai tutte le configurazioni nella parte destra di esso. La casella di chat sar\u00e0 identica a quella che avrai su un sito Web Wix. <\/p><\/div>\r\n\t\t\t\t\t<\/div>\r\n\t\t\t\t<\/div><div class=\"faq-item\">\r\n\t\t\t\t\t<div class=\"faq-item-question\">\r\n\t\t\t\t\t\t<h3 class=\"faq-item-question-text\">Quali widget comuni sono indispensabili per un sito Wix?<\/h3>\r\n\r\n\t\t\t\t\t\t<div class=\"faq-item-question-icon\"><\/div>\r\n\t\t\t\t\t<\/div>\r\n\r\n\t\t\t\t\t<div class=\"faq-item-answer\">\r\n\t\t\t\t\t\t<div class=\"faq-item-answer-text\"><p>Esistono molti widget Wix che possono facilmente migliorare il tuo sito web. Ad esempio, ci sono altri widget di chat come All-in-One Chat, <a href=\"https:\/\/elfsight.com\/facebook-chat-widget\/wix\/\" target=\"_blank\" rel=\"noopener\">Facebook Chat<\/a>, <a href=\"https:\/\/elfsight.com\/telegram-chat-widget\/wix\/\" target=\"_blank\" rel=\"noopener\">Chat di Telegram<\/a>, <a href=\"https:\/\/elfsight.com\/viber-chat-widget\/wix\/\" target=\"_blank\" rel=\"noopener\">Viber Chat<\/a>. Sono tutti facili da implementare e possono migliorare notevolmente le prestazioni del tuo sito web.<\/p><\/div>\r\n\t\t\t\t\t<\/div>\r\n\t\t\t\t<\/div><div class=\"faq-item\">\r\n\t\t\t\t\t<div class=\"faq-item-question\">\r\n\t\t\t\t\t\t<h3 class=\"faq-item-question-text\">I modi migliori per utilizzare l'integrazione di Whatsapp Live Chat<\/h3>\r\n\r\n\t\t\t\t\t\t<div class=\"faq-item-question-icon\"><\/div>\r\n\t\t\t\t\t<\/div>\r\n\r\n\t\t\t\t\t<div class=\"faq-item-answer\">\r\n\t\t\t\t\t\t<div class=\"faq-item-answer-text\"><p>Ne abbiamo molti opzioni di regolazione: widget a lunghezza intera per l&#8217;aggiunta nella sezione dei contenuti, plugin mobili per opportunit\u00e0 di scorrimento, layout per il pi\u00e8 di pagina del tuo sito web, sezione principale e tutti i tipi di opportunit\u00e0 verticali per le barre laterali e i menu del sito web. <\/p><\/div>\r\n\t\t\t\t\t<\/div>\r\n\t\t\t\t<\/div><div class=\"faq-item\">\r\n\t\t\t\t\t<div class=\"faq-item-question\">\r\n\t\t\t\t\t\t<h3 class=\"faq-item-question-text\">Quali risultati posso aspettarmi installando WhatsApp Chat sul mio sito web Wix?<\/h3>\r\n\r\n\t\t\t\t\t\t<div class=\"faq-item-question-icon\"><\/div>\r\n\t\t\t\t\t<\/div>\r\n\r\n\t\t\t\t\t<div class=\"faq-item-answer\">\r\n\t\t\t\t\t\t<div class=\"faq-item-answer-text\"><p>Il pulsante Wix WhatsApp pu\u00f2 influenzare significativamente le prestazioni del tuo sito web in modo positivo . Lascia tra il tuo pubblico solo ricordi positivi del tuo lavoro di assistenza clienti. Sta a te decidere chi vedr\u00e0 il plugin WIX WhatsApp sul tuo sito web. L&#8217;integrazione di Wix WhatsApp \u00e8 l\u00ec per aiutarti a fornire ogni tipo di aiuto, come l&#8217;assistenza clienti, e anche di pi\u00f9! Puoi semplicemente comunicare con i tuoi utenti, discutendo di tutto ci\u00f2 che ti piace. Aggiungi il pulsante WhatsApp al tuo sito web Wix e vedrai crescere il livello di soddisfazione dei clienti e prosperare il tuo business.<\/p><\/div>\r\n\t\t\t\t\t<\/div>\r\n\t\t\t\t<\/div><div class=\"faq-item\">\r\n\t\t\t\t\t<div class=\"faq-item-question\">\r\n\t\t\t\t\t\t<h3 class=\"faq-item-question-text\">Come posso modificare l'aspetto e il set di funzioni della mia chat per Wix?<\/h3>\r\n\r\n\t\t\t\t\t\t<div class=\"faq-item-question-icon\"><\/div>\r\n\t\t\t\t\t<\/div>\r\n\r\n\t\t\t\t\t<div class=\"faq-item-answer\">\r\n\t\t\t\t\t\t<div class=\"faq-item-answer-text\"><p>Un&#8217;ampia scelta di opzioni di personalizzazione \u00e8 disponibile per chiunque scelga la nostra chat WhatsApp. Ci\u00f2 significa che aggiungerai al tuo sito web WIX la funzionalit\u00e0 WhatsApp fatta apposta per te. Puoi cambiare completamente l&#8217;aspetto del plugin in modo che diventi parte integrante del design e dello stile del tuo sito web. Inizia semplicemente con la creazione del plugin, scegli uno dei modelli e poi cambia il suo aspetto in modo che si adatti allo stile del tuo marchio. Utilizzando tantissime altre opzioni, farai in modo che il plug-in funzioni per i tuoi obiettivi aziendali, rendendoli davvero facili da raggiungere. Provalo subito e scopri quanto \u00e8 facile nel nostro configuratore gratuito.<\/p><\/div>\r\n\t\t\t\t\t<\/div>\r\n\t\t\t\t<\/div><\/div>","protected":false},"excerpt":{"rendered":"","protected":false},"author":9,"featured_media":0,"parent":967,"menu_order":0,"comment_status":"closed","ping_status":"closed","template":"templates\/template-application-platform.php","meta":{"publish_to_discourse":"","publish_post_category":"","wpdc_auto_publish_overridden":"","wpdc_topic_tags":"","wpdc_pin_topic":"","wpdc_pin_until":"","discourse_post_id":"","discourse_permalink":"","wpdc_publishing_response":"","wpdc_publishing_error":"","footnotes":""},"class_list":["post-6666","page","type-page","status-publish","hentry"],"yoast_head":"<!-- This site is optimized with the Yoast SEO plugin v25.3.1 - https:\/\/yoast.com\/wordpress\/plugins\/seo\/ -->\n<title>Chat Wix Whatsapp - Aggiungi Whatsapp al sito web Wix [ 2025 ]<\/title>\n<meta name=\"description\" content=\"Scopri come aggiungere gratuitamente la chat di Whatsapp al sito Wix. Prova tutte le funzionalit\u00e0 principali del miglior pulsante Wix WhatsApp nella demo di Elfsight.\" \/>\n<meta name=\"robots\" content=\"index, follow, max-snippet:-1, max-image-preview:large, max-video-preview:-1\" \/>\n<link rel=\"canonical\" href=\"https:\/\/elfsight.com\/it\/whatsapp-chat-widget\/wix\/\" \/>\n<meta property=\"og:locale\" content=\"it_IT\" \/>\n<meta property=\"og:type\" content=\"article\" \/>\n<meta property=\"og:title\" content=\"Chat Wix Whatsapp - Aggiungi Whatsapp al sito web Wix [ 2025 ]\" \/>\n<meta property=\"og:description\" content=\"Scopri come aggiungere gratuitamente la chat di Whatsapp al sito Wix. Prova tutte le funzionalit\u00e0 principali del miglior pulsante Wix WhatsApp nella demo di Elfsight.\" \/>\n<meta property=\"og:url\" content=\"https:\/\/elfsight.com\/it\/whatsapp-chat-widget\/wix\/\" \/>\n<meta property=\"og:site_name\" content=\"Elfsight IT\" \/>\n<meta property=\"article:modified_time\" content=\"2025-11-01T10:09:09+00:00\" \/>\n<meta name=\"twitter:card\" content=\"summary_large_image\" \/>\n<meta name=\"twitter:label1\" content=\"Tempo di lettura stimato\" \/>\n\t<meta name=\"twitter:data1\" content=\"5 minuti\" \/>\n<!-- \/ Yoast SEO plugin. -->","yoast_head_json":{"title":"Chat Wix Whatsapp - Aggiungi Whatsapp al sito web Wix [ 2025 ]","description":"Scopri come aggiungere gratuitamente la chat di Whatsapp al sito Wix. Prova tutte le funzionalit\u00e0 principali del miglior pulsante Wix WhatsApp nella demo di Elfsight.","robots":{"index":"index","follow":"follow","max-snippet":"max-snippet:-1","max-image-preview":"max-image-preview:large","max-video-preview":"max-video-preview:-1"},"canonical":"https:\/\/elfsight.com\/it\/whatsapp-chat-widget\/wix\/","og_locale":"it_IT","og_type":"article","og_title":"Chat Wix Whatsapp - Aggiungi Whatsapp al sito web Wix [ 2025 ]","og_description":"Scopri come aggiungere gratuitamente la chat di Whatsapp al sito Wix. Prova tutte le funzionalit\u00e0 principali del miglior pulsante Wix WhatsApp nella demo di Elfsight.","og_url":"https:\/\/elfsight.com\/it\/whatsapp-chat-widget\/wix\/","og_site_name":"Elfsight IT","article_modified_time":"2025-11-01T10:09:09+00:00","twitter_card":"summary_large_image","twitter_misc":{"Tempo di lettura stimato":"5 minuti"},"schema":{"@context":"https:\/\/schema.org","@graph":[{"@type":"WebPage","@id":"https:\/\/elfsight.com\/it\/whatsapp-chat-widget\/wix\/","url":"https:\/\/elfsight.com\/it\/whatsapp-chat-widget\/wix\/","name":"Chat Wix Whatsapp - Aggiungi Whatsapp al sito web Wix [ 2025 ]","isPartOf":{"@id":"https:\/\/elfsight.com\/it\/#website"},"datePublished":"1970-01-01T00:00:00+00:00","dateModified":"2025-11-01T10:09:09+00:00","description":"Scopri come aggiungere gratuitamente la chat di Whatsapp al sito Wix. Prova tutte le funzionalit\u00e0 principali del miglior pulsante Wix WhatsApp nella demo di Elfsight.","breadcrumb":{"@id":"https:\/\/elfsight.com\/it\/whatsapp-chat-widget\/wix\/#breadcrumb"},"inLanguage":"it-IT","potentialAction":[{"@type":"ReadAction","target":["https:\/\/elfsight.com\/it\/whatsapp-chat-widget\/wix\/"]}]},{"@type":"BreadcrumbList","@id":"https:\/\/elfsight.com\/it\/whatsapp-chat-widget\/wix\/#breadcrumb","itemListElement":[{"@type":"ListItem","position":1,"name":"Home","item":"https:\/\/elfsight.com\/it\/"},{"@type":"ListItem","position":2,"name":"WhatsApp Chat","item":"https:\/\/elfsight.com\/it\/whatsapp-chat-widget\/"},{"@type":"ListItem","position":3,"name":"Whatsapp Chat &#8211; Wix"}]},{"@type":"WebSite","@id":"https:\/\/elfsight.com\/it\/#website","url":"https:\/\/elfsight.com\/it\/","name":"Elfsight IT","description":"Just another Elfsight Sites site","potentialAction":[{"@type":"SearchAction","target":{"@type":"EntryPoint","urlTemplate":"https:\/\/elfsight.com\/it\/?s={search_term_string}"},"query-input":{"@type":"PropertyValueSpecification","valueRequired":true,"valueName":"search_term_string"}}],"inLanguage":"it-IT"}]}},"meta_box":{"industry":"","seo_heading":"","heading":"","description":"","cta_heading":"","cta_description":"","application":"960","h1":"Applicazione Wix Whatsapp Live Chat","h1_caption":"Offri agli utenti l'opportunit\u00e0 di contattarti su Whatsapp, garantendo l'interazione pi\u00f9 rapida e conveniente per i visitatori del tuo sito web nel tuo sito Wix senza sforzo.","application_category":[],"applications_title":"","applications_request_title":"","applications_request_button_text":"","hero_text":"","hero_video":"","hero_video_schema_markup":"","selling_points_title":"","selling_points_caption":"","selling_points":[],"selling_points_cta_text":"","features_title":"","features":"","ed_cta_examples_text":"","ed_cta_examples_hidden":"","ed_cta_demo_text":"","ed_cta_demo_hidden":"","why_caption":"","why_editor_title":"","why_editor_text":"","why_team_title":"","why_team_text":"","why_service_title":"","why_service_text":"","template_catalog_visible":"0","template_catalog_title":"","template_catalog_text":"","template_catalog_categories_visible":"","demo_title":"Crea la tua app di chat Whatsapp","demo_caption":"Configura la tua chat Whatsapp e aggiungila gratuitamente al tuo sito Wix!","default_faq_hidden":"","app_template_category":[],"platform":"29","template_public_id":"","codecanyon_url":"","codecanyon_item_id":"","codecanyon_price":"","pricing_caption":"","pricing_elfsight_apps_hide_column":"","pricing_elfsight_apps_url":"","pricing_codecanyon_price_caption":"","integration_category":[],"integration_request_title":"","integration_request_cta":"","integration_platform":"","integrations":[],"platform_category":[],"video_schema_markup":"","price":"da $ 0 al mese","trial":"","benefits":[{"text":"Servizio di installazione gratuito"},{"text":"Assistenza clienti con esperienza"},{"text":"Garanzia di rimborso di 14 giorni"},{"text":"Miglioramenti regolari"}],"button_url":"#demo","button_target_blank":"0","button_nofollow":"0","attributes":[{"name":"Installazioni"},{"name":"Reattivo"},{"name":"Browser compatibili"}],"tags":[],"tags_disable_links":"0","hide_more_platforms":"0","video_object":"","demo_hide_cta":"0","demo_hide_cloud_options":"0","pricing_title":"","pricing":[{"pricing_icon":"platform","pricing_title":"Elfsight Apps","pricing_title_caption":"Versione multipiattaforma","pricing_price":"da $ 0 \/ mese","pricing_price_caption":"inizia con il piano gratuito","pricing_benefits":[{"text":"Numero illimitato di domini"},{"text":"Assistenza gratuita e puntuale"},{"text":"Supporto gratuito per l'installazione"},{"text":"Offerta speciale per pi\u00f9 app"}],"pricing_button_text":"Aggiungi al sito web","pricing_button_url":"#demo"}],"related_apps_title":"","related_apps_hidden":"0","author":"","image":[],"title":"","job":"","social_networks":[]},"_links":{"self":[{"href":"https:\/\/elfsight.com\/it\/wp-json\/wp\/v2\/pages\/6666","targetHints":{"allow":["GET"]}}],"collection":[{"href":"https:\/\/elfsight.com\/it\/wp-json\/wp\/v2\/pages"}],"about":[{"href":"https:\/\/elfsight.com\/it\/wp-json\/wp\/v2\/types\/page"}],"author":[{"embeddable":true,"href":"https:\/\/elfsight.com\/it\/wp-json\/wp\/v2\/users\/9"}],"replies":[{"embeddable":true,"href":"https:\/\/elfsight.com\/it\/wp-json\/wp\/v2\/comments?post=6666"}],"version-history":[{"count":4,"href":"https:\/\/elfsight.com\/it\/wp-json\/wp\/v2\/pages\/6666\/revisions"}],"predecessor-version":[{"id":10535,"href":"https:\/\/elfsight.com\/it\/wp-json\/wp\/v2\/pages\/6666\/revisions\/10535"}],"up":[{"embeddable":true,"href":"https:\/\/elfsight.com\/it\/wp-json\/wp\/v2\/pages\/967"}],"wp:attachment":[{"href":"https:\/\/elfsight.com\/it\/wp-json\/wp\/v2\/media?parent=6666"}],"curies":[{"name":"wp","href":"https:\/\/api.w.org\/{rel}","templated":true}]}}