{"id":6661,"date":"1970-01-01T00:00:00","date_gmt":"1970-01-01T00:00:00","guid":{"rendered":"https:\/\/elfsight.com\/it\/?page_id=6661"},"modified":"2025-12-01T09:36:44","modified_gmt":"2025-12-01T09:36:44","slug":"elementor","status":"publish","type":"page","link":"https:\/\/elfsight.com\/it\/whatsapp-chat-widget\/elementor\/","title":{"rendered":"Whatsapp Chat &#8211; Elementor"},"content":{"rendered":"<div class=\"application-platform-content-item-description application-platform-content-item\" id=\"description\" data-nav-section=\"description\"> <h2>Incorpora la chat di WhatsApp con il widget Elfsight<\/h2> <p>Il widget chat creato da Elfsight \u00e8 il modo pi\u00f9 veloce per consentire ai visitatori del tuo sito web di comunicare con te e ottenere risposta alle loro domande. Ora sei disponibile online per i tuoi dipendenti nel messenger pi\u00f9 comodo tutto il giorno. Incorpora il widget WhatsApp nella tua pagina web e fallo apparire su pagine specifiche o per determinati gruppi di spettatori, seleziona i trigger di avvio della chat, includi il tuo messaggio di benvenuto personale, imposta le icone e applica altre personalizzazioni. Avendo la chat Elfsight Live sulla tua pagina web, rimarrai facilmente raggiungibile per i tuoi visitatori in ogni momento e indipendentemente da dove ti trovi.<\/p><p>La chat di Elementor WhatsApp pu\u00f2 aiutarti a migliorare le prestazioni complessive della tua azienda fornendo assistenza clienti straordinaria. Sei libero di incorporare il pulsante Elementor WhatsApp in tutte o determinate pagine del tuo sito web. Inoltre, c&#8217;\u00e8 la possibilit\u00e0 di scegliere un pubblico particolare che avr\u00e0 accesso al pulsante WhatsApp di Elementor. Includendo questa opzione sul tuo sito web, farai in modo che il tuo pulsante WhatsApp funzioni in modo efficace. \u00c8 una soluzione perfetta per qualsiasi tipo di aiuto, assistenza clienti, onboarding e altre situazioni che qualsiasi attivit\u00e0 online e offline potrebbe incontrare. E il fatto che utilizzi uno dei messenger pi\u00f9 popolari non far\u00e0 altro che aggiungerti punti.<\/p><p>Il nostro plugin WhatsApp \u00e8 anche estremamente facile da personalizzare, in modo che diventer\u00e0 una parte inseparabile del tuo sito web Elementor. Tutto quello che devi fare \u00e8 iniziare selezionando il colore corretto che modificher\u00e0 totalmente l&#8217;intero aspetto del tuo plugin WhatsApp. Seleziona i toni e le sfumature migliori per i quattro elementi dell&#8217;interfaccia disponibili: sfondo e icona del fumetto della chat, sfondo dell&#8217;intestazione e pulsante stesso. Trasforma il tuo plug-in di chat in un abbinamento perfetto per il concetto di design del tuo sito web e scopri come inizia a funzionare per i tuoi obiettivi di business e aumenta tutte le metriche importanti.<\/p> <div class=\"faq\" data-component=\"FAQ\"><div class=\"faq-item\">\r\n\t\t\t\t\t<div class=\"faq-item-question\">\r\n\t\t\t\t\t\t<h3 class=\"faq-item-question-text\">Dove sul mio sito web posso visualizzare il widget<\/h3>\r\n\r\n\t\t\t\t\t\t<div class=\"faq-item-question-icon\"><\/div>\r\n\t\t\t\t\t<\/div>\r\n\r\n\t\t\t\t\t<div class=\"faq-item-answer\">\r\n\t\t\t\t\t\t<div class=\"faq-item-answer-text\"> <p>Puoi aggiungerlo su ogni pagina del tuo sito o solo su alcune pagine. C&#8217;\u00e8 anche un&#8217;opzione per limitarlo alle pagine scelte in cui non desideri la chat.<\/p><\/div>\r\n\t\t\t\t\t<\/div>\r\n\t\t\t\t<\/div><div class=\"faq-item\">\r\n\t\t\t\t\t<div class=\"faq-item-question\">\r\n\t\t\t\t\t\t<h3 class=\"faq-item-question-text\">Come potrei trarre vantaggio dal widget?<\/h3>\r\n\r\n\t\t\t\t\t\t<div class=\"faq-item-question-icon\"><\/div>\r\n\t\t\t\t\t<\/div>\r\n\r\n\t\t\t\t\t<div class=\"faq-item-answer\">\r\n\t\t\t\t\t\t<div class=\"faq-item-answer-text\"> <p>Questo plugin aiuter\u00e0 di pi\u00f9 i visitatori si rivolgono a te con le loro domande e richieste. Pu\u00f2 aiutare a rafforzare la quantit\u00e0 di lead e vendite. Un altro vantaggio \u00e8 che una risposta rapida e un approccio personalizzato aumenteranno il livello delle relazioni con i clienti. <\/p> <\/div>\r\n\t\t\t\t\t<\/div>\r\n\t\t\t\t<\/div><div class=\"faq-item\">\r\n\t\t\t\t\t<div class=\"faq-item-question\">\r\n\t\t\t\t\t\t<h3 class=\"faq-item-question-text\">Come posso avere la chat di Whatsapp?<\/h3>\r\n\r\n\t\t\t\t\t\t<div class=\"faq-item-question-icon\"><\/div>\r\n\t\t\t\t\t<\/div>\r\n\r\n\t\t\t\t\t<div class=\"faq-item-answer\">\r\n\t\t\t\t\t\t<div class=\"faq-item-answer-text\"> <p>Ci vuole solo un minuto del tuo tempo per iniziare a utilizzare il widget. Aggiungerlo al tuo sito \u00e8 molto veloce, gratuito e senza codifica.<\/p> <p>Il widget pu\u00f2 essere introdotto nel tuo sito tramite il nostro servizio o tramite il marketplace. Puoi visualizzare maggiori informazioni sulle due opzioni e selezionare la tua.<\/p> <\/div>\r\n\t\t\t\t\t<\/div>\r\n\t\t\t\t<\/div><\/div> <\/div><div class=\"application-platform-content-item-features application-platform-content-item\" id=\"features\" data-nav-section=\"features\"> <h2>Caratteristiche principali del plug-in chat di WhatsApp<\/h2> <p>Per comprendere meglio il widget Whatsapp, consulta l&#8217;elenco delle sue funzioni principali. Rendono questo widget davvero efficace per te: <\/p> <ul><li>Aggiungi WhatsApp Messenger al tuo sito per stabilire una comunicazione con i visitatori; <\/li><li>Continua a inviare messaggi direttamente dal tuo account WhatsApp; <\/li><li> Tre opzioni di posizione della chat: bolla incorporata, bolla mobile e finestra di chat incorporata; <\/li><li> Seleziona l&#8217;icona della tua bolla nella raccolta di icone disponibili; <\/li><li>Testo fumetto modificabile. <\/li><\/ul><p><a href=\"#demo\">La demo dal vivo ti riveler\u00e0 tutte le funzionalit\u00e0 del widget<\/a><\/p> <\/div><div class=\"application-platform-content-item-installation application-platform-content-item\" id=\"installation\" data-nav-section=\"installation\"> <h2>Ecco come aggiungere la chat di Whatsapp al tuo sito web Elementor<\/h2> <div class=\"video-container\">\n<iframe width=\"720\" height=\"405\" src=\"https:\/\/www.youtube.com\/embed\/mjhWt6Hk1sk?si=BSBZcmbPz6_dfENj\" frameborder=\"0\" allowfullscreen=\"\"><\/iframe>\n<\/div><p>Le azioni seguenti sono l&#8217;unica cosa che devi fare per attivare il prodotto.<\/p><ul><li><b>Crea il tuo widget Whatsapp personale<\/b><br> Con l&#8217;aiuto della nostra demo gratuita, crea un plugin con design e capacit\u00e0 preferibili.<\/li><li><b>Acquisisci un codice per l&#8217;integrazione del plugin<\/b><br>Dopo l&#8217;ottimizzazione del widget, acquisisci un codice per il widget Live Chat dalla finestra popup sulle app Elfsight.<\/li><li><b>Incorpora il plugin sul sito web<\/b><br>Aggiungi il plug-in nella posizione necessaria della pagina e applica le modifiche.<\/li><li><b>Hai eseguito l&#8217;installazione con successo<\/b><br> Accedi al tuo sito Elementor per vedere il tuo lavoro.<\/li><\/ul><p>Non hai ancora deciso? O ti sei imbattuto in qualcosa? Basta inviare una richiesta al nostro team di supporto, risolveremo qualsiasi tipo di problema. <\/p> <\/div><div class=\"faq\" data-component=\"FAQ\"><div class=\"faq-item\">\r\n\t\t\t\t\t<div class=\"faq-item-question\">\r\n\t\t\t\t\t\t<h3 class=\"faq-item-question-text\">Come incorporare Whatsapp Chat nella mia pagina Web Elementor senza codifica?<\/h3>\r\n\r\n\t\t\t\t\t\t<div class=\"faq-item-question-icon\"><\/div>\r\n\t\t\t\t\t<\/div>\r\n\r\n\t\t\t\t\t<div class=\"faq-item-answer\">\r\n\t\t\t\t\t\t<div class=\"faq-item-answer-text\"><p>La societ\u00e0 Elfsight offre un servizio Cloud soluzione che consente alle persone di creare da soli una sezione di chat di Whatsapp, consulta la semplice guida: <\/p><ul><li>Vai all&#8217;editor online per creare un widget di chat di Whatsapp che desideri venga visualizzato sul sito di Elementor.<\/li> <li>Scegli uno dei tanti modelli predefiniti e modifica le impostazioni della chat di Whatsapp, cambia il layout e i colori, includi i tuoi contenuti senza codifica.<\/li><li>Salva le impostazioni che hai effettuato su Whatsapp Chat e ottieni i widget codice di installazione, che pu\u00f2 essere facilmente incluso nel sito Elementor all&#8217;interno di un piano gratuito. <\/li><\/ul><p>Lavorando nell&#8217;editor intuitivo, qualsiasi utente web pu\u00f2 creare la chat di Whatsapp e includerla facilmente nel sito web di Elementor. Non \u00e8 necessario pagare o inserire i dati della carta per accedere al nostro servizio. Se riscontri problemi in qualsiasi momento, non esitare a parlare con il nostro personale di supporto.<\/p><\/div>\r\n\t\t\t\t\t<\/div>\r\n\t\t\t\t<\/div><\/div>","protected":false},"excerpt":{"rendered":"","protected":false},"author":9,"featured_media":0,"parent":967,"menu_order":0,"comment_status":"closed","ping_status":"closed","template":"templates\/template-application-platform.php","meta":{"publish_to_discourse":"","publish_post_category":"","wpdc_auto_publish_overridden":"","wpdc_topic_tags":"","wpdc_pin_topic":"","wpdc_pin_until":"","discourse_post_id":"","discourse_permalink":"","wpdc_publishing_response":"","wpdc_publishing_error":"","footnotes":""},"class_list":["post-6661","page","type-page","status-publish","hentry"],"yoast_head":"<!-- This site is optimized with the Yoast SEO plugin v25.3.1 - https:\/\/yoast.com\/wordpress\/plugins\/seo\/ -->\n<title>Chat dal vivo: aggiungi il widget Chat Box ai siti Web Elementor (gratuito e semplice)<\/title>\n<meta name=\"description\" content=\"Scopri come incorporare il widget Whatsapp in Elementor: senza codifica e gratis! Consulta la guida dettagliata sull&#039;aggiunta del pulsante WhatsApp Elementor.\" \/>\n<meta name=\"robots\" content=\"index, follow, max-snippet:-1, max-image-preview:large, max-video-preview:-1\" \/>\n<link rel=\"canonical\" href=\"https:\/\/elfsight.com\/it\/whatsapp-chat-widget\/elementor\/\" \/>\n<meta property=\"og:locale\" content=\"it_IT\" \/>\n<meta property=\"og:type\" content=\"article\" \/>\n<meta property=\"og:title\" content=\"Chat dal vivo: aggiungi il widget Chat Box ai siti Web Elementor (gratuito e semplice)\" \/>\n<meta property=\"og:description\" content=\"Scopri come incorporare il widget Whatsapp in Elementor: senza codifica e gratis! Consulta la guida dettagliata sull&#039;aggiunta del pulsante WhatsApp Elementor.\" \/>\n<meta property=\"og:url\" content=\"https:\/\/elfsight.com\/it\/whatsapp-chat-widget\/elementor\/\" \/>\n<meta property=\"og:site_name\" content=\"Elfsight IT\" \/>\n<meta property=\"article:modified_time\" content=\"2025-12-01T09:36:44+00:00\" \/>\n<meta name=\"twitter:card\" content=\"summary_large_image\" \/>\n<meta name=\"twitter:label1\" content=\"Tempo di lettura stimato\" \/>\n\t<meta name=\"twitter:data1\" content=\"5 minuti\" \/>\n<!-- \/ Yoast SEO plugin. -->","yoast_head_json":{"title":"Chat dal vivo: aggiungi il widget Chat Box ai siti Web Elementor (gratuito e semplice)","description":"Scopri come incorporare il widget Whatsapp in Elementor: senza codifica e gratis! Consulta la guida dettagliata sull'aggiunta del pulsante WhatsApp Elementor.","robots":{"index":"index","follow":"follow","max-snippet":"max-snippet:-1","max-image-preview":"max-image-preview:large","max-video-preview":"max-video-preview:-1"},"canonical":"https:\/\/elfsight.com\/it\/whatsapp-chat-widget\/elementor\/","og_locale":"it_IT","og_type":"article","og_title":"Chat dal vivo: aggiungi il widget Chat Box ai siti Web Elementor (gratuito e semplice)","og_description":"Scopri come incorporare il widget Whatsapp in Elementor: senza codifica e gratis! Consulta la guida dettagliata sull'aggiunta del pulsante WhatsApp Elementor.","og_url":"https:\/\/elfsight.com\/it\/whatsapp-chat-widget\/elementor\/","og_site_name":"Elfsight IT","article_modified_time":"2025-12-01T09:36:44+00:00","twitter_card":"summary_large_image","twitter_misc":{"Tempo di lettura stimato":"5 minuti"},"schema":{"@context":"https:\/\/schema.org","@graph":[{"@type":"WebPage","@id":"https:\/\/elfsight.com\/it\/whatsapp-chat-widget\/elementor\/","url":"https:\/\/elfsight.com\/it\/whatsapp-chat-widget\/elementor\/","name":"Chat dal vivo: aggiungi il widget Chat Box ai siti Web Elementor (gratuito e semplice)","isPartOf":{"@id":"https:\/\/elfsight.com\/it\/#website"},"datePublished":"1970-01-01T00:00:00+00:00","dateModified":"2025-12-01T09:36:44+00:00","description":"Scopri come incorporare il widget Whatsapp in Elementor: senza codifica e gratis! Consulta la guida dettagliata sull'aggiunta del pulsante WhatsApp Elementor.","breadcrumb":{"@id":"https:\/\/elfsight.com\/it\/whatsapp-chat-widget\/elementor\/#breadcrumb"},"inLanguage":"it-IT","potentialAction":[{"@type":"ReadAction","target":["https:\/\/elfsight.com\/it\/whatsapp-chat-widget\/elementor\/"]}]},{"@type":"BreadcrumbList","@id":"https:\/\/elfsight.com\/it\/whatsapp-chat-widget\/elementor\/#breadcrumb","itemListElement":[{"@type":"ListItem","position":1,"name":"Home","item":"https:\/\/elfsight.com\/it\/"},{"@type":"ListItem","position":2,"name":"WhatsApp Chat","item":"https:\/\/elfsight.com\/it\/whatsapp-chat-widget\/"},{"@type":"ListItem","position":3,"name":"Whatsapp Chat &#8211; Elementor"}]},{"@type":"WebSite","@id":"https:\/\/elfsight.com\/it\/#website","url":"https:\/\/elfsight.com\/it\/","name":"Elfsight IT","description":"Just another Elfsight Sites site","potentialAction":[{"@type":"SearchAction","target":{"@type":"EntryPoint","urlTemplate":"https:\/\/elfsight.com\/it\/?s={search_term_string}"},"query-input":{"@type":"PropertyValueSpecification","valueRequired":true,"valueName":"search_term_string"}}],"inLanguage":"it-IT"}]}},"meta_box":{"industry":"","seo_heading":"","heading":"","description":"","cta_heading":"","cta_description":"","application":"960","h1":"Widget di chat Whatsapp di Elementor","h1_caption":"Offri agli utenti l'opportunit\u00e0 di contattarti su Whatsapp, garantendo l'interazione pi\u00f9 rapida e conveniente per i visitatori del tuo sito Web nel tuo sito Web Elementor senza sforzo.","application_category":[],"applications_title":"","applications_request_title":"","applications_request_button_text":"","hero_text":"","hero_video":"","hero_video_schema_markup":"","selling_points_title":"","selling_points_caption":"","selling_points":[],"selling_points_cta_text":"","features_title":"","features":"","ed_cta_examples_text":"","ed_cta_examples_hidden":"","ed_cta_demo_text":"","ed_cta_demo_hidden":"","why_caption":"","why_editor_title":"","why_editor_text":"","why_team_title":"","why_team_text":"","why_service_title":"","why_service_text":"","template_catalog_visible":"0","template_catalog_title":"","template_catalog_text":"","template_catalog_categories_visible":"","demo_title":"Crea il tuo widget di chat di Whatsapp","demo_caption":"Configura la tua chat Whatsapp e aggiungila gratuitamente al tuo sito Web Elementor!","default_faq_hidden":"","app_template_category":[],"platform":"68","template_public_id":"","codecanyon_url":"","codecanyon_item_id":"","codecanyon_price":"","pricing_caption":"","pricing_elfsight_apps_hide_column":"","pricing_elfsight_apps_url":"","pricing_codecanyon_price_caption":"","integration_category":[],"integration_request_title":"","integration_request_cta":"","integration_platform":"","integrations":[],"platform_category":[],"video_schema_markup":"","price":"da $ 0 al mese","trial":"","benefits":[{"text":"Aiuto per l'installazione gratuito"},{"text":"Servizio clienti competente"},{"text":"Garanzia di rimborso di 14 giorni"},{"text":"Sviluppo continuo"}],"button_url":"#demo","button_target_blank":"0","button_nofollow":"0","attributes":[{"name":"Installazioni"},{"name":"Reattivo"},{"name":"Browser compatibili"}],"tags":[],"tags_disable_links":"0","hide_more_platforms":"0","video_object":"","demo_hide_cta":"0","demo_hide_cloud_options":"0","pricing_title":"","pricing":[{"pricing_icon":"platform","pricing_title":"Elfsight Apps","pricing_title_caption":"Software indipendente dalla piattaforma","pricing_price":"da $ 0 \/ mese","pricing_price_caption":"inizia con il piano gratuito","pricing_benefits":[{"text":"Domini illimitati"},{"text":"Supporto gratuito e ben documentato"},{"text":"Assistenza gratuita per l'installazione"},{"text":"Prezzo da prendere per pi\u00f9 app"}],"pricing_button_text":"Aggiungi al sito web","pricing_button_url":"#demo"}],"related_apps_title":"","related_apps_hidden":"0","author":"","image":[],"title":"","job":"","social_networks":[]},"_links":{"self":[{"href":"https:\/\/elfsight.com\/it\/wp-json\/wp\/v2\/pages\/6661","targetHints":{"allow":["GET"]}}],"collection":[{"href":"https:\/\/elfsight.com\/it\/wp-json\/wp\/v2\/pages"}],"about":[{"href":"https:\/\/elfsight.com\/it\/wp-json\/wp\/v2\/types\/page"}],"author":[{"embeddable":true,"href":"https:\/\/elfsight.com\/it\/wp-json\/wp\/v2\/users\/9"}],"replies":[{"embeddable":true,"href":"https:\/\/elfsight.com\/it\/wp-json\/wp\/v2\/comments?post=6661"}],"version-history":[{"count":4,"href":"https:\/\/elfsight.com\/it\/wp-json\/wp\/v2\/pages\/6661\/revisions"}],"predecessor-version":[{"id":10553,"href":"https:\/\/elfsight.com\/it\/wp-json\/wp\/v2\/pages\/6661\/revisions\/10553"}],"up":[{"embeddable":true,"href":"https:\/\/elfsight.com\/it\/wp-json\/wp\/v2\/pages\/967"}],"wp:attachment":[{"href":"https:\/\/elfsight.com\/it\/wp-json\/wp\/v2\/media?parent=6661"}],"curies":[{"name":"wp","href":"https:\/\/api.w.org\/{rel}","templated":true}]}}