{"id":6658,"date":"1970-01-01T00:00:00","date_gmt":"1970-01-01T00:00:00","guid":{"rendered":"https:\/\/elfsight.com\/it\/?page_id=6658"},"modified":"2025-03-13T09:53:55","modified_gmt":"2025-03-13T09:53:55","slug":"woocommerce","status":"publish","type":"page","link":"https:\/\/elfsight.com\/it\/whatsapp-chat-widget\/woocommerce\/","title":{"rendered":"WhatsApp Chat &#8211; WooCommerce"},"content":{"rendered":"\n<div class=\"application-platform-content-item-description application-platform-content-item\" id=\"description\" data-nav-section=\"description\"><h2>Incorpora la chat di WhatsApp con il widget Elfsight<\/h2><p>Whatsapp Messenger creato da Elfsight \u00e8 uno strumento utile per consentire al pubblico del tuo sito web di entrare entrare in contatto con te e ottenere risposte alle loro domande e richieste. Rimani disponibile online per i clienti nel messenger preferito senza sosta. Inserisci la chat di Whatsapp nello store e sceglila per apparire nelle pagine pi\u00f9 importanti o per gruppi selezionati di clientela, inserisci trigger di avvio chat, inserisci il tuo messaggio di benvenuto, imposta icone e applica altre personalizzazioni.<\/p><p>Nel caso decidi di aggiungere la chat di WhatsApp a WooCommerce, puoi notare un aumento significativo delle prestazioni del tuo sito web. Con il nostro pratico plugin sarai in grado di fornire un&#8217;esperienza utente impeccabile. Sei libero di decidere chi vedr\u00e0 il tuo plugin Woocommerce per WhatsApp. Offri ai tuoi utenti una fantastica integrazione con WooCommerce che \u00e8 l\u00ec per garantire ogni tipo di supporto clienti. Rimani in costante contatto con il tuo pubblico e costruisci relazioni a lungo termine. I tuoi clienti ti ringrazieranno sicuramente per aver aggiunto un canale di comunicazione cos\u00ec pratico alle pagine del tuo sito web.<\/p><p>La nostra integrazione con WhatsApp WooCommerce offre anche un&#8217;ampia gamma di opzioni di personalizzazione. Ci\u00f2 significa che la tua azienda ricever\u00e0 la chat WhatsApp che si adatta perfettamente al tuo sito web WooCommerce. Puoi modificare totalmente lo stile generale del plugin in modo che diventi una parte inseparabile del design del tuo sito web. Inizia semplicemente con la creazione del plug-in aziendale di WhatsApp, seleziona uno dei modelli e modificane l&#8217;aspetto in modo che si adatti allo stile del tuo marchio. E con l&#8217;aiuto di tantissime altre funzionalit\u00e0, farai in modo che il plug-in di chat funzioni per i tuoi obiettivi aziendali, rendendoli cos\u00ec facili da raggiungere. Puoi provare gratuitamente in qualsiasi momento nel nostro configuratore pratico e intuitivo.<\/p><p><b>Utilizza il plug-in Whatsapp Messenger per raggiungere i tuoi obiettivi di business con meno sforzo!<\/b><\/p><\/div> <div class=\"application-platform-content-item-features application-platform-content-item\" id=\"features\" data-nav-section=\"features\"><h2>Caratteristiche principali di WhatsApp Chat Plugin<\/h2><ul><li>Inserisci Messenger sul tuo sito web per chattare con i clienti;<\/li><li>Continua a comunicare direttamente dalla tua pagina Whatsapp ; <\/li><li>Prova 3 varianti della posizione della chat: come bolla mobile, bolla incorporata e finestra di chat incorporata; <\/li><li>Utilizza una serie di icone a bolle tra cui scegliere. Scegli la tua icona a forma di bolla dalla nostra raccolta di icone disponibili; <\/li><li>Inserisci il tuo testo nel fumetto della chat. <\/li><\/ul><p><a href=\"#demo\">Puoi verificare tutte le funzionalit\u00e0 del widget nella demo qui sotto<\/a><\/p><\/div><div class=\"application-platform-content-item-installazione application-platform-content-item\" id=\"installazione\" data-nav-section=\"installazione\"><h2>Come aggiungere la chat di WhatsApp sul mio sito WooCommerce?<\/h2><p>Basta seguire i passaggi indicati di seguito per inserire il plug-in.<\/p><ol><li><b>Apri il nostro editor gratuito e inizia a costruire il tuo strumento personalizzato.<\/b><br>Specifica l&#8217;interfaccia e i parametri preferibili del widget e salva le modifiche.<\/li><li><b>Copia il tuo codice personale che viene mostrato nel vedova su Elfsight Apps.<\/b><br>Una volta terminata la configurazione del tuo plugin personale, copia il codice esclusivo dalla finestra visualizzata e salvalo per ulteriori necessit\u00e0.<\/li><li><b>Avvia l&#8217;utilizzo del widget sul sito WooCommerce.<\/b><br>Integra il codice che hai salvato in precedenza nella tua home page e salva le modifiche.<\/li><li><b>L&#8217;installazione \u00e8 stata completata con successo.<\/b> <br>Visita la tua pagina per vedere in azione il funzionamento del plugin.<\/li><\/ol><p>Se riscontri domande o affronti alcuni ostacoli, contatta il nostro team di assistenza clienti. I nostri specialisti sono ansiosi di risolvere tutte le difficolt\u00e0 che potresti avere con il plugin.<\/p><\/div><div class=\"faq\" data-component=\"FAQ\"><div class=\"faq-item\">\r\n\t\t\t\t\t<div class=\"faq-item-question\">\r\n\t\t\t\t\t\t<h3 class=\"faq-item-question-text\">In che modo posso incorporare la chat di Whatsapp alla mia pagina web WooCommerce senza conoscenze di programmazione?<\/h3>\r\n\r\n\t\t\t\t\t\t<div class=\"faq-item-question-icon\"><\/div>\r\n\t\t\t\t\t<\/div>\r\n\r\n\t\t\t\t\t<div class=\"faq-item-answer\">\r\n\t\t\t\t\t\t<div class=\"faq-item-answer-text\"><p>La societ\u00e0 Elfsight offre una soluzione che consente agli utenti di generare da soli un widget di chat Whatsapp, verifica quanto \u00e8 semplice: <\/p><ul><li>Vai alla demo online per creare un&#8217;app Whatsapp Chat che vorresti vedere sulla tua pagina web WooCommerce.<\/li><li>Seleziona uno dei nostri modelli predefiniti e modifica le impostazioni di Whatsapp Chat, trasforma il layout e la combinazione di colori, aggiungi i tuoi contenuti senza qualsiasi conoscenza di programmazione.<\/li><li>Salva la chat di Whatsapp e ottieni il codice del widget per l&#8217;installazione, che pu\u00f2 essere aggiunto facilmente e gratuitamente in qualsiasi sito WooCommerce. <\/li><\/ul><p>Con l&#8217;aiuto del nostro editor facile da usare, qualsiasi utente di Internet pu\u00f2 creare chat Whatsapp online e incorporarla facilmente in qualsiasi sito WooCommerce. Non \u00e8 necessario sottoscrivere un abbonamento a pagamento o inviare le credenziali della carta per accedere all&#8217;editor. In caso di problemi di qualsiasi tipo, non esitare a contattare il nostro supporto tecnico clienti.<\/p><\/div>\r\n\t\t\t\t\t<\/div>\r\n\t\t\t\t<\/div><\/div>\n","protected":false},"excerpt":{"rendered":"","protected":false},"author":9,"featured_media":0,"parent":967,"menu_order":0,"comment_status":"closed","ping_status":"closed","template":"templates\/template-application-platform.php","meta":{"publish_to_discourse":"","publish_post_category":"","wpdc_auto_publish_overridden":"","wpdc_topic_tags":"","wpdc_pin_topic":"","wpdc_pin_until":"","discourse_post_id":"","discourse_permalink":"","wpdc_publishing_response":"","wpdc_publishing_error":"","footnotes":""},"class_list":["post-6658","page","type-page","status-publish","hentry"],"yoast_head":"<!-- This site is optimized with the Yoast SEO plugin v25.3.1 - https:\/\/yoast.com\/wordpress\/plugins\/seo\/ -->\n<title>Plug-in WooCommerce WhatsApp Chat per il tuo sito web (2025)<\/title>\n<meta name=\"description\" content=\"Sfrutta la possibilit\u00e0 di personalizzare il plug-in di chat di WhatsApp nell&#039;editor e introdurlo nel tuo sito Web WooCommerce direttamente attraverso la demo.\" \/>\n<meta name=\"robots\" content=\"index, follow, max-snippet:-1, max-image-preview:large, max-video-preview:-1\" \/>\n<link rel=\"canonical\" href=\"https:\/\/elfsight.com\/it\/whatsapp-chat-widget\/woocommerce\/\" \/>\n<meta property=\"og:locale\" content=\"it_IT\" \/>\n<meta property=\"og:type\" content=\"article\" \/>\n<meta property=\"og:title\" content=\"Plug-in WooCommerce WhatsApp Chat per il tuo sito web (2025)\" \/>\n<meta property=\"og:description\" content=\"Sfrutta la possibilit\u00e0 di personalizzare il plug-in di chat di WhatsApp nell&#039;editor e introdurlo nel tuo sito Web WooCommerce direttamente attraverso la demo.\" \/>\n<meta property=\"og:url\" content=\"https:\/\/elfsight.com\/it\/whatsapp-chat-widget\/woocommerce\/\" \/>\n<meta property=\"og:site_name\" content=\"Elfsight IT\" \/>\n<meta property=\"article:modified_time\" content=\"2025-03-13T09:53:55+00:00\" \/>\n<meta name=\"twitter:card\" content=\"summary_large_image\" \/>\n<meta name=\"twitter:label1\" content=\"Tempo di lettura stimato\" \/>\n\t<meta name=\"twitter:data1\" content=\"4 minuti\" \/>\n<!-- \/ Yoast SEO plugin. -->","yoast_head_json":{"title":"Plug-in WooCommerce WhatsApp Chat per il tuo sito web (2025)","description":"Sfrutta la possibilit\u00e0 di personalizzare il plug-in di chat di WhatsApp nell'editor e introdurlo nel tuo sito Web WooCommerce direttamente attraverso la demo.","robots":{"index":"index","follow":"follow","max-snippet":"max-snippet:-1","max-image-preview":"max-image-preview:large","max-video-preview":"max-video-preview:-1"},"canonical":"https:\/\/elfsight.com\/it\/whatsapp-chat-widget\/woocommerce\/","og_locale":"it_IT","og_type":"article","og_title":"Plug-in WooCommerce WhatsApp Chat per il tuo sito web (2025)","og_description":"Sfrutta la possibilit\u00e0 di personalizzare il plug-in di chat di WhatsApp nell'editor e introdurlo nel tuo sito Web WooCommerce direttamente attraverso la demo.","og_url":"https:\/\/elfsight.com\/it\/whatsapp-chat-widget\/woocommerce\/","og_site_name":"Elfsight IT","article_modified_time":"2025-03-13T09:53:55+00:00","twitter_card":"summary_large_image","twitter_misc":{"Tempo di lettura stimato":"4 minuti"},"schema":{"@context":"https:\/\/schema.org","@graph":[{"@type":"WebPage","@id":"https:\/\/elfsight.com\/it\/whatsapp-chat-widget\/woocommerce\/","url":"https:\/\/elfsight.com\/it\/whatsapp-chat-widget\/woocommerce\/","name":"Plug-in WooCommerce WhatsApp Chat per il tuo sito web (2025)","isPartOf":{"@id":"https:\/\/elfsight.com\/it\/#website"},"datePublished":"1970-01-01T00:00:00+00:00","dateModified":"2025-03-13T09:53:55+00:00","description":"Sfrutta la possibilit\u00e0 di personalizzare il plug-in di chat di WhatsApp nell'editor e introdurlo nel tuo sito Web WooCommerce direttamente attraverso la demo.","breadcrumb":{"@id":"https:\/\/elfsight.com\/it\/whatsapp-chat-widget\/woocommerce\/#breadcrumb"},"inLanguage":"it-IT","potentialAction":[{"@type":"ReadAction","target":["https:\/\/elfsight.com\/it\/whatsapp-chat-widget\/woocommerce\/"]}]},{"@type":"BreadcrumbList","@id":"https:\/\/elfsight.com\/it\/whatsapp-chat-widget\/woocommerce\/#breadcrumb","itemListElement":[{"@type":"ListItem","position":1,"name":"Home","item":"https:\/\/elfsight.com\/it\/"},{"@type":"ListItem","position":2,"name":"WhatsApp Chat","item":"https:\/\/elfsight.com\/it\/whatsapp-chat-widget\/"},{"@type":"ListItem","position":3,"name":"WhatsApp Chat &#8211; WooCommerce"}]},{"@type":"WebSite","@id":"https:\/\/elfsight.com\/it\/#website","url":"https:\/\/elfsight.com\/it\/","name":"Elfsight IT","description":"Just another Elfsight Sites site","potentialAction":[{"@type":"SearchAction","target":{"@type":"EntryPoint","urlTemplate":"https:\/\/elfsight.com\/it\/?s={search_term_string}"},"query-input":{"@type":"PropertyValueSpecification","valueRequired":true,"valueName":"search_term_string"}}],"inLanguage":"it-IT"}]}},"meta_box":{"industry":"","seo_heading":"","heading":"","description":"","cta_heading":"","cta_description":"","application":"960","h1":"Plug-in per chat WhatsApp WooCommerce","h1_caption":"Il canale di interazione pi\u00f9 veloce per gli utenti del tuo sito web","application_category":[],"applications_title":"","applications_request_title":"","applications_request_button_text":"","hero_text":"","hero_video":"","hero_video_schema_markup":"","selling_points_title":"","selling_points_caption":"","selling_points":[],"selling_points_cta_text":"","features_title":"","features":"","ed_cta_examples_text":"","ed_cta_examples_hidden":"","ed_cta_demo_text":"","ed_cta_demo_hidden":"","why_caption":"","why_editor_title":"","why_editor_text":"","why_team_title":"","why_team_text":"","why_service_title":"","why_service_text":"","template_catalog_visible":"0","template_catalog_title":"","template_catalog_text":"","template_catalog_categories_visible":"","demo_title":"Crea la tua app di chat WhatsApp","demo_caption":"Configura la tua chat WhatsApp e aggiungila gratuitamente al tuo sito WooCommerce!","default_faq_hidden":"","app_template_category":[],"platform":"80","template_public_id":"","codecanyon_url":"","codecanyon_item_id":"","codecanyon_price":"","pricing_caption":"","pricing_elfsight_apps_hide_column":"","pricing_elfsight_apps_url":"","pricing_codecanyon_price_caption":"","integration_category":[],"integration_request_title":"","integration_request_cta":"","integration_platform":"","integrations":[],"platform_category":[],"video_schema_markup":"","price":"da $ 0 al mese","trial":"","benefits":[{"text":"Aiuto per l'installazione gratuito"},{"text":"Servizio clienti competente"},{"text":"Garanzia di rimborso di 14 giorni"},{"text":"Sviluppo continuo"}],"button_url":"#demo","button_target_blank":"0","button_nofollow":"0","attributes":[{"name":"Installazioni"},{"name":"Reattivo"},{"name":"Browser compatibili"}],"tags":[],"tags_disable_links":"0","hide_more_platforms":"0","video_object":"","demo_hide_cta":"0","demo_hide_cloud_options":"0","pricing_title":"","pricing":[{"pricing_icon":"platform","pricing_title":"Elfsight Apps","pricing_title_caption":"Soluzione digitale indipendente dalla piattaforma adatta a qualsiasi sito web","pricing_price":"da $ 0 \/ mese","pricing_price_caption":"inizia con un piano gratuito","pricing_benefits":[{"text":"Siti web illimitati"},{"text":"Assistenza clienti 24 ore su 24, 7 giorni su 7 e ben documentata"},{"text":"Supporto gratuito per l'installazione"},{"text":"Completamente personalizzabile"}],"pricing_button_text":"Aggiungi al sito web","pricing_button_url":"#demo"}],"related_apps_title":"","related_apps_hidden":"0","author":"","image":[],"title":"","job":"","social_networks":[]},"_links":{"self":[{"href":"https:\/\/elfsight.com\/it\/wp-json\/wp\/v2\/pages\/6658","targetHints":{"allow":["GET"]}}],"collection":[{"href":"https:\/\/elfsight.com\/it\/wp-json\/wp\/v2\/pages"}],"about":[{"href":"https:\/\/elfsight.com\/it\/wp-json\/wp\/v2\/types\/page"}],"author":[{"embeddable":true,"href":"https:\/\/elfsight.com\/it\/wp-json\/wp\/v2\/users\/9"}],"replies":[{"embeddable":true,"href":"https:\/\/elfsight.com\/it\/wp-json\/wp\/v2\/comments?post=6658"}],"version-history":[{"count":2,"href":"https:\/\/elfsight.com\/it\/wp-json\/wp\/v2\/pages\/6658\/revisions"}],"predecessor-version":[{"id":8620,"href":"https:\/\/elfsight.com\/it\/wp-json\/wp\/v2\/pages\/6658\/revisions\/8620"}],"up":[{"embeddable":true,"href":"https:\/\/elfsight.com\/it\/wp-json\/wp\/v2\/pages\/967"}],"wp:attachment":[{"href":"https:\/\/elfsight.com\/it\/wp-json\/wp\/v2\/media?parent=6658"}],"curies":[{"name":"wp","href":"https:\/\/api.w.org\/{rel}","templated":true}]}}