{"id":6643,"date":"1970-01-01T00:00:00","date_gmt":"1970-01-01T00:00:00","guid":{"rendered":"https:\/\/elfsight.com\/it\/?page_id=6643"},"modified":"2025-03-24T08:32:43","modified_gmt":"2025-03-24T08:32:43","slug":"bigcommerce","status":"publish","type":"page","link":"https:\/\/elfsight.com\/it\/weather-widget\/bigcommerce\/","title":{"rendered":"Weather &#8211; BigCommerce"},"content":{"rendered":"\n<div class=\"application-platform-content-item-description application-platform-content-item\" id=\"description\" data-nav-section=\"description\"><h2>Descrizione<\/h2><p>Elfsight Weather \u00e8 un plugin per siti web utile e facilmente personalizzabile per dimostrare il tempo attuale per un&#8217;area scelta. Aggiungi una posizione tramite il nome, il CAP o le coordinate. I visitatori del sito web possono ora vedere le informazioni aggiornate su temperatura, pressione atmosferica, umidit\u00e0 e tempo attivo. Il widget ha un&#8217;opzione per mostrare le previsioni per la settimana o per le prossime 12 ore. Il widget include anche immagini di sfondo a tema e la possibilit\u00e0 di dipingere lo sfondo con qualsiasi colore. <\/p><p><b>Aumenta le vendite di prodotti stagionali mostrando previsioni meteorologiche precise sul tuo sito web! <\/b><\/p><\/div><div class=\"application-platform-content-item-features application-platform-content-item\" id=\"features\" data-nav-section=\"features\"><p>Controlla tutte le funzionalit\u00e0 del widget Meteo. Sono disponibili direttamente nell&#8217;editor e ti aiuteranno a configurare il widget appositamente per le tue esigenze. <\/p><ul><li>Tre metodi per aggiungere il luogo: il nome, il codice postale e le coordinate; <\/li><li>Oltre 30 lingue incluse per mostrare i dati meteorologici nella lingua del tuo pubblico; <\/li><li>5 tipi di configurazione del widget per diversi casi d&#8217;uso; <\/li><li>La possibilit\u00e0 di mostrare le previsioni giornaliere per una settimana con le date; <\/li><li>Mostra il meteo orario per le dodici ore pi\u00f9 vicine.<\/li><\/ul><p><a href=\"#demo\">Scopri come funzionano tutte le funzionalit\u00e0 nella nostra demo<\/a> <\/p><\/div><div class=\"application-platform-content-item-installation application-platform-content-item\" id=\"installation\" data-nav-section=\"installation\"><h2>Come aggiungere l&#8217;app Meteo al sito BigCommerce? <\/h2><div class=\"video-container\"><iframe width=\"560\" height=\"315\" src=\"https:\/\/www.youtube.com\/embed\/BaMQXvHomzk?si=hj0IlAKmKRnIdDE7\" frameborder=\"0\" allow=\"accelerometer; autoplay; clipboard-write; encrypted-media; gyroscope; picture-in-picture; web-share\" allowfullscreen><\/iframe><\/div><p>Basta applicare le istruzioni seguenti per aggiungere lo strumento su BigCommerce.<\/p> <ol><li><b>Gestisci la nostra demo gratuita e inizia a creare la tua app personalizzata. <\/b><br> Scegli la forma e la funzionalit\u00e0 preferite del widget e applica le modifiche. <\/li> <li><b>Ricevi il tuo codice univoco mostrato nell&#8217;apposito modulo su Elfsight Apps. <\/b><br> Subito dopo aver completato la generazione della tua app Meteo personale, copia il codice esclusivo nel popup visualizzato e salvalo per un ulteriore utilizzo. <\/li> <li><b>Inizia a utilizzare lo strumento sul tuo sito BigCommerce. <\/b><br> Incorpora il codice salvato di recente nel tuo sito web e salva le correzioni. <\/li> <li><b>L&#8217;installazione \u00e8 stata eseguita con successo. <\/b><br> Visita il tuo sito per esaminare come funziona il plug-in. <\/li><\/ol><p>Non esitate a contattare il servizio di supporto Elfsight nel caso abbiate bisogno di consigli o domande. Daremo una mano con ogni richiesta.<\/p><div class=\"faq\" data-component=\"FAQ\"><div class=\"faq-item\">\r\n\t\t\t\t\t<div class=\"faq-item-question\">\r\n\t\t\t\t\t\t<h3 class=\"faq-item-question-text\">In che modo posso incorporare Meteo nel mio sito BigCommerce senza esperienza di codifica?<\/h3>\r\n\r\n\t\t\t\t\t\t<div class=\"faq-item-question-icon\"><\/div>\r\n\t\t\t\t\t<\/div>\r\n\r\n\t\t\t\t\t<div class=\"faq-item-answer\">\r\n\t\t\t\t\t\t<div class=\"faq-item-answer-text\"> <p>La societ\u00e0 Elfsight introduce una soluzione SaaS che consente agli utenti di creare tu stesso un widget Meteo, scopri quanto \u00e8 semplice il processo: inizia a lavorare direttamente nell&#8217;editor live per creare un plug-in Meteo che desideri incorporare nel sito Web BigCommerce. Fai clic su uno dei modelli gi\u00e0 pronti e modifica le impostazioni Meteo, modifica il layout e il colore degli elementi inclusi i tuoi contenuti, senza alcuna conoscenza di programmazione. Fai clic per salvare le impostazioni effettuate su Meteo e ottenere il codice di installazione del plug-in, che pu\u00f2 essere incollato nella home page di %platform% senza la necessit\u00e0 di acquistare un piano a pagamento. Con l&#8217;intuitivo Configuratore ogni utente di Internet pu\u00f2 creare widget meteo online e aggiungerli facilmente al sito Web BigCommerce. Non \u00e8 necessario sottoscrivere un abbonamento a pagamento o inserire le credenziali della propria carta per accedere a Elfsight Editor. Se incontri ostacoli di qualsiasi tipo, vai avanti e contatta la nostra assistenza clienti.<\/p> <\/div>\r\n\t\t\t\t\t<\/div>\r\n\t\t\t\t<\/div> <\/div><\/div>\n","protected":false},"excerpt":{"rendered":"","protected":false},"author":9,"featured_media":0,"parent":2120,"menu_order":0,"comment_status":"closed","ping_status":"closed","template":"templates\/template-application-platform.php","meta":{"publish_to_discourse":"","publish_post_category":"","wpdc_auto_publish_overridden":"","wpdc_topic_tags":"","wpdc_pin_topic":"","wpdc_pin_until":"","discourse_post_id":"","discourse_permalink":"","wpdc_publishing_response":"","wpdc_publishing_error":"","footnotes":""},"class_list":["post-6643","page","type-page","status-publish","hentry"],"yoast_head":"<!-- This site is optimized with the Yoast SEO plugin v25.3.1 - https:\/\/yoast.com\/wordpress\/plugins\/seo\/ -->\n<title>Widget meteo: aggiungi l&#039;app Meteo al sito Web BigCommerce [2025]<\/title>\n<meta name=\"description\" content=\"Ecco un&#039;opportunit\u00e0 per costruire il widget Meteo e aggiungerlo al tuo sito web BigCommerce. Ottieni assistenza clienti gratuita e altri vantaggi da Elfsight.\" \/>\n<meta name=\"robots\" content=\"index, follow, max-snippet:-1, max-image-preview:large, max-video-preview:-1\" \/>\n<link rel=\"canonical\" href=\"https:\/\/elfsight.com\/it\/weather-widget\/bigcommerce\/\" \/>\n<meta property=\"og:locale\" content=\"it_IT\" \/>\n<meta property=\"og:type\" content=\"article\" \/>\n<meta property=\"og:title\" content=\"Widget meteo: aggiungi l&#039;app Meteo al sito Web BigCommerce [2025]\" \/>\n<meta property=\"og:description\" content=\"Ecco un&#039;opportunit\u00e0 per costruire il widget Meteo e aggiungerlo al tuo sito web BigCommerce. Ottieni assistenza clienti gratuita e altri vantaggi da Elfsight.\" \/>\n<meta property=\"og:url\" content=\"https:\/\/elfsight.com\/it\/weather-widget\/bigcommerce\/\" \/>\n<meta property=\"og:site_name\" content=\"Elfsight IT\" \/>\n<meta property=\"article:modified_time\" content=\"2025-03-24T08:32:43+00:00\" \/>\n<meta name=\"twitter:card\" content=\"summary_large_image\" \/>\n<meta name=\"twitter:label1\" content=\"Tempo di lettura stimato\" \/>\n\t<meta name=\"twitter:data1\" content=\"3 minuti\" \/>\n<!-- \/ Yoast SEO plugin. -->","yoast_head_json":{"title":"Widget meteo: aggiungi l'app Meteo al sito Web BigCommerce [2025]","description":"Ecco un'opportunit\u00e0 per costruire il widget Meteo e aggiungerlo al tuo sito web BigCommerce. Ottieni assistenza clienti gratuita e altri vantaggi da Elfsight.","robots":{"index":"index","follow":"follow","max-snippet":"max-snippet:-1","max-image-preview":"max-image-preview:large","max-video-preview":"max-video-preview:-1"},"canonical":"https:\/\/elfsight.com\/it\/weather-widget\/bigcommerce\/","og_locale":"it_IT","og_type":"article","og_title":"Widget meteo: aggiungi l'app Meteo al sito Web BigCommerce [2025]","og_description":"Ecco un'opportunit\u00e0 per costruire il widget Meteo e aggiungerlo al tuo sito web BigCommerce. Ottieni assistenza clienti gratuita e altri vantaggi da Elfsight.","og_url":"https:\/\/elfsight.com\/it\/weather-widget\/bigcommerce\/","og_site_name":"Elfsight IT","article_modified_time":"2025-03-24T08:32:43+00:00","twitter_card":"summary_large_image","twitter_misc":{"Tempo di lettura stimato":"3 minuti"},"schema":{"@context":"https:\/\/schema.org","@graph":[{"@type":"WebPage","@id":"https:\/\/elfsight.com\/it\/weather-widget\/bigcommerce\/","url":"https:\/\/elfsight.com\/it\/weather-widget\/bigcommerce\/","name":"Widget meteo: aggiungi l'app Meteo al sito Web BigCommerce [2025]","isPartOf":{"@id":"https:\/\/elfsight.com\/it\/#website"},"datePublished":"1970-01-01T00:00:00+00:00","dateModified":"2025-03-24T08:32:43+00:00","description":"Ecco un'opportunit\u00e0 per costruire il widget Meteo e aggiungerlo al tuo sito web BigCommerce. Ottieni assistenza clienti gratuita e altri vantaggi da Elfsight.","breadcrumb":{"@id":"https:\/\/elfsight.com\/it\/weather-widget\/bigcommerce\/#breadcrumb"},"inLanguage":"it-IT","potentialAction":[{"@type":"ReadAction","target":["https:\/\/elfsight.com\/it\/weather-widget\/bigcommerce\/"]}]},{"@type":"BreadcrumbList","@id":"https:\/\/elfsight.com\/it\/weather-widget\/bigcommerce\/#breadcrumb","itemListElement":[{"@type":"ListItem","position":1,"name":"Home","item":"https:\/\/elfsight.com\/it\/"},{"@type":"ListItem","position":2,"name":"Weather","item":"https:\/\/elfsight.com\/it\/weather-widget\/"},{"@type":"ListItem","position":3,"name":"Weather &#8211; BigCommerce"}]},{"@type":"WebSite","@id":"https:\/\/elfsight.com\/it\/#website","url":"https:\/\/elfsight.com\/it\/","name":"Elfsight IT","description":"Just another Elfsight Sites site","potentialAction":[{"@type":"SearchAction","target":{"@type":"EntryPoint","urlTemplate":"https:\/\/elfsight.com\/it\/?s={search_term_string}"},"query-input":{"@type":"PropertyValueSpecification","valueRequired":true,"valueName":"search_term_string"}}],"inLanguage":"it-IT"}]}},"meta_box":{"industry":"","seo_heading":"","heading":"","description":"","cta_heading":"","cta_description":"","application":"2119","h1":"Applicazione Meteo BigCommerce","h1_caption":"Visualizza le informazioni meteorologiche attuali per qualsiasi posizione sul tuo sito web per coinvolgere facilmente il tuo pubblico locale o in viaggio nel tuo sito web BigCommerce.","application_category":[],"applications_title":"","applications_request_title":"","applications_request_button_text":"","hero_text":"","hero_video":"","hero_video_schema_markup":"","selling_points_title":"","selling_points_caption":"","selling_points":[],"selling_points_cta_text":"","features_title":"","features":"","ed_cta_examples_text":"","ed_cta_examples_hidden":"","ed_cta_demo_text":"","ed_cta_demo_hidden":"","why_caption":"","why_editor_title":"","why_editor_text":"","why_team_title":"","why_team_text":"","why_service_title":"","why_service_text":"","template_catalog_visible":"0","template_catalog_title":"","template_catalog_text":"","template_catalog_categories_visible":"","demo_title":"Crea la tua app Meteo","demo_caption":"Configura il tuo meteo e aggiungilo gratuitamente al tuo sito BigCommerce!","default_faq_hidden":"","app_template_category":[],"platform":"32","template_public_id":"","codecanyon_url":"","codecanyon_item_id":"","codecanyon_price":"","pricing_caption":"","pricing_elfsight_apps_hide_column":"","pricing_elfsight_apps_url":"","pricing_codecanyon_price_caption":"","integration_category":[],"integration_request_title":"","integration_request_cta":"","integration_platform":"","integrations":[],"platform_category":[],"video_schema_markup":"","price":"da $ 0 al mese","trial":"","benefits":[{"text":"Aiuto per l'installazione gratuito"},{"text":"Servizio clienti efficace"},{"text":"Garanzia di rimborso di 14 giorni"},{"text":"Aggiornamento costante"}],"button_url":"#demo","button_target_blank":"0","button_nofollow":"0","attributes":[{"name":"Installazioni"},{"name":"Reattivo"},{"name":"Browser compatibili"}],"tags":[],"tags_disable_links":"0","hide_more_platforms":"0","video_object":"","demo_hide_cta":"0","demo_hide_cloud_options":"0","pricing_title":"","pricing":[{"pricing_icon":"platform","pricing_title":"Elfsight Apps","pricing_title_caption":"Versione multipiattaforma adatta a qualsiasi sito web","pricing_price":"da $ 0 \/ mese","pricing_price_caption":"inizia con un piano gratuito","pricing_benefits":[{"text":"Siti web illimitati"},{"text":"Supporto rapido e ben documentato"},{"text":"Assistenza gratuita per l'installazione"},{"text":"Progettazione flessibile"}],"pricing_button_text":"Aggiungi al sito web","pricing_button_url":"#demo"}],"related_apps_title":"","related_apps_hidden":"0","author":"","image":[],"title":"","job":"","social_networks":[]},"_links":{"self":[{"href":"https:\/\/elfsight.com\/it\/wp-json\/wp\/v2\/pages\/6643","targetHints":{"allow":["GET"]}}],"collection":[{"href":"https:\/\/elfsight.com\/it\/wp-json\/wp\/v2\/pages"}],"about":[{"href":"https:\/\/elfsight.com\/it\/wp-json\/wp\/v2\/types\/page"}],"author":[{"embeddable":true,"href":"https:\/\/elfsight.com\/it\/wp-json\/wp\/v2\/users\/9"}],"replies":[{"embeddable":true,"href":"https:\/\/elfsight.com\/it\/wp-json\/wp\/v2\/comments?post=6643"}],"version-history":[{"count":3,"href":"https:\/\/elfsight.com\/it\/wp-json\/wp\/v2\/pages\/6643\/revisions"}],"predecessor-version":[{"id":9948,"href":"https:\/\/elfsight.com\/it\/wp-json\/wp\/v2\/pages\/6643\/revisions\/9948"}],"up":[{"embeddable":true,"href":"https:\/\/elfsight.com\/it\/wp-json\/wp\/v2\/pages\/2120"}],"wp:attachment":[{"href":"https:\/\/elfsight.com\/it\/wp-json\/wp\/v2\/media?parent=6643"}],"curies":[{"name":"wp","href":"https:\/\/api.w.org\/{rel}","templated":true}]}}