{"id":6637,"date":"1970-01-01T00:00:00","date_gmt":"1970-01-01T00:00:00","guid":{"rendered":"https:\/\/elfsight.com\/it\/?page_id=6637"},"modified":"2025-03-24T08:35:14","modified_gmt":"2025-03-24T08:35:14","slug":"drupal","status":"publish","type":"page","link":"https:\/\/elfsight.com\/it\/weather-widget\/drupal\/","title":{"rendered":"Weather &#8211; Drupal"},"content":{"rendered":"\n<div class=\"application-platform-content-item-description application-platform-content-item\" id=\"description\" data-nav-section=\"description\"><h2>Descrizione<\/h2><p>Il widget Meteo Elfsight \u00e8 un plugin per siti web rapido e regolabile per mostrare le informazioni meteo aggiornate per qualsiasi punto richiesto su la mappa. Inserisci un quartiere utilizzando il nome, il CAP o le coordinate. Il pubblico del sito web ora pu\u00f2 controllare le informazioni aggiornate su temperatura, pressione, percentuale di umidit\u00e0 e tempo attivo. Il nostro widget include una funzionalit\u00e0 per visualizzare previsioni orarie o giornaliere. Puoi personalizzare l&#8217;interfaccia utilizzando uno sfondo a tema meteorologico e la funzione per scegliere i tuoi colori. <\/p><p><b>Migliora l&#8217;esperienza utente con un widget meteo informativo sul tuo sito web. <\/b><\/p><\/div><div class=\"faq\" data-component=\"FAQ\"><div class=\"faq-item\">\r\n\t\t\t\t\t<div class=\"faq-item-question\">\r\n\t\t\t\t\t\t<h3 class=\"faq-item-question-text\">Come aggiungere il widget Meteo a una pagina Drupal?<\/h3>\r\n\r\n\t\t\t\t\t\t<div class=\"faq-item-question-icon\"><\/div>\r\n\t\t\t\t\t<\/div>\r\n\r\n\t\t\t\t\t<div class=\"faq-item-answer\">\r\n\t\t\t\t\t\t<div class=\"faq-item-answer-text\"><p>Il processo richieder\u00e0 diversi minuti e non richieder\u00e0 mai alcuna competenza di programmazione. Innanzitutto, dovresti personalizzare il tuo modulo meteo: spegni o accendi la temperatura, scegli una posizione personalizzata, incorpora un codice postale di una citt\u00e0 e ricevi il meteo locale in tempo reale. Copia il codice di installazione nella finestra popup, incollalo nella posizione richiesta della tua pagina web e voil\u00e0! &#8211; riceverai il tuo modulo meteo live su Drupal.<\/p><p>Desideri saperne di pi\u00f9 sull&#8217;installazione su altre piattaforme? Puoi farlo <a href=\"https:\/\/elfsight.com\/tutorials\/how-to-add-weather-widget\/#how-to-add-weather-to-drupal\">su questa pagina<\/a>.<\/p><\/div>\r\n\t\t\t\t\t<\/div>\r\n\t\t\t\t<\/div><div class=\"faq-item\">\r\n\t\t\t\t\t<div class=\"faq-item-question\">\r\n\t\t\t\t\t\t<h3 class=\"faq-item-question-text\">Ho l'opportunit\u00e0 di vedere come apparir\u00e0 il widget su un sito?<\/h3>\r\n\r\n\t\t\t\t\t\t<div class=\"faq-item-question-icon\"><\/div>\r\n\t\t\t\t\t<\/div>\r\n\r\n\t\t\t\t\t<div class=\"faq-item-answer\">\r\n\t\t\t\t\t\t<div class=\"faq-item-answer-text\"><p>Certamente! Durante il processo di sviluppo del plugin meteo Drupal <a href=\"https:\/\/elfsight.com\/weather-widget\/#demo\">nell&#8217;editor online gratuito<\/a>, vedrai tutte le modifiche sulla destra. Il tuo widget meteo avr\u00e0 esattamente lo stesso aspetto che avrai su un sito Drupal. <\/p><\/div>\r\n\t\t\t\t\t<\/div>\r\n\t\t\t\t<\/div><div class=\"faq-item\">\r\n\t\t\t\t\t<div class=\"faq-item-question\">\r\n\t\t\t\t\t\t<h3 class=\"faq-item-question-text\">Quali altri widget sono essenziali per un sito Web Drupal?<\/h3>\r\n\r\n\t\t\t\t\t\t<div class=\"faq-item-question-icon\"><\/div>\r\n\t\t\t\t\t<\/div>\r\n\r\n\t\t\t\t\t<div class=\"faq-item-answer\">\r\n\t\t\t\t\t\t<div class=\"faq-item-answer-text\"><p>Puoi ottenere tantissimi strumenti utili per Drupal in Elfsight. Ad esempio, puoi ottenere una <a href=\"https:\/\/elfsight.com\/whatsapp-chat-widget\/drupal\/\">Chat di WhatsApp<\/a>, una <a href=\"https:\/\/elfsight.com\/online-form-builder\/drupal\/\">Form Builder<\/a>, un <a href=\"https:\/\/elfsight.com\/pdf-embed-widget\/drupal\/\">PDF incorporato<\/a> e <a href=\"https:\/\/elfsight.com\/instagram-feed-instashow\/drupal\/\">Feed di Instagram<\/a>. Inoltre, puoi ottenere un <a href=\"https:\/\/elfsight.com\/event-calendar-widget\/drupal\/\">Calendario degli eventi<\/a> per condividere ci\u00f2 che accade nella tua attivit\u00e0 sotto forma di calendario .<\/p><\/div>\r\n\t\t\t\t\t<\/div>\r\n\t\t\t\t<\/div><\/div><div class=\"application-platform-content-item-features application-platform-content-item\" id=\"features\" data-nav-section=\"features\"><p>Ecco un elenco di tutte le funzioni del widget Meteo. Sono disponibili direttamente nell&#8217;editor e ti aiuteranno a modellare il widget esattamente per il tuo caso d&#8217;uso. <\/p><ul><li>3 modi per aggiungere il luogo: il nome, il codice postale o le coordinate; <\/li><li>Sono supportate oltre 30 lingue per visualizzare le informazioni meteo nella lingua parlata dal tuo pubblico; <\/li><li>Cinque varianti della configurazione del widget per diversi casi d&#8217;uso; <\/li><li>La capacit\u00e0 di dimostrare le previsioni giornaliere per la settimana successiva con le date; <\/li><li>Mostra il meteo ora per ora per le prossime 12 ore. <\/li><\/ul><p><a href=\"#demo\">Puoi testare tutte le caratteristiche funzionali del widget direttamente nella demo<\/a><\/p><\/div><div class=\"application-platform-content-item-installation application-platform-content-item\" id=\"installation\" data-nav-section=\"installation\"><h2>Come aggiungere il modulo Meteo al sito Drupal? <\/h2><p>Segui semplicemente i passaggi descritti di seguito per integrare lo strumento su Drupal.<\/p> <ol><li><b>Esegui il nostro configuratore gratuito e inizia a creare il tuo modulo Meteo unico. <\/b><br> Specifica la forma preferibile e le specifiche del modulo e salva le modifiche. <\/li> <li><b>Acquisisci il codice univoco che appare nel riquadro su Elfsight Apps. <\/b><br> Una volta completata la generazione del modulo, copia il codice esclusivo nel popup emerso e conservalo per un utilizzo successivo. <\/li> <li><b>Accedi utilizzando lo strumento sul sito Drupal. <\/b><br> Inserisci il codice copiato di recente nel tuo sito web e salva i miglioramenti. <\/li> <li><b>Il gioco \u00e8 fatto! L&#8217;incorporamento \u00e8 stato completato con successo. <\/b><br> Vai alla tua pagina per osservare come funziona lo strumento. <\/li><\/ol><p>Non pensarci due volte per contattare l&#8217;assistenza clienti Elfsight se hai bisogno di assistenza o hai domande. I nostri specialisti daranno una mano per ogni richiesta. <\/p><\/div>\n","protected":false},"excerpt":{"rendered":"","protected":false},"author":9,"featured_media":0,"parent":2120,"menu_order":0,"comment_status":"closed","ping_status":"closed","template":"templates\/template-application-platform.php","meta":{"publish_to_discourse":"","publish_post_category":"","wpdc_auto_publish_overridden":"","wpdc_topic_tags":"","wpdc_pin_topic":"","wpdc_pin_until":"","discourse_post_id":"","discourse_permalink":"","wpdc_publishing_response":"","wpdc_publishing_error":"","footnotes":""},"class_list":["post-6637","page","type-page","status-publish","hentry"],"yoast_head":"<!-- This site is optimized with the Yoast SEO plugin v25.3.1 - https:\/\/yoast.com\/wordpress\/plugins\/seo\/ -->\n<title>Widget meteo: aggiungi l&#039;app Meteo al sito Web Drupal (gratuito e veloce)<\/title>\n<meta name=\"description\" content=\"Crea e aggiungi un&#039;app Meteo reattiva sul tuo sito Drupal. L&#039;assistenza clienti Elfsight \u00e8 gratuita e veloce.\" \/>\n<meta name=\"robots\" content=\"index, follow, max-snippet:-1, max-image-preview:large, max-video-preview:-1\" \/>\n<link rel=\"canonical\" href=\"https:\/\/elfsight.com\/it\/weather-widget\/drupal\/\" \/>\n<meta property=\"og:locale\" content=\"it_IT\" \/>\n<meta property=\"og:type\" content=\"article\" \/>\n<meta property=\"og:title\" content=\"Widget meteo: aggiungi l&#039;app Meteo al sito Web Drupal (gratuito e veloce)\" \/>\n<meta property=\"og:description\" content=\"Crea e aggiungi un&#039;app Meteo reattiva sul tuo sito Drupal. L&#039;assistenza clienti Elfsight \u00e8 gratuita e veloce.\" \/>\n<meta property=\"og:url\" content=\"https:\/\/elfsight.com\/it\/weather-widget\/drupal\/\" \/>\n<meta property=\"og:site_name\" content=\"Elfsight IT\" \/>\n<meta property=\"article:modified_time\" content=\"2025-03-24T08:35:14+00:00\" \/>\n<meta name=\"twitter:card\" content=\"summary_large_image\" \/>\n<meta name=\"twitter:label1\" content=\"Tempo di lettura stimato\" \/>\n\t<meta name=\"twitter:data1\" content=\"3 minuti\" \/>\n<!-- \/ Yoast SEO plugin. -->","yoast_head_json":{"title":"Widget meteo: aggiungi l'app Meteo al sito Web Drupal (gratuito e veloce)","description":"Crea e aggiungi un'app Meteo reattiva sul tuo sito Drupal. L'assistenza clienti Elfsight \u00e8 gratuita e veloce.","robots":{"index":"index","follow":"follow","max-snippet":"max-snippet:-1","max-image-preview":"max-image-preview:large","max-video-preview":"max-video-preview:-1"},"canonical":"https:\/\/elfsight.com\/it\/weather-widget\/drupal\/","og_locale":"it_IT","og_type":"article","og_title":"Widget meteo: aggiungi l'app Meteo al sito Web Drupal (gratuito e veloce)","og_description":"Crea e aggiungi un'app Meteo reattiva sul tuo sito Drupal. L'assistenza clienti Elfsight \u00e8 gratuita e veloce.","og_url":"https:\/\/elfsight.com\/it\/weather-widget\/drupal\/","og_site_name":"Elfsight IT","article_modified_time":"2025-03-24T08:35:14+00:00","twitter_card":"summary_large_image","twitter_misc":{"Tempo di lettura stimato":"3 minuti"},"schema":{"@context":"https:\/\/schema.org","@graph":[{"@type":"WebPage","@id":"https:\/\/elfsight.com\/it\/weather-widget\/drupal\/","url":"https:\/\/elfsight.com\/it\/weather-widget\/drupal\/","name":"Widget meteo: aggiungi l'app Meteo al sito Web Drupal (gratuito e veloce)","isPartOf":{"@id":"https:\/\/elfsight.com\/it\/#website"},"datePublished":"1970-01-01T00:00:00+00:00","dateModified":"2025-03-24T08:35:14+00:00","description":"Crea e aggiungi un'app Meteo reattiva sul tuo sito Drupal. L'assistenza clienti Elfsight \u00e8 gratuita e veloce.","breadcrumb":{"@id":"https:\/\/elfsight.com\/it\/weather-widget\/drupal\/#breadcrumb"},"inLanguage":"it-IT","potentialAction":[{"@type":"ReadAction","target":["https:\/\/elfsight.com\/it\/weather-widget\/drupal\/"]}]},{"@type":"BreadcrumbList","@id":"https:\/\/elfsight.com\/it\/weather-widget\/drupal\/#breadcrumb","itemListElement":[{"@type":"ListItem","position":1,"name":"Home","item":"https:\/\/elfsight.com\/it\/"},{"@type":"ListItem","position":2,"name":"Weather","item":"https:\/\/elfsight.com\/it\/weather-widget\/"},{"@type":"ListItem","position":3,"name":"Weather &#8211; Drupal"}]},{"@type":"WebSite","@id":"https:\/\/elfsight.com\/it\/#website","url":"https:\/\/elfsight.com\/it\/","name":"Elfsight IT","description":"Just another Elfsight Sites site","potentialAction":[{"@type":"SearchAction","target":{"@type":"EntryPoint","urlTemplate":"https:\/\/elfsight.com\/it\/?s={search_term_string}"},"query-input":{"@type":"PropertyValueSpecification","valueRequired":true,"valueName":"search_term_string"}}],"inLanguage":"it-IT"}]}},"meta_box":{"industry":"","seo_heading":"","heading":"","description":"","cta_heading":"","cta_description":"","application":"2119","h1":"Modulo meteo Drupal","h1_caption":"Visualizza le informazioni meteorologiche attuali per qualsiasi localit\u00e0 sul tuo sito web per coinvolgere facilmente il tuo pubblico locale o in viaggio nel tuo sito web Drupal.","application_category":[],"applications_title":"","applications_request_title":"","applications_request_button_text":"","hero_text":"","hero_video":"","hero_video_schema_markup":"","selling_points_title":"","selling_points_caption":"","selling_points":[],"selling_points_cta_text":"","features_title":"","features":"","ed_cta_examples_text":"","ed_cta_examples_hidden":"","ed_cta_demo_text":"","ed_cta_demo_hidden":"","why_caption":"","why_editor_title":"","why_editor_text":"","why_team_title":"","why_team_text":"","why_service_title":"","why_service_text":"","template_catalog_visible":"0","template_catalog_title":"","template_catalog_text":"","template_catalog_categories_visible":"","demo_title":"Crea il tuo modulo Meteo","demo_caption":"Configura il tuo Meteo e aggiungilo gratuitamente al tuo sito Drupal!","default_faq_hidden":"","app_template_category":[],"platform":"34","template_public_id":"","codecanyon_url":"","codecanyon_item_id":"","codecanyon_price":"","pricing_caption":"","pricing_elfsight_apps_hide_column":"","pricing_elfsight_apps_url":"","pricing_codecanyon_price_caption":"","integration_category":[],"integration_request_title":"","integration_request_cta":"","integration_platform":"","integrations":[],"platform_category":[],"video_schema_markup":"","price":"da $ 0 al mese","trial":"","benefits":[{"text":"Assistenza gratuita per l'installazione"},{"text":"Servizio clienti professionale"},{"text":"Garanzia di rimborso di 14 giorni"},{"text":"Sviluppo continuo"}],"button_url":"#demo","button_target_blank":"0","button_nofollow":"0","attributes":[{"name":"Installazioni"},{"name":"Reattivo"},{"name":"Browser compatibili"}],"tags":[],"tags_disable_links":"0","hide_more_platforms":"0","video_object":"","demo_hide_cta":"0","demo_hide_cloud_options":"0","pricing_title":"","pricing":[{"pricing_icon":"platform","pricing_title":"Elfsight Apps","pricing_title_caption":"Soluzione indipendente dalla piattaforma","pricing_price":"da $ 0 \/ mese","pricing_price_caption":"inizia con il piano gratuito","pricing_benefits":[{"text":"Domini illimitati"},{"text":"Supporto aziendale veloce"},{"text":"Supporto per l'installazione senza costi"},{"text":"Ottimo affare per pi\u00f9 app"}],"pricing_button_text":"Aggiungi al sito web","pricing_button_url":"#demo"}],"related_apps_title":"","related_apps_hidden":"0","author":"","image":[],"title":"","job":"","social_networks":[]},"_links":{"self":[{"href":"https:\/\/elfsight.com\/it\/wp-json\/wp\/v2\/pages\/6637","targetHints":{"allow":["GET"]}}],"collection":[{"href":"https:\/\/elfsight.com\/it\/wp-json\/wp\/v2\/pages"}],"about":[{"href":"https:\/\/elfsight.com\/it\/wp-json\/wp\/v2\/types\/page"}],"author":[{"embeddable":true,"href":"https:\/\/elfsight.com\/it\/wp-json\/wp\/v2\/users\/9"}],"replies":[{"embeddable":true,"href":"https:\/\/elfsight.com\/it\/wp-json\/wp\/v2\/comments?post=6637"}],"version-history":[{"count":2,"href":"https:\/\/elfsight.com\/it\/wp-json\/wp\/v2\/pages\/6637\/revisions"}],"predecessor-version":[{"id":9950,"href":"https:\/\/elfsight.com\/it\/wp-json\/wp\/v2\/pages\/6637\/revisions\/9950"}],"up":[{"embeddable":true,"href":"https:\/\/elfsight.com\/it\/wp-json\/wp\/v2\/pages\/2120"}],"wp:attachment":[{"href":"https:\/\/elfsight.com\/it\/wp-json\/wp\/v2\/media?parent=6637"}],"curies":[{"name":"wp","href":"https:\/\/api.w.org\/{rel}","templated":true}]}}