{"id":6636,"date":"1970-01-01T00:00:00","date_gmt":"1970-01-01T00:00:00","guid":{"rendered":"https:\/\/elfsight.com\/it\/?page_id=6636"},"modified":"2025-03-24T08:46:25","modified_gmt":"2025-03-24T08:46:25","slug":"elementor","status":"publish","type":"page","link":"https:\/\/elfsight.com\/it\/weather-widget\/elementor\/","title":{"rendered":"Weather &#8211; Elementor"},"content":{"rendered":"\n<div class=\"application-platform-content-item-description application-platform-content-item\" id=\"description\" data-nav-section=\"description\"><h2>Incorpora Meteo su Elementor con il widget Elfsight<\/h2><p>Elfsight Weather \u00e8 un plug-in per siti Web rapido e molto personalizzabile che mostra le nuove condizioni meteorologiche per qualsiasi localit\u00e0 richiesta. Inserisci un punto tramite il nome, il CAP o le coordinate. Il tuo pubblico sar\u00e0 in grado di controllare i dati aggiornati su temperatura, pressione atmosferica, percentuale di umidit\u00e0 ed elementi meteorologici. Puoi anche dimostrare previsioni orarie o giornaliere. Il widget presenta anche uno sfondo a tema e la possibilit\u00e0 di applicare i tuoi colori. <\/p><p><b>Aumenta le vendite di prodotti stagionali mostrando previsioni meteorologiche precise sul tuo sito! <\/b><\/p><\/div><div class=\"application-platform-content-item-features application-platform-content-item\" id=\"features\" data-nav-section=\"features\"><p>Ecco un elenco di tutte le funzioni del widget Meteo. Puoi gestirli direttamente nell&#8217;editor e ti aiuteranno a modellare il widget adatto al tuo caso. <\/p><ul><li>3 metodi per inserire la localit\u00e0: tramite il nome, il codice postale e le coordinate; <\/li><li>Oltre 30 lingue incluse per visualizzare le informazioni meteo nella lingua del tuo pubblico; <\/li><li>Cinque varianti della configurazione del widget per diversi casi d&#8217;uso; <\/li><li>La possibilit\u00e0 di aggiungere le previsioni giornaliere per la settimana futura con le date; <\/li><li>Aggiungi previsioni ora per ora per le prossime dodici ore. <\/li><\/ul><p><a href=\"#demo\">Prova tutte le altre funzioni nella demo<\/a><\/p><\/div><div class=\"application-platform-content-item-installation application-platform-content-item\" id=\"installation\" data-nav-section=\"installation\"><h2> Come posso integrare il widget Meteo con il sito Web Elementor? <\/h2><div class=\"video-container\"><iframe width=\"560\" height=\"315\" src=\"https:\/\/www.youtube.com\/embed\/y5602MYe0Ug?si=1fXhvNSD_iGkt0Mb\" frameborder=\"0\" allow=\"accelerometer; autoplay; clipboard-write; encrypted-media; gyroscope; picture-in-picture; web-share\" allowfullscreen><\/iframe><\/div><p>Per attivare il plugin segui le istruzioni riportate di seguito<\/p><ol><li><b>Crea il tuo plugin Meteo personale<\/b><br>Con del nostro editor gratuito, ottieni un plugin con aspetto e funzioni selezionati.<\/li> <li><b>Ottieni il codice personale per aggiungere il plugin<\/b><br>Dopo aver impostato il tuo widget, lo farai acquisire il codice univoco dalla finestra popup su Elfsight Apps. Copialo. <\/li> <li><b>Integra il plug-in nel tuo sito Web Elementor<\/b><br>Seleziona il luogo in cui desideri aggiungere il plug-in e aggiungi l\u00ec il codice copiato. Applicare le modifiche. <\/li> <li><b>Hai eseguito con successo l&#8217;installazione<\/b><br>Entra nel negozio per visualizzare il tuo lavoro. <\/li><\/ol><p>Se hai bisogno di aiuto o hai domande, puoi contattare la nostra assistenza clienti. Saremo felici di aiutarvi con ogni richiesta. <\/p><div class=\"faq\" data-component=\"FAQ\"><div class=\"faq-item\">\r\n\t\t\t\t\t<div class=\"faq-item-question\">\r\n\t\t\t\t\t\t<h3 class=\"faq-item-question-text\">In che modo \u00e8 possibile aggiungere Meteo alla mia pagina Web Elementor senza conoscenze di programmazione?<\/h3>\r\n\r\n\t\t\t\t\t\t<div class=\"faq-item-question-icon\"><\/div>\r\n\t\t\t\t\t<\/div>\r\n\r\n\t\t\t\t\t<div class=\"faq-item-answer\">\r\n\t\t\t\t\t\t<div class=\"faq-item-answer-text\"> <p>La societ\u00e0 Elfsight presenta una soluzione Cloud che ti consente di generare tu stesso un widget Meteo , guarda la guida semplice: vai all&#8217;editor online per generare un plug-in meteo che desideri integrare sul tuo sito Web Elementor. Fai clic su uno dei modelli predefiniti e modifica le impostazioni Meteo, modifica il layout e la combinazione di colori e aggiorna i tuoi contenuti, senza alcuna esperienza di codifica. Fai clic per salvare il meteo e ottenere il codice per l&#8217;installazione, che puoi aggiungere facilmente al sito Elementor senza la necessit\u00e0 di acquistare una versione a pagamento. Con l&#8217;aiuto dell&#8217;editor facile da usare, qualsiasi utente di Internet pu\u00f2 generare widget meteo e includerlo facilmente nel sito Web di Elementor. Non \u00e8 necessario sottoscrivere un piano a pagamento o divulgare i dati della tua carta per accedere al servizio. Se riscontri problemi di qualsiasi tipo, non esitare a contattare il nostro personale di supporto.<\/p> <\/div>\r\n\t\t\t\t\t<\/div>\r\n\t\t\t\t<\/div> <\/div><\/div>\n","protected":false},"excerpt":{"rendered":"","protected":false},"author":9,"featured_media":0,"parent":2120,"menu_order":0,"comment_status":"closed","ping_status":"closed","template":"templates\/template-application-platform.php","meta":{"publish_to_discourse":"","publish_post_category":"","wpdc_auto_publish_overridden":"","wpdc_topic_tags":"","wpdc_pin_topic":"","wpdc_pin_until":"","discourse_post_id":"","discourse_permalink":"","wpdc_publishing_response":"","wpdc_publishing_error":"","footnotes":""},"class_list":["post-6636","page","type-page","status-publish","hentry"],"yoast_head":"<!-- This site is optimized with the Yoast SEO plugin v25.3.1 - https:\/\/yoast.com\/wordpress\/plugins\/seo\/ -->\n<title>Aggiungi il widget Meteo al sito Web di Elementor (gratuito e veloce)<\/title>\n<meta name=\"description\" content=\"Con Elfsight, modella il tuo widget Meteo e mostralo sul tuo sito Web Elementor in pochissimo tempo. Abbiamo assistenza clienti gratuita e pi\u00f9 bonus.\" \/>\n<meta name=\"robots\" content=\"index, follow, max-snippet:-1, max-image-preview:large, max-video-preview:-1\" \/>\n<link rel=\"canonical\" href=\"https:\/\/elfsight.com\/it\/weather-widget\/elementor\/\" \/>\n<meta property=\"og:locale\" content=\"it_IT\" \/>\n<meta property=\"og:type\" content=\"article\" \/>\n<meta property=\"og:title\" content=\"Aggiungi il widget Meteo al sito Web di Elementor (gratuito e veloce)\" \/>\n<meta property=\"og:description\" content=\"Con Elfsight, modella il tuo widget Meteo e mostralo sul tuo sito Web Elementor in pochissimo tempo. Abbiamo assistenza clienti gratuita e pi\u00f9 bonus.\" \/>\n<meta property=\"og:url\" content=\"https:\/\/elfsight.com\/it\/weather-widget\/elementor\/\" \/>\n<meta property=\"og:site_name\" content=\"Elfsight IT\" \/>\n<meta property=\"article:modified_time\" content=\"2025-03-24T08:46:25+00:00\" \/>\n<meta name=\"twitter:card\" content=\"summary_large_image\" \/>\n<meta name=\"twitter:label1\" content=\"Tempo di lettura stimato\" \/>\n\t<meta name=\"twitter:data1\" content=\"3 minuti\" \/>\n<!-- \/ Yoast SEO plugin. -->","yoast_head_json":{"title":"Aggiungi il widget Meteo al sito Web di Elementor (gratuito e veloce)","description":"Con Elfsight, modella il tuo widget Meteo e mostralo sul tuo sito Web Elementor in pochissimo tempo. Abbiamo assistenza clienti gratuita e pi\u00f9 bonus.","robots":{"index":"index","follow":"follow","max-snippet":"max-snippet:-1","max-image-preview":"max-image-preview:large","max-video-preview":"max-video-preview:-1"},"canonical":"https:\/\/elfsight.com\/it\/weather-widget\/elementor\/","og_locale":"it_IT","og_type":"article","og_title":"Aggiungi il widget Meteo al sito Web di Elementor (gratuito e veloce)","og_description":"Con Elfsight, modella il tuo widget Meteo e mostralo sul tuo sito Web Elementor in pochissimo tempo. Abbiamo assistenza clienti gratuita e pi\u00f9 bonus.","og_url":"https:\/\/elfsight.com\/it\/weather-widget\/elementor\/","og_site_name":"Elfsight IT","article_modified_time":"2025-03-24T08:46:25+00:00","twitter_card":"summary_large_image","twitter_misc":{"Tempo di lettura stimato":"3 minuti"},"schema":{"@context":"https:\/\/schema.org","@graph":[{"@type":"WebPage","@id":"https:\/\/elfsight.com\/it\/weather-widget\/elementor\/","url":"https:\/\/elfsight.com\/it\/weather-widget\/elementor\/","name":"Aggiungi il widget Meteo al sito Web di Elementor (gratuito e veloce)","isPartOf":{"@id":"https:\/\/elfsight.com\/it\/#website"},"datePublished":"1970-01-01T00:00:00+00:00","dateModified":"2025-03-24T08:46:25+00:00","description":"Con Elfsight, modella il tuo widget Meteo e mostralo sul tuo sito Web Elementor in pochissimo tempo. Abbiamo assistenza clienti gratuita e pi\u00f9 bonus.","breadcrumb":{"@id":"https:\/\/elfsight.com\/it\/weather-widget\/elementor\/#breadcrumb"},"inLanguage":"it-IT","potentialAction":[{"@type":"ReadAction","target":["https:\/\/elfsight.com\/it\/weather-widget\/elementor\/"]}]},{"@type":"BreadcrumbList","@id":"https:\/\/elfsight.com\/it\/weather-widget\/elementor\/#breadcrumb","itemListElement":[{"@type":"ListItem","position":1,"name":"Home","item":"https:\/\/elfsight.com\/it\/"},{"@type":"ListItem","position":2,"name":"Weather","item":"https:\/\/elfsight.com\/it\/weather-widget\/"},{"@type":"ListItem","position":3,"name":"Weather &#8211; Elementor"}]},{"@type":"WebSite","@id":"https:\/\/elfsight.com\/it\/#website","url":"https:\/\/elfsight.com\/it\/","name":"Elfsight IT","description":"Just another Elfsight Sites site","potentialAction":[{"@type":"SearchAction","target":{"@type":"EntryPoint","urlTemplate":"https:\/\/elfsight.com\/it\/?s={search_term_string}"},"query-input":{"@type":"PropertyValueSpecification","valueRequired":true,"valueName":"search_term_string"}}],"inLanguage":"it-IT"}]}},"meta_box":{"industry":"","seo_heading":"","heading":"","description":"","cta_heading":"","cta_description":"","application":"2119","h1":"Widget Meteo Elementor","h1_caption":"Visualizza le informazioni meteorologiche attuali per qualsiasi posizione sul tuo sito Web per coinvolgere facilmente il tuo pubblico locale o in viaggio nel tuo sito Web Elementor.","application_category":[],"applications_title":"","applications_request_title":"","applications_request_button_text":"","hero_text":"","hero_video":"","hero_video_schema_markup":"","selling_points_title":"","selling_points_caption":"","selling_points":[],"selling_points_cta_text":"","features_title":"","features":"","ed_cta_examples_text":"","ed_cta_examples_hidden":"","ed_cta_demo_text":"","ed_cta_demo_hidden":"","why_caption":"","why_editor_title":"","why_editor_text":"","why_team_title":"","why_team_text":"","why_service_title":"","why_service_text":"","template_catalog_visible":"0","template_catalog_title":"","template_catalog_text":"","template_catalog_categories_visible":"","demo_title":"Crea il tuo widget Meteo","demo_caption":"Configura il tuo meteo e aggiungilo gratuitamente al tuo sito Web Elementor!","default_faq_hidden":"","app_template_category":[],"platform":"68","template_public_id":"","codecanyon_url":"","codecanyon_item_id":"","codecanyon_price":"","pricing_caption":"","pricing_elfsight_apps_hide_column":"","pricing_elfsight_apps_url":"","pricing_codecanyon_price_caption":"","integration_category":[],"integration_request_title":"","integration_request_cta":"","integration_platform":"","integrations":[],"platform_category":[],"video_schema_markup":"","price":"da $ 0 al mese","trial":"","benefits":[{"text":"Aiuto per l'installazione gratuito"},{"text":"Supporto premium"},{"text":"Garanzia di rimborso di 14 giorni"},{"text":"Miglioramenti a vita"}],"button_url":"#demo","button_target_blank":"0","button_nofollow":"0","attributes":[{"name":"Installazioni"},{"name":"Reattivo"},{"name":"Browser compatibili"}],"tags":[],"tags_disable_links":"0","hide_more_platforms":"0","video_object":"","demo_hide_cta":"0","demo_hide_cloud_options":"0","pricing_title":"","pricing":[{"pricing_icon":"platform","pricing_title":"Elfsight Apps","pricing_title_caption":"Soluzione multipiattaforma","pricing_price":"da $ 0 \/ mese","pricing_price_caption":"inizia con il piano gratuito","pricing_benefits":[{"text":"Domini illimitati"},{"text":"Supporto dedicato"},{"text":"Assistenza gratuita per l'installazione"},{"text":"Prezzo da prendere per pi\u00f9 app"}],"pricing_button_text":"Aggiungi al sito web","pricing_button_url":"#demo"}],"related_apps_title":"","related_apps_hidden":"0","author":"","image":[],"title":"","job":"","social_networks":[]},"_links":{"self":[{"href":"https:\/\/elfsight.com\/it\/wp-json\/wp\/v2\/pages\/6636","targetHints":{"allow":["GET"]}}],"collection":[{"href":"https:\/\/elfsight.com\/it\/wp-json\/wp\/v2\/pages"}],"about":[{"href":"https:\/\/elfsight.com\/it\/wp-json\/wp\/v2\/types\/page"}],"author":[{"embeddable":true,"href":"https:\/\/elfsight.com\/it\/wp-json\/wp\/v2\/users\/9"}],"replies":[{"embeddable":true,"href":"https:\/\/elfsight.com\/it\/wp-json\/wp\/v2\/comments?post=6636"}],"version-history":[{"count":3,"href":"https:\/\/elfsight.com\/it\/wp-json\/wp\/v2\/pages\/6636\/revisions"}],"predecessor-version":[{"id":9951,"href":"https:\/\/elfsight.com\/it\/wp-json\/wp\/v2\/pages\/6636\/revisions\/9951"}],"up":[{"embeddable":true,"href":"https:\/\/elfsight.com\/it\/wp-json\/wp\/v2\/pages\/2120"}],"wp:attachment":[{"href":"https:\/\/elfsight.com\/it\/wp-json\/wp\/v2\/media?parent=6636"}],"curies":[{"name":"wp","href":"https:\/\/api.w.org\/{rel}","templated":true}]}}