{"id":6635,"date":"1970-01-01T00:00:00","date_gmt":"1970-01-01T00:00:00","guid":{"rendered":"https:\/\/elfsight.com\/it\/?page_id=6635"},"modified":"2025-03-24T08:49:29","modified_gmt":"2025-03-24T08:49:29","slug":"joomla","status":"publish","type":"page","link":"https:\/\/elfsight.com\/it\/weather-widget\/joomla\/","title":{"rendered":"Weather &#8211; Joomla"},"content":{"rendered":"\n<div class=\"application-platform-content-item-description application-platform-content-item\" id=\"description\" data-nav-section=\"description\"><h2>Descrizione<\/h2><p>Il widget Meteo Elfsight \u00e8 un widget per siti web semplice e altamente personalizzabile per fornire ai tuoi utenti le previsioni del tempo fresche per una localit\u00e0 prescelta. Inserisci una posizione utilizzando il nome, il CAP o le coordinate. I tuoi visitatori vedranno le informazioni pi\u00f9 recenti su temperatura, pressione atmosferica, umidit\u00e0 ed elementi meteorologici. C&#8217;\u00e8 un&#8217;opzione per mostrare previsioni orarie o giornaliere. Puoi personalizzare l&#8217;interfaccia utilizzando immagini di sfondo a tema meteorologico e l&#8217;opzione per dipingere lo sfondo con colori personalizzati. <\/p><p><b>Fornisci una migliore esperienza al cliente avendo un widget meteo informativo sul tuo sito. <\/b><\/p><div class=\"faq\" data-component=\"FAQ\"><div class=\"faq-item\">\r\n\t\t\t\t\t<div class=\"faq-item-question\">\r\n\t\t\t\t\t\t<h3 class=\"faq-item-question-text\">Quali altri moduli sono indispensabili per un sito Joomla?<\/h3>\r\n\r\n\t\t\t\t\t\t<div class=\"faq-item-question-icon\"><\/div>\r\n\t\t\t\t\t<\/div>\r\n\r\n\t\t\t\t\t<div class=\"faq-item-answer\">\r\n\t\t\t\t\t\t<div class=\"faq-item-answer-text\"><p>Puoi trovare qualsiasi tipo di plugin su Elfsight, dalle numerose chat alle gallerie e recensioni. Ad esempio, puoi aggiungere una <a href=\"https:\/\/elfsight.com\/all-in-one-chat-widget\/joomla\/\">Chat tutto in uno<\/a> o <a href=\"https:\/\/elfsight.com\/whatsapp-chat-widget\/joomla\/\">WhatsApp Chat<\/a> per comunicare con gli utenti del sito web nel modo pi\u00f9 semplice, <a href=\"https:\/\/elfsight.com\/pdf-embed-widget\/joomla\/\">PDF Embed<\/a> &#8211; per presentare documenti ufficiali o menu di ristoranti, <a href=\"https:\/\/elfsight.com\/instagram-feed-instashow\/joomla\/\">Feed di Instagram<\/a> &#8211; per mostrare le tue travolgenti foto di Instagram direttamente sul sito web.<\/p><p>In ogni caso, tieni presente che puoi scegliere qualsiasi strumento desideri e migliorare il tuo sito web in pochi secondi!<\/p><\/div>\r\n\t\t\t\t\t<\/div>\r\n\t\t\t\t<\/div><div class=\"faq-item\">\r\n\t\t\t\t\t<div class=\"faq-item-question\">\r\n\t\t\t\t\t\t<h3 class=\"faq-item-question-text\">Come aggiungere l'estensione Meteo a un sito Web Joomla?<\/h3>\r\n\r\n\t\t\t\t\t\t<div class=\"faq-item-question-icon\"><\/div>\r\n\t\t\t\t\t<\/div>\r\n\r\n\t\t\t\t\t<div class=\"faq-item-answer\">\r\n\t\t\t\t\t\t<div class=\"faq-item-answer-text\"><p>L&#8217;installazione richieder\u00e0 solo un minuto e mezzo. Personalizza il modulo animato per il tuo sito Joomla nel configuratore gratuito, presenta le previsioni meteo attuali, il vento, la temperatura e inserisci un codice postale o il nome di una citt\u00e0 per mostrare solo le previsioni locali.<\/p> <p>Copia il codice di installazione e incollalo. nel punto necessario nel backend del sito. Fatto! La configurazione del plugin meteo su Joomla \u00e8 terminata! Potresti vedere la guida completa su come incorporare l&#8217;estensione meteo di Joomla <a href=\"https:\/\/elfsight.com\/tutorials\/how-to-add-weather-widget\/#how-to-add-weather-to-joomla\">su questa pagina<\/a>.<\/p><\/div>\r\n\t\t\t\t\t<\/div>\r\n\t\t\t\t<\/div><div class=\"faq-item\">\r\n\t\t\t\t\t<div class=\"faq-item-question\">\r\n\t\t\t\t\t\t<h3 class=\"faq-item-question-text\">Posso vedere come apparir\u00e0 il widget su un sito?<\/h3>\r\n\r\n\t\t\t\t\t\t<div class=\"faq-item-question-icon\"><\/div>\r\n\t\t\t\t\t<\/div>\r\n\r\n\t\t\t\t\t<div class=\"faq-item-answer\">\r\n\t\t\t\t\t\t<div class=\"faq-item-answer-text\"><p>S\u00ec, tu Potere! Nel processo di creazione dell&#8217;estensione meteo Joomla <a href=\"https:\/\/elfsight.com\/weather-widget\/#demo\">nel generatore di widget online gratuito<\/a>, prenderai in considerazione tutte le configurazioni sulla destra . Il meteo sar\u00e0 identico a quello che aggiungerai a un sito web Joomla.<\/p><\/div>\r\n\t\t\t\t\t<\/div>\r\n\t\t\t\t<\/div><\/div><\/div><div class=\"application-platform-content-item-features application-platform-content-item\" id=\"features\" data-nav-section=\"features\"><p>Scopri tutte le funzionalit\u00e0 di Widget meteo. Puoi impostarli direttamente nell&#8217;editor e ti aiuteranno a modellare il widget pi\u00f9 adatto al tuo caso d&#8217;uso. <\/p><ul><li>Tre metodi per aggiungere il luogo: tramite il nome, il codice postale e le coordinate; <\/li><li>Pi\u00f9 di 30 lingue incluse per mostrare le informazioni meteo nella lingua parlata dal tuo pubblico; <\/li><li>Cinque tipi di configurazione del widget per vari casi d&#8217;uso; <\/li><li>L&#8217;opzione per mostrare le previsioni giornaliere per la settimana futura con le date; <\/li><li>Aggiungi il meteo ora per ora per le prossime dodici ore. <\/li><\/ul><p><a href=\"#demo\">Controlla come funzionano tutte le funzionalit\u00e0, nella nostra demo<\/a><\/p><\/div><div class=\"application-platform-content-item-installation application-platform-content-item\" id=\"installation\" data-nav-section=\"installation\"> <h2>Come posso incorporare l&#8217;estensione Meteo nel mio sito web Joomla? <\/h2><p>Basta applicare le istruzioni seguenti per iniziare a utilizzare lo strumento su Joomla.<\/p> <ol><li><b>Gestisci il nostro configuratore gratuito e inizia a creare la tua estensione personalizzata. <\/b><br> Specifica l&#8217;aspetto preferito e le caratteristiche funzionali dello strumento e applica le correzioni. <\/li> <li><b>Ricevi il tuo codice univoco visualizzato nella finestra delle app Elfsight. <\/b><br> Una volta terminata la configurazione della tua estensione Meteo, copia il codice personale nella finestra visualizzata e salvalo per un utilizzo futuro. <\/li> <li><b>Inizia l&#8217;utilizzo dello strumento sul sito Joomla. <\/b><br> Inserisci il codice salvato in precedenza nel tuo sito web e applica le correzioni. <\/li> <li><b>Il gioco \u00e8 fatto! La configurazione \u00e8 stata completata con successo. <\/b><br> Visita il tuo sito web per osservare come funziona l&#8217;estensione. <\/li><\/ol><p>Non pensarci due volte per metterti in contatto con il servizio clienti Elfsight nel caso avessi bisogno di consigli o domande. Saremo felici di aiutarvi con ogni richiesta. <\/p><\/div>\n","protected":false},"excerpt":{"rendered":"","protected":false},"author":9,"featured_media":0,"parent":2120,"menu_order":0,"comment_status":"closed","ping_status":"closed","template":"templates\/template-application-platform.php","meta":{"publish_to_discourse":"","publish_post_category":"","wpdc_auto_publish_overridden":"","wpdc_topic_tags":"","wpdc_pin_topic":"","wpdc_pin_until":"","discourse_post_id":"","discourse_permalink":"","wpdc_publishing_response":"","wpdc_publishing_error":"","footnotes":""},"class_list":["post-6635","page","type-page","status-publish","hentry"],"yoast_head":"<!-- This site is optimized with the Yoast SEO plugin v25.3.1 - https:\/\/yoast.com\/wordpress\/plugins\/seo\/ -->\n<title>Widget meteo: aggiungi il modulo Meteo al sito Web Joomla (gratuito e veloce)<\/title>\n<meta name=\"description\" content=\"Crea l&#039;estensione Meteo e pubblicala sul tuo sito Joomla con Elfsight. Abbiamo assistenza clienti gratuita e pi\u00f9 bonus.\" \/>\n<meta name=\"robots\" content=\"index, follow, max-snippet:-1, max-image-preview:large, max-video-preview:-1\" \/>\n<link rel=\"canonical\" href=\"https:\/\/elfsight.com\/it\/weather-widget\/joomla\/\" \/>\n<meta property=\"og:locale\" content=\"it_IT\" \/>\n<meta property=\"og:type\" content=\"article\" \/>\n<meta property=\"og:title\" content=\"Widget meteo: aggiungi il modulo Meteo al sito Web Joomla (gratuito e veloce)\" \/>\n<meta property=\"og:description\" content=\"Crea l&#039;estensione Meteo e pubblicala sul tuo sito Joomla con Elfsight. Abbiamo assistenza clienti gratuita e pi\u00f9 bonus.\" \/>\n<meta property=\"og:url\" content=\"https:\/\/elfsight.com\/it\/weather-widget\/joomla\/\" \/>\n<meta property=\"og:site_name\" content=\"Elfsight IT\" \/>\n<meta property=\"article:modified_time\" content=\"2025-03-24T08:49:29+00:00\" \/>\n<meta name=\"twitter:card\" content=\"summary_large_image\" \/>\n<meta name=\"twitter:label1\" content=\"Tempo di lettura stimato\" \/>\n\t<meta name=\"twitter:data1\" content=\"4 minuti\" \/>\n<!-- \/ Yoast SEO plugin. -->","yoast_head_json":{"title":"Widget meteo: aggiungi il modulo Meteo al sito Web Joomla (gratuito e veloce)","description":"Crea l'estensione Meteo e pubblicala sul tuo sito Joomla con Elfsight. Abbiamo assistenza clienti gratuita e pi\u00f9 bonus.","robots":{"index":"index","follow":"follow","max-snippet":"max-snippet:-1","max-image-preview":"max-image-preview:large","max-video-preview":"max-video-preview:-1"},"canonical":"https:\/\/elfsight.com\/it\/weather-widget\/joomla\/","og_locale":"it_IT","og_type":"article","og_title":"Widget meteo: aggiungi il modulo Meteo al sito Web Joomla (gratuito e veloce)","og_description":"Crea l'estensione Meteo e pubblicala sul tuo sito Joomla con Elfsight. Abbiamo assistenza clienti gratuita e pi\u00f9 bonus.","og_url":"https:\/\/elfsight.com\/it\/weather-widget\/joomla\/","og_site_name":"Elfsight IT","article_modified_time":"2025-03-24T08:49:29+00:00","twitter_card":"summary_large_image","twitter_misc":{"Tempo di lettura stimato":"4 minuti"},"schema":{"@context":"https:\/\/schema.org","@graph":[{"@type":"WebPage","@id":"https:\/\/elfsight.com\/it\/weather-widget\/joomla\/","url":"https:\/\/elfsight.com\/it\/weather-widget\/joomla\/","name":"Widget meteo: aggiungi il modulo Meteo al sito Web Joomla (gratuito e veloce)","isPartOf":{"@id":"https:\/\/elfsight.com\/it\/#website"},"datePublished":"1970-01-01T00:00:00+00:00","dateModified":"2025-03-24T08:49:29+00:00","description":"Crea l'estensione Meteo e pubblicala sul tuo sito Joomla con Elfsight. Abbiamo assistenza clienti gratuita e pi\u00f9 bonus.","breadcrumb":{"@id":"https:\/\/elfsight.com\/it\/weather-widget\/joomla\/#breadcrumb"},"inLanguage":"it-IT","potentialAction":[{"@type":"ReadAction","target":["https:\/\/elfsight.com\/it\/weather-widget\/joomla\/"]}]},{"@type":"BreadcrumbList","@id":"https:\/\/elfsight.com\/it\/weather-widget\/joomla\/#breadcrumb","itemListElement":[{"@type":"ListItem","position":1,"name":"Home","item":"https:\/\/elfsight.com\/it\/"},{"@type":"ListItem","position":2,"name":"Weather","item":"https:\/\/elfsight.com\/it\/weather-widget\/"},{"@type":"ListItem","position":3,"name":"Weather &#8211; Joomla"}]},{"@type":"WebSite","@id":"https:\/\/elfsight.com\/it\/#website","url":"https:\/\/elfsight.com\/it\/","name":"Elfsight IT","description":"Just another Elfsight Sites site","potentialAction":[{"@type":"SearchAction","target":{"@type":"EntryPoint","urlTemplate":"https:\/\/elfsight.com\/it\/?s={search_term_string}"},"query-input":{"@type":"PropertyValueSpecification","valueRequired":true,"valueName":"search_term_string"}}],"inLanguage":"it-IT"}]}},"meta_box":{"industry":"","seo_heading":"","heading":"","description":"","cta_heading":"","cta_description":"","application":"2119","h1":"Widget meteo Joomla","h1_caption":"Visualizza le informazioni meteorologiche attuali per qualsiasi posizione sul tuo sito web per coinvolgere facilmente il tuo pubblico locale o in viaggio nel tuo sito web Joomla.","application_category":[],"applications_title":"","applications_request_title":"","applications_request_button_text":"","hero_text":"","hero_video":"","hero_video_schema_markup":"","selling_points_title":"","selling_points_caption":"","selling_points":[],"selling_points_cta_text":"","features_title":"","features":"","ed_cta_examples_text":"","ed_cta_examples_hidden":"","ed_cta_demo_text":"","ed_cta_demo_hidden":"","why_caption":"","why_editor_title":"","why_editor_text":"","why_team_title":"","why_team_text":"","why_service_title":"","why_service_text":"","template_catalog_visible":"0","template_catalog_title":"","template_catalog_text":"","template_catalog_categories_visible":"","demo_title":"Crea il tuo plugin Meteo","demo_caption":"Configura il tuo Meteo e aggiungilo gratuitamente al tuo sito Joomla!","default_faq_hidden":"","app_template_category":[],"platform":"36","template_public_id":"","codecanyon_url":"","codecanyon_item_id":"","codecanyon_price":"","pricing_caption":"","pricing_elfsight_apps_hide_column":"","pricing_elfsight_apps_url":"","pricing_codecanyon_price_caption":"","integration_category":[],"integration_request_title":"","integration_request_cta":"","integration_platform":"","integrations":[],"platform_category":[],"video_schema_markup":"","price":"da $ 0 al mese","trial":"","benefits":[{"text":"Assistenza per l'installazione gratuita"},{"text":"Supporto premium"},{"text":"Garanzia di rimborso di 14 giorni"},{"text":"Miglioramenti gratuiti a vita"}],"button_url":"#demo","button_target_blank":"0","button_nofollow":"0","attributes":[{"name":"Installazioni"},{"name":"Reattivo"},{"name":"Browser compatibili"}],"tags":[],"tags_disable_links":"0","hide_more_platforms":"0","video_object":"","demo_hide_cta":"0","demo_hide_cloud_options":"0","pricing_title":"","pricing":[{"pricing_icon":"platform","pricing_title":"Elfsight Apps","pricing_title_caption":"Versione indipendente dalla piattaforma adatta a qualsiasi sito web","pricing_price":"da $ 0 \/ mese","pricing_price_caption":"inizia con il piano gratuito","pricing_benefits":[{"text":"Domini illimitati"},{"text":"Assistenza clienti professionale"},{"text":"Servizio di installazione gratuito"},{"text":"Offerta speciale per pi\u00f9 app"}],"pricing_button_text":"Aggiungi al sito web","pricing_button_url":"#demo"}],"related_apps_title":"","related_apps_hidden":"0","author":"","image":[],"title":"","job":"","social_networks":[]},"_links":{"self":[{"href":"https:\/\/elfsight.com\/it\/wp-json\/wp\/v2\/pages\/6635","targetHints":{"allow":["GET"]}}],"collection":[{"href":"https:\/\/elfsight.com\/it\/wp-json\/wp\/v2\/pages"}],"about":[{"href":"https:\/\/elfsight.com\/it\/wp-json\/wp\/v2\/types\/page"}],"author":[{"embeddable":true,"href":"https:\/\/elfsight.com\/it\/wp-json\/wp\/v2\/users\/9"}],"replies":[{"embeddable":true,"href":"https:\/\/elfsight.com\/it\/wp-json\/wp\/v2\/comments?post=6635"}],"version-history":[{"count":3,"href":"https:\/\/elfsight.com\/it\/wp-json\/wp\/v2\/pages\/6635\/revisions"}],"predecessor-version":[{"id":9953,"href":"https:\/\/elfsight.com\/it\/wp-json\/wp\/v2\/pages\/6635\/revisions\/9953"}],"up":[{"embeddable":true,"href":"https:\/\/elfsight.com\/it\/wp-json\/wp\/v2\/pages\/2120"}],"wp:attachment":[{"href":"https:\/\/elfsight.com\/it\/wp-json\/wp\/v2\/media?parent=6635"}],"curies":[{"name":"wp","href":"https:\/\/api.w.org\/{rel}","templated":true}]}}