{"id":6634,"date":"2024-05-03T06:54:30","date_gmt":"2024-05-03T06:54:30","guid":{"rendered":"https:\/\/elfsight.com\/it\/?page_id=6634"},"modified":"2024-11-12T08:32:59","modified_gmt":"2024-11-12T08:32:59","slug":"jquery","status":"publish","type":"page","link":"https:\/\/elfsight.com\/it\/weather-widget\/jquery\/","title":{"rendered":"Weather &#8211; jQuery"},"content":{"rendered":"<div class=\"application-platform-content-item-description application-platform-content-item\" id=\"description\" data-nav-section=\"description\"><h2>Descrizione<\/h2><p>Il widget Meteo Elfsight \u00e8 un widget sito web semplice e molto regolabile per visualizzare la situazione meteorologica fresca per qualsiasi localit\u00e0. Aggiungi il luogo tramite il titolo, il codice postale o le coordinate. Il tuo pubblico vedr\u00e0 le informazioni aggiornate su temperatura, pressione atmosferica, umidit\u00e0 e tempo attivo. Il widget ha un&#8217;opzione per dimostrare previsioni orarie o giornaliere. Il widget presenta anche uno sfondo a tema e la possibilit\u00e0 di scegliere qualsiasi colore. <\/p><p><b>Rendi pi\u00f9 semplice per i clienti ordinare i loro eventi all&#8217;aperto tenendo sotto controllo le previsioni del tempo! <\/b><\/p><\/div><div class=\"application-platform-content-item-features application-platform-content-item\" id=\"features\" data-nav-section=\"features\"><p>Qui puoi vedere tutte le caratteristiche funzionali del widget Meteo. Puoi gestirli direttamente nell&#8217;editor e ti aiuteranno a configurare il widget adatto alle tue esigenze. <\/p><ul><li>3 modi per inserire la posizione: tramite il nome, il codice postale o le coordinate; <\/li><li>Sono supportate oltre 30 lingue per mostrare i dettagli meteo nella tua lingua madre; <\/li><li>Cinque tipi di configurazione del widget per vari casi d&#8217;uso; <\/li><li>L&#8217;opzione di dimostrare le previsioni giornaliere per una settimana con le date; <\/li><li>Aggiungi il meteo ora per ora per le prossime 12 ore. <\/li><\/ul><p><a href=\"#demo\">Puoi provare tutte le funzionalit\u00e0 del widget direttamente nella demo<\/a><\/p><\/div><div class=\"application-platform-content-item-installation application-platform-content-item\" id=\"installation\" data-nav-section=\"installation\"><h2>Come posso incorporare il plugin Meteo nel mio sito jQuery? <\/h2><p>Per incorporare il widget, segui semplicemente i seguenti rapidi passaggi<\/p><ol><li><b>Genera il tuo plugin Meteo personale<\/b><br>Tramite la nostra demo gratuita, ottieni un plugin con un aspetto e una funzionalit\u00e0 preferibili. <\/li> <li><b>Acquisisci il codice individuale per pubblicare il plugin<\/b><br>Dopo aver configurato il tuo widget, acquisirai il codice di installazione dalla notifica apparsa su Elfsight Apps. Copia il codice per un uso successivo. <\/li> <li><b> Il plugin sul tuo sito web jQuery<\/b><br>Scegli l&#8217;area in cui devi posizionare il plugin e incolla l\u00ec il codice copiato. Applicare le modifiche. <\/li> <li><b>Congratulazioni! Hai appena impostato il widget! <\/b><br>Entra nel tuo sito per visualizzare il tuo plugin. <\/li><\/ol><p>Non esitare a comunicare al supporto dei clienti Elfsight quando hai bisogno di consigli o riscontri problemi. I nostri specialisti daranno una mano per ogni richiesta. <\/p><div class=\"faq\" data-component=\"FAQ\"><div class=\"faq-item\">\r\n\t\t\t\t\t<div class=\"faq-item-question\">\r\n\t\t\t\t\t\t<h3 class=\"faq-item-question-text\">Esiste un'opzione per aggiungere Meteo al mio sito Web jQuery senza codifica?<\/h3>\r\n\r\n\t\t\t\t\t\t<div class=\"faq-item-question-icon\"><\/div>\r\n\t\t\t\t\t<\/div>\r\n\r\n\t\t\t\t\t<div class=\"faq-item-answer\">\r\n\t\t\t\t\t\t<div class=\"faq-item-answer-text\"> <p>La societ\u00e0 Elfsight offre una soluzione Cloud che consente alle persone di creare autonomamente un widget Meteo, scopri come \u00c8 semplice: lavora direttamente nell&#8217;editor live per creare un plug-in Meteo che desideri incorporare nella tua pagina web jQuery. Seleziona uno dei tanti modelli predefiniti e regola le impostazioni Meteo, modifica il layout e il colore degli elementi, aggiungi i tuoi contenuti, senza competenze di codifica. Fai clic per salvare le impostazioni effettuate su Weather e ottieni il codice di installazione del plug-in, che pu\u00f2 essere semplicemente aggiunto in qualsiasi home page di jQuery senza acquistare un abbonamento a pagamento. Con il semplice configuratore ogni utente di Internet pu\u00f2 creare online il plug-in Meteo e includerlo facilmente nel sito Web jQuery. Non \u00e8 necessario sottoscrivere un piano a pagamento o rivelare le credenziali della tua carta per accedere al servizio. Se riscontri problemi in qualsiasi momento, non esitare a contattare il nostro team di supporto.<\/p> <\/div>\r\n\t\t\t\t\t<\/div>\r\n\t\t\t\t<\/div> <\/div><\/div>","protected":false},"excerpt":{"rendered":"","protected":false},"author":9,"featured_media":0,"parent":2120,"menu_order":0,"comment_status":"closed","ping_status":"closed","template":"templates\/template-application-platform.php","meta":{"publish_to_discourse":"","publish_post_category":"","wpdc_auto_publish_overridden":"","wpdc_topic_tags":"","wpdc_pin_topic":"","wpdc_pin_until":"","discourse_post_id":"","discourse_permalink":"","wpdc_publishing_response":"","wpdc_publishing_error":"","footnotes":""},"class_list":["post-6634","page","type-page","status-publish","hentry"],"yoast_head":"<!-- This site is optimized with the Yoast SEO plugin v25.3.1 - https:\/\/yoast.com\/wordpress\/plugins\/seo\/ -->\n<title>Widget meteo: aggiungi il plug-in Meteo al sito Web jQuery (gratuito e veloce)<\/title>\n<meta name=\"description\" content=\"\u00c8 semplicissimo creare il tuo plugin Meteo e posizionarlo sul sito web jQuery. Il supporto client Elfsight \u00e8 gratuito e veloce.\" \/>\n<meta name=\"robots\" content=\"index, follow, max-snippet:-1, max-image-preview:large, max-video-preview:-1\" \/>\n<link rel=\"canonical\" href=\"https:\/\/elfsight.com\/it\/weather-widget\/jquery\/\" \/>\n<meta property=\"og:locale\" content=\"it_IT\" \/>\n<meta property=\"og:type\" content=\"article\" \/>\n<meta property=\"og:title\" content=\"Widget meteo: aggiungi il plug-in Meteo al sito Web jQuery (gratuito e veloce)\" \/>\n<meta property=\"og:description\" content=\"\u00c8 semplicissimo creare il tuo plugin Meteo e posizionarlo sul sito web jQuery. Il supporto client Elfsight \u00e8 gratuito e veloce.\" \/>\n<meta property=\"og:url\" content=\"https:\/\/elfsight.com\/it\/weather-widget\/jquery\/\" \/>\n<meta property=\"og:site_name\" content=\"Elfsight IT\" \/>\n<meta property=\"article:modified_time\" content=\"2024-11-12T08:32:59+00:00\" \/>\n<meta name=\"twitter:card\" content=\"summary_large_image\" \/>\n<meta name=\"twitter:label1\" content=\"Tempo di lettura stimato\" \/>\n\t<meta name=\"twitter:data1\" content=\"3 minuti\" \/>\n<!-- \/ Yoast SEO plugin. -->","yoast_head_json":{"title":"Widget meteo: aggiungi il plug-in Meteo al sito Web jQuery (gratuito e veloce)","description":"\u00c8 semplicissimo creare il tuo plugin Meteo e posizionarlo sul sito web jQuery. Il supporto client Elfsight \u00e8 gratuito e veloce.","robots":{"index":"index","follow":"follow","max-snippet":"max-snippet:-1","max-image-preview":"max-image-preview:large","max-video-preview":"max-video-preview:-1"},"canonical":"https:\/\/elfsight.com\/it\/weather-widget\/jquery\/","og_locale":"it_IT","og_type":"article","og_title":"Widget meteo: aggiungi il plug-in Meteo al sito Web jQuery (gratuito e veloce)","og_description":"\u00c8 semplicissimo creare il tuo plugin Meteo e posizionarlo sul sito web jQuery. Il supporto client Elfsight \u00e8 gratuito e veloce.","og_url":"https:\/\/elfsight.com\/it\/weather-widget\/jquery\/","og_site_name":"Elfsight IT","article_modified_time":"2024-11-12T08:32:59+00:00","twitter_card":"summary_large_image","twitter_misc":{"Tempo di lettura stimato":"3 minuti"},"schema":{"@context":"https:\/\/schema.org","@graph":[{"@type":"WebPage","@id":"https:\/\/elfsight.com\/it\/weather-widget\/jquery\/","url":"https:\/\/elfsight.com\/it\/weather-widget\/jquery\/","name":"Widget meteo: aggiungi il plug-in Meteo al sito Web jQuery (gratuito e veloce)","isPartOf":{"@id":"https:\/\/elfsight.com\/it\/#website"},"datePublished":"2024-05-03T06:54:30+00:00","dateModified":"2024-11-12T08:32:59+00:00","description":"\u00c8 semplicissimo creare il tuo plugin Meteo e posizionarlo sul sito web jQuery. Il supporto client Elfsight \u00e8 gratuito e veloce.","breadcrumb":{"@id":"https:\/\/elfsight.com\/it\/weather-widget\/jquery\/#breadcrumb"},"inLanguage":"it-IT","potentialAction":[{"@type":"ReadAction","target":["https:\/\/elfsight.com\/it\/weather-widget\/jquery\/"]}]},{"@type":"BreadcrumbList","@id":"https:\/\/elfsight.com\/it\/weather-widget\/jquery\/#breadcrumb","itemListElement":[{"@type":"ListItem","position":1,"name":"Home","item":"https:\/\/elfsight.com\/it\/"},{"@type":"ListItem","position":2,"name":"Weather","item":"https:\/\/elfsight.com\/it\/weather-widget\/"},{"@type":"ListItem","position":3,"name":"Weather &#8211; jQuery"}]},{"@type":"WebSite","@id":"https:\/\/elfsight.com\/it\/#website","url":"https:\/\/elfsight.com\/it\/","name":"Elfsight IT","description":"Just another Elfsight Sites site","potentialAction":[{"@type":"SearchAction","target":{"@type":"EntryPoint","urlTemplate":"https:\/\/elfsight.com\/it\/?s={search_term_string}"},"query-input":{"@type":"PropertyValueSpecification","valueRequired":true,"valueName":"search_term_string"}}],"inLanguage":"it-IT"}]}},"meta_box":{"industry":"","seo_heading":"","heading":"","description":"","cta_heading":"","cta_description":"","application":"2119","h1":"Plug-in jQuery Meteo","h1_caption":"Visualizza le informazioni meteorologiche attuali per qualsiasi localit\u00e0 sul tuo sito web per coinvolgere facilmente il tuo pubblico locale o in viaggio nel tuo sito web jQuery.","application_category":[],"applications_title":"","applications_request_title":"","applications_request_button_text":"","hero_text":"","hero_video":"","hero_video_schema_markup":"","selling_points_title":"","selling_points_caption":"","selling_points":[],"selling_points_cta_text":"","features_title":"","features":"","ed_cta_examples_text":"","ed_cta_examples_hidden":"","ed_cta_demo_text":"","ed_cta_demo_hidden":"","why_caption":"","why_editor_title":"","why_editor_text":"","why_team_title":"","why_team_text":"","why_service_title":"","why_service_text":"","template_catalog_visible":"","template_catalog_title":"","template_catalog_text":"","template_catalog_categories_visible":"","demo_title":"Crea il tuo plugin Meteo","demo_caption":"Configura il tuo Meteo e aggiungilo gratuitamente al tuo sito jQuery!","default_faq_hidden":"","app_template_category":[],"platform":"37","template_public_id":"","codecanyon_url":"","codecanyon_item_id":"","codecanyon_price":"","pricing_caption":"","pricing_elfsight_apps_hide_column":"","pricing_elfsight_apps_url":"","pricing_codecanyon_price_caption":"","integration_category":[],"integration_request_title":"","integration_request_cta":"","integration_platform":"","integrations":[],"platform_category":[],"video_schema_markup":"","price":"da $ 0 al mese","trial":"","benefits":[{"text":"Servizio di installazione gratuito"},{"text":"Servizio clienti competente"},{"text":"Garanzia di rimborso di 14 giorni"},{"text":"Futuri aggiornamenti gratuiti"}],"button_url":"#demo","button_target_blank":"0","button_nofollow":"0","attributes":[{"name":"Installazioni","content":"10,000 - 100,000"},{"name":"Reattivo","content":"S\u00cc"},{"name":"Browser compatibili","content":"Firefox, Safari, Opera, Chrome, Edge"}],"tags":[],"tags_disable_links":"0","hide_more_platforms":"","video_object":"","demo_hide_cta":"0","demo_hide_cloud_options":"0","pricing_title":"","pricing":[{"pricing_icon":"platform","pricing_title":"Elfsight Apps","pricing_title_caption":"Soluzione digitale multipiattaforma","pricing_price":"da $ 0 \/ mese","pricing_price_caption":"inizia con un piano gratuito","pricing_benefits":[{"text":"Siti web illimitati"},{"text":"Assistenza clienti veloce"},{"text":"Aiuto gratuito per l'installazione"},{"text":"Completamente personalizzabile"}],"pricing_button_text":"Aggiungi al sito web","pricing_button_url":"#demo"}],"related_apps_title":"","related_apps_hidden":"0","author":"","image":[],"title":"","job":"","social_networks":[]},"_links":{"self":[{"href":"https:\/\/elfsight.com\/it\/wp-json\/wp\/v2\/pages\/6634","targetHints":{"allow":["GET"]}}],"collection":[{"href":"https:\/\/elfsight.com\/it\/wp-json\/wp\/v2\/pages"}],"about":[{"href":"https:\/\/elfsight.com\/it\/wp-json\/wp\/v2\/types\/page"}],"author":[{"embeddable":true,"href":"https:\/\/elfsight.com\/it\/wp-json\/wp\/v2\/users\/9"}],"replies":[{"embeddable":true,"href":"https:\/\/elfsight.com\/it\/wp-json\/wp\/v2\/comments?post=6634"}],"version-history":[{"count":1,"href":"https:\/\/elfsight.com\/it\/wp-json\/wp\/v2\/pages\/6634\/revisions"}],"predecessor-version":[{"id":6638,"href":"https:\/\/elfsight.com\/it\/wp-json\/wp\/v2\/pages\/6634\/revisions\/6638"}],"up":[{"embeddable":true,"href":"https:\/\/elfsight.com\/it\/wp-json\/wp\/v2\/pages\/2120"}],"wp:attachment":[{"href":"https:\/\/elfsight.com\/it\/wp-json\/wp\/v2\/media?parent=6634"}],"curies":[{"name":"wp","href":"https:\/\/api.w.org\/{rel}","templated":true}]}}