{"id":6627,"date":"1970-01-01T00:00:00","date_gmt":"1970-01-01T00:00:00","guid":{"rendered":"https:\/\/elfsight.com\/it\/?page_id=6627"},"modified":"2025-03-24T08:52:54","modified_gmt":"2025-03-24T08:52:54","slug":"html","status":"publish","type":"page","link":"https:\/\/elfsight.com\/it\/weather-widget\/html\/","title":{"rendered":"Weather &#8211; HTML"},"content":{"rendered":"\n<div class=\"application-platform-content-item-description application-platform-content-item\" id=\"description\" data-nav-section=\"description\"><h2>Descrizione<\/h2><p>Elfsight Weather \u00e8 un plugin per siti web veloce e molto regolabile che mostra le condizioni meteorologiche rilevanti per una localit\u00e0 selezionata. Inserisci un quartiere utilizzando il titolo, il CAP o le coordinate. Il pubblico del sito web vedr\u00e0 le informazioni pi\u00f9 recenti su temperatura, pressione atmosferica, umidit\u00e0 ed elementi meteorologici. C&#8217;\u00e8 una funzione per dimostrare le previsioni per la settimana successiva o per le prossime dodici ore. Il widget include anche uno sfondo a tema meteo e la funzione per scegliere qualsiasi colore.<\/p><p><b>Ottieni un&#8217;esperienza utente migliore con un widget meteo informativo sulla tua pagina. <\/b><\/p><\/div><div class=\"application-platform-content-item-features application-platform-content-item\" id=\"features\" data-nav-section=\"features\"><p>Qui puoi vedere tutte le funzionalit\u00e0 del widget Meteo. Sono disponibili direttamente nell&#8217;editor e ti aiuteranno a configurare il widget pi\u00f9 adatto alle tue esigenze. <\/p><ul><li>Tre modi per inserire il luogo: tramite il nome, il codice postale o le coordinate; <\/li><li>Pi\u00f9 di 30 lingue incluse per mostrare le informazioni meteo nella lingua parlata dal tuo pubblico; <\/li><li>Cinque varianti della configurazione del widget per diversi casi d&#8217;uso; <\/li><li>La possibilit\u00e0 di visualizzare le previsioni giornaliere per la settimana successiva con le date; <\/li><li>Aggiungi previsioni orarie per le dodici ore pi\u00f9 vicine. <\/li><\/ul><p><a href=\"#demo\">Puoi testare tutte le funzionalit\u00e0 del widget direttamente nella demo<\/a><\/p><\/div><div class=\"application-platform-content-item-installation application-platform-content-item\" id=\"installation\" data-nav-section=\"installation\"> <h2>Come incorporo il widget Meteo nel sito Web HTML? <\/h2><div class=\"video-container\"><iframe width=\"560\" height=\"315\" src=\"https:\/\/www.youtube.com\/embed\/6qg5cwDirLM?si=C9X1LR8QNU_AE9ey\" frameborder=\"0\" allow=\"accelerometer; autoplay; clipboard-write; encrypted-media; gyroscope; picture-in-picture; web-share\" allowfullscreen><\/iframe><\/div><p>Per incorporare il plugin, segui le linee guida di seguito<\/p><ol><li><b>Crea il tuo plugin Meteo personale<\/b><br>Gestione del nostro configuratore gratuito, crea un plugin con un design e caratteristiche funzionali preferibili. <\/li> <li><b>Ottieni il codice personale per pubblicare il plugin<\/b><br>Dopo aver impostato il tuo widget, otterrai il codice di installazione dalla finestra visualizzata su Elfsight Apps. Copia questo codice. <\/li> <li><b>Aggiungi il plugin al tuo sito HTML<\/b><br>Trova l&#8217;area in cui prevedi di visualizzare il plugin e aggiungi l\u00ec il codice salvato. Pubblica i risultati. <\/li> <li><b>La configurazione \u00e8 terminata<\/b><br>Entra nel tuo sito per vedere il tuo plugin. <\/li><\/ol><p>Non esitate a rivolgervi al nostro supporto clienti nel caso abbiate bisogno di consigli o domande. I nostri specialisti saranno felici di aiutarvi con ogni richiesta. <\/p><div class=\"faq\" data-component=\"FAQ\"><div class=\"faq-item\">\r\n\t\t\t\t\t<div class=\"faq-item-question\">\r\n\t\t\t\t\t\t<h3 class=\"faq-item-question-text\">Come aggiungere Meteo alla mia home page HTML senza conoscenze di programmazione?<\/h3>\r\n\r\n\t\t\t\t\t\t<div class=\"faq-item-question-icon\"><\/div>\r\n\t\t\t\t\t<\/div>\r\n\r\n\t\t\t\t\t<div class=\"faq-item-answer\">\r\n\t\t\t\t\t\t<div class=\"faq-item-answer-text\"> <p>Elfsight offre una soluzione che consente agli utenti di creare da soli un widget Meteo, scopri i semplici passaggi: Vai alla demo online per generare un&#8217;app Meteo che desideri venga visualizzata su una pagina Web HTML. Scegli uno dei nostri modelli predefiniti e modifica le impostazioni Meteo, modifica il layout e il colore degli elementi e aggiorna i tuoi contenuti, senza conoscenze di programmazione. Salva il Meteo e copia il codice di installazione del widget che potr\u00e0 essere incluso nella home page HTML senza bisogno di acquistare un piano a pagamento. Utilizzando il nostro editor di facile utilizzo, qualsiasi utente Web pu\u00f2 creare Meteo online e includerlo facilmente nella pagina Web HTML. Non \u00e8 necessario pagare o divulgare i dati della tua carta per accedere al servizio Elfsight. Se riscontri problemi in qualsiasi momento, vai avanti e contatta la nostra assistenza clienti.<\/p> <\/div>\r\n\t\t\t\t\t<\/div>\r\n\t\t\t\t<\/div> <\/div><\/div>\n","protected":false},"excerpt":{"rendered":"","protected":false},"author":9,"featured_media":0,"parent":2120,"menu_order":0,"comment_status":"closed","ping_status":"closed","template":"templates\/template-application-platform.php","meta":{"publish_to_discourse":"","publish_post_category":"","wpdc_auto_publish_overridden":"","wpdc_topic_tags":"","wpdc_pin_topic":"","wpdc_pin_until":"","discourse_post_id":"","discourse_permalink":"","wpdc_publishing_response":"","wpdc_publishing_error":"","footnotes":""},"class_list":["post-6627","page","type-page","status-publish","hentry"],"yoast_head":"<!-- This site is optimized with the Yoast SEO plugin v25.3.1 - https:\/\/yoast.com\/wordpress\/plugins\/seo\/ -->\n<title>Widget meteo: aggiungi l&#039;app Meteo al sito Web HTML (gratuito e veloce)<\/title>\n<meta name=\"description\" content=\"Ecco un&#039;opportunit\u00e0 per costruire il widget Meteo e aggiungerlo al tuo sito Web HTML. Ottieni assistenza clienti gratuita e altri vantaggi da Elfsight.\" \/>\n<meta name=\"robots\" content=\"index, follow, max-snippet:-1, max-image-preview:large, max-video-preview:-1\" \/>\n<link rel=\"canonical\" href=\"https:\/\/elfsight.com\/it\/weather-widget\/html\/\" \/>\n<meta property=\"og:locale\" content=\"it_IT\" \/>\n<meta property=\"og:type\" content=\"article\" \/>\n<meta property=\"og:title\" content=\"Widget meteo: aggiungi l&#039;app Meteo al sito Web HTML (gratuito e veloce)\" \/>\n<meta property=\"og:description\" content=\"Ecco un&#039;opportunit\u00e0 per costruire il widget Meteo e aggiungerlo al tuo sito Web HTML. Ottieni assistenza clienti gratuita e altri vantaggi da Elfsight.\" \/>\n<meta property=\"og:url\" content=\"https:\/\/elfsight.com\/it\/weather-widget\/html\/\" \/>\n<meta property=\"og:site_name\" content=\"Elfsight IT\" \/>\n<meta property=\"article:modified_time\" content=\"2025-03-24T08:52:54+00:00\" \/>\n<meta name=\"twitter:card\" content=\"summary_large_image\" \/>\n<meta name=\"twitter:label1\" content=\"Tempo di lettura stimato\" \/>\n\t<meta name=\"twitter:data1\" content=\"3 minuti\" \/>\n<!-- \/ Yoast SEO plugin. -->","yoast_head_json":{"title":"Widget meteo: aggiungi l'app Meteo al sito Web HTML (gratuito e veloce)","description":"Ecco un'opportunit\u00e0 per costruire il widget Meteo e aggiungerlo al tuo sito Web HTML. Ottieni assistenza clienti gratuita e altri vantaggi da Elfsight.","robots":{"index":"index","follow":"follow","max-snippet":"max-snippet:-1","max-image-preview":"max-image-preview:large","max-video-preview":"max-video-preview:-1"},"canonical":"https:\/\/elfsight.com\/it\/weather-widget\/html\/","og_locale":"it_IT","og_type":"article","og_title":"Widget meteo: aggiungi l'app Meteo al sito Web HTML (gratuito e veloce)","og_description":"Ecco un'opportunit\u00e0 per costruire il widget Meteo e aggiungerlo al tuo sito Web HTML. Ottieni assistenza clienti gratuita e altri vantaggi da Elfsight.","og_url":"https:\/\/elfsight.com\/it\/weather-widget\/html\/","og_site_name":"Elfsight IT","article_modified_time":"2025-03-24T08:52:54+00:00","twitter_card":"summary_large_image","twitter_misc":{"Tempo di lettura stimato":"3 minuti"},"schema":{"@context":"https:\/\/schema.org","@graph":[{"@type":"WebPage","@id":"https:\/\/elfsight.com\/it\/weather-widget\/html\/","url":"https:\/\/elfsight.com\/it\/weather-widget\/html\/","name":"Widget meteo: aggiungi l'app Meteo al sito Web HTML (gratuito e veloce)","isPartOf":{"@id":"https:\/\/elfsight.com\/it\/#website"},"datePublished":"1970-01-01T00:00:00+00:00","dateModified":"2025-03-24T08:52:54+00:00","description":"Ecco un'opportunit\u00e0 per costruire il widget Meteo e aggiungerlo al tuo sito Web HTML. Ottieni assistenza clienti gratuita e altri vantaggi da Elfsight.","breadcrumb":{"@id":"https:\/\/elfsight.com\/it\/weather-widget\/html\/#breadcrumb"},"inLanguage":"it-IT","potentialAction":[{"@type":"ReadAction","target":["https:\/\/elfsight.com\/it\/weather-widget\/html\/"]}]},{"@type":"BreadcrumbList","@id":"https:\/\/elfsight.com\/it\/weather-widget\/html\/#breadcrumb","itemListElement":[{"@type":"ListItem","position":1,"name":"Home","item":"https:\/\/elfsight.com\/it\/"},{"@type":"ListItem","position":2,"name":"Weather","item":"https:\/\/elfsight.com\/it\/weather-widget\/"},{"@type":"ListItem","position":3,"name":"Weather &#8211; HTML"}]},{"@type":"WebSite","@id":"https:\/\/elfsight.com\/it\/#website","url":"https:\/\/elfsight.com\/it\/","name":"Elfsight IT","description":"Just another Elfsight Sites site","potentialAction":[{"@type":"SearchAction","target":{"@type":"EntryPoint","urlTemplate":"https:\/\/elfsight.com\/it\/?s={search_term_string}"},"query-input":{"@type":"PropertyValueSpecification","valueRequired":true,"valueName":"search_term_string"}}],"inLanguage":"it-IT"}]}},"meta_box":{"industry":"","seo_heading":"","heading":"","description":"","cta_heading":"","cta_description":"","application":"2119","h1":"Widget meteo HTML","h1_caption":"Visualizza le informazioni meteorologiche attuali per qualsiasi localit\u00e0 sul tuo sito web per coinvolgere facilmente il tuo pubblico locale o in viaggio nel tuo sito web HTML.","application_category":[],"applications_title":"","applications_request_title":"","applications_request_button_text":"","hero_text":"","hero_video":"","hero_video_schema_markup":"","selling_points_title":"","selling_points_caption":"","selling_points":[],"selling_points_cta_text":"","features_title":"","features":"","ed_cta_examples_text":"","ed_cta_examples_hidden":"","ed_cta_demo_text":"","ed_cta_demo_hidden":"","why_caption":"","why_editor_title":"","why_editor_text":"","why_team_title":"","why_team_text":"","why_service_title":"","why_service_text":"","template_catalog_visible":"0","template_catalog_title":"","template_catalog_text":"","template_catalog_categories_visible":"","demo_title":"Crea il tuo widget Meteo","demo_caption":"Configura il tuo Meteo e aggiungilo gratuitamente al tuo sito web HTML!","default_faq_hidden":"","app_template_category":[],"platform":"35","template_public_id":"","codecanyon_url":"","codecanyon_item_id":"","codecanyon_price":"","pricing_caption":"","pricing_elfsight_apps_hide_column":"","pricing_elfsight_apps_url":"","pricing_codecanyon_price_caption":"","integration_category":[],"integration_request_title":"","integration_request_cta":"","integration_platform":"","integrations":[],"platform_category":[],"video_schema_markup":"","price":"da $ 0 al mese","trial":"","benefits":[{"text":"Aiuto per l'installazione gratuito"},{"text":"Aiuto per l'installazione gratuito"},{"text":"Garanzia di rimborso di 14 giorni"},{"text":"Miglioramenti continui"}],"button_url":"#demo","button_target_blank":"0","button_nofollow":"0","attributes":[{"name":"Installazioni"},{"name":"Reattivo"},{"name":"Browser compatibili"}],"tags":[],"tags_disable_links":"0","hide_more_platforms":"0","video_object":"","demo_hide_cta":"0","demo_hide_cloud_options":"0","pricing_title":"","pricing":[{"pricing_icon":"platform","pricing_title":"Elfsight Apps","pricing_title_caption":"Versione indipendente dalla piattaforma che funziona su qualsiasi sito","pricing_price":"da $ 0 \/ mese","pricing_price_caption":"inizia con il piano gratuito","pricing_benefits":[{"text":"Domini illimitati"},{"text":"Assistenza clienti gratuita"},{"text":"Servizio di installazione gratuito"},{"text":"Prezzo speciale per pi\u00f9 app"}],"pricing_button_text":"Aggiungi al sito web","pricing_button_url":"#demo"}],"related_apps_title":"","related_apps_hidden":"0","author":"","image":[],"title":"","job":"","social_networks":[]},"_links":{"self":[{"href":"https:\/\/elfsight.com\/it\/wp-json\/wp\/v2\/pages\/6627","targetHints":{"allow":["GET"]}}],"collection":[{"href":"https:\/\/elfsight.com\/it\/wp-json\/wp\/v2\/pages"}],"about":[{"href":"https:\/\/elfsight.com\/it\/wp-json\/wp\/v2\/types\/page"}],"author":[{"embeddable":true,"href":"https:\/\/elfsight.com\/it\/wp-json\/wp\/v2\/users\/9"}],"replies":[{"embeddable":true,"href":"https:\/\/elfsight.com\/it\/wp-json\/wp\/v2\/comments?post=6627"}],"version-history":[{"count":4,"href":"https:\/\/elfsight.com\/it\/wp-json\/wp\/v2\/pages\/6627\/revisions"}],"predecessor-version":[{"id":9955,"href":"https:\/\/elfsight.com\/it\/wp-json\/wp\/v2\/pages\/6627\/revisions\/9955"}],"up":[{"embeddable":true,"href":"https:\/\/elfsight.com\/it\/wp-json\/wp\/v2\/pages\/2120"}],"wp:attachment":[{"href":"https:\/\/elfsight.com\/it\/wp-json\/wp\/v2\/media?parent=6627"}],"curies":[{"name":"wp","href":"https:\/\/api.w.org\/{rel}","templated":true}]}}