{"id":6618,"date":"1970-01-01T00:00:00","date_gmt":"1970-01-01T00:00:00","guid":{"rendered":"https:\/\/elfsight.com\/it\/?page_id=6618"},"modified":"2025-03-24T08:59:35","modified_gmt":"2025-03-24T08:59:35","slug":"webflow","status":"publish","type":"page","link":"https:\/\/elfsight.com\/it\/weather-widget\/webflow\/","title":{"rendered":"Weather &#8211; Webflow"},"content":{"rendered":"\n<div class=\"application-platform-content-item-description application-platform-content-item\" id=\"description\" data-nav-section=\"description\"><h2>Incorpora Meteo su Webflow con il widget Elfsight<\/h2><p>Elfsight Weather \u00e8 un widget del sito web semplice e adattivo per visualizzare l&#8217;up- situazione meteorologica aggiornata per un&#8217;area selezionata. Inserisci una localit\u00e0 tramite il nome, il codice postale o le coordinate. Il pubblico del sito web controller\u00e0 la temperatura, la pressione, l&#8217;umidit\u00e0 e il tempo attivo. Puoi anche visualizzare le previsioni orarie o giornaliere. Il widget presenta anche immagini di sfondo a tema e la funzione per dipingere lo sfondo con i tuoi colori. <\/p><p><b>Rendi a portata di mano per i clienti l&#8217;organizzazione di eventi all&#8217;aperto con le previsioni del tempo sempre a portata di mano! <\/b><\/p><\/div><div class=\"application-platform-content-item-features application-platform-content-item\" id=\"features\" data-nav-section=\"features\"><p>Controlla tutte le caratteristiche funzionali del widget Meteo. Sono disponibili direttamente nell&#8217;editor e ti aiuteranno a modellare il widget per il tuo caso d&#8217;uso. <\/p><ul><li>Tre modi per inserire la posizione: tramite il nome, il codice postale o le coordinate; <\/li><li>Pi\u00f9 di 30 lingue incluse per mostrare i dati meteorologici nella lingua del tuo pubblico; <\/li><li>Cinque tipi di configurazione del widget per diversi casi d&#8217;uso; <\/li><li>L&#8217;opzione per visualizzare le previsioni giornaliere per la settimana futura con le date; <\/li><li>Dimostrare le previsioni orarie per le dodici ore pi\u00f9 vicine. <\/li><\/ul><p><a href=\"#demo\">Controlla come funzionano tutte le funzionalit\u00e0, nella nostra demo<\/a><\/p><\/div><div class=\"application-platform-content-item-installation application-platform-content-item\" id=\"installation\" data-nav-section=\"installation\"> <h2>Come incorporo il widget Meteo su Webflow? <\/h2><div class=\"video-container\"><iframe width=\"560\" height=\"315\" src=\"https:\/\/www.youtube.com\/embed\/1m5Mv24DjHk?si=7lZbkJeoazlq_ksX\" frameborder=\"0\" allow=\"accelerometer; autoplay; clipboard-write; encrypted-media; gyroscope; picture-in-picture; web-share\" allowfullscreen><\/iframe><\/div><p>Per aggiungere il plug-in, segui le istruzioni riportate di seguito<\/p><ol><li><b>Progetta il tuo plug-in Meteo personalizzato<\/b><br>Utilizzando il nostro editor gratuito, genera un plugin con un design personalizzato e caratteristiche funzionali. <\/li> <li><b>Copia il codice personale per visualizzare il plugin<\/b><br>Dopo aver configurato il tuo widget, otterrai il tuo codice personale dalla notifica popup sulle App Elfsight. Copia il codice per un ulteriore utilizzo. <\/li> <li><b>Pubblica il plug-in sul tuo sito web Webflow<\/b><br>Trova l&#8217;area in cui posizionare il plug-in e aggiungi l\u00ec il codice copiato. Applicare i risultati. <\/li> <li><b>L&#8217;incorporamento \u00e8 riuscito! <\/b><br>Vai alla pagina web, per vedere il tuo lavoro. <\/li><\/ol> <p>Sentiti libero di rivolgerti al supporto dei nostri clienti quando hai bisogno di aiuto o hai domande. Saremo felici di aiutarvi con ogni richiesta. <\/p><div class=\"faq\" data-component=\"FAQ\"><div class=\"faq-item\">\r\n\t\t\t\t\t<div class=\"faq-item-question\">\r\n\t\t\t\t\t\t<h3 class=\"faq-item-question-text\">In che modo \u00e8 possibile aggiungere Meteo al mio sito Webflow senza conoscenze di programmazione?<\/h3>\r\n\r\n\t\t\t\t\t\t<div class=\"faq-item-question-icon\"><\/div>\r\n\t\t\t\t\t<\/div>\r\n\r\n\t\t\t\t\t<div class=\"faq-item-answer\">\r\n\t\t\t\t\t\t<div class=\"faq-item-answer-text\"> <p>La societ\u00e0 Elfsight introduce una soluzione SaaS che consente agli utenti di generare autonomamente una sezione Meteo, scopri quanto \u00e8 semplice il processo: vai alla demo online per creare una sezione Meteo che desideri incorporare nella tua home page Webflow. Seleziona uno dei modelli gi\u00e0 pronti e modifica le impostazioni Meteo, cambia il layout e i colori e aggiorna i tuoi contenuti, senza codifica. Salva le impostazioni che hai effettuato su Weather e ottieni il codice di installazione che pu\u00f2 essere facilmente incluso nella pagina web di Webflow senza acquistare un piano a pagamento. Utilizzando il nostro semplice editor, ogni utente web pu\u00f2 creare un plug-in Meteo e incollarlo semplicemente sul proprio sito web Webflow. Non dovresti sottoscrivere un piano a pagamento o divulgare i dati della tua carta per accedere al nostro servizio. Se riscontri problemi di qualsiasi tipo, non esitare a contattare il nostro team di supporto tecnico.<\/p> <\/div>\r\n\t\t\t\t\t<\/div>\r\n\t\t\t\t<\/div> <\/div><\/div><!-- \/wp:html - &gt; \/wp:html -->\n","protected":false},"excerpt":{"rendered":"","protected":false},"author":9,"featured_media":0,"parent":2120,"menu_order":0,"comment_status":"closed","ping_status":"closed","template":"templates\/template-application-platform.php","meta":{"publish_to_discourse":"","publish_post_category":"","wpdc_auto_publish_overridden":"","wpdc_topic_tags":"","wpdc_pin_topic":"","wpdc_pin_until":"","discourse_post_id":"","discourse_permalink":"","wpdc_publishing_response":"","wpdc_publishing_error":"","footnotes":""},"class_list":["post-6618","page","type-page","status-publish","hentry"],"yoast_head":"<!-- This site is optimized with the Yoast SEO plugin v25.3.1 - https:\/\/yoast.com\/wordpress\/plugins\/seo\/ -->\n<title>Aggiungi il widget Meteo al sito Web Webflow (gratuito e veloce)<\/title>\n<meta name=\"description\" content=\"Ecco un&#039;opportunit\u00e0 per creare un widget Meteo e visualizzarlo sul tuo sito web Webflow. Potrai usufruire del servizio clienti gratuito e di altri bonus offerti da Elfsight.\" \/>\n<meta name=\"robots\" content=\"index, follow, max-snippet:-1, max-image-preview:large, max-video-preview:-1\" \/>\n<link rel=\"canonical\" href=\"https:\/\/elfsight.com\/it\/weather-widget\/webflow\/\" \/>\n<meta property=\"og:locale\" content=\"it_IT\" \/>\n<meta property=\"og:type\" content=\"article\" \/>\n<meta property=\"og:title\" content=\"Aggiungi il widget Meteo al sito Web Webflow (gratuito e veloce)\" \/>\n<meta property=\"og:description\" content=\"Ecco un&#039;opportunit\u00e0 per creare un widget Meteo e visualizzarlo sul tuo sito web Webflow. Potrai usufruire del servizio clienti gratuito e di altri bonus offerti da Elfsight.\" \/>\n<meta property=\"og:url\" content=\"https:\/\/elfsight.com\/it\/weather-widget\/webflow\/\" \/>\n<meta property=\"og:site_name\" content=\"Elfsight IT\" \/>\n<meta property=\"article:modified_time\" content=\"2025-03-24T08:59:35+00:00\" \/>\n<meta name=\"twitter:card\" content=\"summary_large_image\" \/>\n<meta name=\"twitter:label1\" content=\"Tempo di lettura stimato\" \/>\n\t<meta name=\"twitter:data1\" content=\"3 minuti\" \/>\n<!-- \/ Yoast SEO plugin. -->","yoast_head_json":{"title":"Aggiungi il widget Meteo al sito Web Webflow (gratuito e veloce)","description":"Ecco un'opportunit\u00e0 per creare un widget Meteo e visualizzarlo sul tuo sito web Webflow. Potrai usufruire del servizio clienti gratuito e di altri bonus offerti da Elfsight.","robots":{"index":"index","follow":"follow","max-snippet":"max-snippet:-1","max-image-preview":"max-image-preview:large","max-video-preview":"max-video-preview:-1"},"canonical":"https:\/\/elfsight.com\/it\/weather-widget\/webflow\/","og_locale":"it_IT","og_type":"article","og_title":"Aggiungi il widget Meteo al sito Web Webflow (gratuito e veloce)","og_description":"Ecco un'opportunit\u00e0 per creare un widget Meteo e visualizzarlo sul tuo sito web Webflow. Potrai usufruire del servizio clienti gratuito e di altri bonus offerti da Elfsight.","og_url":"https:\/\/elfsight.com\/it\/weather-widget\/webflow\/","og_site_name":"Elfsight IT","article_modified_time":"2025-03-24T08:59:35+00:00","twitter_card":"summary_large_image","twitter_misc":{"Tempo di lettura stimato":"3 minuti"},"schema":{"@context":"https:\/\/schema.org","@graph":[{"@type":"WebPage","@id":"https:\/\/elfsight.com\/it\/weather-widget\/webflow\/","url":"https:\/\/elfsight.com\/it\/weather-widget\/webflow\/","name":"Aggiungi il widget Meteo al sito Web Webflow (gratuito e veloce)","isPartOf":{"@id":"https:\/\/elfsight.com\/it\/#website"},"datePublished":"1970-01-01T00:00:00+00:00","dateModified":"2025-03-24T08:59:35+00:00","description":"Ecco un'opportunit\u00e0 per creare un widget Meteo e visualizzarlo sul tuo sito web Webflow. Potrai usufruire del servizio clienti gratuito e di altri bonus offerti da Elfsight.","breadcrumb":{"@id":"https:\/\/elfsight.com\/it\/weather-widget\/webflow\/#breadcrumb"},"inLanguage":"it-IT","potentialAction":[{"@type":"ReadAction","target":["https:\/\/elfsight.com\/it\/weather-widget\/webflow\/"]}]},{"@type":"BreadcrumbList","@id":"https:\/\/elfsight.com\/it\/weather-widget\/webflow\/#breadcrumb","itemListElement":[{"@type":"ListItem","position":1,"name":"Home","item":"https:\/\/elfsight.com\/it\/"},{"@type":"ListItem","position":2,"name":"Weather","item":"https:\/\/elfsight.com\/it\/weather-widget\/"},{"@type":"ListItem","position":3,"name":"Weather &#8211; Webflow"}]},{"@type":"WebSite","@id":"https:\/\/elfsight.com\/it\/#website","url":"https:\/\/elfsight.com\/it\/","name":"Elfsight IT","description":"Just another Elfsight Sites site","potentialAction":[{"@type":"SearchAction","target":{"@type":"EntryPoint","urlTemplate":"https:\/\/elfsight.com\/it\/?s={search_term_string}"},"query-input":{"@type":"PropertyValueSpecification","valueRequired":true,"valueName":"search_term_string"}}],"inLanguage":"it-IT"}]}},"meta_box":{"industry":"","seo_heading":"","heading":"","description":"","cta_heading":"","cta_description":"","application":"2119","h1":"Widget Meteo Webflow","h1_caption":"Visualizza le informazioni meteorologiche attuali per qualsiasi posizione sul tuo sito web per coinvolgere facilmente il tuo pubblico locale o in viaggio nel tuo sito web Webflow.","application_category":[],"applications_title":"","applications_request_title":"","applications_request_button_text":"","hero_text":"","hero_video":"","hero_video_schema_markup":"","selling_points_title":"","selling_points_caption":"","selling_points":[],"selling_points_cta_text":"","features_title":"","features":"","ed_cta_examples_text":"","ed_cta_examples_hidden":"","ed_cta_demo_text":"","ed_cta_demo_hidden":"","why_caption":"","why_editor_title":"","why_editor_text":"","why_team_title":"","why_team_text":"","why_service_title":"","why_service_text":"","template_catalog_visible":"0","template_catalog_title":"","template_catalog_text":"","template_catalog_categories_visible":"","demo_title":"Crea il tuo widget Meteo","demo_caption":"Configura il tuo meteo e aggiungilo gratuitamente al tuo sito Webflow!","default_faq_hidden":"","app_template_category":[],"platform":"44","template_public_id":"","codecanyon_url":"","codecanyon_item_id":"","codecanyon_price":"","pricing_caption":"","pricing_elfsight_apps_hide_column":"","pricing_elfsight_apps_url":"","pricing_codecanyon_price_caption":"","integration_category":[],"integration_request_title":"","integration_request_cta":"","integration_platform":"","integrations":[],"platform_category":[],"video_schema_markup":"","price":"da $ 0 al mese","trial":"","benefits":[{"text":"Servizio di installazione gratuito"},{"text":"Assistenza clienti premium"},{"text":"Garanzia di rimborso di 14 giorni"},{"text":"Miglioramenti gratuiti a vita"}],"button_url":"#demo","button_target_blank":"0","button_nofollow":"0","attributes":[{"name":"Installazioni"},{"name":"Reattivo"},{"name":"Browser compatibili"}],"tags":[],"tags_disable_links":"0","hide_more_platforms":"0","video_object":"","demo_hide_cta":"0","demo_hide_cloud_options":"0","pricing_title":"","pricing":[{"pricing_icon":"platform","pricing_title":"Elfsight Apps","pricing_title_caption":"Soluzione multipiattaforma adatta a qualsiasi sito web","pricing_price":"da $ 0 \/ mese","pricing_price_caption":"inizia con il piano gratuito","pricing_benefits":[{"text":"Domini illimitati"},{"text":"Supporto premium e puntuale"},{"text":"Assistenza gratuita per l'installazione"},{"text":"Offerta speciale per pi\u00f9 app"}],"pricing_button_text":"Aggiungi al sito web","pricing_button_url":"#demo"}],"related_apps_title":"","related_apps_hidden":"0","author":"","image":[],"title":"","job":"","social_networks":[]},"_links":{"self":[{"href":"https:\/\/elfsight.com\/it\/wp-json\/wp\/v2\/pages\/6618","targetHints":{"allow":["GET"]}}],"collection":[{"href":"https:\/\/elfsight.com\/it\/wp-json\/wp\/v2\/pages"}],"about":[{"href":"https:\/\/elfsight.com\/it\/wp-json\/wp\/v2\/types\/page"}],"author":[{"embeddable":true,"href":"https:\/\/elfsight.com\/it\/wp-json\/wp\/v2\/users\/9"}],"replies":[{"embeddable":true,"href":"https:\/\/elfsight.com\/it\/wp-json\/wp\/v2\/comments?post=6618"}],"version-history":[{"count":3,"href":"https:\/\/elfsight.com\/it\/wp-json\/wp\/v2\/pages\/6618\/revisions"}],"predecessor-version":[{"id":9960,"href":"https:\/\/elfsight.com\/it\/wp-json\/wp\/v2\/pages\/6618\/revisions\/9960"}],"up":[{"embeddable":true,"href":"https:\/\/elfsight.com\/it\/wp-json\/wp\/v2\/pages\/2120"}],"wp:attachment":[{"href":"https:\/\/elfsight.com\/it\/wp-json\/wp\/v2\/media?parent=6618"}],"curies":[{"name":"wp","href":"https:\/\/api.w.org\/{rel}","templated":true}]}}