{"id":6613,"date":"1970-01-01T00:00:00","date_gmt":"1970-01-01T00:00:00","guid":{"rendered":"https:\/\/elfsight.com\/it\/?page_id=6613"},"modified":"2024-11-12T08:32:43","modified_gmt":"2024-11-12T08:32:43","slug":"webnode","status":"publish","type":"page","link":"https:\/\/elfsight.com\/it\/weather-widget\/webnode\/","title":{"rendered":"Weather &#8211; Webnode"},"content":{"rendered":"<div class=\"application-platform-content-item-description application-platform-content-item\" id=\"description\" data-nav-section=\"description\"><h2>Descrizione<\/h2><p>Elfsight Weather \u00e8 un plugin per siti web rapido e facilmente personalizzabile che mostra il meteo aggiornato per qualsiasi punto sulla mappa. Aggiungi una posizione tramite il nome, il CAP o le coordinate. Il tuo pubblico vedr\u00e0 le informazioni aggiornate su temperatura, pressione, percentuale di umidit\u00e0 e tempo attivo. Puoi anche dimostrare previsioni orarie o giornaliere. Il widget offre anche immagini di sfondo a tema meteorologico e la possibilit\u00e0 di scegliere i tuoi colori. <\/p><p><b>Permetti ai clienti di cercare facilmente la data degli eventi all&#8217;aperto con le previsioni del tempo sempre a portata di mano! <\/b><\/p><\/div><div class=\"application-platform-content-item-features application-platform-content-item\" id=\"features\" data-nav-section=\"features\"><p>Scopri tutte le caratteristiche funzionali del widget Meteo. Sono disponibili direttamente nell&#8217;editor e ti aiuteranno a creare il widget adatto alle tue esigenze. <\/p><ul><li>3 modi per inserire il luogo: tramite il nome, il codice postale e le coordinate; <\/li><li>Sono supportate oltre 30 lingue per mostrare i dettagli meteorologici nella lingua parlata dal tuo pubblico; <\/li><li>5 varianti della configurazione del widget per diversi casi d&#8217;uso; <\/li><li>La possibilit\u00e0 di aggiungere le previsioni giornaliere per la settimana successiva con le date; <\/li><li>Aggiungi meteo orario per le 12 ore pi\u00f9 vicine. <\/li><\/ul><p><a href=\"#demo\">Prova tutte le altre funzioni nella demo<\/a><\/p><\/div><div class=\"application-platform-content-item-installation application-platform-content-item\" id=\"installation\" data-nav-section=\"installation\"><h2> Come posso aggiungere il widget Meteo al mio sito Webnode? <\/h2><p>Per aggiungere il plugin, segui semplicemente questi rapidi passaggi<\/p><ol><li><b>Costruisci il tuo plugin Meteo unico<\/b><br>Per mezzo del nostro configuratore gratuito, configura un plugin con design personalizzato e aggiungi la posizione. <\/li> <li><b>Copia il codice individuale per configurare il plugin<\/b><br>Dopo aver creato il tuo widget, otterrai il codice univoco nella notifica popup sulle App Elfsight. Copia il codice. <\/li> <li><b>Pubblica il plugin sul tuo sito Webnode<\/b><br>Definisci l&#8217;area in cui desideri visualizzare il plugin e inserisci l\u00ec il codice salvato. Pubblica le modifiche. <\/li> <li><b>L&#8217;installazione \u00e8 riuscita! <\/b><br>Visita il sito web per dare un&#8217;occhiata al tuo widget. <\/li><\/ol> <p>Non esitate a rivolgervi al nostro servizio clienti se avete bisogno di consigli o avete qualcosa da chiedere. I nostri specialisti saranno lieti di aiutarvi con ogni richiesta. <\/p><div class=\"faq\" data-component=\"FAQ\"><div class=\"faq-item\">\r\n\t\t\t\t\t<div class=\"faq-item-question\">\r\n\t\t\t\t\t\t<h3 class=\"faq-item-question-text\">Esiste un'opzione per incorporare Meteo nel mio sito Webnode senza esperienza di programmazione?<\/h3>\r\n\r\n\t\t\t\t\t\t<div class=\"faq-item-question-icon\"><\/div>\r\n\t\t\t\t\t<\/div>\r\n\r\n\t\t\t\t\t<div class=\"faq-item-answer\">\r\n\t\t\t\t\t\t<div class=\"faq-item-answer-text\"> <p>Elfsight fornisce una soluzione che ti consente di creare tu stesso una sezione Meteo, scopri quanto \u00e8 facile : Lavora nella Demo live per generare un plugin Meteo che vorresti integrare nella tua pagina web Webnode. Seleziona uno dei modelli predefiniti e modifica le impostazioni Meteo, aggiungi i tuoi contenuti, trasforma il layout e la combinazione di colori senza codifica. Fai clic per salvare le impostazioni che hai effettuato su Meteo e copia il codice di installazione, che puoi incorporare nella pagina web di Webnode senza la necessit\u00e0 di acquistare un abbonamento a pagamento. Utilizzando il configuratore facile da usare, qualsiasi utente di Internet pu\u00f2 creare un&#8217;app Meteo online e incollarla facilmente nella pagina web di Webnode. Non \u00e8 necessario sottoscrivere un piano a pagamento o inserire le credenziali della carta per accedere al servizio Elfsight. Se riscontri problemi in qualsiasi momento, vai avanti e contatta il nostro staff di supporto tecnico.<\/p> <\/div>\r\n\t\t\t\t\t<\/div>\r\n\t\t\t\t<\/div> <\/div><\/div>","protected":false},"excerpt":{"rendered":"","protected":false},"author":9,"featured_media":0,"parent":2120,"menu_order":0,"comment_status":"closed","ping_status":"closed","template":"templates\/template-application-platform.php","meta":{"publish_to_discourse":"","publish_post_category":"","wpdc_auto_publish_overridden":"","wpdc_topic_tags":"","wpdc_pin_topic":"","wpdc_pin_until":"","discourse_post_id":"","discourse_permalink":"","wpdc_publishing_response":"","wpdc_publishing_error":"","footnotes":""},"class_list":["post-6613","page","type-page","status-publish","hentry"],"yoast_head":"<!-- This site is optimized with the Yoast SEO plugin v25.3.1 - https:\/\/yoast.com\/wordpress\/plugins\/seo\/ -->\n<title>Aggiungi widget Meteo al sito Webnode (gratuito e veloce)<\/title>\n<meta name=\"description\" content=\"Con Elfsight, modella il tuo widget Meteo e mostralo sul sito Webnode in pochissimo tempo. Offriamo un servizio clienti gratuito e pi\u00f9 bonus.\" \/>\n<meta name=\"robots\" content=\"index, follow, max-snippet:-1, max-image-preview:large, max-video-preview:-1\" \/>\n<link rel=\"canonical\" href=\"https:\/\/elfsight.com\/it\/weather-widget\/webnode\/\" \/>\n<meta property=\"og:locale\" content=\"it_IT\" \/>\n<meta property=\"og:type\" content=\"article\" \/>\n<meta property=\"og:title\" content=\"Aggiungi widget Meteo al sito Webnode (gratuito e veloce)\" \/>\n<meta property=\"og:description\" content=\"Con Elfsight, modella il tuo widget Meteo e mostralo sul sito Webnode in pochissimo tempo. Offriamo un servizio clienti gratuito e pi\u00f9 bonus.\" \/>\n<meta property=\"og:url\" content=\"https:\/\/elfsight.com\/it\/weather-widget\/webnode\/\" \/>\n<meta property=\"og:site_name\" content=\"Elfsight IT\" \/>\n<meta property=\"article:modified_time\" content=\"2024-11-12T08:32:43+00:00\" \/>\n<meta name=\"twitter:card\" content=\"summary_large_image\" \/>\n<meta name=\"twitter:label1\" content=\"Tempo di lettura stimato\" \/>\n\t<meta name=\"twitter:data1\" content=\"3 minuti\" \/>\n<!-- \/ Yoast SEO plugin. -->","yoast_head_json":{"title":"Aggiungi widget Meteo al sito Webnode (gratuito e veloce)","description":"Con Elfsight, modella il tuo widget Meteo e mostralo sul sito Webnode in pochissimo tempo. Offriamo un servizio clienti gratuito e pi\u00f9 bonus.","robots":{"index":"index","follow":"follow","max-snippet":"max-snippet:-1","max-image-preview":"max-image-preview:large","max-video-preview":"max-video-preview:-1"},"canonical":"https:\/\/elfsight.com\/it\/weather-widget\/webnode\/","og_locale":"it_IT","og_type":"article","og_title":"Aggiungi widget Meteo al sito Webnode (gratuito e veloce)","og_description":"Con Elfsight, modella il tuo widget Meteo e mostralo sul sito Webnode in pochissimo tempo. Offriamo un servizio clienti gratuito e pi\u00f9 bonus.","og_url":"https:\/\/elfsight.com\/it\/weather-widget\/webnode\/","og_site_name":"Elfsight IT","article_modified_time":"2024-11-12T08:32:43+00:00","twitter_card":"summary_large_image","twitter_misc":{"Tempo di lettura stimato":"3 minuti"},"schema":{"@context":"https:\/\/schema.org","@graph":[{"@type":"WebPage","@id":"https:\/\/elfsight.com\/it\/weather-widget\/webnode\/","url":"https:\/\/elfsight.com\/it\/weather-widget\/webnode\/","name":"Aggiungi widget Meteo al sito Webnode (gratuito e veloce)","isPartOf":{"@id":"https:\/\/elfsight.com\/it\/#website"},"datePublished":"1970-01-01T00:00:00+00:00","dateModified":"2024-11-12T08:32:43+00:00","description":"Con Elfsight, modella il tuo widget Meteo e mostralo sul sito Webnode in pochissimo tempo. Offriamo un servizio clienti gratuito e pi\u00f9 bonus.","breadcrumb":{"@id":"https:\/\/elfsight.com\/it\/weather-widget\/webnode\/#breadcrumb"},"inLanguage":"it-IT","potentialAction":[{"@type":"ReadAction","target":["https:\/\/elfsight.com\/it\/weather-widget\/webnode\/"]}]},{"@type":"BreadcrumbList","@id":"https:\/\/elfsight.com\/it\/weather-widget\/webnode\/#breadcrumb","itemListElement":[{"@type":"ListItem","position":1,"name":"Home","item":"https:\/\/elfsight.com\/it\/"},{"@type":"ListItem","position":2,"name":"Weather","item":"https:\/\/elfsight.com\/it\/weather-widget\/"},{"@type":"ListItem","position":3,"name":"Weather &#8211; Webnode"}]},{"@type":"WebSite","@id":"https:\/\/elfsight.com\/it\/#website","url":"https:\/\/elfsight.com\/it\/","name":"Elfsight IT","description":"Just another Elfsight Sites site","potentialAction":[{"@type":"SearchAction","target":{"@type":"EntryPoint","urlTemplate":"https:\/\/elfsight.com\/it\/?s={search_term_string}"},"query-input":{"@type":"PropertyValueSpecification","valueRequired":true,"valueName":"search_term_string"}}],"inLanguage":"it-IT"}]}},"meta_box":{"industry":"","seo_heading":"","heading":"","description":"","cta_heading":"","cta_description":"","application":"2119","h1":"Widget meteo di Webnode","h1_caption":"Visualizza le informazioni meteo attuali per qualsiasi localit\u00e0 sul tuo sito web per coinvolgere facilmente il tuo pubblico locale o in viaggio nel tuo sito web Webnode.","application_category":[],"applications_title":"","applications_request_title":"","applications_request_button_text":"","hero_text":"","hero_video":"","hero_video_schema_markup":"","selling_points_title":"","selling_points_caption":"","selling_points":[],"selling_points_cta_text":"","features_title":"","features":"","ed_cta_examples_text":"","ed_cta_examples_hidden":"","ed_cta_demo_text":"","ed_cta_demo_hidden":"","why_caption":"","why_editor_title":"","why_editor_text":"","why_team_title":"","why_team_text":"","why_service_title":"","why_service_text":"","template_catalog_visible":"","template_catalog_title":"","template_catalog_text":"","template_catalog_categories_visible":"","demo_title":"Crea il tuo widget Meteo","demo_caption":"Configura il tuo Meteo e aggiungilo gratuitamente al tuo sito Webnode!","default_faq_hidden":"","app_template_category":[],"platform":"47","template_public_id":"","codecanyon_url":"","codecanyon_item_id":"","codecanyon_price":"","pricing_caption":"","pricing_elfsight_apps_hide_column":"","pricing_elfsight_apps_url":"","pricing_codecanyon_price_caption":"","integration_category":[],"integration_request_title":"","integration_request_cta":"","integration_platform":"","integrations":[],"platform_category":[],"video_schema_markup":"","price":"da $ 0 al mese","trial":"","benefits":[{"text":"Assistenza gratuita per l'installazione"},{"text":"Servizio clienti professionale"},{"text":"Garanzia di rimborso di 14 giorni"},{"text":"Aggiornamenti regolari"}],"button_url":"#demo","button_target_blank":"","button_nofollow":"","attributes":[{"name":"Installazioni"},{"name":"Reattivo"},{"name":"Browser compatibili"}],"tags":[],"tags_disable_links":"","hide_more_platforms":"","video_object":"","demo_hide_cta":"","demo_hide_cloud_options":"","pricing_title":"","pricing":[{"pricing_icon":"platform","pricing_title":"Elfsight Apps","pricing_title_caption":"Soluzione digitale multipiattaforma","pricing_price":"da $ 0 \/ mese","pricing_price_caption":"inizia con il piano gratuito","pricing_benefits":[{"text":"Domini illimitati"},{"text":"Supporto premium"},{"text":"Servizio di installazione gratuito"},{"text":"Offerta speciale per pi\u00f9 app"}],"pricing_button_text":"Aggiungi al sito web","pricing_button_url":"#demo"}],"related_apps_title":"","related_apps_hidden":"","author":"","image":[],"title":"","job":"","social_networks":[]},"_links":{"self":[{"href":"https:\/\/elfsight.com\/it\/wp-json\/wp\/v2\/pages\/6613","targetHints":{"allow":["GET"]}}],"collection":[{"href":"https:\/\/elfsight.com\/it\/wp-json\/wp\/v2\/pages"}],"about":[{"href":"https:\/\/elfsight.com\/it\/wp-json\/wp\/v2\/types\/page"}],"author":[{"embeddable":true,"href":"https:\/\/elfsight.com\/it\/wp-json\/wp\/v2\/users\/9"}],"replies":[{"embeddable":true,"href":"https:\/\/elfsight.com\/it\/wp-json\/wp\/v2\/comments?post=6613"}],"version-history":[{"count":1,"href":"https:\/\/elfsight.com\/it\/wp-json\/wp\/v2\/pages\/6613\/revisions"}],"predecessor-version":[{"id":6617,"href":"https:\/\/elfsight.com\/it\/wp-json\/wp\/v2\/pages\/6613\/revisions\/6617"}],"up":[{"embeddable":true,"href":"https:\/\/elfsight.com\/it\/wp-json\/wp\/v2\/pages\/2120"}],"wp:attachment":[{"href":"https:\/\/elfsight.com\/it\/wp-json\/wp\/v2\/media?parent=6613"}],"curies":[{"name":"wp","href":"https:\/\/api.w.org\/{rel}","templated":true}]}}