{"id":6610,"date":"1970-01-01T00:00:00","date_gmt":"1970-01-01T00:00:00","guid":{"rendered":"https:\/\/elfsight.com\/it\/?page_id=6610"},"modified":"2025-03-24T09:09:43","modified_gmt":"2025-03-24T09:09:43","slug":"wordpress","status":"publish","type":"page","link":"https:\/\/elfsight.com\/it\/weather-widget\/wordpress\/","title":{"rendered":"Weather &#8211; WordPress"},"content":{"rendered":"\n<div class=\"application-platform-content-item-description application-platform-content-item\" id=\"description\" data-nav-section=\"description\"><h2>Incorpora Meteo su WordPress con il widget Elfsight<\/h2><p>Elfsight Weather \u00e8 un widget per siti web rapido e altamente personalizzabile per fornire ai tuoi utenti con le informazioni meteorologiche pertinenti per qualsiasi localit\u00e0. Aggiungi un luogo tramite il nome, il CAP o le coordinate. I tuoi utenti possono ora controllare le informazioni pi\u00f9 recenti su temperatura, pressione, umidit\u00e0 ed elementi meteorologici. Puoi anche visualizzare le previsioni per la settimana o per le 12 ore successive. Il widget offre anche uno sfondo a tema e la possibilit\u00e0 di applicare colori personalizzati. <\/p><p><b>Rendi pi\u00f9 semplice per i clienti ordinare le loro attivit\u00e0 all&#8217;aperto con le previsioni del tempo a portata di mano! <\/b><\/p><\/div><div class=\"application-platform-content-item-features application-platform-content-item\" id=\"features\" data-nav-section=\"features\"><p>Controlla tutte le funzioni del widget Meteo. Sono disponibili direttamente nell&#8217;editor e ti aiuteranno a creare il widget adatto alle tue esigenze. <\/p><ul><li>3 modi per inserire la localit\u00e0: tramite il nome, il codice postale o le coordinate; <\/li><li>Pi\u00f9 di 30 lingue supportate per mostrare i dati meteorologici nella lingua del tuo pubblico; <\/li><li>5 varianti della configurazione del widget per diversi casi d&#8217;uso; <\/li><li>L&#8217;opzione per mostrare le previsioni giornaliere per una settimana con le date; <\/li><li>Mostra il meteo orario per le prossime 12 ore. <\/li><\/ul><p><a href=\"#demo\">Puoi provare tutte le funzionalit\u00e0 del widget direttamente nella demo<\/a><\/p><\/div><div class=\"application-platform-content-item-installation application-platform-content-item\" id=\"installation\" data-nav-section=\"installation\"><h2>Come posso aggiungere il plugin Meteo al mio sito WordPress? <\/h2><div class=\"video-container\"><iframe width=\"560\" height=\"315\" src=\"https:\/\/www.youtube.com\/embed\/XVLIErBYrZ4?si=qDTf2-tGtyvRLH4k\" frameborder=\"0\" allow=\"accelerometer; autoplay; clipboard-write; encrypted-media; gyroscope; picture-in-picture; web-share\" allowfullscreen><\/iframe><\/div><p>Segui semplicemente le istruzioni seguenti per integrare il plug-in su WordPress.<\/p> <ol><li><b>Utilizza il nostro configuratore gratuito e inizia a creare il tuo plug-in personalizzato. <\/b><br> Scegli il design e gli aspetti adatti del plugin e applica le correzioni. <\/li> <li><b>Ottieni il tuo codice univoco che appare nella casella sulle app Elfsight. <\/b><br> Una volta terminata la generazione del tuo plugin, copia il codice personale dal popup visualizzato e salvalo per un utilizzo futuro. <\/li> <li><b>Inizia a utilizzare il plug-in Meteo sul tuo sito WordPress. <\/b><br> Inserisci il codice salvato in precedenza nel tuo sito web e salva le modifiche. <\/li> <li><b>L&#8217;installazione \u00e8 completamente completata. <\/b><br> Visita il tuo sito web per visualizzare le prestazioni del plug-in. <\/li><\/ol> <p>Sentiti libero di contattare il servizio clienti quando hai bisogno di aiuto o hai qualcosa da chiedere. I nostri specialisti vi daranno una mano con ogni richiesta. <\/p><div class=\"faq\" data-component=\"FAQ\"><div class=\"faq-item\">\r\n\t\t\t\t\t<div class=\"faq-item-question\">\r\n\t\t\t\t\t\t<h3 class=\"faq-item-question-text\">Come aggiungere il widget Meteo a una pagina WordPress?<\/h3>\r\n\r\n\t\t\t\t\t\t<div class=\"faq-item-question-icon\"><\/div>\r\n\t\t\t\t\t<\/div>\r\n\r\n\t\t\t\t\t<div class=\"faq-item-answer\">\r\n\t\t\t\t\t\t<div class=\"faq-item-answer-text\"><p>L&#8217;aggiunta al sito web richieder\u00e0 solo pochi istanti. Inoltre, non \u00e8 necessario avere alcuna competenza di programmazione.<\/p><p>Regola il plugin Meteo per WordPress nel configuratore gratuito; inserisci la posizione personalizzata, scegli la temperatura da mostrare; ottieni il codice di installazione, incorpora il codice nel punto necessario nel modello del sito web. Fatto! L&#8217;installazione del plugin meteo su WordPress \u00e8 terminata! <\/p><p>Hai problemi con l&#8217;installazione del plugin su WordPress o con la sua formattazione? Potresti trovare la guida <a href=\"https:\/\/elfsight.com\/tutorials\/how-to-add-weather-widget\/#how-to-add-weather-to-wordpress\">in questa pagina<\/a>. <\/p><\/div>\r\n\t\t\t\t\t<\/div>\r\n\t\t\t\t<\/div><div class=\"faq-item\">\r\n\t\t\t\t\t<div class=\"faq-item-question\">\r\n\t\t\t\t\t\t<h3 class=\"faq-item-question-text\">Ho l'opportunit\u00e0 di vedere come apparir\u00e0 il widget su un sito?<\/h3>\r\n\r\n\t\t\t\t\t\t<div class=\"faq-item-question-icon\"><\/div>\r\n\t\t\t\t\t<\/div>\r\n\r\n\t\t\t\t\t<div class=\"faq-item-answer\">\r\n\t\t\t\t\t\t<div class=\"faq-item-answer-text\"><p>Assolutamente s\u00ec! Quando crei il plugin meteo WordPress <a href=\"https:\/\/elfsight.com\/weather-widget\/#demo\">nel costruttore online<\/a>, considererai tutte le modifiche nella parte destra di esso. Il banner meteo sar\u00e0 identico a quello che aggiungerai a WordPress.<\/p><\/div>\r\n\t\t\t\t\t<\/div>\r\n\t\t\t\t<\/div><div class=\"faq-item\">\r\n\t\t\t\t\t<div class=\"faq-item-question\">\r\n\t\t\t\t\t\t<h3 class=\"faq-item-question-text\">Quali altri widget sono essenziali per un sito Web WordPress?<\/h3>\r\n\r\n\t\t\t\t\t\t<div class=\"faq-item-question-icon\"><\/div>\r\n\t\t\t\t\t<\/div>\r\n\r\n\t\t\t\t\t<div class=\"faq-item-answer\">\r\n\t\t\t\t\t\t<div class=\"faq-item-answer-text\"><p>Offerte WordPress un sacco di plugin con funzionalit\u00e0 squisite. Tuttavia, se hai bisogno di strumenti non convenzionali per aumentare l&#8217;efficacia del tuo sito web, puoi utilizzare i plugin Elfsight.<\/p><p>Tra questi ci sono <a href=\"https:\/\/elfsight.com\/google-reviews-widget\/wordpress\/\">Google Recensioni<\/a>, <a href=\"https:\/\/elfsight.com\/testimonials-slider-widget\/wordpress\/\">Slider testimonianze<\/a> e <a href=\"https:\/\/elfsight.com\/youtube-channel-plugin-yottie\/wordpress\/\">Galleria YouTube<\/a>. Inoltre, puoi aggiungere <a href=\"https:\/\/elfsight.com\/whatsapp-chat-widget\/wordpress\/\">WhatsApp<\/a> e <a href=\"https:\/\/elfsight.com\/facebook-chat-widget\/wordpress\/\">Chat di Facebook<\/a> per rendere ancora pi\u00f9 semplice la comunicazione tramite i messenger pi\u00f9 diffusi. Ad ogni modo, scegli lo strumento che preferisci e rafforza il tuo sito web.<\/p><\/div>\r\n\t\t\t\t\t<\/div>\r\n\t\t\t\t<\/div><\/div><\/div>\n","protected":false},"excerpt":{"rendered":"","protected":false},"author":9,"featured_media":0,"parent":2120,"menu_order":0,"comment_status":"closed","ping_status":"closed","template":"templates\/template-application-platform.php","meta":{"publish_to_discourse":"","publish_post_category":"","wpdc_auto_publish_overridden":"","wpdc_topic_tags":"","wpdc_pin_topic":"","wpdc_pin_until":"","discourse_post_id":"","discourse_permalink":"","wpdc_publishing_response":"","wpdc_publishing_error":"","footnotes":""},"class_list":["post-6610","page","type-page","status-publish","hentry"],"yoast_head":"<!-- This site is optimized with the Yoast SEO plugin v25.3.1 - https:\/\/yoast.com\/wordpress\/plugins\/seo\/ -->\n<title>Miglior widget Meteo: aggiungi l&#039;app Meteo al sito Web WordPress [2025]<\/title>\n<meta name=\"description\" content=\"Con Elfsight, modella il tuo plug-in Meteo e pubblicalo rapidamente sul sito Web WordPress. Abbiamo un servizio clienti gratuito e altri bonus.\" \/>\n<meta name=\"robots\" content=\"index, follow, max-snippet:-1, max-image-preview:large, max-video-preview:-1\" \/>\n<link rel=\"canonical\" href=\"https:\/\/elfsight.com\/it\/weather-widget\/wordpress\/\" \/>\n<meta property=\"og:locale\" content=\"it_IT\" \/>\n<meta property=\"og:type\" content=\"article\" \/>\n<meta property=\"og:title\" content=\"Miglior widget Meteo: aggiungi l&#039;app Meteo al sito Web WordPress [2025]\" \/>\n<meta property=\"og:description\" content=\"Con Elfsight, modella il tuo plug-in Meteo e pubblicalo rapidamente sul sito Web WordPress. Abbiamo un servizio clienti gratuito e altri bonus.\" \/>\n<meta property=\"og:url\" content=\"https:\/\/elfsight.com\/it\/weather-widget\/wordpress\/\" \/>\n<meta property=\"og:site_name\" content=\"Elfsight IT\" \/>\n<meta property=\"article:modified_time\" content=\"2025-03-24T09:09:43+00:00\" \/>\n<meta name=\"twitter:card\" content=\"summary_large_image\" \/>\n<meta name=\"twitter:label1\" content=\"Tempo di lettura stimato\" \/>\n\t<meta name=\"twitter:data1\" content=\"4 minuti\" \/>\n<!-- \/ Yoast SEO plugin. -->","yoast_head_json":{"title":"Miglior widget Meteo: aggiungi l'app Meteo al sito Web WordPress [2025]","description":"Con Elfsight, modella il tuo plug-in Meteo e pubblicalo rapidamente sul sito Web WordPress. Abbiamo un servizio clienti gratuito e altri bonus.","robots":{"index":"index","follow":"follow","max-snippet":"max-snippet:-1","max-image-preview":"max-image-preview:large","max-video-preview":"max-video-preview:-1"},"canonical":"https:\/\/elfsight.com\/it\/weather-widget\/wordpress\/","og_locale":"it_IT","og_type":"article","og_title":"Miglior widget Meteo: aggiungi l'app Meteo al sito Web WordPress [2025]","og_description":"Con Elfsight, modella il tuo plug-in Meteo e pubblicalo rapidamente sul sito Web WordPress. Abbiamo un servizio clienti gratuito e altri bonus.","og_url":"https:\/\/elfsight.com\/it\/weather-widget\/wordpress\/","og_site_name":"Elfsight IT","article_modified_time":"2025-03-24T09:09:43+00:00","twitter_card":"summary_large_image","twitter_misc":{"Tempo di lettura stimato":"4 minuti"},"schema":{"@context":"https:\/\/schema.org","@graph":[{"@type":"WebPage","@id":"https:\/\/elfsight.com\/it\/weather-widget\/wordpress\/","url":"https:\/\/elfsight.com\/it\/weather-widget\/wordpress\/","name":"Miglior widget Meteo: aggiungi l'app Meteo al sito Web WordPress [2025]","isPartOf":{"@id":"https:\/\/elfsight.com\/it\/#website"},"datePublished":"1970-01-01T00:00:00+00:00","dateModified":"2025-03-24T09:09:43+00:00","description":"Con Elfsight, modella il tuo plug-in Meteo e pubblicalo rapidamente sul sito Web WordPress. Abbiamo un servizio clienti gratuito e altri bonus.","breadcrumb":{"@id":"https:\/\/elfsight.com\/it\/weather-widget\/wordpress\/#breadcrumb"},"inLanguage":"it-IT","potentialAction":[{"@type":"ReadAction","target":["https:\/\/elfsight.com\/it\/weather-widget\/wordpress\/"]}]},{"@type":"BreadcrumbList","@id":"https:\/\/elfsight.com\/it\/weather-widget\/wordpress\/#breadcrumb","itemListElement":[{"@type":"ListItem","position":1,"name":"Home","item":"https:\/\/elfsight.com\/it\/"},{"@type":"ListItem","position":2,"name":"Weather","item":"https:\/\/elfsight.com\/it\/weather-widget\/"},{"@type":"ListItem","position":3,"name":"Weather &#8211; WordPress"}]},{"@type":"WebSite","@id":"https:\/\/elfsight.com\/it\/#website","url":"https:\/\/elfsight.com\/it\/","name":"Elfsight IT","description":"Just another Elfsight Sites site","potentialAction":[{"@type":"SearchAction","target":{"@type":"EntryPoint","urlTemplate":"https:\/\/elfsight.com\/it\/?s={search_term_string}"},"query-input":{"@type":"PropertyValueSpecification","valueRequired":true,"valueName":"search_term_string"}}],"inLanguage":"it-IT"}]}},"meta_box":{"industry":"","seo_heading":"","heading":"","description":"","cta_heading":"","cta_description":"","application":"2119","h1":"Plugin Meteo WordPress","h1_caption":"Visualizza le informazioni meteorologiche attuali per qualsiasi posizione sul tuo sito Web per coinvolgere facilmente il tuo pubblico locale o in viaggio nel tuo sito Web WordPress.","application_category":[],"applications_title":"","applications_request_title":"","applications_request_button_text":"","hero_text":"","hero_video":"","hero_video_schema_markup":"","selling_points_title":"","selling_points_caption":"","selling_points":[],"selling_points_cta_text":"","features_title":"","features":"","ed_cta_examples_text":"","ed_cta_examples_hidden":"","ed_cta_demo_text":"","ed_cta_demo_hidden":"","why_caption":"","why_editor_title":"","why_editor_text":"","why_team_title":"","why_team_text":"","why_service_title":"","why_service_text":"","template_catalog_visible":"0","template_catalog_title":"","template_catalog_text":"","template_catalog_categories_visible":"","demo_title":"Crea il tuo plugin Meteo","demo_caption":"Configura il tuo Meteo e aggiungilo gratuitamente al tuo sito WordPress!","default_faq_hidden":"","app_template_category":[],"platform":"28","template_public_id":"","codecanyon_url":"","codecanyon_item_id":"","codecanyon_price":"","pricing_caption":"","pricing_elfsight_apps_hide_column":"","pricing_elfsight_apps_url":"","pricing_codecanyon_price_caption":"","integration_category":[],"integration_request_title":"","integration_request_cta":"","integration_platform":"","integrations":[],"platform_category":[],"video_schema_markup":"","price":"da $ 0 al mese","trial":"","benefits":[{"text":"Servizio di installazione gratuito"},{"text":"Servizio clienti efficace"},{"text":"Garanzia di rimborso di 14 giorni"},{"text":"Aggiornamento costante"}],"button_url":"#demo","button_target_blank":"0","button_nofollow":"0","attributes":[{"name":"Installazioni"},{"name":"Reattivo"},{"name":"Browser compatibili"}],"tags":[],"tags_disable_links":"0","hide_more_platforms":"0","video_object":"","demo_hide_cta":"0","demo_hide_cloud_options":"0","pricing_title":"","pricing":[{"pricing_icon":"platform","pricing_title":"Elfsight Apps","pricing_title_caption":"Soluzione digitale multipiattaforma","pricing_price":"da $ 0 \/ mese","pricing_price_caption":"inizia con il piano gratuito","pricing_benefits":[{"text":"Siti web illimitati"},{"text":"Supporto rapido e puntuale"},{"text":"Servizio di installazione gratuito"},{"text":"Offerta a tempo limitato per pi\u00f9 app"}],"pricing_button_text":"Aggiungi al sito web","pricing_button_url":"#demo"}],"related_apps_title":"","related_apps_hidden":"0","author":"","image":[],"title":"","job":"","social_networks":[]},"_links":{"self":[{"href":"https:\/\/elfsight.com\/it\/wp-json\/wp\/v2\/pages\/6610","targetHints":{"allow":["GET"]}}],"collection":[{"href":"https:\/\/elfsight.com\/it\/wp-json\/wp\/v2\/pages"}],"about":[{"href":"https:\/\/elfsight.com\/it\/wp-json\/wp\/v2\/types\/page"}],"author":[{"embeddable":true,"href":"https:\/\/elfsight.com\/it\/wp-json\/wp\/v2\/users\/9"}],"replies":[{"embeddable":true,"href":"https:\/\/elfsight.com\/it\/wp-json\/wp\/v2\/comments?post=6610"}],"version-history":[{"count":3,"href":"https:\/\/elfsight.com\/it\/wp-json\/wp\/v2\/pages\/6610\/revisions"}],"predecessor-version":[{"id":9968,"href":"https:\/\/elfsight.com\/it\/wp-json\/wp\/v2\/pages\/6610\/revisions\/9968"}],"up":[{"embeddable":true,"href":"https:\/\/elfsight.com\/it\/wp-json\/wp\/v2\/pages\/2120"}],"wp:attachment":[{"href":"https:\/\/elfsight.com\/it\/wp-json\/wp\/v2\/media?parent=6610"}],"curies":[{"name":"wp","href":"https:\/\/api.w.org\/{rel}","templated":true}]}}