{"id":6596,"date":"1970-01-01T00:00:00","date_gmt":"1970-01-01T00:00:00","guid":{"rendered":"https:\/\/elfsight.com\/it\/?page_id=6596"},"modified":"2024-11-11T11:22:23","modified_gmt":"2024-11-11T11:22:23","slug":"prestashop","status":"publish","type":"page","link":"https:\/\/elfsight.com\/it\/weather-widget\/prestashop\/","title":{"rendered":"Weather &#8211; PrestaShop"},"content":{"rendered":"<div class=\"application-platform-content-item-description application-platform-content-item\" id=\"description\" data-nav-section=\"description\"> <h2>Descrizione<\/h2> <p>Elfsight Weather \u00e8 un widget per siti Web semplice e molto adattivo che mostra il tempo attuale per una localit\u00e0 selezionata. Un distretto tramite il titolo, il codice postale o le coordinate. Il pubblico del sito web controller\u00e0 i dati pi\u00f9 recenti su temperatura, pressione atmosferica, percentuale di umidit\u00e0 ed elementi meteorologici. Puoi anche mostrare previsioni orarie o giornaliere. Puoi personalizzare l&#8217;interfaccia utilizzando immagini di sfondo a tema meteorologico e la funzione per applicare colori personalizzati. <\/p> <p><b>Migliora l&#8217;esperienza dell&#8217;utente avendo un widget meteo informativo sul tuo sito. <\/b><\/p> <\/div> <div class=\"application-platform-content-item-features application-platform-content-item\" id=\"features\" data-nav-section=\"features\"> <h2>Conosci l&#8217;elenco delle funzionalit\u00e0 pi\u00f9 utili: <\/h2> <ul><li>Visualizza il meteo attuale in qualsiasi luogo del mondo<\/li><li>3 modi per inserire la posizione: le coordinate, il codice postale e il nome<\/li><li>Unit\u00e0 di temperatura Fahrenheit o Celsius<\/li><li>5 varianti del widget configurazione per visualizzare pi\u00f9 o meno dati<\/li><li>L&#8217;opzione per visualizzare le previsioni giornaliere per la settimana successiva con le date<\/li><li>Mostrare il meteo orario per le prossime 12 ore<\/li><li>Cambia attivare o disattivare l&#8217;animazione delle icone<\/li><li>L&#8217;opzione per mostrare un&#8217;immagine meteo a tema che riflette le condizioni attuali<\/li><\/ul><p><a href=\"#demo\">Puoi vedere cosa avviene nel widget vale la pena con l&#8217;aiuto della demo<\/a><\/p> <\/div> <div class=\"application-platform-content-item-installation application-platform-content-item\" id=\"installation\" data-nav-section=\"installation\"> <h2>Come aggiungere Meteo al sito PrestaShop <\/h2> <p>Segui semplicemente le istruzioni di seguito per attivare il widget. <\/p> <ol><li><b>Lancia la nostra demo gratuita e inizia a dare forma al tuo strumento personalizzato. <\/b><br> Scegli l&#8217;interfaccia selezionata e le specifiche del componente aggiuntivo e salva le correzioni. <\/li> <li><b>Acquisisci il tuo codice univoco mostrato nell&#8217;apposito modulo su Elfsight Apps. <\/b><br> Subito dopo aver terminato la creazione del tuo componente aggiuntivo personale, copia il codice esclusivo nella finestra visualizzata e salvalo per occasioni successive. <\/li> <li><b>Avvia l&#8217;applicazione dello strumento sulla pagina web PrestaShop. <\/b><br> Inserisci il codice che hai salvato in precedenza nel tuo sito web e salva le modifiche. <\/li> <li><b>L&#8217;installazione \u00e8 completamente eseguita. <\/b><br> Vai alla tua pagina per vedere come funziona lo strumento. <\/li><\/ol> <p>Se hai qualche problema, non esitare a rivolgerti al nostro personale del servizio clienti. Il nostro personale sar\u00e0 entusiasta di aiutarti con tutte le difficolt\u00e0 che potresti avere con lo strumento. <\/p> <div class=\"faq\" data-component=\"FAQ\"><div class=\"faq-item\">\r\n\t\t\t\t\t<div class=\"faq-item-question\">\r\n\t\t\t\t\t\t<h3 class=\"faq-item-question-text\">In che modo posso incorporare Meteo nel mio PrestaShop senza conoscenze di programmazione?<\/h3>\r\n\r\n\t\t\t\t\t\t<div class=\"faq-item-question-icon\"><\/div>\r\n\t\t\t\t\t<\/div>\r\n\r\n\t\t\t\t\t<div class=\"faq-item-answer\">\r\n\t\t\t\t\t\t<div class=\"faq-item-answer-text\"> <p>La societ\u00e0 Elfsight fornisce una soluzione cloud che consente alle persone di creare autonomamente un&#8217;app Meteo, guardare il semplici istruzioni: vai all&#8217;editor live per creare un plug-in Meteo che desideri vedere sul tuo sito web PrestaShop. Fai clic su uno dei tanti modelli gi\u00e0 pronti e modifica le impostazioni Meteo, modifica il layout e la combinazione di colori, aggiungi i tuoi contenuti, senza alcuna codifica. Fai clic per salvare il Meteo e copia il codice di installazione, che potrai semplicemente includere gratuitamente in qualsiasi sito PrestaShop. Lavorando nell&#8217;intuitivo Configuratore, ogni utente web pu\u00f2 creare un widget Meteo online e incollarlo semplicemente nel proprio sito web PrestaShop. Non devi pagare o rivelare le credenziali della tua carta per accedere al nostro Editor. Se incontri ostacoli di qualsiasi tipo, non esitare a contattare il nostro team di supporto.<\/p> <\/div>\r\n\t\t\t\t\t<\/div>\r\n\t\t\t\t<\/div> <\/div><\/div>","protected":false},"excerpt":{"rendered":"","protected":false},"author":9,"featured_media":0,"parent":2120,"menu_order":0,"comment_status":"closed","ping_status":"closed","template":"templates\/template-application-platform.php","meta":{"publish_to_discourse":"","publish_post_category":"","wpdc_auto_publish_overridden":"","wpdc_topic_tags":"","wpdc_pin_topic":"","wpdc_pin_until":"","discourse_post_id":"","discourse_permalink":"","wpdc_publishing_response":"","wpdc_publishing_error":"","footnotes":""},"class_list":["post-6596","page","type-page","status-publish","hentry"],"yoast_head":"<!-- This site is optimized with the Yoast SEO plugin v25.3.1 - https:\/\/yoast.com\/wordpress\/plugins\/seo\/ -->\n<title>Aggiungi il componente aggiuntivo Meteo al sito Web PrestaShop (gratuito e veloce)<\/title>\n<meta name=\"description\" content=\"\u00c8 assolutamente semplice creare il tuo componente aggiuntivo Meteo e pubblicarlo sul tuo sito web PrestaShop. Il servizio clienti Elfsight \u00e8 gratuito.\" \/>\n<meta name=\"robots\" content=\"index, follow, max-snippet:-1, max-image-preview:large, max-video-preview:-1\" \/>\n<link rel=\"canonical\" href=\"https:\/\/elfsight.com\/it\/weather-widget\/prestashop\/\" \/>\n<meta property=\"og:locale\" content=\"it_IT\" \/>\n<meta property=\"og:type\" content=\"article\" \/>\n<meta property=\"og:title\" content=\"Aggiungi il componente aggiuntivo Meteo al sito Web PrestaShop (gratuito e veloce)\" \/>\n<meta property=\"og:description\" content=\"\u00c8 assolutamente semplice creare il tuo componente aggiuntivo Meteo e pubblicarlo sul tuo sito web PrestaShop. Il servizio clienti Elfsight \u00e8 gratuito.\" \/>\n<meta property=\"og:url\" content=\"https:\/\/elfsight.com\/it\/weather-widget\/prestashop\/\" \/>\n<meta property=\"og:site_name\" content=\"Elfsight IT\" \/>\n<meta property=\"article:modified_time\" content=\"2024-11-11T11:22:23+00:00\" \/>\n<meta name=\"twitter:card\" content=\"summary_large_image\" \/>\n<meta name=\"twitter:label1\" content=\"Tempo di lettura stimato\" \/>\n\t<meta name=\"twitter:data1\" content=\"3 minuti\" \/>\n<!-- \/ Yoast SEO plugin. -->","yoast_head_json":{"title":"Aggiungi il componente aggiuntivo Meteo al sito Web PrestaShop (gratuito e veloce)","description":"\u00c8 assolutamente semplice creare il tuo componente aggiuntivo Meteo e pubblicarlo sul tuo sito web PrestaShop. Il servizio clienti Elfsight \u00e8 gratuito.","robots":{"index":"index","follow":"follow","max-snippet":"max-snippet:-1","max-image-preview":"max-image-preview:large","max-video-preview":"max-video-preview:-1"},"canonical":"https:\/\/elfsight.com\/it\/weather-widget\/prestashop\/","og_locale":"it_IT","og_type":"article","og_title":"Aggiungi il componente aggiuntivo Meteo al sito Web PrestaShop (gratuito e veloce)","og_description":"\u00c8 assolutamente semplice creare il tuo componente aggiuntivo Meteo e pubblicarlo sul tuo sito web PrestaShop. Il servizio clienti Elfsight \u00e8 gratuito.","og_url":"https:\/\/elfsight.com\/it\/weather-widget\/prestashop\/","og_site_name":"Elfsight IT","article_modified_time":"2024-11-11T11:22:23+00:00","twitter_card":"summary_large_image","twitter_misc":{"Tempo di lettura stimato":"3 minuti"},"schema":{"@context":"https:\/\/schema.org","@graph":[{"@type":"WebPage","@id":"https:\/\/elfsight.com\/it\/weather-widget\/prestashop\/","url":"https:\/\/elfsight.com\/it\/weather-widget\/prestashop\/","name":"Aggiungi il componente aggiuntivo Meteo al sito Web PrestaShop (gratuito e veloce)","isPartOf":{"@id":"https:\/\/elfsight.com\/it\/#website"},"datePublished":"1970-01-01T00:00:00+00:00","dateModified":"2024-11-11T11:22:23+00:00","description":"\u00c8 assolutamente semplice creare il tuo componente aggiuntivo Meteo e pubblicarlo sul tuo sito web PrestaShop. Il servizio clienti Elfsight \u00e8 gratuito.","breadcrumb":{"@id":"https:\/\/elfsight.com\/it\/weather-widget\/prestashop\/#breadcrumb"},"inLanguage":"it-IT","potentialAction":[{"@type":"ReadAction","target":["https:\/\/elfsight.com\/it\/weather-widget\/prestashop\/"]}]},{"@type":"BreadcrumbList","@id":"https:\/\/elfsight.com\/it\/weather-widget\/prestashop\/#breadcrumb","itemListElement":[{"@type":"ListItem","position":1,"name":"Home","item":"https:\/\/elfsight.com\/it\/"},{"@type":"ListItem","position":2,"name":"Weather","item":"https:\/\/elfsight.com\/it\/weather-widget\/"},{"@type":"ListItem","position":3,"name":"Weather &#8211; PrestaShop"}]},{"@type":"WebSite","@id":"https:\/\/elfsight.com\/it\/#website","url":"https:\/\/elfsight.com\/it\/","name":"Elfsight IT","description":"Just another Elfsight Sites site","potentialAction":[{"@type":"SearchAction","target":{"@type":"EntryPoint","urlTemplate":"https:\/\/elfsight.com\/it\/?s={search_term_string}"},"query-input":{"@type":"PropertyValueSpecification","valueRequired":true,"valueName":"search_term_string"}}],"inLanguage":"it-IT"}]}},"meta_box":{"industry":"","seo_heading":"","heading":"","description":"","cta_heading":"","cta_description":"","application":"2119","h1":"Componente aggiuntivo Meteo PrestaShop","h1_caption":"Visualizza le informazioni meteorologiche attuali per qualsiasi posizione sul tuo sito Web per coinvolgere facilmente il tuo pubblico locale o in viaggio nel tuo sito Web Prestashop.","application_category":[],"applications_title":"","applications_request_title":"","applications_request_button_text":"","hero_text":"","hero_video":"","hero_video_schema_markup":"","selling_points_title":"","selling_points_caption":"","selling_points":[],"selling_points_cta_text":"","features_title":"","features":"","ed_cta_examples_text":"","ed_cta_examples_hidden":"","ed_cta_demo_text":"","ed_cta_demo_hidden":"","why_caption":"","why_editor_title":"","why_editor_text":"","why_team_title":"","why_team_text":"","why_service_title":"","why_service_text":"","template_catalog_visible":"","template_catalog_title":"","template_catalog_text":"","template_catalog_categories_visible":"","demo_title":"Crea il tuo componente aggiuntivo Meteo","demo_caption":"Configura il tuo Meteo e aggiungilo gratuitamente al tuo sito PrestaShop!","default_faq_hidden":"","app_template_category":[],"platform":"1023","template_public_id":"","codecanyon_url":"","codecanyon_item_id":"","codecanyon_price":"","pricing_caption":"","pricing_elfsight_apps_hide_column":"","pricing_elfsight_apps_url":"","pricing_codecanyon_price_caption":"","integration_category":[],"integration_request_title":"","integration_request_cta":"","integration_platform":"","integrations":[],"platform_category":[],"video_schema_markup":"","price":"da $ 0 al mese","trial":"","benefits":[{"text":"Aiuto gratuito per l'installazione"},{"text":"Supporto premium"},{"text":"Garanzia di rimborso di 14 giorni"},{"text":"Sviluppo continuo"}],"button_url":"#demo","button_target_blank":"","button_nofollow":"","attributes":[{"name":"Installazioni"},{"name":"Reattivo"},{"name":"Browser compatibili"}],"tags":[],"tags_disable_links":"","hide_more_platforms":"","video_object":"","demo_hide_cta":"","demo_hide_cloud_options":"","pricing_title":"","pricing":[{"pricing_icon":"platform","pricing_title":"Elfsight Apps","pricing_title_caption":"Soluzione digitale indipendente dalla piattaforma","pricing_price":"da $ 0 \/ mese","pricing_price_caption":"inizia con il piano gratuito","pricing_benefits":[{"text":"Siti web illimitati"},{"text":"Supporto aziendale dedicato"},{"text":"Supporto gratuito per l'installazione"},{"text":"Progettazione flessibile"}],"pricing_button_text":"Aggiungi al sito web","pricing_button_url":"#demo"}],"related_apps_title":"","related_apps_hidden":"","author":"","image":[],"title":"","job":"","social_networks":[]},"_links":{"self":[{"href":"https:\/\/elfsight.com\/it\/wp-json\/wp\/v2\/pages\/6596","targetHints":{"allow":["GET"]}}],"collection":[{"href":"https:\/\/elfsight.com\/it\/wp-json\/wp\/v2\/pages"}],"about":[{"href":"https:\/\/elfsight.com\/it\/wp-json\/wp\/v2\/types\/page"}],"author":[{"embeddable":true,"href":"https:\/\/elfsight.com\/it\/wp-json\/wp\/v2\/users\/9"}],"replies":[{"embeddable":true,"href":"https:\/\/elfsight.com\/it\/wp-json\/wp\/v2\/comments?post=6596"}],"version-history":[{"count":1,"href":"https:\/\/elfsight.com\/it\/wp-json\/wp\/v2\/pages\/6596\/revisions"}],"predecessor-version":[{"id":6600,"href":"https:\/\/elfsight.com\/it\/wp-json\/wp\/v2\/pages\/6596\/revisions\/6600"}],"up":[{"embeddable":true,"href":"https:\/\/elfsight.com\/it\/wp-json\/wp\/v2\/pages\/2120"}],"wp:attachment":[{"href":"https:\/\/elfsight.com\/it\/wp-json\/wp\/v2\/media?parent=6596"}],"curies":[{"name":"wp","href":"https:\/\/api.w.org\/{rel}","templated":true}]}}