{"id":6589,"date":"1970-01-01T00:00:00","date_gmt":"1970-01-01T00:00:00","guid":{"rendered":"https:\/\/elfsight.com\/it\/?page_id=6589"},"modified":"2025-03-24T08:14:17","modified_gmt":"2025-03-24T08:14:17","slug":"bigcommerce","status":"publish","type":"page","link":"https:\/\/elfsight.com\/it\/visitor-counter-widget\/bigcommerce\/","title":{"rendered":"Visitor Counter  &#8211; BigCommerce"},"content":{"rendered":"\n<div class=\"application-platform-content-item-description application-platform-content-item\" id=\"description\" data-nav-section=\"description\"><h2>Descrizione<\/h2> <p> Contatore visitatori per BigCommerce \u00e8 una pratica app che consente di analizzare la quantit\u00e0 di visitatori e i contenuti pi\u00f9 popolari visualizzati entro un periodo di tempo esatto. Le metriche essenziali ora sono facili da controllare senza richiedere conoscenze specifiche di codifica o analisi dei dati. Inoltre, per mezzo di esso puoi facilmente garantire ai visitatori che sei un&#8217;azienda rispettabile e che hai molti pi\u00f9 nuovi clienti o abbonati. Con le nostre opportunit\u00e0 eleganti e adattabili e i pratici layout, puoi aggiungere il widget al tuo sito in pochi clic. <\/p> <p><b>Ottieni il meglio da Stat Counter per migliorare il tuo piano di e-commerce e raggiungere le tue vette! <\/b><\/p><\/div> <div class=\"application-platform-content-item-features application-platform-content-item\" id=\"features\" data-nav-section=\"features\"> <h2>Queste sono solo alcune delle molteplici funzionalit\u00e0 del widget: <\/h2> <ul><li>Facile da usare senza una conoscenza specifica di analisi dei dati<\/li><li>Un&#8217;ampia scelta di intervalli di tempo per contare le tue metriche<\/li><li>Layout pratici per creare tutte le statistiche in modo accessibile <\/li><li>Combinazioni di colori chiaro, scuro e personalizzabile per rendere lo strumento elegante<\/li><li>Regolare la dimensione e il peso del carattere <\/li><li>Semplicemente da incorporare anche senza competenze di codifica <\/li><\/ul><p><a href=\"#demo \">Puoi provare tutte le funzionalit\u00e0 dell&#8217;app nella demo <\/a><\/p> <\/div> <div class=\"application-platform-content-item-installation application-platform-content-item\" id=\"installation\" data-nav-section=\"installation\"> <h2>Come incorporo il contatore visitatori nella mia pagina web BigCommerce? <\/h2> <div class=\"video-container\"><iframe width=\"560\" height=\"315\" src=\"https:\/\/www.youtube.com\/embed\/4Xc06Ab3qao?si=OYvM6jw87oZiR4Hd\" frameborder=\"0\" allow=\"accelerometer; autoplay; clipboard-write; encrypted-media; gyroscope; picture-in-picture; web-share\" allowfullscreen><\/iframe><\/div><p>Segui semplicemente questi passaggi indicati di seguito per iniziare a lavorare con il plugin: <\/p> <ol><li><b>Utilizza la nostra demo gratuita e inizia a creare il tuo widget personalizzato. <\/b><br> Specifica la disposizione e i parametri desiderati del widget e applica tutte le modifiche. <\/li> <li><b>Acquisisci il codice individuale che viene mostrato nella finestra su Elfsight Apps. <\/b><br> Una volta terminata la personalizzazione del tuo widget, copia il codice personale nella finestra visualizzata e salvalo per un&#8217;occasione successiva. <\/li> <li><b>Inizia a utilizzare il widget sulla pagina web di BigCommerce. <\/b><br> Inserisci il codice copiato di recente nella tua pagina e applica le modifiche. <\/li> <li><b>Fatto! La configurazione \u00e8 completamente terminata. <\/b><br> Vai sul tuo sito per controllare il funzionamento del widget. <\/li><\/ol><p>A condizione che tu abbia domande o affronti eventuali ostacoli, sentiti libero di fare appello al nostro team di supporto. I nostri specialisti sono ansiosi di aiutarti con tutti i problemi che potresti riscontrare con l&#8217;app. <\/p> <div class=\"faq\" data-component=\"FAQ\"><div class=\"faq-item\">\r\n\t\t\t\t\t<div class=\"faq-item-question\">\r\n\t\t\t\t\t\t<h3 class=\"faq-item-question-text\">In che modo \u00e8 possibile aggiungere un contatore visitatori al mio sito BigCommerce senza esperienza di codifica?<\/h3>\r\n\r\n\t\t\t\t\t\t<div class=\"faq-item-question-icon\"><\/div>\r\n\t\t\t\t\t<\/div>\r\n\r\n\t\t\t\t\t<div class=\"faq-item-answer\">\r\n\t\t\t\t\t\t<div class=\"faq-item-answer-text\"> <p>La societ\u00e0 Elfsight offre una soluzione SaaS che consente ai proprietari dei siti di creare un contatore visitatori Contatore sezione tu stesso, scopri quanto \u00e8 semplice il processo: lavora direttamente nell&#8217;editor online per creare una sezione contatore visitatori che desideri venga visualizzata su una pagina web BigCommerce. Scegli uno dei tanti modelli predefiniti e modifica le impostazioni del contatore visitatori, modifica il layout e i colori inclusi i tuoi contenuti, senza alcuna capacit\u00e0 di codifica. Fai clic per salvare le impostazioni effettuate su Visitor Counter e ottieni il codice per l&#8217;incorporamento, che pu\u00f2 essere facilmente incollato nel tuo sito BigCommerce utilizzando un piano gratuito. Con l&#8217;aiuto dell&#8217;editor facile da usare, ogni utente web pu\u00f2 creare un widget Contatore visitatori online e aggiungerlo al proprio sito web BigCommerce. Non \u00e8 necessario pagare o rivelare le credenziali della tua carta per accedere al nostro servizio. Se riscontri problemi di qualsiasi tipo, vai avanti e contatta il nostro personale di supporto.<\/p> <\/div>\r\n\t\t\t\t\t<\/div>\r\n\t\t\t\t<\/div> <\/div><\/div>\n","protected":false},"excerpt":{"rendered":"","protected":false},"author":9,"featured_media":0,"parent":2295,"menu_order":0,"comment_status":"closed","ping_status":"closed","template":"templates\/template-application-platform.php","meta":{"publish_to_discourse":"","publish_post_category":"","wpdc_auto_publish_overridden":"","wpdc_topic_tags":"","wpdc_pin_topic":"","wpdc_pin_until":"","discourse_post_id":"","discourse_permalink":"","wpdc_publishing_response":"","wpdc_publishing_error":"","footnotes":""},"class_list":["post-6589","page","type-page","status-publish","hentry"],"yoast_head":"<!-- This site is optimized with the Yoast SEO plugin v25.3.1 - https:\/\/yoast.com\/wordpress\/plugins\/seo\/ -->\n<title>Widget Contatore visitatori per il tuo sito web BigCommerce (veloce e gratuito)<\/title>\n<meta name=\"description\" content=\"Crea la tua migliore app Contatore visitatori e incorporala nel sito web in pochissimo tempo. Abbiamo supporto clienti gratuito e pi\u00f9 bonus.\" \/>\n<meta name=\"robots\" content=\"index, follow, max-snippet:-1, max-image-preview:large, max-video-preview:-1\" \/>\n<link rel=\"canonical\" href=\"https:\/\/elfsight.com\/it\/visitor-counter-widget\/bigcommerce\/\" \/>\n<meta property=\"og:locale\" content=\"it_IT\" \/>\n<meta property=\"og:type\" content=\"article\" \/>\n<meta property=\"og:title\" content=\"Widget Contatore visitatori per il tuo sito web BigCommerce (veloce e gratuito)\" \/>\n<meta property=\"og:description\" content=\"Crea la tua migliore app Contatore visitatori e incorporala nel sito web in pochissimo tempo. Abbiamo supporto clienti gratuito e pi\u00f9 bonus.\" \/>\n<meta property=\"og:url\" content=\"https:\/\/elfsight.com\/it\/visitor-counter-widget\/bigcommerce\/\" \/>\n<meta property=\"og:site_name\" content=\"Elfsight IT\" \/>\n<meta property=\"article:modified_time\" content=\"2025-03-24T08:14:17+00:00\" \/>\n<meta name=\"twitter:card\" content=\"summary_large_image\" \/>\n<meta name=\"twitter:label1\" content=\"Tempo di lettura stimato\" \/>\n\t<meta name=\"twitter:data1\" content=\"3 minuti\" \/>\n<!-- \/ Yoast SEO plugin. -->","yoast_head_json":{"title":"Widget Contatore visitatori per il tuo sito web BigCommerce (veloce e gratuito)","description":"Crea la tua migliore app Contatore visitatori e incorporala nel sito web in pochissimo tempo. Abbiamo supporto clienti gratuito e pi\u00f9 bonus.","robots":{"index":"index","follow":"follow","max-snippet":"max-snippet:-1","max-image-preview":"max-image-preview:large","max-video-preview":"max-video-preview:-1"},"canonical":"https:\/\/elfsight.com\/it\/visitor-counter-widget\/bigcommerce\/","og_locale":"it_IT","og_type":"article","og_title":"Widget Contatore visitatori per il tuo sito web BigCommerce (veloce e gratuito)","og_description":"Crea la tua migliore app Contatore visitatori e incorporala nel sito web in pochissimo tempo. Abbiamo supporto clienti gratuito e pi\u00f9 bonus.","og_url":"https:\/\/elfsight.com\/it\/visitor-counter-widget\/bigcommerce\/","og_site_name":"Elfsight IT","article_modified_time":"2025-03-24T08:14:17+00:00","twitter_card":"summary_large_image","twitter_misc":{"Tempo di lettura stimato":"3 minuti"},"schema":{"@context":"https:\/\/schema.org","@graph":[{"@type":"WebPage","@id":"https:\/\/elfsight.com\/it\/visitor-counter-widget\/bigcommerce\/","url":"https:\/\/elfsight.com\/it\/visitor-counter-widget\/bigcommerce\/","name":"Widget Contatore visitatori per il tuo sito web BigCommerce (veloce e gratuito)","isPartOf":{"@id":"https:\/\/elfsight.com\/it\/#website"},"datePublished":"1970-01-01T00:00:00+00:00","dateModified":"2025-03-24T08:14:17+00:00","description":"Crea la tua migliore app Contatore visitatori e incorporala nel sito web in pochissimo tempo. Abbiamo supporto clienti gratuito e pi\u00f9 bonus.","breadcrumb":{"@id":"https:\/\/elfsight.com\/it\/visitor-counter-widget\/bigcommerce\/#breadcrumb"},"inLanguage":"it-IT","potentialAction":[{"@type":"ReadAction","target":["https:\/\/elfsight.com\/it\/visitor-counter-widget\/bigcommerce\/"]}]},{"@type":"BreadcrumbList","@id":"https:\/\/elfsight.com\/it\/visitor-counter-widget\/bigcommerce\/#breadcrumb","itemListElement":[{"@type":"ListItem","position":1,"name":"Home","item":"https:\/\/elfsight.com\/it\/"},{"@type":"ListItem","position":2,"name":"Visitor Counter","item":"https:\/\/elfsight.com\/it\/visitor-counter-widget\/"},{"@type":"ListItem","position":3,"name":"Visitor Counter &#8211; BigCommerce"}]},{"@type":"WebSite","@id":"https:\/\/elfsight.com\/it\/#website","url":"https:\/\/elfsight.com\/it\/","name":"Elfsight IT","description":"Just another Elfsight Sites site","potentialAction":[{"@type":"SearchAction","target":{"@type":"EntryPoint","urlTemplate":"https:\/\/elfsight.com\/it\/?s={search_term_string}"},"query-input":{"@type":"PropertyValueSpecification","valueRequired":true,"valueName":"search_term_string"}}],"inLanguage":"it-IT"}]}},"meta_box":{"industry":"","seo_heading":"","heading":"","description":"","cta_heading":"","cta_description":"","application":"2294","h1":"App contatore visitatori di BigCommerce","h1_caption":"Tieni traccia delle metriche del tuo sito web e ottieni pi\u00f9 contatti","application_category":[],"applications_title":"","applications_request_title":"","applications_request_button_text":"","hero_text":"","hero_video":"","hero_video_schema_markup":"","selling_points_title":"","selling_points_caption":"","selling_points":[],"selling_points_cta_text":"","features_title":"","features":"","ed_cta_examples_text":"","ed_cta_examples_hidden":"","ed_cta_demo_text":"","ed_cta_demo_hidden":"","why_caption":"","why_editor_title":"","why_editor_text":"","why_team_title":"","why_team_text":"","why_service_title":"","why_service_text":"","template_catalog_visible":"0","template_catalog_title":"","template_catalog_text":"","template_catalog_categories_visible":"","demo_title":"Sentiti libero di progettare un contatore visitatori BigCommerce personalizzato","demo_caption":"Personalizza e integra l'app nel tuo sito web tramite demo live.","default_faq_hidden":"","app_template_category":[],"platform":"32","template_public_id":"","codecanyon_url":"","codecanyon_item_id":"","codecanyon_price":"","pricing_caption":"","pricing_elfsight_apps_hide_column":"","pricing_elfsight_apps_url":"","pricing_codecanyon_price_caption":"","integration_category":[],"integration_request_title":"","integration_request_cta":"","integration_platform":"","integrations":[],"platform_category":[],"video_schema_markup":"","price":"da $ 0 al mese","trial":"","benefits":[{"text":"Servizio di installazione gratuito"},{"text":"Supporto premium"},{"text":"Garanzia di rimborso di 14 giorni"},{"text":"Aggiornamento costante"}],"button_url":"#demo","button_target_blank":"0","button_nofollow":"0","attributes":[{"name":"Installazioni"},{"name":"Reattivo"},{"name":"Browser compatibili"}],"tags":[],"tags_disable_links":"0","hide_more_platforms":"0","video_object":"","demo_hide_cta":"0","demo_hide_cloud_options":"0","pricing_title":"","pricing":[{"pricing_icon":"platform","pricing_title":"Elfsight Apps","pricing_title_caption":"Soluzione digitale indipendente dalla piattaforma adatta a qualsiasi sito","pricing_price":"da $ 0 \/ mese","pricing_price_caption":"inizia con un piano gratuito","pricing_benefits":[{"text":"Domini illimitati"},{"text":"Supporto aziendale premium"},{"text":"Assistenza gratuita per l'installazione"},{"text":"Completamente personalizzabile"}],"pricing_button_text":"Aggiungi al sito web","pricing_button_url":"#demo"}],"related_apps_title":"","related_apps_hidden":"0","author":"","image":[],"title":"","job":"","social_networks":[]},"_links":{"self":[{"href":"https:\/\/elfsight.com\/it\/wp-json\/wp\/v2\/pages\/6589","targetHints":{"allow":["GET"]}}],"collection":[{"href":"https:\/\/elfsight.com\/it\/wp-json\/wp\/v2\/pages"}],"about":[{"href":"https:\/\/elfsight.com\/it\/wp-json\/wp\/v2\/types\/page"}],"author":[{"embeddable":true,"href":"https:\/\/elfsight.com\/it\/wp-json\/wp\/v2\/users\/9"}],"replies":[{"embeddable":true,"href":"https:\/\/elfsight.com\/it\/wp-json\/wp\/v2\/comments?post=6589"}],"version-history":[{"count":3,"href":"https:\/\/elfsight.com\/it\/wp-json\/wp\/v2\/pages\/6589\/revisions"}],"predecessor-version":[{"id":9933,"href":"https:\/\/elfsight.com\/it\/wp-json\/wp\/v2\/pages\/6589\/revisions\/9933"}],"up":[{"embeddable":true,"href":"https:\/\/elfsight.com\/it\/wp-json\/wp\/v2\/pages\/2295"}],"wp:attachment":[{"href":"https:\/\/elfsight.com\/it\/wp-json\/wp\/v2\/media?parent=6589"}],"curies":[{"name":"wp","href":"https:\/\/api.w.org\/{rel}","templated":true}]}}