{"id":6565,"date":"1970-01-01T00:00:00","date_gmt":"1970-01-01T00:00:00","guid":{"rendered":"https:\/\/elfsight.com\/it\/?page_id=6565"},"modified":"2025-03-24T08:21:37","modified_gmt":"2025-03-24T08:21:37","slug":"shopify","status":"publish","type":"page","link":"https:\/\/elfsight.com\/it\/visitor-counter-widget\/shopify\/","title":{"rendered":"Visitor Counter &#8211; Shopify"},"content":{"rendered":"\n<div class=\"application-platform-content-item-description application-platform-content-item\" id=\"description\" data-nav-section=\"description\"> <h2>Incorpora il contatore visitatori su Shopify con il widget Elfsight<\/h2> <p> Il contatore visitatori per Shopify \u00e8 uno strumento facile da gestire che ti consente di monitorare la quantit\u00e0 di visitatori e i contenuti pi\u00f9 popolari visualizzati in un determinato intervallo di tempo. Le statistiche essenziali ora possono essere semplicemente monitorate senza l&#8217;aiuto aggiuntivo di specialisti e spendendo molto tempo. Utilizzandolo puoi facilmente garantire agli spettatori che sei un&#8217;azienda affidabile e avere molti pi\u00f9 nuovi clienti e vendite. Con le nostre opzioni eleganti e adattabili e i pratici layout, puoi creare l&#8217;app nel tuo sito web con un semplice clic. <\/p> <p><b>Rendi la tua strategia aziendale pi\u00f9 efficiente con il contatore visitatori! <\/b><\/p><\/div> <div class=\"application-platform-content-item-features application-platform-content-item\" id=\"features\" data-nav-section=\"features\"> <h2>Queste sono solo alcune delle molteplici funzionalit\u00e0 dell&#8217;app: <\/h2> <ul><li>Facile da gestire senza qualifica specifica di SEO e codifica richiesti<\/li><li>Un&#8217;ampia scelta di durate temporali per monitorare le tue metriche<\/li><li>Layout pratici per organizzare tutte le statistiche in modo accessibile <\/li><li>Chiaro, Scuro e Personalizzabile combinazioni di colori per personalizzare lo strumento <\/li><li>Scegli la dimensione e il peso del carattere <\/li><li>Facile da integrare anche senza competenze di codifica <\/li><\/ul><p><a href=\"# demo\">Puoi verificare quanto vale l&#8217;app utilizzando la demo<\/a><\/p> <\/div> <div class=\"application-platform-content-item-installation application-platform-content-item\" id=\"installation\" data-nav-section=\"installation\"> <h2>Come aggiungere il contatore visitatori sul mio sito web Shopify? <\/h2> <div class=\"video-container\"><iframe width=\"560\" height=\"315\" src=\"https:\/\/www.youtube.com\/embed\/SCPmc0eAT0k?si=8j68S83qjwr1QWau\" frameborder=\"0\" allow=\"accelerometer; autoplay; clipboard-write; encrypted-media; gyroscope; picture-in-picture; web-share\" allowfullscreen><\/iframe><\/div><p>Segui semplicemente i seguenti passaggi descritti di seguito per attivare l&#8217;app: <\/p> <ol><li><b>Apri il nostro configuratore gratuito e inizia a dare forma alla tua app unica. <\/b><br> Scegli la disposizione personalizzata e le prestazioni dell&#8217;app e salva tutte le correzioni. <\/li> <li><b>Copia il codice personale che appare nel box su Elfsight Apps. <\/b><br> Una volta completata la configurazione della tua app personale, copia il codice esclusivo nella finestra visualizzata e conservalo per un ulteriore utilizzo. <\/li> <li><b>Avvia l&#8217;applicazione dell&#8217;app sul sito Shopify. <\/b><br> Aggiungi il codice che hai salvato in precedenza nel tuo sito e salva le correzioni. <\/li> <li><b>Fatto! L&#8217;integrazione \u00e8 completamente conclusa. <\/b><br> Vai al tuo sito web per controllare il funzionamento dell&#8217;app. <\/li><\/ol><p>Nel caso in cui dovessi affrontare eventuali complicazioni, non aver paura di rivolgerti al nostro team di supporto. Il nostro personale sar\u00e0 lieto di aiutarti con tutti i problemi che potresti avere con l&#8217;app. <\/p> <div class=\"faq\" data-component=\"FAQ\"><div class=\"faq-item\">\r\n\t\t\t\t\t<div class=\"faq-item-question\">\r\n\t\t\t\t\t\t<h3 class=\"faq-item-question-text\">In che modo \u00e8 possibile aggiungere un contatore visitatori al mio sito Shopify senza conoscenze di programmazione?<\/h3>\r\n\r\n\t\t\t\t\t\t<div class=\"faq-item-question-icon\"><\/div>\r\n\t\t\t\t\t<\/div>\r\n\r\n\t\t\t\t\t<div class=\"faq-item-answer\">\r\n\t\t\t\t\t\t<div class=\"faq-item-answer-text\"> <p>Elfsight introduce una soluzione che consente alle persone di creare da soli un&#8217;app contatore visitatori , controlla le semplici istruzioni: Vai alla Demo online per creare una sezione Contatore Visitatori che vorresti vedere sul tuo Shopify. Scegli uno dei tanti modelli gi\u00e0 pronti e modifica le impostazioni del contatore visitatori, aggiungi i tuoi contenuti, altera il layout e il colore degli elementi senza codifica. Salva le impostazioni che hai effettuato su Visitor Counter e copia il suo codice di installazione, che pu\u00f2 essere facilmente aggiunto nella tua pagina web Shopify senza acquistare una versione a pagamento. Lavorando nel nostro semplice editor, qualsiasi utente di Internet pu\u00f2 creare un contatore visitatori online e incorporarlo facilmente in qualsiasi sito Shopify. Non \u00e8 necessario sottoscrivere un abbonamento a pagamento o rivelare le credenziali della propria carta per entrare nell&#8217;Editore. Se incontri ostacoli di qualsiasi tipo, non esitare a contattare il nostro supporto tecnico clienti.<\/p> <\/div>\r\n\t\t\t\t\t<\/div>\r\n\t\t\t\t<\/div> <\/div><\/div>\n","protected":false},"excerpt":{"rendered":"","protected":false},"author":9,"featured_media":0,"parent":2295,"menu_order":0,"comment_status":"closed","ping_status":"closed","template":"templates\/template-application-platform.php","meta":{"publish_to_discourse":"","publish_post_category":"","wpdc_auto_publish_overridden":"","wpdc_topic_tags":"","wpdc_pin_topic":"","wpdc_pin_until":"","discourse_post_id":"","discourse_permalink":"","wpdc_publishing_response":"","wpdc_publishing_error":"","footnotes":""},"class_list":["post-6565","page","type-page","status-publish","hentry"],"yoast_head":"<!-- This site is optimized with the Yoast SEO plugin v25.3.1 - https:\/\/yoast.com\/wordpress\/plugins\/seo\/ -->\n<title>Contatore visitatori | Aggiungi l&#039;app Contatore visitatori al sito web Shopify (veloce e gratuita)<\/title>\n<meta name=\"description\" content=\"Ecco la migliore possibilit\u00e0 per creare l&#039;app Contatore visitatori Shopify e incorporarla nel tuo sito web. Potrai usufruire del servizio clienti gratuito di Elfsight.\" \/>\n<meta name=\"robots\" content=\"index, follow, max-snippet:-1, max-image-preview:large, max-video-preview:-1\" \/>\n<link rel=\"canonical\" href=\"https:\/\/elfsight.com\/it\/visitor-counter-widget\/shopify\/\" \/>\n<meta property=\"og:locale\" content=\"it_IT\" \/>\n<meta property=\"og:type\" content=\"article\" \/>\n<meta property=\"og:title\" content=\"Contatore visitatori | Aggiungi l&#039;app Contatore visitatori al sito web Shopify (veloce e gratuita)\" \/>\n<meta property=\"og:description\" content=\"Ecco la migliore possibilit\u00e0 per creare l&#039;app Contatore visitatori Shopify e incorporarla nel tuo sito web. Potrai usufruire del servizio clienti gratuito di Elfsight.\" \/>\n<meta property=\"og:url\" content=\"https:\/\/elfsight.com\/it\/visitor-counter-widget\/shopify\/\" \/>\n<meta property=\"og:site_name\" content=\"Elfsight IT\" \/>\n<meta property=\"article:modified_time\" content=\"2025-03-24T08:21:37+00:00\" \/>\n<meta name=\"twitter:card\" content=\"summary_large_image\" \/>\n<meta name=\"twitter:label1\" content=\"Tempo di lettura stimato\" \/>\n\t<meta name=\"twitter:data1\" content=\"3 minuti\" \/>\n<!-- \/ Yoast SEO plugin. -->","yoast_head_json":{"title":"Contatore visitatori | Aggiungi l'app Contatore visitatori al sito web Shopify (veloce e gratuita)","description":"Ecco la migliore possibilit\u00e0 per creare l'app Contatore visitatori Shopify e incorporarla nel tuo sito web. Potrai usufruire del servizio clienti gratuito di Elfsight.","robots":{"index":"index","follow":"follow","max-snippet":"max-snippet:-1","max-image-preview":"max-image-preview:large","max-video-preview":"max-video-preview:-1"},"canonical":"https:\/\/elfsight.com\/it\/visitor-counter-widget\/shopify\/","og_locale":"it_IT","og_type":"article","og_title":"Contatore visitatori | Aggiungi l'app Contatore visitatori al sito web Shopify (veloce e gratuita)","og_description":"Ecco la migliore possibilit\u00e0 per creare l'app Contatore visitatori Shopify e incorporarla nel tuo sito web. Potrai usufruire del servizio clienti gratuito di Elfsight.","og_url":"https:\/\/elfsight.com\/it\/visitor-counter-widget\/shopify\/","og_site_name":"Elfsight IT","article_modified_time":"2025-03-24T08:21:37+00:00","twitter_card":"summary_large_image","twitter_misc":{"Tempo di lettura stimato":"3 minuti"},"schema":{"@context":"https:\/\/schema.org","@graph":[{"@type":"WebPage","@id":"https:\/\/elfsight.com\/it\/visitor-counter-widget\/shopify\/","url":"https:\/\/elfsight.com\/it\/visitor-counter-widget\/shopify\/","name":"Contatore visitatori | Aggiungi l'app Contatore visitatori al sito web Shopify (veloce e gratuita)","isPartOf":{"@id":"https:\/\/elfsight.com\/it\/#website"},"datePublished":"1970-01-01T00:00:00+00:00","dateModified":"2025-03-24T08:21:37+00:00","description":"Ecco la migliore possibilit\u00e0 per creare l'app Contatore visitatori Shopify e incorporarla nel tuo sito web. Potrai usufruire del servizio clienti gratuito di Elfsight.","breadcrumb":{"@id":"https:\/\/elfsight.com\/it\/visitor-counter-widget\/shopify\/#breadcrumb"},"inLanguage":"it-IT","potentialAction":[{"@type":"ReadAction","target":["https:\/\/elfsight.com\/it\/visitor-counter-widget\/shopify\/"]}]},{"@type":"BreadcrumbList","@id":"https:\/\/elfsight.com\/it\/visitor-counter-widget\/shopify\/#breadcrumb","itemListElement":[{"@type":"ListItem","position":1,"name":"Home","item":"https:\/\/elfsight.com\/it\/"},{"@type":"ListItem","position":2,"name":"Visitor Counter","item":"https:\/\/elfsight.com\/it\/visitor-counter-widget\/"},{"@type":"ListItem","position":3,"name":"Visitor Counter &#8211; Shopify"}]},{"@type":"WebSite","@id":"https:\/\/elfsight.com\/it\/#website","url":"https:\/\/elfsight.com\/it\/","name":"Elfsight IT","description":"Just another Elfsight Sites site","potentialAction":[{"@type":"SearchAction","target":{"@type":"EntryPoint","urlTemplate":"https:\/\/elfsight.com\/it\/?s={search_term_string}"},"query-input":{"@type":"PropertyValueSpecification","valueRequired":true,"valueName":"search_term_string"}}],"inLanguage":"it-IT"}]}},"meta_box":{"industry":"","seo_heading":"","heading":"","description":"","cta_heading":"","cta_description":"","application":"2294","h1":"Applicazione contatore visitatori di Shopify","h1_caption":"Mostra il numero di visitatori del tuo sito web con un contatore di visitatori in tempo reale, aumentando la credibilit\u00e0 del tuo sito web nel tuo sito Shopify senza sforzo.","application_category":[],"applications_title":"","applications_request_title":"","applications_request_button_text":"","hero_text":"","hero_video":"","hero_video_schema_markup":"","selling_points_title":"","selling_points_caption":"","selling_points":[],"selling_points_cta_text":"","features_title":"","features":"","ed_cta_examples_text":"","ed_cta_examples_hidden":"","ed_cta_demo_text":"","ed_cta_demo_hidden":"","why_caption":"","why_editor_title":"","why_editor_text":"","why_team_title":"","why_team_text":"","why_service_title":"","why_service_text":"","template_catalog_visible":"0","template_catalog_title":"","template_catalog_text":"","template_catalog_categories_visible":"","demo_title":"Crea la tua app contatore visitatori","demo_caption":"Configura il tuo contatore visitatori e aggiungilo gratuitamente al tuo sito Shopify!","default_faq_hidden":"","app_template_category":[],"platform":"42","template_public_id":"","codecanyon_url":"","codecanyon_item_id":"","codecanyon_price":"","pricing_caption":"","pricing_elfsight_apps_hide_column":"","pricing_elfsight_apps_url":"","pricing_codecanyon_price_caption":"","integration_category":[],"integration_request_title":"","integration_request_cta":"","integration_platform":"","integrations":[],"platform_category":[],"video_schema_markup":"","price":"da $ 0 \/ mese","trial":"","benefits":[{"text":"Servizio di installazione gratuito"},{"text":"Supporto premium"},{"text":"Garanzia di rimborso di 14 giorni"},{"text":"Aggiornamenti gratuiti continui"}],"button_url":"#demo","button_target_blank":"0","button_nofollow":"0","attributes":[{"name":"Installazioni"},{"name":"Reattivo"},{"name":"Browser compatibili"}],"tags":[],"tags_disable_links":"0","hide_more_platforms":"0","video_object":"","demo_hide_cta":"0","demo_hide_cloud_options":"0","pricing_title":"","pricing":[{"pricing_icon":"cloud","pricing_title":"Elfsight Apps","pricing_title_caption":"Versione multipiattaforma che funziona su qualsiasi sito web","pricing_price":"da $ 0 \/ mese","pricing_price_caption":"inizia con il piano gratuito","pricing_benefits":[{"text":"Siti web illimitati"},{"text":"Supporto premium"},{"text":"Servizio di installazione gratuito"},{"text":"Offerta speciale per pi\u00f9 app"}],"pricing_button_text":"Aggiungi al sito web","pricing_button_url":"#demo"}],"related_apps_title":"","related_apps_hidden":"0","author":"","image":[],"title":"","job":"","social_networks":[]},"_links":{"self":[{"href":"https:\/\/elfsight.com\/it\/wp-json\/wp\/v2\/pages\/6565","targetHints":{"allow":["GET"]}}],"collection":[{"href":"https:\/\/elfsight.com\/it\/wp-json\/wp\/v2\/pages"}],"about":[{"href":"https:\/\/elfsight.com\/it\/wp-json\/wp\/v2\/types\/page"}],"author":[{"embeddable":true,"href":"https:\/\/elfsight.com\/it\/wp-json\/wp\/v2\/users\/9"}],"replies":[{"embeddable":true,"href":"https:\/\/elfsight.com\/it\/wp-json\/wp\/v2\/comments?post=6565"}],"version-history":[{"count":3,"href":"https:\/\/elfsight.com\/it\/wp-json\/wp\/v2\/pages\/6565\/revisions"}],"predecessor-version":[{"id":9939,"href":"https:\/\/elfsight.com\/it\/wp-json\/wp\/v2\/pages\/6565\/revisions\/9939"}],"up":[{"embeddable":true,"href":"https:\/\/elfsight.com\/it\/wp-json\/wp\/v2\/pages\/2295"}],"wp:attachment":[{"href":"https:\/\/elfsight.com\/it\/wp-json\/wp\/v2\/media?parent=6565"}],"curies":[{"name":"wp","href":"https:\/\/api.w.org\/{rel}","templated":true}]}}