{"id":6564,"date":"1970-01-01T00:00:00","date_gmt":"1970-01-01T00:00:00","guid":{"rendered":"https:\/\/elfsight.com\/it\/?page_id=6564"},"modified":"2025-03-24T08:22:56","modified_gmt":"2025-03-24T08:22:56","slug":"squarespace","status":"publish","type":"page","link":"https:\/\/elfsight.com\/it\/visitor-counter-widget\/squarespace\/","title":{"rendered":"Visitor Counter &#8211; Squarespace"},"content":{"rendered":"\n<div class=\"application-platform-content-item-description application-platform-content-item\" id=\"description\" data-nav-section=\"description\"> <h2>Incorpora il contatore visitatori su Squarespace con il widget Elfsight<\/h2> <p> Il contatore visitatori per Squarespace \u00e8 un pratico plugin che ti consente di tenere traccia dei tuoi numero di visitatori e contenuti pi\u00f9 popolari visualizzati in un determinato periodo di tempo. Le statistiche vitali sono ora convenienti da controllare senza specialisti aggiuntivi di codifica o analisi dei dati. Inoltre, con l&#8217;aiuto di esso, puoi facilmente garantire al pubblico che sei un&#8217;azienda rispettabile e avere pi\u00f9 nuovi clienti. Con le nostre opzioni eleganti personalizzabili e i pratici layout, puoi creare il plugin nel tuo sito web in pochi secondi. <\/p> <p><b>Con Visitor Counter tieni traccia delle tue statistiche e osserva lo sviluppo sostenibile del business! <\/b><\/p><\/div> <div class=\"application-platform-content-item-features application-platform-content-item\" id=\"features\" data-nav-section=\"features\"> <h2>Le funzionalit\u00e0 essenziali del widget offrono: <\/h2> <ul><li>Facile da gestire senza richiedere competenze specifiche di SEO e \u00e8 richiesta la codifica<\/li><li>Una grande variet\u00e0 di durate temporali per contare le tue statistiche<\/li><li>Pratici layout per organizzare tutte le metriche in modo sorprendente <\/li><li>Schemi di colori chiaro, scuro e personalizzabili per personalizzare lo strumento <\/li><li>Regolare la dimensione e il peso del carattere <\/li><li>Semplicemente da integrare anche senza competenze di codifica <\/li><\/ul><p><a href=\"#demo\"> Prova questa demo per vedere come funziona<\/a><\/p> <\/div> <div class=\"application-platform-content-item-installation application-platform-content-item\" id=\"installation\" data-nav-section=\"installation\"> <h2>Come posso aggiungere il contatore visitatori alla mia pagina web Squarespace? <\/h2> <div class=\"video-container\"><iframe width=\"560\" height=\"315\" src=\"https:\/\/www.youtube.com\/embed\/Zd49Y3cyQB8?si=UyP2xmL6KjCSoL3n\" frameborder=\"0\" allow=\"accelerometer; autoplay; clipboard-write; encrypted-media; gyroscope; picture-in-picture; web-share\" allowfullscreen><\/iframe><\/div><p>Segui semplicemente questi passaggi descritti di seguito per integrare il plug-in: <\/p> <ol><li><b>Gestisci la nostra demo gratuita e inizia a creare il tuo plug-in unico. <\/b><br> Specifica il layout e la funzionalit\u00e0 preferibili del plugin e applica le correzioni. <\/li> <li><b>Ricevi il codice univoco esposto nell&#8217;apposito form su Elfsight Apps. <\/b><br> Subito dopo aver completato la configurazione del tuo plugin, copia il codice individuale nella finestra visualizzata e salvalo per un ulteriore utilizzo. <\/li> <li><b>Inizia a utilizzare lo strumento sul sito web di Squarespace. <\/b><br> Implementa il codice copiato in precedenza nella tua home page e salva le modifiche. <\/li> <li><b>Fatto! L&#8217;integrazione \u00e8 terminata con successo. <\/b><br> Vai alla tua pagina web per verificare come viene eseguito il plug-in. <\/li><\/ol> <p>A condizione che tu abbia domande o affronti difficolt\u00e0, non aver paura di contattare il nostro personale del servizio clienti. I nostri consulenti sono desiderosi di aiutarti con tutte le domande che potresti avere con lo strumento. <\/p> <div class=\"faq\" data-component=\"FAQ\"><div class=\"faq-item\">\r\n\t\t\t\t\t<div class=\"faq-item-question\">\r\n\t\t\t\t\t\t<h3 class=\"faq-item-question-text\">Esiste un modo per incorporare il contatore visitatori nella mia pagina Web Squarespace senza esperienza di codifica?<\/h3>\r\n\r\n\t\t\t\t\t\t<div class=\"faq-item-question-icon\"><\/div>\r\n\t\t\t\t\t<\/div>\r\n\r\n\t\t\t\t\t<div class=\"faq-item-answer\">\r\n\t\t\t\t\t\t<div class=\"faq-item-answer-text\"> <p>Elfsight introduce una soluzione che consente agli utenti di creare autonomamente un plug-in Contatore visitatori, imparare quanto \u00e8 semplice: inizia a lavorare direttamente nella demo online per generare un widget Contatore visitatori che desideri incorporare nella tua home page Squarespace. Fai clic su uno dei modelli gi\u00e0 pronti e adatta le impostazioni del contatore visitatori, includi i tuoi contenuti, modifica il layout e la combinazione di colori senza alcuna esperienza di codifica. Fai clic per salvare le impostazioni che hai effettuato su Visitor Counter e ottieni il codice del widget per l&#8217;incorporamento, che puoi includere nella tua home page Squarespace senza la necessit\u00e0 di acquistare un piano a pagamento. Con il semplice Configuratore qualsiasi utente web pu\u00f2 creare un plug-in Contatore visitatori e aggiungerlo facilmente alla propria pagina web Squarespace. Non \u00e8 necessario pagare o fornire i dati della carta per accedere al servizio. Se riscontri problemi di qualsiasi tipo, vai avanti e parla con la nostra assistenza clienti.<\/p> <\/div>\r\n\t\t\t\t\t<\/div>\r\n\t\t\t\t<\/div> <\/div><\/div>\n","protected":false},"excerpt":{"rendered":"","protected":false},"author":9,"featured_media":0,"parent":2295,"menu_order":0,"comment_status":"closed","ping_status":"closed","template":"templates\/template-application-platform.php","meta":{"publish_to_discourse":"","publish_post_category":"","wpdc_auto_publish_overridden":"","wpdc_topic_tags":"","wpdc_pin_topic":"","wpdc_pin_until":"","discourse_post_id":"","discourse_permalink":"","wpdc_publishing_response":"","wpdc_publishing_error":"","footnotes":""},"class_list":["post-6564","page","type-page","status-publish","hentry"],"yoast_head":"<!-- This site is optimized with the Yoast SEO plugin v25.3.1 - https:\/\/yoast.com\/wordpress\/plugins\/seo\/ -->\n<title>Contatore visitatori: aggiungi il plug-in gratuito Hit Counter a Squarespace<\/title>\n<meta name=\"description\" content=\"\u00c8 semplicissimo creare il tuo miglior plug-in Contatore visitatori e incorporarlo nel tuo sito web. Il servizio clienti Elfsight \u00e8 gratuito e veloce.\" \/>\n<meta name=\"robots\" content=\"index, follow, max-snippet:-1, max-image-preview:large, max-video-preview:-1\" \/>\n<link rel=\"canonical\" href=\"https:\/\/elfsight.com\/it\/visitor-counter-widget\/squarespace\/\" \/>\n<meta property=\"og:locale\" content=\"it_IT\" \/>\n<meta property=\"og:type\" content=\"article\" \/>\n<meta property=\"og:title\" content=\"Contatore visitatori: aggiungi il plug-in gratuito Hit Counter a Squarespace\" \/>\n<meta property=\"og:description\" content=\"\u00c8 semplicissimo creare il tuo miglior plug-in Contatore visitatori e incorporarlo nel tuo sito web. Il servizio clienti Elfsight \u00e8 gratuito e veloce.\" \/>\n<meta property=\"og:url\" content=\"https:\/\/elfsight.com\/it\/visitor-counter-widget\/squarespace\/\" \/>\n<meta property=\"og:site_name\" content=\"Elfsight IT\" \/>\n<meta property=\"article:modified_time\" content=\"2025-03-24T08:22:56+00:00\" \/>\n<meta name=\"twitter:card\" content=\"summary_large_image\" \/>\n<meta name=\"twitter:label1\" content=\"Tempo di lettura stimato\" \/>\n\t<meta name=\"twitter:data1\" content=\"3 minuti\" \/>\n<!-- \/ Yoast SEO plugin. -->","yoast_head_json":{"title":"Contatore visitatori: aggiungi il plug-in gratuito Hit Counter a Squarespace","description":"\u00c8 semplicissimo creare il tuo miglior plug-in Contatore visitatori e incorporarlo nel tuo sito web. Il servizio clienti Elfsight \u00e8 gratuito e veloce.","robots":{"index":"index","follow":"follow","max-snippet":"max-snippet:-1","max-image-preview":"max-image-preview:large","max-video-preview":"max-video-preview:-1"},"canonical":"https:\/\/elfsight.com\/it\/visitor-counter-widget\/squarespace\/","og_locale":"it_IT","og_type":"article","og_title":"Contatore visitatori: aggiungi il plug-in gratuito Hit Counter a Squarespace","og_description":"\u00c8 semplicissimo creare il tuo miglior plug-in Contatore visitatori e incorporarlo nel tuo sito web. Il servizio clienti Elfsight \u00e8 gratuito e veloce.","og_url":"https:\/\/elfsight.com\/it\/visitor-counter-widget\/squarespace\/","og_site_name":"Elfsight IT","article_modified_time":"2025-03-24T08:22:56+00:00","twitter_card":"summary_large_image","twitter_misc":{"Tempo di lettura stimato":"3 minuti"},"schema":{"@context":"https:\/\/schema.org","@graph":[{"@type":"WebPage","@id":"https:\/\/elfsight.com\/it\/visitor-counter-widget\/squarespace\/","url":"https:\/\/elfsight.com\/it\/visitor-counter-widget\/squarespace\/","name":"Contatore visitatori: aggiungi il plug-in gratuito Hit Counter a Squarespace","isPartOf":{"@id":"https:\/\/elfsight.com\/it\/#website"},"datePublished":"1970-01-01T00:00:00+00:00","dateModified":"2025-03-24T08:22:56+00:00","description":"\u00c8 semplicissimo creare il tuo miglior plug-in Contatore visitatori e incorporarlo nel tuo sito web. Il servizio clienti Elfsight \u00e8 gratuito e veloce.","breadcrumb":{"@id":"https:\/\/elfsight.com\/it\/visitor-counter-widget\/squarespace\/#breadcrumb"},"inLanguage":"it-IT","potentialAction":[{"@type":"ReadAction","target":["https:\/\/elfsight.com\/it\/visitor-counter-widget\/squarespace\/"]}]},{"@type":"BreadcrumbList","@id":"https:\/\/elfsight.com\/it\/visitor-counter-widget\/squarespace\/#breadcrumb","itemListElement":[{"@type":"ListItem","position":1,"name":"Home","item":"https:\/\/elfsight.com\/it\/"},{"@type":"ListItem","position":2,"name":"Visitor Counter","item":"https:\/\/elfsight.com\/it\/visitor-counter-widget\/"},{"@type":"ListItem","position":3,"name":"Visitor Counter &#8211; Squarespace"}]},{"@type":"WebSite","@id":"https:\/\/elfsight.com\/it\/#website","url":"https:\/\/elfsight.com\/it\/","name":"Elfsight IT","description":"Just another Elfsight Sites site","potentialAction":[{"@type":"SearchAction","target":{"@type":"EntryPoint","urlTemplate":"https:\/\/elfsight.com\/it\/?s={search_term_string}"},"query-input":{"@type":"PropertyValueSpecification","valueRequired":true,"valueName":"search_term_string"}}],"inLanguage":"it-IT"}]}},"meta_box":{"industry":"","seo_heading":"","heading":"","description":"","cta_heading":"","cta_description":"","application":"2294","h1":"Plug-in contatore visitatori di Squarespace","h1_caption":"Mostra il numero di visitatori del tuo sito web con un contatore di visitatori in tempo reale, aumentando facilmente la credibilit\u00e0 del tuo sito web nel tuo sito Squarespace.","application_category":[],"applications_title":"","applications_request_title":"","applications_request_button_text":"","hero_text":"","hero_video":"","hero_video_schema_markup":"","selling_points_title":"","selling_points_caption":"","selling_points":[],"selling_points_cta_text":"","features_title":"","features":"","ed_cta_examples_text":"","ed_cta_examples_hidden":"","ed_cta_demo_text":"","ed_cta_demo_hidden":"","why_caption":"","why_editor_title":"","why_editor_text":"","why_team_title":"","why_team_text":"","why_service_title":"","why_service_text":"","template_catalog_visible":"0","template_catalog_title":"","template_catalog_text":"","template_catalog_categories_visible":"","demo_title":"Crea il tuo plug-in Contatore visitatori","demo_caption":"Configura il tuo contatore visitatori e aggiungilo gratuitamente al tuo sito web Squarespace!","default_faq_hidden":"","app_template_category":[],"platform":"43","template_public_id":"","codecanyon_url":"","codecanyon_item_id":"","codecanyon_price":"","pricing_caption":"","pricing_elfsight_apps_hide_column":"","pricing_elfsight_apps_url":"","pricing_codecanyon_price_caption":"","integration_category":[],"integration_request_title":"","integration_request_cta":"","integration_platform":"","integrations":[],"platform_category":[],"video_schema_markup":"","price":"da $ 0 al mese","trial":"","benefits":[{"text":"Assistenza gratuita per l'installazione"},{"text":"Supporto premium"},{"text":"Servizio clienti efficace"},{"text":"Miglioramenti continui"}],"button_url":"#demo","button_target_blank":"0","button_nofollow":"0","attributes":[{"name":"Installazioni"},{"name":"Reattivo"},{"name":"Browser compatibili"}],"tags":[],"tags_disable_links":"0","hide_more_platforms":"0","video_object":"","demo_hide_cta":"0","demo_hide_cloud_options":"0","pricing_title":"","pricing":[{"pricing_icon":"platform","pricing_title":"Elfsight Apps","pricing_title_caption":"Soluzione multipiattaforma che funziona su qualsiasi sito","pricing_price":"da $ 0 \/ mese","pricing_price_caption":"inizia con un piano gratuito","pricing_benefits":[{"text":"Domini illimitati"},{"text":"Supporto professionale e puntuale e ben documentato"},{"text":"Supporto gratuito per l'installazione"},{"text":"100% personalizzabile"}],"pricing_button_text":"Aggiungi al sito web","pricing_button_url":"#demo"}],"related_apps_title":"","related_apps_hidden":"0","author":"","image":[],"title":"","job":"","social_networks":[]},"_links":{"self":[{"href":"https:\/\/elfsight.com\/it\/wp-json\/wp\/v2\/pages\/6564","targetHints":{"allow":["GET"]}}],"collection":[{"href":"https:\/\/elfsight.com\/it\/wp-json\/wp\/v2\/pages"}],"about":[{"href":"https:\/\/elfsight.com\/it\/wp-json\/wp\/v2\/types\/page"}],"author":[{"embeddable":true,"href":"https:\/\/elfsight.com\/it\/wp-json\/wp\/v2\/users\/9"}],"replies":[{"embeddable":true,"href":"https:\/\/elfsight.com\/it\/wp-json\/wp\/v2\/comments?post=6564"}],"version-history":[{"count":3,"href":"https:\/\/elfsight.com\/it\/wp-json\/wp\/v2\/pages\/6564\/revisions"}],"predecessor-version":[{"id":9940,"href":"https:\/\/elfsight.com\/it\/wp-json\/wp\/v2\/pages\/6564\/revisions\/9940"}],"up":[{"embeddable":true,"href":"https:\/\/elfsight.com\/it\/wp-json\/wp\/v2\/pages\/2295"}],"wp:attachment":[{"href":"https:\/\/elfsight.com\/it\/wp-json\/wp\/v2\/media?parent=6564"}],"curies":[{"name":"wp","href":"https:\/\/api.w.org\/{rel}","templated":true}]}}