{"id":6557,"date":"1970-01-01T00:00:00","date_gmt":"1970-01-01T00:00:00","guid":{"rendered":"https:\/\/elfsight.com\/it\/?page_id=6557"},"modified":"2025-03-24T08:25:04","modified_gmt":"2025-03-24T08:25:04","slug":"weebly","status":"publish","type":"page","link":"https:\/\/elfsight.com\/it\/visitor-counter-widget\/weebly\/","title":{"rendered":"Visitor Counter &#8211; Weebly"},"content":{"rendered":"\n<div class=\"application-platform-content-item-description application-platform-content-item\" id=\"description\" data-nav-section=\"description\"> <h2>Descrizione<\/h2> <p> Contatore visitatori per Weebly \u00e8 una pratica app che ti consente di monitorare la quantit\u00e0 di visitatori e i visitatori pi\u00f9 popolari pagine visualizzate in un determinato periodo di tempo. Le metriche essenziali sono ora facili da analizzare senza alcuna conoscenza di codifica o analisi dei dati. Inoltre, utilizzandolo puoi facilmente garantire al pubblico che sei un&#8217;azienda affidabile e avere pi\u00f9 nuovi clienti o abbonati. Con le nostre opzioni eleganti personalizzabili e i pratici layout, puoi creare il widget per il tuo sito in pochi clic. <\/p> <p><b>Rendi la tua strategia di e-commerce pi\u00f9 efficiente e ottieni pi\u00f9 clienti con Contatore visitatori! <\/b><\/p><\/div> <div class=\"application-platform-content-item-features application-platform-content-item\" id=\"features\" data-nav-section=\"features\"> <h2>Di seguito sono elencate le funzionalit\u00e0 di base dell&#8217;app: <\/h2> <ul><li>Facile da gestire senza competenza professionale dei dati analisi e codifica richieste<\/li><li>Un&#8217;ampia scelta di intervalli di tempo per monitorare le tue metriche<\/li><li>Layout pratici per gestire tutte le metriche in modo conveniente <\/li><li>Chiaro, Scuro e Combinazioni di colori personalizzabili per regolare lo strumento <\/li><li>Configurare la dimensione e il peso del carattere <\/li><li> Semplicemente per creare anche senza competenze di codifica <\/li><\/ul><p><a href=\" #demo\">Prova tutte le impostazioni nella demo funzionale al 100%<\/a><\/p> <\/div> <div class=\"application-platform-content-item-installation application-platform-content-item\" id=\"installation\" data-nav-section=\"installation\"> <h2>Come posso aggiungere il contatore visitatori sulla mia pagina web Weebly? <\/h2> <div class=\"video-container\"><iframe width=\"560\" height=\"315\" src=\"https:\/\/www.youtube.com\/embed\/VgR9wn35uRY?si=lrq1YyxWWaUvMLHk\" frameborder=\"0\" allow=\"accelerometer; autoplay; clipboard-write; encrypted-media; gyroscope; picture-in-picture; web-share\" allowfullscreen><\/iframe><\/div><p>Segui semplicemente i passaggi descritti di seguito per iniziare a lavorare con l&#8217;app: <\/p> <ol><li><b>Apri il nostro configuratore gratuito e inizia a creare la tua app personalizzata . <\/b><br> Scegli l&#8217;interfaccia e le caratteristiche funzionali preferite dell&#8217;app e salva tutte le correzioni. <\/li> <li><b>Ricevi il tuo codice personale rivelato nel box su Elfsight Apps. <\/b><br> Non appena la generazione della tua app personale \u00e8 terminata, copia il codice individuale nel popup emerso e conservalo per un utilizzo successivo. <\/li> <li><b>Inizia a utilizzare l&#8217;app sul sito Weebly. <\/b><br> Inserisci il codice che hai salvato di recente nella tua pagina web e salva le modifiche. <\/li> <li><b>L&#8217;installazione \u00e8 stata completata con successo. <\/b><br> Apri la tua pagina web per esaminare le prestazioni dell&#8217;app. <\/li><\/ol><p>A condizione che tu abbia a che fare con domande o affronti eventuali difficolt\u00e0, sentiti libero di rivolgerti al nostro team di assistenza clienti. Il nostro personale \u00e8 ansioso di risolvere tutte le domande che potresti avere con il widget. <\/p> <div class=\"faq\" data-component=\"FAQ\"><div class=\"faq-item\">\r\n\t\t\t\t\t<div class=\"faq-item-question\">\r\n\t\t\t\t\t\t<h3 class=\"faq-item-question-text\">Esiste un'opzione per incorporare il contatore visitatori nel mio sito web Weebly senza codifica?<\/h3>\r\n\r\n\t\t\t\t\t\t<div class=\"faq-item-question-icon\"><\/div>\r\n\t\t\t\t\t<\/div>\r\n\r\n\t\t\t\t\t<div class=\"faq-item-answer\">\r\n\t\t\t\t\t\t<div class=\"faq-item-answer-text\"> <p>La societ\u00e0 Elfsight offre una soluzione SaaS che consente agli utenti di creare da soli una sezione contatore visitatori, scoprire la istruzioni semplici: vai all&#8217;editor live per generare un plug-in Contatore visitatori che desideri vedere sulla home page di Weebly. Scegli uno dei nostri modelli gi\u00e0 pronti e modifica le impostazioni del contatore visitatori, altera il layout e il colore degli elementi, aggiungi i tuoi contenuti, senza alcuna conoscenza di programmazione. Fai clic per salvare il contatore visitatori e ottenere il codice di installazione, che puoi semplicemente incorporare gratuitamente in qualsiasi pagina Web Weebly. Utilizzando il nostro configuratore intuitivo ogni utente web pu\u00f2 creare un plug-in Contatore visitatori e incorporarlo nella propria home page di Weebly. Non \u00e8 necessario pagare n\u00e9 inserire le credenziali della carta per accedere al servizio. Se riscontri problemi di qualsiasi tipo, non esitare a contattare il nostro team di supporto tecnico.<\/p> <\/div>\r\n\t\t\t\t\t<\/div>\r\n\t\t\t\t<\/div> <\/div><\/div>\n","protected":false},"excerpt":{"rendered":"","protected":false},"author":9,"featured_media":0,"parent":2295,"menu_order":0,"comment_status":"closed","ping_status":"closed","template":"templates\/template-application-platform.php","meta":{"publish_to_discourse":"","publish_post_category":"","wpdc_auto_publish_overridden":"","wpdc_topic_tags":"","wpdc_pin_topic":"","wpdc_pin_until":"","discourse_post_id":"","discourse_permalink":"","wpdc_publishing_response":"","wpdc_publishing_error":"","footnotes":""},"class_list":["post-6557","page","type-page","status-publish","hentry"],"yoast_head":"<!-- This site is optimized with the Yoast SEO plugin v25.3.1 - https:\/\/yoast.com\/wordpress\/plugins\/seo\/ -->\n<title>App contatore visitatori sul sito Web Weebly (veloce e gratuita)<\/title>\n<meta name=\"description\" content=\"Visualizza il miglior plug-in Contatore visitatori sul tuo sito Web Weebly. Conosci il nostro editor interattivo e crea un widget Hit Counter personale in solo 1 minuto.\" \/>\n<meta name=\"robots\" content=\"index, follow, max-snippet:-1, max-image-preview:large, max-video-preview:-1\" \/>\n<link rel=\"canonical\" href=\"https:\/\/elfsight.com\/it\/visitor-counter-widget\/weebly\/\" \/>\n<meta property=\"og:locale\" content=\"it_IT\" \/>\n<meta property=\"og:type\" content=\"article\" \/>\n<meta property=\"og:title\" content=\"App contatore visitatori sul sito Web Weebly (veloce e gratuita)\" \/>\n<meta property=\"og:description\" content=\"Visualizza il miglior plug-in Contatore visitatori sul tuo sito Web Weebly. Conosci il nostro editor interattivo e crea un widget Hit Counter personale in solo 1 minuto.\" \/>\n<meta property=\"og:url\" content=\"https:\/\/elfsight.com\/it\/visitor-counter-widget\/weebly\/\" \/>\n<meta property=\"og:site_name\" content=\"Elfsight IT\" \/>\n<meta property=\"article:modified_time\" content=\"2025-03-24T08:25:04+00:00\" \/>\n<meta name=\"twitter:card\" content=\"summary_large_image\" \/>\n<meta name=\"twitter:label1\" content=\"Tempo di lettura stimato\" \/>\n\t<meta name=\"twitter:data1\" content=\"3 minuti\" \/>\n<!-- \/ Yoast SEO plugin. -->","yoast_head_json":{"title":"App contatore visitatori sul sito Web Weebly (veloce e gratuita)","description":"Visualizza il miglior plug-in Contatore visitatori sul tuo sito Web Weebly. Conosci il nostro editor interattivo e crea un widget Hit Counter personale in solo 1 minuto.","robots":{"index":"index","follow":"follow","max-snippet":"max-snippet:-1","max-image-preview":"max-image-preview:large","max-video-preview":"max-video-preview:-1"},"canonical":"https:\/\/elfsight.com\/it\/visitor-counter-widget\/weebly\/","og_locale":"it_IT","og_type":"article","og_title":"App contatore visitatori sul sito Web Weebly (veloce e gratuita)","og_description":"Visualizza il miglior plug-in Contatore visitatori sul tuo sito Web Weebly. Conosci il nostro editor interattivo e crea un widget Hit Counter personale in solo 1 minuto.","og_url":"https:\/\/elfsight.com\/it\/visitor-counter-widget\/weebly\/","og_site_name":"Elfsight IT","article_modified_time":"2025-03-24T08:25:04+00:00","twitter_card":"summary_large_image","twitter_misc":{"Tempo di lettura stimato":"3 minuti"},"schema":{"@context":"https:\/\/schema.org","@graph":[{"@type":"WebPage","@id":"https:\/\/elfsight.com\/it\/visitor-counter-widget\/weebly\/","url":"https:\/\/elfsight.com\/it\/visitor-counter-widget\/weebly\/","name":"App contatore visitatori sul sito Web Weebly (veloce e gratuita)","isPartOf":{"@id":"https:\/\/elfsight.com\/it\/#website"},"datePublished":"1970-01-01T00:00:00+00:00","dateModified":"2025-03-24T08:25:04+00:00","description":"Visualizza il miglior plug-in Contatore visitatori sul tuo sito Web Weebly. Conosci il nostro editor interattivo e crea un widget Hit Counter personale in solo 1 minuto.","breadcrumb":{"@id":"https:\/\/elfsight.com\/it\/visitor-counter-widget\/weebly\/#breadcrumb"},"inLanguage":"it-IT","potentialAction":[{"@type":"ReadAction","target":["https:\/\/elfsight.com\/it\/visitor-counter-widget\/weebly\/"]}]},{"@type":"BreadcrumbList","@id":"https:\/\/elfsight.com\/it\/visitor-counter-widget\/weebly\/#breadcrumb","itemListElement":[{"@type":"ListItem","position":1,"name":"Home","item":"https:\/\/elfsight.com\/it\/"},{"@type":"ListItem","position":2,"name":"Visitor Counter","item":"https:\/\/elfsight.com\/it\/visitor-counter-widget\/"},{"@type":"ListItem","position":3,"name":"Visitor Counter &#8211; Weebly"}]},{"@type":"WebSite","@id":"https:\/\/elfsight.com\/it\/#website","url":"https:\/\/elfsight.com\/it\/","name":"Elfsight IT","description":"Just another Elfsight Sites site","potentialAction":[{"@type":"SearchAction","target":{"@type":"EntryPoint","urlTemplate":"https:\/\/elfsight.com\/it\/?s={search_term_string}"},"query-input":{"@type":"PropertyValueSpecification","valueRequired":true,"valueName":"search_term_string"}}],"inLanguage":"it-IT"}]}},"meta_box":{"industry":"","seo_heading":"","heading":"","description":"","cta_heading":"","cta_description":"","application":"2294","h1":"Applicazione contatore visitatori Weebly","h1_caption":"Mostra il numero di visitatori del tuo sito web con un contatore di visitatori in tempo reale, aumentando la credibilit\u00e0 del tuo sito web nel tuo sito web Weebly senza sforzo.","application_category":[],"applications_title":"","applications_request_title":"","applications_request_button_text":"","hero_text":"","hero_video":"","hero_video_schema_markup":"","selling_points_title":"","selling_points_caption":"","selling_points":[],"selling_points_cta_text":"","features_title":"","features":"","ed_cta_examples_text":"","ed_cta_examples_hidden":"","ed_cta_demo_text":"","ed_cta_demo_hidden":"","why_caption":"","why_editor_title":"","why_editor_text":"","why_team_title":"","why_team_text":"","why_service_title":"","why_service_text":"","template_catalog_visible":"0","template_catalog_title":"","template_catalog_text":"","template_catalog_categories_visible":"","demo_title":"Crea la tua app contatore visitatori","demo_caption":"Configura il tuo contatore visitatori e aggiungilo gratuitamente al tuo sito Weebly!","default_faq_hidden":"","app_template_category":[],"platform":"45","template_public_id":"","codecanyon_url":"","codecanyon_item_id":"","codecanyon_price":"","pricing_caption":"","pricing_elfsight_apps_hide_column":"","pricing_elfsight_apps_url":"","pricing_codecanyon_price_caption":"","integration_category":[],"integration_request_title":"","integration_request_cta":"","integration_platform":"","integrations":[],"platform_category":[],"video_schema_markup":"","price":"da $ 0 al mese","trial":"","benefits":[{"text":"Servizio di installazione gratuito"},{"text":"Supporto eccezionale"},{"text":"Garanzia di rimborso di 14 giorni"},{"text":"Sviluppo continuo"}],"button_url":"#demo","button_target_blank":"0","button_nofollow":"0","attributes":[{"name":"Installazioni"},{"name":"Reattivo"},{"name":"Browser compatibili"}],"tags":[],"tags_disable_links":"0","hide_more_platforms":"0","video_object":"","demo_hide_cta":"0","demo_hide_cloud_options":"0","pricing_title":"","pricing":[{"pricing_icon":"platform","pricing_title":"Elfsight Apps","pricing_title_caption":"Soluzione digitale multipiattaforma","pricing_price":"da $ 0 \/ mese","pricing_price_caption":"inizia con un piano gratuito","pricing_benefits":[{"text":"Domini illimitati"},{"text":"Supporto premium, puntuale e ben documentato"},{"text":"Supporto gratuito per l'installazione"},{"text":"Completamente personalizzabile"}],"pricing_button_text":"Aggiungi al sito web","pricing_button_url":"#demo"}],"related_apps_title":"","related_apps_hidden":"0","author":"","image":[],"title":"","job":"","social_networks":[]},"_links":{"self":[{"href":"https:\/\/elfsight.com\/it\/wp-json\/wp\/v2\/pages\/6557","targetHints":{"allow":["GET"]}}],"collection":[{"href":"https:\/\/elfsight.com\/it\/wp-json\/wp\/v2\/pages"}],"about":[{"href":"https:\/\/elfsight.com\/it\/wp-json\/wp\/v2\/types\/page"}],"author":[{"embeddable":true,"href":"https:\/\/elfsight.com\/it\/wp-json\/wp\/v2\/users\/9"}],"replies":[{"embeddable":true,"href":"https:\/\/elfsight.com\/it\/wp-json\/wp\/v2\/comments?post=6557"}],"version-history":[{"count":3,"href":"https:\/\/elfsight.com\/it\/wp-json\/wp\/v2\/pages\/6557\/revisions"}],"predecessor-version":[{"id":9942,"href":"https:\/\/elfsight.com\/it\/wp-json\/wp\/v2\/pages\/6557\/revisions\/9942"}],"up":[{"embeddable":true,"href":"https:\/\/elfsight.com\/it\/wp-json\/wp\/v2\/pages\/2295"}],"wp:attachment":[{"href":"https:\/\/elfsight.com\/it\/wp-json\/wp\/v2\/media?parent=6557"}],"curies":[{"name":"wp","href":"https:\/\/api.w.org\/{rel}","templated":true}]}}