{"id":6555,"date":"1970-01-01T00:00:00","date_gmt":"1970-01-01T00:00:00","guid":{"rendered":"https:\/\/elfsight.com\/it\/?page_id=6555"},"modified":"2025-03-24T08:28:04","modified_gmt":"2025-03-24T08:28:04","slug":"wordpress","status":"publish","type":"page","link":"https:\/\/elfsight.com\/it\/visitor-counter-widget\/wordpress\/","title":{"rendered":"Visitor Counter &#8211; WordPress"},"content":{"rendered":"\n<div class=\"application-platform-content-item-description application-platform-content-item\" id=\"description\" data-nav-section=\"description\"> <h2>Incorpora il contatore visitatori su WordPress con il widget Elfsight<\/h2> <p> Il contatore visitatori per WordPress \u00e8 un plugin facile da gestire che ti consente di monitorare una quantit\u00e0 di visitatori e i contenuti pi\u00f9 popolari visualizzati entro un intervallo di tempo specifico. Le metriche di base sono ora facili da controllare senza la necessit\u00e0 di competenze specifiche di analisi dei dati. Per mezzo di esso puoi facilmente garantire agli utenti che sei un&#8217;azienda rispettabile e avere pi\u00f9 nuovi clienti e clienti. Con le nostre opportunit\u00e0 eleganti su misura per l&#8217;utente e i pratici layout, puoi creare il plug-in nella tua pagina in pochi clic. <\/p> <p><b>Rendi le tue tattiche di business pi\u00f9 efficaci e ottieni pi\u00f9 contatti con l&#8217;aiuto del contatore visualizzazioni di pagine!<\/b><\/p><\/div> <div class=\"faq\" data-component=\"FAQ\"><div class=\"faq-item\">\r\n\t\t\t\t\t<div class=\"faq-item-question\">\r\n\t\t\t\t\t\t<h3 class=\"faq-item-question-text\">In che modo posso incorporare un contatore visitatori nel mio sito Web WordPress? <\/h3>\r\n\r\n\t\t\t\t\t\t<div class=\"faq-item-question-icon\"><\/div>\r\n\t\t\t\t\t<\/div>\r\n\r\n\t\t\t\t\t<div class=\"faq-item-answer\">\r\n\t\t\t\t\t\t<div class=\"faq-item-answer-text\"><p>La creazione del widget avviene sulle pagine di Elfsight e non \u00e8 necessario imparare a programmare. Applica la nostra demo online per personalizzare il tuo widget personale, acquisire il codice e incorporarlo nel tuo sito. <\/p><\/div>\r\n\t\t\t\t\t<\/div>\r\n\t\t\t\t<\/div><div class=\"faq-item\">\r\n\t\t\t\t\t<div class=\"faq-item-question\">\r\n\t\t\t\t\t\t<h3 class=\"faq-item-question-text\">I modi migliori per utilizzare l'integrazione di Hit Counter<\/h3>\r\n\r\n\t\t\t\t\t\t<div class=\"faq-item-question-icon\"><\/div>\r\n\t\t\t\t\t<\/div>\r\n\r\n\t\t\t\t\t<div class=\"faq-item-answer\">\r\n\t\t\t\t\t\t<div class=\"faq-item-answer-text\"><p>Ti forniremo una miriade di possibilit\u00e0 di regolazione: widget a lunghezza intera da incorporare nel area contenuti, plugin mobili per la funzionalit\u00e0 di scorrimento, miniature per il pi\u00e8 di pagina del tuo sito web, sezione principale e tutte le varianti delle possibilit\u00e0 verticali per barre laterali e menu. <\/p><\/div>\r\n\t\t\t\t\t<\/div>\r\n\t\t\t\t<\/div><div class=\"faq-item\">\r\n\t\t\t\t\t<div class=\"faq-item-question\">\r\n\t\t\t\t\t\t<h3 class=\"faq-item-question-text\">Posso creare un contatore visitatori giornaliero o mini tramite l'agenzia del tuo editore? <\/h3>\r\n\r\n\t\t\t\t\t\t<div class=\"faq-item-question-icon\"><\/div>\r\n\t\t\t\t\t<\/div>\r\n\r\n\t\t\t\t\t<div class=\"faq-item-answer\">\r\n\t\t\t\t\t\t<div class=\"faq-item-answer-text\"><p>Puoi creare qualsiasi modifica del widget. Ci sono molti layout disponibili nell&#8217;editor e tutti possono essere facilmente personalizzati nel modo desiderato. <\/p><\/div>\r\n\t\t\t\t\t<\/div>\r\n\t\t\t\t<\/div><\/div><div class=\"application-platform-content-item-features application-platform-content-item\" id=\"features\" data-nav-section=\"features\"> <h2>Le funzionalit\u00e0 pi\u00f9 importanti del widget sono: <\/h2> <ul><li>Facile da gestire senza richiedere competenze professionali di analisi e codifica richiesti<\/li><li>Un&#8217;ampia variet\u00e0 di durate temporali per controllare le tue metriche<\/li><li> Layout pratici per gestire tutti i punti nel modo pi\u00f9 pratico <\/li><li>Colore chiaro, scuro e personalizzabile schemi per rendere elegante lo strumento <\/li><li> Imposta la dimensione e il peso del carattere <\/li><li> Semplice da incorporare anche senza codifica <\/li><\/ul><p><a href=\"#demo \">Puoi esplorare come funziona il plugin utilizzando la demo<\/a><\/p> <\/div> <div class=\"application-platform-content-item-installation application-platform-content-item\" id=\"installation\" data-nav-section=\"installation\"> <h2>Come aggiungere il contatore visitatori sulla mia pagina web WordPress? <\/h2> <div class=\"video-container\"><iframe width=\"560\" height=\"315\" src=\"https:\/\/www.youtube.com\/embed\/5PsgW5F1J98?si=UkhUw9DFiIs-0vSE\" frameborder=\"0\" allow=\"accelerometer; autoplay; clipboard-write; encrypted-media; gyroscope; picture-in-picture; web-share\" allowfullscreen><\/iframe><\/div><p>Basta applicare le istruzioni seguenti per inserire il plugin: <\/p> <ol><li><b>Apri la nostra demo gratuita e inizia a lavorare con il tuo plugin unico. <\/b><br> Scegli la forma personalizzata e le prestazioni del plugin e applica tutte le modifiche. <\/li> <li><b>Ottieni il codice individuale mostrato nella casella su Elfsight Apps. <\/b><br> Una volta completata la generazione del plug-in, copia il codice nel popup visualizzato e conservalo per un uso futuro. <\/li> <li><b>Inizia a utilizzare il plug-in sul tuo sito Web WordPress. <\/b><br> Inserisci il codice che hai salvato di recente nel tuo sito e salva le modifiche. <\/li> <li><b>Fatto! La configurazione \u00e8 completamente eseguita. <\/b><br> Visita il tuo sito per esaminare come funziona il plug-in. <\/li><\/ol><p>Se dovessi affrontare alcune difficolt\u00e0, non aver paura di rivolgerti al nostro team di assistenza clienti. I nostri consulenti non vedono l&#8217;ora di risolvere tutti i problemi che potresti avere con lo strumento. <\/p> <\/div>\n","protected":false},"excerpt":{"rendered":"","protected":false},"author":9,"featured_media":0,"parent":2295,"menu_order":0,"comment_status":"closed","ping_status":"closed","template":"templates\/template-application-platform.php","meta":{"publish_to_discourse":"","publish_post_category":"","wpdc_auto_publish_overridden":"","wpdc_topic_tags":"","wpdc_pin_topic":"","wpdc_pin_until":"","discourse_post_id":"","discourse_permalink":"","wpdc_publishing_response":"","wpdc_publishing_error":"","footnotes":""},"class_list":["post-6555","page","type-page","status-publish","hentry"],"yoast_head":"<!-- This site is optimized with the Yoast SEO plugin v25.3.1 - https:\/\/yoast.com\/wordpress\/plugins\/seo\/ -->\n<title>Contatore visitatori: aggiungi il widget Contatore visitatori al sito Web WordPress [2025]<\/title>\n<meta name=\"description\" content=\"Ecco la migliore opportunit\u00e0 per progettare il widget Hit Counter e incorporarlo nel tuo sito web. Ottieni il servizio clienti gratuito di Elfsight.\" \/>\n<meta name=\"robots\" content=\"index, follow, max-snippet:-1, max-image-preview:large, max-video-preview:-1\" \/>\n<link rel=\"canonical\" href=\"https:\/\/elfsight.com\/it\/visitor-counter-widget\/wordpress\/\" \/>\n<meta property=\"og:locale\" content=\"it_IT\" \/>\n<meta property=\"og:type\" content=\"article\" \/>\n<meta property=\"og:title\" content=\"Contatore visitatori: aggiungi il widget Contatore visitatori al sito Web WordPress [2025]\" \/>\n<meta property=\"og:description\" content=\"Ecco la migliore opportunit\u00e0 per progettare il widget Hit Counter e incorporarlo nel tuo sito web. Ottieni il servizio clienti gratuito di Elfsight.\" \/>\n<meta property=\"og:url\" content=\"https:\/\/elfsight.com\/it\/visitor-counter-widget\/wordpress\/\" \/>\n<meta property=\"og:site_name\" content=\"Elfsight IT\" \/>\n<meta property=\"article:modified_time\" content=\"2025-03-24T08:28:04+00:00\" \/>\n<meta name=\"twitter:card\" content=\"summary_large_image\" \/>\n<meta name=\"twitter:label1\" content=\"Tempo di lettura stimato\" \/>\n\t<meta name=\"twitter:data1\" content=\"3 minuti\" \/>\n<!-- \/ Yoast SEO plugin. -->","yoast_head_json":{"title":"Contatore visitatori: aggiungi il widget Contatore visitatori al sito Web WordPress [2025]","description":"Ecco la migliore opportunit\u00e0 per progettare il widget Hit Counter e incorporarlo nel tuo sito web. Ottieni il servizio clienti gratuito di Elfsight.","robots":{"index":"index","follow":"follow","max-snippet":"max-snippet:-1","max-image-preview":"max-image-preview:large","max-video-preview":"max-video-preview:-1"},"canonical":"https:\/\/elfsight.com\/it\/visitor-counter-widget\/wordpress\/","og_locale":"it_IT","og_type":"article","og_title":"Contatore visitatori: aggiungi il widget Contatore visitatori al sito Web WordPress [2025]","og_description":"Ecco la migliore opportunit\u00e0 per progettare il widget Hit Counter e incorporarlo nel tuo sito web. Ottieni il servizio clienti gratuito di Elfsight.","og_url":"https:\/\/elfsight.com\/it\/visitor-counter-widget\/wordpress\/","og_site_name":"Elfsight IT","article_modified_time":"2025-03-24T08:28:04+00:00","twitter_card":"summary_large_image","twitter_misc":{"Tempo di lettura stimato":"3 minuti"},"schema":{"@context":"https:\/\/schema.org","@graph":[{"@type":"WebPage","@id":"https:\/\/elfsight.com\/it\/visitor-counter-widget\/wordpress\/","url":"https:\/\/elfsight.com\/it\/visitor-counter-widget\/wordpress\/","name":"Contatore visitatori: aggiungi il widget Contatore visitatori al sito Web WordPress [2025]","isPartOf":{"@id":"https:\/\/elfsight.com\/it\/#website"},"datePublished":"1970-01-01T00:00:00+00:00","dateModified":"2025-03-24T08:28:04+00:00","description":"Ecco la migliore opportunit\u00e0 per progettare il widget Hit Counter e incorporarlo nel tuo sito web. Ottieni il servizio clienti gratuito di Elfsight.","breadcrumb":{"@id":"https:\/\/elfsight.com\/it\/visitor-counter-widget\/wordpress\/#breadcrumb"},"inLanguage":"it-IT","potentialAction":[{"@type":"ReadAction","target":["https:\/\/elfsight.com\/it\/visitor-counter-widget\/wordpress\/"]}]},{"@type":"BreadcrumbList","@id":"https:\/\/elfsight.com\/it\/visitor-counter-widget\/wordpress\/#breadcrumb","itemListElement":[{"@type":"ListItem","position":1,"name":"Home","item":"https:\/\/elfsight.com\/it\/"},{"@type":"ListItem","position":2,"name":"Visitor Counter","item":"https:\/\/elfsight.com\/it\/visitor-counter-widget\/"},{"@type":"ListItem","position":3,"name":"Visitor Counter &#8211; WordPress"}]},{"@type":"WebSite","@id":"https:\/\/elfsight.com\/it\/#website","url":"https:\/\/elfsight.com\/it\/","name":"Elfsight IT","description":"Just another Elfsight Sites site","potentialAction":[{"@type":"SearchAction","target":{"@type":"EntryPoint","urlTemplate":"https:\/\/elfsight.com\/it\/?s={search_term_string}"},"query-input":{"@type":"PropertyValueSpecification","valueRequired":true,"valueName":"search_term_string"}}],"inLanguage":"it-IT"}]}},"meta_box":{"industry":"","seo_heading":"","heading":"","description":"","cta_heading":"","cta_description":"","application":"2294","h1":"Plug-in Contatore visitatori di Wordpress","h1_caption":"Monitora l'analisi delle tue pagine web e migliora la credibilit\u00e0 della tua azienda","application_category":[],"applications_title":"","applications_request_title":"","applications_request_button_text":"","hero_text":"","hero_video":"","hero_video_schema_markup":"","selling_points_title":"","selling_points_caption":"","selling_points":[],"selling_points_cta_text":"","features_title":"","features":"","ed_cta_examples_text":"","ed_cta_examples_hidden":"","ed_cta_demo_text":"","ed_cta_demo_hidden":"","why_caption":"","why_editor_title":"","why_editor_text":"","why_team_title":"","why_team_text":"","why_service_title":"","why_service_text":"","template_catalog_visible":"0","template_catalog_title":"","template_catalog_text":"","template_catalog_categories_visible":"","demo_title":"Crea il tuo plug-in Contatore visitatori","demo_caption":"Configura il tuo contatore visitatori e aggiungilo gratuitamente al tuo sito WordPress!","default_faq_hidden":"","app_template_category":[],"platform":"28","template_public_id":"","codecanyon_url":"","codecanyon_item_id":"","codecanyon_price":"","pricing_caption":"","pricing_elfsight_apps_hide_column":"","pricing_elfsight_apps_url":"","pricing_codecanyon_price_caption":"","integration_category":[],"integration_request_title":"","integration_request_cta":"","integration_platform":"","integrations":[],"platform_category":[],"video_schema_markup":"","price":"da $ 0 al mese","trial":"","benefits":[{"text":"Aiuto per l'installazione gratuito"},{"text":"Servizio clienti efficace"},{"text":"Garanzia di rimborso di 14 giorni"},{"text":"Sviluppo continuo"}],"button_url":"#demo","button_target_blank":"0","button_nofollow":"0","attributes":[{"name":"Installazioni"},{"name":"Reattivo"},{"name":"Browser compatibili"}],"tags":[],"tags_disable_links":"0","hide_more_platforms":"0","video_object":"","demo_hide_cta":"0","demo_hide_cloud_options":"0","pricing_title":"","pricing":[{"pricing_icon":"platform","pricing_title":"Elfsight Apps","pricing_title_caption":"Software multipiattaforma","pricing_price":"da $ 0 \/ mese","pricing_price_caption":"inizia con il piano gratuito","pricing_benefits":[{"text":"Domini illimitati"},{"text":"Supporto gratuito e ben documentato"},{"text":"Assistenza gratuita per l'installazione"},{"text":"Prezzo da prendere per pi\u00f9 app"}],"pricing_button_text":"Aggiungi al sito web","pricing_button_url":"#demo"}],"related_apps_title":"","related_apps_hidden":"0","author":"","image":[],"title":"","job":"","social_networks":[]},"_links":{"self":[{"href":"https:\/\/elfsight.com\/it\/wp-json\/wp\/v2\/pages\/6555","targetHints":{"allow":["GET"]}}],"collection":[{"href":"https:\/\/elfsight.com\/it\/wp-json\/wp\/v2\/pages"}],"about":[{"href":"https:\/\/elfsight.com\/it\/wp-json\/wp\/v2\/types\/page"}],"author":[{"embeddable":true,"href":"https:\/\/elfsight.com\/it\/wp-json\/wp\/v2\/users\/9"}],"replies":[{"embeddable":true,"href":"https:\/\/elfsight.com\/it\/wp-json\/wp\/v2\/comments?post=6555"}],"version-history":[{"count":3,"href":"https:\/\/elfsight.com\/it\/wp-json\/wp\/v2\/pages\/6555\/revisions"}],"predecessor-version":[{"id":9944,"href":"https:\/\/elfsight.com\/it\/wp-json\/wp\/v2\/pages\/6555\/revisions\/9944"}],"up":[{"embeddable":true,"href":"https:\/\/elfsight.com\/it\/wp-json\/wp\/v2\/pages\/2295"}],"wp:attachment":[{"href":"https:\/\/elfsight.com\/it\/wp-json\/wp\/v2\/media?parent=6555"}],"curies":[{"name":"wp","href":"https:\/\/api.w.org\/{rel}","templated":true}]}}