{"id":6548,"date":"1970-01-01T00:00:00","date_gmt":"1970-01-01T00:00:00","guid":{"rendered":"https:\/\/elfsight.com\/it\/?page_id=6548"},"modified":"2024-11-12T08:00:52","modified_gmt":"2024-11-12T08:00:52","slug":"magento","status":"publish","type":"page","link":"https:\/\/elfsight.com\/it\/visitor-counter-widget\/magento\/","title":{"rendered":"Visitor Counter &#8211; Magento"},"content":{"rendered":"<div class=\"application-platform-content-item-description application-platform-content-item\" id=\"description\" data-nav-section=\"description\"> <h2>Descrizione<\/h2><p>Elfsight Visitor Counter \u00e8 uno strumento semplice che consente a te e ai tuoi utenti di vedere il numero di visitatori e il contenuti pi\u00f9 popolari visualizzati nell&#8217;esatto intervallo di tempo. Le statistiche essenziali ora sono facili da controllare senza richiedere abilit\u00e0 aggiuntive. Inoltre, utilizzandoti puoi facilmente far credere loro che sei un&#8217;azienda affidabile e ottenere molti pi\u00f9 contatti. Con le nostre opzioni eleganti personalizzabili e i pratici layout, puoi creare il widget sul tuo sito in pochi clic. <\/p><p><b>Aggiungi il contatore visitatori per analizzare le statistiche del tuo sito web e migliorare la credibilit\u00e0.<\/b><\/p> <\/div> <div class=\"application-platform-content-item-features application-platform-content-item\" id=\"features\" data-nav-section=\"features\"> <h2>Ecco le caratteristiche principali dell&#8217;estensione: <\/h2> <ul><li>Controlla statistiche importanti senza richiedere ulteriori conoscenze di analisi o codifica<\/li><li>Ottieni il numero di utenti e quale delle tue pagine \u00e8 stata maggiormente visualizzata <\/li> <li>Grandi intervalli di tempo per contare le tue statistiche <\/li><li> Layout facili da usare per rappresentare tutte le statistiche in modo accessibile<\/li><li>Schemi di colori chiaro, scuro e personalizzabili per rendere il strumento straordinario <\/li><li> Regola il colore di tutti gli elementi: testo, combinazione di colori e icone <\/li><\/ul><p><a href=\"#demo\">Prova tutte le opzioni nella demo live <\/a><\/p> <\/div> <div class=\"application-platform-content-item-installation application-platform-content-item\" id=\"installation\" data-nav-section=\"installation\"> <h2>Come aggiungere il contatore visitatori sul tuo sito web Magento? <\/h2> <p>Segui semplicemente la guida qui sotto per implementare lo strumento: <\/p> <ol><li><b>Genera la tua estensione personale del contatore visitatori. <\/b><br> Gestendo il nostro editor gratuito, crea un plugin con design e funzionalit\u00e0 personalizzati. <\/li> <li><b>Acquisisci il codice personale per incorporare lo strumento.<\/b><br> Dopo aver personalizzato il tuo widget, otterrai il codice di installazione dalla finestra visualizzata su Elfsight Apps. Copialo per un ulteriore utilizzo. <\/li> <li><b>Incorpora l&#8217;estensione nel tuo sito Magento.<\/b><br> Trova l&#8217;area in cui desideri posizionare lo strumento e inserisci l\u00ec il codice salvato. Salva le modifiche. <\/li> <li><b>Fatto!<\/b><br> Accedi al sito web per vedere il tuo plugin. <\/li><\/ol><p>In caso di difficolt\u00e0 o domande, non esitate a contattare il nostro team di supporto. I nostri professionisti saranno felici di risolvere tutti i problemi relativi alla tua estensione. <\/p> <div class=\"faq\" data-component=\"FAQ\"><div class=\"faq-item\">\r\n\t\t\t\t\t<div class=\"faq-item-question\">\r\n\t\t\t\t\t\t<h3 class=\"faq-item-question-text\">Come incorporare il contatore visitatori nella mia pagina Web Magento senza codifica?<\/h3>\r\n\r\n\t\t\t\t\t\t<div class=\"faq-item-question-icon\"><\/div>\r\n\t\t\t\t\t<\/div>\r\n\r\n\t\t\t\t\t<div class=\"faq-item-answer\">\r\n\t\t\t\t\t\t<div class=\"faq-item-answer-text\"> <p>La societ\u00e0 Elfsight offre una soluzione che consente ai proprietari dei siti di creare autonomamente un plug-in contatore visitatori, scopri le semplici istruzioni : lavora direttamente nella demo live per creare un plugin contatore visitatori che desideri incorporare nella home page di Magento. Scegli uno dei nostri modelli predefiniti e regola le impostazioni del contatore visitatori, modifica il layout e il colore degli elementi inclusi i tuoi contenuti, senza esperienza di codifica. Fai clic per salvare le impostazioni che hai effettuato su Visitor Counter e ottieni il codice di installazione che puoi aggiungere nel tuo sito Magento senza la necessit\u00e0 di acquistare una versione a pagamento. Lavorando nel nostro semplice editor, ogni utente web pu\u00f2 creare un widget Contatore visitatori online e incorporarlo facilmente nella home page di Magento. Non \u00e8 necessario sottoscrivere un piano a pagamento o inviare i dati della carta per accedere al servizio. Se incontri ostacoli in qualsiasi momento, vai avanti e parla con la nostra assistenza clienti.<\/p> <\/div>\r\n\t\t\t\t\t<\/div>\r\n\t\t\t\t<\/div> <\/div><\/div>","protected":false},"excerpt":{"rendered":"","protected":false},"author":9,"featured_media":0,"parent":2295,"menu_order":0,"comment_status":"closed","ping_status":"closed","template":"templates\/template-application-platform.php","meta":{"publish_to_discourse":"","publish_post_category":"","wpdc_auto_publish_overridden":"","wpdc_topic_tags":"","wpdc_pin_topic":"","wpdc_pin_until":"","discourse_post_id":"","discourse_permalink":"","wpdc_publishing_response":"","wpdc_publishing_error":"","footnotes":""},"class_list":["post-6548","page","type-page","status-publish","hentry"],"yoast_head":"<!-- This site is optimized with the Yoast SEO plugin v25.3.1 - https:\/\/yoast.com\/wordpress\/plugins\/seo\/ -->\n<title>Plug-in contatore visitatori | Aggiunto widget contatore visite al sito Web Magento [2025]<\/title>\n<meta name=\"description\" content=\"Aggiungi un pratico contatore visitatori al tuo sito Magento. Utilizza la demo live di Elfsight e crea la tua estensione in pochi clic.\" \/>\n<meta name=\"robots\" content=\"index, follow, max-snippet:-1, max-image-preview:large, max-video-preview:-1\" \/>\n<link rel=\"canonical\" href=\"https:\/\/elfsight.com\/it\/visitor-counter-widget\/magento\/\" \/>\n<meta property=\"og:locale\" content=\"it_IT\" \/>\n<meta property=\"og:type\" content=\"article\" \/>\n<meta property=\"og:title\" content=\"Plug-in contatore visitatori | Aggiunto widget contatore visite al sito Web Magento [2025]\" \/>\n<meta property=\"og:description\" content=\"Aggiungi un pratico contatore visitatori al tuo sito Magento. Utilizza la demo live di Elfsight e crea la tua estensione in pochi clic.\" \/>\n<meta property=\"og:url\" content=\"https:\/\/elfsight.com\/it\/visitor-counter-widget\/magento\/\" \/>\n<meta property=\"og:site_name\" content=\"Elfsight IT\" \/>\n<meta property=\"article:modified_time\" content=\"2024-11-12T08:00:52+00:00\" \/>\n<meta name=\"twitter:card\" content=\"summary_large_image\" \/>\n<meta name=\"twitter:label1\" content=\"Tempo di lettura stimato\" \/>\n\t<meta name=\"twitter:data1\" content=\"3 minuti\" \/>\n<!-- \/ Yoast SEO plugin. -->","yoast_head_json":{"title":"Plug-in contatore visitatori | Aggiunto widget contatore visite al sito Web Magento [2025]","description":"Aggiungi un pratico contatore visitatori al tuo sito Magento. Utilizza la demo live di Elfsight e crea la tua estensione in pochi clic.","robots":{"index":"index","follow":"follow","max-snippet":"max-snippet:-1","max-image-preview":"max-image-preview:large","max-video-preview":"max-video-preview:-1"},"canonical":"https:\/\/elfsight.com\/it\/visitor-counter-widget\/magento\/","og_locale":"it_IT","og_type":"article","og_title":"Plug-in contatore visitatori | Aggiunto widget contatore visite al sito Web Magento [2025]","og_description":"Aggiungi un pratico contatore visitatori al tuo sito Magento. Utilizza la demo live di Elfsight e crea la tua estensione in pochi clic.","og_url":"https:\/\/elfsight.com\/it\/visitor-counter-widget\/magento\/","og_site_name":"Elfsight IT","article_modified_time":"2024-11-12T08:00:52+00:00","twitter_card":"summary_large_image","twitter_misc":{"Tempo di lettura stimato":"3 minuti"},"schema":{"@context":"https:\/\/schema.org","@graph":[{"@type":"WebPage","@id":"https:\/\/elfsight.com\/it\/visitor-counter-widget\/magento\/","url":"https:\/\/elfsight.com\/it\/visitor-counter-widget\/magento\/","name":"Plug-in contatore visitatori | Aggiunto widget contatore visite al sito Web Magento [2025]","isPartOf":{"@id":"https:\/\/elfsight.com\/it\/#website"},"datePublished":"1970-01-01T00:00:00+00:00","dateModified":"2024-11-12T08:00:52+00:00","description":"Aggiungi un pratico contatore visitatori al tuo sito Magento. Utilizza la demo live di Elfsight e crea la tua estensione in pochi clic.","breadcrumb":{"@id":"https:\/\/elfsight.com\/it\/visitor-counter-widget\/magento\/#breadcrumb"},"inLanguage":"it-IT","potentialAction":[{"@type":"ReadAction","target":["https:\/\/elfsight.com\/it\/visitor-counter-widget\/magento\/"]}]},{"@type":"BreadcrumbList","@id":"https:\/\/elfsight.com\/it\/visitor-counter-widget\/magento\/#breadcrumb","itemListElement":[{"@type":"ListItem","position":1,"name":"Home","item":"https:\/\/elfsight.com\/it\/"},{"@type":"ListItem","position":2,"name":"Visitor Counter","item":"https:\/\/elfsight.com\/it\/visitor-counter-widget\/"},{"@type":"ListItem","position":3,"name":"Visitor Counter &#8211; Magento"}]},{"@type":"WebSite","@id":"https:\/\/elfsight.com\/it\/#website","url":"https:\/\/elfsight.com\/it\/","name":"Elfsight IT","description":"Just another Elfsight Sites site","potentialAction":[{"@type":"SearchAction","target":{"@type":"EntryPoint","urlTemplate":"https:\/\/elfsight.com\/it\/?s={search_term_string}"},"query-input":{"@type":"PropertyValueSpecification","valueRequired":true,"valueName":"search_term_string"}}],"inLanguage":"it-IT"}]}},"meta_box":{"industry":"","seo_heading":"","heading":"","description":"","cta_heading":"","cta_description":"","application":"2294","h1":"Estensione contatore visitatori Magento","h1_caption":"Mostra il numero di visitatori del tuo sito web con un contatore di visitatori in tempo reale, aumentando la credibilit\u00e0 del tuo sito web nel tuo sito Magento senza sforzo.","application_category":[],"applications_title":"","applications_request_title":"","applications_request_button_text":"","hero_text":"","hero_video":"","hero_video_schema_markup":"","selling_points_title":"","selling_points_caption":"","selling_points":[],"selling_points_cta_text":"","features_title":"","features":"","ed_cta_examples_text":"","ed_cta_examples_hidden":"","ed_cta_demo_text":"","ed_cta_demo_hidden":"","why_caption":"","why_editor_title":"","why_editor_text":"","why_team_title":"","why_team_text":"","why_service_title":"","why_service_text":"","template_catalog_visible":"","template_catalog_title":"","template_catalog_text":"","template_catalog_categories_visible":"","demo_title":"Crea la tua estensione contatore visitatori","demo_caption":"Configura il tuo contatore visitatori e aggiungilo gratuitamente al tuo sito Magento!","default_faq_hidden":"","app_template_category":[],"platform":"39","template_public_id":"","codecanyon_url":"","codecanyon_item_id":"","codecanyon_price":"","pricing_caption":"","pricing_elfsight_apps_hide_column":"","pricing_elfsight_apps_url":"","pricing_codecanyon_price_caption":"","integration_category":[],"integration_request_title":"","integration_request_cta":"","integration_platform":"","integrations":[],"platform_category":[],"video_schema_markup":"","price":"da $ 0 al mese","trial":"","benefits":[{"text":"Aiuto gratuito per l'installazione"},{"text":"Servizio clienti competente"},{"text":"Garanzia di rimborso di 14 giorni"},{"text":"Aggiornamenti a vita"}],"button_url":"#demo","button_target_blank":"","button_nofollow":"","attributes":[{"name":"Installazioni"},{"name":"Reattivo"},{"name":"Browser compatibili"}],"tags":[],"tags_disable_links":"","hide_more_platforms":"","video_object":"","demo_hide_cta":"","demo_hide_cloud_options":"","pricing_title":"","pricing":[{"pricing_icon":"platform","pricing_title":"Elfsight Apps","pricing_title_caption":"Soluzione digitale multipiattaforma","pricing_price":"da $ 0 \/ mese","pricing_price_caption":"inizia con un piano gratuito","pricing_benefits":[{"text":"Siti web illimitati"},{"text":"Supporto aziendale professionale"},{"text":"Supporto gratuito per l'installazione"},{"text":"100% personalizzabile"}],"pricing_button_text":"Aggiungi al sito web","pricing_button_url":"#demo"}],"related_apps_title":"","related_apps_hidden":"","author":"","image":[],"title":"","job":"","social_networks":[]},"_links":{"self":[{"href":"https:\/\/elfsight.com\/it\/wp-json\/wp\/v2\/pages\/6548","targetHints":{"allow":["GET"]}}],"collection":[{"href":"https:\/\/elfsight.com\/it\/wp-json\/wp\/v2\/pages"}],"about":[{"href":"https:\/\/elfsight.com\/it\/wp-json\/wp\/v2\/types\/page"}],"author":[{"embeddable":true,"href":"https:\/\/elfsight.com\/it\/wp-json\/wp\/v2\/users\/9"}],"replies":[{"embeddable":true,"href":"https:\/\/elfsight.com\/it\/wp-json\/wp\/v2\/comments?post=6548"}],"version-history":[{"count":1,"href":"https:\/\/elfsight.com\/it\/wp-json\/wp\/v2\/pages\/6548\/revisions"}],"predecessor-version":[{"id":6552,"href":"https:\/\/elfsight.com\/it\/wp-json\/wp\/v2\/pages\/6548\/revisions\/6552"}],"up":[{"embeddable":true,"href":"https:\/\/elfsight.com\/it\/wp-json\/wp\/v2\/pages\/2295"}],"wp:attachment":[{"href":"https:\/\/elfsight.com\/it\/wp-json\/wp\/v2\/media?parent=6548"}],"curies":[{"name":"wp","href":"https:\/\/api.w.org\/{rel}","templated":true}]}}