{"id":6546,"date":"1970-01-01T00:00:00","date_gmt":"1970-01-01T00:00:00","guid":{"rendered":"https:\/\/elfsight.com\/it\/?page_id=6546"},"modified":"2024-11-11T11:22:31","modified_gmt":"2024-11-11T11:22:31","slug":"prestashop","status":"publish","type":"page","link":"https:\/\/elfsight.com\/it\/visitor-counter-widget\/prestashop\/","title":{"rendered":"Visitor Counter &#8211; PrestaShop"},"content":{"rendered":"<div class=\"application-platform-content-item-description application-platform-content-item\" id=\"description\" data-nav-section=\"description\"> <h2>Descrizione<\/h2> <p> Contatore visitatori per PrestaShop \u00e8 uno strumento facile da gestire che ti consente di controllare la quantit\u00e0 di visitatori e i contenuti pi\u00f9 popolari visualizzati in un determinato periodo di tempo. Le metriche essenziali ora possono essere semplicemente monitorate senza richiedere conoscenze aggiuntive di codifica o analisi dei dati. Inoltre, utilizzandolo puoi facilmente garantire ai visitatori che sei un&#8217;azienda affidabile e ottenere molte pi\u00f9 vendite. Con le nostre opportunit\u00e0 eleganti su misura per l&#8217;utente e i pratici layout, puoi creare il widget nel tuo sito in pochi clic. <\/p> <p><b>Aggiungi un contatore visitatori per migliorare la tua strategia aziendale e raggiungere i tuoi obiettivi pi\u00f9 facilmente!<\/b><\/p><\/div> <div class=\"application-platform-content-item-features application-platform-content-item\" id=\"features\" data-nav-section=\"features\"> <h2>Offriamo pratici e funzionalit\u00e0 semplici, controllane alcune: <\/h2> <ul><li>Facile da usare anche senza conoscenze professionali di analisi dei dati<\/li><li>Grande variet\u00e0 di intervalli di tempo per contare le tue metriche <\/li><li>Un grafico interattivo per visualizzare i tuoi dati in modo dinamico<\/li><li>Layout pratici per formare tutti i punti in modo accessibile<\/li><li>Schemi di colori scuri, personalizzabili e chiari per rendere lo strumento elegante <\/li><\/ul><p><a href=\"#demo\">Puoi scoprire tutte le funzionalit\u00e0 del widget nella demo qui sotto<\/a><\/p> <\/div> <div class=\"application-platform-content-item-installation application-platform-content-item\" id=\"installation\" data-nav-section=\"installation\"> <h2>Come faccio a incorporare %\u043f\u0440\u043e\u0434\u0443\u043a\u0442% nella mia pagina web PrestaShop? <\/h2> <p>Basta seguire un paio di passaggi indicati di seguito per attivare il widget. <\/p> <ol><li><b>Esegui la nostra demo gratuita e inizia a formare il tuo strumento unico. <\/b><br> Specifica l&#8217;aspetto e le funzionalit\u00e0 preferite del componente aggiuntivo e salva le modifiche. <\/li> <li><b>Copia il codice personale che appare nella finestra su Elfsight Apps. <\/b><br> Non appena terminata la generazione del tuo strumento, copia il codice esclusivo nella finestra emersa e conservalo per un ulteriore utilizzo. <\/li> <li><b>Avvia l&#8217;utilizzo dello strumento sul sito web PrestaShop. <\/b><br> Integra il codice che hai salvato in precedenza nella tua home page e applica i miglioramenti. <\/li> <li><b>Il gioco \u00e8 fatto! L&#8217;incorporamento \u00e8 stato completato con successo. <\/b><br> Vai alla tua pagina per dare un&#8217;occhiata a come funziona lo strumento. <\/li><\/ol> <p>A condizione che tu debba gestire richieste o affrontare alcune difficolt\u00e0, non esitare a chiedere assistenza al nostro personale di supporto. I nostri specialisti saranno felici di aiutarvi con tutte le difficolt\u00e0 che potreste avere con il prodotto. <\/p> <div class=\"faq\" data-component=\"FAQ\"><div class=\"faq-item\">\r\n\t\t\t\t\t<div class=\"faq-item-question\">\r\n\t\t\t\t\t\t<h3 class=\"faq-item-question-text\">Esiste un modo per incorporare il contatore visitatori nella mia home page PrestaShop senza competenze di codifica?<\/h3>\r\n\r\n\t\t\t\t\t\t<div class=\"faq-item-question-icon\"><\/div>\r\n\t\t\t\t\t<\/div>\r\n\r\n\t\t\t\t\t<div class=\"faq-item-answer\">\r\n\t\t\t\t\t\t<div class=\"faq-item-answer-text\"> <p>Elfsight offre una soluzione che consente ai proprietari dei siti di creare da soli un plug-in Contatore visitatori, scoprire il semplici passaggi: inizia a lavorare direttamente nell&#8217;editor online per creare un widget Contatore visitatori che desideri integrare nella tua home page PrestaShop. Scegli uno dei modelli predefiniti e modifica le impostazioni del contatore visitatori, includi i tuoi contenuti, trasforma il layout e la combinazione di colori senza competenze di codifica. Fai clic per salvare le impostazioni effettuate su Visitor Counter e ottieni il codice di installazione che pu\u00f2 essere facilmente aggiunto nel sito PrestaShop senza acquistare un abbonamento a pagamento. Utilizzando l&#8217;editor semplice, qualsiasi utente di Internet pu\u00f2 creare la sezione Contatore visitatori e includerla nel sito Web PrestaShop. Non dovresti pagare o rivelare le credenziali della tua carta per accedere a Elfsight Editor. Se riscontri problemi in qualsiasi momento, vai avanti e contatta il nostro team di supporto tecnico.<\/p> <\/div>\r\n\t\t\t\t\t<\/div>\r\n\t\t\t\t<\/div> <\/div><\/div>","protected":false},"excerpt":{"rendered":"","protected":false},"author":9,"featured_media":0,"parent":2295,"menu_order":0,"comment_status":"closed","ping_status":"closed","template":"templates\/template-application-platform.php","meta":{"publish_to_discourse":"","publish_post_category":"","wpdc_auto_publish_overridden":"","wpdc_topic_tags":"","wpdc_pin_topic":"","wpdc_pin_until":"","discourse_post_id":"","discourse_permalink":"","wpdc_publishing_response":"","wpdc_publishing_error":"","footnotes":""},"class_list":["post-6546","page","type-page","status-publish","hentry"],"yoast_head":"<!-- This site is optimized with the Yoast SEO plugin v25.3.1 - https:\/\/yoast.com\/wordpress\/plugins\/seo\/ -->\n<title>Contatore visitatori: aggiungi il componente aggiuntivo gratuito Hit Counter a PrestaShop<\/title>\n<meta name=\"description\" content=\"\u00c8 semplicissimo creare il tuo miglior componente aggiuntivo Contatore visitatori e incorporarlo nel tuo sito web. Il servizio clienti Elfsight \u00e8 gratuito e veloce.\" \/>\n<meta name=\"robots\" content=\"index, follow, max-snippet:-1, max-image-preview:large, max-video-preview:-1\" \/>\n<link rel=\"canonical\" href=\"https:\/\/elfsight.com\/it\/visitor-counter-widget\/prestashop\/\" \/>\n<meta property=\"og:locale\" content=\"it_IT\" \/>\n<meta property=\"og:type\" content=\"article\" \/>\n<meta property=\"og:title\" content=\"Contatore visitatori: aggiungi il componente aggiuntivo gratuito Hit Counter a PrestaShop\" \/>\n<meta property=\"og:description\" content=\"\u00c8 semplicissimo creare il tuo miglior componente aggiuntivo Contatore visitatori e incorporarlo nel tuo sito web. Il servizio clienti Elfsight \u00e8 gratuito e veloce.\" \/>\n<meta property=\"og:url\" content=\"https:\/\/elfsight.com\/it\/visitor-counter-widget\/prestashop\/\" \/>\n<meta property=\"og:site_name\" content=\"Elfsight IT\" \/>\n<meta property=\"article:modified_time\" content=\"2024-11-11T11:22:31+00:00\" \/>\n<meta name=\"twitter:card\" content=\"summary_large_image\" \/>\n<meta name=\"twitter:label1\" content=\"Tempo di lettura stimato\" \/>\n\t<meta name=\"twitter:data1\" content=\"3 minuti\" \/>\n<!-- \/ Yoast SEO plugin. -->","yoast_head_json":{"title":"Contatore visitatori: aggiungi il componente aggiuntivo gratuito Hit Counter a PrestaShop","description":"\u00c8 semplicissimo creare il tuo miglior componente aggiuntivo Contatore visitatori e incorporarlo nel tuo sito web. Il servizio clienti Elfsight \u00e8 gratuito e veloce.","robots":{"index":"index","follow":"follow","max-snippet":"max-snippet:-1","max-image-preview":"max-image-preview:large","max-video-preview":"max-video-preview:-1"},"canonical":"https:\/\/elfsight.com\/it\/visitor-counter-widget\/prestashop\/","og_locale":"it_IT","og_type":"article","og_title":"Contatore visitatori: aggiungi il componente aggiuntivo gratuito Hit Counter a PrestaShop","og_description":"\u00c8 semplicissimo creare il tuo miglior componente aggiuntivo Contatore visitatori e incorporarlo nel tuo sito web. Il servizio clienti Elfsight \u00e8 gratuito e veloce.","og_url":"https:\/\/elfsight.com\/it\/visitor-counter-widget\/prestashop\/","og_site_name":"Elfsight IT","article_modified_time":"2024-11-11T11:22:31+00:00","twitter_card":"summary_large_image","twitter_misc":{"Tempo di lettura stimato":"3 minuti"},"schema":{"@context":"https:\/\/schema.org","@graph":[{"@type":"WebPage","@id":"https:\/\/elfsight.com\/it\/visitor-counter-widget\/prestashop\/","url":"https:\/\/elfsight.com\/it\/visitor-counter-widget\/prestashop\/","name":"Contatore visitatori: aggiungi il componente aggiuntivo gratuito Hit Counter a PrestaShop","isPartOf":{"@id":"https:\/\/elfsight.com\/it\/#website"},"datePublished":"1970-01-01T00:00:00+00:00","dateModified":"2024-11-11T11:22:31+00:00","description":"\u00c8 semplicissimo creare il tuo miglior componente aggiuntivo Contatore visitatori e incorporarlo nel tuo sito web. Il servizio clienti Elfsight \u00e8 gratuito e veloce.","breadcrumb":{"@id":"https:\/\/elfsight.com\/it\/visitor-counter-widget\/prestashop\/#breadcrumb"},"inLanguage":"it-IT","potentialAction":[{"@type":"ReadAction","target":["https:\/\/elfsight.com\/it\/visitor-counter-widget\/prestashop\/"]}]},{"@type":"BreadcrumbList","@id":"https:\/\/elfsight.com\/it\/visitor-counter-widget\/prestashop\/#breadcrumb","itemListElement":[{"@type":"ListItem","position":1,"name":"Home","item":"https:\/\/elfsight.com\/it\/"},{"@type":"ListItem","position":2,"name":"Visitor Counter","item":"https:\/\/elfsight.com\/it\/visitor-counter-widget\/"},{"@type":"ListItem","position":3,"name":"Visitor Counter &#8211; PrestaShop"}]},{"@type":"WebSite","@id":"https:\/\/elfsight.com\/it\/#website","url":"https:\/\/elfsight.com\/it\/","name":"Elfsight IT","description":"Just another Elfsight Sites site","potentialAction":[{"@type":"SearchAction","target":{"@type":"EntryPoint","urlTemplate":"https:\/\/elfsight.com\/it\/?s={search_term_string}"},"query-input":{"@type":"PropertyValueSpecification","valueRequired":true,"valueName":"search_term_string"}}],"inLanguage":"it-IT"}]}},"meta_box":{"industry":"","seo_heading":"","heading":"","description":"","cta_heading":"","cta_description":"","application":"2294","h1":"Componente aggiuntivo contatore visitatori PrestaShop","h1_caption":"Mostra il numero di visitatori del tuo sito web con un contatore di visitatori in tempo reale, aumentando la credibilit\u00e0 del tuo sito web nel tuo sito Prestashop senza sforzo.","application_category":[],"applications_title":"","applications_request_title":"","applications_request_button_text":"","hero_text":"","hero_video":"","hero_video_schema_markup":"","selling_points_title":"","selling_points_caption":"","selling_points":[],"selling_points_cta_text":"","features_title":"","features":"","ed_cta_examples_text":"","ed_cta_examples_hidden":"","ed_cta_demo_text":"","ed_cta_demo_hidden":"","why_caption":"","why_editor_title":"","why_editor_text":"","why_team_title":"","why_team_text":"","why_service_title":"","why_service_text":"","template_catalog_visible":"","template_catalog_title":"","template_catalog_text":"","template_catalog_categories_visible":"","demo_title":"Crea il tuo componente aggiuntivo Contatore visitatori","demo_caption":"Configura il tuo contatore visitatori e aggiungilo gratuitamente al tuo sito PrestaShop!","default_faq_hidden":"","app_template_category":[],"platform":"1023","template_public_id":"","codecanyon_url":"","codecanyon_item_id":"","codecanyon_price":"","pricing_caption":"","pricing_elfsight_apps_hide_column":"","pricing_elfsight_apps_url":"","pricing_codecanyon_price_caption":"","integration_category":[],"integration_request_title":"","integration_request_cta":"","integration_platform":"","integrations":[],"platform_category":[],"video_schema_markup":"","price":"da $ 0 al mese","trial":"","benefits":[{"text":"Assistenza gratuita per l'installazione"},{"text":"Supporto premium"},{"text":"Servizio clienti efficace"},{"text":"Miglioramenti continui"}],"button_url":"#demo","button_target_blank":"","button_nofollow":"","attributes":[{"name":"Installazioni"},{"name":"Reattivo"},{"name":"Browser compatibili"}],"tags":[],"tags_disable_links":"","hide_more_platforms":"","video_object":"","demo_hide_cta":"","demo_hide_cloud_options":"","pricing_title":"","pricing":[{"pricing_icon":"platform","pricing_title":"Elfsight Apps","pricing_title_caption":"Soluzione indipendente dalla piattaforma che funziona su qualsiasi sito","pricing_price":"da $ 0 \/ mese","pricing_price_caption":"inizia con un piano gratuito","pricing_benefits":[{"text":"Siti web illimitati"},{"text":"Supporto rapido e puntuale"},{"text":"Assistenza gratuita per l'installazione"},{"text":"Completamente personalizzabile"}],"pricing_button_text":"Aggiungi al sito web","pricing_button_url":"#demo"}],"related_apps_title":"","related_apps_hidden":"","author":"","image":[],"title":"","job":"","social_networks":[]},"_links":{"self":[{"href":"https:\/\/elfsight.com\/it\/wp-json\/wp\/v2\/pages\/6546","targetHints":{"allow":["GET"]}}],"collection":[{"href":"https:\/\/elfsight.com\/it\/wp-json\/wp\/v2\/pages"}],"about":[{"href":"https:\/\/elfsight.com\/it\/wp-json\/wp\/v2\/types\/page"}],"author":[{"embeddable":true,"href":"https:\/\/elfsight.com\/it\/wp-json\/wp\/v2\/users\/9"}],"replies":[{"embeddable":true,"href":"https:\/\/elfsight.com\/it\/wp-json\/wp\/v2\/comments?post=6546"}],"version-history":[{"count":1,"href":"https:\/\/elfsight.com\/it\/wp-json\/wp\/v2\/pages\/6546\/revisions"}],"predecessor-version":[{"id":6550,"href":"https:\/\/elfsight.com\/it\/wp-json\/wp\/v2\/pages\/6546\/revisions\/6550"}],"up":[{"embeddable":true,"href":"https:\/\/elfsight.com\/it\/wp-json\/wp\/v2\/pages\/2295"}],"wp:attachment":[{"href":"https:\/\/elfsight.com\/it\/wp-json\/wp\/v2\/media?parent=6546"}],"curies":[{"name":"wp","href":"https:\/\/api.w.org\/{rel}","templated":true}]}}