{"id":6539,"date":"1970-01-01T00:00:00","date_gmt":"1970-01-01T00:00:00","guid":{"rendered":"https:\/\/elfsight.com\/it\/?page_id=6539"},"modified":"2025-03-19T04:39:46","modified_gmt":"2025-03-19T04:39:46","slug":"bigcommerce","status":"publish","type":"page","link":"https:\/\/elfsight.com\/it\/vimeo-video-gallery-widget\/bigcommerce\/","title":{"rendered":"Vimeo Gallery &#8211; BigCommerce"},"content":{"rendered":"\n<div class=\"application-platform-content-item-description application-platform-content-item\" id=\"description\" data-nav-section=\"description\"> <h2>Descrizione<\/h2> <p>Elfsight Gallery \u00e8 uno strumento efficace per chiunque abbia bisogno di incorporare contenuti Vimeo nel sito web. Hai l&#8217;opportunit\u00e0 di creare playlist, mostrare un intero canale, scegliere i migliori contenuti video per la tua galleria e altro. Il widget Elfsight ha molte opzioni di progettazione, che aiutano a impostare l&#8217;interfaccia adatta ai diversi casi. Tre layout ti aiuteranno a posizionare i video in modo ottimale, diverse modalit\u00e0 di riproduzione renderanno la visione dei tuoi video confortevole in ogni caso d&#8217;uso. Usando l&#8217;intestazione \u00e8 facile, racconta a tutti del tuo account Vimeo e aumenta gli iscritti. L&#8217;app Elfsight Vimeo sar\u00e0 un modo semplice non solo per aumentare il coinvolgimento, ma anche per far crescere la tua attivit\u00e0. <\/p> <div class=\"faq\" data-component=\"FAQ\"><div class=\"faq-item\">\r\n\t\t\t\t\t<div class=\"faq-item-question\">\r\n\t\t\t\t\t\t<h3 class=\"faq-item-question-text\">Dove posso integrarlo<\/h3>\r\n\r\n\t\t\t\t\t\t<div class=\"faq-item-question-icon\"><\/div>\r\n\t\t\t\t\t<\/div>\r\n\r\n\t\t\t\t\t<div class=\"faq-item-answer\">\r\n\t\t\t\t\t\t<div class=\"faq-item-answer-text\"> <p>Puoi incorporare il widget nella pagina che preferisci. Nel caso in cui introduci il player Vimeo nel modello, il widget apparir\u00e0 su ogni pagina.<\/p> <\/div>\r\n\t\t\t\t\t<\/div>\r\n\t\t\t\t<\/div><div class=\"faq-item\">\r\n\t\t\t\t\t<div class=\"faq-item-question\">\r\n\t\t\t\t\t\t<h3 class=\"faq-item-question-text\">Quali sono i vantaggi di avere Vimeo Gallery per me?<\/h3>\r\n\r\n\t\t\t\t\t\t<div class=\"faq-item-question-icon\"><\/div>\r\n\t\t\t\t\t<\/div>\r\n\r\n\t\t\t\t\t<div class=\"faq-item-answer\">\r\n\t\t\t\t\t\t<div class=\"faq-item-answer-text\"> <p>Questo Il plugin contribuir\u00e0 ad aumentare il livello di coinvolgimento sul tuo sito con video accattivanti. La funzione di abbonamento rapido ti aiuter\u00e0 ad avere nuovi follower sul tuo canale Vimeo.<\/p><\/div>\r\n\t\t\t\t\t<\/div>\r\n\t\t\t\t<\/div> <div class=\"faq-item\">\r\n\t\t\t\t\t<div class=\"faq-item-question\">\r\n\t\t\t\t\t\t<h3 class=\"faq-item-question-text\">Come posso installare il lettore video Vimeo?<\/h3>\r\n\r\n\t\t\t\t\t\t<div class=\"faq-item-question-icon\"><\/div>\r\n\t\t\t\t\t<\/div>\r\n\r\n\t\t\t\t\t<div class=\"faq-item-answer\">\r\n\t\t\t\t\t\t<div class=\"faq-item-answer-text\"> <p>Avrai solo bisogno di due minuti di tempo per iniziare a utilizzare il widget. L&#8217;incorporamento \u00e8 super veloce, gratuito e privo di codifica. <\/p> <p>La Galleria video Elfsight Vimeo pu\u00f2 essere introdotta sul nostro servizio o tramite il marketplace. Qui puoi confrontare tutti i dettagli delle due opzioni e scegliere la tua. <\/p> <\/div>\r\n\t\t\t\t\t<\/div>\r\n\t\t\t\t<\/div> <\/div> <\/div> <div class=\"application-platform-content-item-features application-platform-content-item\" id=\"features\" data-nav-section=\"features\"> <h2>Caratteristiche<\/h2> <p>Per avere una chiara percezione del widget, controlla l&#8217;elenco delle funzionalit\u00e0 pi\u00f9 funzioni preziose. Rendono il widget vantaggioso per te: <\/p> <ul><li>Incorporando layout pronti all&#8217;uso per diversi modi di ritmo dei video: griglia, playlist, cursore; <\/li><li>7 elementi commutabili dell&#8217;intestazione del widget: nome, statistiche, descrizione, pulsante Segui, icona del profilo; <\/li><li>4 modalit\u00e0 di gioco pronte all&#8217;uso: Popup, Player, Inline o su Vimeo; <\/li><li>3 azioni al termine del video: riproduci successivo, riproduci nuovamente, nessuna. <\/li><\/ul><p><a href=\"#demo\">La nostra demo dal vivo ti aprir\u00e0 tutte le funzionalit\u00e0<\/a><\/p> <\/div> <div class=\"application-platform-content-item-installation application-platform-content-item\" id=\"installation\" data-nav-section=\"installation\"> <h2>Come aggiungere il video Vimeo al tuo sito web BigCommerce<\/h2><div class=\"video-container\"><iframe width=\"560\" height=\"315\" src=\"https:\/\/www.youtube.com\/embed\/wZAyVHu_GrM?si=L8ugGAa2H9E8HaSL\" frameborder=\"0\" allow=\"accelerometer; autoplay; clipboard-write; encrypted-media; gyroscope; picture-in-picture; web-share\" allowfullscreen><\/iframe><\/div><p>Segui semplicemente i passaggi indicati di seguito per aggiungere il widget su BigCommerce.<\/p> <ol><li><b>Lancia la nostra demo gratuita e inizia a dare forma alla tua Galleria Vimeo personalizzata. <\/b><br> Specifica la forma e le funzionalit\u00e0 preferite dell&#8217;app e applica le correzioni. <\/li> <li><b>Copia il tuo codice personale esposto nel box su Elfsight Apps. <\/b><br> Dopo aver completato la configurazione del tuo widget, copia il codice esclusivo nel popup emergente e salvalo per occasioni future. <\/li> <li><b>Inizia a utilizzare l&#8217;app sul tuo sito BigCommerce. <\/b><br> Implementa il codice copiato in precedenza nel tuo sito e applica le modifiche. <\/li> <li><b>L&#8217;installazione \u00e8 completamente eseguita. <\/b><br> Vai al tuo sito per verificare il funzionamento dello strumento. <\/li><\/ol><p>Non riesci ancora a decidere? O hai domande? Scrivi semplicemente una richiesta al nostro team di supporto, ti aiuteremo con qualsiasi questione.<\/p> <\/div>\n","protected":false},"excerpt":{"rendered":"","protected":false},"author":9,"featured_media":0,"parent":1591,"menu_order":0,"comment_status":"closed","ping_status":"closed","template":"templates\/template-application-platform.php","meta":{"publish_to_discourse":"","publish_post_category":"","wpdc_auto_publish_overridden":"","wpdc_topic_tags":"","wpdc_pin_topic":"","wpdc_pin_until":"","discourse_post_id":"","discourse_permalink":"","wpdc_publishing_response":"","wpdc_publishing_error":"","footnotes":""},"class_list":["post-6539","page","type-page","status-publish","hentry"],"yoast_head":"<!-- This site is optimized with the Yoast SEO plugin v25.3.1 - https:\/\/yoast.com\/wordpress\/plugins\/seo\/ -->\n<title>Incorpora la Galleria video Vimeo sul sito BigCommerce (gratuito e veloce)<\/title>\n<meta name=\"description\" content=\"Non \u00e8 un problema costruire la tua app Vimeo Video Gallery e incorporarla nel sito Web BigCommerce. Il supporto client Elfsight \u00e8 gratuito.\" \/>\n<meta name=\"robots\" content=\"index, follow, max-snippet:-1, max-image-preview:large, max-video-preview:-1\" \/>\n<link rel=\"canonical\" href=\"https:\/\/elfsight.com\/it\/vimeo-video-gallery-widget\/bigcommerce\/\" \/>\n<meta property=\"og:locale\" content=\"it_IT\" \/>\n<meta property=\"og:type\" content=\"article\" \/>\n<meta property=\"og:title\" content=\"Incorpora la Galleria video Vimeo sul sito BigCommerce (gratuito e veloce)\" \/>\n<meta property=\"og:description\" content=\"Non \u00e8 un problema costruire la tua app Vimeo Video Gallery e incorporarla nel sito Web BigCommerce. Il supporto client Elfsight \u00e8 gratuito.\" \/>\n<meta property=\"og:url\" content=\"https:\/\/elfsight.com\/it\/vimeo-video-gallery-widget\/bigcommerce\/\" \/>\n<meta property=\"og:site_name\" content=\"Elfsight IT\" \/>\n<meta property=\"article:modified_time\" content=\"2025-03-19T04:39:46+00:00\" \/>\n<meta name=\"twitter:card\" content=\"summary_large_image\" \/>\n<meta name=\"twitter:label1\" content=\"Tempo di lettura stimato\" \/>\n\t<meta name=\"twitter:data1\" content=\"3 minuti\" \/>\n<!-- \/ Yoast SEO plugin. -->","yoast_head_json":{"title":"Incorpora la Galleria video Vimeo sul sito BigCommerce (gratuito e veloce)","description":"Non \u00e8 un problema costruire la tua app Vimeo Video Gallery e incorporarla nel sito Web BigCommerce. Il supporto client Elfsight \u00e8 gratuito.","robots":{"index":"index","follow":"follow","max-snippet":"max-snippet:-1","max-image-preview":"max-image-preview:large","max-video-preview":"max-video-preview:-1"},"canonical":"https:\/\/elfsight.com\/it\/vimeo-video-gallery-widget\/bigcommerce\/","og_locale":"it_IT","og_type":"article","og_title":"Incorpora la Galleria video Vimeo sul sito BigCommerce (gratuito e veloce)","og_description":"Non \u00e8 un problema costruire la tua app Vimeo Video Gallery e incorporarla nel sito Web BigCommerce. Il supporto client Elfsight \u00e8 gratuito.","og_url":"https:\/\/elfsight.com\/it\/vimeo-video-gallery-widget\/bigcommerce\/","og_site_name":"Elfsight IT","article_modified_time":"2025-03-19T04:39:46+00:00","twitter_card":"summary_large_image","twitter_misc":{"Tempo di lettura stimato":"3 minuti"},"schema":{"@context":"https:\/\/schema.org","@graph":[{"@type":"WebPage","@id":"https:\/\/elfsight.com\/it\/vimeo-video-gallery-widget\/bigcommerce\/","url":"https:\/\/elfsight.com\/it\/vimeo-video-gallery-widget\/bigcommerce\/","name":"Incorpora la Galleria video Vimeo sul sito BigCommerce (gratuito e veloce)","isPartOf":{"@id":"https:\/\/elfsight.com\/it\/#website"},"datePublished":"1970-01-01T00:00:00+00:00","dateModified":"2025-03-19T04:39:46+00:00","description":"Non \u00e8 un problema costruire la tua app Vimeo Video Gallery e incorporarla nel sito Web BigCommerce. Il supporto client Elfsight \u00e8 gratuito.","breadcrumb":{"@id":"https:\/\/elfsight.com\/it\/vimeo-video-gallery-widget\/bigcommerce\/#breadcrumb"},"inLanguage":"it-IT","potentialAction":[{"@type":"ReadAction","target":["https:\/\/elfsight.com\/it\/vimeo-video-gallery-widget\/bigcommerce\/"]}]},{"@type":"BreadcrumbList","@id":"https:\/\/elfsight.com\/it\/vimeo-video-gallery-widget\/bigcommerce\/#breadcrumb","itemListElement":[{"@type":"ListItem","position":1,"name":"Home","item":"https:\/\/elfsight.com\/it\/"},{"@type":"ListItem","position":2,"name":"Vimeo Gallery","item":"https:\/\/elfsight.com\/it\/vimeo-video-gallery-widget\/"},{"@type":"ListItem","position":3,"name":"Vimeo Gallery &#8211; BigCommerce"}]},{"@type":"WebSite","@id":"https:\/\/elfsight.com\/it\/#website","url":"https:\/\/elfsight.com\/it\/","name":"Elfsight IT","description":"Just another Elfsight Sites site","potentialAction":[{"@type":"SearchAction","target":{"@type":"EntryPoint","urlTemplate":"https:\/\/elfsight.com\/it\/?s={search_term_string}"},"query-input":{"@type":"PropertyValueSpecification","valueRequired":true,"valueName":"search_term_string"}}],"inLanguage":"it-IT"}]}},"meta_box":{"industry":"","seo_heading":"","heading":"","description":"","cta_heading":"","cta_description":"","application":"1590","h1":"Galleria video Vimeo di BigCommerce","h1_caption":"Incorpora una galleria di video Vimeo, offrendo un modo semplice per presentare i tuoi contenuti video nel tuo sito web BigCommerce senza sforzo.","application_category":[],"applications_title":"","applications_request_title":"","applications_request_button_text":"","hero_text":"","hero_video":"","hero_video_schema_markup":"","selling_points_title":"","selling_points_caption":"","selling_points":[],"selling_points_cta_text":"","features_title":"","features":"","ed_cta_examples_text":"","ed_cta_examples_hidden":"","ed_cta_demo_text":"","ed_cta_demo_hidden":"","why_caption":"","why_editor_title":"","why_editor_text":"","why_team_title":"","why_team_text":"","why_service_title":"","why_service_text":"","template_catalog_visible":"0","template_catalog_title":"","template_catalog_text":"","template_catalog_categories_visible":"","demo_title":"Crea la tua app Galleria Vimeo","demo_caption":"Configura la tua Galleria Vimeo e aggiungila gratuitamente al tuo sito BigCommerce!","default_faq_hidden":"","app_template_category":[],"platform":"32","template_public_id":"","codecanyon_url":"","codecanyon_item_id":"","codecanyon_price":"","pricing_caption":"","pricing_elfsight_apps_hide_column":"","pricing_elfsight_apps_url":"","pricing_codecanyon_price_caption":"","integration_category":[],"integration_request_title":"","integration_request_cta":"","integration_platform":"","integrations":[],"platform_category":[],"video_schema_markup":"","price":"da $ 0 al mese","trial":"","benefits":[{"text":"Assistenza gratuita per l'installazione"},{"text":"Servizio clienti professionale"},{"text":"Garanzia di rimborso di 14 giorni"},{"text":"Aggiornamenti gratuiti a vita"}],"button_url":"#demo","button_target_blank":"0","button_nofollow":"0","attributes":[{"name":"Installazioni"},{"name":"Reattivo"},{"name":"Browser compatibili"}],"tags":[],"tags_disable_links":"0","hide_more_platforms":"0","video_object":"","demo_hide_cta":"0","demo_hide_cloud_options":"0","pricing_title":"","pricing":[{"pricing_icon":"platform","pricing_title":"Elfsight Apps","pricing_title_caption":"Versione multipiattaforma","pricing_price":"da $ 0 \/ mese","pricing_price_caption":"inizia con il piano gratuito","pricing_benefits":[{"text":"Siti web illimitati"},{"text":"Supporto puntuale 24 ore su 24, 7 giorni su 7 e ben documentato"},{"text":"Aiuto per l'installazione gratuito"},{"text":"100% personalizzabile"}],"pricing_button_text":"Aggiungi al sito web","pricing_button_url":"#demo"}],"related_apps_title":"","related_apps_hidden":"0","author":"","image":[],"title":"","job":"","social_networks":[]},"_links":{"self":[{"href":"https:\/\/elfsight.com\/it\/wp-json\/wp\/v2\/pages\/6539","targetHints":{"allow":["GET"]}}],"collection":[{"href":"https:\/\/elfsight.com\/it\/wp-json\/wp\/v2\/pages"}],"about":[{"href":"https:\/\/elfsight.com\/it\/wp-json\/wp\/v2\/types\/page"}],"author":[{"embeddable":true,"href":"https:\/\/elfsight.com\/it\/wp-json\/wp\/v2\/users\/9"}],"replies":[{"embeddable":true,"href":"https:\/\/elfsight.com\/it\/wp-json\/wp\/v2\/comments?post=6539"}],"version-history":[{"count":3,"href":"https:\/\/elfsight.com\/it\/wp-json\/wp\/v2\/pages\/6539\/revisions"}],"predecessor-version":[{"id":9138,"href":"https:\/\/elfsight.com\/it\/wp-json\/wp\/v2\/pages\/6539\/revisions\/9138"}],"up":[{"embeddable":true,"href":"https:\/\/elfsight.com\/it\/wp-json\/wp\/v2\/pages\/1591"}],"wp:attachment":[{"href":"https:\/\/elfsight.com\/it\/wp-json\/wp\/v2\/media?parent=6539"}],"curies":[{"name":"wp","href":"https:\/\/api.w.org\/{rel}","templated":true}]}}