{"id":6538,"date":"1970-01-01T00:00:00","date_gmt":"1970-01-01T00:00:00","guid":{"rendered":"https:\/\/elfsight.com\/it\/?page_id=6538"},"modified":"2025-03-19T04:40:56","modified_gmt":"2025-03-19T04:40:56","slug":"blogger","status":"publish","type":"page","link":"https:\/\/elfsight.com\/it\/vimeo-video-gallery-widget\/blogger\/","title":{"rendered":"Vimeo Gallery &#8211; Blogger"},"content":{"rendered":"\n<div class=\"application-platform-content-item-description application-platform-content-item\" id=\"description\" data-nav-section=\"description\"> <h2>Descrizione<\/h2> <p>Elfsight Gallery \u00e8 uno strumento semplice per chi ha un sito e vorrebbe mostrare i contenuti Vimeo su Esso. Sei libero di creare playlist, visualizzare un intero canale, selezionare i contenuti tematici pi\u00f9 coinvolgenti per la tua galleria e altro ancora. Il widget include pi\u00f9 impostazioni dell&#8217;interfaccia che aiutano a organizzare l&#8217;interfaccia per diversi casi d&#8217;uso. I layout dei widget integrati aiutano a organizzare i contenuti in modo ottimale, una variet\u00e0 di modalit\u00e0 di riproduzione render\u00e0 la visualizzazione dei tuoi video comoda con qualsiasi layout. Con l&#8217;intestazione flessibile, presenta il tuo canale e aumenta gli iscritti. Il widget Elfsight Vimeo diventer\u00e0 un modo efficace non solo per aumentare il coinvolgimento, ma anche per sviluppare la tua attivit\u00e0. <\/p> <div class=\"faq\" data-component=\"FAQ\"><div class=\"faq-item\">\r\n\t\t\t\t\t<div class=\"faq-item-question\">\r\n\t\t\t\t\t\t<h3 class=\"faq-item-question-text\">Dove posso pubblicarlo sul mio sito web?<\/h3>\r\n\r\n\t\t\t\t\t\t<div class=\"faq-item-question-icon\"><\/div>\r\n\t\t\t\t\t<\/div>\r\n\r\n\t\t\t\t\t<div class=\"faq-item-answer\">\r\n\t\t\t\t\t\t<div class=\"faq-item-answer-text\"> <p>La Galleria Vimeo pu\u00f2 essere impostata su qualsiasi pagina scelta. Se lo incolli nel modello del sito web, apparir\u00e0 su ogni pagina del tuo sito. <\/p> <\/div>\r\n\t\t\t\t\t<\/div>\r\n\t\t\t\t<\/div><div class=\"faq-item\">\r\n\t\t\t\t\t<div class=\"faq-item-question\">\r\n\t\t\t\t\t\t<h3 class=\"faq-item-question-text\">Che vantaggi mi dar\u00e0?<\/h3>\r\n\r\n\t\t\t\t\t\t<div class=\"faq-item-question-icon\"><\/div>\r\n\t\t\t\t\t<\/div>\r\n\r\n\t\t\t\t\t<div class=\"faq-item-answer\">\r\n\t\t\t\t\t\t<div class=\"faq-item-answer-text\"> <p>Il player Vimeo ti aiuter\u00e0 ad aumentare il livello di coinvolgimento degli utenti sul sito con i video pi\u00f9 coinvolgenti. L&#8217;opzione di abbonamento istantaneo ti aiuter\u00e0 a ottenere nuovi abbonamenti al tuo account Vimeo. <\/p><\/div>\r\n\t\t\t\t\t<\/div>\r\n\t\t\t\t<\/div> <div class=\"faq-item\">\r\n\t\t\t\t\t<div class=\"faq-item-question\">\r\n\t\t\t\t\t\t<h3 class=\"faq-item-question-text\">Di cosa ho bisogno per installare il lettore video Vimeo? <\/h3>\r\n\r\n\t\t\t\t\t\t<div class=\"faq-item-question-icon\"><\/div>\r\n\t\t\t\t\t<\/div>\r\n\r\n\t\t\t\t\t<div class=\"faq-item-answer\">\r\n\t\t\t\t\t\t<div class=\"faq-item-answer-text\"> <p>Ci vuole un minuto di tempo per impostare il widget. L&#8217;installazione \u00e8 molto veloce, gratuita e senza codifica. <\/p> <p>C&#8217;\u00e8 un&#8217;opzione per posizionare il widget Vimeo sul sito direttamente nel nostro servizio. Per questo, \u00e8 necessario vedere la guida in basso in questa pagina. <\/p> <\/div>\r\n\t\t\t\t\t<\/div>\r\n\t\t\t\t<\/div> <\/div> <\/div><div class=\"application-platform-content-item-features application-platform-content-item\" id=\"features\" data-nav-section=\"features\"> <h2>Caratteristiche<\/h2> <p>Per avere una chiara conoscenza della Galleria Vimeo, puoi avere una guarda l&#8217;elenco delle caratteristiche principali. Rendono il nostro widget incredibilmente vantaggioso per la tua promozione: <\/p> <ul><li>L&#8217;opzione per integrare determinati layout per diversi video disponendo: Griglia, Playlist, Slider; <\/li><li>Sette dettagli flessibili dell&#8217;intestazione: nome, statistiche, descrizione, pulsante Segui, immagine del profilo; <\/li><li>4 modalit\u00e0 di gioco pronte all&#8217;uso: Popup, Player, Inline o su Vimeo; <\/li><li>Tre varianti al termine del video: riproduci successivo, riproduci nuovamente, nessuna. <\/li><\/ul><p><a href=\"#demo\">Scopri tutte le funzionalit\u00e0 nella demo<\/a><\/p> <\/div><div class=\"application-platform-content-item-installation application-platform-content-item\" id=\"installation\" data-nav-section=\"installation\"> <h2>Come fare incorpora il video Vimeo nel tuo sito web Blogger<\/h2><div class=\"video-container\"><iframe width=\"560\" height=\"315\" src=\"https:\/\/www.youtube.com\/embed\/2hk5BB-5dRA?si=CrYNXOBcR_ETfyZo\" frameborder=\"0\" allow=\"accelerometer; autoplay; clipboard-write; encrypted-media; gyroscope; picture-in-picture; web-share\" allowfullscreen><\/iframe><\/div><p>Queste diverse azioni sono l&#8217;unica cosa che devi fare per incorporare il widget. \u00c8 privo di codifica. <\/p> <ol><li><b>Costruisci il tuo plugin personalizzato per la Galleria Vimeo<\/b><br> Con l&#8217;aiuto della nostra demo gratuita, ottieni un plugin con il layout e le funzioni selezionati.<\/li><li><b>Ottieni il codice individuale per visualizzare il plugin<\/b><br> Dopo aver creato il tuo widget, otterrai il codice univoco dalla finestra visualizzata su Elfsight Apps. Copia questo codice per un ulteriore utilizzo. <\/li> <li><b> Il plugin sul tuo sito Blogger<\/b><br> Vai nell&#8217;area in cui devi integrare il plugin e inserisci l\u00ec il codice salvato. Salva le modifiche. <\/li> <li><b>Installazione completata con successo<\/b><br> Entra nella pagina web, per dare un&#8217;occhiata al tuo lavoro. <\/li> <\/ol><p>Non riesci ancora a deciderti? O hai domande? Scrivi semplicemente una richiesta al nostro supporto clienti, faranno del loro meglio per aiutarti con ogni questione. <\/p> <\/div>\n","protected":false},"excerpt":{"rendered":"","protected":false},"author":9,"featured_media":0,"parent":1591,"menu_order":0,"comment_status":"closed","ping_status":"closed","template":"templates\/template-application-platform.php","meta":{"publish_to_discourse":"","publish_post_category":"","wpdc_auto_publish_overridden":"","wpdc_topic_tags":"","wpdc_pin_topic":"","wpdc_pin_until":"","discourse_post_id":"","discourse_permalink":"","wpdc_publishing_response":"","wpdc_publishing_error":"","footnotes":""},"class_list":["post-6538","page","type-page","status-publish","hentry"],"yoast_head":"<!-- This site is optimized with the Yoast SEO plugin v25.3.1 - https:\/\/yoast.com\/wordpress\/plugins\/seo\/ -->\n<title>Aggiungi il widget Galleria video Vimeo al sito web di Blogger (gratuito e veloce)<\/title>\n<meta name=\"description\" content=\"Con Elfsight, progetta la tua Galleria Vimeo e mostrala sul sito Blogger in modo facile e veloce. Abbiamo un servizio clienti gratuito e pi\u00f9 bonus.\" \/>\n<meta name=\"robots\" content=\"index, follow, max-snippet:-1, max-image-preview:large, max-video-preview:-1\" \/>\n<link rel=\"canonical\" href=\"https:\/\/elfsight.com\/it\/vimeo-video-gallery-widget\/blogger\/\" \/>\n<meta property=\"og:locale\" content=\"it_IT\" \/>\n<meta property=\"og:type\" content=\"article\" \/>\n<meta property=\"og:title\" content=\"Aggiungi il widget Galleria video Vimeo al sito web di Blogger (gratuito e veloce)\" \/>\n<meta property=\"og:description\" content=\"Con Elfsight, progetta la tua Galleria Vimeo e mostrala sul sito Blogger in modo facile e veloce. Abbiamo un servizio clienti gratuito e pi\u00f9 bonus.\" \/>\n<meta property=\"og:url\" content=\"https:\/\/elfsight.com\/it\/vimeo-video-gallery-widget\/blogger\/\" \/>\n<meta property=\"og:site_name\" content=\"Elfsight IT\" \/>\n<meta property=\"article:modified_time\" content=\"2025-03-19T04:40:56+00:00\" \/>\n<meta name=\"twitter:card\" content=\"summary_large_image\" \/>\n<meta name=\"twitter:label1\" content=\"Tempo di lettura stimato\" \/>\n\t<meta name=\"twitter:data1\" content=\"3 minuti\" \/>\n<!-- \/ Yoast SEO plugin. -->","yoast_head_json":{"title":"Aggiungi il widget Galleria video Vimeo al sito web di Blogger (gratuito e veloce)","description":"Con Elfsight, progetta la tua Galleria Vimeo e mostrala sul sito Blogger in modo facile e veloce. Abbiamo un servizio clienti gratuito e pi\u00f9 bonus.","robots":{"index":"index","follow":"follow","max-snippet":"max-snippet:-1","max-image-preview":"max-image-preview:large","max-video-preview":"max-video-preview:-1"},"canonical":"https:\/\/elfsight.com\/it\/vimeo-video-gallery-widget\/blogger\/","og_locale":"it_IT","og_type":"article","og_title":"Aggiungi il widget Galleria video Vimeo al sito web di Blogger (gratuito e veloce)","og_description":"Con Elfsight, progetta la tua Galleria Vimeo e mostrala sul sito Blogger in modo facile e veloce. Abbiamo un servizio clienti gratuito e pi\u00f9 bonus.","og_url":"https:\/\/elfsight.com\/it\/vimeo-video-gallery-widget\/blogger\/","og_site_name":"Elfsight IT","article_modified_time":"2025-03-19T04:40:56+00:00","twitter_card":"summary_large_image","twitter_misc":{"Tempo di lettura stimato":"3 minuti"},"schema":{"@context":"https:\/\/schema.org","@graph":[{"@type":"WebPage","@id":"https:\/\/elfsight.com\/it\/vimeo-video-gallery-widget\/blogger\/","url":"https:\/\/elfsight.com\/it\/vimeo-video-gallery-widget\/blogger\/","name":"Aggiungi il widget Galleria video Vimeo al sito web di Blogger (gratuito e veloce)","isPartOf":{"@id":"https:\/\/elfsight.com\/it\/#website"},"datePublished":"1970-01-01T00:00:00+00:00","dateModified":"2025-03-19T04:40:56+00:00","description":"Con Elfsight, progetta la tua Galleria Vimeo e mostrala sul sito Blogger in modo facile e veloce. Abbiamo un servizio clienti gratuito e pi\u00f9 bonus.","breadcrumb":{"@id":"https:\/\/elfsight.com\/it\/vimeo-video-gallery-widget\/blogger\/#breadcrumb"},"inLanguage":"it-IT","potentialAction":[{"@type":"ReadAction","target":["https:\/\/elfsight.com\/it\/vimeo-video-gallery-widget\/blogger\/"]}]},{"@type":"BreadcrumbList","@id":"https:\/\/elfsight.com\/it\/vimeo-video-gallery-widget\/blogger\/#breadcrumb","itemListElement":[{"@type":"ListItem","position":1,"name":"Home","item":"https:\/\/elfsight.com\/it\/"},{"@type":"ListItem","position":2,"name":"Vimeo Gallery","item":"https:\/\/elfsight.com\/it\/vimeo-video-gallery-widget\/"},{"@type":"ListItem","position":3,"name":"Vimeo Gallery &#8211; Blogger"}]},{"@type":"WebSite","@id":"https:\/\/elfsight.com\/it\/#website","url":"https:\/\/elfsight.com\/it\/","name":"Elfsight IT","description":"Just another Elfsight Sites site","potentialAction":[{"@type":"SearchAction","target":{"@type":"EntryPoint","urlTemplate":"https:\/\/elfsight.com\/it\/?s={search_term_string}"},"query-input":{"@type":"PropertyValueSpecification","valueRequired":true,"valueName":"search_term_string"}}],"inLanguage":"it-IT"}]}},"meta_box":{"industry":"","seo_heading":"","heading":"","description":"","cta_heading":"","cta_description":"","application":"1590","h1":"Galleria video Vimeo del blogger","h1_caption":"Incorpora una galleria di video Vimeo, offrendo un modo semplice per presentare i tuoi contenuti video nel tuo sito web Blogger senza sforzo.","application_category":[],"applications_title":"","applications_request_title":"","applications_request_button_text":"","hero_text":"","hero_video":"","hero_video_schema_markup":"","selling_points_title":"","selling_points_caption":"","selling_points":[],"selling_points_cta_text":"","features_title":"","features":"","ed_cta_examples_text":"","ed_cta_examples_hidden":"","ed_cta_demo_text":"","ed_cta_demo_hidden":"","why_caption":"","why_editor_title":"","why_editor_text":"","why_team_title":"","why_team_text":"","why_service_title":"","why_service_text":"","template_catalog_visible":"0","template_catalog_title":"","template_catalog_text":"","template_catalog_categories_visible":"","demo_title":"Crea il tuo widget Galleria Vimeo","demo_caption":"Configura la tua Galleria Vimeo e aggiungila gratuitamente al tuo sito Blogger!","default_faq_hidden":"","app_template_category":[],"platform":"33","template_public_id":"","codecanyon_url":"","codecanyon_item_id":"","codecanyon_price":"","pricing_caption":"","pricing_elfsight_apps_hide_column":"","pricing_elfsight_apps_url":"","pricing_codecanyon_price_caption":"","integration_category":[],"integration_request_title":"","integration_request_cta":"","integration_platform":"","integrations":[],"platform_category":[],"video_schema_markup":"","price":"da $ 0 al mese","trial":"","benefits":[{"text":"Aiuto per l'installazione gratuito"},{"text":"Servizio clienti efficace"},{"text":"Garanzia di rimborso di 14 giorni"},{"text":"Sviluppo continuo"}],"button_url":"#demo","button_target_blank":"0","button_nofollow":"0","attributes":[{"name":"Installazioni"},{"name":"Reattivo"},{"name":"Browser compatibili"}],"tags":[],"tags_disable_links":"0","hide_more_platforms":"0","video_object":"","demo_hide_cta":"0","demo_hide_cloud_options":"0","pricing_title":"","pricing":[{"pricing_icon":"platform","pricing_title":"Elfsight Apps","pricing_title_caption":"Software multipiattaforma adatto a qualsiasi sito","pricing_price":"da $ 0 \/ mese","pricing_price_caption":"inizia con un piano gratuito","pricing_benefits":[{"text":"Siti web illimitati"},{"text":"Supporto professionale e ben documentato"},{"text":"Servizio di installazione gratuito"},{"text":"Progettazione flessibile"}],"pricing_button_text":"Aggiungi al sito web","pricing_button_url":"#demo"}],"related_apps_title":"","related_apps_hidden":"0","author":"","image":[],"title":"","job":"","social_networks":[]},"_links":{"self":[{"href":"https:\/\/elfsight.com\/it\/wp-json\/wp\/v2\/pages\/6538","targetHints":{"allow":["GET"]}}],"collection":[{"href":"https:\/\/elfsight.com\/it\/wp-json\/wp\/v2\/pages"}],"about":[{"href":"https:\/\/elfsight.com\/it\/wp-json\/wp\/v2\/types\/page"}],"author":[{"embeddable":true,"href":"https:\/\/elfsight.com\/it\/wp-json\/wp\/v2\/users\/9"}],"replies":[{"embeddable":true,"href":"https:\/\/elfsight.com\/it\/wp-json\/wp\/v2\/comments?post=6538"}],"version-history":[{"count":3,"href":"https:\/\/elfsight.com\/it\/wp-json\/wp\/v2\/pages\/6538\/revisions"}],"predecessor-version":[{"id":9139,"href":"https:\/\/elfsight.com\/it\/wp-json\/wp\/v2\/pages\/6538\/revisions\/9139"}],"up":[{"embeddable":true,"href":"https:\/\/elfsight.com\/it\/wp-json\/wp\/v2\/pages\/1591"}],"wp:attachment":[{"href":"https:\/\/elfsight.com\/it\/wp-json\/wp\/v2\/media?parent=6538"}],"curies":[{"name":"wp","href":"https:\/\/api.w.org\/{rel}","templated":true}]}}