{"id":6530,"date":"1970-01-01T00:00:00","date_gmt":"1970-01-01T00:00:00","guid":{"rendered":"https:\/\/elfsight.com\/it\/?page_id=6530"},"modified":"2025-03-19T04:47:36","modified_gmt":"2025-03-19T04:47:36","slug":"jquery","status":"publish","type":"page","link":"https:\/\/elfsight.com\/it\/vimeo-video-gallery-widget\/jquery\/","title":{"rendered":"Vimeo Gallery &#8211; jQuery"},"content":{"rendered":"\n<div class=\"application-platform-content-item-description application-platform-content-item\" id=\"description\" data-nav-section=\"description\"> <h2>Descrizione<\/h2> <p>Elfsight Gallery \u00e8 un widget semplice per i proprietari di siti Web che desiderano incorporare video Vimeo nel sito Web. Il widget ti consente di raccogliere playlist di video, integrare un intero canale, selezionare i contenuti tematici pi\u00f9 interessanti per la tua galleria e altro. Il widget Elfsight offre molteplici funzionalit\u00e0 di progettazione che aiutano a organizzare l&#8217;interfaccia adatta a diversi casi d&#8217;uso. I layout video integrati posizioneranno i contenuti nel modo migliore, una scelta di modalit\u00e0 di riproduzione render\u00e0 la visualizzazione dei video confortevole con qualsiasi layout. Con l&#8217;aiuto dell&#8217;intestazione flessibile puoi annunciare il tuo canale e ottenere pi\u00f9 follower. Elfsight Vimeo Gallery \u00e8 un modo efficace non solo per aumentare il coinvolgimento, ma anche per promuovere la tua attivit\u00e0. <\/p> <div class=\"faq\" data-component=\"FAQ\"><div class=\"faq-item\">\r\n\t\t\t\t\t<div class=\"faq-item-question\">\r\n\t\t\t\t\t\t<h3 class=\"faq-item-question-text\">Dove posso pubblicare questo plugin<\/h3>\r\n\r\n\t\t\t\t\t\t<div class=\"faq-item-question-icon\"><\/div>\r\n\t\t\t\t\t<\/div>\r\n\r\n\t\t\t\t\t<div class=\"faq-item-answer\">\r\n\t\t\t\t\t\t<div class=\"faq-item-answer-text\"> <p>Puoi incollarlo su qualsiasi pagina del tuo sito web. Se lo introduci nel modello del sito, i video appariranno su ogni pagina. <\/p> <\/div>\r\n\t\t\t\t\t<\/div>\r\n\t\t\t\t<\/div><div class=\"faq-item\">\r\n\t\t\t\t\t<div class=\"faq-item-question\">\r\n\t\t\t\t\t\t<h3 class=\"faq-item-question-text\">Quali sono i vantaggi di averlo per me?<\/h3>\r\n\r\n\t\t\t\t\t\t<div class=\"faq-item-question-icon\"><\/div>\r\n\t\t\t\t\t<\/div>\r\n\r\n\t\t\t\t\t<div class=\"faq-item-answer\">\r\n\t\t\t\t\t\t<div class=\"faq-item-answer-text\"> <p>Ti consentir\u00e0 di aumentare il coinvolgimento dei visitatori sul tuo sito web con video attraenti. L&#8217;opzione di abbonamento istantaneo ti aiuter\u00e0 ad avere nuovi follower sul tuo canale. <\/p><\/div>\r\n\t\t\t\t\t<\/div>\r\n\t\t\t\t<\/div> <div class=\"faq-item\">\r\n\t\t\t\t\t<div class=\"faq-item-question\">\r\n\t\t\t\t\t\t<h3 class=\"faq-item-question-text\">Di cosa ho bisogno per installare il lettore video Vimeo sul mio sito?<\/h3>\r\n\r\n\t\t\t\t\t\t<div class=\"faq-item-question-icon\"><\/div>\r\n\t\t\t\t\t<\/div>\r\n\r\n\t\t\t\t\t<div class=\"faq-item-answer\">\r\n\t\t\t\t\t\t<div class=\"faq-item-answer-text\"> <p>Ci vorranno solo un paio di minuti per attivare il widget. L&#8217;incorporamento \u00e8 super veloce, gratuito e non include la codifica. <\/p> <p>C&#8217;\u00e8 un&#8217;opzione per inserire la Galleria Vimeo nella pagina web tramite il nostro servizio. Basta seguire i passaggi della guida in questa pagina. <\/p> <\/div>\r\n\t\t\t\t\t<\/div>\r\n\t\t\t\t<\/div> <\/div> <\/div><div class=\"application-platform-content-item-features application-platform-content-item\" id=\"features\" data-nav-section=\"features\"> <h2>Caratteristiche<\/h2> <p>Per avere un&#8217;idea pi\u00f9 chiara del widget, visualizza l&#8217;elenco delle principali tratti. Rendono questo widget estremamente efficiente per la tua attivit\u00e0:<\/p> <ul><li>L&#8217;opzione per aggiungere layout selezionati per diversi modi di ritmo dei video: griglia, playlist, cursore;<\/li><li>sette componenti controllati di l&#8217;intestazione: nome, statistiche, descrizione, pulsante Segui, icona del profilo;<\/li><li>4 modalit\u00e0 di gioco pronte all&#8217;uso: Popup, Player, Inline o su Vimeo;<\/li><li>Tre opzioni al termine del video: riproduci successivo, riproduci nuovamente, nessuno.<\/li><\/ul><p><a href=\"#demo\">La nostra demo ti aprir\u00e0 un elenco completo di funzionalit\u00e0<\/a><\/p> <\/div> <div class=\"application-platform-content-item-installation application-platform-content-item\" id=\"installation\" data-nav-section=\"installation\"> <h2>Controlliamo come aggiungere il video Vimeo al tuo sito web jQuery<\/h2> <p>Queste diverse azioni sono l&#8217;unica cosa di cui hai bisogno per stabilirlo.<\/p> <ol><li><b>Genera il tuo plugin Vimeo personalizzato<\/b><br> Con l&#8217;aiuto della nostra demo gratuita, configura un plugin con una composizione e funzionalit\u00e0 selezionate. <\/li><li><b>Copia il codice individuale per integrare il plugin<\/b><br> Dopo aver personalizzato il tuo widget, otterrai il codice individuale dalla finestra che appare su Elfsight Apps. Copia questo codice. <\/li> <li><b>Integra il plugin sul tuo sito Muse<\/b><br> Scegli l&#8217;area in cui vuoi rivelare il plugin e inserisci l\u00ec il codice copiato. Applicare le modifiche. <\/li> <li><b>Fatto!<\/b><br> Visita il tuo sito per vedere il tuo lavoro. <\/li> <\/ol><p>Dubbi ancora qualcosa? O hai domande? Basta inviare una richiesta al nostro team di supporto per risolvere qualsiasi tipo di problema.<\/p> <\/div>\n","protected":false},"excerpt":{"rendered":"","protected":false},"author":9,"featured_media":0,"parent":1591,"menu_order":0,"comment_status":"closed","ping_status":"closed","template":"templates\/template-application-platform.php","meta":{"publish_to_discourse":"","publish_post_category":"","wpdc_auto_publish_overridden":"","wpdc_topic_tags":"","wpdc_pin_topic":"","wpdc_pin_until":"","discourse_post_id":"","discourse_permalink":"","wpdc_publishing_response":"","wpdc_publishing_error":"","footnotes":""},"class_list":["post-6530","page","type-page","status-publish","hentry"],"yoast_head":"<!-- This site is optimized with the Yoast SEO plugin v25.3.1 - https:\/\/yoast.com\/wordpress\/plugins\/seo\/ -->\n<title>jQuery Vimeo: aggiungi il widget Galleria Vimeo al sito Web jQuery [2026]<\/title>\n<meta name=\"description\" content=\"Con Elfsight, modella la tua Galleria video Vimeo e posizionala rapidamente sul sito jQuery. Abbiamo supporto clienti gratuito e altri bonus.\" \/>\n<meta name=\"robots\" content=\"index, follow, max-snippet:-1, max-image-preview:large, max-video-preview:-1\" \/>\n<link rel=\"canonical\" href=\"https:\/\/elfsight.com\/it\/vimeo-video-gallery-widget\/jquery\/\" \/>\n<meta property=\"og:locale\" content=\"it_IT\" \/>\n<meta property=\"og:type\" content=\"article\" \/>\n<meta property=\"og:title\" content=\"jQuery Vimeo: aggiungi il widget Galleria Vimeo al sito Web jQuery [2026]\" \/>\n<meta property=\"og:description\" content=\"Con Elfsight, modella la tua Galleria video Vimeo e posizionala rapidamente sul sito jQuery. Abbiamo supporto clienti gratuito e altri bonus.\" \/>\n<meta property=\"og:url\" content=\"https:\/\/elfsight.com\/it\/vimeo-video-gallery-widget\/jquery\/\" \/>\n<meta property=\"og:site_name\" content=\"Elfsight IT\" \/>\n<meta property=\"article:modified_time\" content=\"2025-03-19T04:47:36+00:00\" \/>\n<meta name=\"twitter:card\" content=\"summary_large_image\" \/>\n<meta name=\"twitter:label1\" content=\"Tempo di lettura stimato\" \/>\n\t<meta name=\"twitter:data1\" content=\"3 minuti\" \/>\n<!-- \/ Yoast SEO plugin. -->","yoast_head_json":{"title":"jQuery Vimeo: aggiungi il widget Galleria Vimeo al sito Web jQuery [2026]","description":"Con Elfsight, modella la tua Galleria video Vimeo e posizionala rapidamente sul sito jQuery. Abbiamo supporto clienti gratuito e altri bonus.","robots":{"index":"index","follow":"follow","max-snippet":"max-snippet:-1","max-image-preview":"max-image-preview:large","max-video-preview":"max-video-preview:-1"},"canonical":"https:\/\/elfsight.com\/it\/vimeo-video-gallery-widget\/jquery\/","og_locale":"it_IT","og_type":"article","og_title":"jQuery Vimeo: aggiungi il widget Galleria Vimeo al sito Web jQuery [2026]","og_description":"Con Elfsight, modella la tua Galleria video Vimeo e posizionala rapidamente sul sito jQuery. Abbiamo supporto clienti gratuito e altri bonus.","og_url":"https:\/\/elfsight.com\/it\/vimeo-video-gallery-widget\/jquery\/","og_site_name":"Elfsight IT","article_modified_time":"2025-03-19T04:47:36+00:00","twitter_card":"summary_large_image","twitter_misc":{"Tempo di lettura stimato":"3 minuti"},"schema":{"@context":"https:\/\/schema.org","@graph":[{"@type":"WebPage","@id":"https:\/\/elfsight.com\/it\/vimeo-video-gallery-widget\/jquery\/","url":"https:\/\/elfsight.com\/it\/vimeo-video-gallery-widget\/jquery\/","name":"jQuery Vimeo: aggiungi il widget Galleria Vimeo al sito Web jQuery [2026]","isPartOf":{"@id":"https:\/\/elfsight.com\/it\/#website"},"datePublished":"1970-01-01T00:00:00+00:00","dateModified":"2025-03-19T04:47:36+00:00","description":"Con Elfsight, modella la tua Galleria video Vimeo e posizionala rapidamente sul sito jQuery. Abbiamo supporto clienti gratuito e altri bonus.","breadcrumb":{"@id":"https:\/\/elfsight.com\/it\/vimeo-video-gallery-widget\/jquery\/#breadcrumb"},"inLanguage":"it-IT","potentialAction":[{"@type":"ReadAction","target":["https:\/\/elfsight.com\/it\/vimeo-video-gallery-widget\/jquery\/"]}]},{"@type":"BreadcrumbList","@id":"https:\/\/elfsight.com\/it\/vimeo-video-gallery-widget\/jquery\/#breadcrumb","itemListElement":[{"@type":"ListItem","position":1,"name":"Home","item":"https:\/\/elfsight.com\/it\/"},{"@type":"ListItem","position":2,"name":"Vimeo Gallery","item":"https:\/\/elfsight.com\/it\/vimeo-video-gallery-widget\/"},{"@type":"ListItem","position":3,"name":"Vimeo Gallery &#8211; jQuery"}]},{"@type":"WebSite","@id":"https:\/\/elfsight.com\/it\/#website","url":"https:\/\/elfsight.com\/it\/","name":"Elfsight IT","description":"Just another Elfsight Sites site","potentialAction":[{"@type":"SearchAction","target":{"@type":"EntryPoint","urlTemplate":"https:\/\/elfsight.com\/it\/?s={search_term_string}"},"query-input":{"@type":"PropertyValueSpecification","valueRequired":true,"valueName":"search_term_string"}}],"inLanguage":"it-IT"}]}},"meta_box":{"industry":"","seo_heading":"","heading":"","description":"","cta_heading":"","cta_description":"","application":"1590","h1":"jQuery Galleria video Vimeo","h1_caption":"Incorpora una galleria di video Vimeo, offrendo un modo semplice per presentare i tuoi contenuti video nel tuo sito Web jQuery senza sforzo.","application_category":[],"applications_title":"","applications_request_title":"","applications_request_button_text":"","hero_text":"","hero_video":"","hero_video_schema_markup":"","selling_points_title":"","selling_points_caption":"","selling_points":[],"selling_points_cta_text":"","features_title":"","features":"","ed_cta_examples_text":"","ed_cta_examples_hidden":"","ed_cta_demo_text":"","ed_cta_demo_hidden":"","why_caption":"","why_editor_title":"","why_editor_text":"","why_team_title":"","why_team_text":"","why_service_title":"","why_service_text":"","template_catalog_visible":"0","template_catalog_title":"","template_catalog_text":"","template_catalog_categories_visible":"","demo_title":"Crea il tuo plugin per la Galleria Vimeo","demo_caption":"Configura la tua Galleria Vimeo e aggiungila gratuitamente al tuo sito jQuery!","default_faq_hidden":"","app_template_category":[],"platform":"37","template_public_id":"","codecanyon_url":"","codecanyon_item_id":"","codecanyon_price":"","pricing_caption":"","pricing_elfsight_apps_hide_column":"","pricing_elfsight_apps_url":"","pricing_codecanyon_price_caption":"","integration_category":[],"integration_request_title":"","integration_request_cta":"","integration_platform":"","integrations":[],"platform_category":[],"video_schema_markup":"","price":"da $ 0 al mese","trial":"","benefits":[{"text":"Servizio di installazione gratuito"},{"text":"Servizio clienti professionale"},{"text":"Garanzia di rimborso di 14 giorni"},{"text":"Miglioramenti gratuiti a vita"}],"button_url":"#demo","button_target_blank":"0","button_nofollow":"0","attributes":[{"name":"Installazioni"},{"name":"Reattivo"},{"name":"Browser compatibili"}],"tags":[],"tags_disable_links":"0","hide_more_platforms":"0","video_object":"","demo_hide_cta":"0","demo_hide_cloud_options":"0","pricing_title":"","pricing":[{"pricing_icon":"platform","pricing_title":"Elfsight Apps","pricing_title_caption":"Soluzione digitale multipiattaforma adatta a qualsiasi sito","pricing_price":"da $ 0 \/ mese","pricing_price_caption":"inizia con un piano gratuito","pricing_benefits":[{"text":"Domini illimitati"},{"text":"Assistenza clienti premium e ben documentata"},{"text":"Supporto gratuito per l'installazione"},{"text":"Progettazione flessibile"}],"pricing_button_text":"Aggiungi al sito web","pricing_button_url":"#demo"}],"related_apps_title":"","related_apps_hidden":"0","author":"","image":[],"title":"","job":"","social_networks":[]},"_links":{"self":[{"href":"https:\/\/elfsight.com\/it\/wp-json\/wp\/v2\/pages\/6530","targetHints":{"allow":["GET"]}}],"collection":[{"href":"https:\/\/elfsight.com\/it\/wp-json\/wp\/v2\/pages"}],"about":[{"href":"https:\/\/elfsight.com\/it\/wp-json\/wp\/v2\/types\/page"}],"author":[{"embeddable":true,"href":"https:\/\/elfsight.com\/it\/wp-json\/wp\/v2\/users\/9"}],"replies":[{"embeddable":true,"href":"https:\/\/elfsight.com\/it\/wp-json\/wp\/v2\/comments?post=6530"}],"version-history":[{"count":2,"href":"https:\/\/elfsight.com\/it\/wp-json\/wp\/v2\/pages\/6530\/revisions"}],"predecessor-version":[{"id":9144,"href":"https:\/\/elfsight.com\/it\/wp-json\/wp\/v2\/pages\/6530\/revisions\/9144"}],"up":[{"embeddable":true,"href":"https:\/\/elfsight.com\/it\/wp-json\/wp\/v2\/pages\/1591"}],"wp:attachment":[{"href":"https:\/\/elfsight.com\/it\/wp-json\/wp\/v2\/media?parent=6530"}],"curies":[{"name":"wp","href":"https:\/\/api.w.org\/{rel}","templated":true}]}}