{"id":6525,"date":"1970-01-01T00:00:00","date_gmt":"1970-01-01T00:00:00","guid":{"rendered":"https:\/\/elfsight.com\/it\/?page_id=6525"},"modified":"2024-11-12T08:38:09","modified_gmt":"2024-11-12T08:38:09","slug":"magento","status":"publish","type":"page","link":"https:\/\/elfsight.com\/it\/vimeo-video-gallery-widget\/magento\/","title":{"rendered":"Vimeo Gallery &#8211; Magento"},"content":{"rendered":"<div class=\"application-platform-content-item-description application-platform-content-item\" id=\"description\" data-nav-section=\"description\"> <h2>Descrizione<\/h2> <p>Elfsight Vimeo Gallery \u00e8 uno strumento semplice per i proprietari di siti Web che desiderano visualizzare contenuti video sul sito Web. Il widget ti consente di creare playlist di video, mostrare canali, trovare i contenuti video pi\u00f9 coinvolgenti per la tua galleria e altro ancora. Il widget Elfsight ha opzioni di interfaccia ben pensate, che aiutano a rendere l&#8217;interfaccia adatta a diversi casi d&#8217;uso. Tre layout di widget aiutano a organizzare i video nel modo migliore, una variet\u00e0 di modalit\u00e0 di riproduzione render\u00e0 la visione dei tuoi video confortevole in ogni caso d&#8217;uso. Grazie all&#8217;intestazione, pubblicizza il tuo canale e ottieni pi\u00f9 iscritti. L&#8217;estensione Elfsight Vimeo sar\u00e0 un modo semplice non solo per aumentare il coinvolgimento, ma anche per far crescere la tua attivit\u00e0.<\/p> <div class=\"faq\" data-component=\"FAQ\"><div class=\"faq-item\">\r\n\t\t\t\t\t<div class=\"faq-item-question\">\r\n\t\t\t\t\t\t<h3 class=\"faq-item-question-text\">Dove posso visualizzare questo plugin<\/h3>\r\n\r\n\t\t\t\t\t\t<div class=\"faq-item-question-icon\"><\/div>\r\n\t\t\t\t\t<\/div>\r\n\r\n\t\t\t\t\t<div class=\"faq-item-answer\">\r\n\t\t\t\t\t\t<div class=\"faq-item-answer-text\"> <p>Il widget pu\u00f2 apparire su la pagina selezionata. Se incolli il widget nel modello del sito web, la galleria apparir\u00e0 su tutte le pagine. <\/p> <\/div>\r\n\t\t\t\t\t<\/div>\r\n\t\t\t\t<\/div><div class=\"faq-item\">\r\n\t\t\t\t\t<div class=\"faq-item-question\">\r\n\t\t\t\t\t\t<h3 class=\"faq-item-question-text\">Come trarr\u00f2 vantaggio da questo plugin?<\/h3>\r\n\r\n\t\t\t\t\t\t<div class=\"faq-item-question-icon\"><\/div>\r\n\t\t\t\t\t<\/div>\r\n\r\n\t\t\t\t\t<div class=\"faq-item-answer\">\r\n\t\t\t\t\t\t<div class=\"faq-item-answer-text\"> <p>Ti consentir\u00e0 di aumentare il coinvolgimento degli utenti sul sito web con video attraenti. La funzionalit\u00e0 di seguito con un clic ti aiuter\u00e0 a ottenere nuovi abbonati al tuo canale. <\/p><\/div>\r\n\t\t\t\t\t<\/div>\r\n\t\t\t\t<\/div> <div class=\"faq-item\">\r\n\t\t\t\t\t<div class=\"faq-item-question\">\r\n\t\t\t\t\t\t<h3 class=\"faq-item-question-text\">Come posso avere il lettore Vimeo sul mio sito?<\/h3>\r\n\r\n\t\t\t\t\t\t<div class=\"faq-item-question-icon\"><\/div>\r\n\t\t\t\t\t<\/div>\r\n\r\n\t\t\t\t\t<div class=\"faq-item-answer\">\r\n\t\t\t\t\t\t<div class=\"faq-item-answer-text\"> <p>Ci vogliono tre minuti del tuo tempo per impostare il widget. \u00c8 super veloce, gratuito e senza codifica. <\/p> <p>Il lettore video Elfsight Vimeo pu\u00f2 essere incorporato nel nostro servizio o tramite il marketplace. Puoi confrontare di pi\u00f9 entrambe le varianti e scegliere la tua.<\/p> <\/div>\r\n\t\t\t\t\t<\/div>\r\n\t\t\t\t<\/div> <\/div> <\/div> <div class=\"application-platform-content-item-features application-platform-content-item\" id=\"features\" data-nav-section=\"features\"> <h2>Caratteristiche<\/h2> <p>Per avere un&#8217;idea chiara percezione della Galleria Vimeo, visualizza l&#8217;elenco delle funzioni essenziali. Rendono il widget estremamente vantaggioso per il tuo sito web: <\/p> <ul><li>Incorporando layout selezionati per vari modi di ritmo dei video: griglia, playlist, cursore; <\/li><li>Sette dettagli commutabili dell&#8217;intestazione: nome, statistiche, descrizione, pulsante Segui, immagine del profilo; <\/li><li>Quattro modalit\u00e0 di gioco pronte all&#8217;uso: Popup, Player, Inline o su Vimeo. <\/li><\/ul><p><a href=\"#demo\">Esplora tutte le funzionalit\u00e0 nella nostra demo<\/a><\/p> <\/div> <div class=\"application-platform-content-item-installation application-platform-content-item\" id=\"installation\" data-nav-section=\"installation\"> <h2>Vedi come aggiungere il video Vimeo al tuo sito Magento<\/h2> <p>Applica semplicemente le istruzioni seguenti per integrare il widget su Magento.<\/p> <ol><li><b>Utilizza il nostro editor gratuito e inizia dando forma al tuo widget unico. <\/b><br> Scegli l&#8217;interfaccia e le specifiche preferite dell&#8217;estensione Vimeo e applica le correzioni. <\/li> <li><b>Copia il tuo codice individuale che appare nell&#8217;apposito modulo su Elfsight Apps. <\/b><br> Al termine della generazione della tua estensione, copia il codice individuale nella casella emersa e salvalo per un utilizzo successivo. <\/li> <li><b>Avvia l&#8217;utilizzo dello strumento sulla tua pagina web Magento. <\/b><br> Aggiungi il codice copiato di recente nella tua pagina web e salva le modifiche. <\/li> <li><b>L&#8217;installazione \u00e8 completamente completata. <\/b><br> Visita la tua pagina per verificare le prestazioni dell&#8217;estensione. <\/li><\/ol><p>Ancora indeciso? O ti sei imbattuto in qualcosa? Invia semplicemente la tua richiesta al nostro supporto clienti. Risolveremo qualsiasi problema.<\/p> <\/div>","protected":false},"excerpt":{"rendered":"","protected":false},"author":9,"featured_media":0,"parent":1591,"menu_order":0,"comment_status":"closed","ping_status":"closed","template":"templates\/template-application-platform.php","meta":{"publish_to_discourse":"","publish_post_category":"","wpdc_auto_publish_overridden":"","wpdc_topic_tags":"","wpdc_pin_topic":"","wpdc_pin_until":"","discourse_post_id":"","discourse_permalink":"","wpdc_publishing_response":"","wpdc_publishing_error":"","footnotes":""},"class_list":["post-6525","page","type-page","status-publish","hentry"],"yoast_head":"<!-- This site is optimized with the Yoast SEO plugin v25.3.1 - https:\/\/yoast.com\/wordpress\/plugins\/seo\/ -->\n<title>Aggiungi l&#039;estensione Vimeo Video Gallery al sito web Magento (gratuito e veloce)<\/title>\n<meta name=\"description\" content=\"Dai forma al widget Vimeo Gallery e integralo nel tuo sito Magento in modo facile e veloce. Ottieni il servizio clienti gratuito e altri bonus da Elfsight.\" \/>\n<meta name=\"robots\" content=\"index, follow, max-snippet:-1, max-image-preview:large, max-video-preview:-1\" \/>\n<link rel=\"canonical\" href=\"https:\/\/elfsight.com\/it\/vimeo-video-gallery-widget\/magento\/\" \/>\n<meta property=\"og:locale\" content=\"it_IT\" \/>\n<meta property=\"og:type\" content=\"article\" \/>\n<meta property=\"og:title\" content=\"Aggiungi l&#039;estensione Vimeo Video Gallery al sito web Magento (gratuito e veloce)\" \/>\n<meta property=\"og:description\" content=\"Dai forma al widget Vimeo Gallery e integralo nel tuo sito Magento in modo facile e veloce. Ottieni il servizio clienti gratuito e altri bonus da Elfsight.\" \/>\n<meta property=\"og:url\" content=\"https:\/\/elfsight.com\/it\/vimeo-video-gallery-widget\/magento\/\" \/>\n<meta property=\"og:site_name\" content=\"Elfsight IT\" \/>\n<meta property=\"article:modified_time\" content=\"2024-11-12T08:38:09+00:00\" \/>\n<meta name=\"twitter:card\" content=\"summary_large_image\" \/>\n<meta name=\"twitter:label1\" content=\"Tempo di lettura stimato\" \/>\n\t<meta name=\"twitter:data1\" content=\"2 minuti\" \/>\n<!-- \/ Yoast SEO plugin. -->","yoast_head_json":{"title":"Aggiungi l'estensione Vimeo Video Gallery al sito web Magento (gratuito e veloce)","description":"Dai forma al widget Vimeo Gallery e integralo nel tuo sito Magento in modo facile e veloce. Ottieni il servizio clienti gratuito e altri bonus da Elfsight.","robots":{"index":"index","follow":"follow","max-snippet":"max-snippet:-1","max-image-preview":"max-image-preview:large","max-video-preview":"max-video-preview:-1"},"canonical":"https:\/\/elfsight.com\/it\/vimeo-video-gallery-widget\/magento\/","og_locale":"it_IT","og_type":"article","og_title":"Aggiungi l'estensione Vimeo Video Gallery al sito web Magento (gratuito e veloce)","og_description":"Dai forma al widget Vimeo Gallery e integralo nel tuo sito Magento in modo facile e veloce. Ottieni il servizio clienti gratuito e altri bonus da Elfsight.","og_url":"https:\/\/elfsight.com\/it\/vimeo-video-gallery-widget\/magento\/","og_site_name":"Elfsight IT","article_modified_time":"2024-11-12T08:38:09+00:00","twitter_card":"summary_large_image","twitter_misc":{"Tempo di lettura stimato":"2 minuti"},"schema":{"@context":"https:\/\/schema.org","@graph":[{"@type":"WebPage","@id":"https:\/\/elfsight.com\/it\/vimeo-video-gallery-widget\/magento\/","url":"https:\/\/elfsight.com\/it\/vimeo-video-gallery-widget\/magento\/","name":"Aggiungi l'estensione Vimeo Video Gallery al sito web Magento (gratuito e veloce)","isPartOf":{"@id":"https:\/\/elfsight.com\/it\/#website"},"datePublished":"1970-01-01T00:00:00+00:00","dateModified":"2024-11-12T08:38:09+00:00","description":"Dai forma al widget Vimeo Gallery e integralo nel tuo sito Magento in modo facile e veloce. Ottieni il servizio clienti gratuito e altri bonus da Elfsight.","breadcrumb":{"@id":"https:\/\/elfsight.com\/it\/vimeo-video-gallery-widget\/magento\/#breadcrumb"},"inLanguage":"it-IT","potentialAction":[{"@type":"ReadAction","target":["https:\/\/elfsight.com\/it\/vimeo-video-gallery-widget\/magento\/"]}]},{"@type":"BreadcrumbList","@id":"https:\/\/elfsight.com\/it\/vimeo-video-gallery-widget\/magento\/#breadcrumb","itemListElement":[{"@type":"ListItem","position":1,"name":"Home","item":"https:\/\/elfsight.com\/it\/"},{"@type":"ListItem","position":2,"name":"Vimeo Gallery","item":"https:\/\/elfsight.com\/it\/vimeo-video-gallery-widget\/"},{"@type":"ListItem","position":3,"name":"Vimeo Gallery &#8211; Magento"}]},{"@type":"WebSite","@id":"https:\/\/elfsight.com\/it\/#website","url":"https:\/\/elfsight.com\/it\/","name":"Elfsight IT","description":"Just another Elfsight Sites site","potentialAction":[{"@type":"SearchAction","target":{"@type":"EntryPoint","urlTemplate":"https:\/\/elfsight.com\/it\/?s={search_term_string}"},"query-input":{"@type":"PropertyValueSpecification","valueRequired":true,"valueName":"search_term_string"}}],"inLanguage":"it-IT"}]}},"meta_box":{"industry":"","seo_heading":"","heading":"","description":"","cta_heading":"","cta_description":"","application":"1590","h1":"Galleria video Magento Vimeo","h1_caption":"Incorpora una galleria di video Vimeo, offrendo un modo semplice per presentare i tuoi contenuti video nel tuo sito web Magento senza sforzo.","application_category":[],"applications_title":"","applications_request_title":"","applications_request_button_text":"","hero_text":"","hero_video":"","hero_video_schema_markup":"","selling_points_title":"","selling_points_caption":"","selling_points":[],"selling_points_cta_text":"","features_title":"","features":"","ed_cta_examples_text":"","ed_cta_examples_hidden":"","ed_cta_demo_text":"","ed_cta_demo_hidden":"","why_caption":"","why_editor_title":"","why_editor_text":"","why_team_title":"","why_team_text":"","why_service_title":"","why_service_text":"","template_catalog_visible":"","template_catalog_title":"","template_catalog_text":"","template_catalog_categories_visible":"","demo_title":"Crea la tua estensione della Galleria Vimeo","demo_caption":"Configura la tua Galleria Vimeo e aggiungila gratuitamente al tuo sito Magento!","default_faq_hidden":"","app_template_category":[],"platform":"39","template_public_id":"","codecanyon_url":"","codecanyon_item_id":"","codecanyon_price":"","pricing_caption":"","pricing_elfsight_apps_hide_column":"","pricing_elfsight_apps_url":"","pricing_codecanyon_price_caption":"","integration_category":[],"integration_request_title":"","integration_request_cta":"","integration_platform":"","integrations":[],"platform_category":[],"video_schema_markup":"","price":"da $ 0 al mese","trial":"","benefits":[{"text":"Servizio di installazione gratuito"},{"text":"Servizio clienti professionale"},{"text":"Garanzia di rimborso di 14 giorni"},{"text":"Aggiornamenti gratuiti regolari"}],"button_url":"#demo","button_target_blank":"","button_nofollow":"","attributes":[{"name":"Installazioni"},{"name":"Reattivo"},{"name":"Browser compatibili"}],"tags":[],"tags_disable_links":"","hide_more_platforms":"","video_object":"","demo_hide_cta":"","demo_hide_cloud_options":"","pricing_title":"","pricing":[{"pricing_icon":"platform","pricing_title":"Elfsight Apps","pricing_title_caption":"Software multipiattaforma adatto a qualsiasi sito","pricing_price":"da $ 0 \/ mese","pricing_price_caption":"inizia con un piano gratuito","pricing_benefits":[{"text":"Siti web illimitati"},{"text":"Supporto dedicato e ben documentato"},{"text":"Aiuto gratuito per l'installazione"},{"text":"Progettazione flessibile"}],"pricing_button_text":"Aggiungi al sito web","pricing_button_url":"#demo"}],"related_apps_title":"","related_apps_hidden":"","author":"","image":[],"title":"","job":"","social_networks":[]},"_links":{"self":[{"href":"https:\/\/elfsight.com\/it\/wp-json\/wp\/v2\/pages\/6525","targetHints":{"allow":["GET"]}}],"collection":[{"href":"https:\/\/elfsight.com\/it\/wp-json\/wp\/v2\/pages"}],"about":[{"href":"https:\/\/elfsight.com\/it\/wp-json\/wp\/v2\/types\/page"}],"author":[{"embeddable":true,"href":"https:\/\/elfsight.com\/it\/wp-json\/wp\/v2\/users\/9"}],"replies":[{"embeddable":true,"href":"https:\/\/elfsight.com\/it\/wp-json\/wp\/v2\/comments?post=6525"}],"version-history":[{"count":1,"href":"https:\/\/elfsight.com\/it\/wp-json\/wp\/v2\/pages\/6525\/revisions"}],"predecessor-version":[{"id":6529,"href":"https:\/\/elfsight.com\/it\/wp-json\/wp\/v2\/pages\/6525\/revisions\/6529"}],"up":[{"embeddable":true,"href":"https:\/\/elfsight.com\/it\/wp-json\/wp\/v2\/pages\/1591"}],"wp:attachment":[{"href":"https:\/\/elfsight.com\/it\/wp-json\/wp\/v2\/media?parent=6525"}],"curies":[{"name":"wp","href":"https:\/\/api.w.org\/{rel}","templated":true}]}}