{"id":6522,"date":"1970-01-01T00:00:00","date_gmt":"1970-01-01T00:00:00","guid":{"rendered":"https:\/\/elfsight.com\/it\/?page_id=6522"},"modified":"2024-11-12T08:38:09","modified_gmt":"2024-11-12T08:38:09","slug":"opencart","status":"publish","type":"page","link":"https:\/\/elfsight.com\/it\/vimeo-video-gallery-widget\/opencart\/","title":{"rendered":"Vimeo Gallery &#8211; OpenCart"},"content":{"rendered":"<div class=\"application-platform-content-item-description application-platform-content-item\" id=\"description\" data-nav-section=\"description\"> <h2>Descrizione<\/h2> <p>Elfsight Vimeo Gallery \u00e8 uno strumento semplice per chiunque abbia bisogno di incorporare contenuti video nel sito web. Hai l&#8217;opportunit\u00e0 di creare playlist, mostrare un intero canale, scegliere i contenuti tematici pi\u00f9 coinvolgenti per la tua galleria e altro ancora. Il widget include molte funzionalit\u00e0 di progettazione, che aiutano a impostare l&#8217;interfaccia per diversi casi d&#8217;uso. I layout dei widget integrati aiutano a organizzare i video nel modo migliore, pi\u00f9 modalit\u00e0 di riproduzione renderanno la visualizzazione dei video comoda con qualsiasi layout. Utilizzando l&#8217;intestazione, pubblicizza il tuo account Vimeo e ottieni pi\u00f9 follower. L&#8217;estensione Elfsight Vimeo sar\u00e0 un modo efficace non solo per aumentare il coinvolgimento, ma anche per sviluppare la tua attivit\u00e0. <\/p> <div class=\"faq\" data-component=\"FAQ\"><div class=\"faq-item\">\r\n\t\t\t\t\t<div class=\"faq-item-question\">\r\n\t\t\t\t\t\t<h3 class=\"faq-item-question-text\">Dove posso integrare questo plugin<\/h3>\r\n\r\n\t\t\t\t\t\t<div class=\"faq-item-question-icon\"><\/div>\r\n\t\t\t\t\t<\/div>\r\n\r\n\t\t\t\t\t<div class=\"faq-item-answer\">\r\n\t\t\t\t\t\t<div class=\"faq-item-answer-text\"> <p>Puoi posizionarlo esattamente nella pagina, dove vuoi. Nel caso in cui inserisci il lettore Vimeo nel modello del sito, apparir\u00e0 su tutte le pagine. <\/p> <\/div>\r\n\t\t\t\t\t<\/div>\r\n\t\t\t\t<\/div><div class=\"faq-item\">\r\n\t\t\t\t\t<div class=\"faq-item-question\">\r\n\t\t\t\t\t\t<h3 class=\"faq-item-question-text\">Come trarr\u00f2 vantaggio dal widget?<\/h3>\r\n\r\n\t\t\t\t\t\t<div class=\"faq-item-question-icon\"><\/div>\r\n\t\t\t\t\t<\/div>\r\n\r\n\t\t\t\t\t<div class=\"faq-item-answer\">\r\n\t\t\t\t\t\t<div class=\"faq-item-answer-text\"> <p>Il widget contribuir\u00e0 ad aumentare il coinvolgimento sul tuo sito con l&#8217;aiuto di video accuratamente selezionati. La funzionalit\u00e0 di seguito immediato ti aiuter\u00e0 ad attirare nuovi abbonati al tuo canale Vimeo. <\/p><\/div>\r\n\t\t\t\t\t<\/div>\r\n\t\t\t\t<\/div> <div class=\"faq-item\">\r\n\t\t\t\t\t<div class=\"faq-item-question\">\r\n\t\t\t\t\t\t<h3 class=\"faq-item-question-text\">Come incorporo il lettore video Vimeo?<\/h3>\r\n\r\n\t\t\t\t\t\t<div class=\"faq-item-question-icon\"><\/div>\r\n\t\t\t\t\t<\/div>\r\n\r\n\t\t\t\t\t<div class=\"faq-item-answer\">\r\n\t\t\t\t\t\t<div class=\"faq-item-answer-text\"> <p>Hai bisogno solo di un minuto di tempo per attivare il widget. \u00c8 molto veloce, gratuito e senza codifica. <\/p> <p>L&#8217;estensione Elfsight Vimeo pu\u00f2 essere introdotta tramite il nostro servizio o tramite il marketplace. Puoi confrontare entrambe le varianti e selezionare quella pi\u00f9 adatta.<\/p> <\/div>\r\n\t\t\t\t\t<\/div>\r\n\t\t\t\t<\/div> <\/div> <\/div> <div class=\"application-platform-content-item-features application-platform-content-item\" id=\"features\" data-nav-section=\"features\"> <h2>Caratteristiche<\/h2> <p>Per modellare un migliore percezione del widget, esamina l&#8217;elenco delle funzioni primarie. Rendono questo widget estremamente efficiente per il tuo business: <\/p> <ul><li>Sette dettagli commutabili dell&#8217;intestazione: nome, statistiche, descrizione, pulsante Segui, immagine del profilo; <\/li><li>Tre opzioni al termine del video: riproduci successivo, ripeti, nessuna; <\/li><\/ul><li>Quattro modalit\u00e0 di gioco pronte all&#8217;uso: Popup, Player, Inline o su Vimeo; <\/li><li>Incorporamento di layout selezionati per vari modi di ritmo dei video: griglia, playlist, dispositivo di scorrimento.<\/li><p><a href=\"#demo\">La demo ti mostrer\u00e0 un elenco completo di funzionalit\u00e0<\/a><\/p> <\/div> <div class=\"application-platform-content-item-installation application-platform-content-item\" id=\"installation\" data-nav-section=\"installation\"> <h2>Controlla come aggiungere il video Vimeo al tuo sito web OpenCart<\/h2> <p>I seguenti passaggi sono l&#8217;unica cosa di cui hai bisogno fare per attivare l&#8217;estensione. <\/p> <ol><li><b>Utilizza il nostro editor gratuito e inizia a creare la tua estensione Vimeo unica. <\/b><br> Trova la disposizione personalizzata e le caratteristiche funzionali dell&#8217;estensione e salva tutte le modifiche. <\/li> <li><b>Ricevi il codice individuale che viene mostrato nella finestra sulle App Elfsight. <\/b><br> Non appena la personalizzazione della tua estensione sar\u00e0 completata, copia il codice nella finestra visualizzata e conservalo per un utilizzo successivo. <\/li> <li><b>Avvia l&#8217;applicazione dell&#8217;estensione sul sito OpenCart. <\/b><br> Incorpora il codice copiato di recente nella tua pagina e applica le modifiche. <\/li> <li><b>L&#8217;installazione \u00e8 stata eseguita con successo. <\/b><br> Apri la tua pagina web per vedere il funzionamento dell&#8217;estensione. <\/li><\/ol><p>Ancora indeciso? O ti sei imbattuto in qualcosa? Basta una singola richiesta al nostro servizio clienti per risolvere ogni problema. <\/p> <\/div>","protected":false},"excerpt":{"rendered":"","protected":false},"author":9,"featured_media":0,"parent":1591,"menu_order":0,"comment_status":"closed","ping_status":"closed","template":"templates\/template-application-platform.php","meta":{"publish_to_discourse":"","publish_post_category":"","wpdc_auto_publish_overridden":"","wpdc_topic_tags":"","wpdc_pin_topic":"","wpdc_pin_until":"","discourse_post_id":"","discourse_permalink":"","wpdc_publishing_response":"","wpdc_publishing_error":"","footnotes":""},"class_list":["post-6522","page","type-page","status-publish","hentry"],"yoast_head":"<!-- This site is optimized with the Yoast SEO plugin v25.3.1 - https:\/\/yoast.com\/wordpress\/plugins\/seo\/ -->\n<title>Aggiungi l&#039;estensione Galleria video Vimeo al sito Web OpenCart (gratuito e veloce)<\/title>\n<meta name=\"description\" content=\"\u00c8 semplicissimo creare l&#039;estensione della tua Galleria video Vimeo e aggiungerla sul sito Web OpenCart. Il servizio clienti Elfsight \u00e8 gratuito e veloce.\" \/>\n<meta name=\"robots\" content=\"index, follow, max-snippet:-1, max-image-preview:large, max-video-preview:-1\" \/>\n<link rel=\"canonical\" href=\"https:\/\/elfsight.com\/it\/vimeo-video-gallery-widget\/opencart\/\" \/>\n<meta property=\"og:locale\" content=\"it_IT\" \/>\n<meta property=\"og:type\" content=\"article\" \/>\n<meta property=\"og:title\" content=\"Aggiungi l&#039;estensione Galleria video Vimeo al sito Web OpenCart (gratuito e veloce)\" \/>\n<meta property=\"og:description\" content=\"\u00c8 semplicissimo creare l&#039;estensione della tua Galleria video Vimeo e aggiungerla sul sito Web OpenCart. Il servizio clienti Elfsight \u00e8 gratuito e veloce.\" \/>\n<meta property=\"og:url\" content=\"https:\/\/elfsight.com\/it\/vimeo-video-gallery-widget\/opencart\/\" \/>\n<meta property=\"og:site_name\" content=\"Elfsight IT\" \/>\n<meta property=\"article:modified_time\" content=\"2024-11-12T08:38:09+00:00\" \/>\n<meta name=\"twitter:card\" content=\"summary_large_image\" \/>\n<meta name=\"twitter:label1\" content=\"Tempo di lettura stimato\" \/>\n\t<meta name=\"twitter:data1\" content=\"2 minuti\" \/>\n<!-- \/ Yoast SEO plugin. -->","yoast_head_json":{"title":"Aggiungi l'estensione Galleria video Vimeo al sito Web OpenCart (gratuito e veloce)","description":"\u00c8 semplicissimo creare l'estensione della tua Galleria video Vimeo e aggiungerla sul sito Web OpenCart. Il servizio clienti Elfsight \u00e8 gratuito e veloce.","robots":{"index":"index","follow":"follow","max-snippet":"max-snippet:-1","max-image-preview":"max-image-preview:large","max-video-preview":"max-video-preview:-1"},"canonical":"https:\/\/elfsight.com\/it\/vimeo-video-gallery-widget\/opencart\/","og_locale":"it_IT","og_type":"article","og_title":"Aggiungi l'estensione Galleria video Vimeo al sito Web OpenCart (gratuito e veloce)","og_description":"\u00c8 semplicissimo creare l'estensione della tua Galleria video Vimeo e aggiungerla sul sito Web OpenCart. Il servizio clienti Elfsight \u00e8 gratuito e veloce.","og_url":"https:\/\/elfsight.com\/it\/vimeo-video-gallery-widget\/opencart\/","og_site_name":"Elfsight IT","article_modified_time":"2024-11-12T08:38:09+00:00","twitter_card":"summary_large_image","twitter_misc":{"Tempo di lettura stimato":"2 minuti"},"schema":{"@context":"https:\/\/schema.org","@graph":[{"@type":"WebPage","@id":"https:\/\/elfsight.com\/it\/vimeo-video-gallery-widget\/opencart\/","url":"https:\/\/elfsight.com\/it\/vimeo-video-gallery-widget\/opencart\/","name":"Aggiungi l'estensione Galleria video Vimeo al sito Web OpenCart (gratuito e veloce)","isPartOf":{"@id":"https:\/\/elfsight.com\/it\/#website"},"datePublished":"1970-01-01T00:00:00+00:00","dateModified":"2024-11-12T08:38:09+00:00","description":"\u00c8 semplicissimo creare l'estensione della tua Galleria video Vimeo e aggiungerla sul sito Web OpenCart. Il servizio clienti Elfsight \u00e8 gratuito e veloce.","breadcrumb":{"@id":"https:\/\/elfsight.com\/it\/vimeo-video-gallery-widget\/opencart\/#breadcrumb"},"inLanguage":"it-IT","potentialAction":[{"@type":"ReadAction","target":["https:\/\/elfsight.com\/it\/vimeo-video-gallery-widget\/opencart\/"]}]},{"@type":"BreadcrumbList","@id":"https:\/\/elfsight.com\/it\/vimeo-video-gallery-widget\/opencart\/#breadcrumb","itemListElement":[{"@type":"ListItem","position":1,"name":"Home","item":"https:\/\/elfsight.com\/it\/"},{"@type":"ListItem","position":2,"name":"Vimeo Gallery","item":"https:\/\/elfsight.com\/it\/vimeo-video-gallery-widget\/"},{"@type":"ListItem","position":3,"name":"Vimeo Gallery &#8211; OpenCart"}]},{"@type":"WebSite","@id":"https:\/\/elfsight.com\/it\/#website","url":"https:\/\/elfsight.com\/it\/","name":"Elfsight IT","description":"Just another Elfsight Sites site","potentialAction":[{"@type":"SearchAction","target":{"@type":"EntryPoint","urlTemplate":"https:\/\/elfsight.com\/it\/?s={search_term_string}"},"query-input":{"@type":"PropertyValueSpecification","valueRequired":true,"valueName":"search_term_string"}}],"inLanguage":"it-IT"}]}},"meta_box":{"industry":"","seo_heading":"","heading":"","description":"","cta_heading":"","cta_description":"","application":"1590","h1":"Galleria video OpenCart Vimeo","h1_caption":"Incorpora una galleria di video Vimeo, offrendo un modo semplice per presentare i tuoi contenuti video nel tuo sito Web Opencart senza sforzo.","application_category":[],"applications_title":"","applications_request_title":"","applications_request_button_text":"","hero_text":"","hero_video":"","hero_video_schema_markup":"","selling_points_title":"","selling_points_caption":"","selling_points":[],"selling_points_cta_text":"","features_title":"","features":"","ed_cta_examples_text":"","ed_cta_examples_hidden":"","ed_cta_demo_text":"","ed_cta_demo_hidden":"","why_caption":"","why_editor_title":"","why_editor_text":"","why_team_title":"","why_team_text":"","why_service_title":"","why_service_text":"","template_catalog_visible":"","template_catalog_title":"","template_catalog_text":"","template_catalog_categories_visible":"","demo_title":"Crea la tua estensione della Galleria Vimeo","demo_caption":"Configura la tua Galleria Vimeo e aggiungila gratuitamente al tuo sito OpenCart!","default_faq_hidden":"","app_template_category":[],"platform":"41","template_public_id":"","codecanyon_url":"","codecanyon_item_id":"","codecanyon_price":"","pricing_caption":"","pricing_elfsight_apps_hide_column":"","pricing_elfsight_apps_url":"","pricing_codecanyon_price_caption":"","integration_category":[],"integration_request_title":"","integration_request_cta":"","integration_platform":"","integrations":[],"platform_category":[],"video_schema_markup":"","price":"da $ 0 al mese","trial":"","benefits":[{"text":"Assistenza gratuita per l'installazione"},{"text":"Servizio clienti competente"},{"text":"Garanzia di rimborso di 14 giorni"},{"text":"Miglioramenti a vita"}],"button_url":"#demo","button_target_blank":"","button_nofollow":"","attributes":[{"name":"Installazioni"},{"name":"Reattivo"},{"name":"Browser compatibili"}],"tags":[],"tags_disable_links":"","hide_more_platforms":"","video_object":"","demo_hide_cta":"","demo_hide_cloud_options":"","pricing_title":"","pricing":[{"pricing_icon":"platform","pricing_title":"Elfsight Apps","pricing_title_caption":"Versione multipiattaforma adatta a qualsiasi sito web","pricing_price":"da $ 0 \/ mese","pricing_price_caption":"inizia con il piano gratuito","pricing_benefits":[{"text":"Siti web illimitati"},{"text":"Assistenza clienti veloce"},{"text":"Servizio di installazione gratuito"},{"text":"Progettazione flessibile"}],"pricing_button_text":"Aggiungi al sito web","pricing_button_url":"#demo"}],"related_apps_title":"","related_apps_hidden":"","author":"","image":[],"title":"","job":"","social_networks":[]},"_links":{"self":[{"href":"https:\/\/elfsight.com\/it\/wp-json\/wp\/v2\/pages\/6522","targetHints":{"allow":["GET"]}}],"collection":[{"href":"https:\/\/elfsight.com\/it\/wp-json\/wp\/v2\/pages"}],"about":[{"href":"https:\/\/elfsight.com\/it\/wp-json\/wp\/v2\/types\/page"}],"author":[{"embeddable":true,"href":"https:\/\/elfsight.com\/it\/wp-json\/wp\/v2\/users\/9"}],"replies":[{"embeddable":true,"href":"https:\/\/elfsight.com\/it\/wp-json\/wp\/v2\/comments?post=6522"}],"version-history":[{"count":1,"href":"https:\/\/elfsight.com\/it\/wp-json\/wp\/v2\/pages\/6522\/revisions"}],"predecessor-version":[{"id":6526,"href":"https:\/\/elfsight.com\/it\/wp-json\/wp\/v2\/pages\/6522\/revisions\/6526"}],"up":[{"embeddable":true,"href":"https:\/\/elfsight.com\/it\/wp-json\/wp\/v2\/pages\/1591"}],"wp:attachment":[{"href":"https:\/\/elfsight.com\/it\/wp-json\/wp\/v2\/media?parent=6522"}],"curies":[{"name":"wp","href":"https:\/\/api.w.org\/{rel}","templated":true}]}}