{"id":6517,"date":"1970-01-01T00:00:00","date_gmt":"1970-01-01T00:00:00","guid":{"rendered":"https:\/\/elfsight.com\/it\/?page_id=6517"},"modified":"2025-03-19T04:52:39","modified_gmt":"2025-03-19T04:52:39","slug":"shopify","status":"publish","type":"page","link":"https:\/\/elfsight.com\/it\/vimeo-video-gallery-widget\/shopify\/","title":{"rendered":"Vimeo Gallery &#8211; Shopify"},"content":{"rendered":"\n<div class=\"application-platform-content-item-description application-platform-content-item\" id=\"description\" data-nav-section=\"description\"> <h2>Incorpora la Galleria Vimeo su Shopify con il widget Elfsight<\/h2> <p>L&#8217;app Elfsight Vimeo \u00e8 uno strumento semplice per coloro che desiderano integrare contenuti video sul sito. Il widget ti consente di creare playlist di video, mostrare un intero canale, selezionare i contenuti tematici pi\u00f9 interessanti per la tua galleria video e altro ancora. Il lettore Elfsight Vimeo ha opzioni di progettazione ben studiate che aiutano a creare l&#8217;interfaccia adatta a diversi casi d&#8217;uso. I layout dei widget pronti all&#8217;uso posizioneranno i video in modo ottimale, diverse modalit\u00e0 di riproduzione rendono la visualizzazione dei video comoda con qualsiasi layout. Utilizzando l&#8217;intestazione commutabile, \u00e8 facile promuovere il tuo canale e aumentare gli iscritti. Elfsight Vimeo Video Gallery diventer\u00e0 un modo efficace non solo per aumentare il coinvolgimento, ma anche per sviluppare il tuo business. <\/p> <div class=\"faq\" data-component=\"FAQ\"><div class=\"faq-item\">\r\n\t\t\t\t\t<div class=\"faq-item-question\">\r\n\t\t\t\t\t\t<h3 class=\"faq-item-question-text\">Dove posso visualizzarlo sul mio sito<\/h3>\r\n\r\n\t\t\t\t\t\t<div class=\"faq-item-question-icon\"><\/div>\r\n\t\t\t\t\t<\/div>\r\n\r\n\t\t\t\t\t<div class=\"faq-item-answer\">\r\n\t\t\t\t\t\t<div class=\"faq-item-answer-text\"> <p>Puoi incorporare l&#8217;app Vimeo su qualsiasi delle tue pagine web. Se lo introduci nel modello, apparir\u00e0 su ogni pagina del tuo sito. <\/p> <\/div>\r\n\t\t\t\t\t<\/div>\r\n\t\t\t\t<\/div><div class=\"faq-item\">\r\n\t\t\t\t\t<div class=\"faq-item-question\">\r\n\t\t\t\t\t\t<h3 class=\"faq-item-question-text\">Quali sono i vantaggi di avere per me il lettore video Vimeo?<\/h3>\r\n\r\n\t\t\t\t\t\t<div class=\"faq-item-question-icon\"><\/div>\r\n\t\t\t\t\t<\/div>\r\n\r\n\t\t\t\t\t<div class=\"faq-item-answer\">\r\n\t\t\t\t\t\t<div class=\"faq-item-answer-text\"> <p>Questo plugin ti consentir\u00e0 di aumentare il coinvolgimento dei visitatori sul sito con i video pi\u00f9 coinvolgenti. La funzione di iscrizione rapida ti aiuter\u00e0 ad avere nuovi abbonati al tuo canale. <\/p><\/div>\r\n\t\t\t\t\t<\/div>\r\n\t\t\t\t<\/div> <div class=\"faq-item\">\r\n\t\t\t\t\t<div class=\"faq-item-question\">\r\n\t\t\t\t\t\t<h3 class=\"faq-item-question-text\">Di cosa ho bisogno per avere la Galleria Vimeo sul mio sito?<\/h3>\r\n\r\n\t\t\t\t\t\t<div class=\"faq-item-question-icon\"><\/div>\r\n\t\t\t\t\t<\/div>\r\n\r\n\t\t\t\t\t<div class=\"faq-item-answer\">\r\n\t\t\t\t\t\t<div class=\"faq-item-answer-text\"> <p>Ci vorranno solo due minuti di tempo per iniziare a utilizzare il widget. L&#8217;integrazione \u00e8 davvero veloce, gratuita e priva di codifica. <\/p> <p>Il widget pu\u00f2 essere incorporato tramite il nostro servizio o tramite il marketplace. Qui puoi leggere queste opzioni e scegliere la tua.<\/p> <\/div>\r\n\t\t\t\t\t<\/div>\r\n\t\t\t\t<\/div> <\/div> <\/div> <div class=\"application-platform-content-item-features application-platform-content-item\" id=\"features\" data-nav-section=\"features\"> <h2>Caratteristiche principali del widget Galleria Vimeo<\/h2> <p>Per avere una conoscenza pi\u00f9 chiara dell&#8217;app Vimeo, puoi studiare l&#8217;elenco delle sue funzioni pi\u00f9 importanti. Rendono il nostro widget incredibilmente efficace per la tua promozione: <\/p> <ul><li>Aggiunta di determinati layout per diversi modi di ritmo dei video: griglia, playlist, cursore; <\/li><li>7 elementi commutabili dell&#8217;intestazione: nome, statistiche, descrizione, pulsante Segui, immagine del profilo; <\/li><li>4 modalit\u00e0 di gioco pronte all&#8217;uso: Popup, Player, Inline o su Vimeo; <\/li><li>Tre scenari al termine del video: riproduci successivo, riproduci nuovamente, nessuno.<\/li><\/ul><p><a href=\"#demo\">Guarda tutte le funzionalit\u00e0 nella demo live<\/a><\/p> <\/div><div class=\"application-platform-content-item-installation application-platform-content-item\" id=\"installation\" data-nav-section=\"installation\"> <h2>Scopri come incorporare il video Vimeo nel tuo negozio Shopify<\/h2><div class=\"video-container\"><iframe width=\"560\" height=\"315\" src=\"https:\/\/www.youtube.com\/embed\/q_5lv918RXs?si=OKZkNibuTp2d4ZEe\" frameborder=\"0\" allow=\"accelerometer; autoplay; clipboard-write; encrypted-media; gyroscope; picture-in-picture; web-share\" allowfullscreen><\/iframe><\/div><p>I passaggi seguenti sono l&#8217;unica cosa che devi fare per attivare il widget.<\/p> <ol><li><b>Utilizza il nostro editor gratuito e inizia a creare la tua app personalizzata. <\/b><br> Determina il layout e la funzionalit\u00e0 adatti dell&#8217;app e salva tutte le correzioni. <\/li> <li><b>Acquisisci il codice personale che appare nel riquadro sulle App Elfsight. <\/b><br> Subito dopo aver completato la configurazione della tua app, copia il codice individuale nella finestra visualizzata e conservalo per un&#8217;occasione successiva. <\/li> <li><b>Inizia a utilizzare l&#8217;app sul sito web Shopify. <\/b><br> Implementa il codice che hai salvato di recente nella tua pagina e salva le correzioni. <\/li> <li><b>Fatto! L&#8217;incorporamento \u00e8 completamente terminato. <\/b><br> Apri il tuo sito per osservare come funziona l&#8217;app. <\/li><\/ol><p>Dubbi ancora qualcosa? O hai domande? Invia semplicemente la tua richiesta al nostro supporto clienti ti aiuter\u00e0 con ogni problema. <\/p> <\/div>\n","protected":false},"excerpt":{"rendered":"","protected":false},"author":9,"featured_media":0,"parent":1591,"menu_order":0,"comment_status":"closed","ping_status":"closed","template":"templates\/template-application-platform.php","meta":{"publish_to_discourse":"","publish_post_category":"","wpdc_auto_publish_overridden":"","wpdc_topic_tags":"","wpdc_pin_topic":"","wpdc_pin_until":"","discourse_post_id":"","discourse_permalink":"","wpdc_publishing_response":"","wpdc_publishing_error":"","footnotes":""},"class_list":["post-6517","page","type-page","status-publish","hentry"],"yoast_head":"<!-- This site is optimized with the Yoast SEO plugin v25.3.1 - https:\/\/yoast.com\/wordpress\/plugins\/seo\/ -->\n<title>Aggiungi l&#039;app Vimeo Video Gallery al sito web Shopify (gratuito e veloce)<\/title>\n<meta name=\"description\" content=\"Ecco un&#039;opportunit\u00e0 per creare il widget Galleria Vimeo e visualizzarlo sul tuo negozio Shopify. Goditi il \u200b\u200bsupporto clienti gratuito e altri vantaggi di Elfsight.\" \/>\n<meta name=\"robots\" content=\"index, follow, max-snippet:-1, max-image-preview:large, max-video-preview:-1\" \/>\n<link rel=\"canonical\" href=\"https:\/\/elfsight.com\/it\/vimeo-video-gallery-widget\/shopify\/\" \/>\n<meta property=\"og:locale\" content=\"it_IT\" \/>\n<meta property=\"og:type\" content=\"article\" \/>\n<meta property=\"og:title\" content=\"Aggiungi l&#039;app Vimeo Video Gallery al sito web Shopify (gratuito e veloce)\" \/>\n<meta property=\"og:description\" content=\"Ecco un&#039;opportunit\u00e0 per creare il widget Galleria Vimeo e visualizzarlo sul tuo negozio Shopify. Goditi il \u200b\u200bsupporto clienti gratuito e altri vantaggi di Elfsight.\" \/>\n<meta property=\"og:url\" content=\"https:\/\/elfsight.com\/it\/vimeo-video-gallery-widget\/shopify\/\" \/>\n<meta property=\"og:site_name\" content=\"Elfsight IT\" \/>\n<meta property=\"article:modified_time\" content=\"2025-03-19T04:52:39+00:00\" \/>\n<meta name=\"twitter:card\" content=\"summary_large_image\" \/>\n<meta name=\"twitter:label1\" content=\"Tempo di lettura stimato\" \/>\n\t<meta name=\"twitter:data1\" content=\"3 minuti\" \/>\n<!-- \/ Yoast SEO plugin. -->","yoast_head_json":{"title":"Aggiungi l'app Vimeo Video Gallery al sito web Shopify (gratuito e veloce)","description":"Ecco un'opportunit\u00e0 per creare il widget Galleria Vimeo e visualizzarlo sul tuo negozio Shopify. Goditi il \u200b\u200bsupporto clienti gratuito e altri vantaggi di Elfsight.","robots":{"index":"index","follow":"follow","max-snippet":"max-snippet:-1","max-image-preview":"max-image-preview:large","max-video-preview":"max-video-preview:-1"},"canonical":"https:\/\/elfsight.com\/it\/vimeo-video-gallery-widget\/shopify\/","og_locale":"it_IT","og_type":"article","og_title":"Aggiungi l'app Vimeo Video Gallery al sito web Shopify (gratuito e veloce)","og_description":"Ecco un'opportunit\u00e0 per creare il widget Galleria Vimeo e visualizzarlo sul tuo negozio Shopify. Goditi il \u200b\u200bsupporto clienti gratuito e altri vantaggi di Elfsight.","og_url":"https:\/\/elfsight.com\/it\/vimeo-video-gallery-widget\/shopify\/","og_site_name":"Elfsight IT","article_modified_time":"2025-03-19T04:52:39+00:00","twitter_card":"summary_large_image","twitter_misc":{"Tempo di lettura stimato":"3 minuti"},"schema":{"@context":"https:\/\/schema.org","@graph":[{"@type":"WebPage","@id":"https:\/\/elfsight.com\/it\/vimeo-video-gallery-widget\/shopify\/","url":"https:\/\/elfsight.com\/it\/vimeo-video-gallery-widget\/shopify\/","name":"Aggiungi l'app Vimeo Video Gallery al sito web Shopify (gratuito e veloce)","isPartOf":{"@id":"https:\/\/elfsight.com\/it\/#website"},"datePublished":"1970-01-01T00:00:00+00:00","dateModified":"2025-03-19T04:52:39+00:00","description":"Ecco un'opportunit\u00e0 per creare il widget Galleria Vimeo e visualizzarlo sul tuo negozio Shopify. Goditi il \u200b\u200bsupporto clienti gratuito e altri vantaggi di Elfsight.","breadcrumb":{"@id":"https:\/\/elfsight.com\/it\/vimeo-video-gallery-widget\/shopify\/#breadcrumb"},"inLanguage":"it-IT","potentialAction":[{"@type":"ReadAction","target":["https:\/\/elfsight.com\/it\/vimeo-video-gallery-widget\/shopify\/"]}]},{"@type":"BreadcrumbList","@id":"https:\/\/elfsight.com\/it\/vimeo-video-gallery-widget\/shopify\/#breadcrumb","itemListElement":[{"@type":"ListItem","position":1,"name":"Home","item":"https:\/\/elfsight.com\/it\/"},{"@type":"ListItem","position":2,"name":"Vimeo Gallery","item":"https:\/\/elfsight.com\/it\/vimeo-video-gallery-widget\/"},{"@type":"ListItem","position":3,"name":"Vimeo Gallery &#8211; Shopify"}]},{"@type":"WebSite","@id":"https:\/\/elfsight.com\/it\/#website","url":"https:\/\/elfsight.com\/it\/","name":"Elfsight IT","description":"Just another Elfsight Sites site","potentialAction":[{"@type":"SearchAction","target":{"@type":"EntryPoint","urlTemplate":"https:\/\/elfsight.com\/it\/?s={search_term_string}"},"query-input":{"@type":"PropertyValueSpecification","valueRequired":true,"valueName":"search_term_string"}}],"inLanguage":"it-IT"}]}},"meta_box":{"industry":"","seo_heading":"","heading":"","description":"","cta_heading":"","cta_description":"","application":"1590","h1":"Galleria video Shopify Vimeo","h1_caption":"Incorpora una galleria di video Vimeo, offrendo un modo semplice per presentare i tuoi contenuti video nel tuo sito web Shopify senza sforzo.","application_category":[],"applications_title":"","applications_request_title":"","applications_request_button_text":"","hero_text":"","hero_video":"","hero_video_schema_markup":"","selling_points_title":"","selling_points_caption":"","selling_points":[],"selling_points_cta_text":"","features_title":"","features":"","ed_cta_examples_text":"","ed_cta_examples_hidden":"","ed_cta_demo_text":"","ed_cta_demo_hidden":"","why_caption":"","why_editor_title":"","why_editor_text":"","why_team_title":"","why_team_text":"","why_service_title":"","why_service_text":"","template_catalog_visible":"0","template_catalog_title":"","template_catalog_text":"","template_catalog_categories_visible":"","demo_title":"Crea la tua app Galleria Vimeo","demo_caption":"Configura la tua Galleria Vimeo e aggiungila gratuitamente al tuo sito Shopify!","default_faq_hidden":"","app_template_category":[],"platform":"42","template_public_id":"","codecanyon_url":"","codecanyon_item_id":"","codecanyon_price":"","pricing_caption":"","pricing_elfsight_apps_hide_column":"","pricing_elfsight_apps_url":"","pricing_codecanyon_price_caption":"","integration_category":[],"integration_request_title":"","integration_request_cta":"","integration_platform":"","integrations":[],"platform_category":[],"video_schema_markup":"","price":"da $ 0 al mese","trial":"","benefits":[{"text":"Servizio di installazione gratuito"},{"text":"Supporto premium"},{"text":"Garanzia di rimborso di 14 giorni"},{"text":"Aggiornamenti gratuiti continui"}],"button_url":"#demo","button_target_blank":"0","button_nofollow":"0","attributes":[{"name":"Installazioni"},{"name":"Reattivo"},{"name":"Browser compatibili"}],"tags":[],"tags_disable_links":"0","hide_more_platforms":"0","video_object":"","demo_hide_cta":"0","demo_hide_cloud_options":"0","pricing_title":"","pricing":[{"pricing_icon":"cloud","pricing_title":"Elfsight Apps","pricing_title_caption":"Versione multipiattaforma che funziona su qualsiasi sito web","pricing_price":"da $ 0 \/ mese","pricing_price_caption":"inizia con il piano gratuito","pricing_benefits":[{"text":"Siti web illimitati"},{"text":"Supporto premium"},{"text":"Servizio di installazione gratuito"},{"text":"Offerta speciale per pi\u00f9 app"}],"pricing_button_text":"Aggiungi al sito web","pricing_button_url":"#demo"}],"related_apps_title":"","related_apps_hidden":"0","author":"","image":[],"title":"","job":"","social_networks":[]},"_links":{"self":[{"href":"https:\/\/elfsight.com\/it\/wp-json\/wp\/v2\/pages\/6517","targetHints":{"allow":["GET"]}}],"collection":[{"href":"https:\/\/elfsight.com\/it\/wp-json\/wp\/v2\/pages"}],"about":[{"href":"https:\/\/elfsight.com\/it\/wp-json\/wp\/v2\/types\/page"}],"author":[{"embeddable":true,"href":"https:\/\/elfsight.com\/it\/wp-json\/wp\/v2\/users\/9"}],"replies":[{"embeddable":true,"href":"https:\/\/elfsight.com\/it\/wp-json\/wp\/v2\/comments?post=6517"}],"version-history":[{"count":3,"href":"https:\/\/elfsight.com\/it\/wp-json\/wp\/v2\/pages\/6517\/revisions"}],"predecessor-version":[{"id":9147,"href":"https:\/\/elfsight.com\/it\/wp-json\/wp\/v2\/pages\/6517\/revisions\/9147"}],"up":[{"embeddable":true,"href":"https:\/\/elfsight.com\/it\/wp-json\/wp\/v2\/pages\/1591"}],"wp:attachment":[{"href":"https:\/\/elfsight.com\/it\/wp-json\/wp\/v2\/media?parent=6517"}],"curies":[{"name":"wp","href":"https:\/\/api.w.org\/{rel}","templated":true}]}}