{"id":6514,"date":"2024-05-03T06:53:30","date_gmt":"2024-05-03T06:53:30","guid":{"rendered":"https:\/\/elfsight.com\/it\/?page_id=6514"},"modified":"2024-11-12T08:38:01","modified_gmt":"2024-11-12T08:38:01","slug":"webnode","status":"publish","type":"page","link":"https:\/\/elfsight.com\/it\/vimeo-video-gallery-widget\/webnode\/","title":{"rendered":"Vimeo Gallery &#8211; Webnode"},"content":{"rendered":"<div class=\"application-platform-content-item-description application-platform-content-item\" id=\"description\" data-nav-section=\"description\"><h2>Descrizione<\/h2><p>Elfsight Vimeo \u00e8 uno strumento semplice per coloro che hanno bisogno di aggiungere video sul sito web. Sei libero di creare playlist di video, visualizzare un intero canale, trovare i migliori contenuti a tema per il tuo widget e altro. Il widget presenta molteplici opzioni di progettazione che aiutano a organizzare l&#8217;interfaccia adatta a diversi casi d&#8217;uso. I layout integrati aiutano a organizzare i contenuti in modo ottimale, diverse modalit\u00e0 di riproduzione rendono la visione dei video comoda per qualsiasi utente. Con l&#8217;intestazione flessibile hai la possibilit\u00e0 di annunciare il tuo account Vimeo e aumentare i follower. Elfsight Vimeo Video Gallery diventer\u00e0 un modo efficace non solo per aumentare il coinvolgimento, ma anche per promuovere la tua attivit\u00e0.<\/p> <div class=\"faq\" data-component=\"FAQ\"><div class=\"faq-item\">\r\n\t\t\t\t\t<div class=\"faq-item-question\">\r\n\t\t\t\t\t\t<h3 class=\"faq-item-question-text\">Dove posso inserire questo plugin<\/h3>\r\n\r\n\t\t\t\t\t\t<div class=\"faq-item-question-icon\"><\/div>\r\n\t\t\t\t\t<\/div>\r\n\r\n\t\t\t\t\t<div class=\"faq-item-answer\">\r\n\t\t\t\t\t\t<div class=\"faq-item-answer-text\"><p>Il widget pu\u00f2 benissimo lavora esattamente sulla pagina, dove vuoi. Se introduci il lettore video Vimeo nel modello del sito, verr\u00e0 visualizzato su ogni pagina.<\/p> <\/div>\r\n\t\t\t\t\t<\/div>\r\n\t\t\t\t<\/div><div class=\"faq-item\">\r\n\t\t\t\t\t<div class=\"faq-item-question\">\r\n\t\t\t\t\t\t<h3 class=\"faq-item-question-text\">Quali sono i vantaggi di avere il widget per me?<\/h3>\r\n\r\n\t\t\t\t\t\t<div class=\"faq-item-question-icon\"><\/div>\r\n\t\t\t\t\t<\/div>\r\n\r\n\t\t\t\t\t<div class=\"faq-item-answer\">\r\n\t\t\t\t\t\t<div class=\"faq-item-answer-text\"><p>Questo plug-in contribuire ad aumentare il coinvolgimento sul tuo sito con l&#8217;aiuto di video accattivanti. L&#8217;opzione di abbonamento rapido ti aiuter\u00e0 ad attirare nuovi abbonamenti al tuo account Vimeo.<\/p><\/div>\r\n\t\t\t\t\t<\/div>\r\n\t\t\t\t<\/div><div class=\"faq-item\">\r\n\t\t\t\t\t<div class=\"faq-item-question\">\r\n\t\t\t\t\t\t<h3 class=\"faq-item-question-text\">Di cosa ho bisogno per ottenere il widget Vimeo?<\/h3>\r\n\r\n\t\t\t\t\t\t<div class=\"faq-item-question-icon\"><\/div>\r\n\t\t\t\t\t<\/div>\r\n\r\n\t\t\t\t\t<div class=\"faq-item-answer\">\r\n\t\t\t\t\t\t<div class=\"faq-item-answer-text\"><p>Hai solo bisogno di un minuto del tuo tempo per l&#8217;attivazione . L&#8217;integrazione \u00e8 davvero rapida, gratuita e senza codifica.<\/p><p>C&#8217;\u00e8 un&#8217;opzione per integrare il widget nel tuo sito web direttamente nel nostro servizio. Per questo, segui la breve descrizione di seguito in questa pagina.<\/p><\/div>\r\n\t\t\t\t\t<\/div>\r\n\t\t\t\t<\/div><\/div><\/div><div class=\"application-platform-content-item-features application-platform-content-item\" id=\"features\" data-nav-section=\"features\"><h2>Funzionalit\u00e0<\/h2><p>Per ottenere un percezione completa del widget, scopri l&#8217;elenco delle caratteristiche principali. Rendono questo widget incredibilmente efficace per la tua risorsa web:<\/p><ul><li>Aggiunta di determinati layout per vari modi di organizzare i video: griglia, playlist, cursore;<\/li><li>sette elementi commutabili del widget intestazione: nome, statistiche, descrizione, pulsante segui, immagine del profilo; <\/li><li>Quattro modalit\u00e0 di riproduzione integrate: Popup, Player, Inline o su Vimeo;<\/li><li>Tre opzioni al termine del video: riproduci successivo, ripeti, nessuna;<\/li><\/ul> <p><a href=\"#demo\">Per scoprire altre funzionalit\u00e0, guarda la nostra demo<\/a><\/p><\/div><div class=\"application-platform-content-item-installation application-platform-content-item\" id=\"installation\" data-nav-section=\"installation\"><h2>Scopri come aggiungere il video Vimeo al tuo sito Webnode<\/h2><p>Le seguenti azioni sono l&#8217;unica cosa che devi fare per installare il widget. <\/p><ol><li><b>Crea il tuo plugin Vimeo personalizzato<\/b><br> Con l&#8217;aiuto della nostra demo gratuita, imposta un widget con un design e una funzionalit\u00e0 preferibili. <\/li><li><b>Ricevi il codice individuale per installare il plugin<\/b><br> Dopo aver generato il tuo widget, otterrai il codice di installazione dalla finestra visualizzata su Elfsight Apps. Copia questo codice per un utilizzo futuro.<\/li> <li><b>Visualizza il plugin sul tuo sito Webnode<\/b><br> Trova il luogo in cui prevedi di visualizzare il widget e inserisci l\u00ec il codice copiato. Pubblica le modifiche. <\/li> <li><b>L&#8217;integrazione \u00e8 riuscita! <\/b><br> Entra nella tua pagina, per controllare il tuo widget.<\/li> <\/ol><p>Hai ancora qualche dubbio? O ti sei imbattuto in qualcosa? Basta una singola richiesta al nostro supporto clienti per risolvere ogni problema. <\/p><\/div>","protected":false},"excerpt":{"rendered":"","protected":false},"author":9,"featured_media":0,"parent":1591,"menu_order":0,"comment_status":"closed","ping_status":"closed","template":"templates\/template-application-platform.php","meta":{"publish_to_discourse":"","publish_post_category":"","wpdc_auto_publish_overridden":"","wpdc_topic_tags":"","wpdc_pin_topic":"","wpdc_pin_until":"","discourse_post_id":"","discourse_permalink":"","wpdc_publishing_response":"","wpdc_publishing_error":"","footnotes":""},"class_list":["post-6514","page","type-page","status-publish","hentry"],"yoast_head":"<!-- This site is optimized with the Yoast SEO plugin v25.3.1 - https:\/\/yoast.com\/wordpress\/plugins\/seo\/ -->\n<title>Aggiungi il widget Galleria video Vimeo al sito Webnode (gratuito e veloce)<\/title>\n<meta name=\"description\" content=\"\u00c8 semplicissimo modellare il widget della tua Galleria video Vimeo e posizionarlo sul tuo sito Webnode. L&#039;assistenza clienti Elfsight \u00e8 gratuita.\" \/>\n<meta name=\"robots\" content=\"index, follow, max-snippet:-1, max-image-preview:large, max-video-preview:-1\" \/>\n<link rel=\"canonical\" href=\"https:\/\/elfsight.com\/it\/vimeo-video-gallery-widget\/webnode\/\" \/>\n<meta property=\"og:locale\" content=\"it_IT\" \/>\n<meta property=\"og:type\" content=\"article\" \/>\n<meta property=\"og:title\" content=\"Aggiungi il widget Galleria video Vimeo al sito Webnode (gratuito e veloce)\" \/>\n<meta property=\"og:description\" content=\"\u00c8 semplicissimo modellare il widget della tua Galleria video Vimeo e posizionarlo sul tuo sito Webnode. L&#039;assistenza clienti Elfsight \u00e8 gratuita.\" \/>\n<meta property=\"og:url\" content=\"https:\/\/elfsight.com\/it\/vimeo-video-gallery-widget\/webnode\/\" \/>\n<meta property=\"og:site_name\" content=\"Elfsight IT\" \/>\n<meta property=\"article:modified_time\" content=\"2024-11-12T08:38:01+00:00\" \/>\n<meta name=\"twitter:card\" content=\"summary_large_image\" \/>\n<meta name=\"twitter:label1\" content=\"Tempo di lettura stimato\" \/>\n\t<meta name=\"twitter:data1\" content=\"3 minuti\" \/>\n<!-- \/ Yoast SEO plugin. -->","yoast_head_json":{"title":"Aggiungi il widget Galleria video Vimeo al sito Webnode (gratuito e veloce)","description":"\u00c8 semplicissimo modellare il widget della tua Galleria video Vimeo e posizionarlo sul tuo sito Webnode. L'assistenza clienti Elfsight \u00e8 gratuita.","robots":{"index":"index","follow":"follow","max-snippet":"max-snippet:-1","max-image-preview":"max-image-preview:large","max-video-preview":"max-video-preview:-1"},"canonical":"https:\/\/elfsight.com\/it\/vimeo-video-gallery-widget\/webnode\/","og_locale":"it_IT","og_type":"article","og_title":"Aggiungi il widget Galleria video Vimeo al sito Webnode (gratuito e veloce)","og_description":"\u00c8 semplicissimo modellare il widget della tua Galleria video Vimeo e posizionarlo sul tuo sito Webnode. L'assistenza clienti Elfsight \u00e8 gratuita.","og_url":"https:\/\/elfsight.com\/it\/vimeo-video-gallery-widget\/webnode\/","og_site_name":"Elfsight IT","article_modified_time":"2024-11-12T08:38:01+00:00","twitter_card":"summary_large_image","twitter_misc":{"Tempo di lettura stimato":"3 minuti"},"schema":{"@context":"https:\/\/schema.org","@graph":[{"@type":"WebPage","@id":"https:\/\/elfsight.com\/it\/vimeo-video-gallery-widget\/webnode\/","url":"https:\/\/elfsight.com\/it\/vimeo-video-gallery-widget\/webnode\/","name":"Aggiungi il widget Galleria video Vimeo al sito Webnode (gratuito e veloce)","isPartOf":{"@id":"https:\/\/elfsight.com\/it\/#website"},"datePublished":"2024-05-03T06:53:30+00:00","dateModified":"2024-11-12T08:38:01+00:00","description":"\u00c8 semplicissimo modellare il widget della tua Galleria video Vimeo e posizionarlo sul tuo sito Webnode. L'assistenza clienti Elfsight \u00e8 gratuita.","breadcrumb":{"@id":"https:\/\/elfsight.com\/it\/vimeo-video-gallery-widget\/webnode\/#breadcrumb"},"inLanguage":"it-IT","potentialAction":[{"@type":"ReadAction","target":["https:\/\/elfsight.com\/it\/vimeo-video-gallery-widget\/webnode\/"]}]},{"@type":"BreadcrumbList","@id":"https:\/\/elfsight.com\/it\/vimeo-video-gallery-widget\/webnode\/#breadcrumb","itemListElement":[{"@type":"ListItem","position":1,"name":"Home","item":"https:\/\/elfsight.com\/it\/"},{"@type":"ListItem","position":2,"name":"Vimeo Gallery","item":"https:\/\/elfsight.com\/it\/vimeo-video-gallery-widget\/"},{"@type":"ListItem","position":3,"name":"Vimeo Gallery &#8211; Webnode"}]},{"@type":"WebSite","@id":"https:\/\/elfsight.com\/it\/#website","url":"https:\/\/elfsight.com\/it\/","name":"Elfsight IT","description":"Just another Elfsight Sites site","potentialAction":[{"@type":"SearchAction","target":{"@type":"EntryPoint","urlTemplate":"https:\/\/elfsight.com\/it\/?s={search_term_string}"},"query-input":{"@type":"PropertyValueSpecification","valueRequired":true,"valueName":"search_term_string"}}],"inLanguage":"it-IT"}]}},"meta_box":{"industry":"","seo_heading":"","heading":"","description":"","cta_heading":"","cta_description":"","application":"1590","h1":"Galleria video Vimeo di Webnode","h1_caption":"Incorpora una galleria di video Vimeo, offrendo un modo semplice per presentare i tuoi contenuti video nel tuo sito Webnode senza sforzo.","application_category":[],"applications_title":"","applications_request_title":"","applications_request_button_text":"","hero_text":"","hero_video":"","hero_video_schema_markup":"","selling_points_title":"","selling_points_caption":"","selling_points":[],"selling_points_cta_text":"","features_title":"","features":"","ed_cta_examples_text":"","ed_cta_examples_hidden":"","ed_cta_demo_text":"","ed_cta_demo_hidden":"","why_caption":"","why_editor_title":"","why_editor_text":"","why_team_title":"","why_team_text":"","why_service_title":"","why_service_text":"","template_catalog_visible":"","template_catalog_title":"","template_catalog_text":"","template_catalog_categories_visible":"","demo_title":"Crea il tuo widget Galleria Vimeo","demo_caption":"Configura la tua Galleria Vimeo e aggiungila gratuitamente al tuo sito Webnode!","default_faq_hidden":"","app_template_category":[],"platform":"47","template_public_id":"","codecanyon_url":"","codecanyon_item_id":"","codecanyon_price":"","pricing_caption":"","pricing_elfsight_apps_hide_column":"","pricing_elfsight_apps_url":"","pricing_codecanyon_price_caption":"","integration_category":[],"integration_request_title":"","integration_request_cta":"","integration_platform":"","integrations":[],"platform_category":[],"video_schema_markup":"","price":"da $ 0 al mese","trial":"","benefits":[{"text":"Servizio di installazione gratuito"},{"text":"Supporto premium"},{"text":"Garanzia di rimborso di 14 giorni"},{"text":"Miglioramenti a vita"}],"button_url":"#demo","button_target_blank":"","button_nofollow":"","attributes":[{"name":"Installazioni"},{"name":"Reattivo"},{"name":"Browser compatibili"}],"tags":[],"tags_disable_links":"","hide_more_platforms":"","video_object":"","demo_hide_cta":"","demo_hide_cloud_options":"","pricing_title":"","pricing":[{"pricing_icon":"platform","pricing_title":"Elfsight Apps","pricing_title_caption":"Soluzione digitale multipiattaforma","pricing_price":"da $ 0 \/ mese","pricing_price_caption":"inizia con il piano gratuito","pricing_benefits":[{"text":"Domini illimitati"},{"text":"Supporto aziendale veloce"},{"text":"Supporto gratuito per l'installazione"},{"text":"Ottimo affare per pi\u00f9 app"}],"pricing_button_text":"Aggiungi al sito web","pricing_button_url":"#demo"}],"related_apps_title":"","related_apps_hidden":"","author":"","image":[],"title":"","job":"","social_networks":[]},"_links":{"self":[{"href":"https:\/\/elfsight.com\/it\/wp-json\/wp\/v2\/pages\/6514","targetHints":{"allow":["GET"]}}],"collection":[{"href":"https:\/\/elfsight.com\/it\/wp-json\/wp\/v2\/pages"}],"about":[{"href":"https:\/\/elfsight.com\/it\/wp-json\/wp\/v2\/types\/page"}],"author":[{"embeddable":true,"href":"https:\/\/elfsight.com\/it\/wp-json\/wp\/v2\/users\/9"}],"replies":[{"embeddable":true,"href":"https:\/\/elfsight.com\/it\/wp-json\/wp\/v2\/comments?post=6514"}],"version-history":[{"count":1,"href":"https:\/\/elfsight.com\/it\/wp-json\/wp\/v2\/pages\/6514\/revisions"}],"predecessor-version":[{"id":6518,"href":"https:\/\/elfsight.com\/it\/wp-json\/wp\/v2\/pages\/6514\/revisions\/6518"}],"up":[{"embeddable":true,"href":"https:\/\/elfsight.com\/it\/wp-json\/wp\/v2\/pages\/1591"}],"wp:attachment":[{"href":"https:\/\/elfsight.com\/it\/wp-json\/wp\/v2\/media?parent=6514"}],"curies":[{"name":"wp","href":"https:\/\/api.w.org\/{rel}","templated":true}]}}