{"id":6507,"date":"1970-01-01T00:00:00","date_gmt":"1970-01-01T00:00:00","guid":{"rendered":"https:\/\/elfsight.com\/it\/?page_id=6507"},"modified":"2025-03-19T05:30:13","modified_gmt":"2025-03-19T05:30:13","slug":"wordpress","status":"publish","type":"page","link":"https:\/\/elfsight.com\/it\/vimeo-video-gallery-widget\/wordpress\/","title":{"rendered":"Vimeo Gallery &#8211; WordPress"},"content":{"rendered":"\n<div class=\"application-platform-content-item-description application-platform-content-item\" id=\"description\" data-nav-section=\"description\"><h2>Incorpora Vimeo Gallery su WordPress con il widget Elfsight<\/h2><p>Elfsight Vimeo Gallery \u00e8 uno strumento semplice per tutti coloro che desiderano incorporare Video Vimeo sul sito. Hai l&#8217;opportunit\u00e0 di creare playlist, integrare canali e selezionare i contenuti video pi\u00f9 attraenti per la tua galleria video e altro. Il widget Elfsight ha funzionalit\u00e0 di progettazione ben studiate, che aiutano a impostare l&#8217;interfaccia adatta a diversi casi d&#8217;uso. I layout integrati aiutano a organizzare i contenuti in modo ottimale; una variet\u00e0 di modalit\u00e0 di riproduzione render\u00e0 la visualizzazione dei video confortevole con qualsiasi layout. Con l&#8217;intestazione puoi annunciare il tuo canale e ottenere nuovi follower. Il plugin Elfsight Vimeo \u00e8 un modo semplice non solo per aumentare il coinvolgimento, ma anche per promuovere la tua attivit\u00e0. <\/p> <div class=\"faq\" data-component=\"FAQ\"><div class=\"faq-item\">\r\n\t\t\t\t\t<div class=\"faq-item-question\">\r\n\t\t\t\t\t\t<h3 class=\"faq-item-question-text\">Come posso aggiungere una Galleria Vimeo al mio sito WordPress? <\/h3>\r\n\r\n\t\t\t\t\t\t<div class=\"faq-item-question-icon\"><\/div>\r\n\t\t\t\t\t<\/div>\r\n\r\n\t\t\t\t\t<div class=\"faq-item-answer\">\r\n\t\t\t\t\t\t<div class=\"faq-item-answer-text\"><p>La realizzazione dello strumento avviene all&#8217;interno del servizio Elfsight e non \u00e8 necessario codificare. Utilizza la demo live per progettare la tua app, ottenere il codice e integrarlo nel tuo sito web. <\/p><\/div>\r\n\t\t\t\t\t<\/div>\r\n\t\t\t\t<\/div><div class=\"faq-item\">\r\n\t\t\t\t\t<div class=\"faq-item-question\">\r\n\t\t\t\t\t\t<h3 class=\"faq-item-question-text\">I modi migliori per utilizzare l'integrazione del plugin video Vimeo<\/h3>\r\n\r\n\t\t\t\t\t\t<div class=\"faq-item-question-icon\"><\/div>\r\n\t\t\t\t\t<\/div>\r\n\r\n\t\t\t\t\t<div class=\"faq-item-answer\">\r\n\t\t\t\t\t\t<div class=\"faq-item-answer-text\"><p>Abbiamo una serie di possibilit\u00e0 di personalizzazione: widget a grandezza naturale da aggiungere nell&#8217;area dei contenuti , plugin mobili per funzionalit\u00e0 di scorrimento, miniature per il pi\u00e8 di pagina del tuo sito web, intestazione e tutte le varianti delle opzioni verticali per le barre laterali e i menu del sito web. <\/p><\/div>\r\n\t\t\t\t\t<\/div>\r\n\t\t\t\t<\/div><div class=\"faq-item\">\r\n\t\t\t\t\t<div class=\"faq-item-question\">\r\n\t\t\t\t\t\t<h3 class=\"faq-item-question-text\">Posso creare un portfolio Vimeo o una presentazione video tramite l'agenzia del tuo editore? <\/h3>\r\n\r\n\t\t\t\t\t\t<div class=\"faq-item-question-icon\"><\/div>\r\n\t\t\t\t\t<\/div>\r\n\r\n\t\t\t\t\t<div class=\"faq-item-answer\">\r\n\t\t\t\t\t\t<div class=\"faq-item-answer-text\"><p>Sei libero di apportare eventuali modifiche al widget. Ci sono molti layout a tua disposizione nell&#8217;editor e tutti possono essere facilmente personalizzati secondo le tue esigenze. <\/p><\/div>\r\n\t\t\t\t\t<\/div>\r\n\t\t\t\t<\/div><\/div><\/div><div class=\"application-platform-content-item-features application-platform-content-item\" id=\"features\" data-nav-section=\"features\"><h2>Caratteristiche principali del widget Vimeo Gallery<\/h2><p>Per una migliore percezione del plugin, visualizzare l&#8217;elenco delle sue principali funzioni. Rendono il nostro widget estremamente efficiente per te: <\/p><ul><li>L&#8217;opzione per mostrare layout per vari modi di organizzare i video: griglia, playlist, cursore; <\/li><li>Sette dettagli flessibili dell&#8217;intestazione del widget: nome, statistiche, descrizione, pulsante Segui, icona del profilo; <\/li><li>Quattro modalit\u00e0 di gioco pronte all&#8217;uso: Popup, Player, Inline o su Vimeo; <\/li><li>Tre scenari al termine del video: riproduci successivo, riproduci nuovamente, nessuno. <\/li><\/ul><p><a href=\"#demo\">Per verificare altre funzionalit\u00e0, guarda la nostra demo dal vivo<\/a><\/p><\/div><div class=\"application-platform-content-item-installation application-platform-content-item\" id=\"installation\" data-nav-section=\"installation\"><h2>Come incorporare video Vimeo nel sito Web WordPress<\/h2><div class=\"video-container\"><iframe width=\"560\" height=\"315\" src=\"https:\/\/www.youtube.com\/embed\/T2eheWXiVTI?si=Y3DOsrTKoEzeHkE1\" frameborder=\"0\" allow=\"accelerometer; autoplay; clipboard-write; encrypted-media; gyroscope; picture-in-picture; web-share\" allowfullscreen><\/iframe><\/div><p>Segui semplicemente le linee guida riportate di seguito per aggiungere il plug-in su WordPress.<\/p> <ol><li><b>Apri il nostro editor gratuito e inizia a creare il tuo plugin personalizzato. <\/b><br> Specifica l&#8217;interfaccia personalizzata e le specifiche del widget e applica le modifiche. <\/li> <li><b>Acquisisci il tuo codice individuale che viene mostrato nell&#8217;apposito modulo su Elfsight Apps. <\/b><br> Subito dopo aver completato la personalizzazione della tua Galleria Vimeo personale, copia il codice personale nella finestra visualizzata e salvalo per un ulteriore utilizzo. <\/li> <li><b>Inizia ad applicare lo strumento sul sito web WordPress. <\/b><br> Implementa il codice che hai salvato in precedenza nel tuo sito web e salva le correzioni. <\/li> <li><b>Il gioco \u00e8 fatto! L&#8217;incorporamento \u00e8 completamente terminato. <\/b><br> Visita il tuo sito per verificare le prestazioni del plugin. <\/li><\/ol> <p>Non riesci ancora a prendere una decisione? O ti sei imbattuto in qualcosa? Basta scrivere una richiesta al nostro servizio clienti, risolveremo qualsiasi domanda. <\/p><\/div>\n","protected":false},"excerpt":{"rendered":"","protected":false},"author":9,"featured_media":0,"parent":1591,"menu_order":0,"comment_status":"closed","ping_status":"closed","template":"templates\/template-application-platform.php","meta":{"publish_to_discourse":"","publish_post_category":"","wpdc_auto_publish_overridden":"","wpdc_topic_tags":"","wpdc_pin_topic":"","wpdc_pin_until":"","discourse_post_id":"","discourse_permalink":"","wpdc_publishing_response":"","wpdc_publishing_error":"","footnotes":""},"class_list":["post-6507","page","type-page","status-publish","hentry"],"yoast_head":"<!-- This site is optimized with the Yoast SEO plugin v25.3.1 - https:\/\/yoast.com\/wordpress\/plugins\/seo\/ -->\n<title>WordPress Vimeo: aggiungi il plug-in Vimeo al sito Web WordPress [2025]<\/title>\n<meta name=\"description\" content=\"Crea e incorpora il plugin video WordPress per la Galleria Vimeo. Goditi il \u200b\u200bservizio clienti gratuito e altri bonus di Elfsight.\" \/>\n<meta name=\"robots\" content=\"index, follow, max-snippet:-1, max-image-preview:large, max-video-preview:-1\" \/>\n<link rel=\"canonical\" href=\"https:\/\/elfsight.com\/it\/vimeo-video-gallery-widget\/wordpress\/\" \/>\n<meta property=\"og:locale\" content=\"it_IT\" \/>\n<meta property=\"og:type\" content=\"article\" \/>\n<meta property=\"og:title\" content=\"WordPress Vimeo: aggiungi il plug-in Vimeo al sito Web WordPress [2025]\" \/>\n<meta property=\"og:description\" content=\"Crea e incorpora il plugin video WordPress per la Galleria Vimeo. Goditi il \u200b\u200bservizio clienti gratuito e altri bonus di Elfsight.\" \/>\n<meta property=\"og:url\" content=\"https:\/\/elfsight.com\/it\/vimeo-video-gallery-widget\/wordpress\/\" \/>\n<meta property=\"og:site_name\" content=\"Elfsight IT\" \/>\n<meta property=\"article:modified_time\" content=\"2025-03-19T05:30:13+00:00\" \/>\n<meta name=\"twitter:card\" content=\"summary_large_image\" \/>\n<meta name=\"twitter:label1\" content=\"Tempo di lettura stimato\" \/>\n\t<meta name=\"twitter:data1\" content=\"3 minuti\" \/>\n<!-- \/ Yoast SEO plugin. -->","yoast_head_json":{"title":"WordPress Vimeo: aggiungi il plug-in Vimeo al sito Web WordPress [2025]","description":"Crea e incorpora il plugin video WordPress per la Galleria Vimeo. Goditi il \u200b\u200bservizio clienti gratuito e altri bonus di Elfsight.","robots":{"index":"index","follow":"follow","max-snippet":"max-snippet:-1","max-image-preview":"max-image-preview:large","max-video-preview":"max-video-preview:-1"},"canonical":"https:\/\/elfsight.com\/it\/vimeo-video-gallery-widget\/wordpress\/","og_locale":"it_IT","og_type":"article","og_title":"WordPress Vimeo: aggiungi il plug-in Vimeo al sito Web WordPress [2025]","og_description":"Crea e incorpora il plugin video WordPress per la Galleria Vimeo. Goditi il \u200b\u200bservizio clienti gratuito e altri bonus di Elfsight.","og_url":"https:\/\/elfsight.com\/it\/vimeo-video-gallery-widget\/wordpress\/","og_site_name":"Elfsight IT","article_modified_time":"2025-03-19T05:30:13+00:00","twitter_card":"summary_large_image","twitter_misc":{"Tempo di lettura stimato":"3 minuti"},"schema":{"@context":"https:\/\/schema.org","@graph":[{"@type":"WebPage","@id":"https:\/\/elfsight.com\/it\/vimeo-video-gallery-widget\/wordpress\/","url":"https:\/\/elfsight.com\/it\/vimeo-video-gallery-widget\/wordpress\/","name":"WordPress Vimeo: aggiungi il plug-in Vimeo al sito Web WordPress [2025]","isPartOf":{"@id":"https:\/\/elfsight.com\/it\/#website"},"datePublished":"1970-01-01T00:00:00+00:00","dateModified":"2025-03-19T05:30:13+00:00","description":"Crea e incorpora il plugin video WordPress per la Galleria Vimeo. Goditi il \u200b\u200bservizio clienti gratuito e altri bonus di Elfsight.","breadcrumb":{"@id":"https:\/\/elfsight.com\/it\/vimeo-video-gallery-widget\/wordpress\/#breadcrumb"},"inLanguage":"it-IT","potentialAction":[{"@type":"ReadAction","target":["https:\/\/elfsight.com\/it\/vimeo-video-gallery-widget\/wordpress\/"]}]},{"@type":"BreadcrumbList","@id":"https:\/\/elfsight.com\/it\/vimeo-video-gallery-widget\/wordpress\/#breadcrumb","itemListElement":[{"@type":"ListItem","position":1,"name":"Home","item":"https:\/\/elfsight.com\/it\/"},{"@type":"ListItem","position":2,"name":"Vimeo Gallery","item":"https:\/\/elfsight.com\/it\/vimeo-video-gallery-widget\/"},{"@type":"ListItem","position":3,"name":"Vimeo Gallery &#8211; WordPress"}]},{"@type":"WebSite","@id":"https:\/\/elfsight.com\/it\/#website","url":"https:\/\/elfsight.com\/it\/","name":"Elfsight IT","description":"Just another Elfsight Sites site","potentialAction":[{"@type":"SearchAction","target":{"@type":"EntryPoint","urlTemplate":"https:\/\/elfsight.com\/it\/?s={search_term_string}"},"query-input":{"@type":"PropertyValueSpecification","valueRequired":true,"valueName":"search_term_string"}}],"inLanguage":"it-IT"}]}},"meta_box":{"industry":"","seo_heading":"","heading":"","description":"","cta_heading":"","cta_description":"","application":"1590","h1":"Plug-in video Vimeo per WordPress","h1_caption":"Incorpora una galleria di video Vimeo, offrendo un modo semplice per presentare i tuoi contenuti video nel tuo sito Web WordPress senza sforzo.","application_category":[],"applications_title":"","applications_request_title":"","applications_request_button_text":"","hero_text":"","hero_video":"","hero_video_schema_markup":"","selling_points_title":"","selling_points_caption":"","selling_points":[],"selling_points_cta_text":"","features_title":"","features":"","ed_cta_examples_text":"","ed_cta_examples_hidden":"","ed_cta_demo_text":"","ed_cta_demo_hidden":"","why_caption":"","why_editor_title":"","why_editor_text":"","why_team_title":"","why_team_text":"","why_service_title":"","why_service_text":"","template_catalog_visible":"0","template_catalog_title":"","template_catalog_text":"","template_catalog_categories_visible":"","demo_title":"Crea il tuo plugin per la Galleria Vimeo","demo_caption":"Configura la tua Galleria Vimeo e aggiungila gratuitamente al tuo sito WordPress!","default_faq_hidden":"","app_template_category":[],"platform":"28","template_public_id":"","codecanyon_url":"","codecanyon_item_id":"","codecanyon_price":"","pricing_caption":"","pricing_elfsight_apps_hide_column":"","pricing_elfsight_apps_url":"","pricing_codecanyon_price_caption":"","integration_category":[],"integration_request_title":"","integration_request_cta":"","integration_platform":"","integrations":[],"platform_category":[],"video_schema_markup":"","price":"da $ 0 al mese","trial":"","benefits":[{"text":"Servizio di installazione gratuito"},{"text":"Servizio clienti competente"},{"text":"Garanzia di rimborso di 14 giorni"},{"text":"Aggiornamenti gratuiti a vita"}],"button_url":"#demo","button_target_blank":"0","button_nofollow":"0","attributes":[{"name":"Installazioni"},{"name":"Reattivo"},{"name":"Browser compatibili"}],"tags":[],"tags_disable_links":"0","hide_more_platforms":"0","video_object":"","demo_hide_cta":"0","demo_hide_cloud_options":"0","pricing_title":"","pricing":[{"pricing_icon":"platform","pricing_title":"Elfsight Apps","pricing_title_caption":"Soluzione indipendente dalla piattaforma adatta a qualsiasi sito","pricing_price":"da $ 0 \/ mese","pricing_price_caption":"inizia con il piano gratuito","pricing_benefits":[{"text":"Siti web illimitati"},{"text":"Assistenza clienti dedicata e ben documentata"},{"text":"Supporto gratuito per l'installazione"},{"text":"Offerta a tempo limitato per pi\u00f9 app"}],"pricing_button_text":"Aggiungi al sito web","pricing_button_url":"#demo"}],"related_apps_title":"","related_apps_hidden":"0","author":"","image":[],"title":"","job":"","social_networks":[]},"_links":{"self":[{"href":"https:\/\/elfsight.com\/it\/wp-json\/wp\/v2\/pages\/6507","targetHints":{"allow":["GET"]}}],"collection":[{"href":"https:\/\/elfsight.com\/it\/wp-json\/wp\/v2\/pages"}],"about":[{"href":"https:\/\/elfsight.com\/it\/wp-json\/wp\/v2\/types\/page"}],"author":[{"embeddable":true,"href":"https:\/\/elfsight.com\/it\/wp-json\/wp\/v2\/users\/9"}],"replies":[{"embeddable":true,"href":"https:\/\/elfsight.com\/it\/wp-json\/wp\/v2\/comments?post=6507"}],"version-history":[{"count":3,"href":"https:\/\/elfsight.com\/it\/wp-json\/wp\/v2\/pages\/6507\/revisions"}],"predecessor-version":[{"id":9156,"href":"https:\/\/elfsight.com\/it\/wp-json\/wp\/v2\/pages\/6507\/revisions\/9156"}],"up":[{"embeddable":true,"href":"https:\/\/elfsight.com\/it\/wp-json\/wp\/v2\/pages\/1591"}],"wp:attachment":[{"href":"https:\/\/elfsight.com\/it\/wp-json\/wp\/v2\/media?parent=6507"}],"curies":[{"name":"wp","href":"https:\/\/api.w.org\/{rel}","templated":true}]}}