{"id":6506,"date":"1970-01-01T00:00:00","date_gmt":"1970-01-01T00:00:00","guid":{"rendered":"https:\/\/elfsight.com\/it\/?page_id=6506"},"modified":"2024-11-12T08:36:01","modified_gmt":"2024-11-12T08:36:01","slug":"iframe","status":"publish","type":"page","link":"https:\/\/elfsight.com\/it\/vimeo-video-gallery-widget\/iframe\/","title":{"rendered":"Vimeo Gallery &#8211; iFrame"},"content":{"rendered":"<div class=\"application-platform-content-item-description application-platform-content-item\" id=\"description\" data-nav-section=\"description\"><h2>Descrizione<\/h2><p>Elfsight Vimeo Gallery \u00e8 uno strumento semplice per chiunque abbia bisogno di mostrare video Vimeo sul sito. Puoi raccogliere playlist, integrare un intero canale, scegliere i contenuti video pi\u00f9 coinvolgenti per la tua galleria video e altro ancora. Il widget Elfsight offre molteplici impostazioni di progettazione, che aiutano a creare l&#8217;interfaccia per casi diversi. Tre layout posizioneranno i video nel modo migliore, una scelta di modalit\u00e0 di riproduzione render\u00e0 la visualizzazione dei video comoda in ogni caso d&#8217;uso. Grazie all&#8217;header \u00e8 facile, annuncia il tuo canale e ottieni nuovi follower. Il widget Elfsight Vimeo \u00e8 un modo efficace non solo per aumentare il coinvolgimento, ma anche per promuovere la tua attivit\u00e0. <\/p> <div class=\"faq\" data-component=\"FAQ\"><div class=\"faq-item\">\r\n\t\t\t\t\t<div class=\"faq-item-question\">\r\n\t\t\t\t\t\t<h3 class=\"faq-item-question-text\">Come posso aggiungere una Galleria Vimeo al sito iFrame? <\/h3>\r\n\r\n\t\t\t\t\t\t<div class=\"faq-item-question-icon\"><\/div>\r\n\t\t\t\t\t<\/div>\r\n\r\n\t\t\t\t\t<div class=\"faq-item-answer\">\r\n\t\t\t\t\t\t<div class=\"faq-item-answer-text\"><p>La costruzione dello strumento avviene sulle pagine di Elfsight e non \u00e8 necessario imparare a programmare. Utilizza la demo attiva per personalizzare il tuo strumento, ottieni il codice e inseriscilo nel tuo sito. <\/p><\/div>\r\n\t\t\t\t\t<\/div>\r\n\t\t\t\t<\/div><div class=\"faq-item\">\r\n\t\t\t\t\t<div class=\"faq-item-question\">\r\n\t\t\t\t\t\t<h3 class=\"faq-item-question-text\">I migliori esempi di utilizzo dell'integrazione della Galleria video Vimeo<\/h3>\r\n\r\n\t\t\t\t\t\t<div class=\"faq-item-question-icon\"><\/div>\r\n\t\t\t\t\t<\/div>\r\n\r\n\t\t\t\t\t<div class=\"faq-item-answer\">\r\n\t\t\t\t\t\t<div class=\"faq-item-answer-text\"><p>Ti garantiamo numerose opportunit\u00e0 di personalizzazione: widget a lunghezza intera da incorporare nella sezione dei contenuti , widget mobili per funzionalit\u00e0 di scorrimento, layout per pi\u00e8 di pagina, sezione principale e tutte le varianti delle opzioni verticali per barre laterali e menu. <\/p><\/div>\r\n\t\t\t\t\t<\/div>\r\n\t\t\t\t<\/div><div class=\"faq-item\">\r\n\t\t\t\t\t<div class=\"faq-item-question\">\r\n\t\t\t\t\t\t<h3 class=\"faq-item-question-text\">Posso creare una lista o una presentazione Vimeo tramite l'agenzia del tuo editor? <\/h3>\r\n\r\n\t\t\t\t\t\t<div class=\"faq-item-question-icon\"><\/div>\r\n\t\t\t\t\t<\/div>\r\n\r\n\t\t\t\t\t<div class=\"faq-item-answer\">\r\n\t\t\t\t\t\t<div class=\"faq-item-answer-text\"><p>Puoi creare qualsiasi variante del widget. Ci sono tantissimi layout disponibili nell&#8217;editor e tutti possono essere rapidamente personalizzati proprio come preferisci. <\/p><\/div>\r\n\t\t\t\t\t<\/div>\r\n\t\t\t\t<\/div><\/div><\/div><div class=\"application-platform-content-item-features application-platform-content-item\" id=\"features\" data-nav-section=\"features\"><h2>Caratteristiche<\/h2><p>Per farti un&#8217;idea pi\u00f9 chiara di Vimeo iFrame, puoi avere un guarda l&#8217;elenco delle sue funzioni essenziali. Rendono questo widget davvero vantaggioso per il tuo sito web: <\/p><ul><li>Crea una galleria video accattivante;<\/li><li>Scegli manualmente i migliori video del tuo sito;<\/li><li>Utilizza i popup per stimolare il coinvolgimento;<\/li><li>Crea playlist accattivanti;<\/li><li>Varia gli elementi video;<\/li><li>Colora il widget nel modo che preferisci;<\/li><li>Regola il larghezza del widget.<\/li><\/ul><p><a href=\"#demo\">La demo dal vivo ti aprir\u00e0 un elenco completo di funzionalit\u00e0<\/a><\/p><\/div><div class=\"application-platform-content-item-installazione application-platform-content-item\" id=\"installazione\" data-nav-section=\"installazione\"><h2>Come incorporare Vimeo Video iFrame nel sito web<\/h2><p> Un paio di semplici passaggi sono l&#8217;unica cosa che devi fare poich\u00e9 \u00e8 privo di codifica. <\/p><ol><li><b>Genera il tuo plugin Vimeo personalizzato<\/b><br> Mediante il nostro editor gratuito, genera un widget con il layout e le caratteristiche funzionali che preferisci. <\/li><li><b>Ottieni il codice personale per visualizzare il plugin<\/b><br> Dopo aver creato il tuo widget reattivo, riceverai il codice di installazione dalla finestra popup su Elfsight Apps. Copia questo codice. <\/li> <li><b>Aggiungi il plugin al tuo sito iFrame<\/b><br> Vai nel punto in cui desideri incorporare il widget e inserisci l\u00ec il codice salvato. Pubblica le modifiche. <\/li> <li><b>L&#8217;incorporamento \u00e8 stato eseguito con successo!<\/b><br> Visita lo store per visualizzare il tuo video Vimeo. <\/li> <\/ol><p>Non riesci ancora a decidere? Oppure hai problemi? \u00c8 sufficiente indirizzare una richiesta al nostro team di supporto per risolvere ogni problema. <\/p><\/div>","protected":false},"excerpt":{"rendered":"","protected":false},"author":9,"featured_media":0,"parent":1591,"menu_order":0,"comment_status":"closed","ping_status":"closed","template":"templates\/template-application-platform.php","meta":{"publish_to_discourse":"","publish_post_category":"","wpdc_auto_publish_overridden":"","wpdc_topic_tags":"","wpdc_pin_topic":"","wpdc_pin_until":"","discourse_post_id":"","discourse_permalink":"","wpdc_publishing_response":"","wpdc_publishing_error":"","footnotes":""},"class_list":["post-6506","page","type-page","status-publish","hentry"],"yoast_head":"<!-- This site is optimized with the Yoast SEO plugin v25.3.1 - https:\/\/yoast.com\/wordpress\/plugins\/seo\/ -->\n<title>iFrame Vimeo: aggiungi il widget Galleria Vimeo al sito Web iFrame [2026]<\/title>\n<meta name=\"description\" content=\"Con Elfsight, dai forma al tuo Vimeo Video iFrame e pubblicalo sul tuo sito web con facilit\u00e0. Offriamo un servizio clienti gratuito e pi\u00f9 bonus.\" \/>\n<meta name=\"robots\" content=\"index, follow, max-snippet:-1, max-image-preview:large, max-video-preview:-1\" \/>\n<link rel=\"canonical\" href=\"https:\/\/elfsight.com\/it\/vimeo-video-gallery-widget\/iframe\/\" \/>\n<meta property=\"og:locale\" content=\"it_IT\" \/>\n<meta property=\"og:type\" content=\"article\" \/>\n<meta property=\"og:title\" content=\"iFrame Vimeo: aggiungi il widget Galleria Vimeo al sito Web iFrame [2026]\" \/>\n<meta property=\"og:description\" content=\"Con Elfsight, dai forma al tuo Vimeo Video iFrame e pubblicalo sul tuo sito web con facilit\u00e0. Offriamo un servizio clienti gratuito e pi\u00f9 bonus.\" \/>\n<meta property=\"og:url\" content=\"https:\/\/elfsight.com\/it\/vimeo-video-gallery-widget\/iframe\/\" \/>\n<meta property=\"og:site_name\" content=\"Elfsight IT\" \/>\n<meta property=\"article:modified_time\" content=\"2024-11-12T08:36:01+00:00\" \/>\n<meta name=\"twitter:card\" content=\"summary_large_image\" \/>\n<meta name=\"twitter:label1\" content=\"Tempo di lettura stimato\" \/>\n\t<meta name=\"twitter:data1\" content=\"3 minuti\" \/>\n<!-- \/ Yoast SEO plugin. -->","yoast_head_json":{"title":"iFrame Vimeo: aggiungi il widget Galleria Vimeo al sito Web iFrame [2026]","description":"Con Elfsight, dai forma al tuo Vimeo Video iFrame e pubblicalo sul tuo sito web con facilit\u00e0. Offriamo un servizio clienti gratuito e pi\u00f9 bonus.","robots":{"index":"index","follow":"follow","max-snippet":"max-snippet:-1","max-image-preview":"max-image-preview:large","max-video-preview":"max-video-preview:-1"},"canonical":"https:\/\/elfsight.com\/it\/vimeo-video-gallery-widget\/iframe\/","og_locale":"it_IT","og_type":"article","og_title":"iFrame Vimeo: aggiungi il widget Galleria Vimeo al sito Web iFrame [2026]","og_description":"Con Elfsight, dai forma al tuo Vimeo Video iFrame e pubblicalo sul tuo sito web con facilit\u00e0. Offriamo un servizio clienti gratuito e pi\u00f9 bonus.","og_url":"https:\/\/elfsight.com\/it\/vimeo-video-gallery-widget\/iframe\/","og_site_name":"Elfsight IT","article_modified_time":"2024-11-12T08:36:01+00:00","twitter_card":"summary_large_image","twitter_misc":{"Tempo di lettura stimato":"3 minuti"},"schema":{"@context":"https:\/\/schema.org","@graph":[{"@type":"WebPage","@id":"https:\/\/elfsight.com\/it\/vimeo-video-gallery-widget\/iframe\/","url":"https:\/\/elfsight.com\/it\/vimeo-video-gallery-widget\/iframe\/","name":"iFrame Vimeo: aggiungi il widget Galleria Vimeo al sito Web iFrame [2026]","isPartOf":{"@id":"https:\/\/elfsight.com\/it\/#website"},"datePublished":"1970-01-01T00:00:00+00:00","dateModified":"2024-11-12T08:36:01+00:00","description":"Con Elfsight, dai forma al tuo Vimeo Video iFrame e pubblicalo sul tuo sito web con facilit\u00e0. Offriamo un servizio clienti gratuito e pi\u00f9 bonus.","breadcrumb":{"@id":"https:\/\/elfsight.com\/it\/vimeo-video-gallery-widget\/iframe\/#breadcrumb"},"inLanguage":"it-IT","potentialAction":[{"@type":"ReadAction","target":["https:\/\/elfsight.com\/it\/vimeo-video-gallery-widget\/iframe\/"]}]},{"@type":"BreadcrumbList","@id":"https:\/\/elfsight.com\/it\/vimeo-video-gallery-widget\/iframe\/#breadcrumb","itemListElement":[{"@type":"ListItem","position":1,"name":"Home","item":"https:\/\/elfsight.com\/it\/"},{"@type":"ListItem","position":2,"name":"Vimeo Gallery","item":"https:\/\/elfsight.com\/it\/vimeo-video-gallery-widget\/"},{"@type":"ListItem","position":3,"name":"Vimeo Gallery &#8211; iFrame"}]},{"@type":"WebSite","@id":"https:\/\/elfsight.com\/it\/#website","url":"https:\/\/elfsight.com\/it\/","name":"Elfsight IT","description":"Just another Elfsight Sites site","potentialAction":[{"@type":"SearchAction","target":{"@type":"EntryPoint","urlTemplate":"https:\/\/elfsight.com\/it\/?s={search_term_string}"},"query-input":{"@type":"PropertyValueSpecification","valueRequired":true,"valueName":"search_term_string"}}],"inLanguage":"it-IT"}]}},"meta_box":{"industry":"","seo_heading":"","heading":"","description":"","cta_heading":"","cta_description":"","application":"1590","h1":"Galleria video iFrame Vimeo","h1_caption":"Incorpora una galleria di video Vimeo, offrendo un modo semplice per presentare i tuoi contenuti video nel tuo sito Web iFrame senza sforzo.","application_category":[],"applications_title":"","applications_request_title":"","applications_request_button_text":"","hero_text":"","hero_video":"","hero_video_schema_markup":"","selling_points_title":"","selling_points_caption":"","selling_points":[],"selling_points_cta_text":"","features_title":"","features":"","ed_cta_examples_text":"","ed_cta_examples_hidden":"","ed_cta_demo_text":"","ed_cta_demo_hidden":"","why_caption":"","why_editor_title":"","why_editor_text":"","why_team_title":"","why_team_text":"","why_service_title":"","why_service_text":"","template_catalog_visible":"","template_catalog_title":"","template_catalog_text":"","template_catalog_categories_visible":"","demo_title":"Crea il tuo widget Galleria Vimeo","demo_caption":"Configura la tua Galleria Vimeo e aggiungila gratuitamente al tuo sito iFrame!","default_faq_hidden":"","app_template_category":[],"platform":"54","template_public_id":"","codecanyon_url":"","codecanyon_item_id":"","codecanyon_price":"","pricing_caption":"","pricing_elfsight_apps_hide_column":"","pricing_elfsight_apps_url":"","pricing_codecanyon_price_caption":"","integration_category":[],"integration_request_title":"","integration_request_cta":"","integration_platform":"","integrations":[],"platform_category":[],"video_schema_markup":"","price":"da $ 0 al mese","trial":"","benefits":[{"text":"Assistenza gratuita per l'installazione"},{"text":"Servizio clienti professionale"},{"text":"Garanzia di rimborso di 14 giorni"},{"text":"Miglioramenti gratuiti continui"}],"button_url":"#demo","button_target_blank":"","button_nofollow":"","attributes":[{"name":"Installazioni"},{"name":"Reattivo"},{"name":"Browser compatibili"}],"tags":[],"tags_disable_links":"","hide_more_platforms":"","video_object":"","demo_hide_cta":"","demo_hide_cloud_options":"","pricing_title":"","pricing":[{"pricing_icon":"platform","pricing_title":"Elfsight Apps","pricing_title_caption":"Soluzione digitale multipiattaforma che funziona su qualsiasi sito","pricing_price":"da $ 0 \/ mese","pricing_price_caption":"inizia con il piano gratuito","pricing_benefits":[{"text":"Numero illimitato di siti web"},{"text":"Supporto professionale e puntuale"},{"text":"Servizio di installazione gratuito"},{"text":"Prezzo speciale per pi\u00f9 app"}],"pricing_button_text":"Aggiungi al sito web","pricing_button_url":"#demo"}],"related_apps_title":"","related_apps_hidden":"","author":"","image":[],"title":"","job":"","social_networks":[]},"_links":{"self":[{"href":"https:\/\/elfsight.com\/it\/wp-json\/wp\/v2\/pages\/6506","targetHints":{"allow":["GET"]}}],"collection":[{"href":"https:\/\/elfsight.com\/it\/wp-json\/wp\/v2\/pages"}],"about":[{"href":"https:\/\/elfsight.com\/it\/wp-json\/wp\/v2\/types\/page"}],"author":[{"embeddable":true,"href":"https:\/\/elfsight.com\/it\/wp-json\/wp\/v2\/users\/9"}],"replies":[{"embeddable":true,"href":"https:\/\/elfsight.com\/it\/wp-json\/wp\/v2\/comments?post=6506"}],"version-history":[{"count":1,"href":"https:\/\/elfsight.com\/it\/wp-json\/wp\/v2\/pages\/6506\/revisions"}],"predecessor-version":[{"id":6510,"href":"https:\/\/elfsight.com\/it\/wp-json\/wp\/v2\/pages\/6506\/revisions\/6510"}],"up":[{"embeddable":true,"href":"https:\/\/elfsight.com\/it\/wp-json\/wp\/v2\/pages\/1591"}],"wp:attachment":[{"href":"https:\/\/elfsight.com\/it\/wp-json\/wp\/v2\/media?parent=6506"}],"curies":[{"name":"wp","href":"https:\/\/api.w.org\/{rel}","templated":true}]}}