{"id":6501,"date":"1970-01-01T00:00:00","date_gmt":"1970-01-01T00:00:00","guid":{"rendered":"https:\/\/elfsight.com\/it\/?page_id=6501"},"modified":"2024-11-12T08:31:37","modified_gmt":"2024-11-12T08:31:37","slug":"facebook","status":"publish","type":"page","link":"https:\/\/elfsight.com\/it\/vimeo-video-gallery-widget\/facebook\/","title":{"rendered":"Vimeo Gallery &#8211; Facebook Page"},"content":{"rendered":"<div class=\"application-platform-content-item-description application-platform-content-item\" id=\"description\" data-nav-section=\"description\"><h2>Descrizione<\/h2><p>Elfsight Vimeo Gallery \u00e8 uno strumento semplice per coloro che desiderano integrare video nella pagina. Puoi assemblare playlist, mostrare canali, selezionare i contenuti video pi\u00f9 coinvolgenti per la tua galleria e altro ancora. Il widget Elfsight Vimeo offre comode impostazioni di progettazione, che aiutano a creare l&#8217;interfaccia per vari casi. Tre layout posizioneranno i contenuti nel modo migliore, molteplici modalit\u00e0 di riproduzione rendono comoda la visualizzazione dei tuoi video in ogni caso d&#8217;uso. Con l&#8217;aiuto dell&#8217;intestazione flessibile \u00e8 facile presentare il tuo account Vimeo e ottenere nuovi abbonati. Elfsight Video Gallery sar\u00e0 un modo efficace non solo per aumentare il coinvolgimento, ma anche per far crescere la tua attivit\u00e0. <\/p><p><b>Mostra video e canali Vimeo sul tuo sito, con facilit\u00e0!<\/b><\/p><\/div><div class=\"application-platform-content-item-features application-platform-content-item\" id=\"features\" data-nav-section=\"features\"><h2>Funzionalit\u00e0<\/h2> <p>Per comprendere appieno il widget, controlla l&#8217;elenco delle caratteristiche principali. Rendono il widget incredibilmente efficiente per te: <\/p><ul><li>L&#8217;opzione per incorporare determinati layout per diversi modi di organizzare i video: griglia, playlist, cursore;<\/li><li>7 dettagli del widget intestazione: nome, statistiche, descrizione, pulsante Segui, icona profilo;<\/li><li>Quattro modalit\u00e0 di gioco pronte all&#8217;uso: Popup, Player, Inline o su Vimeo;<\/li><li>Tre varianti dopo il video termina: riproduci successivo, ripeti, nessuno.<\/li><\/ul><p><a href=\"#demo\">Scopri altre funzionalit\u00e0 nella demo dal vivo<\/a><\/p><\/div> <div class=\"application-platform-content-item-installazione application-platform-content-item\" id=\"installazione\" data-nav-section=\"installazione\"><h2>Come incorporare video Vimeo nella pagina Facebook<\/h2><p>Questi diversi passaggi sono l&#8217;unica cosa che devi fare per integrare il widget. <\/p><ul><li><b>Costruisci la tua personale Galleria Vimeo<\/b><br>Con l&#8217;aiuto del nostro configuratore gratuito, crea un widget con un design personalizzato e aggiungi fonti. <\/li><li><b>Acquisisci il codice individuale per aggiungere il widget<\/b><br>Dopo aver configurato il tuo widget, riceverai il codice di installazione dalla notifica visualizzata sulle app Elfsight. Copialo. <\/li><li><b>Aggiungi la scheda Vimeo alla pagina Facebook<\/b><br> Crea la tua scheda Facebook personalizzata. Inserisci nella scheda il codice che hai ricevuto su elfsight apps. In caso di problemi, consulta la nostra guida su <a href=\"https:\/\/elfsight.com\/blog\/how-to-add-custom-tab-to-facebook-page\/\" target=\"_blank\" rel=\"noopener noreferrer\">creazione di una scheda Facebook personalizzata<\/a><\/li><li><b>Installazione completata con successo<\/b><br>Visita la pagina per vedere i tuoi video Vimeo.<\/li><\/ul><p>Non riesci ancora a decidere? O ti sei imbattuto in qualcosa? Basta una singola richiesta al nostro dipartimento di assistenza clienti per risolvere ogni questione. <\/p><\/div>","protected":false},"excerpt":{"rendered":"","protected":false},"author":9,"featured_media":0,"parent":1591,"menu_order":0,"comment_status":"closed","ping_status":"closed","template":"templates\/template-application-platform.php","meta":{"publish_to_discourse":"","publish_post_category":"","wpdc_auto_publish_overridden":"","wpdc_topic_tags":"","wpdc_pin_topic":"","wpdc_pin_until":"","discourse_post_id":"","discourse_permalink":"","wpdc_publishing_response":"","wpdc_publishing_error":"","footnotes":""},"class_list":["post-6501","page","type-page","status-publish","hentry"],"yoast_head":"<!-- This site is optimized with the Yoast SEO plugin v25.3.1 - https:\/\/yoast.com\/wordpress\/plugins\/seo\/ -->\n<title>Facebook Vimeo: incorpora il widget Vimeo nel sito web della pagina Facebook<\/title>\n<meta name=\"description\" content=\"\u00c8 assolutamente semplice creare il tuo widget video Vimeo e incorporarlo nella tua pagina Facebook. L&#039;assistenza clienti Elfsight \u00e8 gratuita.\" \/>\n<meta name=\"robots\" content=\"index, follow, max-snippet:-1, max-image-preview:large, max-video-preview:-1\" \/>\n<link rel=\"canonical\" href=\"https:\/\/elfsight.com\/it\/vimeo-video-gallery-widget\/facebook\/\" \/>\n<meta property=\"og:locale\" content=\"it_IT\" \/>\n<meta property=\"og:type\" content=\"article\" \/>\n<meta property=\"og:title\" content=\"Facebook Vimeo: incorpora il widget Vimeo nel sito web della pagina Facebook\" \/>\n<meta property=\"og:description\" content=\"\u00c8 assolutamente semplice creare il tuo widget video Vimeo e incorporarlo nella tua pagina Facebook. L&#039;assistenza clienti Elfsight \u00e8 gratuita.\" \/>\n<meta property=\"og:url\" content=\"https:\/\/elfsight.com\/it\/vimeo-video-gallery-widget\/facebook\/\" \/>\n<meta property=\"og:site_name\" content=\"Elfsight IT\" \/>\n<meta property=\"article:modified_time\" content=\"2024-11-12T08:31:37+00:00\" \/>\n<meta name=\"twitter:card\" content=\"summary_large_image\" \/>\n<meta name=\"twitter:label1\" content=\"Tempo di lettura stimato\" \/>\n\t<meta name=\"twitter:data1\" content=\"2 minuti\" \/>\n<!-- \/ Yoast SEO plugin. -->","yoast_head_json":{"title":"Facebook Vimeo: incorpora il widget Vimeo nel sito web della pagina Facebook","description":"\u00c8 assolutamente semplice creare il tuo widget video Vimeo e incorporarlo nella tua pagina Facebook. L'assistenza clienti Elfsight \u00e8 gratuita.","robots":{"index":"index","follow":"follow","max-snippet":"max-snippet:-1","max-image-preview":"max-image-preview:large","max-video-preview":"max-video-preview:-1"},"canonical":"https:\/\/elfsight.com\/it\/vimeo-video-gallery-widget\/facebook\/","og_locale":"it_IT","og_type":"article","og_title":"Facebook Vimeo: incorpora il widget Vimeo nel sito web della pagina Facebook","og_description":"\u00c8 assolutamente semplice creare il tuo widget video Vimeo e incorporarlo nella tua pagina Facebook. L'assistenza clienti Elfsight \u00e8 gratuita.","og_url":"https:\/\/elfsight.com\/it\/vimeo-video-gallery-widget\/facebook\/","og_site_name":"Elfsight IT","article_modified_time":"2024-11-12T08:31:37+00:00","twitter_card":"summary_large_image","twitter_misc":{"Tempo di lettura stimato":"2 minuti"},"schema":{"@context":"https:\/\/schema.org","@graph":[{"@type":"WebPage","@id":"https:\/\/elfsight.com\/it\/vimeo-video-gallery-widget\/facebook\/","url":"https:\/\/elfsight.com\/it\/vimeo-video-gallery-widget\/facebook\/","name":"Facebook Vimeo: incorpora il widget Vimeo nel sito web della pagina Facebook","isPartOf":{"@id":"https:\/\/elfsight.com\/it\/#website"},"datePublished":"1970-01-01T00:00:00+00:00","dateModified":"2024-11-12T08:31:37+00:00","description":"\u00c8 assolutamente semplice creare il tuo widget video Vimeo e incorporarlo nella tua pagina Facebook. L'assistenza clienti Elfsight \u00e8 gratuita.","breadcrumb":{"@id":"https:\/\/elfsight.com\/it\/vimeo-video-gallery-widget\/facebook\/#breadcrumb"},"inLanguage":"it-IT","potentialAction":[{"@type":"ReadAction","target":["https:\/\/elfsight.com\/it\/vimeo-video-gallery-widget\/facebook\/"]}]},{"@type":"BreadcrumbList","@id":"https:\/\/elfsight.com\/it\/vimeo-video-gallery-widget\/facebook\/#breadcrumb","itemListElement":[{"@type":"ListItem","position":1,"name":"Home","item":"https:\/\/elfsight.com\/it\/"},{"@type":"ListItem","position":2,"name":"Vimeo Gallery","item":"https:\/\/elfsight.com\/it\/vimeo-video-gallery-widget\/"},{"@type":"ListItem","position":3,"name":"Vimeo Gallery &#8211; Facebook Page"}]},{"@type":"WebSite","@id":"https:\/\/elfsight.com\/it\/#website","url":"https:\/\/elfsight.com\/it\/","name":"Elfsight IT","description":"Just another Elfsight Sites site","potentialAction":[{"@type":"SearchAction","target":{"@type":"EntryPoint","urlTemplate":"https:\/\/elfsight.com\/it\/?s={search_term_string}"},"query-input":{"@type":"PropertyValueSpecification","valueRequired":true,"valueName":"search_term_string"}}],"inLanguage":"it-IT"}]}},"meta_box":{"industry":"","seo_heading":"","heading":"","description":"","cta_heading":"","cta_description":"","application":"1590","h1":"Incorpora video Vimeo su Facebook","h1_caption":"Incorpora una galleria di video Vimeo, offrendo un modo semplice per presentare i tuoi contenuti video nel sito web della tua pagina Facebook senza sforzo.","application_category":[],"applications_title":"","applications_request_title":"","applications_request_button_text":"","hero_text":"","hero_video":"","hero_video_schema_markup":"","selling_points_title":"","selling_points_caption":"","selling_points":[],"selling_points_cta_text":"","features_title":"","features":"","ed_cta_examples_text":"","ed_cta_examples_hidden":"","ed_cta_demo_text":"","ed_cta_demo_hidden":"","why_caption":"","why_editor_title":"","why_editor_text":"","why_team_title":"","why_team_text":"","why_service_title":"","why_service_text":"","template_catalog_visible":"","template_catalog_title":"","template_catalog_text":"","template_catalog_categories_visible":"","demo_title":"Crea il tuo widget Galleria Vimeo","demo_caption":"Configura la tua Galleria Vimeo e aggiungila gratuitamente al sito della tua Pagina Facebook!","default_faq_hidden":"","app_template_category":[],"platform":"77","template_public_id":"","codecanyon_url":"","codecanyon_item_id":"","codecanyon_price":"","pricing_caption":"","pricing_elfsight_apps_hide_column":"","pricing_elfsight_apps_url":"","pricing_codecanyon_price_caption":"","integration_category":[],"integration_request_title":"","integration_request_cta":"","integration_platform":"","integrations":[],"platform_category":[],"video_schema_markup":"","price":"da $ 0 al mese","trial":"","benefits":[{"text":"Aiuto per l'installazione gratuito"},{"text":"Supporto premium"},{"text":"Garanzia di rimborso di 14 giorni"},{"text":"Aggiornamenti continui"}],"button_url":"#demo","button_target_blank":"","button_nofollow":"","attributes":[{"name":"Installazioni"},{"name":"Reattivo"},{"name":"Browser compatibili"}],"tags":[],"tags_disable_links":"","hide_more_platforms":"","video_object":"","demo_hide_cta":"","demo_hide_cloud_options":"","pricing_title":"","pricing":[{"pricing_icon":"platform","pricing_title":"Elfsight Apps","pricing_title_caption":"Versione multipiattaforma","pricing_price":"da $ 0 \/ mese","pricing_price_caption":"inizia con il piano gratuito","pricing_benefits":[{"text":"Domini illimitati"},{"text":"Supporto veloce"},{"text":"Supporto gratuito per l'installazione"},{"text":"Offerta speciale per pi\u00f9 app"}],"pricing_button_text":"Aggiungi al sito web","pricing_button_url":"#demo"}],"related_apps_title":"","related_apps_hidden":"","author":"","image":[],"title":"","job":"","social_networks":[]},"_links":{"self":[{"href":"https:\/\/elfsight.com\/it\/wp-json\/wp\/v2\/pages\/6501","targetHints":{"allow":["GET"]}}],"collection":[{"href":"https:\/\/elfsight.com\/it\/wp-json\/wp\/v2\/pages"}],"about":[{"href":"https:\/\/elfsight.com\/it\/wp-json\/wp\/v2\/types\/page"}],"author":[{"embeddable":true,"href":"https:\/\/elfsight.com\/it\/wp-json\/wp\/v2\/users\/9"}],"replies":[{"embeddable":true,"href":"https:\/\/elfsight.com\/it\/wp-json\/wp\/v2\/comments?post=6501"}],"version-history":[{"count":1,"href":"https:\/\/elfsight.com\/it\/wp-json\/wp\/v2\/pages\/6501\/revisions"}],"predecessor-version":[{"id":6505,"href":"https:\/\/elfsight.com\/it\/wp-json\/wp\/v2\/pages\/6501\/revisions\/6505"}],"up":[{"embeddable":true,"href":"https:\/\/elfsight.com\/it\/wp-json\/wp\/v2\/pages\/1591"}],"wp:attachment":[{"href":"https:\/\/elfsight.com\/it\/wp-json\/wp\/v2\/media?parent=6501"}],"curies":[{"name":"wp","href":"https:\/\/api.w.org\/{rel}","templated":true}]}}