{"id":6493,"date":"1970-01-01T00:00:00","date_gmt":"1970-01-01T00:00:00","guid":{"rendered":"https:\/\/elfsight.com\/it\/?page_id=6493"},"modified":"2024-11-11T11:26:36","modified_gmt":"2024-11-11T11:26:36","slug":"godaddy","status":"publish","type":"page","link":"https:\/\/elfsight.com\/it\/vimeo-video-gallery-widget\/godaddy\/","title":{"rendered":"Vimeo Gallery &#8211; GoDaddy"},"content":{"rendered":"<div class=\"application-platform-content-item-description application-platform-content-item\" id=\"description\" data-nav-section=\"description\"> <h2>Incorpora Vimeo Gallery su GoDaddy con il widget Elfsight<\/h2> <p>Elfsight Vimeo Gallery \u00e8 un semplice plugin per i proprietari di siti web GoDaddy che sono disposto a integrare video Vimeo sul sito web. Puoi raccogliere playlist, mostrare canali, selezionare i contenuti video pi\u00f9 coinvolgenti per la tua galleria video e altro ancora. Elfsight Vimeo Gallery offre comode impostazioni di progettazione, che aiutano a creare l&#8217;interfaccia per vari casi. Tre layout posizioneranno i contenuti nel modo migliore, molteplici modalit\u00e0 di riproduzione rendono comoda la visualizzazione dei tuoi video in ogni caso d&#8217;uso. Con l&#8217;aiuto dell&#8217;intestazione flessibile \u00e8 facile presentare il tuo account Vimeo e ottenere nuovi abbonati. Elfsight Vimeo Gallery sar\u00e0 un modo efficace non solo per aumentare il coinvolgimento, ma anche per far crescere la tua attivit\u00e0. <\/p> <p><b><\/b><\/p> <\/div> <div class=\"application-platform-content-item-features application-platform-content-item\" id=\"features\" data-nav-section=\"features\"> <h2>Trova di seguito le caratteristiche principali del plugin: <\/h2> <ul><li>Aggiunta di layout per vari modi di organizzare i video: griglia, playlist, cursore; <\/li><li>Sette componenti controllati dell&#8217;intestazione: nome, statistiche, descrizione, pulsante Segui, immagine del profilo; <\/li><li>Quattro modalit\u00e0 di gioco integrate: Popup, Player, Inline o su Vimeo; <\/li><li>Tre scenari al termine del video: riproduci successivo, riproduci nuovamente, nessuno; <\/li><\/ul><p><a href=\"#demo\">Puoi verificare se il plugin fa per te provando la demo<\/a><\/p> <\/div> <div class=\"application-platform-content-item- installazione application-platform-content-item\" id=\" installazione\" data-nav-section=\" installazione\"> <h2>Come faccio a incorporare la Galleria Vimeo nel mio sito web GoDaddy? <\/h2> <p>Segui semplicemente le linee guida seguenti per incorporare il plugin. <\/p> <ol><li><b>Esegui il nostro configuratore gratuito e inizia a creare il tuo plugin unico. <\/b><br> Scegli il modulo personalizzato e gli aspetti del plugin e salva le correzioni. <\/li> <li><b>Ricevi il codice personale che appare nel riquadro su Elfsight Apps. <\/b><br> Subito dopo aver completato la configurazione del tuo plugin personale, copia il codice esclusivo dalla finestra visualizzata e salvalo per un utilizzo futuro. <\/li> <li><b>Inizia a utilizzare il plug-in sul sito GoDaddy. <\/b><br> Integra il codice salvato in precedenza nella tua home page e applica le modifiche. <\/li> <li><b>L&#8217;installazione \u00e8 completamente terminata. <\/b><br> Vai al tuo sito per vedere come funziona il plugin. <\/li><\/ol> <p>A condizione di affrontare domande o scontrarsi con qualsiasi difficolt\u00e0, sentiti libero di metterti in contatto con il nostro personale di supporto. I nostri consulenti non vedono l&#8217;ora di aiutarti con tutte le difficolt\u00e0 che potresti incontrare con il plugin. <\/p> <div class=\"faq\" data-component=\"FAQ\"><div class=\"faq-item\">\r\n\t\t\t\t\t<div class=\"faq-item-question\">\r\n\t\t\t\t\t\t<h3 class=\"faq-item-question-text\">Come posso incorporare il plug-in GoDaddy Vimeo Gallery nel mio sito Web senza competenze di codifica?<\/h3>\r\n\r\n\t\t\t\t\t\t<div class=\"faq-item-question-icon\"><\/div>\r\n\t\t\t\t\t<\/div>\r\n\r\n\t\t\t\t\t<div class=\"faq-item-answer\">\r\n\t\t\t\t\t\t<div class=\"faq-item-answer-text\"><p>Elfsight fornisce una soluzione basata su cloud che consente agli utenti di creare un plug-in GoDaddy Vimeo Gallery da soli. Osserva quanto pu\u00f2 essere semplice il processo:<\/p><ul><li>Accedi all&#8217;editor online per generare una sezione del plug-in della Galleria Vimeo di GoDaddy che desideri integrare nel tuo sito web.<\/li><li>Seleziona uno dei i nostri modelli predefiniti e personalizza le impostazioni del plug-in GoDaddy Vimeo Gallery, modifica il layout e la combinazione di colori, includi i tuoi contenuti senza alcuna necessit\u00e0 di codifica.<\/li><li>Conserva le impostazioni che hai configurato per il plug-in GoDaddy Vimeo Gallery e ottieni il codice per l&#8217;incorporamento, che pu\u00f2 essere inserito facilmente e gratuitamente nel tuo sito web.<\/li><\/ul><p>Lavorando nell&#8217;editor intuitivo, qualsiasi utente di Internet pu\u00f2 creare una sezione plug-in della GoDaddy Vimeo Gallery e incorporarlo nel loro sito web. Non \u00e8 richiesto il pagamento o la divulgazione dei dati della tua carta per accedere all&#8217;editor Elfsight. Se riscontri difficolt\u00e0 in qualsiasi momento, non esitare a contattare la nostra assistenza clienti.<\/p><\/div>\r\n\t\t\t\t\t<\/div>\r\n\t\t\t\t<\/div><\/div><\/div>","protected":false},"excerpt":{"rendered":"","protected":false},"author":9,"featured_media":0,"parent":1591,"menu_order":0,"comment_status":"closed","ping_status":"closed","template":"templates\/template-application-platform.php","meta":{"publish_to_discourse":"","publish_post_category":"","wpdc_auto_publish_overridden":"","wpdc_topic_tags":"","wpdc_pin_topic":"","wpdc_pin_until":"","discourse_post_id":"","discourse_permalink":"","wpdc_publishing_response":"","wpdc_publishing_error":"","footnotes":""},"class_list":["post-6493","page","type-page","status-publish","hentry"],"yoast_head":"<!-- This site is optimized with the Yoast SEO plugin v25.3.1 - https:\/\/yoast.com\/wordpress\/plugins\/seo\/ -->\n<title>Galleria Vimeo: aggiungi il plug-in Galleria Vimeo al sito Web GoDaddy!<\/title>\n<meta name=\"description\" content=\"\u00c8 assolutamente semplice creare il plug-in della Galleria Vimeo e aggiungerlo al tuo sito GoDaddy. L&#039;assistenza clienti Elfsight \u00e8 gratuita.\" \/>\n<meta name=\"robots\" content=\"index, follow, max-snippet:-1, max-image-preview:large, max-video-preview:-1\" \/>\n<link rel=\"canonical\" href=\"https:\/\/elfsight.com\/it\/vimeo-video-gallery-widget\/godaddy\/\" \/>\n<meta property=\"og:locale\" content=\"it_IT\" \/>\n<meta property=\"og:type\" content=\"article\" \/>\n<meta property=\"og:title\" content=\"Galleria Vimeo: aggiungi il plug-in Galleria Vimeo al sito Web GoDaddy!\" \/>\n<meta property=\"og:description\" content=\"\u00c8 assolutamente semplice creare il plug-in della Galleria Vimeo e aggiungerlo al tuo sito GoDaddy. L&#039;assistenza clienti Elfsight \u00e8 gratuita.\" \/>\n<meta property=\"og:url\" content=\"https:\/\/elfsight.com\/it\/vimeo-video-gallery-widget\/godaddy\/\" \/>\n<meta property=\"og:site_name\" content=\"Elfsight IT\" \/>\n<meta property=\"article:modified_time\" content=\"2024-11-11T11:26:36+00:00\" \/>\n<meta name=\"twitter:card\" content=\"summary_large_image\" \/>\n<meta name=\"twitter:label1\" content=\"Tempo di lettura stimato\" \/>\n\t<meta name=\"twitter:data1\" content=\"3 minuti\" \/>\n<!-- \/ Yoast SEO plugin. -->","yoast_head_json":{"title":"Galleria Vimeo: aggiungi il plug-in Galleria Vimeo al sito Web GoDaddy!","description":"\u00c8 assolutamente semplice creare il plug-in della Galleria Vimeo e aggiungerlo al tuo sito GoDaddy. L'assistenza clienti Elfsight \u00e8 gratuita.","robots":{"index":"index","follow":"follow","max-snippet":"max-snippet:-1","max-image-preview":"max-image-preview:large","max-video-preview":"max-video-preview:-1"},"canonical":"https:\/\/elfsight.com\/it\/vimeo-video-gallery-widget\/godaddy\/","og_locale":"it_IT","og_type":"article","og_title":"Galleria Vimeo: aggiungi il plug-in Galleria Vimeo al sito Web GoDaddy!","og_description":"\u00c8 assolutamente semplice creare il plug-in della Galleria Vimeo e aggiungerlo al tuo sito GoDaddy. L'assistenza clienti Elfsight \u00e8 gratuita.","og_url":"https:\/\/elfsight.com\/it\/vimeo-video-gallery-widget\/godaddy\/","og_site_name":"Elfsight IT","article_modified_time":"2024-11-11T11:26:36+00:00","twitter_card":"summary_large_image","twitter_misc":{"Tempo di lettura stimato":"3 minuti"},"schema":{"@context":"https:\/\/schema.org","@graph":[{"@type":"WebPage","@id":"https:\/\/elfsight.com\/it\/vimeo-video-gallery-widget\/godaddy\/","url":"https:\/\/elfsight.com\/it\/vimeo-video-gallery-widget\/godaddy\/","name":"Galleria Vimeo: aggiungi il plug-in Galleria Vimeo al sito Web GoDaddy!","isPartOf":{"@id":"https:\/\/elfsight.com\/it\/#website"},"datePublished":"1970-01-01T00:00:00+00:00","dateModified":"2024-11-11T11:26:36+00:00","description":"\u00c8 assolutamente semplice creare il plug-in della Galleria Vimeo e aggiungerlo al tuo sito GoDaddy. L'assistenza clienti Elfsight \u00e8 gratuita.","breadcrumb":{"@id":"https:\/\/elfsight.com\/it\/vimeo-video-gallery-widget\/godaddy\/#breadcrumb"},"inLanguage":"it-IT","potentialAction":[{"@type":"ReadAction","target":["https:\/\/elfsight.com\/it\/vimeo-video-gallery-widget\/godaddy\/"]}]},{"@type":"BreadcrumbList","@id":"https:\/\/elfsight.com\/it\/vimeo-video-gallery-widget\/godaddy\/#breadcrumb","itemListElement":[{"@type":"ListItem","position":1,"name":"Home","item":"https:\/\/elfsight.com\/it\/"},{"@type":"ListItem","position":2,"name":"Vimeo Gallery","item":"https:\/\/elfsight.com\/it\/vimeo-video-gallery-widget\/"},{"@type":"ListItem","position":3,"name":"Vimeo Gallery &#8211; GoDaddy"}]},{"@type":"WebSite","@id":"https:\/\/elfsight.com\/it\/#website","url":"https:\/\/elfsight.com\/it\/","name":"Elfsight IT","description":"Just another Elfsight Sites site","potentialAction":[{"@type":"SearchAction","target":{"@type":"EntryPoint","urlTemplate":"https:\/\/elfsight.com\/it\/?s={search_term_string}"},"query-input":{"@type":"PropertyValueSpecification","valueRequired":true,"valueName":"search_term_string"}}],"inLanguage":"it-IT"}]}},"meta_box":{"industry":"","seo_heading":"","heading":"","description":"","cta_heading":"","cta_description":"","application":"1590","h1":"Plug-in della Galleria Vimeo di GoDaddy","h1_caption":"Incorpora una galleria di video Vimeo, offrendo un modo semplice per presentare i tuoi contenuti video nel tuo sito web GoDaddy senza sforzo.","application_category":[],"applications_title":"","applications_request_title":"","applications_request_button_text":"","hero_text":"","hero_video":"","hero_video_schema_markup":"","selling_points_title":"","selling_points_caption":"","selling_points":[],"selling_points_cta_text":"","features_title":"","features":"","ed_cta_examples_text":"","ed_cta_examples_hidden":"","ed_cta_demo_text":"","ed_cta_demo_hidden":"","why_caption":"","why_editor_title":"","why_editor_text":"","why_team_title":"","why_team_text":"","why_service_title":"","why_service_text":"","template_catalog_visible":"","template_catalog_title":"","template_catalog_text":"","template_catalog_categories_visible":"","demo_title":"Crea il tuo plugin per la Galleria Vimeo","demo_caption":"Configura la tua Galleria Vimeo e aggiungila gratuitamente al tuo sito web GoDaddy!","default_faq_hidden":"","app_template_category":[],"platform":"53","template_public_id":"","codecanyon_url":"","codecanyon_item_id":"","codecanyon_price":"","pricing_caption":"","pricing_elfsight_apps_hide_column":"","pricing_elfsight_apps_url":"","pricing_codecanyon_price_caption":"","integration_category":[],"integration_request_title":"","integration_request_cta":"","integration_platform":"","integrations":[],"platform_category":[],"video_schema_markup":"","price":"da $ 0 al mese","trial":"","benefits":[{"text":"Aiuto gratuito per l'installazione"},{"text":"Servizio clienti efficace"},{"text":"Garanzia di rimborso di 14 giorni"},{"text":"Sviluppo continuo"}],"button_url":"#demo","button_target_blank":"","button_nofollow":"","attributes":[{"name":"Installazioni"},{"name":"Reattivo"},{"name":"Browser compatibili"}],"tags":[],"tags_disable_links":"","hide_more_platforms":"","video_object":"","demo_hide_cta":"","demo_hide_cloud_options":"","pricing_title":"","pricing":[{"pricing_icon":"platform","pricing_title":"Elfsight Apps","pricing_title_caption":"Software multipiattaforma adatto a qualsiasi sito","pricing_price":"da $ 0 \/ mese","pricing_price_caption":"inizia con il piano gratuito","pricing_benefits":[{"text":"Siti web illimitati"},{"text":"Supporto aziendale gratuito e ben documentato"},{"text":"Aiuto per l'installazione gratuito"},{"text":"Progettazione flessibile"}],"pricing_button_text":"Aggiungi al sito web","pricing_button_url":"#demo"}],"related_apps_title":"","related_apps_hidden":"","author":"","image":[],"title":"","job":"","social_networks":[]},"_links":{"self":[{"href":"https:\/\/elfsight.com\/it\/wp-json\/wp\/v2\/pages\/6493","targetHints":{"allow":["GET"]}}],"collection":[{"href":"https:\/\/elfsight.com\/it\/wp-json\/wp\/v2\/pages"}],"about":[{"href":"https:\/\/elfsight.com\/it\/wp-json\/wp\/v2\/types\/page"}],"author":[{"embeddable":true,"href":"https:\/\/elfsight.com\/it\/wp-json\/wp\/v2\/users\/9"}],"replies":[{"embeddable":true,"href":"https:\/\/elfsight.com\/it\/wp-json\/wp\/v2\/comments?post=6493"}],"version-history":[{"count":1,"href":"https:\/\/elfsight.com\/it\/wp-json\/wp\/v2\/pages\/6493\/revisions"}],"predecessor-version":[{"id":6497,"href":"https:\/\/elfsight.com\/it\/wp-json\/wp\/v2\/pages\/6493\/revisions\/6497"}],"up":[{"embeddable":true,"href":"https:\/\/elfsight.com\/it\/wp-json\/wp\/v2\/pages\/1591"}],"wp:attachment":[{"href":"https:\/\/elfsight.com\/it\/wp-json\/wp\/v2\/media?parent=6493"}],"curies":[{"name":"wp","href":"https:\/\/api.w.org\/{rel}","templated":true}]}}