{"id":6483,"date":"1970-01-01T00:00:00","date_gmt":"1970-01-01T00:00:00","guid":{"rendered":"https:\/\/elfsight.com\/it\/?page_id=6483"},"modified":"2025-03-21T03:50:26","modified_gmt":"2025-03-21T03:50:26","slug":"drupal","status":"publish","type":"page","link":"https:\/\/elfsight.com\/it\/viber-chat-widget\/drupal\/","title":{"rendered":"Viber Chat &#8211; Drupal"},"content":{"rendered":"\n<div class=\"application-platform-content-item-description application-platform-content-item\" id=\"description\" data-nav-section=\"description\"> <h2>Descrizione<\/h2><p>Viber Chat di Elfsight \u00e8 uno dei modi pi\u00f9 pratici con cui i visitatori del sito web possono rivolgersi a te tramite il tuo sito web. Ogni utente ricever\u00e0 rapidamente soluzioni alle sue domande o supporto da te. Rimani disponibile dal vivo in una delle chat pi\u00f9 utilizzate senza sosta. Puoi scegliere Elfsight Viber Chat per visualizzare l&#8217;app su pagine specifiche e indirizzarla a determinate categorie di pubblico. Il widget ha molte possibilit\u00e0 di personalizzazione: assegna gli avviatori di avvio della chat, componi il tuo messaggio di benvenuto, seleziona icone e altre funzionalit\u00e0. Avendo Viber Chat sulla tua pagina rimarrai in contatto con le persone in ogni momento e da qualsiasi luogo.<\/p><p><b>Aggiungi Viber Chat per raggiungere i tuoi obiettivi di business pi\u00f9 facilmente!<\/b><\/p><\/div> <div class=\"application-platform-content-item-features application-platform-content-item\" id=\"features\" data-nav-section=\"features\"> <h2>Di seguito trovi le funzionalit\u00e0 di base del widget:<\/h2><ul><li>Una libreria di icone a bolle tra cui scegliere<\/li><li>Opzione per modificare il testo delle bolle <\/li><li>Intestazione della chat con logo della pagina, nome e didascalia<\/li><li>Nome della chat modificabile<\/li><li>5 varianti del tempo di risposta nella didascalia della finestra di chat<\/li><li> Un&#8217;opzione per scegliere un testo personalizzato come didascalia della chat<\/li><li>Pulsante Avvia chat con testo modificabile<\/li><\/ul><p><a href=\"#demo\">Prova semplicemente questa demo per ottenere il massimo idea<\/a><\/p><\/div> <div class=\"application-platform-content-item-installation application-platform-content-item\" id=\"installation\" data-nav-section=\"installation\"> <h2>Come aggiungere Viber Chat al mio Drupal?<\/h2><p>Basta applicare le istruzioni seguenti per inserire lo strumento su Drupal.<\/p> <ol><li><b>Utilizza il nostro editor gratuito e inizia a dare forma alla tua chat Viber personalizzata. <\/b><br> Specifica il design e gli aspetti desiderati del modulo e salva le correzioni. <\/li> <li><b>Ricevi il codice individuale esposto nella finestra su Elfsight Apps. <\/b><br> Una volta terminata la generazione del tuo plugin personale, copia il codice personale nella casella emersa e conservalo per un utilizzo futuro. <\/li> <li><b>Inizia a utilizzare lo strumento sul sito Web Drupal. <\/b><br> Inserisci il codice che hai salvato di recente nel tuo sito web e salva i miglioramenti. <\/li> <li><b>Fatto! La configurazione \u00e8 completamente eseguita. <\/b><br> Visita il tuo sito per verificare le prestazioni del modulo. <\/li><\/ol><p>In caso di difficolt\u00e0, non esitare a rivolgerti al nostro team di supporto. Il nostro personale non vede l&#8217;ora di aiutarti con tutti i problemi che potresti avere con il widget.<\/p><div class=\"faq\" data-component=\"FAQ\"> <div class=\"faq-item\">\r\n\t\t\t\t\t<div class=\"faq-item-question\">\r\n\t\t\t\t\t\t<h3 class=\"faq-item-question-text\">Come aggiungere Viber Chat al mio sito Drupal senza competenze di programmazione?<\/h3>\r\n\r\n\t\t\t\t\t\t<div class=\"faq-item-question-icon\"><\/div>\r\n\t\t\t\t\t<\/div>\r\n\r\n\t\t\t\t\t<div class=\"faq-item-answer\">\r\n\t\t\t\t\t\t<div class=\"faq-item-answer-text\"> <p>Elfsight fornisce una soluzione SaaS che ti consente di creare tu stesso un widget Viber Chat, scopri quanto \u00e8 semplice il processo: lavora direttamente nell&#8217;editor online per creare un widget Viber Chat che vorresti vedere sul tuo sito Drupal. Scegli uno dei modelli predefiniti e regola le impostazioni di Viber Chat, aggiungi i tuoi contenuti, modifica il layout e i colori senza competenze di codifica. Salva la chat di Viber e copia il codice di installazione, che potrai incorporare facilmente nel tuo sito Drupal senza dover acquistare un piano a pagamento. Con il nostro editor intuitivo qualsiasi utente di Internet pu\u00f2 creare un widget Viber Chat online e incorporarlo facilmente nel proprio sito Web Drupal. Non \u00e8 necessario pagare o inserire le credenziali della carta per accedere al servizio. In caso di problemi in qualsiasi momento, non esitate a contattare il nostro team di supporto tecnico.<\/p> <\/div>\r\n\t\t\t\t\t<\/div>\r\n\t\t\t\t<\/div> <\/div> <\/div>\n","protected":false},"excerpt":{"rendered":"","protected":false},"author":9,"featured_media":0,"parent":2950,"menu_order":0,"comment_status":"closed","ping_status":"closed","template":"templates\/template-application-platform.php","meta":{"publish_to_discourse":"","publish_post_category":"","wpdc_auto_publish_overridden":"","wpdc_topic_tags":"","wpdc_pin_topic":"","wpdc_pin_until":"","discourse_post_id":"","discourse_permalink":"","wpdc_publishing_response":"","wpdc_publishing_error":"","footnotes":""},"class_list":["post-6483","page","type-page","status-publish","hentry"],"yoast_head":"<!-- This site is optimized with the Yoast SEO plugin v25.3.1 - https:\/\/yoast.com\/wordpress\/plugins\/seo\/ -->\n<title>Aggiungi Viber Chat al sito Web Drupal senza codifica (2026)<\/title>\n<meta name=\"description\" content=\"Integra Viber con il tuo sito per una connessione migliore e rapida con i visitatori. Prova subito la demo di Elfsight per dare forma al tuo plugin unico.\" \/>\n<meta name=\"robots\" content=\"index, follow, max-snippet:-1, max-image-preview:large, max-video-preview:-1\" \/>\n<link rel=\"canonical\" href=\"https:\/\/elfsight.com\/it\/viber-chat-widget\/drupal\/\" \/>\n<meta property=\"og:locale\" content=\"it_IT\" \/>\n<meta property=\"og:type\" content=\"article\" \/>\n<meta property=\"og:title\" content=\"Aggiungi Viber Chat al sito Web Drupal senza codifica (2026)\" \/>\n<meta property=\"og:description\" content=\"Integra Viber con il tuo sito per una connessione migliore e rapida con i visitatori. Prova subito la demo di Elfsight per dare forma al tuo plugin unico.\" \/>\n<meta property=\"og:url\" content=\"https:\/\/elfsight.com\/it\/viber-chat-widget\/drupal\/\" \/>\n<meta property=\"og:site_name\" content=\"Elfsight IT\" \/>\n<meta property=\"article:modified_time\" content=\"2025-03-21T03:50:26+00:00\" \/>\n<meta name=\"twitter:card\" content=\"summary_large_image\" \/>\n<meta name=\"twitter:label1\" content=\"Tempo di lettura stimato\" \/>\n\t<meta name=\"twitter:data1\" content=\"3 minuti\" \/>\n<!-- \/ Yoast SEO plugin. -->","yoast_head_json":{"title":"Aggiungi Viber Chat al sito Web Drupal senza codifica (2026)","description":"Integra Viber con il tuo sito per una connessione migliore e rapida con i visitatori. Prova subito la demo di Elfsight per dare forma al tuo plugin unico.","robots":{"index":"index","follow":"follow","max-snippet":"max-snippet:-1","max-image-preview":"max-image-preview:large","max-video-preview":"max-video-preview:-1"},"canonical":"https:\/\/elfsight.com\/it\/viber-chat-widget\/drupal\/","og_locale":"it_IT","og_type":"article","og_title":"Aggiungi Viber Chat al sito Web Drupal senza codifica (2026)","og_description":"Integra Viber con il tuo sito per una connessione migliore e rapida con i visitatori. Prova subito la demo di Elfsight per dare forma al tuo plugin unico.","og_url":"https:\/\/elfsight.com\/it\/viber-chat-widget\/drupal\/","og_site_name":"Elfsight IT","article_modified_time":"2025-03-21T03:50:26+00:00","twitter_card":"summary_large_image","twitter_misc":{"Tempo di lettura stimato":"3 minuti"},"schema":{"@context":"https:\/\/schema.org","@graph":[{"@type":"WebPage","@id":"https:\/\/elfsight.com\/it\/viber-chat-widget\/drupal\/","url":"https:\/\/elfsight.com\/it\/viber-chat-widget\/drupal\/","name":"Aggiungi Viber Chat al sito Web Drupal senza codifica (2026)","isPartOf":{"@id":"https:\/\/elfsight.com\/it\/#website"},"datePublished":"1970-01-01T00:00:00+00:00","dateModified":"2025-03-21T03:50:26+00:00","description":"Integra Viber con il tuo sito per una connessione migliore e rapida con i visitatori. Prova subito la demo di Elfsight per dare forma al tuo plugin unico.","breadcrumb":{"@id":"https:\/\/elfsight.com\/it\/viber-chat-widget\/drupal\/#breadcrumb"},"inLanguage":"it-IT","potentialAction":[{"@type":"ReadAction","target":["https:\/\/elfsight.com\/it\/viber-chat-widget\/drupal\/"]}]},{"@type":"BreadcrumbList","@id":"https:\/\/elfsight.com\/it\/viber-chat-widget\/drupal\/#breadcrumb","itemListElement":[{"@type":"ListItem","position":1,"name":"Home","item":"https:\/\/elfsight.com\/it\/"},{"@type":"ListItem","position":2,"name":"Viber Chat","item":"https:\/\/elfsight.com\/it\/viber-chat-widget\/"},{"@type":"ListItem","position":3,"name":"Viber Chat &#8211; Drupal"}]},{"@type":"WebSite","@id":"https:\/\/elfsight.com\/it\/#website","url":"https:\/\/elfsight.com\/it\/","name":"Elfsight IT","description":"Just another Elfsight Sites site","potentialAction":[{"@type":"SearchAction","target":{"@type":"EntryPoint","urlTemplate":"https:\/\/elfsight.com\/it\/?s={search_term_string}"},"query-input":{"@type":"PropertyValueSpecification","valueRequired":true,"valueName":"search_term_string"}}],"inLanguage":"it-IT"}]}},"meta_box":{"industry":"","seo_heading":"","heading":"","description":"","cta_heading":"","cta_description":"","application":"2949","h1":"Chat Drupal Viber","h1_caption":"Offri Viber come canale di comunicazione sul tuo sito web, consentendo ai visitatori di raggiungere facilmente il tuo sito Drupal.","application_category":[],"applications_title":"","applications_request_title":"","applications_request_button_text":"","hero_text":"","hero_video":"","hero_video_schema_markup":"","selling_points_title":"","selling_points_caption":"","selling_points":[],"selling_points_cta_text":"","features_title":"","features":"","ed_cta_examples_text":"","ed_cta_examples_hidden":"","ed_cta_demo_text":"","ed_cta_demo_hidden":"","why_caption":"","why_editor_title":"","why_editor_text":"","why_team_title":"","why_team_text":"","why_service_title":"","why_service_text":"","template_catalog_visible":"0","template_catalog_title":"","template_catalog_text":"","template_catalog_categories_visible":"","demo_title":"Crea il tuo modulo Viber Chat","demo_caption":"Configura la tua chat Viber e aggiungila gratuitamente al tuo sito Drupal!","default_faq_hidden":"","app_template_category":[],"platform":"34","template_public_id":"","codecanyon_url":"","codecanyon_item_id":"","codecanyon_price":"","pricing_caption":"","pricing_elfsight_apps_hide_column":"","pricing_elfsight_apps_url":"","pricing_codecanyon_price_caption":"","integration_category":[],"integration_request_title":"","integration_request_cta":"","integration_platform":"","integrations":[],"platform_category":[],"video_schema_markup":"","price":"da $ 0 al mese","trial":"","benefits":[{"text":"Servizio di installazione gratuito"},{"text":"Assistenza clienti con esperienza"},{"text":"Garanzia di rimborso di 14 giorni"},{"text":"Aggiornamenti futuri"}],"button_url":"#demo","button_target_blank":"0","button_nofollow":"0","attributes":[{"name":"Installazioni"},{"name":"Reattivo"},{"name":"Browser compatibili"}],"tags":[],"tags_disable_links":"0","hide_more_platforms":"0","video_object":"","demo_hide_cta":"0","demo_hide_cloud_options":"0","pricing_title":"","pricing":[{"pricing_icon":"platform","pricing_title":"Elfsight Apps","pricing_title_caption":"Software multipiattaforma adatto a qualsiasi sito web","pricing_price":"da $ 0 \/ mese","pricing_price_caption":"inizia con il piano gratuito","pricing_benefits":[{"text":"Domini illimitati"},{"text":"Supporto aziendale professionale e ben documentato"},{"text":"Aiuto per l'installazione gratuito"},{"text":"Offerta speciale per pi\u00f9 app"}],"pricing_button_text":"Aggiungi al sito web","pricing_button_url":"#demo"}],"related_apps_title":"","related_apps_hidden":"0","author":"","image":[],"title":"","job":"","social_networks":[]},"_links":{"self":[{"href":"https:\/\/elfsight.com\/it\/wp-json\/wp\/v2\/pages\/6483","targetHints":{"allow":["GET"]}}],"collection":[{"href":"https:\/\/elfsight.com\/it\/wp-json\/wp\/v2\/pages"}],"about":[{"href":"https:\/\/elfsight.com\/it\/wp-json\/wp\/v2\/types\/page"}],"author":[{"embeddable":true,"href":"https:\/\/elfsight.com\/it\/wp-json\/wp\/v2\/users\/9"}],"replies":[{"embeddable":true,"href":"https:\/\/elfsight.com\/it\/wp-json\/wp\/v2\/comments?post=6483"}],"version-history":[{"count":2,"href":"https:\/\/elfsight.com\/it\/wp-json\/wp\/v2\/pages\/6483\/revisions"}],"predecessor-version":[{"id":9441,"href":"https:\/\/elfsight.com\/it\/wp-json\/wp\/v2\/pages\/6483\/revisions\/9441"}],"up":[{"embeddable":true,"href":"https:\/\/elfsight.com\/it\/wp-json\/wp\/v2\/pages\/2950"}],"wp:attachment":[{"href":"https:\/\/elfsight.com\/it\/wp-json\/wp\/v2\/media?parent=6483"}],"curies":[{"name":"wp","href":"https:\/\/api.w.org\/{rel}","templated":true}]}}