{"id":6469,"date":"1970-01-01T00:00:00","date_gmt":"1970-01-01T00:00:00","guid":{"rendered":"https:\/\/elfsight.com\/it\/?page_id=6469"},"modified":"2025-03-21T03:55:11","modified_gmt":"2025-03-21T03:55:11","slug":"html","status":"publish","type":"page","link":"https:\/\/elfsight.com\/it\/viber-chat-widget\/html\/","title":{"rendered":"Viber Chat &#8211; HTML"},"content":{"rendered":"\n<div class=\"application-platform-content-item-description application-platform-content-item\" id=\"description\" data-nav-section=\"description\"> <h2>Descrizione<\/h2><p>Elfsight Viber Chat \u00e8 la possibilit\u00e0 pi\u00f9 pratica per i visitatori del sito web di raggiungerti rimanendo sul tuo sito web. Ogni utente ricever\u00e0 rapidamente risposte alle sue domande o supporto da te. Potrai rimanere disponibile dal vivo in uno dei messenger pi\u00f9 utilizzati. Puoi scegliere che la chat di Elfsight Viber appaia su pagine particolari e indirizzarla a determinati gruppi di visitatori. Esistono numerose possibilit\u00e0 di personalizzazione: scegli gli attivatori di avvio della chat, crea il tuo testo di benvenuto, seleziona le icone e molto altro. Utilizzando Viber Chat sul tuo sito rimarrai raggiungibile per i visitatori in qualsiasi momento e in qualsiasi luogo.<\/p><p><b>Aggiungi Viber Chat per affrontare le tue sfide aziendali con meno sforzo!<\/b><\/p><\/div> <div class=\"application-platform-content-item-features application-platform-content-item\" id=\"features\" data-nav-section=\"features\"> <h2>Visualizza l&#8217;elenco delle funzionalit\u00e0 pi\u00f9 importanti:<\/h2><ul><li>Una raccolta di icone a bolle tra cui scegliere<\/li><li>Bolla modificabile testo<\/li><li>Intestazione della chat con logo, nome e didascalia della pagina<\/li><li>Selezionare l&#8217;immagine della pagina per impostazione predefinita, dalla raccolta o caricare la propria immagine<\/li><li>Un&#8217;opzione tra cui scegliere testo personalizzato come didascalia<\/li><li>Il testo del pulsante Avvia chat pu\u00f2 essere modificato<\/li><\/ul><p><a href=\"#demo\">Esamina tutte le impostazioni nella demo completa<\/a><\/p><\/div> <div class=\"application-platform-content-item-installation application-platform-content-item\" id=\"installation\" data-nav-section=\"installation\"> <h2>Come posso aggiungere Viber Chat al mio sito web HTML?<\/h2><p>Basta seguire un paio di passaggi indicati di seguito per attivare lo strumento .<\/p><ol><li><b>Esegui il nostro editor gratuito e inizia a dare forma al tuo widget personalizzato.<\/b><br>Determina il design e la funzionalit\u00e0 preferiti del widget e salva le modifiche.<\/li> <li><b>Copia il codice personale che appare nel box su Elfsight Apps<\/b><br>Non appena la personalizzazione del tuo widget personale sar\u00e0 completata, copia il codice individuale dal box che appare e conservalo per ulteriore utilizzo.<\/li><li><b>Accedi all&#8217;utilizzo del plugin sulla home page HTML<\/b><br>Implementa il codice copiato in precedenza nella tua home page e salva le modifiche.<\/li><li><b>Fatto! L&#8217;integrazione \u00e8 completamente terminata<\/b><br>Visita la tua pagina web per vedere come funziona lo strumento.<\/li><\/ol><p>Se riscontri alcune difficolt\u00e0, non esitare a scrivere al nostro team di assistenza clienti . Il nostro personale \u00e8 desideroso di aiutarti con tutti i problemi che potresti avere con il widget.<\/p><div class=\"faq\" data-component=\"FAQ\"> <div class=\"faq-item\">\r\n\t\t\t\t\t<div class=\"faq-item-question\">\r\n\t\t\t\t\t\t<h3 class=\"faq-item-question-text\">Come posso aggiungere Viber Chat al mio sito Web HTML senza competenze di programmazione?<\/h3>\r\n\r\n\t\t\t\t\t\t<div class=\"faq-item-question-icon\"><\/div>\r\n\t\t\t\t\t<\/div>\r\n\r\n\t\t\t\t\t<div class=\"faq-item-answer\">\r\n\t\t\t\t\t\t<div class=\"faq-item-answer-text\"> <p>Elfsight fornisce una soluzione SaaS che ti consente di creare tu stesso un widget Viber Chat, scopri quanto \u00e8 semplice il processo: lavora direttamente nell&#8217;editor online per creare un widget Viber Chat che vorresti vedere sul tuo sito web HTML. Scegli uno dei modelli predefiniti e regola le impostazioni di Viber Chat, aggiungi i tuoi contenuti, modifica il layout e i colori senza alcuna abilit\u00e0 di codifica. Salva la chat di Viber e copia il suo codice di installazione, cos\u00ec potrai semplicemente aggiungerlo al tuo sito HTML senza acquistare un piano a pagamento. Con il nostro editor intuitivo qualsiasi utente di Internet pu\u00f2 creare un widget Viber Chat online e incorporarlo facilmente nel proprio sito Web HTML. Non \u00e8 necessario pagare o inserire le credenziali della carta per accedere al servizio. In caso di problemi in qualsiasi momento, non esitate a contattare il nostro team di supporto tecnico.<\/p> <\/div>\r\n\t\t\t\t\t<\/div>\r\n\t\t\t\t<\/div> <\/div> <\/div>\n","protected":false},"excerpt":{"rendered":"","protected":false},"author":9,"featured_media":0,"parent":2950,"menu_order":0,"comment_status":"closed","ping_status":"closed","template":"templates\/template-application-platform.php","meta":{"publish_to_discourse":"","publish_post_category":"","wpdc_auto_publish_overridden":"","wpdc_topic_tags":"","wpdc_pin_topic":"","wpdc_pin_until":"","discourse_post_id":"","discourse_permalink":"","wpdc_publishing_response":"","wpdc_publishing_error":"","footnotes":""},"class_list":["post-6469","page","type-page","status-publish","hentry"],"yoast_head":"<!-- This site is optimized with the Yoast SEO plugin v25.3.1 - https:\/\/yoast.com\/wordpress\/plugins\/seo\/ -->\n<title>Aggiungi Viber Chat al sito Web HTML senza codifica (2025)<\/title>\n<meta name=\"description\" content=\"Incorpora Viber Chat nel sito web per una connessione fluida e veloce con i visitatori. Prova Elfsight freedemo per creare subito il tuo plugin.\" \/>\n<meta name=\"robots\" content=\"index, follow, max-snippet:-1, max-image-preview:large, max-video-preview:-1\" \/>\n<link rel=\"canonical\" href=\"https:\/\/elfsight.com\/it\/viber-chat-widget\/html\/\" \/>\n<meta property=\"og:locale\" content=\"it_IT\" \/>\n<meta property=\"og:type\" content=\"article\" \/>\n<meta property=\"og:title\" content=\"Aggiungi Viber Chat al sito Web HTML senza codifica (2025)\" \/>\n<meta property=\"og:description\" content=\"Incorpora Viber Chat nel sito web per una connessione fluida e veloce con i visitatori. Prova Elfsight freedemo per creare subito il tuo plugin.\" \/>\n<meta property=\"og:url\" content=\"https:\/\/elfsight.com\/it\/viber-chat-widget\/html\/\" \/>\n<meta property=\"og:site_name\" content=\"Elfsight IT\" \/>\n<meta property=\"article:modified_time\" content=\"2025-03-21T03:55:11+00:00\" \/>\n<meta name=\"twitter:card\" content=\"summary_large_image\" \/>\n<meta name=\"twitter:label1\" content=\"Tempo di lettura stimato\" \/>\n\t<meta name=\"twitter:data1\" content=\"3 minuti\" \/>\n<!-- \/ Yoast SEO plugin. -->","yoast_head_json":{"title":"Aggiungi Viber Chat al sito Web HTML senza codifica (2025)","description":"Incorpora Viber Chat nel sito web per una connessione fluida e veloce con i visitatori. Prova Elfsight freedemo per creare subito il tuo plugin.","robots":{"index":"index","follow":"follow","max-snippet":"max-snippet:-1","max-image-preview":"max-image-preview:large","max-video-preview":"max-video-preview:-1"},"canonical":"https:\/\/elfsight.com\/it\/viber-chat-widget\/html\/","og_locale":"it_IT","og_type":"article","og_title":"Aggiungi Viber Chat al sito Web HTML senza codifica (2025)","og_description":"Incorpora Viber Chat nel sito web per una connessione fluida e veloce con i visitatori. Prova Elfsight freedemo per creare subito il tuo plugin.","og_url":"https:\/\/elfsight.com\/it\/viber-chat-widget\/html\/","og_site_name":"Elfsight IT","article_modified_time":"2025-03-21T03:55:11+00:00","twitter_card":"summary_large_image","twitter_misc":{"Tempo di lettura stimato":"3 minuti"},"schema":{"@context":"https:\/\/schema.org","@graph":[{"@type":"WebPage","@id":"https:\/\/elfsight.com\/it\/viber-chat-widget\/html\/","url":"https:\/\/elfsight.com\/it\/viber-chat-widget\/html\/","name":"Aggiungi Viber Chat al sito Web HTML senza codifica (2025)","isPartOf":{"@id":"https:\/\/elfsight.com\/it\/#website"},"datePublished":"1970-01-01T00:00:00+00:00","dateModified":"2025-03-21T03:55:11+00:00","description":"Incorpora Viber Chat nel sito web per una connessione fluida e veloce con i visitatori. Prova Elfsight freedemo per creare subito il tuo plugin.","breadcrumb":{"@id":"https:\/\/elfsight.com\/it\/viber-chat-widget\/html\/#breadcrumb"},"inLanguage":"it-IT","potentialAction":[{"@type":"ReadAction","target":["https:\/\/elfsight.com\/it\/viber-chat-widget\/html\/"]}]},{"@type":"BreadcrumbList","@id":"https:\/\/elfsight.com\/it\/viber-chat-widget\/html\/#breadcrumb","itemListElement":[{"@type":"ListItem","position":1,"name":"Home","item":"https:\/\/elfsight.com\/it\/"},{"@type":"ListItem","position":2,"name":"Viber Chat","item":"https:\/\/elfsight.com\/it\/viber-chat-widget\/"},{"@type":"ListItem","position":3,"name":"Viber Chat &#8211; HTML"}]},{"@type":"WebSite","@id":"https:\/\/elfsight.com\/it\/#website","url":"https:\/\/elfsight.com\/it\/","name":"Elfsight IT","description":"Just another Elfsight Sites site","potentialAction":[{"@type":"SearchAction","target":{"@type":"EntryPoint","urlTemplate":"https:\/\/elfsight.com\/it\/?s={search_term_string}"},"query-input":{"@type":"PropertyValueSpecification","valueRequired":true,"valueName":"search_term_string"}}],"inLanguage":"it-IT"}]}},"meta_box":{"industry":"","seo_heading":"","heading":"","description":"","cta_heading":"","cta_description":"","application":"2949","h1":"Chat HTML di Viber","h1_caption":"Offri Viber come canale di comunicazione sul tuo sito web, consentendo ai visitatori di raggiungere facilmente il tuo sito web HTML.","application_category":[],"applications_title":"","applications_request_title":"","applications_request_button_text":"","hero_text":"","hero_video":"","hero_video_schema_markup":"","selling_points_title":"","selling_points_caption":"","selling_points":[],"selling_points_cta_text":"","features_title":"","features":"","ed_cta_examples_text":"","ed_cta_examples_hidden":"","ed_cta_demo_text":"","ed_cta_demo_hidden":"","why_caption":"","why_editor_title":"","why_editor_text":"","why_team_title":"","why_team_text":"","why_service_title":"","why_service_text":"","template_catalog_visible":"0","template_catalog_title":"","template_catalog_text":"","template_catalog_categories_visible":"","demo_title":"Crea il tuo widget Viber Chat","demo_caption":"Configura la tua chat Viber e aggiungila gratuitamente al tuo sito Web HTML!","default_faq_hidden":"","app_template_category":[],"platform":"35","template_public_id":"","codecanyon_url":"","codecanyon_item_id":"","codecanyon_price":"","pricing_caption":"","pricing_elfsight_apps_hide_column":"","pricing_elfsight_apps_url":"","pricing_codecanyon_price_caption":"","integration_category":[],"integration_request_title":"","integration_request_cta":"","integration_platform":"","integrations":[],"platform_category":[],"video_schema_markup":"","price":"da $ 0 al mese","trial":"","benefits":[{"text":"Aiuto per l'installazione gratuito"},{"text":"Supporto premium"},{"text":"Garanzia di rimborso di 14 giorni"},{"text":"Aggiornamenti gratuiti continui"}],"button_url":"#demo","button_target_blank":"0","button_nofollow":"0","attributes":[{"name":"Installazioni"},{"name":"Reattivo"},{"name":"Browser compatibili"}],"tags":[],"tags_disable_links":"0","hide_more_platforms":"0","video_object":"","demo_hide_cta":"0","demo_hide_cloud_options":"0","pricing_title":"","pricing":[{"pricing_icon":"platform","pricing_title":"Elfsight Apps","pricing_title_caption":"Software multipiattaforma","pricing_price":"da $ 0 \/ mese","pricing_price_caption":"inizia con il piano gratuito","pricing_benefits":[{"text":"Siti web illimitati"},{"text":"Supporto premium e puntuale"},{"text":"Assistenza per l'installazione gratuita"},{"text":"Offerta speciale per pi\u00f9 app"}],"pricing_button_text":"Aggiungi al sito web","pricing_button_url":"#demo"}],"related_apps_title":"","related_apps_hidden":"0","author":"","image":[],"title":"","job":"","social_networks":[]},"_links":{"self":[{"href":"https:\/\/elfsight.com\/it\/wp-json\/wp\/v2\/pages\/6469","targetHints":{"allow":["GET"]}}],"collection":[{"href":"https:\/\/elfsight.com\/it\/wp-json\/wp\/v2\/pages"}],"about":[{"href":"https:\/\/elfsight.com\/it\/wp-json\/wp\/v2\/types\/page"}],"author":[{"embeddable":true,"href":"https:\/\/elfsight.com\/it\/wp-json\/wp\/v2\/users\/9"}],"replies":[{"embeddable":true,"href":"https:\/\/elfsight.com\/it\/wp-json\/wp\/v2\/comments?post=6469"}],"version-history":[{"count":2,"href":"https:\/\/elfsight.com\/it\/wp-json\/wp\/v2\/pages\/6469\/revisions"}],"predecessor-version":[{"id":9448,"href":"https:\/\/elfsight.com\/it\/wp-json\/wp\/v2\/pages\/6469\/revisions\/9448"}],"up":[{"embeddable":true,"href":"https:\/\/elfsight.com\/it\/wp-json\/wp\/v2\/pages\/2950"}],"wp:attachment":[{"href":"https:\/\/elfsight.com\/it\/wp-json\/wp\/v2\/media?parent=6469"}],"curies":[{"name":"wp","href":"https:\/\/api.w.org\/{rel}","templated":true}]}}