{"id":6466,"date":"1970-01-01T00:00:00","date_gmt":"1970-01-01T00:00:00","guid":{"rendered":"https:\/\/elfsight.com\/it\/?page_id=6466"},"modified":"2025-03-21T03:56:34","modified_gmt":"2025-03-21T03:56:34","slug":"shopify","status":"publish","type":"page","link":"https:\/\/elfsight.com\/it\/viber-chat-widget\/shopify\/","title":{"rendered":"Viber Chat &#8211; Shopify"},"content":{"rendered":"\n<div class=\"application-platform-content-item-description application-platform-content-item\" id=\"description\" data-nav-section=\"description\"> <h2>Incorpora Viber Chat su Shopify con il widget Elfsight<\/h2><p>Elfsight Viber Chat \u00e8 uno degli strumenti pi\u00f9 utili su cui gli utenti possono contattarti il tuo sito web. Ogni utente ricever\u00e0 rapidamente risposte alle sue domande o supporto da te. Rimani disponibile dal vivo in una delle chat preferite. Puoi scegliere che la chat di Elfsight Viber venga visualizzata su pagine selezionate e impostarla per gruppi separati di visitatori. Ci sono molte possibilit\u00e0 di personalizzazione: scegli gli attivatori che avviano la chat, componi il tuo messaggio di benvenuto, seleziona icone e altre funzionalit\u00e0. Con l&#8217;aiuto di Viber Chat sulla tua pagina puoi rimanere in contatto con le persone in qualsiasi momento e da qualsiasi luogo.<\/p><p><b>Con Viber Chat, avvia una forte crescita del business e migliori vendite<\/b><\/p> <\/div> <div class=\"application-platform-content-item-features application-platform-content-item\" id=\"features\" data-nav-section=\"features\"> <h2>Il widget ha funzionalit\u00e0 utili e semplici, guardane alcune:<\/h2><ul><li>Una raccolta di icone a bolle tra cui scegliere<\/li><li>Opzione per modificare il testo dei fumetti<\/li><li>Intestazione della chat con logo, nome e didascalia della pagina<\/li><li>Nome della chat modificabile<\/li><li>Impostazione di testo personalizzato come didascalia della chat<\/li><li>Messaggio di benvenuto modificabile utilizzando le opzioni di formattazione e i collegamenti<\/li><\/ul><p><a href=\"#demo\">Prova tutte le impostazioni nella demo completamente funzionante<\/a><\/p><\/div> <div class=\"application-platform-content-item-installation application-platform-content-item\" id=\"installation\" data-nav-section=\"installation\"> <h2>Come faccio ad aggiungere Viber Chat al mio sito web Shopify?<\/h2><p>Segui semplicemente i passaggi descritti di seguito per incorporare il widget.<\/p><ol> <li><b>Utilizza il nostro configuratore gratuito e inizia a creare la tua app. <\/b><br> Determina l&#8217;interfaccia e la funzionalit\u00e0 adatte dell&#8217;app e salva tutte le correzioni. <\/li> <li><b>Ricevi il codice individuale rivelato nel riquadro su Elfsight Apps. <\/b><br> Non appena la personalizzazione della tua app sar\u00e0 completata, copia il tuo codice nel popup che appare e salvalo per ulteriori necessit\u00e0. <\/li> <li><b>Inizia a utilizzare l&#8217;app sul tuo sito web Shopify. <\/b><br> Aggiungi il codice che hai copiato di recente nella tua pagina web e applica le correzioni. <\/li> <li><b>Il gioco \u00e8 fatto! L&#8217;integrazione \u00e8 completamente conclusa. <\/b><br> Vai al tuo sito per controllare come funziona l&#8217;app. <\/li><\/ol><p>Se hai domande o incontri qualche difficolt\u00e0, scrivi al nostro personale del servizio clienti. I nostri consulenti non vedono l&#8217;ora di risolvere tutte le domande che potresti avere sul prodotto.<\/p><div class=\"faq\" data-component=\"FAQ\"> <div class=\"faq-item\">\r\n\t\t\t\t\t<div class=\"faq-item-question\">\r\n\t\t\t\t\t\t<h3 class=\"faq-item-question-text\">Come posso aggiungere Viber Chat al mio sito Web Shopify senza competenze di programmazione?<\/h3>\r\n\r\n\t\t\t\t\t\t<div class=\"faq-item-question-icon\"><\/div>\r\n\t\t\t\t\t<\/div>\r\n\r\n\t\t\t\t\t<div class=\"faq-item-answer\">\r\n\t\t\t\t\t\t<div class=\"faq-item-answer-text\"> <p>Elfsight fornisce un Soluzione SaaS che ti consente di creare tu stesso un widget Viber Chat, scopri quanto \u00e8 semplice il processo: lavora direttamente nell&#8217;editor online per creare un widget Viber Chat che vorresti vedere sul tuo sito web Shopify. Scegli uno dei modelli predefiniti e regola le impostazioni di Viber Chat, aggiungi i tuoi contenuti, modifica il layout e i colori senza competenze di codifica. Salva la chat di Viber e copia il suo codice di installazione, che potrai includere facilmente nel tuo sito Shopify senza dover acquistare una versione a pagamento. Con il nostro editor intuitivo qualsiasi utente di Internet pu\u00f2 creare un widget Viber Chat online e incorporarlo facilmente nel proprio sito Web Shopify. Non \u00e8 necessario pagare o inserire le credenziali della carta per accedere al servizio. In caso di problemi in qualsiasi momento, non esitate a contattare il nostro team di supporto tecnico.<\/p> <\/div>\r\n\t\t\t\t\t<\/div>\r\n\t\t\t\t<\/div> <\/div> <\/div>\n","protected":false},"excerpt":{"rendered":"","protected":false},"author":9,"featured_media":0,"parent":2950,"menu_order":0,"comment_status":"closed","ping_status":"closed","template":"templates\/template-application-platform.php","meta":{"publish_to_discourse":"","publish_post_category":"","wpdc_auto_publish_overridden":"","wpdc_topic_tags":"","wpdc_pin_topic":"","wpdc_pin_until":"","discourse_post_id":"","discourse_permalink":"","wpdc_publishing_response":"","wpdc_publishing_error":"","footnotes":""},"class_list":["post-6466","page","type-page","status-publish","hentry"],"yoast_head":"<!-- This site is optimized with the Yoast SEO plugin v25.3.1 - https:\/\/yoast.com\/wordpress\/plugins\/seo\/ -->\n<title>Aggiungi Viber Chat al sito Web Shopify senza codifica (2025)<\/title>\n<meta name=\"description\" content=\"Incorpora Viber Chat sul tuo sito per connetterti pi\u00f9 facilmente e velocemente con i visitatori. Prova Elfsight freedemo per creare subito il tuo plugin personalizzato.\" \/>\n<meta name=\"robots\" content=\"index, follow, max-snippet:-1, max-image-preview:large, max-video-preview:-1\" \/>\n<link rel=\"canonical\" href=\"https:\/\/elfsight.com\/it\/viber-chat-widget\/shopify\/\" \/>\n<meta property=\"og:locale\" content=\"it_IT\" \/>\n<meta property=\"og:type\" content=\"article\" \/>\n<meta property=\"og:title\" content=\"Aggiungi Viber Chat al sito Web Shopify senza codifica (2025)\" \/>\n<meta property=\"og:description\" content=\"Incorpora Viber Chat sul tuo sito per connetterti pi\u00f9 facilmente e velocemente con i visitatori. Prova Elfsight freedemo per creare subito il tuo plugin personalizzato.\" \/>\n<meta property=\"og:url\" content=\"https:\/\/elfsight.com\/it\/viber-chat-widget\/shopify\/\" \/>\n<meta property=\"og:site_name\" content=\"Elfsight IT\" \/>\n<meta property=\"article:modified_time\" content=\"2025-03-21T03:56:34+00:00\" \/>\n<meta name=\"twitter:card\" content=\"summary_large_image\" \/>\n<meta name=\"twitter:label1\" content=\"Tempo di lettura stimato\" \/>\n\t<meta name=\"twitter:data1\" content=\"3 minuti\" \/>\n<!-- \/ Yoast SEO plugin. -->","yoast_head_json":{"title":"Aggiungi Viber Chat al sito Web Shopify senza codifica (2025)","description":"Incorpora Viber Chat sul tuo sito per connetterti pi\u00f9 facilmente e velocemente con i visitatori. Prova Elfsight freedemo per creare subito il tuo plugin personalizzato.","robots":{"index":"index","follow":"follow","max-snippet":"max-snippet:-1","max-image-preview":"max-image-preview:large","max-video-preview":"max-video-preview:-1"},"canonical":"https:\/\/elfsight.com\/it\/viber-chat-widget\/shopify\/","og_locale":"it_IT","og_type":"article","og_title":"Aggiungi Viber Chat al sito Web Shopify senza codifica (2025)","og_description":"Incorpora Viber Chat sul tuo sito per connetterti pi\u00f9 facilmente e velocemente con i visitatori. Prova Elfsight freedemo per creare subito il tuo plugin personalizzato.","og_url":"https:\/\/elfsight.com\/it\/viber-chat-widget\/shopify\/","og_site_name":"Elfsight IT","article_modified_time":"2025-03-21T03:56:34+00:00","twitter_card":"summary_large_image","twitter_misc":{"Tempo di lettura stimato":"3 minuti"},"schema":{"@context":"https:\/\/schema.org","@graph":[{"@type":"WebPage","@id":"https:\/\/elfsight.com\/it\/viber-chat-widget\/shopify\/","url":"https:\/\/elfsight.com\/it\/viber-chat-widget\/shopify\/","name":"Aggiungi Viber Chat al sito Web Shopify senza codifica (2025)","isPartOf":{"@id":"https:\/\/elfsight.com\/it\/#website"},"datePublished":"1970-01-01T00:00:00+00:00","dateModified":"2025-03-21T03:56:34+00:00","description":"Incorpora Viber Chat sul tuo sito per connetterti pi\u00f9 facilmente e velocemente con i visitatori. Prova Elfsight freedemo per creare subito il tuo plugin personalizzato.","breadcrumb":{"@id":"https:\/\/elfsight.com\/it\/viber-chat-widget\/shopify\/#breadcrumb"},"inLanguage":"it-IT","potentialAction":[{"@type":"ReadAction","target":["https:\/\/elfsight.com\/it\/viber-chat-widget\/shopify\/"]}]},{"@type":"BreadcrumbList","@id":"https:\/\/elfsight.com\/it\/viber-chat-widget\/shopify\/#breadcrumb","itemListElement":[{"@type":"ListItem","position":1,"name":"Home","item":"https:\/\/elfsight.com\/it\/"},{"@type":"ListItem","position":2,"name":"Viber Chat","item":"https:\/\/elfsight.com\/it\/viber-chat-widget\/"},{"@type":"ListItem","position":3,"name":"Viber Chat &#8211; Shopify"}]},{"@type":"WebSite","@id":"https:\/\/elfsight.com\/it\/#website","url":"https:\/\/elfsight.com\/it\/","name":"Elfsight IT","description":"Just another Elfsight Sites site","potentialAction":[{"@type":"SearchAction","target":{"@type":"EntryPoint","urlTemplate":"https:\/\/elfsight.com\/it\/?s={search_term_string}"},"query-input":{"@type":"PropertyValueSpecification","valueRequired":true,"valueName":"search_term_string"}}],"inLanguage":"it-IT"}]}},"meta_box":{"industry":"","seo_heading":"","heading":"","description":"","cta_heading":"","cta_description":"","application":"2949","h1":"Shopify ViberChat","h1_caption":"Offri Viber come canale di comunicazione sul tuo sito web, consentendo ai visitatori di raggiungere facilmente il tuo sito web Shopify.","application_category":[],"applications_title":"","applications_request_title":"","applications_request_button_text":"","hero_text":"","hero_video":"","hero_video_schema_markup":"","selling_points_title":"","selling_points_caption":"","selling_points":[],"selling_points_cta_text":"","features_title":"","features":"","ed_cta_examples_text":"","ed_cta_examples_hidden":"","ed_cta_demo_text":"","ed_cta_demo_hidden":"","why_caption":"","why_editor_title":"","why_editor_text":"","why_team_title":"","why_team_text":"","why_service_title":"","why_service_text":"","template_catalog_visible":"0","template_catalog_title":"","template_catalog_text":"","template_catalog_categories_visible":"","demo_title":"Crea la tua app Viber Chat","demo_caption":"Configura la tua chat Viber e aggiungila gratuitamente al tuo sito Shopify!","default_faq_hidden":"","app_template_category":[],"platform":"42","template_public_id":"","codecanyon_url":"","codecanyon_item_id":"","codecanyon_price":"","pricing_caption":"","pricing_elfsight_apps_hide_column":"","pricing_elfsight_apps_url":"","pricing_codecanyon_price_caption":"","integration_category":[],"integration_request_title":"","integration_request_cta":"","integration_platform":"","integrations":[],"platform_category":[],"video_schema_markup":"","price":"da $ 0 al mese","trial":"","benefits":[{"text":"Servizio di installazione gratuito"},{"text":"Supporto premium"},{"text":"Garanzia di rimborso di 14 giorni"},{"text":"Aggiornamenti gratuiti continui"}],"button_url":"#demo","button_target_blank":"0","button_nofollow":"0","attributes":[{"name":"Installazioni"},{"name":"Reattivo"},{"name":"Browser compatibili"}],"tags":[],"tags_disable_links":"0","hide_more_platforms":"0","video_object":"","demo_hide_cta":"0","demo_hide_cloud_options":"0","pricing_title":"","pricing":[{"pricing_icon":"cloud","pricing_title":"Elfsight Apps","pricing_title_caption":"Versione multipiattaforma che funziona su qualsiasi sito web","pricing_price":"da $ 0 \/ mese","pricing_price_caption":"inizia con il piano gratuito","pricing_benefits":[{"text":"Siti web illimitati"},{"text":"Supporto premium"},{"text":"Servizio di installazione gratuito"},{"text":"Offerta speciale per pi\u00f9 app"}],"pricing_button_text":"Aggiungi al sito web","pricing_button_url":"#demo"}],"related_apps_title":"","related_apps_hidden":"0","author":"","image":[],"title":"","job":"","social_networks":[]},"_links":{"self":[{"href":"https:\/\/elfsight.com\/it\/wp-json\/wp\/v2\/pages\/6466","targetHints":{"allow":["GET"]}}],"collection":[{"href":"https:\/\/elfsight.com\/it\/wp-json\/wp\/v2\/pages"}],"about":[{"href":"https:\/\/elfsight.com\/it\/wp-json\/wp\/v2\/types\/page"}],"author":[{"embeddable":true,"href":"https:\/\/elfsight.com\/it\/wp-json\/wp\/v2\/users\/9"}],"replies":[{"embeddable":true,"href":"https:\/\/elfsight.com\/it\/wp-json\/wp\/v2\/comments?post=6466"}],"version-history":[{"count":2,"href":"https:\/\/elfsight.com\/it\/wp-json\/wp\/v2\/pages\/6466\/revisions"}],"predecessor-version":[{"id":9449,"href":"https:\/\/elfsight.com\/it\/wp-json\/wp\/v2\/pages\/6466\/revisions\/9449"}],"up":[{"embeddable":true,"href":"https:\/\/elfsight.com\/it\/wp-json\/wp\/v2\/pages\/2950"}],"wp:attachment":[{"href":"https:\/\/elfsight.com\/it\/wp-json\/wp\/v2\/media?parent=6466"}],"curies":[{"name":"wp","href":"https:\/\/api.w.org\/{rel}","templated":true}]}}