{"id":6452,"date":"2024-05-03T06:53:00","date_gmt":"2024-05-03T06:53:00","guid":{"rendered":"https:\/\/elfsight.com\/it\/?page_id=6452"},"modified":"2025-03-21T04:08:16","modified_gmt":"2025-03-21T04:08:16","slug":"wordpress","status":"publish","type":"page","link":"https:\/\/elfsight.com\/it\/viber-chat-widget\/wordpress\/","title":{"rendered":"Viber Chat &#8211; WordPress"},"content":{"rendered":"\n<div class=\"application-platform-content-item-description application-platform-content-item\" id=\"description\" data-nav-section=\"description\"> <h2>Incorpora Viber Chat su WordPress con il widget Elfsight<\/h2><p>Viber Chat di Elfsight \u00e8 una delle possibilit\u00e0 pi\u00f9 rapide per le persone di contattarti tramite il tuo sito web. Ogni utente ricever\u00e0 rapidamente risposte alle sue domande o aiuto da te. Rimani disponibile dal vivo in uno dei messenger pi\u00f9 popolari senza sosta. Puoi scegliere che la chat di Elfsight Viber appaia su pagine particolari e indirizzarla a particolari categorie di pubblico. Ci sono molte possibilit\u00e0 di personalizzazione: scegli gli attivatori di avvio della chat, imposta il tuo testo di benvenuto, scegli le icone e molto altro. Utilizzando Viber Chat sul tuo sito web puoi rimanere in contatto con i visitatori in qualsiasi momento e da qualsiasi luogo.<\/p><p><b>Con Viber Chat, avvia lo sviluppo sostenibile del business e aumenta le vendite<\/b><\/p><\/div> <div class=\"application-platform-content-item-features application-platform-content-item\" id=\"features\" data-nav-section=\"features\"> <h2>Queste sono solo alcune delle molteplici funzionalit\u00e0 del widget:<\/h2><ul><li>Una libreria di icone a bolle tra cui scegliere<\/li><li>Testo a bolle modificabile<\/li><li>Intestazione della chat con logo della pagina, nome e didascalia<\/li><li>Nome della chat modificabile<\/li><li>Impostazione di testo personalizzato come didascalia della chat<\/li><li>Testo del pulsante Avvia chat pu\u00f2 essere modificato<\/li><\/ul><p><a href=\"#demo\">Prova questa demo per avere un&#8217;idea completa<\/a><\/p><\/div> <div class=\"application-platform-content-item-installation  application-platform-content-item\" id=\"installation \" data-nav-section=\"installation \"> <h2>Come incorporo Viber Chat nel mio sito Web WordPress?<\/h2><p>Segui semplicemente le linee guida riportate di seguito per integrare lo strumento.<\/p><ol><li><b>Utilizza il nostro demo gratuita e inizia a creare il tuo plugin personalizzato. <\/b><br> Trova il layout e le opzioni preferibili del plugin e salva tutte le modifiche. <\/li> <li><b>Ricevi il codice personale mostrato nella finestra su Elfsight Apps. <\/b><br> Una volta completata la creazione del plug-in, copia il codice nella finestra emersa e conservalo per un uso successivo. <\/li> <li><b>Avvia l&#8217;utilizzo del plugin sulla pagina web di WordPress. <\/b><br> Inserisci il codice copiato in precedenza nella tua pagina web e salva le correzioni. <\/li> <li><b>Fatto! L&#8217;incorporamento \u00e8 completamente completato. <\/b><br> Apri il tuo sito per verificare come funziona il plug-in. <\/li><\/ol><p>Se riscontri difficolt\u00e0, non esitare a chiedere assistenza al nostro team di supporto. I nostri consulenti saranno lieti di risolvere tutte le domande che potresti avere con il plugin.<\/p><div class=\"faq\" data-component=\"FAQ\"> <div class=\"faq-item\">\r\n\t\t\t\t\t<div class=\"faq-item-question\">\r\n\t\t\t\t\t\t<h3 class=\"faq-item-question-text\">Quali altri widget sono indispensabili per un sito WordPress?<\/h3>\r\n\r\n\t\t\t\t\t\t<div class=\"faq-item-question-icon\"><\/div>\r\n\t\t\t\t\t<\/div>\r\n\r\n\t\t\t\t\t<div class=\"faq-item-answer\">\r\n\t\t\t\t\t\t<div class=\"faq-item-answer-text\"> <p>WordPress ne fornisce un numero enorme di plugin vantaggiosi per qualsiasi tipo di sito web: dai blog ai grandi mercati online. Puoi ottenere ancora pi\u00f9 plugin di grande qualit\u00e0 da Elfsight.<\/p><p>Ad esempio, puoi utilizzare <a href=\"https:\/\/elfsight.com\/telegram-chat-widget\/wordpress\/\" target=\" _blank\" rel=\"noopener\">Chat di Telegram<\/a>, <a href=\"https:\/\/elfsight.com\/facebook-chat-widget\/wordpress\/\" target=\"_blank\" rel=\"noopener\">Chat di Facebook <\/a> o <a href=\"https:\/\/elfsight.com\/whatsapp-chat-widget\/wordpress\/\" target=\"_blank\" rel=\"noopener\">WhatsApp Chat<\/a> per contattare i visitatori del sito web tramite il loro messaggero preferito. Puoi anche aggiungere il dispositivo di scorrimento delle recensioni e delle testimonianze di Google al sito Web per dimostrare le testimonianze pi\u00f9 straordinarie della tua azienda. Per aumentare la variet\u00e0 dei contenuti del tuo sito web con i video, aggiungi una Galleria YouTube.<\/p><\/div>\r\n\t\t\t\t\t<\/div>\r\n\t\t\t\t<\/div> <\/div> <\/div>\n","protected":false},"excerpt":{"rendered":"","protected":false},"author":9,"featured_media":0,"parent":2950,"menu_order":0,"comment_status":"closed","ping_status":"closed","template":"templates\/template-application-platform.php","meta":{"publish_to_discourse":"","publish_post_category":"","wpdc_auto_publish_overridden":"","wpdc_topic_tags":"","wpdc_pin_topic":"","wpdc_pin_until":"","discourse_post_id":"","discourse_permalink":"","wpdc_publishing_response":"","wpdc_publishing_error":"","footnotes":""},"class_list":["post-6452","page","type-page","status-publish","hentry"],"yoast_head":"<!-- This site is optimized with the Yoast SEO plugin v25.3.1 - https:\/\/yoast.com\/wordpress\/plugins\/seo\/ -->\n<title>Aggiungi Viber Chat al sito Web WordPress senza codifica (2026)<\/title>\n<meta name=\"description\" content=\"Aggiungi Viber Chat al tuo sito web per una connessione rapida e fluida con gli utenti. Prova subito la demo di Elfsight per creare il tuo plugin.\" \/>\n<meta name=\"robots\" content=\"index, follow, max-snippet:-1, max-image-preview:large, max-video-preview:-1\" \/>\n<link rel=\"canonical\" href=\"https:\/\/elfsight.com\/it\/viber-chat-widget\/wordpress\/\" \/>\n<meta property=\"og:locale\" content=\"it_IT\" \/>\n<meta property=\"og:type\" content=\"article\" \/>\n<meta property=\"og:title\" content=\"Aggiungi Viber Chat al sito Web WordPress senza codifica (2026)\" \/>\n<meta property=\"og:description\" content=\"Aggiungi Viber Chat al tuo sito web per una connessione rapida e fluida con gli utenti. Prova subito la demo di Elfsight per creare il tuo plugin.\" \/>\n<meta property=\"og:url\" content=\"https:\/\/elfsight.com\/it\/viber-chat-widget\/wordpress\/\" \/>\n<meta property=\"og:site_name\" content=\"Elfsight IT\" \/>\n<meta property=\"article:modified_time\" content=\"2025-03-21T04:08:16+00:00\" \/>\n<meta name=\"twitter:card\" content=\"summary_large_image\" \/>\n<meta name=\"twitter:label1\" content=\"Tempo di lettura stimato\" \/>\n\t<meta name=\"twitter:data1\" content=\"3 minuti\" \/>\n<!-- \/ Yoast SEO plugin. -->","yoast_head_json":{"title":"Aggiungi Viber Chat al sito Web WordPress senza codifica (2026)","description":"Aggiungi Viber Chat al tuo sito web per una connessione rapida e fluida con gli utenti. Prova subito la demo di Elfsight per creare il tuo plugin.","robots":{"index":"index","follow":"follow","max-snippet":"max-snippet:-1","max-image-preview":"max-image-preview:large","max-video-preview":"max-video-preview:-1"},"canonical":"https:\/\/elfsight.com\/it\/viber-chat-widget\/wordpress\/","og_locale":"it_IT","og_type":"article","og_title":"Aggiungi Viber Chat al sito Web WordPress senza codifica (2026)","og_description":"Aggiungi Viber Chat al tuo sito web per una connessione rapida e fluida con gli utenti. Prova subito la demo di Elfsight per creare il tuo plugin.","og_url":"https:\/\/elfsight.com\/it\/viber-chat-widget\/wordpress\/","og_site_name":"Elfsight IT","article_modified_time":"2025-03-21T04:08:16+00:00","twitter_card":"summary_large_image","twitter_misc":{"Tempo di lettura stimato":"3 minuti"},"schema":{"@context":"https:\/\/schema.org","@graph":[{"@type":"WebPage","@id":"https:\/\/elfsight.com\/it\/viber-chat-widget\/wordpress\/","url":"https:\/\/elfsight.com\/it\/viber-chat-widget\/wordpress\/","name":"Aggiungi Viber Chat al sito Web WordPress senza codifica (2026)","isPartOf":{"@id":"https:\/\/elfsight.com\/it\/#website"},"datePublished":"2024-05-03T06:53:00+00:00","dateModified":"2025-03-21T04:08:16+00:00","description":"Aggiungi Viber Chat al tuo sito web per una connessione rapida e fluida con gli utenti. Prova subito la demo di Elfsight per creare il tuo plugin.","breadcrumb":{"@id":"https:\/\/elfsight.com\/it\/viber-chat-widget\/wordpress\/#breadcrumb"},"inLanguage":"it-IT","potentialAction":[{"@type":"ReadAction","target":["https:\/\/elfsight.com\/it\/viber-chat-widget\/wordpress\/"]}]},{"@type":"BreadcrumbList","@id":"https:\/\/elfsight.com\/it\/viber-chat-widget\/wordpress\/#breadcrumb","itemListElement":[{"@type":"ListItem","position":1,"name":"Home","item":"https:\/\/elfsight.com\/it\/"},{"@type":"ListItem","position":2,"name":"Viber Chat","item":"https:\/\/elfsight.com\/it\/viber-chat-widget\/"},{"@type":"ListItem","position":3,"name":"Viber Chat &#8211; WordPress"}]},{"@type":"WebSite","@id":"https:\/\/elfsight.com\/it\/#website","url":"https:\/\/elfsight.com\/it\/","name":"Elfsight IT","description":"Just another Elfsight Sites site","potentialAction":[{"@type":"SearchAction","target":{"@type":"EntryPoint","urlTemplate":"https:\/\/elfsight.com\/it\/?s={search_term_string}"},"query-input":{"@type":"PropertyValueSpecification","valueRequired":true,"valueName":"search_term_string"}}],"inLanguage":"it-IT"}]}},"meta_box":{"industry":"","seo_heading":"","heading":"","description":"","cta_heading":"","cta_description":"","application":"2949","h1":"Chatta WordPress Viber","h1_caption":"Offri Viber come canale di comunicazione sul tuo sito web, consentendo ai visitatori di raggiungere facilmente il tuo sito web WordPress.","application_category":[],"applications_title":"","applications_request_title":"","applications_request_button_text":"","hero_text":"","hero_video":"","hero_video_schema_markup":"","selling_points_title":"","selling_points_caption":"","selling_points":[],"selling_points_cta_text":"","features_title":"","features":"","ed_cta_examples_text":"","ed_cta_examples_hidden":"","ed_cta_demo_text":"","ed_cta_demo_hidden":"","why_caption":"","why_editor_title":"","why_editor_text":"","why_team_title":"","why_team_text":"","why_service_title":"","why_service_text":"","template_catalog_visible":"0","template_catalog_title":"","template_catalog_text":"","template_catalog_categories_visible":"","demo_title":"Crea il tuo plug-in Viber Chat","demo_caption":"Configura la tua chat Viber e aggiungila gratuitamente al tuo sito WordPress!","default_faq_hidden":"","app_template_category":[],"platform":"28","template_public_id":"","codecanyon_url":"","codecanyon_item_id":"","codecanyon_price":"","pricing_caption":"","pricing_elfsight_apps_hide_column":"","pricing_elfsight_apps_url":"","pricing_codecanyon_price_caption":"","integration_category":[],"integration_request_title":"","integration_request_cta":"","integration_platform":"","integrations":[],"platform_category":[],"video_schema_markup":"","price":"da $ 0 al mese","trial":"","benefits":[{"text":"Aiuto gratuito per l'installazione"},{"text":"Servizio clienti professionale"},{"text":"Garanzia di rimborso di 14 giorni"},{"text":"Aggiornamento costante"}],"button_url":"#demo","button_target_blank":"0","button_nofollow":"0","attributes":[{"name":"Installazioni"},{"name":"Reattivo"},{"name":"Browser compatibili"}],"tags":[],"tags_disable_links":"0","hide_more_platforms":"0","video_object":"","demo_hide_cta":"0","demo_hide_cloud_options":"0","pricing_title":"","pricing":[{"pricing_icon":"platform","pricing_title":"Elfsight Apps","pricing_title_caption":"Software multipiattaforma","pricing_price":"da $ 0 \/ mese","pricing_price_caption":"inizia con il piano gratuito","pricing_benefits":[{"text":"Domini illimitati"},{"text":"Supporto aziendale gratuito"},{"text":"Aiuto gratuito per l'installazione"},{"text":"Offerta a tempo limitato per pi\u00f9 app"}],"pricing_button_text":"Aggiungi al sito web","pricing_button_url":"#demo"}],"related_apps_title":"","related_apps_hidden":"0","author":"","image":[],"title":"","job":"","social_networks":[]},"_links":{"self":[{"href":"https:\/\/elfsight.com\/it\/wp-json\/wp\/v2\/pages\/6452","targetHints":{"allow":["GET"]}}],"collection":[{"href":"https:\/\/elfsight.com\/it\/wp-json\/wp\/v2\/pages"}],"about":[{"href":"https:\/\/elfsight.com\/it\/wp-json\/wp\/v2\/types\/page"}],"author":[{"embeddable":true,"href":"https:\/\/elfsight.com\/it\/wp-json\/wp\/v2\/users\/9"}],"replies":[{"embeddable":true,"href":"https:\/\/elfsight.com\/it\/wp-json\/wp\/v2\/comments?post=6452"}],"version-history":[{"count":2,"href":"https:\/\/elfsight.com\/it\/wp-json\/wp\/v2\/pages\/6452\/revisions"}],"predecessor-version":[{"id":9457,"href":"https:\/\/elfsight.com\/it\/wp-json\/wp\/v2\/pages\/6452\/revisions\/9457"}],"up":[{"embeddable":true,"href":"https:\/\/elfsight.com\/it\/wp-json\/wp\/v2\/pages\/2950"}],"wp:attachment":[{"href":"https:\/\/elfsight.com\/it\/wp-json\/wp\/v2\/media?parent=6452"}],"curies":[{"name":"wp","href":"https:\/\/api.w.org\/{rel}","templated":true}]}}