{"id":6451,"date":"1970-01-01T00:00:00","date_gmt":"1970-01-01T00:00:00","guid":{"rendered":"https:\/\/elfsight.com\/it\/?page_id=6451"},"modified":"2024-11-12T08:25:46","modified_gmt":"2024-11-12T08:25:46","slug":"bigcommerce","status":"publish","type":"page","link":"https:\/\/elfsight.com\/it\/viber-chat-widget\/bigcommerce\/","title":{"rendered":"Viber Chat &#8211; BigCommerce"},"content":{"rendered":"<div class=\"application-platform-content-item-description application-platform-content-item\" id=\"description\" data-nav-section=\"description\"> <h2>Descrizione<\/h2><p>Elfsight Viber Chat \u00e8 uno dei modi pi\u00f9 rapidi con cui i visitatori del sito web possono rivolgersi a te rimanendo sul tuo sito web. Ogni utente ricever\u00e0 rapidamente soluzioni alle sue domande o aiuto da te. Potrai rimanere disponibile online in una delle chat pi\u00f9 utilizzate 24 ore su 24, 7 giorni su 7. Puoi scegliere che la chat di Elfsight Viber appaia su pagine selezionate e impostarla per determinati gruppi di visitatori. Ci sono molte possibilit\u00e0 di personalizzazione: definisci i trigger di avvio della chat, crea il tuo testo di benvenuto, scegli le icone e molto altro. Utilizzando Viber Chat sul tuo sito puoi rimanere raggiungibile per le persone in ogni momento e da qualsiasi luogo.<\/p><p><b>Rendi il tuo sito web pi\u00f9 efficace per le attivit\u00e0 aziendali con l&#8217;aiuto di Viber Chat<\/b><\/p><\/div> <div class=\"application-platform-content-item-features application-platform-content-item\" id=\"features\" data-nav-section=\"features\"> <h2>Le funzionalit\u00e0 essenziali del widget contengono<\/h2><ul><li>Una raccolta di icone a bolle tra cui scegliere<\/li><li>Modificabile testo in bolla<\/li><li>Intestazione della chat con logo, nome e didascalia della pagina<\/li><li>Scegliere l&#8217;immagine della pagina per impostazione predefinita, dalla libreria o caricare un&#8217;immagine personalizzata<\/li><li>Cinque tempi di risposta opzioni nella didascalia della finestra di chat<\/li><li>Impostazione di testo personalizzato come didascalia<\/li><li>Messaggio di benvenuto modificabile con opzioni di formattazione e collegamenti<\/li><\/ul><p><a href=\"# demo\">Puoi vedere quanto vale il widget utilizzando la demo<\/a><\/p><\/div> <div class=\"application-platform-content-item-installation application-platform-content-item\" id=\"installation\" data-nav-section=\"installation\"> <h2>Come incorporo Viber Chat nel mio sito web BigCommerce?<\/h2><p>Segui semplicemente le linee guida riportate di seguito per attivare il widget su BigCommerce.<\/p> <ol><li><b>Gestisci il nostro configuratore gratuito e inizia a creare la tua app personalizzata. <\/b><br> Specifica l&#8217;aspetto e le opzioni adatti del widget e applica le modifiche. <\/li> <li><b>Ricevi il codice univoco rivelato nella casella su Elfsight Apps. <\/b><br> Una volta completata la personalizzazione della tua Viber Chat personale, copia il codice personale nella finestra visualizzata e conservalo per occasioni future. <\/li> <li><b>Inizia a utilizzare il widget sul sito BigCommerce. <\/b><br> Integra il codice salvato in precedenza nel tuo sito web e applica le correzioni. <\/li> <li><b>L&#8217;installazione \u00e8 stata completata con successo. <\/b><br> Vai alla tua pagina per dare un&#8217;occhiata al funzionamento del widget. <\/li><\/ol><p>A condizione che tu debba affrontare domande o affrontare eventuali complicazioni, sentiti libero di fare domanda per il nostro team di supporto. I nostri consulenti saranno felici di risolvere tutti i problemi che potresti avere con il plugin.<\/p><div class=\"faq\" data-component=\"FAQ\"> <div class=\"faq-item\">\r\n\t\t\t\t\t<div class=\"faq-item-question\">\r\n\t\t\t\t\t\t<h3 class=\"faq-item-question-text\">Come aggiungere Viber Chat al mio sito web BigCommerce senza competenze di codifica?<\/h3>\r\n\r\n\t\t\t\t\t\t<div class=\"faq-item-question-icon\"><\/div>\r\n\t\t\t\t\t<\/div>\r\n\r\n\t\t\t\t\t<div class=\"faq-item-answer\">\r\n\t\t\t\t\t\t<div class=\"faq-item-answer-text\"> <p>Elfsight fornisce un Soluzione SaaS che ti consente di creare tu stesso un widget Viber Chat, scopri quanto \u00e8 semplice il processo: lavora direttamente nell&#8217;editor online per creare un widget Viber Chat che vorresti vedere sul tuo sito web BigCommerce. Scegli uno dei modelli predefiniti e regola le impostazioni di Viber Chat, aggiungi i tuoi contenuti, modifica il layout e i colori senza alcuna abilit\u00e0 di codifica. Salva la chat di Viber e copia il suo codice di installazione, che potrai semplicemente incorporare nel tuo sito BigCommerce senza acquistare un abbonamento a pagamento. Con il nostro editor intuitivo qualsiasi utente di Internet pu\u00f2 creare un widget Viber Chat online e incorporarlo facilmente nel proprio sito Web BigCommerce. Non \u00e8 necessario pagare o inserire le credenziali della carta per accedere al servizio. In caso di problemi in qualsiasi momento, non esitate a contattare il nostro team di supporto tecnico.<\/p> <\/div>\r\n\t\t\t\t\t<\/div>\r\n\t\t\t\t<\/div> <\/div> <\/div>","protected":false},"excerpt":{"rendered":"","protected":false},"author":9,"featured_media":0,"parent":2950,"menu_order":0,"comment_status":"closed","ping_status":"closed","template":"templates\/template-application-platform.php","meta":{"publish_to_discourse":"","publish_post_category":"","wpdc_auto_publish_overridden":"","wpdc_topic_tags":"","wpdc_pin_topic":"","wpdc_pin_until":"","discourse_post_id":"","discourse_permalink":"","wpdc_publishing_response":"","wpdc_publishing_error":"","footnotes":""},"class_list":["post-6451","page","type-page","status-publish","hentry"],"yoast_head":"<!-- This site is optimized with the Yoast SEO plugin v25.3.1 - https:\/\/yoast.com\/wordpress\/plugins\/seo\/ -->\n<title>Aggiungi Viber Chat al sito web BigCommerce senza codifica (2025)<\/title>\n<meta name=\"description\" content=\"Integra Viber con il sito per connetterti pi\u00f9 facilmente e velocemente con i clienti. Prova subito la demo di Elfsight per creare il tuo plugin unico.\" \/>\n<meta name=\"robots\" content=\"index, follow, max-snippet:-1, max-image-preview:large, max-video-preview:-1\" \/>\n<link rel=\"canonical\" href=\"https:\/\/elfsight.com\/it\/viber-chat-widget\/bigcommerce\/\" \/>\n<meta property=\"og:locale\" content=\"it_IT\" \/>\n<meta property=\"og:type\" content=\"article\" \/>\n<meta property=\"og:title\" content=\"Aggiungi Viber Chat al sito web BigCommerce senza codifica (2025)\" \/>\n<meta property=\"og:description\" content=\"Integra Viber con il sito per connetterti pi\u00f9 facilmente e velocemente con i clienti. Prova subito la demo di Elfsight per creare il tuo plugin unico.\" \/>\n<meta property=\"og:url\" content=\"https:\/\/elfsight.com\/it\/viber-chat-widget\/bigcommerce\/\" \/>\n<meta property=\"og:site_name\" content=\"Elfsight IT\" \/>\n<meta property=\"article:modified_time\" content=\"2024-11-12T08:25:46+00:00\" \/>\n<meta name=\"twitter:card\" content=\"summary_large_image\" \/>\n<meta name=\"twitter:label1\" content=\"Tempo di lettura stimato\" \/>\n\t<meta name=\"twitter:data1\" content=\"3 minuti\" \/>\n<!-- \/ Yoast SEO plugin. -->","yoast_head_json":{"title":"Aggiungi Viber Chat al sito web BigCommerce senza codifica (2025)","description":"Integra Viber con il sito per connetterti pi\u00f9 facilmente e velocemente con i clienti. Prova subito la demo di Elfsight per creare il tuo plugin unico.","robots":{"index":"index","follow":"follow","max-snippet":"max-snippet:-1","max-image-preview":"max-image-preview:large","max-video-preview":"max-video-preview:-1"},"canonical":"https:\/\/elfsight.com\/it\/viber-chat-widget\/bigcommerce\/","og_locale":"it_IT","og_type":"article","og_title":"Aggiungi Viber Chat al sito web BigCommerce senza codifica (2025)","og_description":"Integra Viber con il sito per connetterti pi\u00f9 facilmente e velocemente con i clienti. Prova subito la demo di Elfsight per creare il tuo plugin unico.","og_url":"https:\/\/elfsight.com\/it\/viber-chat-widget\/bigcommerce\/","og_site_name":"Elfsight IT","article_modified_time":"2024-11-12T08:25:46+00:00","twitter_card":"summary_large_image","twitter_misc":{"Tempo di lettura stimato":"3 minuti"},"schema":{"@context":"https:\/\/schema.org","@graph":[{"@type":"WebPage","@id":"https:\/\/elfsight.com\/it\/viber-chat-widget\/bigcommerce\/","url":"https:\/\/elfsight.com\/it\/viber-chat-widget\/bigcommerce\/","name":"Aggiungi Viber Chat al sito web BigCommerce senza codifica (2025)","isPartOf":{"@id":"https:\/\/elfsight.com\/it\/#website"},"datePublished":"1970-01-01T00:00:00+00:00","dateModified":"2024-11-12T08:25:46+00:00","description":"Integra Viber con il sito per connetterti pi\u00f9 facilmente e velocemente con i clienti. Prova subito la demo di Elfsight per creare il tuo plugin unico.","breadcrumb":{"@id":"https:\/\/elfsight.com\/it\/viber-chat-widget\/bigcommerce\/#breadcrumb"},"inLanguage":"it-IT","potentialAction":[{"@type":"ReadAction","target":["https:\/\/elfsight.com\/it\/viber-chat-widget\/bigcommerce\/"]}]},{"@type":"BreadcrumbList","@id":"https:\/\/elfsight.com\/it\/viber-chat-widget\/bigcommerce\/#breadcrumb","itemListElement":[{"@type":"ListItem","position":1,"name":"Home","item":"https:\/\/elfsight.com\/it\/"},{"@type":"ListItem","position":2,"name":"Viber Chat","item":"https:\/\/elfsight.com\/it\/viber-chat-widget\/"},{"@type":"ListItem","position":3,"name":"Viber Chat &#8211; BigCommerce"}]},{"@type":"WebSite","@id":"https:\/\/elfsight.com\/it\/#website","url":"https:\/\/elfsight.com\/it\/","name":"Elfsight IT","description":"Just another Elfsight Sites site","potentialAction":[{"@type":"SearchAction","target":{"@type":"EntryPoint","urlTemplate":"https:\/\/elfsight.com\/it\/?s={search_term_string}"},"query-input":{"@type":"PropertyValueSpecification","valueRequired":true,"valueName":"search_term_string"}}],"inLanguage":"it-IT"}]}},"meta_box":{"industry":"","seo_heading":"","heading":"","description":"","cta_heading":"","cta_description":"","application":"2949","h1":"Chat Viber di BigCommerce","h1_caption":"Offri Viber come canale di comunicazione sul tuo sito web, consentendo ai visitatori di raggiungere facilmente il tuo sito web BigCommerce.","application_category":[],"applications_title":"","applications_request_title":"","applications_request_button_text":"","hero_text":"","hero_video":"","hero_video_schema_markup":"","selling_points_title":"","selling_points_caption":"","selling_points":[],"selling_points_cta_text":"","features_title":"","features":"","ed_cta_examples_text":"","ed_cta_examples_hidden":"","ed_cta_demo_text":"","ed_cta_demo_hidden":"","why_caption":"","why_editor_title":"","why_editor_text":"","why_team_title":"","why_team_text":"","why_service_title":"","why_service_text":"","template_catalog_visible":"","template_catalog_title":"","template_catalog_text":"","template_catalog_categories_visible":"","demo_title":"Crea la tua app Viber Chat","demo_caption":"Configura la tua chat Viber e aggiungila gratuitamente al tuo sito BigCommerce!","default_faq_hidden":"","app_template_category":[],"platform":"32","template_public_id":"","codecanyon_url":"","codecanyon_item_id":"","codecanyon_price":"","pricing_caption":"","pricing_elfsight_apps_hide_column":"","pricing_elfsight_apps_url":"","pricing_codecanyon_price_caption":"","integration_category":[],"integration_request_title":"","integration_request_cta":"","integration_platform":"","integrations":[],"platform_category":[],"video_schema_markup":"","price":"da $ 0 al mese","trial":"","benefits":[{"text":"Servizio di installazione gratuito"},{"text":"Servizio clienti efficace"},{"text":"Garanzia di rimborso di 14 giorni"},{"text":"Aggiornamenti gratuiti a vita"}],"button_url":"#demo","button_target_blank":"","button_nofollow":"","attributes":[{"name":"Installazioni"},{"name":"Reattivo"},{"name":"Browser compatibili"}],"tags":[],"tags_disable_links":"","hide_more_platforms":"","video_object":"","demo_hide_cta":"","demo_hide_cloud_options":"","pricing_title":"","pricing":[{"pricing_icon":"platform","pricing_title":"Elfsight Apps","pricing_title_caption":"Soluzione digitale indipendente dalla piattaforma","pricing_price":"da $ 0 \/ mese","pricing_price_caption":"inizia con il piano gratuito","pricing_benefits":[{"text":"Domini illimitati"},{"text":"Supporto 24 ore su 24, 7 giorni su 7"},{"text":"Aiuto per l'installazione gratuito"},{"text":"Offerta a tempo limitato per pi\u00f9 app"}],"pricing_button_text":"Aggiungi al sito web","pricing_button_url":"#demo"}],"related_apps_title":"","related_apps_hidden":"","author":"","image":[],"title":"","job":"","social_networks":[]},"_links":{"self":[{"href":"https:\/\/elfsight.com\/it\/wp-json\/wp\/v2\/pages\/6451","targetHints":{"allow":["GET"]}}],"collection":[{"href":"https:\/\/elfsight.com\/it\/wp-json\/wp\/v2\/pages"}],"about":[{"href":"https:\/\/elfsight.com\/it\/wp-json\/wp\/v2\/types\/page"}],"author":[{"embeddable":true,"href":"https:\/\/elfsight.com\/it\/wp-json\/wp\/v2\/users\/9"}],"replies":[{"embeddable":true,"href":"https:\/\/elfsight.com\/it\/wp-json\/wp\/v2\/comments?post=6451"}],"version-history":[{"count":1,"href":"https:\/\/elfsight.com\/it\/wp-json\/wp\/v2\/pages\/6451\/revisions"}],"predecessor-version":[{"id":6455,"href":"https:\/\/elfsight.com\/it\/wp-json\/wp\/v2\/pages\/6451\/revisions\/6455"}],"up":[{"embeddable":true,"href":"https:\/\/elfsight.com\/it\/wp-json\/wp\/v2\/pages\/2950"}],"wp:attachment":[{"href":"https:\/\/elfsight.com\/it\/wp-json\/wp\/v2\/media?parent=6451"}],"curies":[{"name":"wp","href":"https:\/\/api.w.org\/{rel}","templated":true}]}}