{"id":6450,"date":"1970-01-01T00:00:00","date_gmt":"1970-01-01T00:00:00","guid":{"rendered":"https:\/\/elfsight.com\/it\/?page_id=6450"},"modified":"2024-11-12T08:23:37","modified_gmt":"2024-11-12T08:23:37","slug":"woocommerce","status":"publish","type":"page","link":"https:\/\/elfsight.com\/it\/viber-chat-widget\/woocommerce\/","title":{"rendered":"Viber Chat &#8211; WooCommerce"},"content":{"rendered":"<div class=\"application-platform-content-item-description application-platform-content-item\" id=\"description\" data-nav-section=\"description\"><h2>Descrizione<\/h2><p>Viber Chat di Elfsight \u00e8 uno dei modi pi\u00f9 rapidi con cui le persone possono contattarti mentre rimangono sul tuo sito web. Ogni utente ricever\u00e0 rapidamente risposte alle sue domande o supporto da te. Rimani disponibile online in una delle chat pi\u00f9 utilizzate senza sosta. Puoi impostare la chat di Elfsight Viber in modo che venga visualizzata su pagine selezionate e impostarla per particolari categorie di visitatori. Il widget ha ampie possibilit\u00e0 di personalizzazione: scegli gli avviatori di avvio della chat, crea il tuo messaggio di benvenuto, imposta le icone e altro ancora.<\/p><p><b>Con Viber Messenger, accelera lo sviluppo del business e aumenta le vendite<\/b><\/p><\/div> <div class=\"application-platform-content-item-features application-platform-content-item\" id=\"features\" data-nav-section=\"features\"><h2>Esplora l&#8217;elenco delle funzionalit\u00e0 pi\u00f9 potenti:<\/h2><ul><li>Una raccolta di icone a bolle tra cui scegliere;<\/li> <li>Opzione per modificare il testo dei fumetti;<\/li><li>Intestazione chat flessibile con logo, nome e didascalia della pagina;<\/li><li>Scegliere l&#8217;immagine della pagina per impostazione predefinita, dalla raccolta o caricare la propria immagine; <\/li><li>Utilizzo di testo personalizzato come didascalia;<\/li><li>Il testo del pulsante Avvia chat pu\u00f2 essere modificato.<\/li><\/ul><p><a href=\"#demo\">Esplora tutto le funzionalit\u00e0 di personalizzazione nella demo funzionale al 100%<\/a><\/p><\/div><div class=\"application-platform-content-item-installation application-platform-content-item\" id=\"installation\" data-nav-section=\"installation\"><h2>Come aggiungere Viber Chat al mio sito web WooCommerce?<\/h2><p>Basta applicare segui le istruzioni seguenti per attivare il plug-in.<\/p><ol><li><b>Esegui la nostra demo gratuita e inizia a modellare il tuo widget personalizzato.<\/b><br> Trova il design e le specifiche preferibili del plug-in e applica le modifiche.<\/li><li><b>Copia il codice univoco che appare nel box su Elfsight Apps.<\/b><br>Una volta terminata la creazione del tuo plugin personale, copia il codice personale codice nella finestra emersa e salvalo per un ulteriore utilizzo.<\/li><li><b>Inizia a utilizzare il plug-in sul tuo sito web WooCommerce.<\/b><br> Inserisci il codice copiato in precedenza nella tua pagina e applica i miglioramenti .<\/li><li><b>L&#8217;installazione \u00e8 stata eseguita con successo.<\/b><br> Vai alla tua pagina web per dare un&#8217;occhiata alle prestazioni del plugin.<\/li><\/ol><p>In caso di difficolt\u00e0, rivolgersi al nostro team di supporto. Il nostro personale \u00e8 ansioso di risolvere tutti i problemi che potresti avere con il prodotto.<\/p><div class=\"faq\" data-component=\"FAQ\"> <div class=\"faq-item\">\r\n\t\t\t\t\t<div class=\"faq-item-question\">\r\n\t\t\t\t\t\t<h3 class=\"faq-item-question-text\">Come posso aggiungere Viber Chat al mio sito web WooCommerce senza competenze di codifica?<\/h3>\r\n\r\n\t\t\t\t\t\t<div class=\"faq-item-question-icon\"><\/div>\r\n\t\t\t\t\t<\/div>\r\n\r\n\t\t\t\t\t<div class=\"faq-item-answer\">\r\n\t\t\t\t\t\t<div class=\"faq-item-answer-text\"> <p>Elfsight fornisce un Soluzione SaaS che ti consente di creare tu stesso un widget Viber Chat, scopri quanto \u00e8 semplice il processo: lavora direttamente nell&#8217;editor online per creare un widget Viber Chat che vorresti vedere sul tuo sito web WooCommerce. Scegli uno dei modelli predefiniti e regola le impostazioni di Viber Chat, aggiungi i tuoi contenuti, modifica il layout e i colori senza competenze di codifica. Salva la chat di Viber e copia il suo codice di installazione, che potrai semplicemente includere nel tuo sito WooCommerce senza acquistare un abbonamento a pagamento. Con il nostro editor intuitivo qualsiasi utente di Internet pu\u00f2 creare un widget Viber Chat online e incorporarlo facilmente nel proprio sito Web WooCommerce. Non \u00e8 necessario pagare o inserire le credenziali della carta per accedere al servizio. In caso di problemi in qualsiasi momento, non esitate a contattare il nostro team di supporto tecnico.<\/p> <\/div>\r\n\t\t\t\t\t<\/div>\r\n\t\t\t\t<\/div> <\/div> <\/div>","protected":false},"excerpt":{"rendered":"","protected":false},"author":9,"featured_media":0,"parent":2950,"menu_order":0,"comment_status":"closed","ping_status":"closed","template":"templates\/template-application-platform.php","meta":{"publish_to_discourse":"","publish_post_category":"","wpdc_auto_publish_overridden":"","wpdc_topic_tags":"","wpdc_pin_topic":"","wpdc_pin_until":"","discourse_post_id":"","discourse_permalink":"","wpdc_publishing_response":"","wpdc_publishing_error":"","footnotes":""},"class_list":["post-6450","page","type-page","status-publish","hentry"],"yoast_head":"<!-- This site is optimized with the Yoast SEO plugin v25.3.1 - https:\/\/yoast.com\/wordpress\/plugins\/seo\/ -->\n<title>Plug-in WooCommerce Viber Chat per il tuo sito web (2025)<\/title>\n<meta name=\"description\" content=\"Integra il plugin Viber Chat con il sito web per una comunicazione migliore e immediata con i clienti. Prova subito la demo di Elfsight per creare il tuo plugin personalizzato.\" \/>\n<meta name=\"robots\" content=\"index, follow, max-snippet:-1, max-image-preview:large, max-video-preview:-1\" \/>\n<link rel=\"canonical\" href=\"https:\/\/elfsight.com\/it\/viber-chat-widget\/woocommerce\/\" \/>\n<meta property=\"og:locale\" content=\"it_IT\" \/>\n<meta property=\"og:type\" content=\"article\" \/>\n<meta property=\"og:title\" content=\"Plug-in WooCommerce Viber Chat per il tuo sito web (2025)\" \/>\n<meta property=\"og:description\" content=\"Integra il plugin Viber Chat con il sito web per una comunicazione migliore e immediata con i clienti. Prova subito la demo di Elfsight per creare il tuo plugin personalizzato.\" \/>\n<meta property=\"og:url\" content=\"https:\/\/elfsight.com\/it\/viber-chat-widget\/woocommerce\/\" \/>\n<meta property=\"og:site_name\" content=\"Elfsight IT\" \/>\n<meta property=\"article:modified_time\" content=\"2024-11-12T08:23:37+00:00\" \/>\n<meta name=\"twitter:card\" content=\"summary_large_image\" \/>\n<meta name=\"twitter:label1\" content=\"Tempo di lettura stimato\" \/>\n\t<meta name=\"twitter:data1\" content=\"3 minuti\" \/>\n<!-- \/ Yoast SEO plugin. -->","yoast_head_json":{"title":"Plug-in WooCommerce Viber Chat per il tuo sito web (2025)","description":"Integra il plugin Viber Chat con il sito web per una comunicazione migliore e immediata con i clienti. Prova subito la demo di Elfsight per creare il tuo plugin personalizzato.","robots":{"index":"index","follow":"follow","max-snippet":"max-snippet:-1","max-image-preview":"max-image-preview:large","max-video-preview":"max-video-preview:-1"},"canonical":"https:\/\/elfsight.com\/it\/viber-chat-widget\/woocommerce\/","og_locale":"it_IT","og_type":"article","og_title":"Plug-in WooCommerce Viber Chat per il tuo sito web (2025)","og_description":"Integra il plugin Viber Chat con il sito web per una comunicazione migliore e immediata con i clienti. Prova subito la demo di Elfsight per creare il tuo plugin personalizzato.","og_url":"https:\/\/elfsight.com\/it\/viber-chat-widget\/woocommerce\/","og_site_name":"Elfsight IT","article_modified_time":"2024-11-12T08:23:37+00:00","twitter_card":"summary_large_image","twitter_misc":{"Tempo di lettura stimato":"3 minuti"},"schema":{"@context":"https:\/\/schema.org","@graph":[{"@type":"WebPage","@id":"https:\/\/elfsight.com\/it\/viber-chat-widget\/woocommerce\/","url":"https:\/\/elfsight.com\/it\/viber-chat-widget\/woocommerce\/","name":"Plug-in WooCommerce Viber Chat per il tuo sito web (2025)","isPartOf":{"@id":"https:\/\/elfsight.com\/it\/#website"},"datePublished":"1970-01-01T00:00:00+00:00","dateModified":"2024-11-12T08:23:37+00:00","description":"Integra il plugin Viber Chat con il sito web per una comunicazione migliore e immediata con i clienti. Prova subito la demo di Elfsight per creare il tuo plugin personalizzato.","breadcrumb":{"@id":"https:\/\/elfsight.com\/it\/viber-chat-widget\/woocommerce\/#breadcrumb"},"inLanguage":"it-IT","potentialAction":[{"@type":"ReadAction","target":["https:\/\/elfsight.com\/it\/viber-chat-widget\/woocommerce\/"]}]},{"@type":"BreadcrumbList","@id":"https:\/\/elfsight.com\/it\/viber-chat-widget\/woocommerce\/#breadcrumb","itemListElement":[{"@type":"ListItem","position":1,"name":"Home","item":"https:\/\/elfsight.com\/it\/"},{"@type":"ListItem","position":2,"name":"Viber Chat","item":"https:\/\/elfsight.com\/it\/viber-chat-widget\/"},{"@type":"ListItem","position":3,"name":"Viber Chat &#8211; WooCommerce"}]},{"@type":"WebSite","@id":"https:\/\/elfsight.com\/it\/#website","url":"https:\/\/elfsight.com\/it\/","name":"Elfsight IT","description":"Just another Elfsight Sites site","potentialAction":[{"@type":"SearchAction","target":{"@type":"EntryPoint","urlTemplate":"https:\/\/elfsight.com\/it\/?s={search_term_string}"},"query-input":{"@type":"PropertyValueSpecification","valueRequired":true,"valueName":"search_term_string"}}],"inLanguage":"it-IT"}]}},"meta_box":{"industry":"","seo_heading":"","heading":"","description":"","cta_heading":"","cta_description":"","application":"2949","h1":"Plug-in WooCommerce Viber Chat","h1_caption":"Offri Viber come canale di comunicazione sul tuo sito web, consentendo ai visitatori di raggiungere facilmente il tuo sito web WooCommerce.","application_category":[],"applications_title":"","applications_request_title":"","applications_request_button_text":"","hero_text":"","hero_video":"","hero_video_schema_markup":"","selling_points_title":"","selling_points_caption":"","selling_points":[],"selling_points_cta_text":"","features_title":"","features":"","ed_cta_examples_text":"","ed_cta_examples_hidden":"","ed_cta_demo_text":"","ed_cta_demo_hidden":"","why_caption":"","why_editor_title":"","why_editor_text":"","why_team_title":"","why_team_text":"","why_service_title":"","why_service_text":"","template_catalog_visible":"","template_catalog_title":"","template_catalog_text":"","template_catalog_categories_visible":"","demo_title":"Crea la tua app Viber Chat","demo_caption":"Configura la tua chat Viber e aggiungila gratuitamente al tuo sito WooCommerce!","default_faq_hidden":"","app_template_category":[],"platform":"80","template_public_id":"","codecanyon_url":"","codecanyon_item_id":"","codecanyon_price":"","pricing_caption":"","pricing_elfsight_apps_hide_column":"","pricing_elfsight_apps_url":"","pricing_codecanyon_price_caption":"","integration_category":[],"integration_request_title":"","integration_request_cta":"","integration_platform":"","integrations":[],"platform_category":[],"video_schema_markup":"","price":"da $ 0 al mese","trial":"","benefits":[{"text":"Assistenza gratuita per l'installazione"},{"text":"Servizio clienti competente"},{"text":"Garanzia di rimborso di 14 giorni"},{"text":"Futuri aggiornamenti gratuiti"}],"button_url":"#demo","button_target_blank":"","button_nofollow":"","attributes":[{"name":"Installazioni"},{"name":"Reattivo"},{"name":"Browser compatibili"}],"tags":[],"tags_disable_links":"","hide_more_platforms":"","video_object":"","demo_hide_cta":"","demo_hide_cloud_options":"","pricing_title":"","pricing":[{"pricing_icon":"platform","pricing_title":"Elfsight Apps","pricing_title_caption":"Software multipiattaforma che funziona su qualsiasi sito","pricing_price":"da $ 0 \/ mese","pricing_price_caption":"inizia con un piano gratuito","pricing_benefits":[{"text":"Domini illimitati"},{"text":"Supporto dedicato"},{"text":"Supporto gratuito per l'installazione"},{"text":"Progettazione flessibile"}],"pricing_button_text":"Aggiungi al sito web","pricing_button_url":"#demo"}],"related_apps_title":"","related_apps_hidden":"","author":"","image":[],"title":"","job":"","social_networks":[]},"_links":{"self":[{"href":"https:\/\/elfsight.com\/it\/wp-json\/wp\/v2\/pages\/6450","targetHints":{"allow":["GET"]}}],"collection":[{"href":"https:\/\/elfsight.com\/it\/wp-json\/wp\/v2\/pages"}],"about":[{"href":"https:\/\/elfsight.com\/it\/wp-json\/wp\/v2\/types\/page"}],"author":[{"embeddable":true,"href":"https:\/\/elfsight.com\/it\/wp-json\/wp\/v2\/users\/9"}],"replies":[{"embeddable":true,"href":"https:\/\/elfsight.com\/it\/wp-json\/wp\/v2\/comments?post=6450"}],"version-history":[{"count":1,"href":"https:\/\/elfsight.com\/it\/wp-json\/wp\/v2\/pages\/6450\/revisions"}],"predecessor-version":[{"id":6454,"href":"https:\/\/elfsight.com\/it\/wp-json\/wp\/v2\/pages\/6450\/revisions\/6454"}],"up":[{"embeddable":true,"href":"https:\/\/elfsight.com\/it\/wp-json\/wp\/v2\/pages\/2950"}],"wp:attachment":[{"href":"https:\/\/elfsight.com\/it\/wp-json\/wp\/v2\/media?parent=6450"}],"curies":[{"name":"wp","href":"https:\/\/api.w.org\/{rel}","templated":true}]}}