{"id":6444,"date":"1970-01-01T00:00:00","date_gmt":"1970-01-01T00:00:00","guid":{"rendered":"https:\/\/elfsight.com\/it\/?page_id=6444"},"modified":"2025-03-21T04:09:34","modified_gmt":"2025-03-21T04:09:34","slug":"google-sites","status":"publish","type":"page","link":"https:\/\/elfsight.com\/it\/viber-chat-widget\/google-sites\/","title":{"rendered":"Viber Chat &#8211; Google Sites"},"content":{"rendered":"\n<div class=\"application-platform-content-item-description application-platform-content-item\" id=\"description\" data-nav-section=\"description\"> <h2>Incorpora Viber Chat su Google Sites con il widget Elfsight<\/h2> <p>Elfsight Viber Chat per Google Sites \u00e8 uno dei widget pi\u00f9 convenienti possibilit\u00e0 per i tuoi clienti di indirizzarti sul tuo sito web. Ogni utente ricever\u00e0 rapidamente risposte alle sue domande o supporto da te. Potrai rimanere disponibile dal vivo in una delle chat pi\u00f9 popolari senza sosta. Puoi impostare la chat di Elfsight Viber in modo che venga visualizzata su pagine selezionate e indirizzarla a particolari gruppi di pubblico. Il widget offre tantissime possibilit\u00e0 di personalizzazione: assegna attivatori di avvio chat, scrivi il tuo messaggio di benvenuto, imposta icone e molto altro. Con l&#8217;aiuto di Viber Chat sul sito web sarai connesso ai visitatori in ogni momento e da qualsiasi luogo. <\/p> <p><b>Aggiungi Viber Chat per affrontare le tue sfide e-commerce pi\u00f9 rapidamente!<\/b><\/p> <\/div> <div class=\"application-platform-content-item-features application-platform-content-item\" id=\"features\" data-nav-section=\"features\"> <h2>Questi sono solo alcuni dei le numerose funzionalit\u00e0 del widget: <\/h2> <ul><li>Una libreria di icone a fumetti tra cui scegliere<\/li><li>Testo a fumetti modificabile<\/li><li>Intestazione della chat con immagine della pagina, nome, e didascalia. <\/li><li>Impostare l&#8217;immagine della pagina per impostazione predefinita, dalla nostra libreria o caricare la tua immagine<\/li><\/ul><p><a href=\"#demo\">Puoi scopri tutte le funzionalit\u00e0 del widget nella demo in questa pagina<\/a><\/p> <\/div> <div class=\"application-platform-content-item-installation application-platform-content-item\" id=\"installation\" data-nav-section=\"installation\"> <h2>Come faccio ad aggiungere la chat di Viber al mio sito web di Google Sites? <\/h2> <p>\u00c8 sufficiente eseguire diversi passaggi presentati di seguito per integrare lo strumento. <\/p> <ol><li><b>Apri il nostro editor gratuito e inizia a creare il tuo strumento. <\/b><br> Trova la forma e la funzionalit\u00e0 preferibili dello strumento e applica le correzioni. <\/li> <li><b>Ricevi il tuo codice univoco esposto nel box su Elfsight Apps. <\/b><br> Una volta terminata la configurazione del plug-in, copia il codice individuale nella casella visualizzata e conservalo per un uso successivo. <\/li> <li><b>Inizia a utilizzare il plug-in sul tuo sito web di Google Sites. <\/b><br> Incorpora il codice che hai salvato in precedenza nella tua pagina web e applica le modifiche. <\/li> <li><b>Fatto! L&#8217;integrazione \u00e8 stata completata con successo. <\/b><br> Vai alla tua pagina per osservare come funziona il plugin. <\/li><\/ol> <div class=\"tip-yellow tip\"><b>A causa delle peculiarit\u00e0 del funzionamento di Google Sites, il widget potrebbe avere un aspetto diverso dalla demo online. Ci scusiamo per gli eventuali disagi causati.<\/b><\/div><p>Se riscontri alcune difficolt\u00e0, chiedi assistenza al nostro team di supporto. Il nostro personale sar\u00e0 entusiasta di risolvere tutte le domande che potresti avere sul prodotto. <\/p> <div class=\"faq\" data-component=\"FAQ\"> <div class=\"faq-item\">\r\n\t\t\t\t\t<div class=\"faq-item-question\">\r\n\t\t\t\t\t\t<h3 class=\"faq-item-question-text\">Come aggiungere Viber Chat al mio sito web Google Sites senza competenze di programmazione?<\/h3>\r\n\r\n\t\t\t\t\t\t<div class=\"faq-item-question-icon\"><\/div>\r\n\t\t\t\t\t<\/div>\r\n\r\n\t\t\t\t\t<div class=\"faq-item-answer\">\r\n\t\t\t\t\t\t<div class=\"faq-item-answer-text\"> <p>Elfsight fornisce una soluzione SaaS che ti consente di creare tu stesso un widget Viber Chat, scopri quanto \u00e8 facile Il processo \u00e8: lavora direttamente nell&#8217;editor online per creare un widget Viber Chat che vorresti vedere sul tuo sito web di Google Sites. Scegli uno dei modelli predefiniti e regola le impostazioni di Viber Chat, aggiungi i tuoi contenuti, modifica il layout e i colori senza alcuna abilit\u00e0 di codifica. Salva la chat di Viber e copia il codice di installazione, che potrai semplicemente incollare nel tuo sito Google Sites senza acquistare un piano a pagamento. Con il nostro editor intuitivo qualsiasi utente di Internet pu\u00f2 creare widget Viber Chat online e incorporarlo facilmente nel proprio sito Web di Google Sites. Non \u00e8 necessario pagare o inserire le credenziali della carta per accedere al servizio. In caso di problemi in qualsiasi momento, non esitate a contattare il nostro team di supporto tecnico.<\/p> <\/div>\r\n\t\t\t\t\t<\/div>\r\n\t\t\t\t<\/div> <\/div> <\/div>\n","protected":false},"excerpt":{"rendered":"","protected":false},"author":9,"featured_media":0,"parent":2950,"menu_order":0,"comment_status":"closed","ping_status":"closed","template":"templates\/template-application-platform.php","meta":{"publish_to_discourse":"","publish_post_category":"","wpdc_auto_publish_overridden":"","wpdc_topic_tags":"","wpdc_pin_topic":"","wpdc_pin_until":"","discourse_post_id":"","discourse_permalink":"","wpdc_publishing_response":"","wpdc_publishing_error":"","footnotes":""},"class_list":["post-6444","page","type-page","status-publish","hentry"],"yoast_head":"<!-- This site is optimized with the Yoast SEO plugin v25.3.1 - https:\/\/yoast.com\/wordpress\/plugins\/seo\/ -->\n<title>Chat Viber: aggiungi il widget chat Viber a Google Sites (2026)<\/title>\n<meta name=\"description\" content=\"Integra la chat di Viber con il tuo sito per una connessione fluida e immediata con gli utenti. Prova la demo gratuita di Elfsight per creare subito il tuo plugin unico.\" \/>\n<meta name=\"robots\" content=\"index, follow, max-snippet:-1, max-image-preview:large, max-video-preview:-1\" \/>\n<link rel=\"canonical\" href=\"https:\/\/elfsight.com\/it\/viber-chat-widget\/google-sites\/\" \/>\n<meta property=\"og:locale\" content=\"it_IT\" \/>\n<meta property=\"og:type\" content=\"article\" \/>\n<meta property=\"og:title\" content=\"Chat Viber: aggiungi il widget chat Viber a Google Sites (2026)\" \/>\n<meta property=\"og:description\" content=\"Integra la chat di Viber con il tuo sito per una connessione fluida e immediata con gli utenti. Prova la demo gratuita di Elfsight per creare subito il tuo plugin unico.\" \/>\n<meta property=\"og:url\" content=\"https:\/\/elfsight.com\/it\/viber-chat-widget\/google-sites\/\" \/>\n<meta property=\"og:site_name\" content=\"Elfsight IT\" \/>\n<meta property=\"article:modified_time\" content=\"2025-03-21T04:09:34+00:00\" \/>\n<meta name=\"twitter:card\" content=\"summary_large_image\" \/>\n<meta name=\"twitter:label1\" content=\"Tempo di lettura stimato\" \/>\n\t<meta name=\"twitter:data1\" content=\"3 minuti\" \/>\n<!-- \/ Yoast SEO plugin. -->","yoast_head_json":{"title":"Chat Viber: aggiungi il widget chat Viber a Google Sites (2026)","description":"Integra la chat di Viber con il tuo sito per una connessione fluida e immediata con gli utenti. Prova la demo gratuita di Elfsight per creare subito il tuo plugin unico.","robots":{"index":"index","follow":"follow","max-snippet":"max-snippet:-1","max-image-preview":"max-image-preview:large","max-video-preview":"max-video-preview:-1"},"canonical":"https:\/\/elfsight.com\/it\/viber-chat-widget\/google-sites\/","og_locale":"it_IT","og_type":"article","og_title":"Chat Viber: aggiungi il widget chat Viber a Google Sites (2026)","og_description":"Integra la chat di Viber con il tuo sito per una connessione fluida e immediata con gli utenti. Prova la demo gratuita di Elfsight per creare subito il tuo plugin unico.","og_url":"https:\/\/elfsight.com\/it\/viber-chat-widget\/google-sites\/","og_site_name":"Elfsight IT","article_modified_time":"2025-03-21T04:09:34+00:00","twitter_card":"summary_large_image","twitter_misc":{"Tempo di lettura stimato":"3 minuti"},"schema":{"@context":"https:\/\/schema.org","@graph":[{"@type":"WebPage","@id":"https:\/\/elfsight.com\/it\/viber-chat-widget\/google-sites\/","url":"https:\/\/elfsight.com\/it\/viber-chat-widget\/google-sites\/","name":"Chat Viber: aggiungi il widget chat Viber a Google Sites (2026)","isPartOf":{"@id":"https:\/\/elfsight.com\/it\/#website"},"datePublished":"1970-01-01T00:00:00+00:00","dateModified":"2025-03-21T04:09:34+00:00","description":"Integra la chat di Viber con il tuo sito per una connessione fluida e immediata con gli utenti. Prova la demo gratuita di Elfsight per creare subito il tuo plugin unico.","breadcrumb":{"@id":"https:\/\/elfsight.com\/it\/viber-chat-widget\/google-sites\/#breadcrumb"},"inLanguage":"it-IT","potentialAction":[{"@type":"ReadAction","target":["https:\/\/elfsight.com\/it\/viber-chat-widget\/google-sites\/"]}]},{"@type":"BreadcrumbList","@id":"https:\/\/elfsight.com\/it\/viber-chat-widget\/google-sites\/#breadcrumb","itemListElement":[{"@type":"ListItem","position":1,"name":"Home","item":"https:\/\/elfsight.com\/it\/"},{"@type":"ListItem","position":2,"name":"Viber Chat","item":"https:\/\/elfsight.com\/it\/viber-chat-widget\/"},{"@type":"ListItem","position":3,"name":"Viber Chat &#8211; Google Sites"}]},{"@type":"WebSite","@id":"https:\/\/elfsight.com\/it\/#website","url":"https:\/\/elfsight.com\/it\/","name":"Elfsight IT","description":"Just another Elfsight Sites site","potentialAction":[{"@type":"SearchAction","target":{"@type":"EntryPoint","urlTemplate":"https:\/\/elfsight.com\/it\/?s={search_term_string}"},"query-input":{"@type":"PropertyValueSpecification","valueRequired":true,"valueName":"search_term_string"}}],"inLanguage":"it-IT"}]}},"meta_box":{"industry":"","seo_heading":"","heading":"","description":"","cta_heading":"","cta_description":"","application":"2949","h1":"Widget di chat Viber di Google Sites","h1_caption":"Offri Viber come canale di comunicazione sul tuo sito web, consentendo ai visitatori di raggiungere facilmente i tuoi siti Google.","application_category":[],"applications_title":"","applications_request_title":"","applications_request_button_text":"","hero_text":"","hero_video":"","hero_video_schema_markup":"","selling_points_title":"","selling_points_caption":"","selling_points":[],"selling_points_cta_text":"","features_title":"","features":"","ed_cta_examples_text":"","ed_cta_examples_hidden":"","ed_cta_demo_text":"","ed_cta_demo_hidden":"","why_caption":"","why_editor_title":"","why_editor_text":"","why_team_title":"","why_team_text":"","why_service_title":"","why_service_text":"","template_catalog_visible":"0","template_catalog_title":"","template_catalog_text":"","template_catalog_categories_visible":"","demo_title":"Crea il tuo widget Viber Chat","demo_caption":"Configura la tua chat Viber e aggiungila gratuitamente al tuo sito web Google Sites!","default_faq_hidden":"","app_template_category":[],"platform":"105","template_public_id":"","codecanyon_url":"","codecanyon_item_id":"","codecanyon_price":"","pricing_caption":"","pricing_elfsight_apps_hide_column":"","pricing_elfsight_apps_url":"","pricing_codecanyon_price_caption":"","integration_category":[],"integration_request_title":"","integration_request_cta":"","integration_platform":"","integrations":[],"platform_category":[],"video_schema_markup":"","price":"da $ 0 al mese","trial":"","benefits":[{"text":"Servizio di installazione gratuito"},{"text":"Servizio clienti professionale"},{"text":"Garanzia di rimborso di 14 giorni"},{"text":"Aggiornamento costante"}],"button_url":"#demo","button_target_blank":"0","button_nofollow":"0","attributes":[{"name":"Installazioni"},{"name":"Reattivo"},{"name":"Browser compatibili"}],"tags":[],"tags_disable_links":"0","hide_more_platforms":"0","video_object":"","demo_hide_cta":"0","demo_hide_cloud_options":"0","pricing_title":"","pricing":[{"pricing_icon":"platform","pricing_title":"Elfsight Apps","pricing_title_caption":"Soluzione indipendente dalla piattaforma adatta a qualsiasi sito web","pricing_price":"da $ 0 \/ mese","pricing_price_caption":"inizia con il piano gratuito","pricing_benefits":[{"text":"Domini illimitati"},{"text":"Assistenza clienti premium"},{"text":"Supporto gratuito per l'installazione"},{"text":"Prezzo speciale per pi\u00f9 app"}],"pricing_button_text":"Aggiungi al sito web","pricing_button_url":"#demo"}],"related_apps_title":"","related_apps_hidden":"0","author":"","image":[],"title":"","job":"","social_networks":[]},"_links":{"self":[{"href":"https:\/\/elfsight.com\/it\/wp-json\/wp\/v2\/pages\/6444","targetHints":{"allow":["GET"]}}],"collection":[{"href":"https:\/\/elfsight.com\/it\/wp-json\/wp\/v2\/pages"}],"about":[{"href":"https:\/\/elfsight.com\/it\/wp-json\/wp\/v2\/types\/page"}],"author":[{"embeddable":true,"href":"https:\/\/elfsight.com\/it\/wp-json\/wp\/v2\/users\/9"}],"replies":[{"embeddable":true,"href":"https:\/\/elfsight.com\/it\/wp-json\/wp\/v2\/comments?post=6444"}],"version-history":[{"count":2,"href":"https:\/\/elfsight.com\/it\/wp-json\/wp\/v2\/pages\/6444\/revisions"}],"predecessor-version":[{"id":9458,"href":"https:\/\/elfsight.com\/it\/wp-json\/wp\/v2\/pages\/6444\/revisions\/9458"}],"up":[{"embeddable":true,"href":"https:\/\/elfsight.com\/it\/wp-json\/wp\/v2\/pages\/2950"}],"wp:attachment":[{"href":"https:\/\/elfsight.com\/it\/wp-json\/wp\/v2\/media?parent=6444"}],"curies":[{"name":"wp","href":"https:\/\/api.w.org\/{rel}","templated":true}]}}