{"id":6435,"date":"1970-01-01T00:00:00","date_gmt":"1970-01-01T00:00:00","guid":{"rendered":"https:\/\/elfsight.com\/it\/?page_id=6435"},"modified":"2025-03-19T04:32:31","modified_gmt":"2025-03-19T04:32:31","slug":"wordpress","status":"publish","type":"page","link":"https:\/\/elfsight.com\/it\/twitter-feed-widget\/wordpress\/","title":{"rendered":"Twitter Feed &#8211; WordPress"},"content":{"rendered":"\n<div class=\"application-platform-content-item-description application-platform-content-item\" id=\"description\" data-nav-section=\"description\"><h2>Incorpora feed Twitter su WordPress con il widget Elfsight<\/h2><p>Elfsight Twitter \u00e8 un plugin adattabile che ti consente di introdurre Twitter feed o Tweet selezionati su un sito WordPress. Puoi visualizzare il tuo feed di notizie di Twitter o dimostrare Tweet di testimonianze che aiutano ad aumentare il coinvolgimento dei visitatori e a rafforzare la fiducia dei clienti. Ci\u00f2 che rende il nostro plugin Twitter uno dei migliori nel suo genere per qualsiasi sito web \u00e8 una grande quantit\u00e0 di impostazioni, modelli preimpostati progettati per qualsiasi caso d&#8217;uso e il suo design adattivo.<\/p><p><b>Ottieni un migliore coinvolgimento degli utenti e maggiore fiducia nel tuo sito web<\/b><\/p><ul><li><b>Trattieni i visitatori sul sito per un tempo pi\u00f9 lungo<\/b>.<br>Trattieni i visitatori sul sito per un tempo pi\u00f9 lungo.<\/li><li><b>Promuovi il tuo Twitter e il tuo sito web insieme<\/b>.<br>Il tuo sito web \u00e8 un ulteriore strumento di promozione del tuo account Twitter, con retweet e risposte supportati dalla pagina; mentre un migliore coinvolgimento e prove sociali sul sito web migliorano i risultati SEO.<\/li><li><b>Aumenta la fiducia con l&#8217;aiuto delle testimonianze dei clienti da Twitter<\/b>.<br>Scegli le migliori testimonianze dei clienti sulla tua attivit\u00e0 da Twitter e rivelali sul tuo sito per rafforzare la fiducia nella tua azienda e rendere i tuoi articoli allettanti.<\/li><\/ul><\/div><div class=\"application-platform-content-item-features application-platform-content-item\" id=\"features\" data-nav-section=\"features\"><h2>Caratteristiche principali del widget Feed di Twitter <\/h2><p>Caratteristiche principali del plugin Twitter Elfsight, che lo aiutano a rimanere il miglior strumento WordPress per incorporare Twitter.<\/p><ul><li>Tipo di presentazione feed o testimonianze;<\/li><li>Nascondi l&#8217;intestazione per mostrare solo i Tweet;<\/li><li>Link di anteprima interessanti nei Tweet;<\/li><li>Cache dei dati del browser: caricamento pi\u00f9 veloce con widget su pi\u00f9 pagine;<\/li><li>Feed automatico colorare con il colore del tema dal tuo account Twitter.<\/li><\/ul><p><a href=\"#demo\">Vedi tutte le opzioni nella demo di Elfsight<\/a><\/p><\/div><div class=\"application-platform-content-item-installazione application-platform-content-item\" id=\"installazione\" data-nav-section=\"installazione\"><h2>Come incorporare il feed di Twitter nel sito Web WordPress<\/h2><div class=\"video-container\"><iframe width=\"560\" height=\"315\" src=\"https:\/\/www.youtube.com\/embed\/OyUx7mlBDKY?si=LUlBFU9fH1-STa5l\" frameborder=\"0\" allow=\"accelerometer; autoplay; clipboard-write; encrypted-media; gyroscope; picture-in-picture; web-share\" allowfullscreen><\/iframe><\/div><p>Segui semplicemente un paio di passaggi presentati di seguito per inserire il plug-in su WordPress.<\/p> <ol><li><b>Gestisci la nostra demo gratuita e inizia a costruire il tuo strumento personalizzato. <\/b><br> Scegli il modulo selezionato e le opzioni del plugin e salva le modifiche. <\/li> <li><b>Acquisisci il tuo codice univoco che appare nella finestra delle app Elfsight. <\/b><br> Subito dopo aver terminato la configurazione del tuo plug-in Twitter, copia il codice individuale nel popup visualizzato e salvalo per ulteriori necessit\u00e0. <\/li> <li><b>Inizia a utilizzare il widget sul tuo sito WordPress. <\/b><br> Aggiungi il codice che hai salvato in precedenza nella tua pagina e applica le modifiche. <\/li> <li><b>Il gioco \u00e8 fatto! La configurazione \u00e8 completamente terminata. <\/b><br> Vai alla tua pagina per osservare come funziona il widget. <\/li><\/ol> <p>Non riesci a progettare o aggiungere il plugin al tuo sito web? Studia il nostro <a href=\"https:\/\/elfsight.com\/tutorials\/how-to-add-twitter-feed-plugin-to-wordpress\/\" target=\"_blank\" rel=\"noopener noreferrer\">manuale completo<\/a> o rivolgiti al nostro team di assistenza.<\/p><\/div><div class=\"faq\" data-component=\"FAQ\"><div class=\"faq-item\">\r\n\t\t\t\t\t<div class=\"faq-item-question\">\r\n\t\t\t\t\t\t<h3 class=\"faq-item-question-text\">Come posso aggiungere un feed Twitter al mio sito Web WordPress?<\/h3>\r\n\r\n\t\t\t\t\t\t<div class=\"faq-item-question-icon\"><\/div>\r\n\t\t\t\t\t<\/div>\r\n\r\n\t\t\t\t\t<div class=\"faq-item-answer\">\r\n\t\t\t\t\t\t<div class=\"faq-item-answer-text\"><p>La creazione del widget avviene all&#8217;interno del sito Elfsight e non \u00e8 necessario imparare a programmare. Applica la nostra demo online per modellare il tuo strumento, acquisire il codice e implementarlo nel tuo sito web. <\/p><\/div>\r\n\t\t\t\t\t<\/div>\r\n\t\t\t\t<\/div><div class=\"faq-item\">\r\n\t\t\t\t\t<div class=\"faq-item-question\">\r\n\t\t\t\t\t\t<h3 class=\"faq-item-question-text\">In che modo posso ottenere il feed o la griglia degli hashtag di Twitter tramite i plugin Elfsight?<\/h3>\r\n\r\n\t\t\t\t\t\t<div class=\"faq-item-question-icon\"><\/div>\r\n\t\t\t\t\t<\/div>\r\n\r\n\t\t\t\t\t<div class=\"faq-item-answer\">\r\n\t\t\t\t\t\t<div class=\"faq-item-answer-text\"><p>Una miriade di modelli \u00e8 a tua disposizione: griglia, feed, gallery, muratura, elenco e molti altri, contando aggiustamenti malleabili del layout per armonizzarsi con le tue condizioni. Sei libero di creare quasi tutti gli strumenti che ti mancano. <\/p><\/div>\r\n\t\t\t\t\t<\/div>\r\n\t\t\t\t<\/div><div class=\"faq-item\">\r\n\t\t\t\t\t<div class=\"faq-item-question\">\r\n\t\t\t\t\t\t<h3 class=\"faq-item-question-text\">Il mio feed Twitter di WordPress non funziona\/non si aggiorna<\/h3>\r\n\r\n\t\t\t\t\t\t<div class=\"faq-item-question-icon\"><\/div>\r\n\t\t\t\t\t<\/div>\r\n\r\n\t\t\t\t\t<div class=\"faq-item-answer\">\r\n\t\t\t\t\t\t<div class=\"faq-item-answer-text\"><p>Non appena riscontri difficolt\u00e0 con i widget di WordPress, rivolgiti al supporto clienti. Qualsiasi aiuto \u00e8 assolutamente gratuito per tutta la clientela Elfsight. <\/p><\/div>\r\n\t\t\t\t\t<\/div>\r\n\t\t\t\t<\/div><\/div>\n","protected":false},"excerpt":{"rendered":"","protected":false},"author":9,"featured_media":0,"parent":1368,"menu_order":0,"comment_status":"closed","ping_status":"closed","template":"templates\/template-application-platform.php","meta":{"publish_to_discourse":"","publish_post_category":"","wpdc_auto_publish_overridden":"","wpdc_topic_tags":"","wpdc_pin_topic":"","wpdc_pin_until":"","discourse_post_id":"","discourse_permalink":"","wpdc_publishing_response":"","wpdc_publishing_error":"","footnotes":""},"class_list":["post-6435","page","type-page","status-publish","hentry"],"yoast_head":"<!-- This site is optimized with the Yoast SEO plugin v25.3.1 - https:\/\/yoast.com\/wordpress\/plugins\/seo\/ -->\n<title>Il miglior plug-in Feed Twitter per il sito Web WordPress (2025)<\/title>\n<meta name=\"description\" content=\"Genera un plugin personalizzato per il feed Twitter di WordPress in un minuto. Sono inclusi demo gratuita, aiuto con la configurazione e altri vantaggi di Elfsight!\" \/>\n<meta name=\"robots\" content=\"index, follow, max-snippet:-1, max-image-preview:large, max-video-preview:-1\" \/>\n<link rel=\"canonical\" href=\"https:\/\/elfsight.com\/it\/twitter-feed-widget\/wordpress\/\" \/>\n<meta property=\"og:locale\" content=\"it_IT\" \/>\n<meta property=\"og:type\" content=\"article\" \/>\n<meta property=\"og:title\" content=\"Il miglior plug-in Feed Twitter per il sito Web WordPress (2025)\" \/>\n<meta property=\"og:description\" content=\"Genera un plugin personalizzato per il feed Twitter di WordPress in un minuto. Sono inclusi demo gratuita, aiuto con la configurazione e altri vantaggi di Elfsight!\" \/>\n<meta property=\"og:url\" content=\"https:\/\/elfsight.com\/it\/twitter-feed-widget\/wordpress\/\" \/>\n<meta property=\"og:site_name\" content=\"Elfsight IT\" \/>\n<meta property=\"article:modified_time\" content=\"2025-03-19T04:32:31+00:00\" \/>\n<meta name=\"twitter:card\" content=\"summary_large_image\" \/>\n<meta name=\"twitter:label1\" content=\"Tempo di lettura stimato\" \/>\n\t<meta name=\"twitter:data1\" content=\"4 minuti\" \/>\n<!-- \/ Yoast SEO plugin. -->","yoast_head_json":{"title":"Il miglior plug-in Feed Twitter per il sito Web WordPress (2025)","description":"Genera un plugin personalizzato per il feed Twitter di WordPress in un minuto. Sono inclusi demo gratuita, aiuto con la configurazione e altri vantaggi di Elfsight!","robots":{"index":"index","follow":"follow","max-snippet":"max-snippet:-1","max-image-preview":"max-image-preview:large","max-video-preview":"max-video-preview:-1"},"canonical":"https:\/\/elfsight.com\/it\/twitter-feed-widget\/wordpress\/","og_locale":"it_IT","og_type":"article","og_title":"Il miglior plug-in Feed Twitter per il sito Web WordPress (2025)","og_description":"Genera un plugin personalizzato per il feed Twitter di WordPress in un minuto. Sono inclusi demo gratuita, aiuto con la configurazione e altri vantaggi di Elfsight!","og_url":"https:\/\/elfsight.com\/it\/twitter-feed-widget\/wordpress\/","og_site_name":"Elfsight IT","article_modified_time":"2025-03-19T04:32:31+00:00","twitter_card":"summary_large_image","twitter_misc":{"Tempo di lettura stimato":"4 minuti"},"schema":{"@context":"https:\/\/schema.org","@graph":[{"@type":"WebPage","@id":"https:\/\/elfsight.com\/it\/twitter-feed-widget\/wordpress\/","url":"https:\/\/elfsight.com\/it\/twitter-feed-widget\/wordpress\/","name":"Il miglior plug-in Feed Twitter per il sito Web WordPress (2025)","isPartOf":{"@id":"https:\/\/elfsight.com\/it\/#website"},"datePublished":"1970-01-01T00:00:00+00:00","dateModified":"2025-03-19T04:32:31+00:00","description":"Genera un plugin personalizzato per il feed Twitter di WordPress in un minuto. Sono inclusi demo gratuita, aiuto con la configurazione e altri vantaggi di Elfsight!","breadcrumb":{"@id":"https:\/\/elfsight.com\/it\/twitter-feed-widget\/wordpress\/#breadcrumb"},"inLanguage":"it-IT","potentialAction":[{"@type":"ReadAction","target":["https:\/\/elfsight.com\/it\/twitter-feed-widget\/wordpress\/"]}]},{"@type":"BreadcrumbList","@id":"https:\/\/elfsight.com\/it\/twitter-feed-widget\/wordpress\/#breadcrumb","itemListElement":[{"@type":"ListItem","position":1,"name":"Home","item":"https:\/\/elfsight.com\/it\/"},{"@type":"ListItem","position":2,"name":"Twitter Feed","item":"https:\/\/elfsight.com\/it\/twitter-feed-widget\/"},{"@type":"ListItem","position":3,"name":"Twitter Feed &#8211; WordPress"}]},{"@type":"WebSite","@id":"https:\/\/elfsight.com\/it\/#website","url":"https:\/\/elfsight.com\/it\/","name":"Elfsight IT","description":"Just another Elfsight Sites site","potentialAction":[{"@type":"SearchAction","target":{"@type":"EntryPoint","urlTemplate":"https:\/\/elfsight.com\/it\/?s={search_term_string}"},"query-input":{"@type":"PropertyValueSpecification","valueRequired":true,"valueName":"search_term_string"}}],"inLanguage":"it-IT"}]}},"meta_box":{"industry":"","seo_heading":"","heading":"","description":"","cta_heading":"","cta_description":"","application":"1367","h1":"Plug-in per feed Twitter di WordPress","h1_caption":"Incorpora tweet dal tuo account Twitter o tramite hashtag per mantenere i tuoi visitatori aggiornati con contenuti in tempo reale nel tuo sito Web WordPress senza sforzo.","application_category":[],"applications_title":"","applications_request_title":"","applications_request_button_text":"","hero_text":"","hero_video":"","hero_video_schema_markup":"","selling_points_title":"","selling_points_caption":"","selling_points":[],"selling_points_cta_text":"","features_title":"","features":"","ed_cta_examples_text":"","ed_cta_examples_hidden":"","ed_cta_demo_text":"","ed_cta_demo_hidden":"","why_caption":"","why_editor_title":"","why_editor_text":"","why_team_title":"","why_team_text":"","why_service_title":"","why_service_text":"","template_catalog_visible":"0","template_catalog_title":"","template_catalog_text":"","template_catalog_categories_visible":"","demo_title":"Crea il tuo plugin per il feed di Twitter","demo_caption":"Configura il tuo feed Twitter e aggiungilo gratuitamente al tuo sito WordPress!","default_faq_hidden":"","app_template_category":[],"platform":"28","template_public_id":"","codecanyon_url":"","codecanyon_item_id":"","codecanyon_price":"","pricing_caption":"","pricing_elfsight_apps_hide_column":"","pricing_elfsight_apps_url":"","pricing_codecanyon_price_caption":"","integration_category":[],"integration_request_title":"","integration_request_cta":"","integration_platform":"","integrations":[],"platform_category":[],"video_schema_markup":"","price":"da $ 0 al mese","trial":"","benefits":[{"text":"Aiuto gratuito per l'installazione"},{"text":"Servizio clienti professionale"},{"text":"Garanzia di rimborso di 14 giorni"},{"text":"Miglioramenti continui"}],"button_url":"#demo","button_target_blank":"0","button_nofollow":"0","attributes":[{"name":"Installazioni"},{"name":"Reattivo"},{"name":"Browser compatibili"}],"tags":[],"tags_disable_links":"0","hide_more_platforms":"0","video_object":"","demo_hide_cta":"0","demo_hide_cloud_options":"0","pricing_title":"","pricing":[{"pricing_icon":"platform","pricing_title":"Elfsight Apps","pricing_title_caption":"Versione multipiattaforma che funziona su qualsiasi sito","pricing_price":"da $ 0 \/ mese","pricing_price_caption":"inizia con il piano gratuito","pricing_benefits":[{"text":"Domini illimitati"},{"text":"Supporto premium"},{"text":"Assistenza gratuita per l'installazione"},{"text":"Prezzo speciale per pi\u00f9 app"}],"pricing_button_text":"Aggiungi al sito web","pricing_button_url":"#demo"}],"related_apps_title":"","related_apps_hidden":"0","author":"","image":[],"title":"","job":"","social_networks":[]},"_links":{"self":[{"href":"https:\/\/elfsight.com\/it\/wp-json\/wp\/v2\/pages\/6435","targetHints":{"allow":["GET"]}}],"collection":[{"href":"https:\/\/elfsight.com\/it\/wp-json\/wp\/v2\/pages"}],"about":[{"href":"https:\/\/elfsight.com\/it\/wp-json\/wp\/v2\/types\/page"}],"author":[{"embeddable":true,"href":"https:\/\/elfsight.com\/it\/wp-json\/wp\/v2\/users\/9"}],"replies":[{"embeddable":true,"href":"https:\/\/elfsight.com\/it\/wp-json\/wp\/v2\/comments?post=6435"}],"version-history":[{"count":3,"href":"https:\/\/elfsight.com\/it\/wp-json\/wp\/v2\/pages\/6435\/revisions"}],"predecessor-version":[{"id":9134,"href":"https:\/\/elfsight.com\/it\/wp-json\/wp\/v2\/pages\/6435\/revisions\/9134"}],"up":[{"embeddable":true,"href":"https:\/\/elfsight.com\/it\/wp-json\/wp\/v2\/pages\/1368"}],"wp:attachment":[{"href":"https:\/\/elfsight.com\/it\/wp-json\/wp\/v2\/media?parent=6435"}],"curies":[{"name":"wp","href":"https:\/\/api.w.org\/{rel}","templated":true}]}}