{"id":6434,"date":"2024-05-03T06:52:50","date_gmt":"2024-05-03T06:52:50","guid":{"rendered":"https:\/\/elfsight.com\/it\/?page_id=6434"},"modified":"2025-03-19T04:28:35","modified_gmt":"2025-03-19T04:28:35","slug":"weebly","status":"publish","type":"page","link":"https:\/\/elfsight.com\/it\/twitter-feed-widget\/weebly\/","title":{"rendered":"Twitter Feed &#8211; Weebly"},"content":{"rendered":"\n<div class=\"application-platform-content-item-description application-platform-content-item\" id=\"description\" data-nav-section=\"description\"><h2>Descrizione<\/h2><p>Con l&#8217;aiuto del feed Twitter di Elfsight, \u00e8 semplicissimo incorporare il feed Twitter o i Tweet selezionati su un Weebly luogo. Aumenta l&#8217;attivit\u00e0 degli utenti e aumenta la fiducia dei clienti nella tua attivit\u00e0, rivelando la tua sequenza temporale di Twitter o vantando le testimonianze degli utenti Tweet sui tuoi prodotti o servizi. I vantaggi pi\u00f9 preziosi di Elfsight Twitter per un sito web sono modelli predefiniti per qualsiasi caso d&#8217;uso e varie opzioni di impostazione insieme a un design adattabile.<\/p><p><b>Aumenta il livello di coinvolgimento del tuo sito e rendilo credibile per i tuoi utenti. visitatori<\/b><\/p><ul><li><b>Aumenta il tasso di coinvolgimento<\/b>.<br>Inserisci contenuti vivaci e freschi di uno dei social media pi\u00f9 utilizzati sul tuo sito per attirare i clienti Attenzione. Aumenta il livello di attivit\u00e0 sul tuo sito.<\/li><li><b>Promuovi il tuo Twitter e il tuo sito web allo stesso tempo<\/b>.<br>Il tuo sito web \u00e8 un altro modo per promuovere il tuo account Twitter, grazie ai retweet e risposta supportata dal feed; mentre un maggiore coinvolgimento e una prova sociale sul sito contribuiscono a migliori risultati SEO.<\/li><li><b>Aumenta la fiducia dei clienti utilizzando i tweet con testimonianze<\/b>.<br>Prendi le migliori testimonianze dei clienti sulla tua attivit\u00e0 da Twitter e presentali sul tuo sito per aumentare la fiducia dei clienti e rendere i tuoi prodotti e servizi irresistibili per i tuoi utenti.<\/li><\/ul><\/div><div class=\"application-platform-content-item-features application-platform-content-item\" id=\"features\" data-nav-section=\"features\"><h2>Funzionalit\u00e0<\/h2><p>Perch\u00e9 la nostra app \u00e8 il migliore dei widget Weebly di alta qualit\u00e0? Scopri le nostre caratteristiche principali:<\/p><ul><li>Crea un feed con Tweet testimoniali sulla tua attivit\u00e0;<\/li><li>Scegli il layout dell&#8217;intestazione completo o compatto;<\/li><li>Copia il link dei Tweet;<\/li><li>Limite di visualizzazione dei tweet nel feed;<\/li><li>Imposta un colore del tema personalizzato per il widget.<\/li><\/ul><p><a href=\"#demo\">Prova pi\u00f9 funzionalit\u00e0 nella demo gratuita<\/a><\/p><\/div><div class=\"application-platform-content-item-installation application-platform-content-item\" id=\"installation\" data-nav-section=\"installation\"><h2>Come aggiungere il feed Twitter al sito web Weebly<\/h2><div class=\"video-container \"><iframe width=\"720\" height=\"405\" src=\"https:\/\/www.youtube.com\/embed\/04ECDy9Ii88\" frameborder=\"0\" allowfullscreen=\"\"><\/iframe><\/div><p>La nostra app \u00e8 la pi\u00f9 semplice da configurare e non richiede conoscenze di programmazione per farlo. Avrai bisogno di solo 2 minuti per eseguire le istruzioni.<\/p><ol><li><b>Utilizza la nostra demo gratuita e inizia a creare la tua app. <\/b><br> Determina il design adatto e le caratteristiche funzionali dell&#8217;app e applica tutte le correzioni. <\/li> <li><b>Copia il tuo codice univoco che appare nell&#8217;apposito modulo su Elfsight Apps. <\/b><br> Una volta completata la generazione della tua app, copia il codice individuale nella finestra visualizzata e conservalo per un utilizzo futuro. <\/li> <li><b>Inizia a utilizzare l&#8217;app sul sito Weebly. <\/b><br> Implementa il codice copiato in precedenza nel tuo sito web e salva le modifiche. <\/li> <li><b>La configurazione \u00e8 stata completata. <\/b><br> Visita il tuo sito per verificare il funzionamento dell&#8217;app. <\/li><\/ol><p>Riscontri problemi con l&#8217;incorporamento o la personalizzazione della tua app? Invia un messaggio al nostro supporto o leggi un <a href=\"https:\/\/elfsight.com\/tutorials\/how-to-add-twitter-feed-app-to-weebly\/\" target=\"_blank\" rel=\"noopener noreferrer\">istruzioni complete<\/a>.<\/p><\/div><div class=\"faq\" data-component=\"FAQ\"><div class=\"faq-item\">\r\n\t\t\t\t\t<div class=\"faq-item-question\">\r\n\t\t\t\t\t\t<h3 class=\"faq-item-question-text\">Come posso aggiungere il feed Twitter al mio Weebly senza scrivere codice competenze?<\/h3>\r\n\r\n\t\t\t\t\t\t<div class=\"faq-item-question-icon\"><\/div>\r\n\t\t\t\t\t<\/div>\r\n\r\n\t\t\t\t\t<div class=\"faq-item-answer\">\r\n\t\t\t\t\t\t<div class=\"faq-item-answer-text\"><p>La societ\u00e0 Elfsight fornisce una soluzione che ti consente di creare tu stesso un plug-in per i feed di Twitter, consulta la semplice guida:<\/p><ul><li>Inizia a lavorare direttamente nella demo live per creare un&#8217;app per i feed di Twitter desideri apparire sulla home page di Weebly.<\/li><li>Scegli uno dei modelli predefiniti e modifica le impostazioni del feed di Twitter, modifica il layout e la combinazione di colori, includi i tuoi contenuti senza conoscenze di programmazione.<\/li><li>Salva il feed Twitter e copia il codice di installazione del plug-in, che pu\u00f2 essere aggiunto facilmente nella home page di Weebly senza acquistare un abbonamento a pagamento.<\/li><\/ul><p>Con il nostro editor intuitivo ogni utente web pu\u00f2 creare feed Twitter widget e includerlo semplicemente nel loro sito Web Weebly. Non \u00e8 necessario pagare o inviare i dati della carta per accedere al servizio. Se riscontri problemi di qualsiasi tipo, non esitare a parlare con il nostro personale di supporto.<\/p><\/div>\r\n\t\t\t\t\t<\/div>\r\n\t\t\t\t<\/div><\/div>\n","protected":false},"excerpt":{"rendered":"","protected":false},"author":9,"featured_media":0,"parent":1368,"menu_order":0,"comment_status":"closed","ping_status":"closed","template":"templates\/template-application-platform.php","meta":{"publish_to_discourse":"","publish_post_category":"","wpdc_auto_publish_overridden":"","wpdc_topic_tags":"","wpdc_pin_topic":"","wpdc_pin_until":"","discourse_post_id":"","discourse_permalink":"","wpdc_publishing_response":"","wpdc_publishing_error":"","footnotes":""},"class_list":["post-6434","page","type-page","status-publish","hentry"],"yoast_head":"<!-- This site is optimized with the Yoast SEO plugin v25.3.1 - https:\/\/yoast.com\/wordpress\/plugins\/seo\/ -->\n<title>Il miglior widget feed Twitter per il sito Web Weebly (2025)<\/title>\n<meta name=\"description\" content=\"Prova gratuitamente il miglior widget Feed Twitter per Weebly. Un&#039;installazione semplice e veloce senza esperienza nello sviluppo web in soli 3 minuti.\" \/>\n<meta name=\"robots\" content=\"index, follow, max-snippet:-1, max-image-preview:large, max-video-preview:-1\" \/>\n<link rel=\"canonical\" href=\"https:\/\/elfsight.com\/it\/twitter-feed-widget\/weebly\/\" \/>\n<meta property=\"og:locale\" content=\"it_IT\" \/>\n<meta property=\"og:type\" content=\"article\" \/>\n<meta property=\"og:title\" content=\"Il miglior widget feed Twitter per il sito Web Weebly (2025)\" \/>\n<meta property=\"og:description\" content=\"Prova gratuitamente il miglior widget Feed Twitter per Weebly. Un&#039;installazione semplice e veloce senza esperienza nello sviluppo web in soli 3 minuti.\" \/>\n<meta property=\"og:url\" content=\"https:\/\/elfsight.com\/it\/twitter-feed-widget\/weebly\/\" \/>\n<meta property=\"og:site_name\" content=\"Elfsight IT\" \/>\n<meta property=\"article:modified_time\" content=\"2025-03-19T04:28:35+00:00\" \/>\n<meta name=\"twitter:card\" content=\"summary_large_image\" \/>\n<meta name=\"twitter:label1\" content=\"Tempo di lettura stimato\" \/>\n\t<meta name=\"twitter:data1\" content=\"4 minuti\" \/>\n<!-- \/ Yoast SEO plugin. -->","yoast_head_json":{"title":"Il miglior widget feed Twitter per il sito Web Weebly (2025)","description":"Prova gratuitamente il miglior widget Feed Twitter per Weebly. Un'installazione semplice e veloce senza esperienza nello sviluppo web in soli 3 minuti.","robots":{"index":"index","follow":"follow","max-snippet":"max-snippet:-1","max-image-preview":"max-image-preview:large","max-video-preview":"max-video-preview:-1"},"canonical":"https:\/\/elfsight.com\/it\/twitter-feed-widget\/weebly\/","og_locale":"it_IT","og_type":"article","og_title":"Il miglior widget feed Twitter per il sito Web Weebly (2025)","og_description":"Prova gratuitamente il miglior widget Feed Twitter per Weebly. Un'installazione semplice e veloce senza esperienza nello sviluppo web in soli 3 minuti.","og_url":"https:\/\/elfsight.com\/it\/twitter-feed-widget\/weebly\/","og_site_name":"Elfsight IT","article_modified_time":"2025-03-19T04:28:35+00:00","twitter_card":"summary_large_image","twitter_misc":{"Tempo di lettura stimato":"4 minuti"},"schema":{"@context":"https:\/\/schema.org","@graph":[{"@type":"WebPage","@id":"https:\/\/elfsight.com\/it\/twitter-feed-widget\/weebly\/","url":"https:\/\/elfsight.com\/it\/twitter-feed-widget\/weebly\/","name":"Il miglior widget feed Twitter per il sito Web Weebly (2025)","isPartOf":{"@id":"https:\/\/elfsight.com\/it\/#website"},"datePublished":"2024-05-03T06:52:50+00:00","dateModified":"2025-03-19T04:28:35+00:00","description":"Prova gratuitamente il miglior widget Feed Twitter per Weebly. Un'installazione semplice e veloce senza esperienza nello sviluppo web in soli 3 minuti.","breadcrumb":{"@id":"https:\/\/elfsight.com\/it\/twitter-feed-widget\/weebly\/#breadcrumb"},"inLanguage":"it-IT","potentialAction":[{"@type":"ReadAction","target":["https:\/\/elfsight.com\/it\/twitter-feed-widget\/weebly\/"]}]},{"@type":"BreadcrumbList","@id":"https:\/\/elfsight.com\/it\/twitter-feed-widget\/weebly\/#breadcrumb","itemListElement":[{"@type":"ListItem","position":1,"name":"Home","item":"https:\/\/elfsight.com\/it\/"},{"@type":"ListItem","position":2,"name":"Twitter Feed","item":"https:\/\/elfsight.com\/it\/twitter-feed-widget\/"},{"@type":"ListItem","position":3,"name":"Twitter Feed &#8211; Weebly"}]},{"@type":"WebSite","@id":"https:\/\/elfsight.com\/it\/#website","url":"https:\/\/elfsight.com\/it\/","name":"Elfsight IT","description":"Just another Elfsight Sites site","potentialAction":[{"@type":"SearchAction","target":{"@type":"EntryPoint","urlTemplate":"https:\/\/elfsight.com\/it\/?s={search_term_string}"},"query-input":{"@type":"PropertyValueSpecification","valueRequired":true,"valueName":"search_term_string"}}],"inLanguage":"it-IT"}]}},"meta_box":{"industry":"","seo_heading":"","heading":"","description":"","cta_heading":"","cta_description":"","application":"1367","h1":"Applicazione Weebly Twitter Feed","h1_caption":"Incorpora tweet dal tuo account Twitter o tramite hashtag per mantenere i tuoi visitatori aggiornati con contenuti in tempo reale nel tuo sito web Weebly senza sforzo.","application_category":[],"applications_title":"","applications_request_title":"","applications_request_button_text":"","hero_text":"","hero_video":"","hero_video_schema_markup":"","selling_points_title":"","selling_points_caption":"","selling_points":[],"selling_points_cta_text":"","features_title":"","features":"","ed_cta_examples_text":"","ed_cta_examples_hidden":"","ed_cta_demo_text":"","ed_cta_demo_hidden":"","why_caption":"","why_editor_title":"","why_editor_text":"","why_team_title":"","why_team_text":"","why_service_title":"","why_service_text":"","template_catalog_visible":"0","template_catalog_title":"","template_catalog_text":"","template_catalog_categories_visible":"","demo_title":"Crea la tua app Twitter Feed","demo_caption":"Configura il tuo feed Twitter e aggiungilo gratuitamente al tuo sito Web Weebly!","default_faq_hidden":"","app_template_category":[],"platform":"45","template_public_id":"","codecanyon_url":"","codecanyon_item_id":"","codecanyon_price":"","pricing_caption":"","pricing_elfsight_apps_hide_column":"","pricing_elfsight_apps_url":"","pricing_codecanyon_price_caption":"","integration_category":[],"integration_request_title":"","integration_request_cta":"","integration_platform":"","integrations":[],"platform_category":[],"video_schema_markup":"","price":"da $ 0 \/ mese","trial":"","benefits":[{"text":"Assistenza per l'installazione gratuita"},{"text":"Assistenza clienti con esperienza"},{"text":"Garanzia di rimborso di 14 giorni"},{"text":"Miglioramenti regolari"}],"button_url":"#demo","button_target_blank":"0","button_nofollow":"0","attributes":[{"name":"Installazioni"},{"name":"Reattivo"},{"name":"Browser compatibili"}],"tags":[],"tags_disable_links":"0","hide_more_platforms":"0","video_object":"","demo_hide_cta":"0","demo_hide_cloud_options":"0","pricing_title":"","pricing":[{"pricing_icon":"cloud","pricing_title":"Elfsight Apps","pricing_title_caption":"Versione multipiattaforma","pricing_price":"da $ 0 \/ mese","pricing_price_caption":"inizia con il piano gratuito","pricing_benefits":[{"text":"Domini illimitati"},{"text":"Supporto aziendale professionale"},{"text":"Assistenza gratuita per l'installazione"},{"text":"Prezzo speciale per pi\u00f9 app"}],"pricing_button_text":"Aggiungi al sito web","pricing_button_url":"#demo"}],"related_apps_title":"","related_apps_hidden":"0","author":"","image":[],"title":"","job":"","social_networks":[]},"_links":{"self":[{"href":"https:\/\/elfsight.com\/it\/wp-json\/wp\/v2\/pages\/6434","targetHints":{"allow":["GET"]}}],"collection":[{"href":"https:\/\/elfsight.com\/it\/wp-json\/wp\/v2\/pages"}],"about":[{"href":"https:\/\/elfsight.com\/it\/wp-json\/wp\/v2\/types\/page"}],"author":[{"embeddable":true,"href":"https:\/\/elfsight.com\/it\/wp-json\/wp\/v2\/users\/9"}],"replies":[{"embeddable":true,"href":"https:\/\/elfsight.com\/it\/wp-json\/wp\/v2\/comments?post=6434"}],"version-history":[{"count":4,"href":"https:\/\/elfsight.com\/it\/wp-json\/wp\/v2\/pages\/6434\/revisions"}],"predecessor-version":[{"id":9130,"href":"https:\/\/elfsight.com\/it\/wp-json\/wp\/v2\/pages\/6434\/revisions\/9130"}],"up":[{"embeddable":true,"href":"https:\/\/elfsight.com\/it\/wp-json\/wp\/v2\/pages\/1368"}],"wp:attachment":[{"href":"https:\/\/elfsight.com\/it\/wp-json\/wp\/v2\/media?parent=6434"}],"curies":[{"name":"wp","href":"https:\/\/api.w.org\/{rel}","templated":true}]}}