{"id":6428,"date":"1970-01-01T00:00:00","date_gmt":"1970-01-01T00:00:00","guid":{"rendered":"https:\/\/elfsight.com\/it\/?page_id=6428"},"modified":"2025-03-19T04:27:25","modified_gmt":"2025-03-19T04:27:25","slug":"webflow","status":"publish","type":"page","link":"https:\/\/elfsight.com\/it\/twitter-feed-widget\/webflow\/","title":{"rendered":"Twitter Feed &#8211; Webflow"},"content":{"rendered":"\n<div class=\"application-platform-content-item-description application-platform-content-item\" id=\"description\" data-nav-section=\"description\"><h2>Incorpora feed Twitter su Webflow con il widget Elfsight<\/h2><p>Il widget Twitter Elfsight \u00e8 un widget regolabile che ti consente di introdurre Twitter feed o singoli Tweet su un sito Web Webflow. Hai la possibilit\u00e0 di visualizzare il tuo newsfeed di Twitter o mostrare Tweet di testimonianze per rafforzare il coinvolgimento degli utenti e aumentare la fiducia dei clienti sul tuo sito web. Ci\u00f2 che rende il nostro widget leader tra gli altri \u00e8 una grande quantit\u00e0 di opzioni, modelli pronti all&#8217;uso che si adattano a qualsiasi caso d&#8217;uso e il suo design adattabile.<\/p><p><b>Aumenta il livello di coinvolgimento del tuo sito e rendilo affidabile per i tuoi clienti<\/b><\/p><ul><li><b>Aumenta il coinvolgimento<\/b>.<br>Aggiungi contenuti vivaci di uno dei social media pi\u00f9 utilizzati sul tuo sito web per attirare maggiore attenzione del pubblico. Goditi un livello di coinvolgimento pi\u00f9 elevato sul tuo sito web.<\/li><li><b>Avere pi\u00f9 follower<\/b>.<br>Il feed Twitter interattivo di Elfsight consente agli utenti di iniziare a seguire il tuo account direttamente dal sito web. Cos\u00ec puoi avere un&#8217;altra fonte di follower e aumentare il numero della tua community Twitter.<\/li><li><b>Prova sociale impeccabile per una maggiore fiducia<\/b>.<br>Dimostra che il tuo profilo Twitter \u00e8 attivo e fresco per assicurare agli utenti che la tua attivit\u00e0 si sta sviluppando e che sei pronto a interagire e ad avvicinarti ai tuoi visitatori.<\/li><\/ul><\/div><div class=\"application-platform-content-item-features application-platform-content-item\" id=\"features\" data-nav-section=\"features\"><h2>Caratteristiche principali del feed Twitter widget<\/h2><p>I tratti fondamentali del nostro widget, che lo rendono una delle migliori soluzioni per i siti web Webflow:<\/p><ul><li>Tipo Feed o Testimonials della presentazione;<\/li><li>Scegli il layout dell&#8217;intestazione completo o compatto;<\/li><li>Condividi tweet su Facebook;<\/li><li>Un&#8217;icona speciale per contrassegnare gli account verificati;<\/li><li>Imposta un colore del tema personalizzato per widget.<\/li><\/ul><p><a href=\"#demo\">Guarda un set completo di funzionalit\u00e0 nella demo!<\/a><\/p><\/div><div class=\"application-platform-content-item-installation  application-platform-content-item\" id=\"installation \" data-nav-section=\"installation \"><h2>Come aggiungere il feed Twitter al sito web Webflow<\/h2><div class=\"video-container\"><iframe width=\"560\" height=\"315\" src=\"https:\/\/www.youtube.com\/embed\/Q_poJ55Vv5E?si=KtERwQI4UB9Tp0OG\" frameborder=\"0\" allow=\"accelerometer; autoplay; clipboard-write; encrypted-media; gyroscope; picture-in-picture; web-share\" allowfullscreen><\/iframe><\/div><p>Guida espressa all&#8217;integrazione del widget senza competenze di programmazione web o ricerca di uno sviluppatore web freelance. Il tempo che dedicherai non sar\u00e0 superiore a 90 secondi.<\/p><ol><li><b>Costruisci il tuo widget Twitter personalizzato<\/b>.<br>Con l&#8217;aiuto del nostro configuratore gratuito, crea un widget con il design e i parametri che desideri.<\/li><li><b>Acquisisci un codice per l&#8217;installazione del widget<\/b>.<br>Dopo aver sintonizzato il tuo widget, acquisisci un codice per la sua installazione dalla notifica popup sulle app Elfsight.<\/li><li><b>Incorpora il widget nel tuo sito web Webflow<\/b>.<br>Aggiungi il widget nel punto desiderato della pagina e pubblica le modifiche.<\/li><li><b>Hai finito!<\/b><br>Entra nel tuo sito web per controllare il tuo lavoro.<\/li><\/ol><p>Se c&#8217;\u00e8 qualcosa che trovi difficile durante l&#8217;installazione o personalizzazione, contatta il team di supporto Elfsight. Oppure studia per leggere un <a href=\"https:\/\/elfsight.com\/tutorials\/how-to-add-twitter-feed-widget-to-webflow\/\" target=\"_blank\" rel=\"noopener noreferrer\">completo manuale<\/a>.<\/p><\/div><div class=\"faq\" data-component=\"FAQ\"><div class=\"faq-item\">\r\n\t\t\t\t\t<div class=\"faq-item-question\">\r\n\t\t\t\t\t\t<h3 class=\"faq-item-question-text\">In che modo \u00e8 possibile aggiungere il feed Twitter alla mia home page di Webflow senza conoscenze di programmazione?<\/h3>\r\n\r\n\t\t\t\t\t\t<div class=\"faq-item-question-icon\"><\/div>\r\n\t\t\t\t\t<\/div>\r\n\r\n\t\t\t\t\t<div class=\"faq-item-answer\">\r\n\t\t\t\t\t\t<div class=\"faq-item-answer-text\"><p>L&#8217;azienda Elfsight offre una soluzione SaaS che consente ai proprietari dei siti di generare autonomamente un widget Feed di Twitter. Scopri quanto \u00e8 semplice il processo:<\/p><ul><li>Lavora direttamente nella demo live per generare un widget Feed di Twitter che desideri aggiungere a Webflow.<\/li><li>Seleziona uno dei modelli gi\u00e0 pronti e adatta le impostazioni del feed di Twitter, aggiungi i tuoi contenuti, modifica il layout e i colori senza conoscenze di programmazione.<\/li><li>Salva il feed di Twitter e ottieni il codice per l&#8217;installazione, che pu\u00f2 essere facilmente incollato in qualsiasi sito Webflow gratuitamente.<\/li><\/ul><p>Con l&#8217;aiuto del nostro configuratore facile da usare ogni utente web pu\u00f2 generare la sezione del feed di Twitter online e aggiungerli facilmente al loro sito Web Webflow. Non \u00e8 necessario pagare o divulgare i dati della carta per accedere al servizio. Se riscontri problemi in qualsiasi momento, vai avanti e rivolgiti al nostro staff di supporto tecnico.<\/p><\/div>\r\n\t\t\t\t\t<\/div>\r\n\t\t\t\t<\/div><\/div>\n","protected":false},"excerpt":{"rendered":"","protected":false},"author":9,"featured_media":0,"parent":1368,"menu_order":0,"comment_status":"closed","ping_status":"closed","template":"templates\/template-application-platform.php","meta":{"publish_to_discourse":"","publish_post_category":"","wpdc_auto_publish_overridden":"","wpdc_topic_tags":"","wpdc_pin_topic":"","wpdc_pin_until":"","discourse_post_id":"","discourse_permalink":"","wpdc_publishing_response":"","wpdc_publishing_error":"","footnotes":""},"class_list":["post-6428","page","type-page","status-publish","hentry"],"yoast_head":"<!-- This site is optimized with the Yoast SEO plugin v25.3.1 - https:\/\/yoast.com\/wordpress\/plugins\/seo\/ -->\n<title>Il miglior widget Feed Twitter per il sito Web Webflow (2025)<\/title>\n<meta name=\"description\" content=\"Progetta un widget feed Twitter reattivo per il tuo sito web Webflow. Configura il tuo widget perfetto nella demo live in soli 2 minuti e gratuitamente.\" \/>\n<meta name=\"robots\" content=\"index, follow, max-snippet:-1, max-image-preview:large, max-video-preview:-1\" \/>\n<link rel=\"canonical\" href=\"https:\/\/elfsight.com\/it\/twitter-feed-widget\/webflow\/\" \/>\n<meta property=\"og:locale\" content=\"it_IT\" \/>\n<meta property=\"og:type\" content=\"article\" \/>\n<meta property=\"og:title\" content=\"Il miglior widget Feed Twitter per il sito Web Webflow (2025)\" \/>\n<meta property=\"og:description\" content=\"Progetta un widget feed Twitter reattivo per il tuo sito web Webflow. Configura il tuo widget perfetto nella demo live in soli 2 minuti e gratuitamente.\" \/>\n<meta property=\"og:url\" content=\"https:\/\/elfsight.com\/it\/twitter-feed-widget\/webflow\/\" \/>\n<meta property=\"og:site_name\" content=\"Elfsight IT\" \/>\n<meta property=\"article:modified_time\" content=\"2025-03-19T04:27:25+00:00\" \/>\n<meta name=\"twitter:card\" content=\"summary_large_image\" \/>\n<meta name=\"twitter:label1\" content=\"Tempo di lettura stimato\" \/>\n\t<meta name=\"twitter:data1\" content=\"4 minuti\" \/>\n<!-- \/ Yoast SEO plugin. -->","yoast_head_json":{"title":"Il miglior widget Feed Twitter per il sito Web Webflow (2025)","description":"Progetta un widget feed Twitter reattivo per il tuo sito web Webflow. Configura il tuo widget perfetto nella demo live in soli 2 minuti e gratuitamente.","robots":{"index":"index","follow":"follow","max-snippet":"max-snippet:-1","max-image-preview":"max-image-preview:large","max-video-preview":"max-video-preview:-1"},"canonical":"https:\/\/elfsight.com\/it\/twitter-feed-widget\/webflow\/","og_locale":"it_IT","og_type":"article","og_title":"Il miglior widget Feed Twitter per il sito Web Webflow (2025)","og_description":"Progetta un widget feed Twitter reattivo per il tuo sito web Webflow. Configura il tuo widget perfetto nella demo live in soli 2 minuti e gratuitamente.","og_url":"https:\/\/elfsight.com\/it\/twitter-feed-widget\/webflow\/","og_site_name":"Elfsight IT","article_modified_time":"2025-03-19T04:27:25+00:00","twitter_card":"summary_large_image","twitter_misc":{"Tempo di lettura stimato":"4 minuti"},"schema":{"@context":"https:\/\/schema.org","@graph":[{"@type":"WebPage","@id":"https:\/\/elfsight.com\/it\/twitter-feed-widget\/webflow\/","url":"https:\/\/elfsight.com\/it\/twitter-feed-widget\/webflow\/","name":"Il miglior widget Feed Twitter per il sito Web Webflow (2025)","isPartOf":{"@id":"https:\/\/elfsight.com\/it\/#website"},"datePublished":"1970-01-01T00:00:00+00:00","dateModified":"2025-03-19T04:27:25+00:00","description":"Progetta un widget feed Twitter reattivo per il tuo sito web Webflow. Configura il tuo widget perfetto nella demo live in soli 2 minuti e gratuitamente.","breadcrumb":{"@id":"https:\/\/elfsight.com\/it\/twitter-feed-widget\/webflow\/#breadcrumb"},"inLanguage":"it-IT","potentialAction":[{"@type":"ReadAction","target":["https:\/\/elfsight.com\/it\/twitter-feed-widget\/webflow\/"]}]},{"@type":"BreadcrumbList","@id":"https:\/\/elfsight.com\/it\/twitter-feed-widget\/webflow\/#breadcrumb","itemListElement":[{"@type":"ListItem","position":1,"name":"Home","item":"https:\/\/elfsight.com\/it\/"},{"@type":"ListItem","position":2,"name":"Twitter Feed","item":"https:\/\/elfsight.com\/it\/twitter-feed-widget\/"},{"@type":"ListItem","position":3,"name":"Twitter Feed &#8211; Webflow"}]},{"@type":"WebSite","@id":"https:\/\/elfsight.com\/it\/#website","url":"https:\/\/elfsight.com\/it\/","name":"Elfsight IT","description":"Just another Elfsight Sites site","potentialAction":[{"@type":"SearchAction","target":{"@type":"EntryPoint","urlTemplate":"https:\/\/elfsight.com\/it\/?s={search_term_string}"},"query-input":{"@type":"PropertyValueSpecification","valueRequired":true,"valueName":"search_term_string"}}],"inLanguage":"it-IT"}]}},"meta_box":{"industry":"","seo_heading":"","heading":"","description":"","cta_heading":"","cta_description":"","application":"1367","h1":"Widget del feed Twitter del flusso Web","h1_caption":"Incorpora tweet dal tuo account Twitter o tramite hashtag per mantenere i tuoi visitatori aggiornati con contenuti in tempo reale nel tuo sito web Webflow senza sforzo.","application_category":[],"applications_title":"","applications_request_title":"","applications_request_button_text":"","hero_text":"","hero_video":"","hero_video_schema_markup":"","selling_points_title":"","selling_points_caption":"","selling_points":[],"selling_points_cta_text":"","features_title":"","features":"","ed_cta_examples_text":"","ed_cta_examples_hidden":"","ed_cta_demo_text":"","ed_cta_demo_hidden":"","why_caption":"","why_editor_title":"","why_editor_text":"","why_team_title":"","why_team_text":"","why_service_title":"","why_service_text":"","template_catalog_visible":"0","template_catalog_title":"","template_catalog_text":"","template_catalog_categories_visible":"","demo_title":"Crea il tuo widget Feed Twitter","demo_caption":"Configura il tuo feed Twitter e aggiungilo gratuitamente al tuo sito Webflow!","default_faq_hidden":"","app_template_category":[],"platform":"44","template_public_id":"","codecanyon_url":"","codecanyon_item_id":"","codecanyon_price":"","pricing_caption":"","pricing_elfsight_apps_hide_column":"","pricing_elfsight_apps_url":"","pricing_codecanyon_price_caption":"","integration_category":[],"integration_request_title":"","integration_request_cta":"","integration_platform":"","integrations":[],"platform_category":[],"video_schema_markup":"","price":"da $ 0 al mese","trial":"","benefits":[{"text":"Aiuto gratuito per l'installazione"},{"text":"Supporto eccezionale"},{"text":"Garanzia di rimborso di 14 giorni"},{"text":"Aggiornamento costante"}],"button_url":"#demo","button_target_blank":"0","button_nofollow":"0","attributes":[{"name":"Installazioni"},{"name":"Reattivo"},{"name":"Browser compatibili"}],"tags":[],"tags_disable_links":"0","hide_more_platforms":"0","video_object":"","demo_hide_cta":"0","demo_hide_cloud_options":"0","pricing_title":"","pricing":[{"pricing_icon":"platform","pricing_title":"Elfsight Apps","pricing_title_caption":"Versione indipendente dalla piattaforma che funziona su qualsiasi sito web","pricing_price":"da $ 0 \/ mese","pricing_price_caption":"inizia con il piano gratuito","pricing_benefits":[{"text":"Domini illimitati"},{"text":"Supporto premium"},{"text":"Servizio di installazione gratuito"},{"text":"Offerta speciale per pi\u00f9 app"}],"pricing_button_text":"Aggiungi al sito web","pricing_button_url":"#demo"}],"related_apps_title":"","related_apps_hidden":"0","author":"","image":[],"title":"","job":"","social_networks":[]},"_links":{"self":[{"href":"https:\/\/elfsight.com\/it\/wp-json\/wp\/v2\/pages\/6428","targetHints":{"allow":["GET"]}}],"collection":[{"href":"https:\/\/elfsight.com\/it\/wp-json\/wp\/v2\/pages"}],"about":[{"href":"https:\/\/elfsight.com\/it\/wp-json\/wp\/v2\/types\/page"}],"author":[{"embeddable":true,"href":"https:\/\/elfsight.com\/it\/wp-json\/wp\/v2\/users\/9"}],"replies":[{"embeddable":true,"href":"https:\/\/elfsight.com\/it\/wp-json\/wp\/v2\/comments?post=6428"}],"version-history":[{"count":4,"href":"https:\/\/elfsight.com\/it\/wp-json\/wp\/v2\/pages\/6428\/revisions"}],"predecessor-version":[{"id":9129,"href":"https:\/\/elfsight.com\/it\/wp-json\/wp\/v2\/pages\/6428\/revisions\/9129"}],"up":[{"embeddable":true,"href":"https:\/\/elfsight.com\/it\/wp-json\/wp\/v2\/pages\/1368"}],"wp:attachment":[{"href":"https:\/\/elfsight.com\/it\/wp-json\/wp\/v2\/media?parent=6428"}],"curies":[{"name":"wp","href":"https:\/\/api.w.org\/{rel}","templated":true}]}}