{"id":6427,"date":"1970-01-01T00:00:00","date_gmt":"1970-01-01T00:00:00","guid":{"rendered":"https:\/\/elfsight.com\/it\/?page_id=6427"},"modified":"2025-03-19T04:25:24","modified_gmt":"2025-03-19T04:25:24","slug":"squarespace","status":"publish","type":"page","link":"https:\/\/elfsight.com\/it\/twitter-feed-widget\/squarespace\/","title":{"rendered":"Twitter Feed &#8211; Squarespace"},"content":{"rendered":"\n<div class=\"application-platform-content-item-description application-platform-content-item\" id=\"description\" data-nav-section=\"description\"><h2>Incorpora feed Twitter su Squarespace con il widget Elfsight<\/h2><p>Utilizzando il plugin Twitter Elfsight, \u00e8 sorprendentemente semplice inserire feed Twitter o Tweet selezionati sul tuo sito web SquareSpace. Migliora l&#8217;attivit\u00e0 dei visitatori e aumenta la fiducia dei clienti, mostrando la tua cronologia di Twitter o vantando le testimonianze dei clienti Tweet sui tuoi articoli. I vantaggi pi\u00f9 utili di Elfsight Twitter sono modelli pronti all&#8217;uso per qualsiasi caso d&#8217;uso e impostazioni diverse insieme a un design flessibile.<\/p><p><b>Rendi il tuo sito web estremamente coinvolgente per i clienti e altamente affidabile<\/b><\/p><ul><li><b>Mantieni i visitatori sul sito<\/b>.<br>Trattenete i vostri clienti sul vostro sito web per ore e ore, mostrando loro Tweet accuratamente selezionati sugli argomenti pi\u00f9 importanti o che coinvolgono inseriscili nei tuoi concorsi sponsorizzati da Twitter.<\/li><li><b>Aumenta il numero di follower<\/b>.<br>Il feed Twitter interattivo di Elfsight consente agli utenti di rispondere, ritwittare post e seguire il tuo account senza lasciare il sito web . Utilizza un&#8217;altra fonte di follower e amplia la tua community Twitter.<\/li><li><b>Forti prove sociali per una maggiore fiducia<\/b>.<br>Dimostra che il tuo profilo Twitter \u00e8 attivo per assicurare ai clienti che la tua attivit\u00e0 \u00e8 attiva in via di sviluppo e desideri interagire con loro.<\/li><\/ul><\/div><div class=\"application-platform-content-item-features application-platform-content-item\" id=\"features\" data-nav-section=\"features\"><h2>Caratteristiche principali del widget Twitter Feed<\/h2><p>Ecco le pi\u00f9 caratteristiche sorprendenti del feed Twitter di Elfsight. Contribuiscono a renderlo il plug-in pi\u00f9 prezioso per qualsiasi sito SquareSpace.<\/p><ul><li>Visualizza i Tweet dal tuo account o selezionali tramite hashtag;<\/li><li>Imposta l&#8217;altezza del widget o lascialo adattivo al contenuto altezza;<\/li><li>Copia il link dei Tweet;<\/li><li>Scegli tra le lingue disponibili o richiedi la tua lingua e noi tradurremo il widget;<\/li><li>Imposta un colore del tema personalizzato per il widget widget.<\/li><\/ul><p><a href=\"#demo\">Scopri tutte le funzionalit\u00e0 nella demo dal vivo<\/a><\/p><\/div><div class=\"application-platform-content-item-installation application-platform-content-item\" id=\"installation\" data-nav-section=\"installation\"><h2>Come aggiungere il feed Twitter al sito web Squarespace<\/h2><div class=\"video-container\"><iframe width=\"560\" height=\"315\" src=\"https:\/\/www.youtube.com\/embed\/u7yB0n7CeBM?si=YYa6wZdAh-59bNV3\" frameborder=\"0\" allow=\"accelerometer; autoplay; clipboard-write; encrypted-media; gyroscope; picture-in-picture; web-share\" allowfullscreen><\/iframe><\/div><p>Per incorporare il plugin nel tuo sito, non hai bisogno di conoscenze di programmazione web. Ci vogliono solo 4 semplici passaggi e 1 minuto del tuo tempo.<\/p><ol><li><b>Costruisci il tuo widget Twitter personale<\/b>.<br>Con il nostro configuratore gratuito, crea un widget con layout e funzioni di cui hai bisogno.<\/li><li><b>Copia un codice per pubblicare il widget<\/b>.<br>Dopo la creazione del widget, ottieni un codice per il feed Twitter dalla finestra popup sulle app Elfsight. <\/li><li><b>Visualizza il widget sul tuo sito<\/b>.<br>Inserisci il widget nella posizione desiderata della pagina e pubblica i risultati.<\/li><li><b>Installazione \u00e8 finito<\/b>.<br>Accedi al tuo sito web SquareSpace per vedere il tuo lavoro.<\/li><\/ol><p>Hai riscontrato problemi durante la creazione o l&#8217;incorporamento del plug-in? Esplora l&#8217;<a href=\"https:\/\/elfsight.com\/tutorials\/how-to-add-twitter-feed-plugin-to-squarespace\/\" target=\"_blank\" rel=\"noopener noreferrer\">articolo dettagliato<\/a> o contatta il nostro Centro di supporto per assistenza. Siamo qui per te!<\/p><\/div><div class=\"faq\" data-component=\"FAQ\"><div class=\"faq-item\">\r\n\t\t\t\t\t<div class=\"faq-item-question\">\r\n\t\t\t\t\t\t<h3 class=\"faq-item-question-text\">Come aggiungere il feed Twitter al mio Squarespace senza esperienza di programmazione?<\/h3>\r\n\r\n\t\t\t\t\t\t<div class=\"faq-item-question-icon\"><\/div>\r\n\t\t\t\t\t<\/div>\r\n\r\n\t\t\t\t\t<div class=\"faq-item-answer\">\r\n\t\t\t\t\t\t<div class=\"faq-item-answer-text\"><p>Elfsight l&#8217;azienda offre una soluzione SaaS che consente all&#8217;utente di creare autonomamente un&#8217;app Twitter Feed, guarda la semplice guida:<\/p><ul><li>Vai alla demo live per generare un plug-in Twitter Feed che desideri integrare sul sito web di Squarespace. <\/li><li>Scegli uno dei modelli predefiniti e regola le impostazioni del feed di Twitter, modifica il layout e i colori, aggiorna i tuoi contenuti senza codifica.<\/li><li>Salva le impostazioni che hai effettuato sul feed di Twitter e ottieni il codice per l&#8217;incorporamento, che puoi incorporare nella tua home page Squarespace utilizzando un piano gratuito.<\/li><\/ul><p>Utilizzando il nostro editor intuitivo ogni utente di Internet pu\u00f2 creare online il plugin Twitter Feed e incorporarlo facilmente nel proprio Home page di Squarespace. Non \u00e8 necessario sottoscrivere un abbonamento a pagamento o inserire i dati della tua carta per accedere al nostro Editor. Se riscontri problemi in qualsiasi momento, non esitare a rivolgerti al nostro staff di supporto tecnico.<\/p><\/div>\r\n\t\t\t\t\t<\/div>\r\n\t\t\t\t<\/div><\/div>\n","protected":false},"excerpt":{"rendered":"","protected":false},"author":9,"featured_media":0,"parent":1368,"menu_order":0,"comment_status":"closed","ping_status":"closed","template":"templates\/template-application-platform.php","meta":{"publish_to_discourse":"","publish_post_category":"","wpdc_auto_publish_overridden":"","wpdc_topic_tags":"","wpdc_pin_topic":"","wpdc_pin_until":"","discourse_post_id":"","discourse_permalink":"","wpdc_publishing_response":"","wpdc_publishing_error":"","footnotes":""},"class_list":["post-6427","page","type-page","status-publish","hentry"],"yoast_head":"<!-- This site is optimized with the Yoast SEO plugin v25.3.1 - https:\/\/yoast.com\/wordpress\/plugins\/seo\/ -->\n<title>Il miglior plug-in Feed Twitter per il sito Web Squarespace (2025)<\/title>\n<meta name=\"description\" content=\"Progetta un plug-in Feed Twitter personalizzato per SquareSpace e visualizzalo sul tuo sito web. Configuratore gratuito, supporto professionale e altri extra da Elfsight!\" \/>\n<meta name=\"robots\" content=\"index, follow, max-snippet:-1, max-image-preview:large, max-video-preview:-1\" \/>\n<link rel=\"canonical\" href=\"https:\/\/elfsight.com\/it\/twitter-feed-widget\/squarespace\/\" \/>\n<meta property=\"og:locale\" content=\"it_IT\" \/>\n<meta property=\"og:type\" content=\"article\" \/>\n<meta property=\"og:title\" content=\"Il miglior plug-in Feed Twitter per il sito Web Squarespace (2025)\" \/>\n<meta property=\"og:description\" content=\"Progetta un plug-in Feed Twitter personalizzato per SquareSpace e visualizzalo sul tuo sito web. Configuratore gratuito, supporto professionale e altri extra da Elfsight!\" \/>\n<meta property=\"og:url\" content=\"https:\/\/elfsight.com\/it\/twitter-feed-widget\/squarespace\/\" \/>\n<meta property=\"og:site_name\" content=\"Elfsight IT\" \/>\n<meta property=\"article:modified_time\" content=\"2025-03-19T04:25:24+00:00\" \/>\n<meta name=\"twitter:card\" content=\"summary_large_image\" \/>\n<meta name=\"twitter:label1\" content=\"Tempo di lettura stimato\" \/>\n\t<meta name=\"twitter:data1\" content=\"4 minuti\" \/>\n<!-- \/ Yoast SEO plugin. -->","yoast_head_json":{"title":"Il miglior plug-in Feed Twitter per il sito Web Squarespace (2025)","description":"Progetta un plug-in Feed Twitter personalizzato per SquareSpace e visualizzalo sul tuo sito web. Configuratore gratuito, supporto professionale e altri extra da Elfsight!","robots":{"index":"index","follow":"follow","max-snippet":"max-snippet:-1","max-image-preview":"max-image-preview:large","max-video-preview":"max-video-preview:-1"},"canonical":"https:\/\/elfsight.com\/it\/twitter-feed-widget\/squarespace\/","og_locale":"it_IT","og_type":"article","og_title":"Il miglior plug-in Feed Twitter per il sito Web Squarespace (2025)","og_description":"Progetta un plug-in Feed Twitter personalizzato per SquareSpace e visualizzalo sul tuo sito web. Configuratore gratuito, supporto professionale e altri extra da Elfsight!","og_url":"https:\/\/elfsight.com\/it\/twitter-feed-widget\/squarespace\/","og_site_name":"Elfsight IT","article_modified_time":"2025-03-19T04:25:24+00:00","twitter_card":"summary_large_image","twitter_misc":{"Tempo di lettura stimato":"4 minuti"},"schema":{"@context":"https:\/\/schema.org","@graph":[{"@type":"WebPage","@id":"https:\/\/elfsight.com\/it\/twitter-feed-widget\/squarespace\/","url":"https:\/\/elfsight.com\/it\/twitter-feed-widget\/squarespace\/","name":"Il miglior plug-in Feed Twitter per il sito Web Squarespace (2025)","isPartOf":{"@id":"https:\/\/elfsight.com\/it\/#website"},"datePublished":"1970-01-01T00:00:00+00:00","dateModified":"2025-03-19T04:25:24+00:00","description":"Progetta un plug-in Feed Twitter personalizzato per SquareSpace e visualizzalo sul tuo sito web. Configuratore gratuito, supporto professionale e altri extra da Elfsight!","breadcrumb":{"@id":"https:\/\/elfsight.com\/it\/twitter-feed-widget\/squarespace\/#breadcrumb"},"inLanguage":"it-IT","potentialAction":[{"@type":"ReadAction","target":["https:\/\/elfsight.com\/it\/twitter-feed-widget\/squarespace\/"]}]},{"@type":"BreadcrumbList","@id":"https:\/\/elfsight.com\/it\/twitter-feed-widget\/squarespace\/#breadcrumb","itemListElement":[{"@type":"ListItem","position":1,"name":"Home","item":"https:\/\/elfsight.com\/it\/"},{"@type":"ListItem","position":2,"name":"Twitter Feed","item":"https:\/\/elfsight.com\/it\/twitter-feed-widget\/"},{"@type":"ListItem","position":3,"name":"Twitter Feed &#8211; Squarespace"}]},{"@type":"WebSite","@id":"https:\/\/elfsight.com\/it\/#website","url":"https:\/\/elfsight.com\/it\/","name":"Elfsight IT","description":"Just another Elfsight Sites site","potentialAction":[{"@type":"SearchAction","target":{"@type":"EntryPoint","urlTemplate":"https:\/\/elfsight.com\/it\/?s={search_term_string}"},"query-input":{"@type":"PropertyValueSpecification","valueRequired":true,"valueName":"search_term_string"}}],"inLanguage":"it-IT"}]}},"meta_box":{"industry":"","seo_heading":"","heading":"","description":"","cta_heading":"","cta_description":"","application":"1367","h1":"Plug-in per feed Twitter di Squarespace","h1_caption":"Incorpora tweet dal tuo account Twitter o tramite hashtag per mantenere i tuoi visitatori aggiornati con contenuti in tempo reale nel tuo sito web Squarespace senza sforzo.","application_category":[],"applications_title":"","applications_request_title":"","applications_request_button_text":"","hero_text":"","hero_video":"","hero_video_schema_markup":"","selling_points_title":"","selling_points_caption":"","selling_points":[],"selling_points_cta_text":"","features_title":"","features":"","ed_cta_examples_text":"","ed_cta_examples_hidden":"","ed_cta_demo_text":"","ed_cta_demo_hidden":"","why_caption":"","why_editor_title":"","why_editor_text":"","why_team_title":"","why_team_text":"","why_service_title":"","why_service_text":"","template_catalog_visible":"0","template_catalog_title":"","template_catalog_text":"","template_catalog_categories_visible":"","demo_title":"Crea il tuo plugin per il feed di Twitter","demo_caption":"Configura il tuo feed Twitter e aggiungilo gratuitamente al tuo sito web Squarespace!","default_faq_hidden":"","app_template_category":[],"platform":"43","template_public_id":"","codecanyon_url":"","codecanyon_item_id":"","codecanyon_price":"","pricing_caption":"","pricing_elfsight_apps_hide_column":"","pricing_elfsight_apps_url":"","pricing_codecanyon_price_caption":"","integration_category":[],"integration_request_title":"","integration_request_cta":"","integration_platform":"","integrations":[],"platform_category":[],"video_schema_markup":"","price":"da $ 0 al mese","trial":"","benefits":[{"text":"Aiuto per l'installazione gratuito"},{"text":"Assistenza clienti con esperienza"},{"text":"Garanzia di rimborso di 14 giorni"},{"text":"Miglioramenti a vita"}],"button_url":"#demo","button_target_blank":"0","button_nofollow":"0","attributes":[{"name":"Installazioni"},{"name":"Reattivo"},{"name":"Browser compatibili"}],"tags":[],"tags_disable_links":"0","hide_more_platforms":"0","video_object":"","demo_hide_cta":"0","demo_hide_cloud_options":"0","pricing_title":"","pricing":[{"pricing_icon":"platform","pricing_title":"Elfsight Apps","pricing_title_caption":"Versione multipiattaforma","pricing_price":"da $ 0 \/ mese","pricing_price_caption":"inizia con un piano gratuito","pricing_benefits":[{"text":"Domini illimitati"},{"text":"Supporto aziendale professionale e ben documentato"},{"text":"Supporto gratuito per l'installazione"},{"text":"Progettazione flessibile"}],"pricing_button_text":"Aggiungi al sito web","pricing_button_url":"#demo"}],"related_apps_title":"","related_apps_hidden":"0","author":"","image":[],"title":"","job":"","social_networks":[]},"_links":{"self":[{"href":"https:\/\/elfsight.com\/it\/wp-json\/wp\/v2\/pages\/6427","targetHints":{"allow":["GET"]}}],"collection":[{"href":"https:\/\/elfsight.com\/it\/wp-json\/wp\/v2\/pages"}],"about":[{"href":"https:\/\/elfsight.com\/it\/wp-json\/wp\/v2\/types\/page"}],"author":[{"embeddable":true,"href":"https:\/\/elfsight.com\/it\/wp-json\/wp\/v2\/users\/9"}],"replies":[{"embeddable":true,"href":"https:\/\/elfsight.com\/it\/wp-json\/wp\/v2\/comments?post=6427"}],"version-history":[{"count":3,"href":"https:\/\/elfsight.com\/it\/wp-json\/wp\/v2\/pages\/6427\/revisions"}],"predecessor-version":[{"id":9126,"href":"https:\/\/elfsight.com\/it\/wp-json\/wp\/v2\/pages\/6427\/revisions\/9126"}],"up":[{"embeddable":true,"href":"https:\/\/elfsight.com\/it\/wp-json\/wp\/v2\/pages\/1368"}],"wp:attachment":[{"href":"https:\/\/elfsight.com\/it\/wp-json\/wp\/v2\/media?parent=6427"}],"curies":[{"name":"wp","href":"https:\/\/api.w.org\/{rel}","templated":true}]}}