{"id":6419,"date":"1970-01-01T00:00:00","date_gmt":"1970-01-01T00:00:00","guid":{"rendered":"https:\/\/elfsight.com\/it\/?page_id=6419"},"modified":"2025-03-18T13:52:03","modified_gmt":"2025-03-18T13:52:03","slug":"magento","status":"publish","type":"page","link":"https:\/\/elfsight.com\/it\/twitter-feed-widget\/magento\/","title":{"rendered":"Twitter Feed &#8211; Magento"},"content":{"rendered":"\n<div class=\"application-platform-content-item-description application-platform-content-item\" id=\"description\" data-nav-section=\"description\"><h2>Descrizione<\/h2><p>Elfsight Twitter Feed \u00e8 un&#8217;estensione adattiva che ti consente di inserire feed Twitter o raccogliere Tweet sul tuo sito web Magento. Puoi visualizzare il tuo feed di notizie Twitter o svelare Tweet di testimonianze per aumentare il coinvolgimento degli utenti e ottenere una maggiore fiducia da parte dei clienti. Ci\u00f2 che rende la nostra estensione una delle pi\u00f9 interessanti nel suo genere per qualsiasi sito \u00e8 un gran numero di opzioni, modelli preimpostati pronti per qualsiasi caso d&#8217;uso e il suo design regolabile.<\/p><p><b>Aumenta il livello di coinvolgimento del tuo sito web e rendilo affidabile per i tuoi utenti<\/b><\/p><ul><li><b>Mantieni il tuo pubblico sul sito web<\/b>.<br>Mantieni il tuo pubblico sul tuo sito pi\u00f9 a lungo, rivelando Tweet accuratamente selezionati su argomenti correlati o coinvolgili nei tuoi concorsi promossi da Twitter.<\/li><li><b>Aumenta il numero di follower<\/b>.<br>Il feed Twitter interattivo di Elfsight consente ai clienti di iscriversi al tuo account direttamente dal tuo sito Cos\u00ec puoi utilizzare una fonte in pi\u00f9 di follower e far crescere la tua community Twitter.<\/li><li><b>Aumenta la fiducia con i tweet con testimonianze<\/b>.<br>Scegli le migliori testimonianze dei clienti sulla tua attivit\u00e0 da Twitter e svelale inserirli sul tuo sito per aumentare il livello di credibilit\u00e0 e rendere i tuoi articoli ancora pi\u00f9 attraenti per i tuoi utenti.<\/li><\/ul><p><\/div><\/p><div class=\"application-platform-content-item-features  application-platform-content-item\" id=\"features \" data-nav-section=\"features \"><\/p><h2>Caratteristiche<\/h2><p>I principali vantaggi dell&#8217;estensione Elfsight, che la aiutano a diventare una soluzione leader per la visualizzazione su Magento:<\/p><ul><li>Visualizza Tweet dal tuo proprio account o seleziona per hashtag;<\/li><li>Scegli il layout dell&#8217;intestazione completo o compatto;<\/li><li>Tutte le azioni Tweet supportate: rispondi, retweet, Mi piace;<\/li><li>Limite di visualizzazione dei tweet in il feed;<\/li><li>Conteggio dei retweet e dei Mi piace nei Tweet.<\/li><\/ul><p><a href=\"#demo\">Scopri l&#8217;elenco completo delle funzionalit\u00e0 nel pannello<\/a> <\/p><p><\/div><div class=\"application-platform-content-item-installation application-platform-content-item\" id=\"installation\" data-nav-section=\"installation\"><h2>Come aggiungere l&#8217;estensione Twitter a Magento<\/h2><p>Basta applicare il istruzioni qui sotto per inserire lo strumento su Magento.<\/p> <ol><li><b>Lancia il nostro configuratore gratuito e inizia a comporre il tuo strumento personalizzato. <\/b><br> Specifica l&#8217;interfaccia e i parametri desiderati dell&#8217;estensione Twitter Feed e applica le modifiche. <\/li> <li><b>Acquisisci il codice univoco rivelato nel riquadro su Elfsight Apps. <\/b><br> Una volta completata la creazione del tuo strumento personale, copia il codice individuale dal popup visualizzato e salvalo per necessit\u00e0 successive. <\/li> <li><b>Avvia l&#8217;utilizzo dello strumento sulla tua home page Magento. <\/b><br> Inserisci il codice che hai copiato di recente nella tua pagina web e salva le modifiche. <\/li> <li><b>Fatto! La configurazione \u00e8 completamente terminata. <\/b><br> Vai al tuo sito per dare un&#8217;occhiata a come funziona lo strumento. <\/li><\/ol><p>Hai riscontrato difficolt\u00e0 durante la visualizzazione o la regolazione dell&#8217;estensione? Consulta la <a href=\"https:\/\/elfsight.com\/tutorials\/how-to-add-twitter-feed-extension-to-magento\/\" target=\"_blank\" rel=\"noopener noreferrer\">guida completa<\/a> sull&#8217;incorporamento dell&#8217;estensione o lascia una richiesta al nostro Centro assistenza.<\/p><\/div><div class=\"faq\" data-component=\"FAQ\"><div class=\"faq-item\">\r\n\t\t\t\t\t<div class=\"faq-item-question\">\r\n\t\t\t\t\t\t<h3 class=\"faq-item-question-text\">In che modo posso aggiungere il feed Twitter a la mia home page Magento senza codifica?<\/h3>\r\n\r\n\t\t\t\t\t\t<div class=\"faq-item-question-icon\"><\/div>\r\n\t\t\t\t\t<\/div>\r\n\r\n\t\t\t\t\t<div class=\"faq-item-answer\">\r\n\t\t\t\t\t\t<div class=\"faq-item-answer-text\"><p>La societ\u00e0 Elfsight fornisce una soluzione che consente ai proprietari dei siti di creare da soli un widget Feed Twitter, scopri quanto \u00e8 semplice il processo:<\/p><ul><li>Inizia a lavorare direttamente nel Demo online per creare un&#8217;app Twitter Feed che desideri includere sul tuo Magento.<\/li><li>Scegli uno dei modelli predefiniti e modifica le impostazioni del feed Twitter, modifica il layout e i colori, aggiorna i tuoi contenuti senza esperienza di codifica.<\/li><li>Salva il feed di Twitter e ottieni il codice di installazione, che potrai aggiungere gratuitamente nel sito Magento.<\/li><\/ul><p>Utilizzando il nostro editor facile da usare ogni utente web pu\u00f2 creare l&#8217;app Twitter Feed online e aggiungerla facilmente al sito Web Magento. Non dovresti pagare o inviare i dati della tua carta per accedere al servizio Elfsight. Se incontri ostacoli di qualsiasi tipo, non esitare a contattare il nostro team di supporto.<\/p><\/div>\r\n\t\t\t\t\t<\/div>\r\n\t\t\t\t<\/div><\/div>\n","protected":false},"excerpt":{"rendered":"","protected":false},"author":9,"featured_media":0,"parent":1368,"menu_order":0,"comment_status":"closed","ping_status":"closed","template":"templates\/template-application-platform.php","meta":{"publish_to_discourse":"","publish_post_category":"","wpdc_auto_publish_overridden":"","wpdc_topic_tags":"","wpdc_pin_topic":"","wpdc_pin_until":"","discourse_post_id":"","discourse_permalink":"","wpdc_publishing_response":"","wpdc_publishing_error":"","footnotes":""},"class_list":["post-6419","page","type-page","status-publish","hentry"],"yoast_head":"<!-- This site is optimized with the Yoast SEO plugin v25.3.1 - https:\/\/yoast.com\/wordpress\/plugins\/seo\/ -->\n<title>Feed Twitter Magento: aggiungi l&#039;estensione Twitter al sito Web Magento<\/title>\n<meta name=\"description\" content=\"Crea gratuitamente la tua migliore estensione Twitter per il sito Magento! Crea un modulo Twitter Feed unico su Elfsight in soli 2 minuti.\" \/>\n<meta name=\"robots\" content=\"index, follow, max-snippet:-1, max-image-preview:large, max-video-preview:-1\" \/>\n<link rel=\"canonical\" href=\"https:\/\/elfsight.com\/it\/twitter-feed-widget\/magento\/\" \/>\n<meta property=\"og:locale\" content=\"it_IT\" \/>\n<meta property=\"og:type\" content=\"article\" \/>\n<meta property=\"og:title\" content=\"Feed Twitter Magento: aggiungi l&#039;estensione Twitter al sito Web Magento\" \/>\n<meta property=\"og:description\" content=\"Crea gratuitamente la tua migliore estensione Twitter per il sito Magento! Crea un modulo Twitter Feed unico su Elfsight in soli 2 minuti.\" \/>\n<meta property=\"og:url\" content=\"https:\/\/elfsight.com\/it\/twitter-feed-widget\/magento\/\" \/>\n<meta property=\"og:site_name\" content=\"Elfsight IT\" \/>\n<meta property=\"article:modified_time\" content=\"2025-03-18T13:52:03+00:00\" \/>\n<meta name=\"twitter:card\" content=\"summary_large_image\" \/>\n<meta name=\"twitter:label1\" content=\"Tempo di lettura stimato\" \/>\n\t<meta name=\"twitter:data1\" content=\"4 minuti\" \/>\n<!-- \/ Yoast SEO plugin. -->","yoast_head_json":{"title":"Feed Twitter Magento: aggiungi l'estensione Twitter al sito Web Magento","description":"Crea gratuitamente la tua migliore estensione Twitter per il sito Magento! Crea un modulo Twitter Feed unico su Elfsight in soli 2 minuti.","robots":{"index":"index","follow":"follow","max-snippet":"max-snippet:-1","max-image-preview":"max-image-preview:large","max-video-preview":"max-video-preview:-1"},"canonical":"https:\/\/elfsight.com\/it\/twitter-feed-widget\/magento\/","og_locale":"it_IT","og_type":"article","og_title":"Feed Twitter Magento: aggiungi l'estensione Twitter al sito Web Magento","og_description":"Crea gratuitamente la tua migliore estensione Twitter per il sito Magento! Crea un modulo Twitter Feed unico su Elfsight in soli 2 minuti.","og_url":"https:\/\/elfsight.com\/it\/twitter-feed-widget\/magento\/","og_site_name":"Elfsight IT","article_modified_time":"2025-03-18T13:52:03+00:00","twitter_card":"summary_large_image","twitter_misc":{"Tempo di lettura stimato":"4 minuti"},"schema":{"@context":"https:\/\/schema.org","@graph":[{"@type":"WebPage","@id":"https:\/\/elfsight.com\/it\/twitter-feed-widget\/magento\/","url":"https:\/\/elfsight.com\/it\/twitter-feed-widget\/magento\/","name":"Feed Twitter Magento: aggiungi l'estensione Twitter al sito Web Magento","isPartOf":{"@id":"https:\/\/elfsight.com\/it\/#website"},"datePublished":"1970-01-01T00:00:00+00:00","dateModified":"2025-03-18T13:52:03+00:00","description":"Crea gratuitamente la tua migliore estensione Twitter per il sito Magento! Crea un modulo Twitter Feed unico su Elfsight in soli 2 minuti.","breadcrumb":{"@id":"https:\/\/elfsight.com\/it\/twitter-feed-widget\/magento\/#breadcrumb"},"inLanguage":"it-IT","potentialAction":[{"@type":"ReadAction","target":["https:\/\/elfsight.com\/it\/twitter-feed-widget\/magento\/"]}]},{"@type":"BreadcrumbList","@id":"https:\/\/elfsight.com\/it\/twitter-feed-widget\/magento\/#breadcrumb","itemListElement":[{"@type":"ListItem","position":1,"name":"Home","item":"https:\/\/elfsight.com\/it\/"},{"@type":"ListItem","position":2,"name":"Twitter Feed","item":"https:\/\/elfsight.com\/it\/twitter-feed-widget\/"},{"@type":"ListItem","position":3,"name":"Twitter Feed &#8211; Magento"}]},{"@type":"WebSite","@id":"https:\/\/elfsight.com\/it\/#website","url":"https:\/\/elfsight.com\/it\/","name":"Elfsight IT","description":"Just another Elfsight Sites site","potentialAction":[{"@type":"SearchAction","target":{"@type":"EntryPoint","urlTemplate":"https:\/\/elfsight.com\/it\/?s={search_term_string}"},"query-input":{"@type":"PropertyValueSpecification","valueRequired":true,"valueName":"search_term_string"}}],"inLanguage":"it-IT"}]}},"meta_box":{"industry":"","seo_heading":"","heading":"","description":"","cta_heading":"","cta_description":"","application":"1367","h1":"Feed Twitter di Magento","h1_caption":"Incorpora tweet dal tuo account Twitter o tramite hashtag per mantenere i tuoi visitatori aggiornati con contenuti in tempo reale nel tuo sito Magento senza sforzo.","application_category":[],"applications_title":"","applications_request_title":"","applications_request_button_text":"","hero_text":"","hero_video":"","hero_video_schema_markup":"","selling_points_title":"","selling_points_caption":"","selling_points":[],"selling_points_cta_text":"","features_title":"","features":"","ed_cta_examples_text":"","ed_cta_examples_hidden":"","ed_cta_demo_text":"","ed_cta_demo_hidden":"","why_caption":"","why_editor_title":"","why_editor_text":"","why_team_title":"","why_team_text":"","why_service_title":"","why_service_text":"","template_catalog_visible":"0","template_catalog_title":"","template_catalog_text":"","template_catalog_categories_visible":"","demo_title":"Crea la tua estensione del feed di Twitter","demo_caption":"Configura il tuo feed Twitter e aggiungilo gratuitamente al tuo sito Magento!","default_faq_hidden":"","app_template_category":[],"platform":"39","template_public_id":"","codecanyon_url":"","codecanyon_item_id":"","codecanyon_price":"","pricing_caption":"","pricing_elfsight_apps_hide_column":"","pricing_elfsight_apps_url":"","pricing_codecanyon_price_caption":"","integration_category":[],"integration_request_title":"","integration_request_cta":"","integration_platform":"","integrations":[],"platform_category":[],"video_schema_markup":"","price":"da $ 0 al mese","trial":"","benefits":[{"text":"Assistenza gratuita per l'installazione"},{"text":"Supporto premium"},{"text":"Garanzia di rimborso di 14 giorni"},{"text":"Aggiornamento costante"}],"button_url":"#demo","button_target_blank":"0","button_nofollow":"0","attributes":[{"name":"Installazioni"},{"name":"Reattivo"},{"name":"Browser compatibili"}],"tags":[],"tags_disable_links":"0","hide_more_platforms":"0","video_object":"","demo_hide_cta":"0","demo_hide_cloud_options":"0","pricing_title":"","pricing":[{"pricing_icon":"platform","pricing_title":"Elfsight Apps","pricing_title_caption":"Versione multipiattaforma che funziona su qualsiasi sito web","pricing_price":"da $ 0 \/ mese","pricing_price_caption":"inizia con un piano gratuito","pricing_benefits":[{"text":"Siti web illimitati"},{"text":"Assistenza clienti dedicata e ben documentata"},{"text":"Servizio di installazione gratuito"},{"text":"Progettazione flessibile"}],"pricing_button_text":"Aggiungi al sito web","pricing_button_url":"#demo"}],"related_apps_title":"","related_apps_hidden":"0","author":"","image":[],"title":"","job":"","social_networks":[]},"_links":{"self":[{"href":"https:\/\/elfsight.com\/it\/wp-json\/wp\/v2\/pages\/6419","targetHints":{"allow":["GET"]}}],"collection":[{"href":"https:\/\/elfsight.com\/it\/wp-json\/wp\/v2\/pages"}],"about":[{"href":"https:\/\/elfsight.com\/it\/wp-json\/wp\/v2\/types\/page"}],"author":[{"embeddable":true,"href":"https:\/\/elfsight.com\/it\/wp-json\/wp\/v2\/users\/9"}],"replies":[{"embeddable":true,"href":"https:\/\/elfsight.com\/it\/wp-json\/wp\/v2\/comments?post=6419"}],"version-history":[{"count":2,"href":"https:\/\/elfsight.com\/it\/wp-json\/wp\/v2\/pages\/6419\/revisions"}],"predecessor-version":[{"id":9122,"href":"https:\/\/elfsight.com\/it\/wp-json\/wp\/v2\/pages\/6419\/revisions\/9122"}],"up":[{"embeddable":true,"href":"https:\/\/elfsight.com\/it\/wp-json\/wp\/v2\/pages\/1368"}],"wp:attachment":[{"href":"https:\/\/elfsight.com\/it\/wp-json\/wp\/v2\/media?parent=6419"}],"curies":[{"name":"wp","href":"https:\/\/api.w.org\/{rel}","templated":true}]}}