{"id":6418,"date":"1970-01-01T00:00:00","date_gmt":"1970-01-01T00:00:00","guid":{"rendered":"https:\/\/elfsight.com\/it\/?page_id=6418"},"modified":"2025-03-18T13:44:32","modified_gmt":"2025-03-18T13:44:32","slug":"jquery","status":"publish","type":"page","link":"https:\/\/elfsight.com\/it\/twitter-feed-widget\/jquery\/","title":{"rendered":"Twitter Feed &#8211; jQuery"},"content":{"rendered":"\n<div class=\"application-platform-content-item-description application-platform-content-item\" id=\"description\" data-nav-section=\"description\"><h2>Descrizione<\/h2><p>Elfsight Twitter Feed \u00e8 un widget flessibile che ti consente di introdurre widget Twitter o determinati Tweet sul tuo sito web jQuery . Puoi visualizzare il tuo newsfeed di Twitter o mostrare Tweet di testimonianze per aumentare il coinvolgimento dei visitatori e aumentare la fiducia dei clienti. Ci\u00f2 che rende il nostro widget uno dei pi\u00f9 interessanti nel suo genere per qualsiasi sito \u00e8 un numero enorme di opzioni, modelli predefiniti adatti a qualsiasi caso d&#8217;uso e il suo design adattabile.<\/p><p><b>Aumenta il coinvolgimento degli utenti e la fiducia in il tuo sito web<\/b><\/p><ul><li><b>Aumenta il tasso di coinvolgimento<\/b>.<br>Introduci contenuti vivaci di uno dei social media pi\u00f9 popolari sul tuo sito web per attirare l&#8217;attenzione dei clienti. Ottieni un migliore livello di coinvolgimento sul tuo sito.<\/li><li><b>Promuovi il tuo Twitter e il tuo sito web allo stesso tempo<\/b>.<br>Il tuo sito \u00e8 un altro modo di promuovere il tuo profilo Twitter, con retweet e risposta supportati dal sito web. Allo stesso tempo, un maggiore coinvolgimento e una prova sociale sul sito web contribuiscono a migliori risultati SEO.<\/li><li><b>Prova sociale impeccabile per una maggiore fiducia<\/b>.<br>Mostra quanto dinamicamente gestisci il tuo Twitter profilo per convincere i clienti che la tua attivit\u00e0 \u00e8 attiva e che sei disponibile a comunicare e ad avvicinarti ai tuoi clienti.<\/li><\/ul><p><\/div><\/p><div class=\"application-platform-content-item-features  application-platform-content-item\" id=\"features \" data-nav-section=\"features \"><\/p><h2>Caratteristiche<\/h2><p>Quali caratteristiche rendono il plugin Elfsight il migliore per qualsiasi sito jQuery? Scopri i suoi vantaggi cruciali:<\/p><ul><li>Valuta i Tweet dei testimonial con stelle;<\/li><li>Imposta la larghezza del widget o rendilo a larghezza intera;<\/li><li>Indicazione dei retweet nel feed; <\/li><li>Un&#8217;icona speciale per contrassegnare gli account verificati;<\/li><li>Colorazione automatica del feed con il colore del tema dal tuo account Twitter.<\/li><\/ul><p><a href=\"# demo\">Puoi testare tutte le funzionalit\u00e0 con l&#8217;aiuto della demo dal vivo<\/a><\/p><p><\/div><div class=\"application-platform-content-item-installation application-platform-content-item\" id=\"installation\" data-nav-section=\"installation\"><h2>Come aggiungere il plugin Twitter Feed a jQuery<\/h2><p>Un breve piano del nostro team su come aggiungere e modellare il widget senza conoscenze in fase di sviluppo. La durata media \u00e8 di circa 3 minuti.<\/p><ol><li><b>Crea il tuo feed Twitter personalizzato<\/b>.<br>Utilizzando la nostra demo gratuita, genera un plug-in con il layout e le opzioni necessari.<\/li><li><b>Ricevi un codice per l&#8217;integrazione del plugin<\/b>.<br>Dopo la creazione del widget, ottieni un codice per il plugin Twitter dalla finestra visualizzata su Elfsight Apps.<\/li><li><b>Aggiungi il plugin al sito web jQuery<\/b>.<br>Avvia il codice della pagina nell&#8217;editor HTML, integra il widget nella posizione necessaria (contenuto, pi\u00e8 di pagina, barra laterale, ecc.) e applica le modifiche.<\/li><li><b>Hai completato completamente l&#8217;installazione<\/b>.<br>Apri il sito web jQuery per controllare le tue testimonianze.<\/li><\/ol><p>Si verificano problemi durante l&#8217;incorporamento o la modifica del plug-in? Leggi il <a href=\"https:\/\/elfsight.com\/tutorials\/how-to-add-twitter-feed-plugin-to-jquery\/\" target=\"_blank\" rel=\"noopener noreferrer\">tutorial completo<\/a> sulla creazione del plugin o contatta il nostro Centro assistenza.<\/p><\/div><div class=\"faq\" data-component=\"FAQ\"><div class=\"faq-item\">\r\n\t\t\t\t\t<div class=\"faq-item-question\">\r\n\t\t\t\t\t\t<h3 class=\"faq-item-question-text\">Come incorporare il feed Twitter nella mia home page jQuery senza competenze di programmazione?<\/h3>\r\n\r\n\t\t\t\t\t\t<div class=\"faq-item-question-icon\"><\/div>\r\n\t\t\t\t\t<\/div>\r\n\r\n\t\t\t\t\t<div class=\"faq-item-answer\">\r\n\t\t\t\t\t\t<div class=\"faq-item-answer-text\"><p>L&#8217;azienda Elfsight offre una soluzione cloud che consente alle persone di creare da soli una sezione feed di Twitter. Scopri quanto \u00e8 semplice il processo:<\/p><ul><li>Inizia a lavorare direttamente nell&#8217;editor live per creare una sezione del feed di Twitter che desideri venga visualizzata sulla pagina web jQuery.<\/li><li>Fai clic su uno dei modelli predefiniti e modifica le impostazioni del feed di Twitter, includi i tuoi contenuti, trasforma il layout e la combinazione di colori senza alcun codifica.<\/li><li>Fai clic per salvare il feed di Twitter e ottenere il codice per l&#8217;installazione, che pu\u00f2 essere semplicemente incorporato nella pagina web jQuery senza acquistare un abbonamento a pagamento.<\/li><\/ul><p>Utilizzando il nostro Editor intuitivo, qualsiasi utente di Internet pu\u00f2 creare il feed Twitter e incorporarlo semplicemente nella propria pagina Web jQuery. Non \u00e8 necessario sottoscrivere un abbonamento a pagamento o inserire le credenziali della propria carta per accedere all&#8217;Editor. Se incontri ostacoli di qualsiasi tipo, non esitare a contattare la nostra assistenza clienti.<\/p><\/div>\r\n\t\t\t\t\t<\/div>\r\n\t\t\t\t<\/div><\/div>\n","protected":false},"excerpt":{"rendered":"","protected":false},"author":9,"featured_media":0,"parent":1368,"menu_order":0,"comment_status":"closed","ping_status":"closed","template":"templates\/template-application-platform.php","meta":{"publish_to_discourse":"","publish_post_category":"","wpdc_auto_publish_overridden":"","wpdc_topic_tags":"","wpdc_pin_topic":"","wpdc_pin_until":"","discourse_post_id":"","discourse_permalink":"","wpdc_publishing_response":"","wpdc_publishing_error":"","footnotes":""},"class_list":["post-6418","page","type-page","status-publish","hentry"],"yoast_head":"<!-- This site is optimized with the Yoast SEO plugin v25.3.1 - https:\/\/yoast.com\/wordpress\/plugins\/seo\/ -->\n<title>Feed Twitter jQuery: aggiungi il plug-in Twitter al sito Web jQuery (in 1 minuto)<\/title>\n<meta name=\"description\" content=\"Prova gratuitamente il miglior plugin Twitter Feed per JQuery. Un&#039;installazione semplice senza competenze nello sviluppo web in soli 2 minuti.\" \/>\n<meta name=\"robots\" content=\"index, follow, max-snippet:-1, max-image-preview:large, max-video-preview:-1\" \/>\n<link rel=\"canonical\" href=\"https:\/\/elfsight.com\/it\/twitter-feed-widget\/jquery\/\" \/>\n<meta property=\"og:locale\" content=\"it_IT\" \/>\n<meta property=\"og:type\" content=\"article\" \/>\n<meta property=\"og:title\" content=\"Feed Twitter jQuery: aggiungi il plug-in Twitter al sito Web jQuery (in 1 minuto)\" \/>\n<meta property=\"og:description\" content=\"Prova gratuitamente il miglior plugin Twitter Feed per JQuery. Un&#039;installazione semplice senza competenze nello sviluppo web in soli 2 minuti.\" \/>\n<meta property=\"og:url\" content=\"https:\/\/elfsight.com\/it\/twitter-feed-widget\/jquery\/\" \/>\n<meta property=\"og:site_name\" content=\"Elfsight IT\" \/>\n<meta property=\"article:modified_time\" content=\"2025-03-18T13:44:32+00:00\" \/>\n<meta name=\"twitter:card\" content=\"summary_large_image\" \/>\n<meta name=\"twitter:label1\" content=\"Tempo di lettura stimato\" \/>\n\t<meta name=\"twitter:data1\" content=\"4 minuti\" \/>\n<!-- \/ Yoast SEO plugin. -->","yoast_head_json":{"title":"Feed Twitter jQuery: aggiungi il plug-in Twitter al sito Web jQuery (in 1 minuto)","description":"Prova gratuitamente il miglior plugin Twitter Feed per JQuery. Un'installazione semplice senza competenze nello sviluppo web in soli 2 minuti.","robots":{"index":"index","follow":"follow","max-snippet":"max-snippet:-1","max-image-preview":"max-image-preview:large","max-video-preview":"max-video-preview:-1"},"canonical":"https:\/\/elfsight.com\/it\/twitter-feed-widget\/jquery\/","og_locale":"it_IT","og_type":"article","og_title":"Feed Twitter jQuery: aggiungi il plug-in Twitter al sito Web jQuery (in 1 minuto)","og_description":"Prova gratuitamente il miglior plugin Twitter Feed per JQuery. Un'installazione semplice senza competenze nello sviluppo web in soli 2 minuti.","og_url":"https:\/\/elfsight.com\/it\/twitter-feed-widget\/jquery\/","og_site_name":"Elfsight IT","article_modified_time":"2025-03-18T13:44:32+00:00","twitter_card":"summary_large_image","twitter_misc":{"Tempo di lettura stimato":"4 minuti"},"schema":{"@context":"https:\/\/schema.org","@graph":[{"@type":"WebPage","@id":"https:\/\/elfsight.com\/it\/twitter-feed-widget\/jquery\/","url":"https:\/\/elfsight.com\/it\/twitter-feed-widget\/jquery\/","name":"Feed Twitter jQuery: aggiungi il plug-in Twitter al sito Web jQuery (in 1 minuto)","isPartOf":{"@id":"https:\/\/elfsight.com\/it\/#website"},"datePublished":"1970-01-01T00:00:00+00:00","dateModified":"2025-03-18T13:44:32+00:00","description":"Prova gratuitamente il miglior plugin Twitter Feed per JQuery. Un'installazione semplice senza competenze nello sviluppo web in soli 2 minuti.","breadcrumb":{"@id":"https:\/\/elfsight.com\/it\/twitter-feed-widget\/jquery\/#breadcrumb"},"inLanguage":"it-IT","potentialAction":[{"@type":"ReadAction","target":["https:\/\/elfsight.com\/it\/twitter-feed-widget\/jquery\/"]}]},{"@type":"BreadcrumbList","@id":"https:\/\/elfsight.com\/it\/twitter-feed-widget\/jquery\/#breadcrumb","itemListElement":[{"@type":"ListItem","position":1,"name":"Home","item":"https:\/\/elfsight.com\/it\/"},{"@type":"ListItem","position":2,"name":"Twitter Feed","item":"https:\/\/elfsight.com\/it\/twitter-feed-widget\/"},{"@type":"ListItem","position":3,"name":"Twitter Feed &#8211; jQuery"}]},{"@type":"WebSite","@id":"https:\/\/elfsight.com\/it\/#website","url":"https:\/\/elfsight.com\/it\/","name":"Elfsight IT","description":"Just another Elfsight Sites site","potentialAction":[{"@type":"SearchAction","target":{"@type":"EntryPoint","urlTemplate":"https:\/\/elfsight.com\/it\/?s={search_term_string}"},"query-input":{"@type":"PropertyValueSpecification","valueRequired":true,"valueName":"search_term_string"}}],"inLanguage":"it-IT"}]}},"meta_box":{"industry":"","seo_heading":"","heading":"","description":"","cta_heading":"","cta_description":"","application":"1367","h1":"Plug-in jQuery per feed Twitter","h1_caption":"Incorpora tweet dal tuo account Twitter o tramite hashtag per mantenere i tuoi visitatori aggiornati con contenuti in tempo reale nel tuo sito web jQuery senza sforzo.","application_category":[],"applications_title":"","applications_request_title":"","applications_request_button_text":"","hero_text":"","hero_video":"","hero_video_schema_markup":"","selling_points_title":"","selling_points_caption":"","selling_points":[],"selling_points_cta_text":"","features_title":"","features":"","ed_cta_examples_text":"","ed_cta_examples_hidden":"","ed_cta_demo_text":"","ed_cta_demo_hidden":"","why_caption":"","why_editor_title":"","why_editor_text":"","why_team_title":"","why_team_text":"","why_service_title":"","why_service_text":"","template_catalog_visible":"0","template_catalog_title":"","template_catalog_text":"","template_catalog_categories_visible":"","demo_title":"Crea il tuo plugin per il feed di Twitter","demo_caption":"Configura il tuo feed Twitter e aggiungilo gratuitamente al tuo sito Web jQuery!","default_faq_hidden":"","app_template_category":[],"platform":"37","template_public_id":"","codecanyon_url":"","codecanyon_item_id":"","codecanyon_price":"","pricing_caption":"","pricing_elfsight_apps_hide_column":"","pricing_elfsight_apps_url":"","pricing_codecanyon_price_caption":"","integration_category":[],"integration_request_title":"","integration_request_cta":"","integration_platform":"","integrations":[],"platform_category":[],"video_schema_markup":"","price":"da $ 0 al mese","trial":"","benefits":[{"text":"Servizio di installazione gratuito"},{"text":"Servizio clienti professionale"},{"text":"Garanzia di rimborso di 14 giorni"},{"text":"Sviluppo continuo"}],"button_url":"#demo","button_target_blank":"0","button_nofollow":"0","attributes":[{"name":"Installazioni"},{"name":"Reattivo"},{"name":"Browser compatibili"}],"tags":[],"tags_disable_links":"0","hide_more_platforms":"0","video_object":"","demo_hide_cta":"0","demo_hide_cloud_options":"0","pricing_title":"","pricing":[{"pricing_icon":"platform","pricing_title":"Elfsight Apps","pricing_title_caption":"Versione multipiattaforma che funziona su qualsiasi sito web","pricing_price":"da $ 0 \/ mese","pricing_price_caption":"inizia con un piano gratuito","pricing_benefits":[{"text":"Siti web illimitati"},{"text":"Supporto aziendale 24 ore su 24, 7 giorni su 7 e ben documentato"},{"text":"Supporto gratuito per l'installazione"},{"text":"Completamente personalizzabile"}],"pricing_button_text":"Aggiungi al sito web","pricing_button_url":"#demo"}],"related_apps_title":"","related_apps_hidden":"0","author":"","image":[],"title":"","job":"","social_networks":[]},"_links":{"self":[{"href":"https:\/\/elfsight.com\/it\/wp-json\/wp\/v2\/pages\/6418","targetHints":{"allow":["GET"]}}],"collection":[{"href":"https:\/\/elfsight.com\/it\/wp-json\/wp\/v2\/pages"}],"about":[{"href":"https:\/\/elfsight.com\/it\/wp-json\/wp\/v2\/types\/page"}],"author":[{"embeddable":true,"href":"https:\/\/elfsight.com\/it\/wp-json\/wp\/v2\/users\/9"}],"replies":[{"embeddable":true,"href":"https:\/\/elfsight.com\/it\/wp-json\/wp\/v2\/comments?post=6418"}],"version-history":[{"count":2,"href":"https:\/\/elfsight.com\/it\/wp-json\/wp\/v2\/pages\/6418\/revisions"}],"predecessor-version":[{"id":9115,"href":"https:\/\/elfsight.com\/it\/wp-json\/wp\/v2\/pages\/6418\/revisions\/9115"}],"up":[{"embeddable":true,"href":"https:\/\/elfsight.com\/it\/wp-json\/wp\/v2\/pages\/1368"}],"wp:attachment":[{"href":"https:\/\/elfsight.com\/it\/wp-json\/wp\/v2\/media?parent=6418"}],"curies":[{"name":"wp","href":"https:\/\/api.w.org\/{rel}","templated":true}]}}