{"id":6413,"date":"1970-01-01T00:00:00","date_gmt":"1970-01-01T00:00:00","guid":{"rendered":"https:\/\/elfsight.com\/it\/?page_id=6413"},"modified":"2025-03-18T13:35:53","modified_gmt":"2025-03-18T13:35:53","slug":"blogger","status":"publish","type":"page","link":"https:\/\/elfsight.com\/it\/twitter-feed-widget\/blogger\/","title":{"rendered":"Twitter Feed &#8211; Blogger"},"content":{"rendered":"\n<div class=\"application-platform-content-item-description application-platform-content-item\" id=\"description\" data-nav-section=\"description\"><h2>Descrizione<\/h2><p>Elfsight Twitter Feed \u00e8 un widget reattivo, che ti consente di posizionare widget Twitter o Tweet selezionati su qualsiasi sito Blogger. Puoi usarlo per visualizzare il tuo feed di notizie Twitter o vantare Tweet testimonial al fine di aumentare il coinvolgimento degli utenti e ottenere una maggiore fiducia dei clienti. Ci\u00f2 che rende il widget Elfsight uno dei widget principali per qualsiasi sito web \u00e8 una grande quantit\u00e0 di impostazioni, modelli pronti all&#8217;uso per qualsiasi caso d&#8217;uso e il suo design adattivo.<\/p><p><b>Coinvolgimento e fiducia dei visitatori di livello superiore al tuo sito web<\/b><\/p><ul><li><b>Mantieni il tuo pubblico sulla pagina pi\u00f9 a lungo<\/b>.<br>Mantieni i tuoi visitatori sul tuo sito web pi\u00f9 a lungo, mostrando Tweet separati sui pi\u00f9 interessanti argomenti o coinvolgi il pubblico affinch\u00e9 prenda parte alle tue attivit\u00e0 promosse da Twitter.<\/li><li><b>Aumenta il numero di follower<\/b>.<br>Il feed Twitter interattivo di Elfsight consente ai clienti di iniziare a seguire direttamente il tuo account dal tuo sito web. In questo modo puoi utilizzare un&#8217;ulteriore fonte di follower e ampliare la tua community Twitter.<\/li><li><b>Forti prove sociali per una maggiore fiducia<\/b>.<br>Dimostra quanto dinamicamente gestisci il tuo account Twitter per rassicurare i clienti che la tua attivit\u00e0 \u00e8 operativa e desideri interagire e avvicinarti ai tuoi utenti.<\/li><\/ul><\/div><div class=\"application-platform-content-item-features application-platform-content-item\" id=\"features\" data-nav-section=\"features\"><h2>Funzionalit\u00e0<\/h2><p> Le funzionalit\u00e0 pi\u00f9 preziose del widget Elfsight, che lo rendono il miglior widget Blogger per Twitter:<\/p><ul><li>Valuta i Tweet di testimonianze con stelle;<\/li><li>Scegli il layout dell&#8217;intestazione completo o compatto;<\/li><li>Copia il collegamento dei Tweet;<\/li><li>Cache dei dati del browser: caricamento pi\u00f9 veloce con widget su pi\u00f9 pagine;<\/li><li>Formattazione del testo dei Tweet, visualizzazione di contenuti di foto e video.<\/li> <\/ul><p><a href=\"#demo\">Controlla tutte le funzionalit\u00e0 nella demo live<\/a><\/p><\/div><div class=\"application-platform-content-item-installation application-platform-content-item\" id=\"installation\" data-nav-section=\"installation\"><h2>Come aggiungere Twitter Invia a Blogger<\/h2><div class=\"video-container\"><iframe width=\"560\" height=\"315\" src=\"https:\/\/www.youtube.com\/embed\/tRITOTmZ5As?si=JLqc9oUVEPmUA6vL\" frameborder=\"0\" allow=\"accelerometer; autoplay; clipboard-write; encrypted-media; gyroscope; picture-in-picture; web-share\" allowfullscreen><\/iframe><\/div><p>Completa l&#8217;integrazione del widget utilizzando il nostro breve manuale. L&#8217;operazione richieder\u00e0 meno di un paio di minuti e non richieder\u00e0 esperienza nello sviluppo web.<\/p><ol><li><b>Progetta il tuo feed Twitter unico<\/b>.<br>Grazie al nostro servizio gratuito editor, assembla un widget con aspetto e funzioni preferibili.<\/li><li><b>Copia un codice per visualizzare il widget<\/b>.<br>Dopo l&#8217;impostazione del widget, ottieni un codice per il widget Twitter dalla finestra popup su Elfsight Apps.<\/li><li><b>Posiziona il widget su un sito web<\/b>.<br>Visualizza il widget nel punto desiderato della pagina e applica i risultati.<\/li><li> <b>L&#8217;incorporamento \u00e8 riuscito!<\/b><br>Visita il tuo sito web Blogger per controllare il tuo widget.<\/li><\/ol><p>Hai riscontrato problemi durante l&#8217;impostazione o la personalizzazione del widget? Prova a controllare un <a href=\"https:\/\/elfsight.com\/tutorials\/how-to-add-twitter-feed-widget-to-blogger\/\" target=\"_blank\" rel=\"noopener noreferrer\">tutorial dettagliato <\/a> o scrivi al nostro team di supporto con una descrizione completa della domanda. Saremo felici di rispondere alle tue domande.<\/p><\/div><div class=\"faq\" data-component=\"FAQ\"><div class=\"faq-item\">\r\n\t\t\t\t\t<div class=\"faq-item-question\">\r\n\t\t\t\t\t\t<h3 class=\"faq-item-question-text\">Esiste un modo per incorporare il feed Twitter nel mio sito Blogger senza codificare? <\/h3>\r\n\r\n\t\t\t\t\t\t<div class=\"faq-item-question-icon\"><\/div>\r\n\t\t\t\t\t<\/div>\r\n\r\n\t\t\t\t\t<div class=\"faq-item-answer\">\r\n\t\t\t\t\t\t<div class=\"faq-item-answer-text\"><p>L&#8217;azienda Elfsight offre una soluzione che consente alle persone di generare da soli un&#8217;app Twitter Feed, scopri quanto \u00e8 semplice:<\/p><ul><li>Lavora nell&#8217;editor live per creare un widget Twitter Feed che desideri da incorporare nella home page di Blogger.<\/li><li>Fai clic su uno dei tanti modelli predefiniti e adatta le impostazioni del feed di Twitter, trasforma il layout e la combinazione di colori, aggiorna i tuoi contenuti senza conoscenze di programmazione.<\/li><li>Salva le impostazioni che hai effettuato nel feed di Twitter e ottieni il codice di installazione, che potr\u00e0 essere facilmente incluso gratuitamente nella pagina web di Blogger.<\/li><\/ul><p>Con il nostro semplice editor qualsiasi utente di Internet pu\u00f2 formare Plug-in Feed di Twitter e includilo facilmente in qualsiasi home page di Blogger. Non devi pagare o rivelare le credenziali della tua carta per entrare nell&#8217;editor. In caso di problemi di qualsiasi tipo, non esitare a contattare il nostro personale di supporto tecnico.<\/p><\/div>\r\n\t\t\t\t\t<\/div>\r\n\t\t\t\t<\/div><\/div>\n","protected":false},"excerpt":{"rendered":"","protected":false},"author":9,"featured_media":0,"parent":1368,"menu_order":0,"comment_status":"closed","ping_status":"closed","template":"templates\/template-application-platform.php","meta":{"publish_to_discourse":"","publish_post_category":"","wpdc_auto_publish_overridden":"","wpdc_topic_tags":"","wpdc_pin_topic":"","wpdc_pin_until":"","discourse_post_id":"","discourse_permalink":"","wpdc_publishing_response":"","wpdc_publishing_error":"","footnotes":""},"class_list":["post-6413","page","type-page","status-publish","hentry"],"yoast_head":"<!-- This site is optimized with the Yoast SEO plugin v25.3.1 - https:\/\/yoast.com\/wordpress\/plugins\/seo\/ -->\n<title>Widget Twitter di Blogger: aggiungi il feed Twitter al sito Web di Blogger (in 2 minuti)<\/title>\n<meta name=\"description\" content=\"Installa il widget Twitter Feed su Blogger in soli 2 minuti e senza codifica. Controlla tutte le funzionalit\u00e0 principali del miglior widget Twitter in un editor gratuito.\" \/>\n<meta name=\"robots\" content=\"index, follow, max-snippet:-1, max-image-preview:large, max-video-preview:-1\" \/>\n<link rel=\"canonical\" href=\"https:\/\/elfsight.com\/it\/twitter-feed-widget\/blogger\/\" \/>\n<meta property=\"og:locale\" content=\"it_IT\" \/>\n<meta property=\"og:type\" content=\"article\" \/>\n<meta property=\"og:title\" content=\"Widget Twitter di Blogger: aggiungi il feed Twitter al sito Web di Blogger (in 2 minuti)\" \/>\n<meta property=\"og:description\" content=\"Installa il widget Twitter Feed su Blogger in soli 2 minuti e senza codifica. Controlla tutte le funzionalit\u00e0 principali del miglior widget Twitter in un editor gratuito.\" \/>\n<meta property=\"og:url\" content=\"https:\/\/elfsight.com\/it\/twitter-feed-widget\/blogger\/\" \/>\n<meta property=\"og:site_name\" content=\"Elfsight IT\" \/>\n<meta property=\"article:modified_time\" content=\"2025-03-18T13:35:53+00:00\" \/>\n<meta name=\"twitter:card\" content=\"summary_large_image\" \/>\n<meta name=\"twitter:label1\" content=\"Tempo di lettura stimato\" \/>\n\t<meta name=\"twitter:data1\" content=\"4 minuti\" \/>\n<!-- \/ Yoast SEO plugin. -->","yoast_head_json":{"title":"Widget Twitter di Blogger: aggiungi il feed Twitter al sito Web di Blogger (in 2 minuti)","description":"Installa il widget Twitter Feed su Blogger in soli 2 minuti e senza codifica. Controlla tutte le funzionalit\u00e0 principali del miglior widget Twitter in un editor gratuito.","robots":{"index":"index","follow":"follow","max-snippet":"max-snippet:-1","max-image-preview":"max-image-preview:large","max-video-preview":"max-video-preview:-1"},"canonical":"https:\/\/elfsight.com\/it\/twitter-feed-widget\/blogger\/","og_locale":"it_IT","og_type":"article","og_title":"Widget Twitter di Blogger: aggiungi il feed Twitter al sito Web di Blogger (in 2 minuti)","og_description":"Installa il widget Twitter Feed su Blogger in soli 2 minuti e senza codifica. Controlla tutte le funzionalit\u00e0 principali del miglior widget Twitter in un editor gratuito.","og_url":"https:\/\/elfsight.com\/it\/twitter-feed-widget\/blogger\/","og_site_name":"Elfsight IT","article_modified_time":"2025-03-18T13:35:53+00:00","twitter_card":"summary_large_image","twitter_misc":{"Tempo di lettura stimato":"4 minuti"},"schema":{"@context":"https:\/\/schema.org","@graph":[{"@type":"WebPage","@id":"https:\/\/elfsight.com\/it\/twitter-feed-widget\/blogger\/","url":"https:\/\/elfsight.com\/it\/twitter-feed-widget\/blogger\/","name":"Widget Twitter di Blogger: aggiungi il feed Twitter al sito Web di Blogger (in 2 minuti)","isPartOf":{"@id":"https:\/\/elfsight.com\/it\/#website"},"datePublished":"1970-01-01T00:00:00+00:00","dateModified":"2025-03-18T13:35:53+00:00","description":"Installa il widget Twitter Feed su Blogger in soli 2 minuti e senza codifica. Controlla tutte le funzionalit\u00e0 principali del miglior widget Twitter in un editor gratuito.","breadcrumb":{"@id":"https:\/\/elfsight.com\/it\/twitter-feed-widget\/blogger\/#breadcrumb"},"inLanguage":"it-IT","potentialAction":[{"@type":"ReadAction","target":["https:\/\/elfsight.com\/it\/twitter-feed-widget\/blogger\/"]}]},{"@type":"BreadcrumbList","@id":"https:\/\/elfsight.com\/it\/twitter-feed-widget\/blogger\/#breadcrumb","itemListElement":[{"@type":"ListItem","position":1,"name":"Home","item":"https:\/\/elfsight.com\/it\/"},{"@type":"ListItem","position":2,"name":"Twitter Feed","item":"https:\/\/elfsight.com\/it\/twitter-feed-widget\/"},{"@type":"ListItem","position":3,"name":"Twitter Feed &#8211; Blogger"}]},{"@type":"WebSite","@id":"https:\/\/elfsight.com\/it\/#website","url":"https:\/\/elfsight.com\/it\/","name":"Elfsight IT","description":"Just another Elfsight Sites site","potentialAction":[{"@type":"SearchAction","target":{"@type":"EntryPoint","urlTemplate":"https:\/\/elfsight.com\/it\/?s={search_term_string}"},"query-input":{"@type":"PropertyValueSpecification","valueRequired":true,"valueName":"search_term_string"}}],"inLanguage":"it-IT"}]}},"meta_box":{"industry":"","seo_heading":"","heading":"","description":"","cta_heading":"","cta_description":"","application":"1367","h1":"Widget del feed Twitter di Blogger","h1_caption":"Incorpora tweet dal tuo account Twitter o tramite hashtag per mantenere i tuoi visitatori aggiornati con contenuti in tempo reale nel tuo sito web Blogger senza sforzo.","application_category":[],"applications_title":"","applications_request_title":"","applications_request_button_text":"","hero_text":"","hero_video":"","hero_video_schema_markup":"","selling_points_title":"","selling_points_caption":"","selling_points":[],"selling_points_cta_text":"","features_title":"","features":"","ed_cta_examples_text":"","ed_cta_examples_hidden":"","ed_cta_demo_text":"","ed_cta_demo_hidden":"","why_caption":"","why_editor_title":"","why_editor_text":"","why_team_title":"","why_team_text":"","why_service_title":"","why_service_text":"","template_catalog_visible":"0","template_catalog_title":"","template_catalog_text":"","template_catalog_categories_visible":"","demo_title":"Crea il tuo widget Feed Twitter","demo_caption":"Configura il tuo feed Twitter e aggiungilo gratuitamente al tuo sito Blogger!","default_faq_hidden":"","app_template_category":[],"platform":"33","template_public_id":"","codecanyon_url":"","codecanyon_item_id":"","codecanyon_price":"","pricing_caption":"","pricing_elfsight_apps_hide_column":"","pricing_elfsight_apps_url":"","pricing_codecanyon_price_caption":"","integration_category":[],"integration_request_title":"","integration_request_cta":"","integration_platform":"","integrations":[],"platform_category":[],"video_schema_markup":"","price":"da $ 0 al mese","trial":"","benefits":[{"text":"Aiuto per l'installazione gratuito"},{"text":"Servizio clienti professionale"},{"text":"Garanzia di rimborso di 14 giorni"},{"text":"Sviluppo continuo"}],"button_url":"#demo","button_target_blank":"0","button_nofollow":"0","attributes":[{"name":"Installazioni"},{"name":"Reattivo"},{"name":"Browser compatibili"}],"tags":[],"tags_disable_links":"0","hide_more_platforms":"0","video_object":"","demo_hide_cta":"0","demo_hide_cloud_options":"0","pricing_title":"","pricing":[{"pricing_icon":"platform","pricing_title":"Elfsight Apps","pricing_title_caption":"Soluzione digitale multipiattaforma","pricing_price":"da $ 0 \/ mese","pricing_price_caption":"inizia con un piano gratuito","pricing_benefits":[{"text":"Siti web illimitati"},{"text":"Supporto aziendale premium e ben documentato"},{"text":"Supporto per l'installazione senza costi"},{"text":"Completamente personalizzabile"}],"pricing_button_text":"Aggiungi al sito web","pricing_button_url":"#demo"}],"related_apps_title":"","related_apps_hidden":"0","author":"","image":[],"title":"","job":"","social_networks":[]},"_links":{"self":[{"href":"https:\/\/elfsight.com\/it\/wp-json\/wp\/v2\/pages\/6413","targetHints":{"allow":["GET"]}}],"collection":[{"href":"https:\/\/elfsight.com\/it\/wp-json\/wp\/v2\/pages"}],"about":[{"href":"https:\/\/elfsight.com\/it\/wp-json\/wp\/v2\/types\/page"}],"author":[{"embeddable":true,"href":"https:\/\/elfsight.com\/it\/wp-json\/wp\/v2\/users\/9"}],"replies":[{"embeddable":true,"href":"https:\/\/elfsight.com\/it\/wp-json\/wp\/v2\/comments?post=6413"}],"version-history":[{"count":3,"href":"https:\/\/elfsight.com\/it\/wp-json\/wp\/v2\/pages\/6413\/revisions"}],"predecessor-version":[{"id":9109,"href":"https:\/\/elfsight.com\/it\/wp-json\/wp\/v2\/pages\/6413\/revisions\/9109"}],"up":[{"embeddable":true,"href":"https:\/\/elfsight.com\/it\/wp-json\/wp\/v2\/pages\/1368"}],"wp:attachment":[{"href":"https:\/\/elfsight.com\/it\/wp-json\/wp\/v2\/media?parent=6413"}],"curies":[{"name":"wp","href":"https:\/\/api.w.org\/{rel}","templated":true}]}}