{"id":6397,"date":"1970-01-01T00:00:00","date_gmt":"1970-01-01T00:00:00","guid":{"rendered":"https:\/\/elfsight.com\/it\/?page_id=6397"},"modified":"2024-11-12T08:32:11","modified_gmt":"2024-11-12T08:32:11","slug":"facebook","status":"publish","type":"page","link":"https:\/\/elfsight.com\/it\/twitter-feed-widget\/facebook\/","title":{"rendered":"Twitter Feed &#8211; Facebook Page"},"content":{"rendered":"<div class=\"application-platform-content-item-description application-platform-content-item\" id=\"description\" data-nav-section=\"description\"><h2>Descrizione<\/h2><p>Elfsight Twitter Feed \u00e8 un widget reattivo che ti consente di introdurre Tweet sulla tua pagina Facebook. Sei libero di visualizzare il tuo newsfeed Twitter o vantare Tweet testimonial per aumentare il coinvolgimento degli utenti e sviluppare una migliore fiducia dei clienti. Ci\u00f2 che rende il widget Elfsight uno dei migliori nel suo genere per qualsiasi pagina \u00e8 un&#8217;enorme quantit\u00e0 di opzioni, modelli pronti progettati per qualsiasi caso d&#8217;uso e il suo design reattivo.<\/p><p><b>Rendi la tua pagina estremamente coinvolgente per il tuo pubblico e degno di fiducia<\/b><\/p><\/div><div class=\"faq\" data-component=\"FAQ\"><div class=\"faq-item\">\r\n\t\t\t\t\t<div class=\"faq-item-question\">\r\n\t\t\t\t\t\t<h3 class=\"faq-item-question-text\">In che modo posso incorporare un feed Twitter nel sito Facebook?<\/h3>\r\n\r\n\t\t\t\t\t\t<div class=\"faq-item-question-icon\"><\/div>\r\n\t\t\t\t\t<\/div>\r\n\r\n\t\t\t\t\t<div class=\"faq-item-answer\">\r\n\t\t\t\t\t\t<div class=\"faq-item-answer-text\"><p>La creazione del widget avviene all&#8217;interno del servizio Elfsight e non \u00e8 necessario imparare a programmare. Applica la demo live per personalizzare il tuo plugin, ottieni il codice e aggiungilo al tuo sito web. <\/p><\/div>\r\n\t\t\t\t\t<\/div>\r\n\t\t\t\t<\/div><div class=\"faq-item\">\r\n\t\t\t\t\t<div class=\"faq-item-question\">\r\n\t\t\t\t\t\t<h3 class=\"faq-item-question-text\">Posso ottenere la timeline o la barra laterale del profilo Twitter tramite i tuoi widget?<\/h3>\r\n\r\n\t\t\t\t\t\t<div class=\"faq-item-question-icon\"><\/div>\r\n\t\t\t\t\t<\/div>\r\n\r\n\t\t\t\t\t<div class=\"faq-item-answer\">\r\n\t\t\t\t\t\t<div class=\"faq-item-answer-text\"><p>Sono applicabili numerosi modelli: elenco, muratura, galleria, feed, griglia e molto altro ancora, oltre a impostazioni di layout flessibili per allinearsi alle tue esigenze. Sei libero di creare quasi tutti i widget di cui hai bisogno. <\/p><\/div>\r\n\t\t\t\t\t<\/div>\r\n\t\t\t\t<\/div><div class=\"faq-item\">\r\n\t\t\t\t\t<div class=\"faq-item-question\">\r\n\t\t\t\t\t\t<h3 class=\"faq-item-question-text\">Il widget Twitter della mia pagina Facebook non funziona\/non si aggiorna<\/h3>\r\n\r\n\t\t\t\t\t\t<div class=\"faq-item-question-icon\"><\/div>\r\n\t\t\t\t\t<\/div>\r\n\r\n\t\t\t\t\t<div class=\"faq-item-answer\">\r\n\t\t\t\t\t\t<div class=\"faq-item-answer-text\"><p>Se riscontri problemi con i widget della pagina Facebook, contatta il personale di supporto al cliente. Il supporto \u00e8 assolutamente gratuito per tutti i clienti Elfsight. <\/p><\/div>\r\n\t\t\t\t\t<\/div>\r\n\t\t\t\t<\/div><\/div><div class=\"application-platform-content-item-features application-platform-content-item\" id=\"features\" data-nav-section=\"features\"><h2>Caratteristiche<\/h2><p>Qui puoi vedere tutte le caratteristiche funzionali del prodotto. Sono tutti disponibili nell&#8217;editor e ti aiuteranno a modellare il widget appositamente per il tuo caso d&#8217;uso.<\/p><ul><li>Crea un feed con Tweet di testimonianze sulla tua attivit\u00e0;<\/li><li>Nascondi l&#8217;intestazione per mostrare solo i Tweet;<\/li><li>Copia il collegamento dei Tweet;<\/li><li>Il tweet si apre facendo clic sull&#8217;icona di Twitter;<\/li><li>Imposta un colore del tema personalizzato per il widget ;<\/li><\/ul><p><a href=\"#demo\">Puoi testare tutte le caratteristiche funzionali del widget direttamente nella demo<\/a><\/p> <\/div><div class=\"application-platform-content-item-installation  application-platform-content-item\" id=\"installation \" data-nav-section=\"installation \"><h2>Come aggiungere la scheda Twitter alla pagina Facebook<\/h2><p>Per integrare il widget, segui semplicemente i passaggi seguenti<\/p><ul><li><b>Genera il tuo feed Twitter unico<\/b><br>Nella nostra demo gratuita, crea un widget con design e funzioni personalizzati.<\/li><li><b>Acquisisci il codice individuale per aggiungere il plugin<\/b><br>Dopo aver personalizzato il tuo widget, acquisirai il codice di installazione dalla notifica popup su Elfsight Apps. Copia il codice.<\/li><li><b>Aggiungi il widget alla pagina Facebook<\/b><br> Crea la tua scheda Facebook personalizzata. Inserisci nella scheda il codice che hai ricevuto su elfsight apps. In caso di problemi, consulta la nostra guida su <a href=\"https:\/\/elfsight.com\/blog\/how-to-add-custom-tab-to-facebook-page\/\" target=\"_blank\" rel=\"noopener noreferrer\">creazione di una scheda Facebook personalizzata<\/a><\/li><li><b>Fatto!<\/b><br>Entra nella pagina Facebook Business per vedere il tuo lavoro.<\/li><\/ul><p>Se hai bisogno di aiuto o riscontri problemi, puoi contattare il nostro servizio clienti. I nostri specialisti vi daranno una mano con ogni richiesta. <\/p><\/div>","protected":false},"excerpt":{"rendered":"","protected":false},"author":9,"featured_media":0,"parent":1368,"menu_order":0,"comment_status":"closed","ping_status":"closed","template":"templates\/template-application-platform.php","meta":{"publish_to_discourse":"","publish_post_category":"","wpdc_auto_publish_overridden":"","wpdc_topic_tags":"","wpdc_pin_topic":"","wpdc_pin_until":"","discourse_post_id":"","discourse_permalink":"","wpdc_publishing_response":"","wpdc_publishing_error":"","footnotes":""},"class_list":["post-6397","page","type-page","status-publish","hentry"],"yoast_head":"<!-- This site is optimized with the Yoast SEO plugin v25.3.1 - https:\/\/yoast.com\/wordpress\/plugins\/seo\/ -->\n<title>Aggiungi la scheda Feed di Twitter alla pagina Facebook (gratuito e veloce)<\/title>\n<meta name=\"description\" content=\"\u00c8 semplicissimo costruire la tua scheda Feed di Twitter e aggiungerla alla tua pagina aziendale o pubblica di Facebook. Il servizio clienti Elfsight \u00e8 gratuito e veloce.\" \/>\n<meta name=\"robots\" content=\"index, follow, max-snippet:-1, max-image-preview:large, max-video-preview:-1\" \/>\n<link rel=\"canonical\" href=\"https:\/\/elfsight.com\/it\/twitter-feed-widget\/facebook\/\" \/>\n<meta property=\"og:locale\" content=\"it_IT\" \/>\n<meta property=\"og:type\" content=\"article\" \/>\n<meta property=\"og:title\" content=\"Aggiungi la scheda Feed di Twitter alla pagina Facebook (gratuito e veloce)\" \/>\n<meta property=\"og:description\" content=\"\u00c8 semplicissimo costruire la tua scheda Feed di Twitter e aggiungerla alla tua pagina aziendale o pubblica di Facebook. Il servizio clienti Elfsight \u00e8 gratuito e veloce.\" \/>\n<meta property=\"og:url\" content=\"https:\/\/elfsight.com\/it\/twitter-feed-widget\/facebook\/\" \/>\n<meta property=\"og:site_name\" content=\"Elfsight IT\" \/>\n<meta property=\"article:modified_time\" content=\"2024-11-12T08:32:11+00:00\" \/>\n<meta name=\"twitter:card\" content=\"summary_large_image\" \/>\n<meta name=\"twitter:label1\" content=\"Tempo di lettura stimato\" \/>\n\t<meta name=\"twitter:data1\" content=\"2 minuti\" \/>\n<!-- \/ Yoast SEO plugin. -->","yoast_head_json":{"title":"Aggiungi la scheda Feed di Twitter alla pagina Facebook (gratuito e veloce)","description":"\u00c8 semplicissimo costruire la tua scheda Feed di Twitter e aggiungerla alla tua pagina aziendale o pubblica di Facebook. Il servizio clienti Elfsight \u00e8 gratuito e veloce.","robots":{"index":"index","follow":"follow","max-snippet":"max-snippet:-1","max-image-preview":"max-image-preview:large","max-video-preview":"max-video-preview:-1"},"canonical":"https:\/\/elfsight.com\/it\/twitter-feed-widget\/facebook\/","og_locale":"it_IT","og_type":"article","og_title":"Aggiungi la scheda Feed di Twitter alla pagina Facebook (gratuito e veloce)","og_description":"\u00c8 semplicissimo costruire la tua scheda Feed di Twitter e aggiungerla alla tua pagina aziendale o pubblica di Facebook. Il servizio clienti Elfsight \u00e8 gratuito e veloce.","og_url":"https:\/\/elfsight.com\/it\/twitter-feed-widget\/facebook\/","og_site_name":"Elfsight IT","article_modified_time":"2024-11-12T08:32:11+00:00","twitter_card":"summary_large_image","twitter_misc":{"Tempo di lettura stimato":"2 minuti"},"schema":{"@context":"https:\/\/schema.org","@graph":[{"@type":"WebPage","@id":"https:\/\/elfsight.com\/it\/twitter-feed-widget\/facebook\/","url":"https:\/\/elfsight.com\/it\/twitter-feed-widget\/facebook\/","name":"Aggiungi la scheda Feed di Twitter alla pagina Facebook (gratuito e veloce)","isPartOf":{"@id":"https:\/\/elfsight.com\/it\/#website"},"datePublished":"1970-01-01T00:00:00+00:00","dateModified":"2024-11-12T08:32:11+00:00","description":"\u00c8 semplicissimo costruire la tua scheda Feed di Twitter e aggiungerla alla tua pagina aziendale o pubblica di Facebook. Il servizio clienti Elfsight \u00e8 gratuito e veloce.","breadcrumb":{"@id":"https:\/\/elfsight.com\/it\/twitter-feed-widget\/facebook\/#breadcrumb"},"inLanguage":"it-IT","potentialAction":[{"@type":"ReadAction","target":["https:\/\/elfsight.com\/it\/twitter-feed-widget\/facebook\/"]}]},{"@type":"BreadcrumbList","@id":"https:\/\/elfsight.com\/it\/twitter-feed-widget\/facebook\/#breadcrumb","itemListElement":[{"@type":"ListItem","position":1,"name":"Home","item":"https:\/\/elfsight.com\/it\/"},{"@type":"ListItem","position":2,"name":"Twitter Feed","item":"https:\/\/elfsight.com\/it\/twitter-feed-widget\/"},{"@type":"ListItem","position":3,"name":"Twitter Feed &#8211; Facebook Page"}]},{"@type":"WebSite","@id":"https:\/\/elfsight.com\/it\/#website","url":"https:\/\/elfsight.com\/it\/","name":"Elfsight IT","description":"Just another Elfsight Sites site","potentialAction":[{"@type":"SearchAction","target":{"@type":"EntryPoint","urlTemplate":"https:\/\/elfsight.com\/it\/?s={search_term_string}"},"query-input":{"@type":"PropertyValueSpecification","valueRequired":true,"valueName":"search_term_string"}}],"inLanguage":"it-IT"}]}},"meta_box":{"industry":"","seo_heading":"","heading":"","description":"","cta_heading":"","cta_description":"","application":"1367","h1":"Scheda Twitter per la pagina Facebook","h1_caption":"Incorpora tweet dal tuo account Twitter o tramite hashtag per mantenere i tuoi visitatori aggiornati con contenuti in tempo reale nel sito web della tua pagina Facebook senza sforzo.","application_category":[],"applications_title":"","applications_request_title":"","applications_request_button_text":"","hero_text":"","hero_video":"","hero_video_schema_markup":"","selling_points_title":"","selling_points_caption":"","selling_points":[],"selling_points_cta_text":"","features_title":"","features":"","ed_cta_examples_text":"","ed_cta_examples_hidden":"","ed_cta_demo_text":"","ed_cta_demo_hidden":"","why_caption":"","why_editor_title":"","why_editor_text":"","why_team_title":"","why_team_text":"","why_service_title":"","why_service_text":"","template_catalog_visible":"","template_catalog_title":"","template_catalog_text":"","template_catalog_categories_visible":"","demo_title":"Crea il tuo widget Feed Twitter","demo_caption":"Configura il tuo feed Twitter e aggiungilo gratuitamente al sito della tua pagina Facebook!","default_faq_hidden":"","app_template_category":[],"platform":"77","template_public_id":"","codecanyon_url":"","codecanyon_item_id":"","codecanyon_price":"","pricing_caption":"","pricing_elfsight_apps_hide_column":"","pricing_elfsight_apps_url":"","pricing_codecanyon_price_caption":"","integration_category":[],"integration_request_title":"","integration_request_cta":"","integration_platform":"","integrations":[],"platform_category":[],"video_schema_markup":"","price":"da $ 0 al mese","trial":"","benefits":[{"text":"Aiuto per l'installazione gratuito"},{"text":"Servizio clienti efficace"},{"text":"Garanzia di rimborso di 14 giorni"},{"text":"Miglioramenti regolari"}],"button_url":"#demo","button_target_blank":"","button_nofollow":"","attributes":[{"name":"Installazioni"},{"name":"Reattivo"},{"name":"Browser compatibili"}],"tags":[],"tags_disable_links":"","hide_more_platforms":"","video_object":"","demo_hide_cta":"","demo_hide_cloud_options":"","pricing_title":"","pricing":[{"pricing_icon":"platform","pricing_title":"Elfsight Apps","pricing_title_caption":"Versione multipiattaforma che funziona su qualsiasi sito web","pricing_price":"da $ 0 \/ mese","pricing_price_caption":"inizia con il piano gratuito","pricing_benefits":[{"text":"Siti web illimitati"},{"text":"Supporto aziendale veloce"},{"text":"Aiuto gratuito per l'installazione"},{"text":"Prezzo speciale per pi\u00f9 app"}],"pricing_button_text":"Aggiungi al sito web","pricing_button_url":"#demo"}],"related_apps_title":"","related_apps_hidden":"","author":"","image":[],"title":"","job":"","social_networks":[]},"_links":{"self":[{"href":"https:\/\/elfsight.com\/it\/wp-json\/wp\/v2\/pages\/6397","targetHints":{"allow":["GET"]}}],"collection":[{"href":"https:\/\/elfsight.com\/it\/wp-json\/wp\/v2\/pages"}],"about":[{"href":"https:\/\/elfsight.com\/it\/wp-json\/wp\/v2\/types\/page"}],"author":[{"embeddable":true,"href":"https:\/\/elfsight.com\/it\/wp-json\/wp\/v2\/users\/9"}],"replies":[{"embeddable":true,"href":"https:\/\/elfsight.com\/it\/wp-json\/wp\/v2\/comments?post=6397"}],"version-history":[{"count":1,"href":"https:\/\/elfsight.com\/it\/wp-json\/wp\/v2\/pages\/6397\/revisions"}],"predecessor-version":[{"id":6401,"href":"https:\/\/elfsight.com\/it\/wp-json\/wp\/v2\/pages\/6397\/revisions\/6401"}],"up":[{"embeddable":true,"href":"https:\/\/elfsight.com\/it\/wp-json\/wp\/v2\/pages\/1368"}],"wp:attachment":[{"href":"https:\/\/elfsight.com\/it\/wp-json\/wp\/v2\/media?parent=6397"}],"curies":[{"name":"wp","href":"https:\/\/api.w.org\/{rel}","templated":true}]}}