{"id":6341,"date":"1970-01-01T00:00:00","date_gmt":"1970-01-01T00:00:00","guid":{"rendered":"https:\/\/elfsight.com\/it\/?page_id=6341"},"modified":"2024-11-12T07:57:38","modified_gmt":"2024-11-12T07:57:38","slug":"woocommerce","status":"publish","type":"page","link":"https:\/\/elfsight.com\/it\/tumblr-feed-widget\/woocommerce\/","title":{"rendered":"Tumblr Feed &#8211; WooCommerce"},"content":{"rendered":"<div class=\"application-platform-content-item-description application-platform-content-item\" id=\"description\" data-nav-section=\"description\"> <h2>Descrizione<\/h2> <p>Elfsight Tumblr Feed per WooCommerce \u00e8 un plugin per modellare il tuo feed personalizzato costituito dai contenuti della rete Tumblr e visualizzarli direttamente sul tuo sito web. Crea una galleria o uno slider per i post in pochi clic! Esercita il controllo totale su un contenuto dimostrato ed elimina lo spam e qualsiasi contenuto involontario mediante la moderazione manuale. L&#8217;editor online completamente reattivo ti offre diversi modelli tra cui scegliere. <\/p> <p><b>Scegli i contenuti Tumblr pi\u00f9 interessanti per coinvolgere il tuo pubblico e influenzare pi\u00f9 persone<\/b><\/p> <\/div> <div class=\"application-platform-content-item-features application-platform-content-item\" id=\"features\" data-nav-section=\"features\"> <h2>I pi\u00f9 le funzionalit\u00e0 pi\u00f9 popolari dei plugin includono<\/h2> <ul><li>Mostra i tuoi contenuti da Tumblr<\/li><li>Rimuovi qualsiasi spam e contenuto indesiderato applicando la modalit\u00e0 di moderazione manuale. <\/li><li>Imposta il pulsante Segui sulle schede widget. <\/li><li>Lascia che i tuoi post vengano visualizzati in un pop-up. <\/li><\/ul><p><a href=\"#demo\">Prova semplicemente questa demo per avere un&#8217;idea completa<\/a><\/p> <\/div> <div class=\"application-platform-content-item-installation application-platform-content-item\" id=\"installation\" data-nav-section=\"installation\"> <h2>Come incorporare il feed Tumblr nel mio sito WooCommerce? <\/h2> <p>Segui semplicemente i passaggi presentati di seguito per aggiungere il plugin. <\/p> <ol><li><b>Utilizza il nostro configuratore gratuito e inizia a creare il tuo plugin unico. <\/b><br> Trova il design personalizzato e i parametri dello strumento e salva le correzioni. <\/li> <li><b>Copia il codice univoco rivelato nella finestra su Elfsight Apps. <\/b><br> Una volta completata la creazione del tuo plugin personale, copia il codice personale dal popup visualizzato e conservalo per un&#8217;occasione successiva. <\/li> <li><b>Inizia a utilizzare lo strumento sul sito web WooCommerce. <\/b><br> Incorpora il codice che hai copiato in precedenza nel tuo sito web e applica le modifiche. <\/li> <li><b>L&#8217;installazione \u00e8 stata eseguita con successo. <\/b><br> Vai al tuo sito web per osservare il funzionamento del plugin. <\/li><\/ol> <p>Se dovessi affrontare domande o incontrare ostacoli, non esitare a metterti in contatto con il nostro team di supporto. I nostri consulenti saranno lieti di aiutarti con tutti i problemi che potresti riscontrare con il plugin. <\/p> <\/div><div class=\"faq\" data-component=\"FAQ\"><div class=\"faq-item\">\r\n\t\t\t\t\t<div class=\"faq-item-question\">\r\n\t\t\t\t\t\t<h3 class=\"faq-item-question-text\">Esiste un metodo per aggiungere il feed Tumblr al mio sito WooCommerce senza codificare?<\/h3>\r\n\r\n\t\t\t\t\t\t<div class=\"faq-item-question-icon\"><\/div>\r\n\t\t\t\t\t<\/div>\r\n\r\n\t\t\t\t\t<div class=\"faq-item-answer\">\r\n\t\t\t\t\t\t<div class=\"faq-item-answer-text\"><p>La societ\u00e0 Elfsight offre un Soluzione SaaS che ti consente di creare tu stesso una sezione Feed Tumblr, scopri quanto \u00e8 semplice:<\/p><ul><li>Lavora direttamente nell&#8217;editor live per creare un plug-in Feed Tumblr che vorresti vedere sulla home page di WooCommerce.<\/li><li>Fai clic su uno dei nostri modelli predefiniti e regola le impostazioni del feed Tumblr, aggiungi i tuoi contenuti, modifica il layout e i colori senza alcuna codifica.<\/li><li>Salva il feed Tumblr e copia il codice del widget per l&#8217;installazione , che pu\u00f2 essere facilmente incorporato gratuitamente nella home page di WooCommerce.<\/li><\/ul><p>Utilizzando il semplice configuratore, qualsiasi utente di Internet pu\u00f2 creare widget Tumblr Feed e incorporarlo nella propria pagina web WooCommerce. Non dovresti pagare o inviare le credenziali della tua carta per accedere al servizio. Se riscontri problemi in qualsiasi momento, non esitare a contattare la nostra assistenza clienti.<\/p><\/div>\r\n\t\t\t\t\t<\/div>\r\n\t\t\t\t<\/div><\/div>","protected":false},"excerpt":{"rendered":"","protected":false},"author":9,"featured_media":0,"parent":2875,"menu_order":0,"comment_status":"closed","ping_status":"closed","template":"templates\/template-application-platform.php","meta":{"publish_to_discourse":"","publish_post_category":"","wpdc_auto_publish_overridden":"","wpdc_topic_tags":"","wpdc_pin_topic":"","wpdc_pin_until":"","discourse_post_id":"","discourse_permalink":"","wpdc_publishing_response":"","wpdc_publishing_error":"","footnotes":""},"class_list":["post-6341","page","type-page","status-publish","hentry"],"yoast_head":"<!-- This site is optimized with the Yoast SEO plugin v25.3.1 - https:\/\/yoast.com\/wordpress\/plugins\/seo\/ -->\n<title>Aggiungi il plugin Tumblr Feed al sito web WooCommerce (veloce e gratuito)<\/title>\n<meta name=\"description\" content=\"Aggiungi un plug-in reattivo per il feed Tumblr di WooCommerce sulla pagina. Prova la pratica demo di Elfsight e crea il tuo straordinario plugin Tumblr in due minuti\" \/>\n<meta name=\"robots\" content=\"index, follow, max-snippet:-1, max-image-preview:large, max-video-preview:-1\" \/>\n<link rel=\"canonical\" href=\"https:\/\/elfsight.com\/it\/tumblr-feed-widget\/woocommerce\/\" \/>\n<meta property=\"og:locale\" content=\"it_IT\" \/>\n<meta property=\"og:type\" content=\"article\" \/>\n<meta property=\"og:title\" content=\"Aggiungi il plugin Tumblr Feed al sito web WooCommerce (veloce e gratuito)\" \/>\n<meta property=\"og:description\" content=\"Aggiungi un plug-in reattivo per il feed Tumblr di WooCommerce sulla pagina. Prova la pratica demo di Elfsight e crea il tuo straordinario plugin Tumblr in due minuti\" \/>\n<meta property=\"og:url\" content=\"https:\/\/elfsight.com\/it\/tumblr-feed-widget\/woocommerce\/\" \/>\n<meta property=\"og:site_name\" content=\"Elfsight IT\" \/>\n<meta property=\"article:modified_time\" content=\"2024-11-12T07:57:38+00:00\" \/>\n<meta name=\"twitter:card\" content=\"summary_large_image\" \/>\n<meta name=\"twitter:label1\" content=\"Tempo di lettura stimato\" \/>\n\t<meta name=\"twitter:data1\" content=\"2 minuti\" \/>\n<!-- \/ Yoast SEO plugin. -->","yoast_head_json":{"title":"Aggiungi il plugin Tumblr Feed al sito web WooCommerce (veloce e gratuito)","description":"Aggiungi un plug-in reattivo per il feed Tumblr di WooCommerce sulla pagina. Prova la pratica demo di Elfsight e crea il tuo straordinario plugin Tumblr in due minuti","robots":{"index":"index","follow":"follow","max-snippet":"max-snippet:-1","max-image-preview":"max-image-preview:large","max-video-preview":"max-video-preview:-1"},"canonical":"https:\/\/elfsight.com\/it\/tumblr-feed-widget\/woocommerce\/","og_locale":"it_IT","og_type":"article","og_title":"Aggiungi il plugin Tumblr Feed al sito web WooCommerce (veloce e gratuito)","og_description":"Aggiungi un plug-in reattivo per il feed Tumblr di WooCommerce sulla pagina. Prova la pratica demo di Elfsight e crea il tuo straordinario plugin Tumblr in due minuti","og_url":"https:\/\/elfsight.com\/it\/tumblr-feed-widget\/woocommerce\/","og_site_name":"Elfsight IT","article_modified_time":"2024-11-12T07:57:38+00:00","twitter_card":"summary_large_image","twitter_misc":{"Tempo di lettura stimato":"2 minuti"},"schema":{"@context":"https:\/\/schema.org","@graph":[{"@type":"WebPage","@id":"https:\/\/elfsight.com\/it\/tumblr-feed-widget\/woocommerce\/","url":"https:\/\/elfsight.com\/it\/tumblr-feed-widget\/woocommerce\/","name":"Aggiungi il plugin Tumblr Feed al sito web WooCommerce (veloce e gratuito)","isPartOf":{"@id":"https:\/\/elfsight.com\/it\/#website"},"datePublished":"1970-01-01T00:00:00+00:00","dateModified":"2024-11-12T07:57:38+00:00","description":"Aggiungi un plug-in reattivo per il feed Tumblr di WooCommerce sulla pagina. Prova la pratica demo di Elfsight e crea il tuo straordinario plugin Tumblr in due minuti","breadcrumb":{"@id":"https:\/\/elfsight.com\/it\/tumblr-feed-widget\/woocommerce\/#breadcrumb"},"inLanguage":"it-IT","potentialAction":[{"@type":"ReadAction","target":["https:\/\/elfsight.com\/it\/tumblr-feed-widget\/woocommerce\/"]}]},{"@type":"BreadcrumbList","@id":"https:\/\/elfsight.com\/it\/tumblr-feed-widget\/woocommerce\/#breadcrumb","itemListElement":[{"@type":"ListItem","position":1,"name":"Home","item":"https:\/\/elfsight.com\/it\/"},{"@type":"ListItem","position":2,"name":"Tumblr Feed","item":"https:\/\/elfsight.com\/it\/tumblr-feed-widget\/"},{"@type":"ListItem","position":3,"name":"Tumblr Feed &#8211; WooCommerce"}]},{"@type":"WebSite","@id":"https:\/\/elfsight.com\/it\/#website","url":"https:\/\/elfsight.com\/it\/","name":"Elfsight IT","description":"Just another Elfsight Sites site","potentialAction":[{"@type":"SearchAction","target":{"@type":"EntryPoint","urlTemplate":"https:\/\/elfsight.com\/it\/?s={search_term_string}"},"query-input":{"@type":"PropertyValueSpecification","valueRequired":true,"valueName":"search_term_string"}}],"inLanguage":"it-IT"}]}},"meta_box":{"industry":"","seo_heading":"","heading":"","description":"","cta_heading":"","cta_description":"","application":"2874","h1":"Plug-in per feed Tumblr di WooCommerce","h1_caption":"Visualizza i post del tuo blog tumblr sul tuo sito web per mantenere i visitatori aggiornati con i tuoi ultimi contenuti nel tuo sito web WooCommerce senza sforzo.","application_category":[],"applications_title":"","applications_request_title":"","applications_request_button_text":"","hero_text":"","hero_video":"","hero_video_schema_markup":"","selling_points_title":"","selling_points_caption":"","selling_points":[],"selling_points_cta_text":"","features_title":"","features":"","ed_cta_examples_text":"","ed_cta_examples_hidden":"","ed_cta_demo_text":"","ed_cta_demo_hidden":"","why_caption":"","why_editor_title":"","why_editor_text":"","why_team_title":"","why_team_text":"","why_service_title":"","why_service_text":"","template_catalog_visible":"","template_catalog_title":"","template_catalog_text":"","template_catalog_categories_visible":"","demo_title":"Crea la tua app Tumblr Feed","demo_caption":"Configura il tuo feed Tumblr e aggiungilo gratuitamente al tuo sito WooCommerce!","default_faq_hidden":"","app_template_category":[],"platform":"80","template_public_id":"","codecanyon_url":"","codecanyon_item_id":"","codecanyon_price":"","pricing_caption":"","pricing_elfsight_apps_hide_column":"","pricing_elfsight_apps_url":"","pricing_codecanyon_price_caption":"","integration_category":[],"integration_request_title":"","integration_request_cta":"","integration_platform":"","integrations":[],"platform_category":[],"video_schema_markup":"","price":"da $ 0 al mese","trial":"","benefits":[{"text":"Aiuto per l'installazione gratuito"},{"text":"Supporto premium"},{"text":"Garanzia di rimborso di 14 giorni"},{"text":"Sviluppo continuo"}],"button_url":"#demo","button_target_blank":"","button_nofollow":"","attributes":[{"name":"Installazioni"},{"name":"Reattivo","content":"S\u00cc"},{"name":"Browser compatibili","content":"Firefox, Safari, Opera, Chrome, Edge"}],"tags":[],"tags_disable_links":"","hide_more_platforms":"","video_object":"","demo_hide_cta":"","demo_hide_cloud_options":"","pricing_title":"","pricing":[{"pricing_icon":"platform","pricing_title":"Elfsight Apps","pricing_title_caption":"Software indipendente dalla piattaforma","pricing_price":"da $ 0 \/ mese","pricing_price_caption":"inizia con un piano gratuito","pricing_benefits":[{"text":"Domini illimitati"},{"text":"Supporto premium, puntuale e ben documentato"},{"text":"Aiuto gratuito per l'installazione"},{"text":"Completamente personalizzabile"}],"pricing_button_text":"Aggiungi al sito web","pricing_button_url":"#demo"}],"related_apps_title":"","related_apps_hidden":"","author":"","image":[],"title":"","job":"","social_networks":[]},"_links":{"self":[{"href":"https:\/\/elfsight.com\/it\/wp-json\/wp\/v2\/pages\/6341","targetHints":{"allow":["GET"]}}],"collection":[{"href":"https:\/\/elfsight.com\/it\/wp-json\/wp\/v2\/pages"}],"about":[{"href":"https:\/\/elfsight.com\/it\/wp-json\/wp\/v2\/types\/page"}],"author":[{"embeddable":true,"href":"https:\/\/elfsight.com\/it\/wp-json\/wp\/v2\/users\/9"}],"replies":[{"embeddable":true,"href":"https:\/\/elfsight.com\/it\/wp-json\/wp\/v2\/comments?post=6341"}],"version-history":[{"count":1,"href":"https:\/\/elfsight.com\/it\/wp-json\/wp\/v2\/pages\/6341\/revisions"}],"predecessor-version":[{"id":6345,"href":"https:\/\/elfsight.com\/it\/wp-json\/wp\/v2\/pages\/6341\/revisions\/6345"}],"up":[{"embeddable":true,"href":"https:\/\/elfsight.com\/it\/wp-json\/wp\/v2\/pages\/2875"}],"wp:attachment":[{"href":"https:\/\/elfsight.com\/it\/wp-json\/wp\/v2\/media?parent=6341"}],"curies":[{"name":"wp","href":"https:\/\/api.w.org\/{rel}","templated":true}]}}