{"id":6331,"date":"1970-01-01T00:00:00","date_gmt":"1970-01-01T00:00:00","guid":{"rendered":"https:\/\/elfsight.com\/it\/?page_id=6331"},"modified":"2025-03-20T06:08:00","modified_gmt":"2025-03-20T06:08:00","slug":"blogger","status":"publish","type":"page","link":"https:\/\/elfsight.com\/it\/tripadvisor-reviews-widget\/blogger\/","title":{"rendered":"Tripadvisor Reviews &#8211; Blogger"},"content":{"rendered":"\n<div class=\"application-platform-content-item-description application-platform-content-item\" id=\"description\" data-nav-section=\"description\"> <h2>Descrizione<\/h2> <p>Elfsight Tripadvisor Reviews \u00e8 un widget semplice che ti aiuter\u00e0 a integrare nel sito web le recensioni sulla tua attivit\u00e0 da utenti di Tripadvisor. Con questo widget puoi applicare filtri per nascondere le recensioni negative, mostrare le tue valutazioni in stelle e numeri da Tripadvisor, visualizzare dettagli sugli autori e mostrare un pulsante che reindirizzer\u00e0 i visitatori per aggiungere una nuova recensione su Tripadvisor. Le recensioni di Elfsight Tripadvisor ti aiuteranno a dimostrare la tua elevata riprova sociale sul tuo sito e ad aumentare le vendite. <\/p><div class=\"faq\" data-component=\"FAQ\"> <div class=\"faq-item\">\r\n\t\t\t\t\t<div class=\"faq-item-question\">\r\n\t\t\t\t\t\t<h3 class=\"faq-item-question-text\">Dove posso inserire questo plugin nel mio sito web<\/h3>\r\n\r\n\t\t\t\t\t\t<div class=\"faq-item-question-icon\"><\/div>\r\n\t\t\t\t\t<\/div>\r\n\r\n\t\t\t\t\t<div class=\"faq-item-answer\">\r\n\t\t\t\t\t\t<div class=\"faq-item-answer-text\"> <p>Sei libero di incollare il widget in qualsiasi pagina del sito, o inserirlo nel modello del sito web, in questo caso verr\u00e0 rivelato su tutte le pagine. Le recensioni possono essere efficaci sulle pagine dei prodotti o sulla pagina Chi siamo, i luoghi in cui desideri mostrare la tua valutazione elevata. <\/p><\/div>\r\n\t\t\t\t\t<\/div>\r\n\t\t\t\t<\/div> <div class=\"faq-item\">\r\n\t\t\t\t\t<div class=\"faq-item-question\">\r\n\t\t\t\t\t\t<h3 class=\"faq-item-question-text\">Quali vantaggi mi offre? <\/h3>\r\n\r\n\t\t\t\t\t\t<div class=\"faq-item-question-icon\"><\/div>\r\n\t\t\t\t\t<\/div>\r\n\r\n\t\t\t\t\t<div class=\"faq-item-answer\">\r\n\t\t\t\t\t\t<div class=\"faq-item-answer-text\"> <p>Le recensioni condivise da persone reali sono perfettamente credibili per i visitatori del tuo sito web e dimostrano loro che la tua attivit\u00e0 \u00e8 affidabile. Una valutazione elevata e recensioni eccellenti possono aiutarti ad aumentare il livello di acquisti sul tuo sito web. Inoltre, il pulsante attivo pu\u00f2 contribuire ad avere pi\u00f9 recensioni dei clienti sulle tue offerte o servizi su Tripadvisor. <\/p> <\/div>\r\n\t\t\t\t\t<\/div>\r\n\t\t\t\t<\/div> <div class=\"faq-item\">\r\n\t\t\t\t\t<div class=\"faq-item-question\">\r\n\t\t\t\t\t\t<h3 class=\"faq-item-question-text\">Come posso installare il widget Recensioni da Tripadvisor sul mio sito Blogger? <\/h3>\r\n\r\n\t\t\t\t\t\t<div class=\"faq-item-question-icon\"><\/div>\r\n\t\t\t\t\t<\/div>\r\n\r\n\t\t\t\t\t<div class=\"faq-item-answer\">\r\n\t\t\t\t\t\t<div class=\"faq-item-answer-text\"> <p>Ci vorr\u00e0 solo un minuto del tuo tempo per iniziare a utilizzare il widget. Il processo di integrazione \u00e8 estremamente rapido, gratuito e senza codifica. <\/p> <p>Puoi incollare il widget Recensioni nel tuo sito tramite il nostro servizio. Basta applicare la guida qui sotto in questa pagina. <\/p> <\/div>\r\n\t\t\t\t\t<\/div>\r\n\t\t\t\t<\/div> <\/div> <\/div> <div class=\"application-platform-content-item-features application-platform-content-item\" id=\"features\" data-nav-section=\"features\"> <h2>Caratteristiche<\/h2> <p>Per avere un&#8217;idea pi\u00f9 chiara del nostro widget Recensioni, guarda l&#8217;elenco di le sue funzioni essenziali. Rendono il widget incredibilmente efficace per te: <\/p> <ul> <li>Tre filtri predefiniti: per tipo, esclusione per e quantit\u00e0 di recensioni da visualizzare; <\/li> <li>4 layout disponibili: Elenco, Griglia, Muratura e Dispositivo di scorrimento; <\/li> <li>Un&#8217;opportunit\u00e0 per controllare la visualizzazione dell&#8217;intestazione del widget; <\/li> <li>Il pulsante attivo per pubblicare una nuova recensione porta gli utenti alla pagina di Tripadvisor; <\/li> <li>Sei elementi flessibili del widget: nome e immagine dell&#8217;autore, consiglio, data di condivisione, icona di Tripadvisor e valutazione a stelle; <\/li> <li>Due possibili scenari di rifiuto della richiesta di revisione: rivelare un messaggio personalizzato o rimuovere il pulsante. <\/li> <\/ul><p><a href=\"#demo\">Esplora tutte le funzionalit\u00e0 nella demo<\/a><\/p> <\/div> <div class=\"application-platform-content-item-installation application-platform-content-item\" id=\"installation\" data-nav-section=\"installation\"> <h2>Controlla come per inserire le recensioni di Tripadvisor sul tuo sito Blogger. \u00c8 veloce e gratis. <\/h2> <div class=\"video-container\"><iframe width=\"560\" height=\"315\" src=\"https:\/\/www.youtube.com\/embed\/UiZLXM-pxFI?si=cMF6uf0QKTje5mU-\" frameborder=\"0\" allow=\"accelerometer; autoplay; clipboard-write; encrypted-media; gyroscope; picture-in-picture; web-share\" allowfullscreen><\/iframe><\/div><p>Le azioni seguenti sono l&#8217;unica cosa che devi fare per una corretta installazione. <\/p> <ul><li><b>Progetta il tuo widget Tripadvisor unico<\/b><br> Nella nostra demo gratuita, configura un plug-in con aspetto e funzionalit\u00e0 preferibili. <\/li><li><b>Acquisisci il codice personale per configurare il plugin<\/b><br> Dopo aver personalizzato il tuo widget, otterrai il tuo codice personale dalla finestra che appare su Elfsight Apps. Copia questo codice per un utilizzo futuro. <\/li> <li><b>Pubblica il plugin sul tuo sito<\/b><br> Scegli il punto in cui devi rivelare il plugin e inserisci l\u00ec il codice copiato. Pubblica i risultati.<\/li> <li><b>L&#8217;integrazione ha avuto successo! <\/b><br> Visita la tua pagina per controllare il tuo plugin. <\/li> <\/ul><p>Non riesci ancora a prendere una decisione? O avere problemi? Basta una singola richiesta al nostro team di supporto per risolvere ogni problema. <\/p> <\/div>\n","protected":false},"excerpt":{"rendered":"","protected":false},"author":9,"featured_media":0,"parent":1634,"menu_order":0,"comment_status":"closed","ping_status":"closed","template":"templates\/template-application-platform.php","meta":{"publish_to_discourse":"","publish_post_category":"","wpdc_auto_publish_overridden":"","wpdc_topic_tags":"","wpdc_pin_topic":"","wpdc_pin_until":"","discourse_post_id":"","discourse_permalink":"","wpdc_publishing_response":"","wpdc_publishing_error":"","footnotes":""},"class_list":["post-6331","page","type-page","status-publish","hentry"],"yoast_head":"<!-- This site is optimized with the Yoast SEO plugin v25.3.1 - https:\/\/yoast.com\/wordpress\/plugins\/seo\/ -->\n<title>Incorpora il widget Recensioni di Tripadvisor sul tuo sito web Blogger (in 2 minuti)<\/title>\n<meta name=\"description\" content=\"Ecco un&#039;opportunit\u00e0 per creare il widget Recensioni di Tripadvisor e aggiungerlo al tuo sito web Blogger. Goditi il \u200b\u200bservizio clienti gratuito e altri bonus di Elfsight.\" \/>\n<meta name=\"robots\" content=\"index, follow, max-snippet:-1, max-image-preview:large, max-video-preview:-1\" \/>\n<link rel=\"canonical\" href=\"https:\/\/elfsight.com\/it\/tripadvisor-reviews-widget\/blogger\/\" \/>\n<meta property=\"og:locale\" content=\"it_IT\" \/>\n<meta property=\"og:type\" content=\"article\" \/>\n<meta property=\"og:title\" content=\"Incorpora il widget Recensioni di Tripadvisor sul tuo sito web Blogger (in 2 minuti)\" \/>\n<meta property=\"og:description\" content=\"Ecco un&#039;opportunit\u00e0 per creare il widget Recensioni di Tripadvisor e aggiungerlo al tuo sito web Blogger. Goditi il \u200b\u200bservizio clienti gratuito e altri bonus di Elfsight.\" \/>\n<meta property=\"og:url\" content=\"https:\/\/elfsight.com\/it\/tripadvisor-reviews-widget\/blogger\/\" \/>\n<meta property=\"og:site_name\" content=\"Elfsight IT\" \/>\n<meta property=\"article:modified_time\" content=\"2025-03-20T06:08:00+00:00\" \/>\n<meta name=\"twitter:card\" content=\"summary_large_image\" \/>\n<meta name=\"twitter:label1\" content=\"Tempo di lettura stimato\" \/>\n\t<meta name=\"twitter:data1\" content=\"3 minuti\" \/>\n<!-- \/ Yoast SEO plugin. -->","yoast_head_json":{"title":"Incorpora il widget Recensioni di Tripadvisor sul tuo sito web Blogger (in 2 minuti)","description":"Ecco un'opportunit\u00e0 per creare il widget Recensioni di Tripadvisor e aggiungerlo al tuo sito web Blogger. Goditi il \u200b\u200bservizio clienti gratuito e altri bonus di Elfsight.","robots":{"index":"index","follow":"follow","max-snippet":"max-snippet:-1","max-image-preview":"max-image-preview:large","max-video-preview":"max-video-preview:-1"},"canonical":"https:\/\/elfsight.com\/it\/tripadvisor-reviews-widget\/blogger\/","og_locale":"it_IT","og_type":"article","og_title":"Incorpora il widget Recensioni di Tripadvisor sul tuo sito web Blogger (in 2 minuti)","og_description":"Ecco un'opportunit\u00e0 per creare il widget Recensioni di Tripadvisor e aggiungerlo al tuo sito web Blogger. Goditi il \u200b\u200bservizio clienti gratuito e altri bonus di Elfsight.","og_url":"https:\/\/elfsight.com\/it\/tripadvisor-reviews-widget\/blogger\/","og_site_name":"Elfsight IT","article_modified_time":"2025-03-20T06:08:00+00:00","twitter_card":"summary_large_image","twitter_misc":{"Tempo di lettura stimato":"3 minuti"},"schema":{"@context":"https:\/\/schema.org","@graph":[{"@type":"WebPage","@id":"https:\/\/elfsight.com\/it\/tripadvisor-reviews-widget\/blogger\/","url":"https:\/\/elfsight.com\/it\/tripadvisor-reviews-widget\/blogger\/","name":"Incorpora il widget Recensioni di Tripadvisor sul tuo sito web Blogger (in 2 minuti)","isPartOf":{"@id":"https:\/\/elfsight.com\/it\/#website"},"datePublished":"1970-01-01T00:00:00+00:00","dateModified":"2025-03-20T06:08:00+00:00","description":"Ecco un'opportunit\u00e0 per creare il widget Recensioni di Tripadvisor e aggiungerlo al tuo sito web Blogger. Goditi il \u200b\u200bservizio clienti gratuito e altri bonus di Elfsight.","breadcrumb":{"@id":"https:\/\/elfsight.com\/it\/tripadvisor-reviews-widget\/blogger\/#breadcrumb"},"inLanguage":"it-IT","potentialAction":[{"@type":"ReadAction","target":["https:\/\/elfsight.com\/it\/tripadvisor-reviews-widget\/blogger\/"]}]},{"@type":"BreadcrumbList","@id":"https:\/\/elfsight.com\/it\/tripadvisor-reviews-widget\/blogger\/#breadcrumb","itemListElement":[{"@type":"ListItem","position":1,"name":"Home","item":"https:\/\/elfsight.com\/it\/"},{"@type":"ListItem","position":2,"name":"Tripadvisor Reviews","item":"https:\/\/elfsight.com\/it\/tripadvisor-reviews-widget\/"},{"@type":"ListItem","position":3,"name":"Tripadvisor Reviews &#8211; Blogger"}]},{"@type":"WebSite","@id":"https:\/\/elfsight.com\/it\/#website","url":"https:\/\/elfsight.com\/it\/","name":"Elfsight IT","description":"Just another Elfsight Sites site","potentialAction":[{"@type":"SearchAction","target":{"@type":"EntryPoint","urlTemplate":"https:\/\/elfsight.com\/it\/?s={search_term_string}"},"query-input":{"@type":"PropertyValueSpecification","valueRequired":true,"valueName":"search_term_string"}}],"inLanguage":"it-IT"}]}},"meta_box":{"industry":"","seo_heading":"","heading":"","description":"","cta_heading":"","cta_description":"","application":"1633","h1":"Widget delle recensioni di Blogger Tripadvisor","h1_caption":"Mostra le migliori opinioni degli utenti di Tripadvisor sul tuo sito web","application_category":[],"applications_title":"","applications_request_title":"","applications_request_button_text":"","hero_text":"","hero_video":"","hero_video_schema_markup":"","selling_points_title":"","selling_points_caption":"","selling_points":[],"selling_points_cta_text":"","features_title":"","features":"","ed_cta_examples_text":"","ed_cta_examples_hidden":"","ed_cta_demo_text":"","ed_cta_demo_hidden":"","why_caption":"","why_editor_title":"","why_editor_text":"","why_team_title":"","why_team_text":"","why_service_title":"","why_service_text":"","template_catalog_visible":"0","template_catalog_title":"","template_catalog_text":"","template_catalog_categories_visible":"","demo_title":"Crea il tuo widget Recensioni Tripadvisor","demo_caption":"Configura le tue recensioni su Tripadvisor e aggiungile gratuitamente al tuo sito Blogger!","default_faq_hidden":"","app_template_category":[],"platform":"33","template_public_id":"","codecanyon_url":"","codecanyon_item_id":"","codecanyon_price":"","pricing_caption":"","pricing_elfsight_apps_hide_column":"","pricing_elfsight_apps_url":"","pricing_codecanyon_price_caption":"","integration_category":[],"integration_request_title":"","integration_request_cta":"","integration_platform":"","integrations":[],"platform_category":[],"video_schema_markup":"","price":"da $ 0 al mese","trial":"","benefits":[{"text":"Assistenza per l'installazione gratuita"},{"text":"Supporto eccezionale"},{"text":"Garanzia di rimborso di 14 giorni"},{"text":"Aggiornamento costante"}],"button_url":"#demo","button_target_blank":"0","button_nofollow":"0","attributes":[{"name":"Installazioni"},{"name":"Reattivo","content":"S\u00cc"},{"name":"Browser compatibili","content":"Firefox, Safari, Opera, Chrome, Edge"}],"tags":[],"tags_disable_links":"0","hide_more_platforms":"0","video_object":"","demo_hide_cta":"0","demo_hide_cloud_options":"0","pricing_title":"","pricing":[{"pricing_icon":"platform","pricing_title":"Elfsight Apps","pricing_title_caption":"Software multipiattaforma che funziona su qualsiasi sito","pricing_price":"da $ 0 \/ mese","pricing_price_caption":"inizia con un piano gratuito","pricing_benefits":[{"text":"Domini illimitati"},{"text":"Assistenza clienti dedicata e ben documentata"},{"text":"Servizio di installazione gratuito"},{"text":"100% personalizzabile"}],"pricing_button_text":"Aggiungi al sito web","pricing_button_url":"#demo"}],"related_apps_title":"","related_apps_hidden":"0","author":"","image":[],"title":"","job":"","social_networks":[]},"_links":{"self":[{"href":"https:\/\/elfsight.com\/it\/wp-json\/wp\/v2\/pages\/6331","targetHints":{"allow":["GET"]}}],"collection":[{"href":"https:\/\/elfsight.com\/it\/wp-json\/wp\/v2\/pages"}],"about":[{"href":"https:\/\/elfsight.com\/it\/wp-json\/wp\/v2\/types\/page"}],"author":[{"embeddable":true,"href":"https:\/\/elfsight.com\/it\/wp-json\/wp\/v2\/users\/9"}],"replies":[{"embeddable":true,"href":"https:\/\/elfsight.com\/it\/wp-json\/wp\/v2\/comments?post=6331"}],"version-history":[{"count":3,"href":"https:\/\/elfsight.com\/it\/wp-json\/wp\/v2\/pages\/6331\/revisions"}],"predecessor-version":[{"id":9356,"href":"https:\/\/elfsight.com\/it\/wp-json\/wp\/v2\/pages\/6331\/revisions\/9356"}],"up":[{"embeddable":true,"href":"https:\/\/elfsight.com\/it\/wp-json\/wp\/v2\/pages\/1634"}],"wp:attachment":[{"href":"https:\/\/elfsight.com\/it\/wp-json\/wp\/v2\/media?parent=6331"}],"curies":[{"name":"wp","href":"https:\/\/api.w.org\/{rel}","templated":true}]}}